{"id":21033,"date":"2023-12-29T20:29:01","date_gmt":"2023-12-29T12:29:01","guid":{"rendered":"http:\/\/stone-phoenix.com\/product\/white-granite-countertop-worktop-kitchentop"},"modified":"2024-03-27T23:04:51","modified_gmt":"2024-03-27T15:04:51","slug":"white-granite-countertop-worktop-kitchentop","status":"publish","type":"product","link":"https:\/\/stone-phoenix.com\/fr\/produit\/white-granite-countertop-worktop-kitchentop","title":{"rendered":"plan de travail en granit blanc plan de travail cuisine"},"content":{"rendered":"<div id=\"tab-description\" class=\"woocommerce-Tabs-panel woocommerce-Tabs-panel--description panel entry-content wc-tab\" role=\"tabpanel\" aria-labelledby=\"tab-title-description\">\n<div id=\"ali-anchor-AliPostDhMb-fet3j\" class=\"mceSectionContainer\" style=\"padding-top: 8px;\" data-section=\"AliPostDhMb-fet3j\" data-section-title=\"Product Description\">\n<h2>plan de travail en granit blanc plan de travail cuisine calaccata carrara \u00eelot cuisine moderne granit<\/h2>\n<p>Le comptoir en granit blanc fera une d\u00e9claration moderne dans votre maison. Ce granit est d'un blanc tr\u00e8s brillant avec des veines de gris-vert. C'est un magnifique comptoir en granit qui ajoutera une touche d'\u00e9l\u00e9gance \u00e0 toute cuisine, salle de bain ou autre espace. Fabriqu\u00e9 \u00e0 partir de granit de la plus haute qualit\u00e9, cette pierre esth\u00e9tiquement plaisante pr\u00e9sente des veines blanches avec de l\u00e9gers motifs qui ne manqueront pas de donner \u00e0 votre maison un aspect \u00e9l\u00e9gant et styl\u00e9.<\/p>\n<p>Les comptoirs en granit blanc sont une pierre unique qui vous permet de cr\u00e9er une d\u00e9claration audacieuse dans votre cuisine. Avec deux couleurs de roche contrast\u00e9es et un veinage blanc, l'aspect de ce granit est plus que suffisant pour avoir un impact sur votre maison.Nos produits sont l'ajout parfait \u00e0 votre cuisine ou \u00e0 votre salle de bain. Cette pierre durable est \u00e0 la fois belle et fonctionnelle, car elle r\u00e9siste aux taches et ne se d\u00e9colore pas avec le temps. Les veines blanches de ce quartz lui conf\u00e8rent un aspect unique que vous ne trouverez nulle part ailleurs ! Nos produits sont d'un beau ton moyen de gris avec des veines blanches qui les traversent, ce qui leur conf\u00e8re une allure \u00e9l\u00e9gante et chic.<\/p>\n<p>Ce granit robuste r\u00e9siste \u00e0 un usage intensif et convient pour les comptoirs, les tables et bien plus encore. Comme son nom l'indique, sa couleur rappelle les motifs de rayures. Ce granit est l'un des plus populaires et des plus beaux du march\u00e9. Il se pr\u00e9sente dans une nuance constante de blanc chaud, avec parfois une l\u00e9g\u00e8re teinte verd\u00e2tre. Les rayures sont tr\u00e8s marqu\u00e9es et prononc\u00e9es, ce qui le rend tr\u00e8s attrayant.<\/p>\n<div id=\"ali-title-AliPostDhMb-fet3j\" style=\"padding: 8px 0; border-bottom: 1px solid #ddd;\"><span style=\"background-color: #ddd; color: #333; font-weight: bold; padding: 8px 10px; line-height: 12px;\">Description du produit\u00a0<\/span><\/div>\n<div style=\"padding: 10px 0;\"><\/div>\n<div style=\"padding: 10px 0;\">\n<p><img loading=\"lazy\" decoding=\"async\" class=\"alignnone  wp-image-21035\" src=\"http:\/\/stone-phoenix.com\/wp-content\/uploads\/2023\/12\/1703881743.jpg\" width=\"955\" height=\"955\" srcset=\"https:\/\/stone-phoenix.com\/wp-content\/uploads\/2023\/12\/1703881743.jpg 675w, https:\/\/stone-phoenix.com\/wp-content\/uploads\/2023\/12\/1703881743-300x300.jpg 300w, https:\/\/stone-phoenix.com\/wp-content\/uploads\/2023\/12\/1703881743-150x150.jpg 150w, https:\/\/stone-phoenix.com\/wp-content\/uploads\/2023\/12\/1703881743-12x12.jpg 12w, https:\/\/stone-phoenix.com\/wp-content\/uploads\/2023\/12\/1703881743-600x600.jpg 600w\" sizes=\"(max-width: 955px) 100vw, 955px\" \/><br \/>\n<img loading=\"lazy\" decoding=\"async\" class=\"alignnone size-full wp-image-21036\" src=\"http:\/\/stone-phoenix.com\/wp-content\/uploads\/2023\/12\/1703881744.jpg\" width=\"1280\" height=\"960\" srcset=\"https:\/\/stone-phoenix.com\/wp-content\/uploads\/2023\/12\/1703881744.jpg 1280w, https:\/\/stone-phoenix.com\/wp-content\/uploads\/2023\/12\/1703881744-300x225.jpg 300w, https:\/\/stone-phoenix.com\/wp-content\/uploads\/2023\/12\/1703881744-1024x768.jpg 1024w, https:\/\/stone-phoenix.com\/wp-content\/uploads\/2023\/12\/1703881744-768x576.jpg 768w, https:\/\/stone-phoenix.com\/wp-content\/uploads\/2023\/12\/1703881744-16x12.jpg 16w, https:\/\/stone-phoenix.com\/wp-content\/uploads\/2023\/12\/1703881744-600x450.jpg 600w, https:\/\/stone-phoenix.com\/wp-content\/uploads\/2023\/12\/1703881744-150x113.jpg 150w\" sizes=\"(max-width: 1280px) 100vw, 1280px\" \/><br \/>\n<img loading=\"lazy\" decoding=\"async\" class=\"alignnone size-full wp-image-21037\" src=\"http:\/\/stone-phoenix.com\/wp-content\/uploads\/2023\/12\/1703881746.jpeg\" width=\"1280\" height=\"853\" srcset=\"https:\/\/stone-phoenix.com\/wp-content\/uploads\/2023\/12\/1703881746.jpeg 1280w, https:\/\/stone-phoenix.com\/wp-content\/uploads\/2023\/12\/1703881746-300x200.jpeg 300w, https:\/\/stone-phoenix.com\/wp-content\/uploads\/2023\/12\/1703881746-1024x682.jpeg 1024w, https:\/\/stone-phoenix.com\/wp-content\/uploads\/2023\/12\/1703881746-768x512.jpeg 768w, https:\/\/stone-phoenix.com\/wp-content\/uploads\/2023\/12\/1703881746-18x12.jpeg 18w, https:\/\/stone-phoenix.com\/wp-content\/uploads\/2023\/12\/1703881746-600x400.jpeg 600w, https:\/\/stone-phoenix.com\/wp-content\/uploads\/2023\/12\/1703881746-150x100.jpeg 150w\" sizes=\"(max-width: 1280px) 100vw, 1280px\" \/><br \/>\n<img loading=\"lazy\" decoding=\"async\" class=\"alignnone size-full wp-image-21038\" src=\"http:\/\/stone-phoenix.com\/wp-content\/uploads\/2023\/12\/1703881747.jpg\" width=\"1280\" height=\"870\" srcset=\"https:\/\/stone-phoenix.com\/wp-content\/uploads\/2023\/12\/1703881747.jpg 1280w, https:\/\/stone-phoenix.com\/wp-content\/uploads\/2023\/12\/1703881747-300x204.jpg 300w, https:\/\/stone-phoenix.com\/wp-content\/uploads\/2023\/12\/1703881747-1024x696.jpg 1024w, https:\/\/stone-phoenix.com\/wp-content\/uploads\/2023\/12\/1703881747-768x522.jpg 768w, https:\/\/stone-phoenix.com\/wp-content\/uploads\/2023\/12\/1703881747-18x12.jpg 18w, https:\/\/stone-phoenix.com\/wp-content\/uploads\/2023\/12\/1703881747-600x408.jpg 600w, https:\/\/stone-phoenix.com\/wp-content\/uploads\/2023\/12\/1703881747-150x102.jpg 150w\" sizes=\"(max-width: 1280px) 100vw, 1280px\" \/><\/p>\n<p><img loading=\"lazy\" decoding=\"async\" class=\"alignnone size-full wp-image-26677\" src=\"http:\/\/stone-phoenix.com\/wp-content\/uploads\/2023\/12\/white-granite-countertop-worktop-kitchentop-6.jpg\" alt=\"\" width=\"1042\" height=\"829\" srcset=\"https:\/\/stone-phoenix.com\/wp-content\/uploads\/2023\/12\/white-granite-countertop-worktop-kitchentop-6.jpg 1042w, https:\/\/stone-phoenix.com\/wp-content\/uploads\/2023\/12\/white-granite-countertop-worktop-kitchentop-6-300x239.jpg 300w, https:\/\/stone-phoenix.com\/wp-content\/uploads\/2023\/12\/white-granite-countertop-worktop-kitchentop-6-1024x815.jpg 1024w, https:\/\/stone-phoenix.com\/wp-content\/uploads\/2023\/12\/white-granite-countertop-worktop-kitchentop-6-768x611.jpg 768w, https:\/\/stone-phoenix.com\/wp-content\/uploads\/2023\/12\/white-granite-countertop-worktop-kitchentop-6-15x12.jpg 15w, https:\/\/stone-phoenix.com\/wp-content\/uploads\/2023\/12\/white-granite-countertop-worktop-kitchentop-6-600x477.jpg 600w, https:\/\/stone-phoenix.com\/wp-content\/uploads\/2023\/12\/white-granite-countertop-worktop-kitchentop-6-150x119.jpg 150w\" sizes=\"(max-width: 1042px) 100vw, 1042px\" \/><\/p>\n<table class=\"aliDataTable\" style=\"color: #000000; font-family: Arial; font-size: 12px; font-style: normal; font-weight: 400; background-color: #ffffff; width: 45.4821%; height: 226px; border: 1px solid #b3b3b3;\">\n<tbody>\n<tr style=\"height: 28px;\">\n<td style=\"border: 1px solid #707070; width: 156px; height: 28px;\"><strong><span style=\"font-family: arial, helvetica, sans-serif; font-size: 14px;\">Nom du produit :<\/span><\/strong><\/td>\n<td style=\"border: 1px solid #707070; width: 557px; height: 28px;\"><a>comptoir en marbre<\/a><\/td>\n<\/tr>\n<tr style=\"height: 21px;\">\n<td style=\"border: 1px solid #707070; width: 156px; height: 21px;\"><strong><span style=\"font-family: arial, helvetica, sans-serif; font-size: 14px;\">Mat\u00e9riau :<\/span><\/strong><\/td>\n<td style=\"border: 1px solid #707070; width: 557px; height: 21px;\"><span style=\"font-size: 14px;\">marbre<\/span><\/td>\n<\/tr>\n<tr style=\"height: 21px;\">\n<td style=\"border: 1px solid #707070; width: 156px; height: 21px;\"><strong><span style=\"font-family: arial, helvetica, sans-serif; font-size: 14px;\">Couleur :<\/span><\/strong><\/td>\n<td style=\"border: 1px solid #707070; width: 557px; height: 21px;\"><span style=\"font-family: arial, helvetica, sans-serif; font-size: 14px;\">Blanc, noir, jaune, rouge, rose, gris, brun, bleu, vert, etc.<\/span><\/td>\n<\/tr>\n<tr style=\"height: 63px;\">\n<td style=\"border: 1px solid #707070; width: 156px; height: 147px;\" rowspan=\"3\"><strong><span style=\"font-family: arial, helvetica, sans-serif; font-size: 14px;\">Taille :<\/span><\/strong><\/td>\n<td style=\"border: 1px solid #707070; width: 557px; height: 63px;\"><span style=\"text-decoration: underline;\"><span style=\"font-size: 14px;\">Carreaux disponibles <\/span><\/span><br \/>\n<span style=\"font-size: 14px;\">12\u2019x12\u2033,24\u2019x24\u2033,12\u2019x24\u2033,etc <\/span><span style=\"font-size: 14px;\">300x300mm,300x600mm,400x400mm,600x600mm,etc<\/span><\/td>\n<\/tr>\n<tr style=\"height: 63px;\">\n<td style=\"border: 1px solid #707070; width: 557px; height: 63px;\"><span style=\"text-decoration: underline;\"><span style=\"font-size: 14px;\">Dalles disponibles <\/span><\/span><\/p>\n<p><span style=\"font-size: 14px;\">180cmUpx60UP,180cmUpx65cmUP,180cmUpx70cmUP,etc<\/span><br \/>\n<span style=\"font-size: 14px;\">240cmUpx120cmUP,etc<\/span><\/td>\n<\/tr>\n<tr style=\"height: 21px;\">\n<td style=\"border: 1px solid #707070; width: 557px; height: 21px;\"><span style=\"font-family: arial, helvetica, sans-serif; font-size: 14px;\">Des sp\u00e9cifications personnalis\u00e9es sont disponibles<\/span><\/td>\n<\/tr>\n<tr style=\"height: 21px;\">\n<td style=\"border: 1px solid #707070; width: 156px; height: 21px;\"><strong><span style=\"font-family: arial, helvetica, sans-serif; font-size: 14px;\">Tol\u00e9rance d'\u00e9paisseur :<\/span><\/strong><\/td>\n<td style=\"border: 1px solid #707070; width: 557px; height: 21px;\"><span style=\"font-family: arial, helvetica, sans-serif; font-size: 14px;\">\u00b10,05mm, \u00b11mm, \u00b11,5mm, \u00b12mm, selon les exigences de qualit\u00e9 du client<\/span><\/td>\n<\/tr>\n<tr style=\"height: 43px;\">\n<td style=\"border: 1px solid #707070; width: 156px; height: 43px;\"><strong><span style=\"font-family: arial, helvetica, sans-serif; font-size: 14px;\">Surface :<\/span><\/strong><\/td>\n<td style=\"border: 1px solid #707070; width: 557px; height: 43px;\"><span style=\"font-family: arial, helvetica, sans-serif; font-size: 14px;\">Poli, adouci, flamm\u00e9, sabl\u00e9, bouchard\u00e9<span style=\"font-size: 14px;\">ed, antique,<\/span>fendu naturel, flamm\u00e9 et bross\u00e9,<\/span><span style=\"font-size: 14px;\">etc.<\/span><\/td>\n<\/tr>\n<tr style=\"height: 21px;\">\n<td style=\"border: 1px solid #707070; width: 156px; height: 21px;\"><strong><span style=\"font-family: arial, helvetica, sans-serif; font-size: 14px;\">Emballage :<\/span><\/strong><\/td>\n<td style=\"border: 1px solid #707070; width: 557px; height: 21px;\"><span style=\"font-size: 14px;\">Palettes en bois en \u00e9tat de navigabilit\u00e9, fardeaux en bois et caisses en bois<\/span><\/td>\n<\/tr>\n<tr style=\"height: 21px;\">\n<td style=\"border: 1px solid #707070; width: 156px; height: 21px;\"><strong><span style=\"font-family: arial, helvetica, sans-serif; font-size: 14px;\">Application :<\/span><\/strong><\/td>\n<td style=\"border: 1px solid #707070; width: 557px; height: 21px;\"><span style=\"font-family: arial, helvetica, sans-serif; font-size: 14px;\">Sol, mur, motif, comptoir, d\u00e9coration int\u00e9rieure et ext\u00e9rieure<\/span><\/td>\n<\/tr>\n<tr style=\"height: auto;\">\n<td style=\"border: 1px solid #707070; width: 156px; height: auto;\"><strong><span style=\"font-family: arial, helvetica, sans-serif; font-size: 14px;\">D\u00e9lai de livraison :<\/span><\/strong><\/td>\n<td style=\"border: 1px solid #707070; width: 557px; height: auto;\"><span style=\"font-size: 14px;\">15-20 jours pour l'enregistrement<\/span><span style=\"font-family: arial, helvetica, sans-serif; font-size: 14px;\">tailles lar<\/span><\/td>\n<\/tr>\n<tr style=\"height: 21px;\">\n<td style=\"border: 1px solid #707070; width: 156px; height: 21px;\"><strong><span style=\"font-family: arial, helvetica, sans-serif; font-size: 14px;\">Certificat :<\/span><\/strong><\/td>\n<td style=\"border: 1px solid #707070; width: 557px; height: 21px;\"><span style=\"font-family: arial, helvetica, sans-serif; font-size: 14px;\">CE, SGS<\/span><\/td>\n<\/tr>\n<tr style=\"height: 21px;\">\n<td style=\"border: 1px solid #707070; width: 156px; height: 21px;\"><strong><span style=\"font-family: arial, helvetica, sans-serif; font-size: 14px;\">Conditions de paiement :<\/span><\/strong><\/td>\n<td style=\"border: 1px solid #707070; width: 557px; height: 21px;\"><span style=\"font-size: 14px;\">T\/T, L\/C, D<span style=\"color: #000000; font-family: Verdana, Arial, Helvetica, sans-serif; font-size: 14px; font-style: normal; font-weight: 400; background-color: #ffffff; float: none;\">\/<\/span>P<\/span><\/td>\n<\/tr>\n<tr style=\"height: 63px;\">\n<td style=\"border: 1px solid #707070; width: 156px; height: 63px;\"><strong><span style=\"font-family: arial, helvetica, sans-serif; font-size: 14px;\">Avantage :<\/span><\/strong><\/td>\n<td style=\"border: 1px solid #707070; width: 557px; height: 63px;\"><span style=\"font-family: arial, helvetica, sans-serif; font-size: 14px;\">1) Service unique pour la pierre ;<\/span><\/p>\n<p><span style=\"font-family: arial, helvetica, sans-serif; font-size: 14px;\">2) poss\u00e8dent 3 carri\u00e8res et 9 usines ;<\/span><\/p>\n<p><span style=\"font-family: arial, helvetica, sans-serif; font-size: 14px;\">3) Des supports technologiques de pointe.<\/span><\/td>\n<\/tr>\n<tr style=\"height: 63px;\">\n<td style=\"border: 1px solid #707070; width: 156px; height: 63px;\"><strong><span style=\"font-family: arial, helvetica, sans-serif; font-size: 14px;\">Assurance de la qualit\u00e9 et de la livraison :\u00a0<\/span><\/strong><\/td>\n<td style=\"border: 1px solid #707070; width: 557px; height: 63px;\"><span style=\"font-size: 14px;\">Tout au long du processus de production, du choix des mat\u00e9riaux \u00e0 l'emballage en passant par la fabrication, notre service de contr\u00f4le de la qualit\u00e9 contr\u00f4le rigoureusement chaque pi\u00e8ce et chaque processus afin de garantir le respect des normes de qualit\u00e9 et le respect des d\u00e9lais de livraison.<\/span><\/td>\n<\/tr>\n<\/tbody>\n<\/table>\n<\/div>\n<\/div>\n<\/div>","protected":false},"excerpt":{"rendered":"<p>white granite countertop worktop kitchentop calaccata carrara island modern kitchen granite White Granite Countertop will make a modern statement in<\/p>","protected":false},"featured_media":26671,"template":"","meta":[],"product_cat":[112],"product_tag":[],"_links":{"self":[{"href":"https:\/\/stone-phoenix.com\/fr\/wp-json\/wp\/v2\/product\/21033"}],"collection":[{"href":"https:\/\/stone-phoenix.com\/fr\/wp-json\/wp\/v2\/product"}],"about":[{"href":"https:\/\/stone-phoenix.com\/fr\/wp-json\/wp\/v2\/types\/product"}],"wp:featuredmedia":[{"embeddable":true,"href":"https:\/\/stone-phoenix.com\/fr\/wp-json\/wp\/v2\/media\/26671"}],"wp:attachment":[{"href":"https:\/\/stone-phoenix.com\/fr\/wp-json\/wp\/v2\/media?parent=21033"}],"wp:term":[{"taxonomy":"product_cat","embeddable":true,"href":"https:\/\/stone-phoenix.com\/fr\/wp-json\/wp\/v2\/product_cat?post=21033"},{"taxonomy":"product_tag","embeddable":true,"href":"https:\/\/stone-phoenix.com\/fr\/wp-json\/wp\/v2\/product_tag?post=21033"}],"curies":[{"name":"wp","href":"https:\/\/api.w.org\/{rel}","templated":true}]}}