{"id":21042,"date":"2023-12-29T20:29:17","date_gmt":"2023-12-29T12:29:17","guid":{"rendered":"http:\/\/stone-phoenix.com\/product\/rosa-beta-granite-porino-granite-rosa-porno-china"},"modified":"2024-03-27T22:54:57","modified_gmt":"2024-03-27T14:54:57","slug":"rosa-beta-granite-porino-granite-rosa-porno-china","status":"publish","type":"product","link":"https:\/\/stone-phoenix.com\/fr\/produit\/rosa-beta-granite-porino-granite-rosa-porno-china","title":{"rendered":"rosa beta granite porino granite rosa porno china"},"content":{"rendered":"<div id=\"tab-description\" class=\"woocommerce-Tabs-panel woocommerce-Tabs-panel--description panel entry-content wc-tab\" role=\"tabpanel\" aria-labelledby=\"tab-title-description\">\n<h2>rosa beta granite Porino granite rosa porno china porno granite<\/h2>\n<p>Le granit rosa beta pr\u00e9sente une combinaison unique de couleurs rose et cr\u00e8me. Cette pierre a de nombreuses utilisations dans la d\u00e9coration int\u00e9rieure, comme les espaces ext\u00e9rieurs, les carrelages, les rev\u00eatements de sol et les plans de travail. Il s'agit d'une pierre lisse et tr\u00e8s durable qui peut \u00eatre utilis\u00e9e dans n'importe quel espace, \u00e0 l'int\u00e9rieur comme \u00e0 l'ext\u00e9rieur. Ce qui rend ce granit unique, ce sont les riches tons de marron, contrast\u00e9s par les bords blancs nets qui donnent \u00e0 cette pierre son nom, \"Rosa Beta\". Les comptoirs en granit ne sont pas seulement synonymes de couleurs et de motifs magnifiques, mais aussi de durabilit\u00e9.<\/p>\n<p>La r\u00e9sistance et la durabilit\u00e9 du granit rose beta en font un excellent choix pour les plans de travail et les accents dans votre cuisine ou votre salle de bain. Rosa Beta offre une apparence attrayante, opulente et tr\u00e8s \u00e9l\u00e9gante. Le produit a une couleur rose chaude avec des tons rouges plus profonds qui sont associ\u00e9s \u00e0 des veines grises, des stries et des mouchetures. Cette pierre naturelle peut \u00eatre utilis\u00e9e dans de nombreuses cuisines r\u00e9sidentielles, salles de bains et piscines.<\/p>\n<p>Ce granit est \u00e0 la fois solide et durable, ce qui le rend parfait pour les comptoirs, les sols et bien plus encore. Rosa Beta est disponible dans de nombreuses couleurs, textures et finitions diff\u00e9rentes. Les dalles de granit Rosa Beta conviennent \u00e0 diverses applications int\u00e9rieures telles que les \u00eelots de cuisine, les dessus de table et les banquettes. Il s'agit d'un magnifique granit gris ardoise avec des cristaux de quartz blanc qui ressortent sur la langue. Avec un m\u00e9lange de tons chauds gris et beige, ce granit populaire est fortement recommand\u00e9 par les propri\u00e9taires qui veulent un look classique dans leur cuisine.<\/p>\n<p>Rosa Beta est un type de granit unique avec un bel \u00e9quilibre entre le rose et le blanc, ce qui en fait un bon choix pour les propri\u00e9taires qui veulent quelque chose de diff\u00e9rent mais pas trop excentrique. Cette pierre \u00e9tant tr\u00e8s color\u00e9e, sa surface peut \u00eatre polie pour la rendre brillante et r\u00e9fl\u00e9chissante.<\/p>\n<div id=\"ali-anchor-AliPostDhMb-6q8vw\" style=\"padding-top: 8px;\" data-section=\"AliPostDhMb-6q8vw\" data-section-title=\"Product Description\">\n<div id=\"ali-title-AliPostDhMb-6q8vw\" style=\"padding: 8px 0; border-bottom: 1px solid #ddd;\"><span style=\"background-color: #ddd; color: #333; font-weight: bold; padding: 8px 10px; line-height: 12px;\">Description du produit<\/span><\/div>\n<div style=\"padding: 10px 0;\">\n<table class=\"aliDataTable\" style=\"color: #000000; font-family: Arial; font-size: 12px; font-style: normal; font-weight: 400; background-color: #ffffff; width: 698px; height: 226px; border: 1px solid #b3b3b3;\">\n<tbody>\n<tr>\n<td style=\"border: 1px solid #707070; width: 159.663px;\"><strong><span style=\"font-family: arial, helvetica, sans-serif; font-size: 14px;\">Nom du produit :<\/span><\/strong><\/td>\n<td style=\"border: 1px solid #707070; width: 553.337px;\">Porino granite rosa porno china porno granite<\/td>\n<\/tr>\n<tr>\n<td style=\"border: 1px solid #707070; width: 159.663px;\"><strong><span style=\"font-family: arial, helvetica, sans-serif; font-size: 14px;\">Mat\u00e9riau :<\/span><\/strong><\/td>\n<td style=\"border: 1px solid #707070; width: 553.337px;\">Nouveau G664 Granit<\/td>\n<\/tr>\n<tr>\n<td style=\"border: 1px solid #707070; width: 159.663px;\"><strong><span style=\"font-family: arial, helvetica, sans-serif; font-size: 14px;\">Couleur :<\/span><\/strong><\/td>\n<td style=\"border: 1px solid #707070; width: 553.337px;\"><span style=\"font-family: arial, helvetica, sans-serif;\"><span style=\"font-size: 14px;\">Rouge<\/span><\/span><\/td>\n<\/tr>\n<tr>\n<td style=\"border: 1px solid #707070; width: 159.663px;\" rowspan=\"3\"><strong><span style=\"font-family: arial, helvetica, sans-serif; font-size: 14px;\">Taille :<\/span><\/strong><\/td>\n<td style=\"border: 1px solid #707070; width: 553.337px;\"><span style=\"text-decoration: underline;\"><span style=\"font-size: 14px;\">Carreaux disponibles <\/span><\/span><br \/>\n<span style=\"font-size: 14px;\">12\u2019x12\u2033,24\u2019x24\u2033,12\u2019x24\u2033,etc <\/span><span style=\"font-size: 14px;\">300x300mm,300x600mm,400x400mm,600x600mm,etc<\/span><\/td>\n<\/tr>\n<tr>\n<td style=\"border: 1px solid #707070; width: 553.337px;\"><span style=\"text-decoration: underline;\"><span style=\"font-size: 14px;\">Dalles disponibles <\/span><\/span><\/p>\n<p><span style=\"font-size: 14px;\">180cmUpx60UP,180cmUpx65cmUP,180cmUpx70cmUP,etc<\/span><br \/>\n<span style=\"font-size: 14px;\">240cmUpx120cmUP,etc<\/span><\/td>\n<\/tr>\n<tr>\n<td style=\"border: 1px solid #707070; width: 553.337px;\"><span style=\"font-family: arial, helvetica, sans-serif; font-size: 14px;\">Des sp\u00e9cifications personnalis\u00e9es sont disponibles<\/span><\/td>\n<\/tr>\n<tr>\n<td style=\"border: 1px solid #707070; width: 159.663px;\"><strong><span style=\"font-family: arial, helvetica, sans-serif; font-size: 14px;\">Tol\u00e9rance d'\u00e9paisseur :<\/span><\/strong><\/td>\n<td style=\"border: 1px solid #707070; width: 553.337px;\"><span style=\"font-family: arial, helvetica, sans-serif; font-size: 14px;\">\u00b10,05mm, \u00b11mm, \u00b11,5mm, \u00b12mm, selon les exigences de qualit\u00e9 du client<\/span><\/td>\n<\/tr>\n<tr>\n<td style=\"border: 1px solid #707070; width: 159.663px;\"><strong><span style=\"font-family: arial, helvetica, sans-serif; font-size: 14px;\">Surface :<\/span><\/strong><\/td>\n<td style=\"border: 1px solid #707070; width: 553.337px;\"><span style=\"font-family: arial, helvetica, sans-serif; font-size: 14px;\">P<\/span><span style=\"font-size: 14px;\">ol\u00e9, adouci, flamm\u00e9, sabl\u00e9, bouchard\u00e9, fendu naturel, flamm\u00e9 et bross\u00e9, etc.<\/span><\/td>\n<\/tr>\n<tr>\n<td style=\"border: 1px solid #707070; width: 159.663px;\"><strong><span style=\"font-family: arial, helvetica, sans-serif; font-size: 14px;\">Emballage :<\/span><\/strong><\/td>\n<td style=\"border: 1px solid #707070; width: 553.337px;\"><span style=\"font-size: 14px;\">Palettes en bois en \u00e9tat de navigabilit\u00e9, fardeaux en bois et caisses en bois<\/span><\/td>\n<\/tr>\n<tr>\n<td style=\"border: 1px solid #707070; width: 159.663px;\"><strong><span style=\"font-family: arial, helvetica, sans-serif; font-size: 14px;\">Application :<\/span><\/strong><\/td>\n<td style=\"border: 1px solid #707070; width: 553.337px;\"><span style=\"font-family: arial, helvetica, sans-serif; font-size: 14px;\">Sol, mur, motif, comptoir, d\u00e9coration int\u00e9rieure et ext\u00e9rieure<\/span><\/td>\n<\/tr>\n<tr>\n<td style=\"border: 1px solid #707070; width: 159.663px;\"><strong><span style=\"font-family: arial, helvetica, sans-serif; font-size: 14px;\">D\u00e9lai de livraison :<\/span><\/strong><\/td>\n<td style=\"border: 1px solid #707070; width: 553.337px;\"><span style=\"font-size: 14px;\">15-20 jours pour l'enregistrement<\/span><span style=\"font-family: arial, helvetica, sans-serif; font-size: 14px;\">tailles lar<\/span><\/td>\n<\/tr>\n<tr>\n<td style=\"border: 1px solid #707070; width: 159.663px;\"><strong><span style=\"font-family: arial, helvetica, sans-serif; font-size: 14px;\">Certificat :<\/span><\/strong><\/td>\n<td style=\"border: 1px solid #707070; width: 553.337px;\"><span style=\"font-family: arial, helvetica, sans-serif; font-size: 14px;\">CE, SGS<\/span><\/td>\n<\/tr>\n<tr>\n<td style=\"border: 1px solid #707070; width: 159.663px;\"><strong><span style=\"font-family: arial, helvetica, sans-serif; font-size: 14px;\">Conditions de paiement :<\/span><\/strong><\/td>\n<td style=\"border: 1px solid #707070; width: 553.337px;\"><span style=\"font-size: 14px;\">T\/T, L\/C, D<span style=\"color: #000000; font-family: Verdana, Arial, Helvetica, sans-serif; font-size: 14px; font-style: normal; font-weight: 400; background-color: #ffffff; float: none;\">\/<\/span>P<\/span><\/td>\n<\/tr>\n<tr>\n<td style=\"border: 1px solid #707070; width: 159.663px;\"><strong><span style=\"font-family: arial, helvetica, sans-serif; font-size: 14px;\">Avantage :<\/span><\/strong><\/td>\n<td style=\"border: 1px solid #707070; width: 553.337px;\"><span style=\"font-family: arial, helvetica, sans-serif; font-size: 14px;\">1) Service unique pour la pierre ;<\/span><\/p>\n<p><span style=\"font-family: arial, helvetica, sans-serif; font-size: 14px;\">2) poss\u00e8dent 3 carri\u00e8res et 9 usines ;<\/span><\/p>\n<p><span style=\"font-family: arial, helvetica, sans-serif; font-size: 14px;\">3) Des supports technologiques de pointe.<\/span><\/td>\n<\/tr>\n<tr>\n<td style=\"border: 1px solid #707070; width: 159.663px;\"><strong><span style=\"font-family: arial, helvetica, sans-serif; font-size: 14px;\">Assurance de la qualit\u00e9 et de la livraison :\u00a0<\/span><\/strong><\/td>\n<td style=\"border: 1px solid #707070; width: 553.337px;\"><span style=\"font-size: 14px;\">Tout au long du processus de production, du choix des mat\u00e9riaux \u00e0 l'emballage en passant par la fabrication, notre service de contr\u00f4le de la qualit\u00e9 contr\u00f4le rigoureusement chaque pi\u00e8ce et chaque processus afin de garantir le respect des normes de qualit\u00e9 et le respect des d\u00e9lais de livraison.<\/span><\/td>\n<\/tr>\n<\/tbody>\n<\/table>\n<\/div>\n<div style=\"padding: 10px 0px; text-align: center;\">\n<p><img loading=\"lazy\" decoding=\"async\" class=\"alignnone  wp-image-26667\" src=\"http:\/\/stone-phoenix.com\/wp-content\/uploads\/2023\/12\/rosa-beta-granite-porino-granite-rosa-porno-china-7.jpg\" alt=\"\" width=\"948\" height=\"1305\" srcset=\"https:\/\/stone-phoenix.com\/wp-content\/uploads\/2023\/12\/rosa-beta-granite-porino-granite-rosa-porno-china-7.jpg 814w, https:\/\/stone-phoenix.com\/wp-content\/uploads\/2023\/12\/rosa-beta-granite-porino-granite-rosa-porno-china-7-218x300.jpg 218w, https:\/\/stone-phoenix.com\/wp-content\/uploads\/2023\/12\/rosa-beta-granite-porino-granite-rosa-porno-china-7-744x1024.jpg 744w, https:\/\/stone-phoenix.com\/wp-content\/uploads\/2023\/12\/rosa-beta-granite-porino-granite-rosa-porno-china-7-768x1057.jpg 768w, https:\/\/stone-phoenix.com\/wp-content\/uploads\/2023\/12\/rosa-beta-granite-porino-granite-rosa-porno-china-7-9x12.jpg 9w, https:\/\/stone-phoenix.com\/wp-content\/uploads\/2023\/12\/rosa-beta-granite-porino-granite-rosa-porno-china-7-600x826.jpg 600w, https:\/\/stone-phoenix.com\/wp-content\/uploads\/2023\/12\/rosa-beta-granite-porino-granite-rosa-porno-china-7-150x206.jpg 150w\" sizes=\"(max-width: 948px) 100vw, 948px\" \/><img loading=\"lazy\" decoding=\"async\" class=\"alignnone size-full wp-image-26668\" src=\"http:\/\/stone-phoenix.com\/wp-content\/uploads\/2023\/12\/rosa-beta-granite-porino-granite-rosa-porno-china-6.jpg\" alt=\"\" width=\"1122\" height=\"1110\" srcset=\"https:\/\/stone-phoenix.com\/wp-content\/uploads\/2023\/12\/rosa-beta-granite-porino-granite-rosa-porno-china-6.jpg 1122w, https:\/\/stone-phoenix.com\/wp-content\/uploads\/2023\/12\/rosa-beta-granite-porino-granite-rosa-porno-china-6-300x297.jpg 300w, https:\/\/stone-phoenix.com\/wp-content\/uploads\/2023\/12\/rosa-beta-granite-porino-granite-rosa-porno-china-6-1024x1013.jpg 1024w, https:\/\/stone-phoenix.com\/wp-content\/uploads\/2023\/12\/rosa-beta-granite-porino-granite-rosa-porno-china-6-768x760.jpg 768w, https:\/\/stone-phoenix.com\/wp-content\/uploads\/2023\/12\/rosa-beta-granite-porino-granite-rosa-porno-china-6-12x12.jpg 12w, https:\/\/stone-phoenix.com\/wp-content\/uploads\/2023\/12\/rosa-beta-granite-porino-granite-rosa-porno-china-6-600x594.jpg 600w, https:\/\/stone-phoenix.com\/wp-content\/uploads\/2023\/12\/rosa-beta-granite-porino-granite-rosa-porno-china-6-150x148.jpg 150w\" sizes=\"(max-width: 1122px) 100vw, 1122px\" \/><img loading=\"lazy\" decoding=\"async\" class=\"alignnone size-full wp-image-26669\" src=\"http:\/\/stone-phoenix.com\/wp-content\/uploads\/2023\/12\/rosa-beta-granite-porino-granite-rosa-porno-china-8.jpg\" alt=\"\" width=\"994\" height=\"886\" srcset=\"https:\/\/stone-phoenix.com\/wp-content\/uploads\/2023\/12\/rosa-beta-granite-porino-granite-rosa-porno-china-8.jpg 994w, https:\/\/stone-phoenix.com\/wp-content\/uploads\/2023\/12\/rosa-beta-granite-porino-granite-rosa-porno-china-8-300x267.jpg 300w, https:\/\/stone-phoenix.com\/wp-content\/uploads\/2023\/12\/rosa-beta-granite-porino-granite-rosa-porno-china-8-768x685.jpg 768w, https:\/\/stone-phoenix.com\/wp-content\/uploads\/2023\/12\/rosa-beta-granite-porino-granite-rosa-porno-china-8-13x12.jpg 13w, https:\/\/stone-phoenix.com\/wp-content\/uploads\/2023\/12\/rosa-beta-granite-porino-granite-rosa-porno-china-8-600x535.jpg 600w, https:\/\/stone-phoenix.com\/wp-content\/uploads\/2023\/12\/rosa-beta-granite-porino-granite-rosa-porno-china-8-150x134.jpg 150w\" sizes=\"(max-width: 994px) 100vw, 994px\" \/><img loading=\"lazy\" decoding=\"async\" class=\"alignnone  wp-image-26670\" src=\"http:\/\/stone-phoenix.com\/wp-content\/uploads\/2023\/12\/rosa-beta-granite-porino-granite-rosa-porno-china-9.jpg\" alt=\"\" width=\"950\" height=\"1173\" srcset=\"https:\/\/stone-phoenix.com\/wp-content\/uploads\/2023\/12\/rosa-beta-granite-porino-granite-rosa-porno-china-9.jpg 889w, https:\/\/stone-phoenix.com\/wp-content\/uploads\/2023\/12\/rosa-beta-granite-porino-granite-rosa-porno-china-9-243x300.jpg 243w, https:\/\/stone-phoenix.com\/wp-content\/uploads\/2023\/12\/rosa-beta-granite-porino-granite-rosa-porno-china-9-829x1024.jpg 829w, https:\/\/stone-phoenix.com\/wp-content\/uploads\/2023\/12\/rosa-beta-granite-porino-granite-rosa-porno-china-9-768x949.jpg 768w, https:\/\/stone-phoenix.com\/wp-content\/uploads\/2023\/12\/rosa-beta-granite-porino-granite-rosa-porno-china-9-10x12.jpg 10w, https:\/\/stone-phoenix.com\/wp-content\/uploads\/2023\/12\/rosa-beta-granite-porino-granite-rosa-porno-china-9-600x741.jpg 600w, https:\/\/stone-phoenix.com\/wp-content\/uploads\/2023\/12\/rosa-beta-granite-porino-granite-rosa-porno-china-9-150x185.jpg 150w\" sizes=\"(max-width: 950px) 100vw, 950px\" \/><\/div>\n<\/div>\n<\/div>","protected":false},"excerpt":{"rendered":"<p>rosa beta granite Porino granite rosa porno china porno granite rosa beta granite, which has a unique combination of pink<\/p>","protected":false},"featured_media":26661,"template":"","meta":[],"product_cat":[112],"product_tag":[],"_links":{"self":[{"href":"https:\/\/stone-phoenix.com\/fr\/wp-json\/wp\/v2\/product\/21042"}],"collection":[{"href":"https:\/\/stone-phoenix.com\/fr\/wp-json\/wp\/v2\/product"}],"about":[{"href":"https:\/\/stone-phoenix.com\/fr\/wp-json\/wp\/v2\/types\/product"}],"wp:featuredmedia":[{"embeddable":true,"href":"https:\/\/stone-phoenix.com\/fr\/wp-json\/wp\/v2\/media\/26661"}],"wp:attachment":[{"href":"https:\/\/stone-phoenix.com\/fr\/wp-json\/wp\/v2\/media?parent=21042"}],"wp:term":[{"taxonomy":"product_cat","embeddable":true,"href":"https:\/\/stone-phoenix.com\/fr\/wp-json\/wp\/v2\/product_cat?post=21042"},{"taxonomy":"product_tag","embeddable":true,"href":"https:\/\/stone-phoenix.com\/fr\/wp-json\/wp\/v2\/product_tag?post=21042"}],"curies":[{"name":"wp","href":"https:\/\/api.w.org\/{rel}","templated":true}]}}