{"id":21062,"date":"2023-12-29T20:29:38","date_gmt":"2023-12-29T12:29:38","guid":{"rendered":"http:\/\/stone-phoenix.com\/product\/pure-white-granite-slab-factory-direct-price"},"modified":"2024-03-27T22:29:24","modified_gmt":"2024-03-27T14:29:24","slug":"pure-white-granite-slab-factory-direct-price","status":"publish","type":"product","link":"https:\/\/stone-phoenix.com\/fr\/produit\/pure-white-granite-slab-factory-direct-price","title":{"rendered":"Plaque de granit blanc pur Prix direct d'usine"},"content":{"rendered":"<div id=\"tab-description\" class=\"woocommerce-Tabs-panel woocommerce-Tabs-panel--description panel entry-content wc-tab\" role=\"tabpanel\" aria-labelledby=\"tab-title-description\">\n<h2>dalle de granit blanc pur<\/h2>\n<p>Le granit blanc pur est un type de pierre naturelle appr\u00e9ci\u00e9 pour son aspect unique et sa durabilit\u00e9. C'est un choix populaire pour les comptoirs, les sols et d'autres \u00e9l\u00e9ments architecturaux en raison de sa polyvalence et de sa r\u00e9sistance aux taches et aux rayures.<\/p>\n<p>La couleur blanche pure de ce granit est obtenue gr\u00e2ce \u00e0 une combinaison de min\u00e9raux naturels, notamment le feldspath, le quartz et le mica. Ces min\u00e9raux sont fusionn\u00e9s sous l'effet d'une chaleur et d'une pression extr\u00eames, cr\u00e9ant ainsi une roche \u00e0 la fois belle et r\u00e9sistante.<\/p>\n<p>L'une des caract\u00e9ristiques les plus frappantes du granit blanc pur est sa finition lisse et polie. Lorsqu'il est taill\u00e9 et poli en dalle, il pr\u00e9sente une qualit\u00e9 lumineuse et r\u00e9fl\u00e9chissante qui ajoute une touche sophistiqu\u00e9e \u00e0 n'importe quel espace. Ce granit est \u00e9galement disponible dans une vari\u00e9t\u00e9 de finitions, notamment adoucie, cuir et flamm\u00e9e, qui peuvent lui donner un aspect plus rustique ou moderne.<\/p>\n<p>Outre son attrait esth\u00e9tique, le granit blanc pur est tr\u00e8s pratique et fonctionnel. Il r\u00e9siste \u00e0 la chaleur et \u00e0 l'humidit\u00e9, ce qui en fait un excellent choix pour les plans de travail et les dosserets de cuisine. Il est \u00e9galement facile \u00e0 nettoyer et \u00e0 entretenir, ne n\u00e9cessitant qu'un d\u00e9tergent doux et un chiffon doux pour un nettoyage r\u00e9gulier.<\/p>\n<p>L'un des inconv\u00e9nients potentiels du granit blanc pur est qu'il peut \u00eatre sujet aux taches, en particulier s'il n'est pas correctement scell\u00e9. Toutefois, il est facile d'y rem\u00e9dier en scellant le granit avec un produit d'\u00e9tanch\u00e9it\u00e9 de haute qualit\u00e9 et en veillant \u00e0 ce que les liquides renvers\u00e9s soient nettoy\u00e9s imm\u00e9diatement.<\/p>\n<p>Dans l'ensemble, le granit blanc pur est un mat\u00e9riau polyvalent et durable qui ajoute une touche d'\u00e9l\u00e9gance et de sophistication \u00e0 n'importe quel espace. Qu'il soit utilis\u00e9 comme comptoir, rev\u00eatement de sol ou rev\u00eatement mural, il ne manquera pas de faire une impression durable.<\/p>\n<div id=\"ali-anchor-AliPostDhMb-6q8vw\" style=\"padding-top: 8px;\" data-section=\"AliPostDhMb-6q8vw\" data-section-title=\"Product Description\">\n<div id=\"ali-title-AliPostDhMb-6q8vw\" style=\"padding: 8px 0; border-bottom: 1px solid #ddd;\"><span style=\"background-color: #ddd; color: #333; font-weight: bold; padding: 8px 10px; line-height: 12px;\">Description du produit<\/span><\/div>\n<div style=\"padding: 10px 0;\">\n<table class=\"aliDataTable\" style=\"color: #000000; font-family: Arial; font-size: 12px; font-style: normal; font-weight: 400; background-color: #ffffff; width: 698px; height: 226px; border: 1px solid #b3b3b3;\">\n<tbody>\n<tr>\n<td style=\"border: 1px solid #707070; width: 159.663px;\"><strong><span style=\"font-family: arial, helvetica, sans-serif; font-size: 14px;\">Nom du produit :<\/span><\/strong><\/td>\n<td style=\"border: 1px solid #707070; width: 553.337px;\">granit china White G603<\/td>\n<\/tr>\n<tr>\n<td style=\"border: 1px solid #707070; width: 159.663px;\"><strong><span style=\"font-family: arial, helvetica, sans-serif; font-size: 14px;\">Mat\u00e9riau :<\/span><\/strong><\/td>\n<td style=\"border: 1px solid #707070; width: 553.337px;\"><span style=\"font-size: 14px;\">china White G603 Granit<\/span><\/td>\n<\/tr>\n<tr>\n<td style=\"border: 1px solid #707070; width: 159.663px;\"><strong><span style=\"font-family: arial, helvetica, sans-serif; font-size: 14px;\">Couleur :<\/span><\/strong><\/td>\n<td style=\"border: 1px solid #707070; width: 553.337px;\"><span style=\"font-family: arial, helvetica, sans-serif; font-size: 14px;\">Blanc<\/span><\/td>\n<\/tr>\n<tr>\n<td style=\"border: 1px solid #707070; width: 159.663px;\" rowspan=\"3\"><strong><span style=\"font-family: arial, helvetica, sans-serif; font-size: 14px;\">Taille :<\/span><\/strong><\/td>\n<td style=\"border: 1px solid #707070; width: 553.337px;\"><span style=\"text-decoration: underline;\"><span style=\"font-size: 14px;\">Carreaux disponibles <\/span><\/span><br \/>\n<span style=\"font-size: 14px;\">12\u2019x12\u2033,24\u2019x24\u2033,12\u2019x24\u2033,etc <\/span><\/p>\n<p><span style=\"font-size: 14px;\">300x300mm,300x600mm,400x400mm,600x600mm,etc<\/span><\/td>\n<\/tr>\n<tr>\n<td style=\"border: 1px solid #707070; width: 553.337px;\"><span style=\"text-decoration: underline;\"><span style=\"font-size: 14px;\">Dalles disponibles <\/span><\/span><\/p>\n<p><span style=\"font-size: 14px;\">180cmUpx60UP,180cmUpx65cmUP,180cmUpx70cmUP,etc<\/span><br \/>\n<span style=\"font-size: 14px;\">240cmUpx120cmUP,etc<\/span><\/td>\n<\/tr>\n<tr>\n<td style=\"border: 1px solid #707070; width: 553.337px;\"><span style=\"font-family: arial, helvetica, sans-serif; font-size: 14px;\">Des sp\u00e9cifications personnalis\u00e9es sont disponibles<\/span><\/td>\n<\/tr>\n<tr>\n<td style=\"border: 1px solid #707070; width: 159.663px;\"><strong><span style=\"font-family: arial, helvetica, sans-serif; font-size: 14px;\">Tol\u00e9rance d'\u00e9paisseur :<\/span><\/strong><\/td>\n<td style=\"border: 1px solid #707070; width: 553.337px;\"><span style=\"font-family: arial, helvetica, sans-serif; font-size: 14px;\">\u00b10,05mm, \u00b11mm, \u00b11,5mm, \u00b12mm, selon les exigences de qualit\u00e9 du client<\/span><\/td>\n<\/tr>\n<tr>\n<td style=\"border: 1px solid #707070; width: 159.663px;\"><strong><span style=\"font-family: arial, helvetica, sans-serif; font-size: 14px;\">Surface :<\/span><\/strong><\/td>\n<td style=\"border: 1px solid #707070; width: 553.337px;\"><span style=\"font-family: arial, helvetica, sans-serif; font-size: 14px;\">P<\/span><span style=\"font-size: 14px;\">ol\u00e9, adouci, flamm\u00e9, sabl\u00e9, bouchard\u00e9, fendu naturel, flamm\u00e9 et bross\u00e9, etc.<\/span><\/td>\n<\/tr>\n<tr>\n<td style=\"border: 1px solid #707070; width: 159.663px;\"><strong><span style=\"font-family: arial, helvetica, sans-serif; font-size: 14px;\">Emballage :<\/span><\/strong><\/td>\n<td style=\"border: 1px solid #707070; width: 553.337px;\"><span style=\"font-size: 14px;\">Palettes en bois en \u00e9tat de navigabilit\u00e9, fardeaux en bois et caisses en bois<\/span><\/td>\n<\/tr>\n<tr>\n<td style=\"border: 1px solid #707070; width: 159.663px;\"><strong><span style=\"font-family: arial, helvetica, sans-serif; font-size: 14px;\">Application :<\/span><\/strong><\/td>\n<td style=\"border: 1px solid #707070; width: 553.337px;\"><span style=\"font-family: arial, helvetica, sans-serif; font-size: 14px;\">Sol, mur, motif, comptoir, d\u00e9coration int\u00e9rieure et ext\u00e9rieure<\/span><\/td>\n<\/tr>\n<tr>\n<td style=\"border: 1px solid #707070; width: 159.663px;\"><strong><span style=\"font-family: arial, helvetica, sans-serif; font-size: 14px;\">D\u00e9lai de livraison :<\/span><\/strong><\/td>\n<td style=\"border: 1px solid #707070; width: 553.337px;\"><span style=\"font-size: 14px;\">15-20 jours pour l'enregistrement<\/span><span style=\"font-family: arial, helvetica, sans-serif; font-size: 14px;\">tailles lar<\/span><\/td>\n<\/tr>\n<tr>\n<td style=\"border: 1px solid #707070; width: 159.663px;\"><strong><span style=\"font-family: arial, helvetica, sans-serif; font-size: 14px;\">Certificat :<\/span><\/strong><\/td>\n<td style=\"border: 1px solid #707070; width: 553.337px;\"><span style=\"font-family: arial, helvetica, sans-serif; font-size: 14px;\">CE, SGS<\/span><\/td>\n<\/tr>\n<tr>\n<td style=\"border: 1px solid #707070; width: 159.663px;\"><strong><span style=\"font-family: arial, helvetica, sans-serif; font-size: 14px;\">Conditions de paiement :<\/span><\/strong><\/td>\n<td style=\"border: 1px solid #707070; width: 553.337px;\"><span style=\"font-size: 14px;\">T\/T, L\/C, D<span style=\"color: #000000; font-family: Verdana, Arial, Helvetica, sans-serif; font-size: 14px; font-style: normal; font-weight: 400; background-color: #ffffff; float: none;\">\/<\/span>P<\/span><\/td>\n<\/tr>\n<tr>\n<td style=\"border: 1px solid #707070; width: 159.663px;\"><strong><span style=\"font-family: arial, helvetica, sans-serif; font-size: 14px;\">Avantage :<\/span><\/strong><\/td>\n<td style=\"border: 1px solid #707070; width: 553.337px;\"><span style=\"font-family: arial, helvetica, sans-serif; font-size: 14px;\">1) Service unique pour la pierre ;<\/span><\/p>\n<p><span style=\"font-family: arial, helvetica, sans-serif; font-size: 14px;\">2) poss\u00e8dent 3 carri\u00e8res et 9 usines ;<\/span><\/p>\n<p><span style=\"font-family: arial, helvetica, sans-serif; font-size: 14px;\">3) Des supports technologiques de pointe.<\/span><\/td>\n<\/tr>\n<tr>\n<td style=\"border: 1px solid #707070; width: 159.663px;\"><strong><span style=\"font-family: arial, helvetica, sans-serif; font-size: 14px;\">Assurance de la qualit\u00e9 et de la livraison :\u00a0<\/span><\/strong><\/td>\n<td style=\"border: 1px solid #707070; width: 553.337px;\"><span style=\"font-size: 14px;\">Tout au long du processus de production, du choix des mat\u00e9riaux \u00e0 l'emballage en passant par la fabrication, notre service de contr\u00f4le de la qualit\u00e9 contr\u00f4le rigoureusement chaque pi\u00e8ce et chaque processus afin de garantir le respect des normes de qualit\u00e9 et le respect des d\u00e9lais de livraison.<\/span><\/td>\n<\/tr>\n<\/tbody>\n<\/table>\n<\/div>\n<div style=\"padding: 10px 0px; text-align: center;\">\n<p><img loading=\"lazy\" decoding=\"async\" class=\"alignnone size-full wp-image-26655\" src=\"http:\/\/stone-phoenix.com\/wp-content\/uploads\/2023\/12\/Pure-White-Granite-Slab-Factory-Direct-Price-7.jpg\" alt=\"\" width=\"1123\" height=\"850\" srcset=\"https:\/\/stone-phoenix.com\/wp-content\/uploads\/2023\/12\/Pure-White-Granite-Slab-Factory-Direct-Price-7.jpg 1123w, https:\/\/stone-phoenix.com\/wp-content\/uploads\/2023\/12\/Pure-White-Granite-Slab-Factory-Direct-Price-7-300x227.jpg 300w, https:\/\/stone-phoenix.com\/wp-content\/uploads\/2023\/12\/Pure-White-Granite-Slab-Factory-Direct-Price-7-1024x775.jpg 1024w, https:\/\/stone-phoenix.com\/wp-content\/uploads\/2023\/12\/Pure-White-Granite-Slab-Factory-Direct-Price-7-768x581.jpg 768w, https:\/\/stone-phoenix.com\/wp-content\/uploads\/2023\/12\/Pure-White-Granite-Slab-Factory-Direct-Price-7-16x12.jpg 16w, https:\/\/stone-phoenix.com\/wp-content\/uploads\/2023\/12\/Pure-White-Granite-Slab-Factory-Direct-Price-7-600x454.jpg 600w, https:\/\/stone-phoenix.com\/wp-content\/uploads\/2023\/12\/Pure-White-Granite-Slab-Factory-Direct-Price-7-150x114.jpg 150w\" sizes=\"(max-width: 1123px) 100vw, 1123px\" \/><img loading=\"lazy\" decoding=\"async\" class=\"alignnone size-full wp-image-26656\" src=\"http:\/\/stone-phoenix.com\/wp-content\/uploads\/2023\/12\/Pure-White-Granite-Slab-Factory-Direct-Price-8.jpg\" alt=\"\" width=\"855\" height=\"1122\" srcset=\"https:\/\/stone-phoenix.com\/wp-content\/uploads\/2023\/12\/Pure-White-Granite-Slab-Factory-Direct-Price-8.jpg 855w, https:\/\/stone-phoenix.com\/wp-content\/uploads\/2023\/12\/Pure-White-Granite-Slab-Factory-Direct-Price-8-229x300.jpg 229w, https:\/\/stone-phoenix.com\/wp-content\/uploads\/2023\/12\/Pure-White-Granite-Slab-Factory-Direct-Price-8-780x1024.jpg 780w, https:\/\/stone-phoenix.com\/wp-content\/uploads\/2023\/12\/Pure-White-Granite-Slab-Factory-Direct-Price-8-768x1008.jpg 768w, https:\/\/stone-phoenix.com\/wp-content\/uploads\/2023\/12\/Pure-White-Granite-Slab-Factory-Direct-Price-8-9x12.jpg 9w, https:\/\/stone-phoenix.com\/wp-content\/uploads\/2023\/12\/Pure-White-Granite-Slab-Factory-Direct-Price-8-600x787.jpg 600w, https:\/\/stone-phoenix.com\/wp-content\/uploads\/2023\/12\/Pure-White-Granite-Slab-Factory-Direct-Price-8-150x197.jpg 150w\" sizes=\"(max-width: 855px) 100vw, 855px\" \/><img loading=\"lazy\" decoding=\"async\" class=\"alignnone size-full wp-image-26657\" src=\"http:\/\/stone-phoenix.com\/wp-content\/uploads\/2023\/12\/Pure-White-Granite-Slab-Factory-Direct-Price-6.jpg\" alt=\"\" width=\"1125\" height=\"1131\" srcset=\"https:\/\/stone-phoenix.com\/wp-content\/uploads\/2023\/12\/Pure-White-Granite-Slab-Factory-Direct-Price-6.jpg 1125w, https:\/\/stone-phoenix.com\/wp-content\/uploads\/2023\/12\/Pure-White-Granite-Slab-Factory-Direct-Price-6-298x300.jpg 298w, https:\/\/stone-phoenix.com\/wp-content\/uploads\/2023\/12\/Pure-White-Granite-Slab-Factory-Direct-Price-6-1019x1024.jpg 1019w, https:\/\/stone-phoenix.com\/wp-content\/uploads\/2023\/12\/Pure-White-Granite-Slab-Factory-Direct-Price-6-150x151.jpg 150w, https:\/\/stone-phoenix.com\/wp-content\/uploads\/2023\/12\/Pure-White-Granite-Slab-Factory-Direct-Price-6-768x772.jpg 768w, https:\/\/stone-phoenix.com\/wp-content\/uploads\/2023\/12\/Pure-White-Granite-Slab-Factory-Direct-Price-6-12x12.jpg 12w, https:\/\/stone-phoenix.com\/wp-content\/uploads\/2023\/12\/Pure-White-Granite-Slab-Factory-Direct-Price-6-600x603.jpg 600w\" sizes=\"(max-width: 1125px) 100vw, 1125px\" \/><img loading=\"lazy\" decoding=\"async\" class=\"alignnone size-full wp-image-26658\" src=\"http:\/\/stone-phoenix.com\/wp-content\/uploads\/2023\/12\/Pure-White-Granite-Slab-Factory-Direct-Price-5.jpg\" alt=\"\" width=\"1113\" height=\"1021\" srcset=\"https:\/\/stone-phoenix.com\/wp-content\/uploads\/2023\/12\/Pure-White-Granite-Slab-Factory-Direct-Price-5.jpg 1113w, https:\/\/stone-phoenix.com\/wp-content\/uploads\/2023\/12\/Pure-White-Granite-Slab-Factory-Direct-Price-5-300x275.jpg 300w, https:\/\/stone-phoenix.com\/wp-content\/uploads\/2023\/12\/Pure-White-Granite-Slab-Factory-Direct-Price-5-1024x939.jpg 1024w, https:\/\/stone-phoenix.com\/wp-content\/uploads\/2023\/12\/Pure-White-Granite-Slab-Factory-Direct-Price-5-768x705.jpg 768w, https:\/\/stone-phoenix.com\/wp-content\/uploads\/2023\/12\/Pure-White-Granite-Slab-Factory-Direct-Price-5-13x12.jpg 13w, https:\/\/stone-phoenix.com\/wp-content\/uploads\/2023\/12\/Pure-White-Granite-Slab-Factory-Direct-Price-5-600x550.jpg 600w, https:\/\/stone-phoenix.com\/wp-content\/uploads\/2023\/12\/Pure-White-Granite-Slab-Factory-Direct-Price-5-150x138.jpg 150w\" sizes=\"(max-width: 1113px) 100vw, 1113px\" \/><\/div>\n<\/div>\n<\/div>","protected":false},"excerpt":{"rendered":"<p>pure white granite slab Pure white granite slab is a type of natural stone that is prized for its unique<\/p>","protected":false},"featured_media":26650,"template":"","meta":[],"product_cat":[112],"product_tag":[],"_links":{"self":[{"href":"https:\/\/stone-phoenix.com\/fr\/wp-json\/wp\/v2\/product\/21062"}],"collection":[{"href":"https:\/\/stone-phoenix.com\/fr\/wp-json\/wp\/v2\/product"}],"about":[{"href":"https:\/\/stone-phoenix.com\/fr\/wp-json\/wp\/v2\/types\/product"}],"wp:featuredmedia":[{"embeddable":true,"href":"https:\/\/stone-phoenix.com\/fr\/wp-json\/wp\/v2\/media\/26650"}],"wp:attachment":[{"href":"https:\/\/stone-phoenix.com\/fr\/wp-json\/wp\/v2\/media?parent=21062"}],"wp:term":[{"taxonomy":"product_cat","embeddable":true,"href":"https:\/\/stone-phoenix.com\/fr\/wp-json\/wp\/v2\/product_cat?post=21062"},{"taxonomy":"product_tag","embeddable":true,"href":"https:\/\/stone-phoenix.com\/fr\/wp-json\/wp\/v2\/product_tag?post=21062"}],"curies":[{"name":"wp","href":"https:\/\/api.w.org\/{rel}","templated":true}]}}