{"id":21068,"date":"2023-12-29T20:29:46","date_gmt":"2023-12-29T12:29:46","guid":{"rendered":"http:\/\/stone-phoenix.com\/product\/red-granite-countertop-romantic-flagstone-maple"},"modified":"2024-03-27T18:21:14","modified_gmt":"2024-03-27T10:21:14","slug":"red-granite-countertop-romantic-flagstone-maple","status":"publish","type":"product","link":"https:\/\/stone-phoenix.com\/fr\/produit\/red-granite-countertop-romantic-flagstone-maple","title":{"rendered":"comptoir de granit rouge \u00e9rable dalle romantique"},"content":{"rendered":"<div id=\"tab-description\" class=\"woocommerce-Tabs-panel woocommerce-Tabs-panel--description panel entry-content wc-tab\" role=\"tabpanel\" aria-labelledby=\"tab-title-description\">\n<div id=\"ali-anchor-AliPostDhMb-6q8vw\" style=\"padding-top: 8px;\" data-section=\"AliPostDhMb-6q8vw\" data-section-title=\"Product Description\">\n<h2 style=\"text-align: center;\">comptoir de granit rouge \u00e9rable dalle romantique<\/h2>\n<p>Le comptoir en granit rouge est l'un des plus beaux mat\u00e9riaux pour une cuisine, une salle de bains ou toute autre pi\u00e8ce de votre maison. Vous constaterez que ce comptoir est extr\u00eamement durable et \u00e9blouissant. Il est parfait pour les petits ou les grands projets. Le granit rouge est facile \u00e0 nettoyer car il peut \u00eatre abrasif. La polyvalence du comptoir lui permet de s'adapter \u00e0 de multiples usages : cuisines, salles de bains, salles de lavage et plus encore.<\/p>\n<p>Les comptoirs en granit rouge sont une fa\u00e7on unique d'ajouter de la couleur et du style \u00e0 votre cuisine. Cette magnifique pierre rouge est durable, facile \u00e0 nettoyer et durera des ann\u00e9es.Ajoutez une touche de couleur \u00e0 votre cuisine avec des comptoirs en granit rouge, le compl\u00e9ment parfait de votre d\u00e9cor.Ce comptoir en granit rouge poli est un ajout \u00e9tonnant \u00e0 la cuisine avec son apparence dramatique et sa couleur attrayante.<\/p>\n<p>Chaque dalle est unique et porte la mention de l'origine de la pierre et de l'emplacement de la carri\u00e8re, ce qui vous permet d'\u00eatre s\u00fbr de la qualit\u00e9 de votre pierre ; en outre, chaque pi\u00e8ce de pierre est inspect\u00e9e par nos experts pour s'assurer qu'elle r\u00e9pond \u00e0 nos normes \u00e9lev\u00e9es.Le granit rouge est la pierre naturelle la plus populaire au monde, et il se d\u00e9cline en de nombreuses couleurs et nuances diff\u00e9rentes.<\/p>\n<p>Les comptoirs en granit rouge sont un excellent choix pour les applications int\u00e9rieures ou ext\u00e9rieures, en particulier les comptoirs de cuisine ou les dessus de bar, car ils peuvent r\u00e9sister \u00e0 une utilisation continue et constituent un point focal attrayant. C'est \u00e9galement un produit durable qui peut durer des d\u00e9cennies sans changer de couleur ou de structure.<\/p>\n<div id=\"ali-title-AliPostDhMb-6q8vw\" style=\"padding: 8px 0; border-bottom: 1px solid #ddd;\"><span style=\"background-color: #ddd; color: #333; font-weight: bold; padding: 8px 10px; line-height: 12px;\">Description du produit<\/span><\/div>\n<div style=\"padding: 10px 0;\">\n<table class=\"aliDataTable\" style=\"color: #000000; font-family: Arial; font-size: 12px; font-style: normal; font-weight: 400; background-color: #ffffff; width: 698px; height: 226px; border: 1px solid #b3b3b3;\">\n<tbody>\n<tr>\n<td style=\"border: 1px solid #707070; width: 159.663px;\"><strong><span style=\"font-family: arial, helvetica, sans-serif; font-size: 14px;\">Nom du produit :<\/span><\/strong><\/td>\n<td style=\"border: 1px solid #707070; width: 553.337px;\">Dalle romantique en granit rouge \u00e9rable<\/td>\n<\/tr>\n<tr>\n<td style=\"border: 1px solid #707070; width: 159.663px;\"><strong><span style=\"font-family: arial, helvetica, sans-serif; font-size: 14px;\">Mat\u00e9riau :<\/span><\/strong><\/td>\n<td style=\"border: 1px solid #707070; width: 553.337px;\"><span style=\"font-size: 14px;\">Granit<\/span><\/td>\n<\/tr>\n<tr>\n<td style=\"border: 1px solid #707070; width: 159.663px;\"><strong><span style=\"font-family: arial, helvetica, sans-serif; font-size: 14px;\">Couleur :<\/span><\/strong><\/td>\n<td style=\"border: 1px solid #707070; width: 553.337px;\"><span style=\"font-family: arial, helvetica, sans-serif; font-size: 14px;\">Blanc, noir, jaune, rouge, rose, gris, brun, bleu, vert, etc.<\/span><\/td>\n<\/tr>\n<tr>\n<td style=\"border: 1px solid #707070; width: 159.663px;\" rowspan=\"3\"><strong><span style=\"font-family: arial, helvetica, sans-serif; font-size: 14px;\">Taille :<\/span><\/strong><\/td>\n<td style=\"border: 1px solid #707070; width: 553.337px;\"><span style=\"text-decoration: underline;\"><span style=\"font-size: 14px;\">Carreaux disponibles <\/span><\/span><br \/>\n<span style=\"font-size: 14px;\">12\u2019x12\u2033,24\u2019x24\u2033,12\u2019x24\u2033,etc <\/span><span style=\"font-size: 14px;\">300x300mm,300x600mm,400x400mm,600x600mm,etc<\/span><\/td>\n<\/tr>\n<tr>\n<td style=\"border: 1px solid #707070; width: 553.337px;\"><span style=\"text-decoration: underline;\"><span style=\"font-size: 14px;\">Dalles disponibles <\/span><\/span><\/p>\n<p><span style=\"font-size: 14px;\">180cmUpx60UP,180cmUpx65cmUP,180cmUpx70cmUP,etc<\/span><br \/>\n<span style=\"font-size: 14px;\">240cmUpx120cmUP,etc<\/span><\/td>\n<\/tr>\n<tr>\n<td style=\"border: 1px solid #707070; width: 553.337px;\"><span style=\"font-family: arial, helvetica, sans-serif; font-size: 14px;\">Des sp\u00e9cifications personnalis\u00e9es sont disponibles<\/span><\/td>\n<\/tr>\n<tr>\n<td style=\"border: 1px solid #707070; width: 159.663px;\"><strong><span style=\"font-family: arial, helvetica, sans-serif; font-size: 14px;\">Tol\u00e9rance d'\u00e9paisseur :<\/span><\/strong><\/td>\n<td style=\"border: 1px solid #707070; width: 553.337px;\"><span style=\"font-family: arial, helvetica, sans-serif; font-size: 14px;\">\u00b10,05mm, \u00b11mm, \u00b11,5mm, \u00b12mm, selon les exigences de qualit\u00e9 du client<\/span><\/td>\n<\/tr>\n<tr>\n<td style=\"border: 1px solid #707070; width: 159.663px;\"><strong><span style=\"font-family: arial, helvetica, sans-serif; font-size: 14px;\">Surface :<\/span><\/strong><\/td>\n<td style=\"border: 1px solid #707070; width: 553.337px;\"><span style=\"font-family: arial, helvetica, sans-serif; font-size: 14px;\">P<\/span><span style=\"font-size: 14px;\">ol\u00e9, adouci, flamm\u00e9, sabl\u00e9, bouchard\u00e9, fendu naturel, flamm\u00e9 et bross\u00e9, etc.<\/span><\/td>\n<\/tr>\n<tr>\n<td style=\"border: 1px solid #707070; width: 159.663px;\"><strong><span style=\"font-family: arial, helvetica, sans-serif; font-size: 14px;\">Emballage :<\/span><\/strong><\/td>\n<td style=\"border: 1px solid #707070; width: 553.337px;\"><span style=\"font-size: 14px;\">Palettes en bois en \u00e9tat de navigabilit\u00e9, fardeaux en bois et caisses en bois<\/span><\/td>\n<\/tr>\n<tr>\n<td style=\"border: 1px solid #707070; width: 159.663px;\"><strong><span style=\"font-family: arial, helvetica, sans-serif; font-size: 14px;\">Application :<\/span><\/strong><\/td>\n<td style=\"border: 1px solid #707070; width: 553.337px;\"><span style=\"font-family: arial, helvetica, sans-serif; font-size: 14px;\">Sol, mur, motif, comptoir, d\u00e9coration int\u00e9rieure et ext\u00e9rieure<\/span><\/td>\n<\/tr>\n<tr>\n<td style=\"border: 1px solid #707070; width: 159.663px;\"><strong><span style=\"font-family: arial, helvetica, sans-serif; font-size: 14px;\">D\u00e9lai de livraison :<\/span><\/strong><\/td>\n<td style=\"border: 1px solid #707070; width: 553.337px;\"><span style=\"font-size: 14px;\">15-20 jours pour l'enregistrement<\/span><span style=\"font-family: arial, helvetica, sans-serif; font-size: 14px;\">tailles lar<\/span><\/td>\n<\/tr>\n<tr>\n<td style=\"border: 1px solid #707070; width: 159.663px;\"><strong><span style=\"font-family: arial, helvetica, sans-serif; font-size: 14px;\">Certificat :<\/span><\/strong><\/td>\n<td style=\"border: 1px solid #707070; width: 553.337px;\"><span style=\"font-family: arial, helvetica, sans-serif; font-size: 14px;\">CE, SGS<\/span><\/td>\n<\/tr>\n<tr>\n<td style=\"border: 1px solid #707070; width: 159.663px;\"><strong><span style=\"font-family: arial, helvetica, sans-serif; font-size: 14px;\">Conditions de paiement :<\/span><\/strong><\/td>\n<td style=\"border: 1px solid #707070; width: 553.337px;\"><span style=\"font-size: 14px;\">T\/T, L\/C, D<span style=\"color: #000000; font-family: Verdana, Arial, Helvetica, sans-serif; font-size: 14px; font-style: normal; font-weight: 400; background-color: #ffffff; float: none;\">\/<\/span>P<\/span><\/td>\n<\/tr>\n<tr>\n<td style=\"border: 1px solid #707070; width: 159.663px;\"><strong><span style=\"font-family: arial, helvetica, sans-serif; font-size: 14px;\">Avantage :<\/span><\/strong><\/td>\n<td style=\"border: 1px solid #707070; width: 553.337px;\"><span style=\"font-family: arial, helvetica, sans-serif; font-size: 14px;\">1) Service unique pour la pierre ;<\/span><\/p>\n<p><span style=\"font-family: arial, helvetica, sans-serif; font-size: 14px;\">2) poss\u00e8dent 3 carri\u00e8res et 9 usines ;<\/span><\/p>\n<p><span style=\"font-family: arial, helvetica, sans-serif; font-size: 14px;\">3) Des supports technologiques de pointe.<\/span><\/td>\n<\/tr>\n<tr>\n<td style=\"border: 1px solid #707070; width: 159.663px;\"><strong><span style=\"font-family: arial, helvetica, sans-serif; font-size: 14px;\">Assurance de la qualit\u00e9 et de la livraison :\u00a0<\/span><\/strong><\/td>\n<td style=\"border: 1px solid #707070; width: 553.337px;\"><span style=\"font-size: 14px;\">Tout au long du processus de production, du choix des mat\u00e9riaux \u00e0 l'emballage en passant par la fabrication, notre service de contr\u00f4le de la qualit\u00e9 contr\u00f4le rigoureusement chaque pi\u00e8ce et chaque processus afin de garantir le respect des normes de qualit\u00e9 et le respect des d\u00e9lais de livraison.<\/span><\/td>\n<\/tr>\n<\/tbody>\n<\/table>\n<p><img loading=\"lazy\" decoding=\"async\" class=\"alignnone size-full wp-image-26647\" src=\"http:\/\/stone-phoenix.com\/wp-content\/uploads\/2023\/12\/red-granite-countertop-romantic-flagstone-maple-7.jpg\" alt=\"\" width=\"1120\" height=\"886\" srcset=\"https:\/\/stone-phoenix.com\/wp-content\/uploads\/2023\/12\/red-granite-countertop-romantic-flagstone-maple-7.jpg 1120w, https:\/\/stone-phoenix.com\/wp-content\/uploads\/2023\/12\/red-granite-countertop-romantic-flagstone-maple-7-300x237.jpg 300w, https:\/\/stone-phoenix.com\/wp-content\/uploads\/2023\/12\/red-granite-countertop-romantic-flagstone-maple-7-1024x810.jpg 1024w, https:\/\/stone-phoenix.com\/wp-content\/uploads\/2023\/12\/red-granite-countertop-romantic-flagstone-maple-7-768x608.jpg 768w, https:\/\/stone-phoenix.com\/wp-content\/uploads\/2023\/12\/red-granite-countertop-romantic-flagstone-maple-7-15x12.jpg 15w, https:\/\/stone-phoenix.com\/wp-content\/uploads\/2023\/12\/red-granite-countertop-romantic-flagstone-maple-7-600x475.jpg 600w, https:\/\/stone-phoenix.com\/wp-content\/uploads\/2023\/12\/red-granite-countertop-romantic-flagstone-maple-7-150x119.jpg 150w\" sizes=\"(max-width: 1120px) 100vw, 1120px\" \/><img loading=\"lazy\" decoding=\"async\" class=\"alignnone size-full wp-image-26648\" src=\"http:\/\/stone-phoenix.com\/wp-content\/uploads\/2023\/12\/red-granite-countertop-romantic-flagstone-maple-8.jpg\" alt=\"\" width=\"1123\" height=\"885\" srcset=\"https:\/\/stone-phoenix.com\/wp-content\/uploads\/2023\/12\/red-granite-countertop-romantic-flagstone-maple-8.jpg 1123w, https:\/\/stone-phoenix.com\/wp-content\/uploads\/2023\/12\/red-granite-countertop-romantic-flagstone-maple-8-300x236.jpg 300w, https:\/\/stone-phoenix.com\/wp-content\/uploads\/2023\/12\/red-granite-countertop-romantic-flagstone-maple-8-1024x807.jpg 1024w, https:\/\/stone-phoenix.com\/wp-content\/uploads\/2023\/12\/red-granite-countertop-romantic-flagstone-maple-8-768x605.jpg 768w, https:\/\/stone-phoenix.com\/wp-content\/uploads\/2023\/12\/red-granite-countertop-romantic-flagstone-maple-8-15x12.jpg 15w, https:\/\/stone-phoenix.com\/wp-content\/uploads\/2023\/12\/red-granite-countertop-romantic-flagstone-maple-8-600x473.jpg 600w, https:\/\/stone-phoenix.com\/wp-content\/uploads\/2023\/12\/red-granite-countertop-romantic-flagstone-maple-8-150x118.jpg 150w\" sizes=\"(max-width: 1123px) 100vw, 1123px\" \/><img loading=\"lazy\" decoding=\"async\" class=\"alignnone size-full wp-image-26649\" src=\"http:\/\/stone-phoenix.com\/wp-content\/uploads\/2023\/12\/red-granite-countertop-romantic-flagstone-maple-9.jpg\" alt=\"\" width=\"1117\" height=\"888\" srcset=\"https:\/\/stone-phoenix.com\/wp-content\/uploads\/2023\/12\/red-granite-countertop-romantic-flagstone-maple-9.jpg 1117w, https:\/\/stone-phoenix.com\/wp-content\/uploads\/2023\/12\/red-granite-countertop-romantic-flagstone-maple-9-300x238.jpg 300w, https:\/\/stone-phoenix.com\/wp-content\/uploads\/2023\/12\/red-granite-countertop-romantic-flagstone-maple-9-1024x814.jpg 1024w, https:\/\/stone-phoenix.com\/wp-content\/uploads\/2023\/12\/red-granite-countertop-romantic-flagstone-maple-9-768x611.jpg 768w, https:\/\/stone-phoenix.com\/wp-content\/uploads\/2023\/12\/red-granite-countertop-romantic-flagstone-maple-9-15x12.jpg 15w, https:\/\/stone-phoenix.com\/wp-content\/uploads\/2023\/12\/red-granite-countertop-romantic-flagstone-maple-9-600x477.jpg 600w, https:\/\/stone-phoenix.com\/wp-content\/uploads\/2023\/12\/red-granite-countertop-romantic-flagstone-maple-9-150x119.jpg 150w\" sizes=\"(max-width: 1117px) 100vw, 1117px\" \/><\/p>\n<\/div>\n<\/div>\n<\/div>","protected":false},"excerpt":{"rendered":"<p>red granite countertop romantic flagstone maple The red granite countertop is one of the most beautiful materials for a kitchen,<\/p>","protected":false},"featured_media":26640,"template":"","meta":[],"product_cat":[112],"product_tag":[],"_links":{"self":[{"href":"https:\/\/stone-phoenix.com\/fr\/wp-json\/wp\/v2\/product\/21068"}],"collection":[{"href":"https:\/\/stone-phoenix.com\/fr\/wp-json\/wp\/v2\/product"}],"about":[{"href":"https:\/\/stone-phoenix.com\/fr\/wp-json\/wp\/v2\/types\/product"}],"wp:featuredmedia":[{"embeddable":true,"href":"https:\/\/stone-phoenix.com\/fr\/wp-json\/wp\/v2\/media\/26640"}],"wp:attachment":[{"href":"https:\/\/stone-phoenix.com\/fr\/wp-json\/wp\/v2\/media?parent=21068"}],"wp:term":[{"taxonomy":"product_cat","embeddable":true,"href":"https:\/\/stone-phoenix.com\/fr\/wp-json\/wp\/v2\/product_cat?post=21068"},{"taxonomy":"product_tag","embeddable":true,"href":"https:\/\/stone-phoenix.com\/fr\/wp-json\/wp\/v2\/product_tag?post=21068"}],"curies":[{"name":"wp","href":"https:\/\/api.w.org\/{rel}","templated":true}]}}