{"id":21074,"date":"2023-12-29T20:29:56","date_gmt":"2023-12-29T12:29:56","guid":{"rendered":"http:\/\/stone-phoenix.com\/product\/paving-stone-landscape-finishing-granite-curbstone"},"modified":"2024-03-27T18:07:47","modified_gmt":"2024-03-27T10:07:47","slug":"paving-stone-landscape-finishing-granite-curbstone","status":"publish","type":"product","link":"https:\/\/stone-phoenix.com\/fr\/produit\/paving-stone-landscape-finishing-granite-curbstone","title":{"rendered":"pav\u00e9 pierre paysage finition granit margelle"},"content":{"rendered":"<div id=\"tab-description\" class=\"woocommerce-Tabs-panel woocommerce-Tabs-panel--description panel entry-content wc-tab\" role=\"tabpanel\" aria-labelledby=\"tab-title-description\">\n<div id=\"ali-anchor-AliPostDhMb-10ic2\" style=\"padding-top: 8px;\" data-section=\"AliPostDhMb-10ic2\" data-section-title=\"Product Description\">\n<h2 style=\"text-align: center;\">pav\u00e9 de finition granit pierre de bordure G682<\/h2>\n<p>Le pav\u00e9 paysager est un produit \u00e0 la fois beau et \u00e0 la mode. La fonction de ce produit est de rendre les gens plus \u00e0 l'aise, il peut \u00e9galement \u00eatre utilis\u00e9 dans de nombreux endroits tels que les parcs, etc. Avec l'\u00e9volution des temps, il est tr\u00e8s populaire. Il s'agit d'un mat\u00e9riau l\u00e9ger, solide et durable.<\/p>\n<p>Les pav\u00e9s en b\u00e9ton sont disponibles en diff\u00e9rentes formes, textures et conceptions. Ils sont principalement utilis\u00e9s pour donner un aspect charmant \u00e0 n'importe quel endroit.Nous n'utilisons que les meilleurs mat\u00e9riaux afin qu'il n'y ait aucun probl\u00e8me avec notre travail.Il s'agit d'un ajout magnifique et intemporel \u00e0 n'importe quel environnement. Notre large s\u00e9lection de pav\u00e9s, bordures, marches d'escalier et autres vous permettra de cr\u00e9er un espace ext\u00e9rieur parfait.<\/p>\n<p>Les pav\u00e9s sont couramment utilis\u00e9s dans l'am\u00e9nagement paysager et peuvent ajouter de superbes textures et motifs \u00e0 votre jardin. Vous pouvez les utiliser pour cr\u00e9er des all\u00e9es ou des terrasses, des bordures, des parterres sur\u00e9lev\u00e9s ou des plans d'eau. Un beau paysage ajoutera de la valeur \u00e0 votre maison et vous rendra plus heureux chaque jour.<\/p>\n<p>Gr\u00e2ce \u00e0 notre vaste s\u00e9lection de produits et de services, nous pouvons vous aider \u00e0 obtenir l'aspect qui r\u00e9pond \u00e0 vos besoins et \u00e0 votre budget.Se situant entre le moderne et le traditionnel, ce pav\u00e9 polyvalent offre une belle transition \u00e0 votre am\u00e9nagement paysager.<\/p>\n<div id=\"ali-title-AliPostDhMb-10ic2\" style=\"padding: 8px 0; border-bottom: 1px solid #ddd;\"><span style=\"background-color: #ddd; color: #333; font-weight: bold; padding: 8px 10px; line-height: 12px;\">Description du produit<\/span><\/div>\n<div style=\"padding: 10px 0;\">\n<table class=\"aliDataTable\" style=\"color: #000000; font-family: Arial; font-size: 12px; font-style: normal; font-weight: 400; background-color: #ffffff; width: 750px; height: 226px; border: 1px solid #b3b3b3;\">\n<tbody>\n<tr style=\"height: 42px;\">\n<td style=\"border: 1px solid #b3b3b3; width: 162px; height: 42px;\"><strong><span style=\"font-family: arial, helvetica, sans-serif; font-size: 14px;\">Nom du produit :<\/span><\/strong><\/td>\n<td style=\"border: 1px solid #b3b3b3; width: 595.066px; height: 42px;\"><span style=\"font-family: arial, helvetica, sans-serif; font-size: 14px;\">Divers pav\u00e9s en granit<\/span><\/td>\n<\/tr>\n<tr style=\"height: 21px;\">\n<td style=\"border: 1px solid #b3b3b3; width: 162px; height: 21px;\"><strong><span style=\"font-family: arial, helvetica, sans-serif; font-size: 14px;\">Mat\u00e9riau :<\/span><\/strong><\/td>\n<td style=\"border: 1px solid #b3b3b3; width: 595.066px; height: 21px;\"><span style=\"font-family: arial, helvetica, sans-serif; font-size: 14px;\">Granit G562, granit G603, granit G654, granit G682, etc.<\/span><\/td>\n<\/tr>\n<tr style=\"height: 44px;\">\n<td style=\"border: 1px solid #b3b3b3; width: 162px; height: 65px;\" rowspan=\"2\">\n<p style=\"margin: 0px; padding: 0px;\"><strong><span style=\"font-family: arial, helvetica, sans-serif; font-size: 14px;\">Taille :<\/span><\/strong><\/p>\n<\/td>\n<td style=\"border: 1px solid #b3b3b3; width: 595.066px; height: 44px;\"><span style=\"font-size: 14px;\">Tailles<\/span><br \/>\n<span style=\"font-size: 14px;\">5X5X5CM,8X8X8CM,9X9X9CM,10X10X10CM,10x10x5cm,<\/span><span style=\"font-size: 14px;\">10x20x5cm,9.5\u00d79.5x4CM,19.5\u00d719.5x4CM,22X11X5CM,<\/span><\/p>\n<p><span style=\"font-size: 14px;\">16.5X11.5X5CM,19.7X19.7X8CM,14.5X14.5X8CM,16X16X16CM,<\/span><\/p>\n<p><span style=\"font-size: 14px;\">22X16X16CM,27x18x9cm,18x18x9cm,18x18x18CM <\/span><\/p>\n<p><span style=\"font-size: 14px;\">ou sur mesure<\/span><\/td>\n<\/tr>\n<tr style=\"height: 21px;\">\n<td style=\"border: 1px solid #b3b3b3; width: 595.066px; height: 21px;\"><span style=\"font-family: arial, helvetica, sans-serif; font-size: 14px;\">Des sp\u00e9cifications personnalis\u00e9es sont disponibles<\/span><\/td>\n<\/tr>\n<tr style=\"height: 42px;\">\n<td style=\"border: 1px solid #b3b3b3; width: 162px; height: 42px;\"><strong><span style=\"font-family: arial, helvetica, sans-serif; font-size: 14px;\">Tol\u00e9rance d'\u00e9paisseur :<\/span><\/strong><\/td>\n<td style=\"border: 1px solid #b3b3b3; width: 595.066px; height: 42px;\"><span style=\"font-size: 14px; font-family: arial, helvetica, sans-serif;\">\u00b11mm, \u00b11,5mm, \u00b12mm, selon les exigences de qualit\u00e9 du client<\/span><\/td>\n<\/tr>\n<tr style=\"height: 126px;\">\n<td style=\"border: 1px solid #b3b3b3; width: 162px; height: 126px;\">\n<p style=\"margin: 0px; padding: 0px;\"><strong><span style=\"font-family: arial, helvetica, sans-serif; font-size: 14px;\">Surface :<\/span><\/strong><\/p>\n<\/td>\n<td style=\"border: 1px solid #b3b3b3; width: 595.066px; height: 126px;\"><span style=\"font-size: 14px;\">Finition<\/span><br \/>\n<span style=\"font-size: 14px;\">a. Fente naturelle sur tous les c\u00f4t\u00e9s<\/span><br \/>\n<span style=\"font-size: 14px;\">b. Toutes les faces sont sci\u00e9es<\/span><br \/>\n<span style=\"font-size: 14px;\">c. 5 c\u00f4t\u00e9s coup\u00e9s \u00e0 la scie, surface fendue naturellement<\/span><br \/>\n<span style=\"font-size: 14px;\">d. 5 faces coup\u00e9es \u00e0 la scie, surface flamm\u00e9e<\/span><br \/>\n<span style=\"font-size: 14px;\">e. 4 c\u00f4t\u00e9s coup\u00e9s \u00e0 la scie, fendu naturel en haut, tambourin\u00e9, dos en maille\u00a0<\/span><\/td>\n<\/tr>\n<tr style=\"height: 21px;\">\n<td style=\"border: 1px solid #b3b3b3; width: 162px; height: 21px;\"><strong><span style=\"font-family: arial, helvetica, sans-serif; font-size: 14px;\">Emballage :<\/span><\/strong><\/td>\n<td style=\"border: 1px solid #b3b3b3; width: 595.066px; height: 21px;\"><span style=\"font-family: arial, helvetica, sans-serif; font-size: 14px;\">Fardeaux et caisses en bois en \u00e9tat de navigabilit\u00e9<\/span><\/td>\n<\/tr>\n<tr style=\"height: 21px;\">\n<td style=\"border: 1px solid #b3b3b3; width: 162px; height: 21px;\"><strong><span style=\"font-family: arial, helvetica, sans-serif; font-size: 14px;\">Application :<\/span><\/strong><\/td>\n<td style=\"border: 1px solid #b3b3b3; width: 595.066px; height: 21px;\"><span style=\"font-family: arial, helvetica, sans-serif; font-size: 14px;\">Largement utilis\u00e9 pour la d\u00e9coration int\u00e9rieure et ext\u00e9rieure<\/span><\/td>\n<\/tr>\n<tr style=\"height: 42px;\">\n<td style=\"border: 1px solid #b3b3b3; width: 162px; height: 42px;\"><strong><span style=\"font-family: arial, helvetica, sans-serif; font-size: 14px;\">D\u00e9lai de livraison :<\/span><\/strong><\/td>\n<td style=\"border: 1px solid #b3b3b3; width: 595.066px; height: 42px;\"><span style=\"font-family: arial, helvetica, sans-serif; font-size: 14px;\">15-20 jours pour les tailles normales<\/span><\/td>\n<\/tr>\n<tr style=\"height: 21px;\">\n<td style=\"border: 1px solid #b3b3b3; width: 162px; height: 21px;\">\n<p style=\"margin: 0px; padding: 0px;\"><strong><span style=\"font-family: arial, helvetica, sans-serif; font-size: 14px;\">Certificat :<\/span><\/strong><\/p>\n<\/td>\n<td style=\"border: 1px solid #b3b3b3; width: 595.066px; height: 21px;\"><span style=\"font-family: arial, helvetica, sans-serif; font-size: 14px;\">CE, SGS<\/span><\/td>\n<\/tr>\n<tr style=\"height: 42px;\">\n<td style=\"border: 1px solid #b3b3b3; width: 162px; height: 42px;\">\n<p style=\"margin: 0px; padding: 0px;\"><strong><span style=\"font-family: arial, helvetica, sans-serif; font-size: 14px;\">Conditions de paiement :<\/span><\/strong><\/p>\n<\/td>\n<td style=\"border: 1px solid #b3b3b3; width: 595.066px; height: 42px;\"><span style=\"font-family: arial, helvetica, sans-serif; font-size: 14px;\">T\/T, L\/C, D\/P<\/span><\/td>\n<\/tr>\n<tr style=\"height: 63px;\">\n<td style=\"border: 1px solid #b3b3b3; width: 162px; height: 63px;\"><strong><span style=\"font-family: arial, helvetica, sans-serif; font-size: 14px;\">Avantage :<\/span><\/strong><\/td>\n<td style=\"border: 1px solid #b3b3b3; width: 595.066px; height: 63px;\">\n<p style=\"margin: 0px; padding: 0px;\"><span style=\"font-family: arial, helvetica, sans-serif; font-size: 14px;\">1) Service unique pour la pierre ;<\/span><\/p>\n<p style=\"margin: 0px; padding: 0px;\"><span style=\"font-family: arial, helvetica, sans-serif; font-size: 14px;\">2) Poss\u00e9der 3 carri\u00e8res et 9 usines ;<\/span><\/p>\n<p style=\"margin: 0px; padding: 0px;\"><span style=\"font-family: arial, helvetica, sans-serif; font-size: 14px;\">3) Soutien \u00e0 la conception et \u00e0 la technologie.<\/span><\/p>\n<\/td>\n<\/tr>\n<tr style=\"height: 84px;\">\n<td style=\"border: 1px solid #b3b3b3; width: 162px; height: 84px;\"><strong><span style=\"font-family: arial, helvetica, sans-serif; font-size: 14px;\">Assurance de la qualit\u00e9 et de la livraison :\u00a0<\/span><\/strong><\/td>\n<td style=\"border: 1px solid #b3b3b3; width: 595.066px; height: 84px;\">\n<p style=\"margin: 0px; padding: 0px;\"><span style=\"font-family: arial, helvetica, sans-serif; font-size: 14px;\">Tout au long du processus de production, du choix des mat\u00e9riaux \u00e0 l'emballage en passant par la fabrication, notre service de contr\u00f4le de la qualit\u00e9 contr\u00f4le rigoureusement chaque pi\u00e8ce et chaque processus afin de garantir le respect des normes de qualit\u00e9 et le respect des d\u00e9lais de livraison.<\/span><\/p>\n<\/td>\n<\/tr>\n<\/tbody>\n<\/table>\n<p><img loading=\"lazy\" decoding=\"async\" class=\"alignnone size-full wp-image-26636\" src=\"http:\/\/stone-phoenix.com\/wp-content\/uploads\/2023\/12\/paving-stone-landscape-finishing-granite-curbstone-5.jpg\" alt=\"\" width=\"838\" height=\"1117\" srcset=\"https:\/\/stone-phoenix.com\/wp-content\/uploads\/2023\/12\/paving-stone-landscape-finishing-granite-curbstone-5.jpg 838w, https:\/\/stone-phoenix.com\/wp-content\/uploads\/2023\/12\/paving-stone-landscape-finishing-granite-curbstone-5-225x300.jpg 225w, https:\/\/stone-phoenix.com\/wp-content\/uploads\/2023\/12\/paving-stone-landscape-finishing-granite-curbstone-5-768x1024.jpg 768w, https:\/\/stone-phoenix.com\/wp-content\/uploads\/2023\/12\/paving-stone-landscape-finishing-granite-curbstone-5-9x12.jpg 9w, https:\/\/stone-phoenix.com\/wp-content\/uploads\/2023\/12\/paving-stone-landscape-finishing-granite-curbstone-5-600x800.jpg 600w, https:\/\/stone-phoenix.com\/wp-content\/uploads\/2023\/12\/paving-stone-landscape-finishing-granite-curbstone-5-150x200.jpg 150w\" sizes=\"(max-width: 838px) 100vw, 838px\" \/><\/p>\n<p>&nbsp;<\/p>\n<p><img loading=\"lazy\" decoding=\"async\" class=\"alignnone  wp-image-26638\" src=\"http:\/\/stone-phoenix.com\/wp-content\/uploads\/2023\/12\/paving-stone-landscape-finishing-granite-curbstone-6.jpg\" alt=\"\" width=\"836\" height=\"1244\" srcset=\"https:\/\/stone-phoenix.com\/wp-content\/uploads\/2023\/12\/paving-stone-landscape-finishing-granite-curbstone-6.jpg 679w, https:\/\/stone-phoenix.com\/wp-content\/uploads\/2023\/12\/paving-stone-landscape-finishing-granite-curbstone-6-201x300.jpg 201w, https:\/\/stone-phoenix.com\/wp-content\/uploads\/2023\/12\/paving-stone-landscape-finishing-granite-curbstone-6-8x12.jpg 8w, https:\/\/stone-phoenix.com\/wp-content\/uploads\/2023\/12\/paving-stone-landscape-finishing-granite-curbstone-6-600x893.jpg 600w, https:\/\/stone-phoenix.com\/wp-content\/uploads\/2023\/12\/paving-stone-landscape-finishing-granite-curbstone-6-150x223.jpg 150w\" sizes=\"(max-width: 836px) 100vw, 836px\" \/><img loading=\"lazy\" decoding=\"async\" class=\"alignnone size-full wp-image-26639\" src=\"http:\/\/stone-phoenix.com\/wp-content\/uploads\/2023\/12\/paving-stone-landscape-finishing-granite-curbstone-7.jpg\" alt=\"\" width=\"841\" height=\"1014\" srcset=\"https:\/\/stone-phoenix.com\/wp-content\/uploads\/2023\/12\/paving-stone-landscape-finishing-granite-curbstone-7.jpg 841w, https:\/\/stone-phoenix.com\/wp-content\/uploads\/2023\/12\/paving-stone-landscape-finishing-granite-curbstone-7-249x300.jpg 249w, https:\/\/stone-phoenix.com\/wp-content\/uploads\/2023\/12\/paving-stone-landscape-finishing-granite-curbstone-7-768x926.jpg 768w, https:\/\/stone-phoenix.com\/wp-content\/uploads\/2023\/12\/paving-stone-landscape-finishing-granite-curbstone-7-10x12.jpg 10w, https:\/\/stone-phoenix.com\/wp-content\/uploads\/2023\/12\/paving-stone-landscape-finishing-granite-curbstone-7-600x723.jpg 600w, https:\/\/stone-phoenix.com\/wp-content\/uploads\/2023\/12\/paving-stone-landscape-finishing-granite-curbstone-7-150x181.jpg 150w\" sizes=\"(max-width: 841px) 100vw, 841px\" \/><\/p>\n<\/div>\n<\/div>\n<\/div>","protected":false},"excerpt":{"rendered":"<p>paving stone landscape finishing granite curbstone G682 paving stone landscape is a kind of beautiful and fashion products. The function<\/p>","protected":false},"featured_media":26632,"template":"","meta":[],"product_cat":[112],"product_tag":[],"_links":{"self":[{"href":"https:\/\/stone-phoenix.com\/fr\/wp-json\/wp\/v2\/product\/21074"}],"collection":[{"href":"https:\/\/stone-phoenix.com\/fr\/wp-json\/wp\/v2\/product"}],"about":[{"href":"https:\/\/stone-phoenix.com\/fr\/wp-json\/wp\/v2\/types\/product"}],"wp:featuredmedia":[{"embeddable":true,"href":"https:\/\/stone-phoenix.com\/fr\/wp-json\/wp\/v2\/media\/26632"}],"wp:attachment":[{"href":"https:\/\/stone-phoenix.com\/fr\/wp-json\/wp\/v2\/media?parent=21074"}],"wp:term":[{"taxonomy":"product_cat","embeddable":true,"href":"https:\/\/stone-phoenix.com\/fr\/wp-json\/wp\/v2\/product_cat?post=21074"},{"taxonomy":"product_tag","embeddable":true,"href":"https:\/\/stone-phoenix.com\/fr\/wp-json\/wp\/v2\/product_tag?post=21074"}],"curies":[{"name":"wp","href":"https:\/\/api.w.org\/{rel}","templated":true}]}}