{"id":21079,"date":"2023-12-29T20:30:06","date_gmt":"2023-12-29T12:30:06","guid":{"rendered":"http:\/\/stone-phoenix.com\/product\/black-granite-supplier-black-star-galaxy-slab"},"modified":"2024-03-27T18:00:34","modified_gmt":"2024-03-27T10:00:34","slug":"black-granite-supplier-black-star-galaxy-slab","status":"publish","type":"product","link":"https:\/\/stone-phoenix.com\/fr\/produit\/black-granite-supplier-black-star-galaxy-slab","title":{"rendered":"fournisseur de granit noir black star galaxy slab"},"content":{"rendered":"<div id=\"tab-description\" class=\"woocommerce-Tabs-panel woocommerce-Tabs-panel--description panel entry-content wc-tab\" role=\"tabpanel\" aria-labelledby=\"tab-title-description\">\n<div id=\"ali-anchor-AliPostDhMb-6q8vw\" style=\"padding-top: 8px;\" data-section=\"AliPostDhMb-6q8vw\" data-section-title=\"Product Description\">\n<h2>fournisseur de granit noir royal black granite black star galaxy slab granit pour diff\u00e9rentes applications<\/h2>\n<p>Les dalles Royal Black Galaxy sont des pierres de granit noir de haute qualit\u00e9 pour les plans de cuisine. Les dalles de granit Royal Black Galaxy sont disponibles en diff\u00e9rentes tailles, formes et \u00e9paisseurs. Les dalles de granit Royal Black Galaxy ont un magnifique fond gris fonc\u00e9 avec des mouchetures blanches. Une vari\u00e9t\u00e9 de dalles de granit noir est disponible sur le march\u00e9.<\/p>\n<p>Le granit noir que nous fournissons est disponible dans une vari\u00e9t\u00e9 de designs et de finitions tels que cisel\u00e9, poli, bouchard\u00e9, flamm\u00e9 et sabl\u00e9. Nous sommes l'un des principaux fournisseurs, exportateurs, fabricants et grossistes de granit noir offrant une large gamme de dalles de granit noir de premi\u00e8re qualit\u00e9 utilis\u00e9es pour les comptoirs.<\/p>\n<p>Le granit noir royal est un granit de haute qualit\u00e9, de couleur noire, provenant des mines de notre pays. La qualit\u00e9 sup\u00e9rieure de ce granit noir lui conf\u00e8re une caract\u00e9ristique tr\u00e8s attrayante. Nous sommes fournisseur de granit noir, ce produit peut \u00eatre utilis\u00e9 pour les comptoirs de cuisine, les comptoirs de salle de bain et les rev\u00eatements de sol.<\/p>\n<p>Il est \u00e9galement utilis\u00e9 \u00e0 des fins commerciales, notamment dans les halls d'entr\u00e9e, les bars et les restaurants, etc. Le granit noir royal est une pierre d\u00e9corative avec une couleur sombre fascinante et des veines uniques qui la rendent id\u00e9ale pour les cuisines, les salles de bains et les espaces ext\u00e9rieurs.<\/p>\n<div id=\"ali-title-AliPostDhMb-6q8vw\" style=\"padding: 8px 0; border-bottom: 1px solid #ddd;\"><span style=\"background-color: #ddd; color: #333; font-weight: bold; padding: 8px 10px; line-height: 12px;\">Description du produit<\/span><\/div>\n<div style=\"padding: 10px 0;\">\n<table class=\"aliDataTable\" style=\"color: #000000; font-family: Arial; font-size: 12px; font-style: normal; font-weight: 400; background-color: #ffffff; width: 698px; height: 226px; border: 1px solid #b3b3b3;\">\n<tbody>\n<tr>\n<td style=\"border: 1px solid #707070; width: 159.663px;\"><strong><span style=\"font-family: arial, helvetica, sans-serif; font-size: 14px;\">Nom du produit :<\/span><\/strong><\/td>\n<td style=\"border: 1px solid #707070; width: 553.337px;\"><span style=\"font-family: arial, helvetica, sans-serif; font-size: 14px;\">Granit divers<\/span><\/td>\n<\/tr>\n<tr>\n<td style=\"border: 1px solid #707070; width: 159.663px;\"><strong><span style=\"font-family: arial, helvetica, sans-serif; font-size: 14px;\">Mat\u00e9riau :<\/span><\/strong><\/td>\n<td style=\"border: 1px solid #707070; width: 553.337px;\"><span style=\"font-size: 14px;\">Granit<\/span><\/td>\n<\/tr>\n<tr>\n<td style=\"border: 1px solid #707070; width: 159.663px;\"><strong><span style=\"font-family: arial, helvetica, sans-serif; font-size: 14px;\">Couleur :<\/span><\/strong><\/td>\n<td style=\"border: 1px solid #707070; width: 553.337px;\"><span style=\"font-family: arial, helvetica, sans-serif; font-size: 14px;\">Blanc, noir, jaune, rouge, rose, gris, brun, bleu, vert, etc.<\/span><\/td>\n<\/tr>\n<tr>\n<td style=\"border: 1px solid #707070; width: 159.663px;\" rowspan=\"3\"><strong><span style=\"font-family: arial, helvetica, sans-serif; font-size: 14px;\">Taille :<\/span><\/strong><\/td>\n<td style=\"border: 1px solid #707070; width: 553.337px;\"><span style=\"text-decoration: underline;\"><span style=\"font-size: 14px;\">Carreaux disponibles <\/span><\/span><br \/>\n<span style=\"font-size: 14px;\">12\u2019x12\u2033,24\u2019x24\u2033,12\u2019x24\u2033,etc <\/span><span style=\"font-size: 14px;\">300x300mm,300x600mm,400x400mm,600x600mm,etc<\/span><\/td>\n<\/tr>\n<tr>\n<td style=\"border: 1px solid #707070; width: 553.337px;\"><span style=\"text-decoration: underline;\"><span style=\"font-size: 14px;\">Dalles disponibles <\/span><\/span><\/p>\n<p><span style=\"font-size: 14px;\">180cmUpx60UP,180cmUpx65cmUP,180cmUpx70cmUP,etc<\/span><br \/>\n<span style=\"font-size: 14px;\">240cmUpx120cmUP,etc<\/span><\/td>\n<\/tr>\n<tr>\n<td style=\"border: 1px solid #707070; width: 553.337px;\"><span style=\"font-family: arial, helvetica, sans-serif; font-size: 14px;\">Des sp\u00e9cifications personnalis\u00e9es sont disponibles<\/span><\/td>\n<\/tr>\n<tr>\n<td style=\"border: 1px solid #707070; width: 159.663px;\"><strong><span style=\"font-family: arial, helvetica, sans-serif; font-size: 14px;\">Tol\u00e9rance d'\u00e9paisseur :<\/span><\/strong><\/td>\n<td style=\"border: 1px solid #707070; width: 553.337px;\"><span style=\"font-family: arial, helvetica, sans-serif; font-size: 14px;\">\u00b10,05mm, \u00b11mm, \u00b11,5mm, \u00b12mm, selon les exigences de qualit\u00e9 du client<\/span><\/td>\n<\/tr>\n<tr>\n<td style=\"border: 1px solid #707070; width: 159.663px;\"><strong><span style=\"font-family: arial, helvetica, sans-serif; font-size: 14px;\">Surface :<\/span><\/strong><\/td>\n<td style=\"border: 1px solid #707070; width: 553.337px;\"><span style=\"font-family: arial, helvetica, sans-serif; font-size: 14px;\">P<\/span><span style=\"font-size: 14px;\">ol\u00e9, adouci, flamm\u00e9, sabl\u00e9, bouchard\u00e9, fendu naturel, flamm\u00e9 et bross\u00e9, etc.<\/span><\/td>\n<\/tr>\n<tr>\n<td style=\"border: 1px solid #707070; width: 159.663px;\"><strong><span style=\"font-family: arial, helvetica, sans-serif; font-size: 14px;\">Emballage :<\/span><\/strong><\/td>\n<td style=\"border: 1px solid #707070; width: 553.337px;\"><span style=\"font-size: 14px;\">Palettes en bois en \u00e9tat de navigabilit\u00e9, fardeaux en bois et caisses en bois<\/span><\/td>\n<\/tr>\n<tr>\n<td style=\"border: 1px solid #707070; width: 159.663px;\"><strong><span style=\"font-family: arial, helvetica, sans-serif; font-size: 14px;\">Application :<\/span><\/strong><\/td>\n<td style=\"border: 1px solid #707070; width: 553.337px;\"><span style=\"font-family: arial, helvetica, sans-serif; font-size: 14px;\">Sol, mur, motif, comptoir, d\u00e9coration int\u00e9rieure et ext\u00e9rieure<\/span><\/td>\n<\/tr>\n<tr>\n<td style=\"border: 1px solid #707070; width: 159.663px;\"><strong><span style=\"font-family: arial, helvetica, sans-serif; font-size: 14px;\">D\u00e9lai de livraison :<\/span><\/strong><\/td>\n<td style=\"border: 1px solid #707070; width: 553.337px;\"><span style=\"font-size: 14px;\">15-20 jours pour l'enregistrement<\/span><span style=\"font-family: arial, helvetica, sans-serif; font-size: 14px;\">tailles lar<\/span><\/td>\n<\/tr>\n<tr>\n<td style=\"border: 1px solid #707070; width: 159.663px;\"><strong><span style=\"font-family: arial, helvetica, sans-serif; font-size: 14px;\">Certificat :<\/span><\/strong><\/td>\n<td style=\"border: 1px solid #707070; width: 553.337px;\"><span style=\"font-family: arial, helvetica, sans-serif; font-size: 14px;\">CE, SGS<\/span><\/td>\n<\/tr>\n<tr>\n<td style=\"border: 1px solid #707070; width: 159.663px;\"><strong><span style=\"font-family: arial, helvetica, sans-serif; font-size: 14px;\">Conditions de paiement :<\/span><\/strong><\/td>\n<td style=\"border: 1px solid #707070; width: 553.337px;\"><span style=\"font-size: 14px;\">T\/T, L\/C, D<span style=\"color: #000000; font-family: Verdana, Arial, Helvetica, sans-serif; font-size: 14px; font-style: normal; font-weight: 400; background-color: #ffffff; float: none;\">\/<\/span>P<\/span><\/td>\n<\/tr>\n<tr>\n<td style=\"border: 1px solid #707070; width: 159.663px;\"><strong><span style=\"font-family: arial, helvetica, sans-serif; font-size: 14px;\">Avantage :<\/span><\/strong><\/td>\n<td style=\"border: 1px solid #707070; width: 553.337px;\"><span style=\"font-family: arial, helvetica, sans-serif; font-size: 14px;\">1) Service unique pour la pierre ;<\/span><\/p>\n<p><span style=\"font-family: arial, helvetica, sans-serif; font-size: 14px;\">2) poss\u00e8dent 3 carri\u00e8res et 9 usines ;<\/span><\/p>\n<p><span style=\"font-family: arial, helvetica, sans-serif; font-size: 14px;\">3) Des supports technologiques de pointe.<\/span><\/td>\n<\/tr>\n<tr>\n<td style=\"border: 1px solid #707070; width: 159.663px;\"><strong><span style=\"font-family: arial, helvetica, sans-serif; font-size: 14px;\">Assurance de la qualit\u00e9 et de la livraison :\u00a0<\/span><\/strong><\/td>\n<td style=\"border: 1px solid #707070; width: 553.337px;\"><span style=\"font-size: 14px;\">Tout au long du processus de production, du choix des mat\u00e9riaux \u00e0 l'emballage en passant par la fabrication, notre service de contr\u00f4le de la qualit\u00e9 contr\u00f4le rigoureusement chaque pi\u00e8ce et chaque processus afin de garantir le respect des normes de qualit\u00e9 et le respect des d\u00e9lais de livraison.<\/span><\/td>\n<\/tr>\n<\/tbody>\n<\/table>\n<p><img loading=\"lazy\" decoding=\"async\" class=\"alignnone size-full wp-image-26628\" src=\"http:\/\/stone-phoenix.com\/wp-content\/uploads\/2023\/12\/black-granite-supplier-black-star-galaxy-slab-8.jpg\" alt=\"\" width=\"907\" height=\"669\" srcset=\"https:\/\/stone-phoenix.com\/wp-content\/uploads\/2023\/12\/black-granite-supplier-black-star-galaxy-slab-8.jpg 907w, https:\/\/stone-phoenix.com\/wp-content\/uploads\/2023\/12\/black-granite-supplier-black-star-galaxy-slab-8-300x221.jpg 300w, https:\/\/stone-phoenix.com\/wp-content\/uploads\/2023\/12\/black-granite-supplier-black-star-galaxy-slab-8-768x566.jpg 768w, https:\/\/stone-phoenix.com\/wp-content\/uploads\/2023\/12\/black-granite-supplier-black-star-galaxy-slab-8-16x12.jpg 16w, https:\/\/stone-phoenix.com\/wp-content\/uploads\/2023\/12\/black-granite-supplier-black-star-galaxy-slab-8-600x443.jpg 600w, https:\/\/stone-phoenix.com\/wp-content\/uploads\/2023\/12\/black-granite-supplier-black-star-galaxy-slab-8-150x111.jpg 150w\" sizes=\"(max-width: 907px) 100vw, 907px\" \/><img loading=\"lazy\" decoding=\"async\" class=\"alignnone  wp-image-26624\" src=\"http:\/\/stone-phoenix.com\/wp-content\/uploads\/2023\/12\/black-granite-supplier-black-star-galaxy-slab-6.jpg\" alt=\"\" width=\"909\" height=\"809\" srcset=\"https:\/\/stone-phoenix.com\/wp-content\/uploads\/2023\/12\/black-granite-supplier-black-star-galaxy-slab-6.jpg 715w, https:\/\/stone-phoenix.com\/wp-content\/uploads\/2023\/12\/black-granite-supplier-black-star-galaxy-slab-6-300x267.jpg 300w, https:\/\/stone-phoenix.com\/wp-content\/uploads\/2023\/12\/black-granite-supplier-black-star-galaxy-slab-6-13x12.jpg 13w, https:\/\/stone-phoenix.com\/wp-content\/uploads\/2023\/12\/black-granite-supplier-black-star-galaxy-slab-6-600x534.jpg 600w, https:\/\/stone-phoenix.com\/wp-content\/uploads\/2023\/12\/black-granite-supplier-black-star-galaxy-slab-6-150x133.jpg 150w\" sizes=\"(max-width: 909px) 100vw, 909px\" \/><img loading=\"lazy\" decoding=\"async\" class=\"alignnone  wp-image-26631\" src=\"http:\/\/stone-phoenix.com\/wp-content\/uploads\/2023\/12\/black-granite-supplier-black-star-galaxy-slab-3-1.jpg\" alt=\"\" width=\"907\" height=\"696\" srcset=\"https:\/\/stone-phoenix.com\/wp-content\/uploads\/2023\/12\/black-granite-supplier-black-star-galaxy-slab-3-1.jpg 693w, https:\/\/stone-phoenix.com\/wp-content\/uploads\/2023\/12\/black-granite-supplier-black-star-galaxy-slab-3-1-300x230.jpg 300w, https:\/\/stone-phoenix.com\/wp-content\/uploads\/2023\/12\/black-granite-supplier-black-star-galaxy-slab-3-1-16x12.jpg 16w, https:\/\/stone-phoenix.com\/wp-content\/uploads\/2023\/12\/black-granite-supplier-black-star-galaxy-slab-3-1-600x461.jpg 600w, https:\/\/stone-phoenix.com\/wp-content\/uploads\/2023\/12\/black-granite-supplier-black-star-galaxy-slab-3-1-150x115.jpg 150w\" sizes=\"(max-width: 907px) 100vw, 907px\" \/><\/p>\n<\/div>\n<\/div>\n<div id=\"ali-anchor-AliPostDhMb-dzch4\" style=\"padding-top: 8px;\" data-section=\"AliPostDhMb-dzch4\" data-section-title=\"FAQ\">\n<div style=\"padding: 10px 0;\">\n<p><a target=\"_blank\" rel=\"noopener noreferrer\"><span style=\"font-size: 16px;\"><img loading=\"lazy\" decoding=\"async\" class=\"alignnone size-full wp-image-21082\" src=\"http:\/\/stone-phoenix.com\/wp-content\/uploads\/2023\/12\/1703881808.jpg\" width=\"750\" height=\"153\" srcset=\"https:\/\/stone-phoenix.com\/wp-content\/uploads\/2023\/12\/1703881808.jpg 750w, https:\/\/stone-phoenix.com\/wp-content\/uploads\/2023\/12\/1703881808-300x61.jpg 300w, https:\/\/stone-phoenix.com\/wp-content\/uploads\/2023\/12\/1703881808-18x4.jpg 18w, https:\/\/stone-phoenix.com\/wp-content\/uploads\/2023\/12\/1703881808-600x122.jpg 600w, https:\/\/stone-phoenix.com\/wp-content\/uploads\/2023\/12\/1703881808-150x31.jpg 150w\" sizes=\"(max-width: 750px) 100vw, 750px\" \/><\/span><\/a><\/p>\n<\/div>\n<\/div>\n<\/div>","protected":false},"excerpt":{"rendered":"<p>black granite supplier royal black granite black star galaxy slab granite for different applications Royal Black Galaxy Slabs is a<\/p>","protected":false},"featured_media":26624,"template":"","meta":[],"product_cat":[112],"product_tag":[],"_links":{"self":[{"href":"https:\/\/stone-phoenix.com\/fr\/wp-json\/wp\/v2\/product\/21079"}],"collection":[{"href":"https:\/\/stone-phoenix.com\/fr\/wp-json\/wp\/v2\/product"}],"about":[{"href":"https:\/\/stone-phoenix.com\/fr\/wp-json\/wp\/v2\/types\/product"}],"wp:featuredmedia":[{"embeddable":true,"href":"https:\/\/stone-phoenix.com\/fr\/wp-json\/wp\/v2\/media\/26624"}],"wp:attachment":[{"href":"https:\/\/stone-phoenix.com\/fr\/wp-json\/wp\/v2\/media?parent=21079"}],"wp:term":[{"taxonomy":"product_cat","embeddable":true,"href":"https:\/\/stone-phoenix.com\/fr\/wp-json\/wp\/v2\/product_cat?post=21079"},{"taxonomy":"product_tag","embeddable":true,"href":"https:\/\/stone-phoenix.com\/fr\/wp-json\/wp\/v2\/product_tag?post=21079"}],"curies":[{"name":"wp","href":"https:\/\/api.w.org\/{rel}","templated":true}]}}