{"id":21083,"date":"2023-12-29T20:30:13","date_gmt":"2023-12-29T12:30:13","guid":{"rendered":"http:\/\/stone-phoenix.com\/product\/marble-wall-panel-rustic-culture-slate-wall-stone"},"modified":"2024-03-27T16:58:15","modified_gmt":"2024-03-27T08:58:15","slug":"marble-wall-panel-rustic-culture-slate-wall-stone","status":"publish","type":"product","link":"https:\/\/stone-phoenix.com\/fr\/produit\/marble-wall-panel-rustic-culture-slate-wall-stone","title":{"rendered":"panneau mural en marbre culture rustique pierre murale en ardoise"},"content":{"rendered":"<div id=\"tab-description\" class=\"woocommerce-Tabs-panel woocommerce-Tabs-panel--description panel entry-content wc-tab\" role=\"tabpanel\" aria-labelledby=\"tab-title-description\">\n<h2>panneau mural en marbre culture rustique mur en ardoise rev\u00eatement mural en pierre<\/h2>\n<p>La pierre murale en ardoise de culture rustique convient au rev\u00eatement mural. Elle est utilis\u00e9e pour la d\u00e9coration des espaces r\u00e9sidentiels et des b\u00e2timents, tels que le salon, la chambre \u00e0 coucher, la cuisine, etc. Il ne s'agit pas d'un simple panneau mural, mais d'une \u0153uvre d'art avec ses propres caract\u00e9ristiques qui peut ajouter une sensation de chaleur et de confort \u00e0 la d\u00e9coration int\u00e9rieure de votre maison.<\/p>\n<p>Notre panneau mural en marbre est une ardoise rustique en pierre naturelle qui a \u00e9t\u00e9 d\u00e9coup\u00e9e en panneaux. Il s'agit d'un ajout fantastique \u00e0 votre maison, votre bureau ou tout autre b\u00e2timent. Ce panneau de pierre est un rev\u00eatement mural id\u00e9al. Il est fabriqu\u00e9 \u00e0 partir d'une pierre d'ardoise de la meilleure qualit\u00e9 et est poli pour obtenir une finition lisse. Le panneau offre un aspect rustique et naturel unique qui se marie bien avec n'importe quel style de d\u00e9coration int\u00e9rieure.<\/p>\n<p>La nature de la pierre v\u00e9ritable et sa faible porosit\u00e9 la rendent r\u00e9sistante \u00e0 la corrosion par l'eau, la chaleur et les produits chimiques. Durable et fiable, le marbre est un mat\u00e9riau de construction id\u00e9al pour votre maison car il peut \u00eatre coup\u00e9 et poli pour cr\u00e9er une finition unique.<\/p>\n<div id=\"ali-anchor-AliPostDhMb-6ydlg\" style=\"padding-top: 8px;\" data-section=\"AliPostDhMb-6ydlg\" data-section-title=\"Product Description\">\n<div id=\"ali-title-AliPostDhMb-6ydlg\" style=\"padding: 8px 0; border-bottom: 1px solid #ddd;\"><span style=\"background-color: #ddd; color: #333; font-weight: bold; padding: 8px 10px; line-height: 12px;\">Description du produit<\/span><\/div>\n<div style=\"padding: 10px 0;\">\n<table class=\"aliDataTable\" style=\"color: #000000; font-family: Arial; font-size: 12px; font-style: normal; font-weight: 400; background-color: #ffffff; width: 698px; height: 226px; border: 1px solid #b3b3b3;\">\n<tbody>\n<tr style=\"height: 21px;\">\n<td style=\"border: 1px solid #b3b3b3; width: 162px;\"><strong><span style=\"font-family: arial, helvetica, sans-serif; font-size: 14px;\">Mat\u00e9riau :<\/span><\/strong><\/td>\n<td style=\"border: 1px solid #b3b3b3; width: 545px;\">Culture rustique mur en ardoise rev\u00eatement mural en pierre<\/td>\n<\/tr>\n<tr style=\"height: 21px;\">\n<td style=\"border: 1px solid #b3b3b3; width: 162px;\"><strong><span style=\"font-family: arial, helvetica, sans-serif; font-size: 14px;\">Couleur :<\/span><\/strong><\/td>\n<td style=\"border: 1px solid #b3b3b3; width: 545px;\"><span style=\"font-family: arial, helvetica, sans-serif; font-size: 14px;\">Blanc, beige, noir, marron, gris, rouge, vert, bleu, etc.<\/span><\/td>\n<\/tr>\n<tr style=\"height: 21px;\">\n<td style=\"border: 1px solid #b3b3b3; width: 162px;\" rowspan=\"3\"><strong><span style=\"font-family: arial, helvetica, sans-serif; font-size: 14px;\">Taille :<\/span><\/strong><\/td>\n<td style=\"border: 1px solid #b3b3b3; width: 545px;\"><span style=\"font-family: arial, helvetica, sans-serif; font-size: 14px;\"><span style=\"text-decoration: underline;\">Carreaux disponibles<\/span> <\/span><br \/>\n<span style=\"font-family: arial, helvetica, sans-serif; font-size: 14px;\">12\u2032 X 12\u2033,24\u2032 X 24\u2033,12\u2032 X 24\u2033,etc 300x300mm,300x600mm,400x400mm,600x600mm,600\u00d71200,800\u00d7800,etc<\/span><\/td>\n<\/tr>\n<tr style=\"height: 21px;\">\n<td style=\"border: 1px solid #b3b3b3; width: 545px;\"><span style=\"font-family: arial, helvetica, sans-serif; font-size: 14px;\"><span style=\"text-decoration: underline;\">Grandes dalles disponibles<\/span>\u00a0 \u00a0 \u00a0 \u00a0 \u00a0 \u00a0 \u00a0 \u00a0 \u00a0 \u00a0 \u00a0 \u00a0 \u00a0 \u00a0 \u00a0 \u00a0 \u00a0 \u00a0 \u00a0 \u00a0 \u00a0 \u00a0 \u00a0 \u00a0 \u00a0 \u00a0 \u00a0 \u00a0 \u00a0 \u00a0 \u00a0 \u00a0 \u00a0 \u00a0 \u00a0 \u00a0 \u00a0 \u00a0 \u00a0 \u00a0 \u00a0 \u00a0 \u00a0 \u00a0 \u00a0 \u00a0 \u00a0 \u00a0 \u00a0 \u00a0 \u00a0 \u00a0 \u00a0 240cmUpx120UP<\/span><\/td>\n<\/tr>\n<tr style=\"height: 21px;\">\n<td style=\"border: 1px solid #b3b3b3; width: 545px;\"><span style=\"font-family: arial, helvetica, sans-serif; font-size: 14px;\">Des sp\u00e9cifications personnalis\u00e9es sont disponibles<\/span><\/td>\n<\/tr>\n<tr style=\"height: 21px;\">\n<td style=\"border: 1px solid #b3b3b3; width: 162px;\"><strong><span style=\"font-family: arial, helvetica, sans-serif; font-size: 14px;\">Tol\u00e9rance d'\u00e9paisseur :<\/span><\/strong><\/td>\n<td style=\"border: 1px solid #b3b3b3; width: 545px;\"><span style=\"font-size: 14px; font-family: arial, helvetica, sans-serif;\">\u00b10,05mm, \u00b11mm, \u00b11,5mm, \u00b12mm, selon les exigences de qualit\u00e9 du client<\/span><\/td>\n<\/tr>\n<tr style=\"height: 21px;\">\n<td style=\"border: 1px solid #b3b3b3; width: 162px;\"><strong><span style=\"font-family: arial, helvetica, sans-serif; font-size: 14px;\">Surface :<\/span><\/strong><\/td>\n<td style=\"border: 1px solid #b3b3b3; width: 545px;\"><span style=\"font-size: 14px; font-family: arial, helvetica, sans-serif;\">Poli, adouci, assorti au livre, antique, rainur\u00e9, bross\u00e9, d\u00e9cap\u00e9, sabl\u00e9, jet d'eau, etc.<\/span><\/td>\n<\/tr>\n<tr style=\"height: auto;\">\n<td style=\"border: 1px solid #b3b3b3; width: 162px;\"><strong><span style=\"font-family: arial, helvetica, sans-serif; font-size: 14px;\">Emballage :<\/span><\/strong><\/td>\n<td style=\"border: 1px solid #b3b3b3; width: 545px;\"><span style=\"font-family: arial, helvetica, sans-serif; font-size: 14px;\"> Fardeaux et caisses en bois en \u00e9tat de navigabilit\u00e9<\/span><\/td>\n<\/tr>\n<tr style=\"height: 21px;\">\n<td style=\"border: 1px solid #b3b3b3; width: 162px;\"><strong><span style=\"font-family: arial, helvetica, sans-serif; font-size: 14px;\">Application :<\/span><\/strong><\/td>\n<td style=\"border: 1px solid #b3b3b3; width: 545px;\"><span style=\"font-family: arial, helvetica, sans-serif; font-size: 14px;\">Mur int\u00e9rieur, sol, plinthe, mur de fond, comptoir, escalier, etc.<\/span><\/td>\n<\/tr>\n<tr style=\"height: 21px;\">\n<td style=\"border: 1px solid #b3b3b3; width: 162px;\"><strong><span style=\"font-family: arial, helvetica, sans-serif; font-size: 14px;\">D\u00e9lai de livraison :<\/span><\/strong><\/td>\n<td style=\"border: 1px solid #b3b3b3; width: 545px;\"><span style=\"font-family: arial, helvetica, sans-serif; font-size: 14px;\"> 15-20 jours pour les tailles normales<\/span><\/td>\n<\/tr>\n<tr style=\"height: 21px;\">\n<td style=\"border: 1px solid #b3b3b3; width: 162px;\"><strong><span style=\"font-family: arial, helvetica, sans-serif; font-size: 14px;\">Certificat :<\/span><\/strong><\/td>\n<td style=\"border: 1px solid #b3b3b3; width: 545px;\"><span style=\"font-family: arial, helvetica, sans-serif; font-size: 14px;\">CE, SGS<\/span><\/td>\n<\/tr>\n<tr style=\"height: 21px;\">\n<td style=\"border: 1px solid #b3b3b3; width: 162px;\"><strong><span style=\"font-family: arial, helvetica, sans-serif; font-size: 14px;\">Conditions de paiement :<\/span><\/strong><\/td>\n<td style=\"border: 1px solid #b3b3b3; width: 545px;\"><span style=\"font-family: arial, helvetica, sans-serif; font-size: 14px;\">T\/T, L\/C, D\/P<\/span><\/td>\n<\/tr>\n<tr style=\"height: 42px;\">\n<td style=\"border: 1px solid #b3b3b3; width: 162px;\"><strong><span style=\"font-family: arial, helvetica, sans-serif; font-size: 14px;\">Avantage :<\/span><\/strong><\/td>\n<td style=\"border: 1px solid #b3b3b3; width: 545px;\"><span style=\"font-family: arial, helvetica, sans-serif; font-size: 14px;\">1) Service unique pour la pierre ;<\/span><\/p>\n<p><span style=\"font-family: arial, helvetica, sans-serif; font-size: 14px;\">2) Poss\u00e9der 3 carri\u00e8res et 9 usines ;<\/span><\/p>\n<p><span style=\"font-family: arial, helvetica, sans-serif; font-size: 14px;\">3) Des supports technologiques de pointe.<\/span><\/td>\n<\/tr>\n<tr style=\"height: 42px;\">\n<td style=\"border: 1px solid #b3b3b3; width: 162px;\"><strong><span style=\"font-family: arial, helvetica, sans-serif; font-size: 14px;\">Assurance de la qualit\u00e9 et de la livraison :\u00a0<\/span><\/strong><\/td>\n<td style=\"border: 1px solid #b3b3b3; width: 545px;\"><span style=\"font-family: arial, helvetica, sans-serif; font-size: 14px;\">Tout au long du processus de production, du choix des mat\u00e9riaux \u00e0 l'emballage en passant par la fabrication, notre service de contr\u00f4le de la qualit\u00e9 contr\u00f4le rigoureusement chaque pi\u00e8ce et chaque processus afin de garantir le respect des normes de qualit\u00e9 et le respect des d\u00e9lais de livraison.<\/span><\/td>\n<\/tr>\n<\/tbody>\n<\/table>\n<p><img loading=\"lazy\" decoding=\"async\" class=\"alignnone size-full wp-image-26619\" src=\"http:\/\/stone-phoenix.com\/wp-content\/uploads\/2023\/12\/marble-wall-panel-rustic-culture-slate-wall-stone-8.jpg\" alt=\"\" width=\"1083\" height=\"802\" srcset=\"https:\/\/stone-phoenix.com\/wp-content\/uploads\/2023\/12\/marble-wall-panel-rustic-culture-slate-wall-stone-8.jpg 1083w, https:\/\/stone-phoenix.com\/wp-content\/uploads\/2023\/12\/marble-wall-panel-rustic-culture-slate-wall-stone-8-300x222.jpg 300w, https:\/\/stone-phoenix.com\/wp-content\/uploads\/2023\/12\/marble-wall-panel-rustic-culture-slate-wall-stone-8-1024x758.jpg 1024w, https:\/\/stone-phoenix.com\/wp-content\/uploads\/2023\/12\/marble-wall-panel-rustic-culture-slate-wall-stone-8-768x569.jpg 768w, https:\/\/stone-phoenix.com\/wp-content\/uploads\/2023\/12\/marble-wall-panel-rustic-culture-slate-wall-stone-8-16x12.jpg 16w, https:\/\/stone-phoenix.com\/wp-content\/uploads\/2023\/12\/marble-wall-panel-rustic-culture-slate-wall-stone-8-600x444.jpg 600w, https:\/\/stone-phoenix.com\/wp-content\/uploads\/2023\/12\/marble-wall-panel-rustic-culture-slate-wall-stone-8-150x111.jpg 150w\" sizes=\"(max-width: 1083px) 100vw, 1083px\" \/><img loading=\"lazy\" decoding=\"async\" class=\"alignnone size-full wp-image-26620\" src=\"http:\/\/stone-phoenix.com\/wp-content\/uploads\/2023\/12\/marble-wall-panel-rustic-culture-slate-wall-stone-9.jpg\" alt=\"\" width=\"1057\" height=\"823\" srcset=\"https:\/\/stone-phoenix.com\/wp-content\/uploads\/2023\/12\/marble-wall-panel-rustic-culture-slate-wall-stone-9.jpg 1057w, https:\/\/stone-phoenix.com\/wp-content\/uploads\/2023\/12\/marble-wall-panel-rustic-culture-slate-wall-stone-9-300x234.jpg 300w, https:\/\/stone-phoenix.com\/wp-content\/uploads\/2023\/12\/marble-wall-panel-rustic-culture-slate-wall-stone-9-1024x797.jpg 1024w, https:\/\/stone-phoenix.com\/wp-content\/uploads\/2023\/12\/marble-wall-panel-rustic-culture-slate-wall-stone-9-768x598.jpg 768w, https:\/\/stone-phoenix.com\/wp-content\/uploads\/2023\/12\/marble-wall-panel-rustic-culture-slate-wall-stone-9-15x12.jpg 15w, https:\/\/stone-phoenix.com\/wp-content\/uploads\/2023\/12\/marble-wall-panel-rustic-culture-slate-wall-stone-9-600x467.jpg 600w, https:\/\/stone-phoenix.com\/wp-content\/uploads\/2023\/12\/marble-wall-panel-rustic-culture-slate-wall-stone-9-150x117.jpg 150w\" sizes=\"(max-width: 1057px) 100vw, 1057px\" \/><img loading=\"lazy\" decoding=\"async\" class=\"alignnone size-full wp-image-26621\" src=\"http:\/\/stone-phoenix.com\/wp-content\/uploads\/2023\/12\/marble-wall-panel-rustic-culture-slate-wall-stone-10.jpg\" alt=\"\" width=\"1123\" height=\"987\" srcset=\"https:\/\/stone-phoenix.com\/wp-content\/uploads\/2023\/12\/marble-wall-panel-rustic-culture-slate-wall-stone-10.jpg 1123w, https:\/\/stone-phoenix.com\/wp-content\/uploads\/2023\/12\/marble-wall-panel-rustic-culture-slate-wall-stone-10-300x264.jpg 300w, https:\/\/stone-phoenix.com\/wp-content\/uploads\/2023\/12\/marble-wall-panel-rustic-culture-slate-wall-stone-10-1024x900.jpg 1024w, https:\/\/stone-phoenix.com\/wp-content\/uploads\/2023\/12\/marble-wall-panel-rustic-culture-slate-wall-stone-10-768x675.jpg 768w, https:\/\/stone-phoenix.com\/wp-content\/uploads\/2023\/12\/marble-wall-panel-rustic-culture-slate-wall-stone-10-14x12.jpg 14w, https:\/\/stone-phoenix.com\/wp-content\/uploads\/2023\/12\/marble-wall-panel-rustic-culture-slate-wall-stone-10-600x527.jpg 600w, https:\/\/stone-phoenix.com\/wp-content\/uploads\/2023\/12\/marble-wall-panel-rustic-culture-slate-wall-stone-10-150x132.jpg 150w\" sizes=\"(max-width: 1123px) 100vw, 1123px\" \/><img loading=\"lazy\" decoding=\"async\" class=\"alignnone  wp-image-26622\" src=\"http:\/\/stone-phoenix.com\/wp-content\/uploads\/2023\/12\/marble-wall-panel-rustic-culture-slate-wall-stone-5-1.jpg\" alt=\"\" width=\"956\" height=\"716\" srcset=\"https:\/\/stone-phoenix.com\/wp-content\/uploads\/2023\/12\/marble-wall-panel-rustic-culture-slate-wall-stone-5-1.jpg 694w, https:\/\/stone-phoenix.com\/wp-content\/uploads\/2023\/12\/marble-wall-panel-rustic-culture-slate-wall-stone-5-1-300x225.jpg 300w, https:\/\/stone-phoenix.com\/wp-content\/uploads\/2023\/12\/marble-wall-panel-rustic-culture-slate-wall-stone-5-1-16x12.jpg 16w, https:\/\/stone-phoenix.com\/wp-content\/uploads\/2023\/12\/marble-wall-panel-rustic-culture-slate-wall-stone-5-1-600x450.jpg 600w, https:\/\/stone-phoenix.com\/wp-content\/uploads\/2023\/12\/marble-wall-panel-rustic-culture-slate-wall-stone-5-1-150x112.jpg 150w\" sizes=\"(max-width: 956px) 100vw, 956px\" \/><img loading=\"lazy\" decoding=\"async\" class=\"alignnone size-full wp-image-26623\" src=\"http:\/\/stone-phoenix.com\/wp-content\/uploads\/2023\/12\/marble-wall-panel-rustic-culture-slate-wall-stone-7.jpg\" alt=\"\" width=\"1048\" height=\"634\" srcset=\"https:\/\/stone-phoenix.com\/wp-content\/uploads\/2023\/12\/marble-wall-panel-rustic-culture-slate-wall-stone-7.jpg 1048w, https:\/\/stone-phoenix.com\/wp-content\/uploads\/2023\/12\/marble-wall-panel-rustic-culture-slate-wall-stone-7-300x181.jpg 300w, https:\/\/stone-phoenix.com\/wp-content\/uploads\/2023\/12\/marble-wall-panel-rustic-culture-slate-wall-stone-7-1024x619.jpg 1024w, https:\/\/stone-phoenix.com\/wp-content\/uploads\/2023\/12\/marble-wall-panel-rustic-culture-slate-wall-stone-7-768x465.jpg 768w, https:\/\/stone-phoenix.com\/wp-content\/uploads\/2023\/12\/marble-wall-panel-rustic-culture-slate-wall-stone-7-18x12.jpg 18w, https:\/\/stone-phoenix.com\/wp-content\/uploads\/2023\/12\/marble-wall-panel-rustic-culture-slate-wall-stone-7-600x363.jpg 600w, https:\/\/stone-phoenix.com\/wp-content\/uploads\/2023\/12\/marble-wall-panel-rustic-culture-slate-wall-stone-7-150x91.jpg 150w\" sizes=\"(max-width: 1048px) 100vw, 1048px\" \/><\/p>\n<\/div>\n<\/div>\n<\/div>","protected":false},"excerpt":{"rendered":"<p>marble wall panel rustic culture slate wall stone wall cladding the rustic culture slate wall stone is suitable for wall<\/p>","protected":false},"featured_media":26613,"template":"","meta":[],"product_cat":[112],"product_tag":[],"_links":{"self":[{"href":"https:\/\/stone-phoenix.com\/fr\/wp-json\/wp\/v2\/product\/21083"}],"collection":[{"href":"https:\/\/stone-phoenix.com\/fr\/wp-json\/wp\/v2\/product"}],"about":[{"href":"https:\/\/stone-phoenix.com\/fr\/wp-json\/wp\/v2\/types\/product"}],"wp:featuredmedia":[{"embeddable":true,"href":"https:\/\/stone-phoenix.com\/fr\/wp-json\/wp\/v2\/media\/26613"}],"wp:attachment":[{"href":"https:\/\/stone-phoenix.com\/fr\/wp-json\/wp\/v2\/media?parent=21083"}],"wp:term":[{"taxonomy":"product_cat","embeddable":true,"href":"https:\/\/stone-phoenix.com\/fr\/wp-json\/wp\/v2\/product_cat?post=21083"},{"taxonomy":"product_tag","embeddable":true,"href":"https:\/\/stone-phoenix.com\/fr\/wp-json\/wp\/v2\/product_tag?post=21083"}],"curies":[{"name":"wp","href":"https:\/\/api.w.org\/{rel}","templated":true}]}}