{"id":21095,"date":"2023-12-29T20:30:33","date_gmt":"2023-12-29T12:30:33","guid":{"rendered":"http:\/\/stone-phoenix.com\/product\/flame-yellow-granite-tile-rust-chinese-g682"},"modified":"2024-03-27T16:32:02","modified_gmt":"2024-03-27T08:32:02","slug":"flame-yellow-granite-tile-rust-chinese-g682","status":"publish","type":"product","link":"https:\/\/stone-phoenix.com\/fr\/produit\/flame-yellow-granite-tile-rust-chinese-g682","title":{"rendered":"Carreau de granit jaune rouille chinois G682"},"content":{"rendered":"<div id=\"tab-description\" class=\"woocommerce-Tabs-panel woocommerce-Tabs-panel--description panel entry-content wc-tab\" role=\"tabpanel\" aria-labelledby=\"tab-title-description\">\n<div id=\"ali-anchor-AliPostDhMb-6q8vw\" style=\"padding-top: 8px;\" data-section=\"AliPostDhMb-6q8vw\" data-section-title=\"Product Description\">\n<h2>Carreau de granit jaune rouille chinois G682<\/h2>\n<p>Ajoutez une touche de couleur \u00e0 votre cuisine avec le granit Flame Yellow. Ce granit a une apparence \u00e9l\u00e9gante, avec des veines lumineuses et une finition brillante. C'est l'un des granits les plus populaires sur le march\u00e9 car il se marie bien avec de nombreux styles diff\u00e9rents, y compris les cuisines contemporaines et traditionnelles. Il s'agit d'une pierre naturelle rustique aux nuances vari\u00e9es d'or et de brun, avec quelques tons d'orange.<\/p>\n<p>Le granit Flame Yellow a un ton chaud de brun ros\u00e9 et est une pierre qui a r\u00e9sist\u00e9 \u00e0 l'\u00e9preuve du temps. Cette couleur intemporelle peut rehausser le design de n'importe quelle cuisine ou salle de bain. Il est largement utilis\u00e9 dans la cuisine, le salon, la salle de bain et la salle \u00e0 manger. Sa bonne r\u00e9sistance \u00e0 la chaleur en fait le meilleur choix pour un comptoir ou un sol. Il poss\u00e8de la robustesse, la densit\u00e9, la polissabilit\u00e9 et la grande endurance n\u00e9cessaires pour \u00eatre utilis\u00e9 dans un environnement corrosif.<\/p>\n<p>Vous \u00eates \u00e0 la recherche d'un granit jaune unique que vous pouvez utiliser \u00e0 l'ext\u00e9rieur ? Le Flame Yellow Granite est un magnifique granit gris-jaune avec un motif flamm\u00e9 subtil. Il est parfait pour les murs de jardin, le pavage ou toute surface ext\u00e9rieure expos\u00e9e \u00e0 la pluie et \u00e0 l'humidit\u00e9. Utilisez-le pour rendre votre maison unique en son genreLes tons riches et profonds du rouge en font un ajout magnifique \u00e0 tout projet de d\u00e9coration int\u00e9rieure. L'aspect chaud et accueillant de la pierre lui conf\u00e8re une certaine \u00e9l\u00e9gance, tandis que sa durabilit\u00e9 la rend parfaite pour les zones tr\u00e8s fr\u00e9quent\u00e9es telles que les cuisines et les salles de bains.<\/p>\n<p>Notre granit jaune flamme est une pierre magnifique et \u00e9tonnante, tr\u00e8s durable et facile \u00e0 entretenir. Il s'agit d'une pierre magnifique qui convient \u00e0 presque tous les environnements et qui peut \u00eatre utilis\u00e9e dans des projets \u00e0 budget r\u00e9duit. Cette pierre peut \u00eatre utilis\u00e9e pour les comptoirs de cuisine, les vanit\u00e9s de salle de bain et les rev\u00eatements de sol. La photo ci-dessus montre un bord poli au laser.<\/p>\n<div id=\"ali-title-AliPostDhMb-6q8vw\" style=\"padding: 8px 0; border-bottom: 1px solid #ddd;\"><span style=\"background-color: #ddd; color: #333; font-weight: bold; padding: 8px 10px; line-height: 12px;\">Description du produit<\/span><\/div>\n<div style=\"padding: 10px 0;\">\n<table class=\"aliDataTable\" style=\"color: #000000; font-family: Arial; font-size: 12px; font-style: normal; font-weight: 400; background-color: #ffffff; width: 698px; height: 226px; border: 1px solid #b3b3b3;\">\n<tbody>\n<tr>\n<td style=\"border: 1px solid #707070; width: 159.663px;\"><strong><span style=\"font-family: arial, helvetica, sans-serif; font-size: 14px;\">Nom du produit :<\/span><\/strong><\/td>\n<td style=\"border: 1px solid #707070; width: 553.337px;\"><span style=\"font-family: arial, helvetica, sans-serif; font-size: 14px;\">Granit divers<\/span><\/td>\n<\/tr>\n<tr>\n<td style=\"border: 1px solid #707070; width: 159.663px;\"><strong><span style=\"font-family: arial, helvetica, sans-serif; font-size: 14px;\">Mat\u00e9riau :<\/span><\/strong><\/td>\n<td style=\"border: 1px solid #707070; width: 553.337px;\"><span style=\"font-size: 14px;\">Granit<\/span><\/td>\n<\/tr>\n<tr>\n<td style=\"border: 1px solid #707070; width: 159.663px;\"><strong><span style=\"font-family: arial, helvetica, sans-serif; font-size: 14px;\">Couleur :<\/span><\/strong><\/td>\n<td style=\"border: 1px solid #707070; width: 553.337px;\"><span style=\"font-family: arial, helvetica, sans-serif; font-size: 14px;\">Blanc, noir, jaune, rouge, rose, gris, brun, bleu, vert, etc.<\/span><\/td>\n<\/tr>\n<tr>\n<td style=\"border: 1px solid #707070; width: 159.663px;\" rowspan=\"3\"><strong><span style=\"font-family: arial, helvetica, sans-serif; font-size: 14px;\">Taille :<\/span><\/strong><\/td>\n<td style=\"border: 1px solid #707070; width: 553.337px;\"><span style=\"text-decoration: underline;\"><span style=\"font-size: 14px;\">Carreaux disponibles <\/span><\/span><br \/>\n<span style=\"font-size: 14px;\">12\u2019x12\u2033,24\u2019x24\u2033,12\u2019x24\u2033,etc <\/span><span style=\"font-size: 14px;\">300x300mm,300x600mm,400x400mm,600x600mm,etc<\/span><\/td>\n<\/tr>\n<tr>\n<td style=\"border: 1px solid #707070; width: 553.337px;\"><span style=\"text-decoration: underline;\"><span style=\"font-size: 14px;\">Dalles disponibles <\/span><\/span><\/p>\n<p><span style=\"font-size: 14px;\">180cmUpx60UP,180cmUpx65cmUP,180cmUpx70cmUP,etc<\/span><br \/>\n<span style=\"font-size: 14px;\">240cmUpx120cmUP,etc<\/span><\/td>\n<\/tr>\n<tr>\n<td style=\"border: 1px solid #707070; width: 553.337px;\"><span style=\"font-family: arial, helvetica, sans-serif; font-size: 14px;\">Des sp\u00e9cifications personnalis\u00e9es sont disponibles<\/span><\/td>\n<\/tr>\n<tr>\n<td style=\"border: 1px solid #707070; width: 159.663px;\"><strong><span style=\"font-family: arial, helvetica, sans-serif; font-size: 14px;\">Tol\u00e9rance d'\u00e9paisseur :<\/span><\/strong><\/td>\n<td style=\"border: 1px solid #707070; width: 553.337px;\"><span style=\"font-family: arial, helvetica, sans-serif; font-size: 14px;\">\u00b10,05mm, \u00b11mm, \u00b11,5mm, \u00b12mm, selon les exigences de qualit\u00e9 du client<\/span><\/td>\n<\/tr>\n<tr>\n<td style=\"border: 1px solid #707070; width: 159.663px;\"><strong><span style=\"font-family: arial, helvetica, sans-serif; font-size: 14px;\">Surface :<\/span><\/strong><\/td>\n<td style=\"border: 1px solid #707070; width: 553.337px;\"><span style=\"font-family: arial, helvetica, sans-serif; font-size: 14px;\">P<\/span><span style=\"font-size: 14px;\">ol\u00e9, adouci, flamm\u00e9, sabl\u00e9, bouchard\u00e9, fendu naturel, flamm\u00e9 et bross\u00e9, etc.<\/span><\/td>\n<\/tr>\n<tr>\n<td style=\"border: 1px solid #707070; width: 159.663px;\"><strong><span style=\"font-family: arial, helvetica, sans-serif; font-size: 14px;\">Emballage :<\/span><\/strong><\/td>\n<td style=\"border: 1px solid #707070; width: 553.337px;\"><span style=\"font-size: 14px;\">Palettes en bois en \u00e9tat de navigabilit\u00e9, fardeaux en bois et caisses en bois<\/span><\/td>\n<\/tr>\n<tr>\n<td style=\"border: 1px solid #707070; width: 159.663px;\"><strong><span style=\"font-family: arial, helvetica, sans-serif; font-size: 14px;\">Application :<\/span><\/strong><\/td>\n<td style=\"border: 1px solid #707070; width: 553.337px;\"><span style=\"font-family: arial, helvetica, sans-serif; font-size: 14px;\">Sol, mur, motif, comptoir, d\u00e9coration int\u00e9rieure et ext\u00e9rieure<\/span><\/td>\n<\/tr>\n<tr>\n<td style=\"border: 1px solid #707070; width: 159.663px;\"><strong><span style=\"font-family: arial, helvetica, sans-serif; font-size: 14px;\">D\u00e9lai de livraison :<\/span><\/strong><\/td>\n<td style=\"border: 1px solid #707070; width: 553.337px;\"><span style=\"font-size: 14px;\">15-20 jours pour l'enregistrement<\/span><span style=\"font-family: arial, helvetica, sans-serif; font-size: 14px;\">tailles lar<\/span><\/td>\n<\/tr>\n<tr>\n<td style=\"border: 1px solid #707070; width: 159.663px;\"><strong><span style=\"font-family: arial, helvetica, sans-serif; font-size: 14px;\">Certificat :<\/span><\/strong><\/td>\n<td style=\"border: 1px solid #707070; width: 553.337px;\"><span style=\"font-family: arial, helvetica, sans-serif; font-size: 14px;\">CE, SGS<\/span><\/td>\n<\/tr>\n<tr>\n<td style=\"border: 1px solid #707070; width: 159.663px;\"><strong><span style=\"font-family: arial, helvetica, sans-serif; font-size: 14px;\">Conditions de paiement :<\/span><\/strong><\/td>\n<td style=\"border: 1px solid #707070; width: 553.337px;\"><span style=\"font-size: 14px;\">T\/T, L\/C, D<span style=\"color: #000000; font-family: Verdana, Arial, Helvetica, sans-serif; font-size: 14px; font-style: normal; font-weight: 400; background-color: #ffffff; float: none;\">\/<\/span>P<\/span><\/td>\n<\/tr>\n<tr>\n<td style=\"border: 1px solid #707070; width: 159.663px;\"><strong><span style=\"font-family: arial, helvetica, sans-serif; font-size: 14px;\">Avantage :<\/span><\/strong><\/td>\n<td style=\"border: 1px solid #707070; width: 553.337px;\"><span style=\"font-family: arial, helvetica, sans-serif; font-size: 14px;\">1) Service unique pour la pierre ;<\/span><\/p>\n<p><span style=\"font-family: arial, helvetica, sans-serif; font-size: 14px;\">2) poss\u00e8dent 3 carri\u00e8res et 9 usines ;<\/span><\/p>\n<p><span style=\"font-family: arial, helvetica, sans-serif; font-size: 14px;\">3) Des supports technologiques de pointe.<\/span><\/td>\n<\/tr>\n<tr>\n<td style=\"border: 1px solid #707070; width: 159.663px;\"><strong><span style=\"font-family: arial, helvetica, sans-serif; font-size: 14px;\">Assurance de la qualit\u00e9 et de la livraison :\u00a0<\/span><\/strong><\/td>\n<td style=\"border: 1px solid #707070; width: 553.337px;\"><span style=\"font-size: 14px;\">Tout au long du processus de production, du choix des mat\u00e9riaux \u00e0 l'emballage en passant par la fabrication, notre service de contr\u00f4le de la qualit\u00e9 contr\u00f4le rigoureusement chaque pi\u00e8ce et chaque processus afin de garantir le respect des normes de qualit\u00e9 et le respect des d\u00e9lais de livraison.<\/span><\/td>\n<\/tr>\n<\/tbody>\n<\/table>\n<p>&nbsp;<\/p>\n<p>&nbsp;<\/p>\n<p><img loading=\"lazy\" decoding=\"async\" class=\"alignnone size-full wp-image-26602\" src=\"http:\/\/stone-phoenix.com\/wp-content\/uploads\/2023\/12\/Flame-Yellow-Granite-Tile-Rust-Chinese-G682-6.jpg\" alt=\"\" width=\"1122\" height=\"1289\" srcset=\"https:\/\/stone-phoenix.com\/wp-content\/uploads\/2023\/12\/Flame-Yellow-Granite-Tile-Rust-Chinese-G682-6.jpg 1122w, https:\/\/stone-phoenix.com\/wp-content\/uploads\/2023\/12\/Flame-Yellow-Granite-Tile-Rust-Chinese-G682-6-261x300.jpg 261w, https:\/\/stone-phoenix.com\/wp-content\/uploads\/2023\/12\/Flame-Yellow-Granite-Tile-Rust-Chinese-G682-6-891x1024.jpg 891w, https:\/\/stone-phoenix.com\/wp-content\/uploads\/2023\/12\/Flame-Yellow-Granite-Tile-Rust-Chinese-G682-6-768x882.jpg 768w, https:\/\/stone-phoenix.com\/wp-content\/uploads\/2023\/12\/Flame-Yellow-Granite-Tile-Rust-Chinese-G682-6-10x12.jpg 10w, https:\/\/stone-phoenix.com\/wp-content\/uploads\/2023\/12\/Flame-Yellow-Granite-Tile-Rust-Chinese-G682-6-600x689.jpg 600w, https:\/\/stone-phoenix.com\/wp-content\/uploads\/2023\/12\/Flame-Yellow-Granite-Tile-Rust-Chinese-G682-6-150x172.jpg 150w\" sizes=\"(max-width: 1122px) 100vw, 1122px\" \/><img loading=\"lazy\" decoding=\"async\" class=\"alignnone size-full wp-image-26604\" src=\"http:\/\/stone-phoenix.com\/wp-content\/uploads\/2023\/12\/Flame-Yellow-Granite-Tile-Rust-Chinese-G682-4.jpg\" alt=\"\" width=\"1120\" height=\"1087\" srcset=\"https:\/\/stone-phoenix.com\/wp-content\/uploads\/2023\/12\/Flame-Yellow-Granite-Tile-Rust-Chinese-G682-4.jpg 1120w, https:\/\/stone-phoenix.com\/wp-content\/uploads\/2023\/12\/Flame-Yellow-Granite-Tile-Rust-Chinese-G682-4-300x291.jpg 300w, https:\/\/stone-phoenix.com\/wp-content\/uploads\/2023\/12\/Flame-Yellow-Granite-Tile-Rust-Chinese-G682-4-1024x994.jpg 1024w, https:\/\/stone-phoenix.com\/wp-content\/uploads\/2023\/12\/Flame-Yellow-Granite-Tile-Rust-Chinese-G682-4-768x745.jpg 768w, https:\/\/stone-phoenix.com\/wp-content\/uploads\/2023\/12\/Flame-Yellow-Granite-Tile-Rust-Chinese-G682-4-12x12.jpg 12w, https:\/\/stone-phoenix.com\/wp-content\/uploads\/2023\/12\/Flame-Yellow-Granite-Tile-Rust-Chinese-G682-4-600x582.jpg 600w, https:\/\/stone-phoenix.com\/wp-content\/uploads\/2023\/12\/Flame-Yellow-Granite-Tile-Rust-Chinese-G682-4-150x146.jpg 150w\" sizes=\"(max-width: 1120px) 100vw, 1120px\" \/><\/p>\n<\/div>\n<\/div>\n<\/div>","protected":false},"excerpt":{"rendered":"<p>Flame Yellow Granite Tile Rust Chinese G682 Add a burst of color to your kitchen with Flame Yellow Granite. This<\/p>","protected":false},"featured_media":26601,"template":"","meta":[],"product_cat":[112],"product_tag":[],"_links":{"self":[{"href":"https:\/\/stone-phoenix.com\/fr\/wp-json\/wp\/v2\/product\/21095"}],"collection":[{"href":"https:\/\/stone-phoenix.com\/fr\/wp-json\/wp\/v2\/product"}],"about":[{"href":"https:\/\/stone-phoenix.com\/fr\/wp-json\/wp\/v2\/types\/product"}],"wp:featuredmedia":[{"embeddable":true,"href":"https:\/\/stone-phoenix.com\/fr\/wp-json\/wp\/v2\/media\/26601"}],"wp:attachment":[{"href":"https:\/\/stone-phoenix.com\/fr\/wp-json\/wp\/v2\/media?parent=21095"}],"wp:term":[{"taxonomy":"product_cat","embeddable":true,"href":"https:\/\/stone-phoenix.com\/fr\/wp-json\/wp\/v2\/product_cat?post=21095"},{"taxonomy":"product_tag","embeddable":true,"href":"https:\/\/stone-phoenix.com\/fr\/wp-json\/wp\/v2\/product_tag?post=21095"}],"curies":[{"name":"wp","href":"https:\/\/api.w.org\/{rel}","templated":true}]}}