{"id":21107,"date":"2023-12-29T20:30:55","date_gmt":"2023-12-29T12:30:55","guid":{"rendered":"http:\/\/stone-phoenix.com\/product\/spray-white-granite"},"modified":"2024-03-27T15:55:00","modified_gmt":"2024-03-27T07:55:00","slug":"spray-white-granite","status":"publish","type":"product","link":"https:\/\/stone-phoenix.com\/fr\/produit\/spray-white-granite","title":{"rendered":"Granit blanc pulv\u00e9ris\u00e9"},"content":{"rendered":"<div id=\"tab-description\" class=\"woocommerce-Tabs-panel woocommerce-Tabs-panel--description panel entry-content wc-tab\" role=\"tabpanel\" aria-labelledby=\"tab-title-description\">\n<p><span style=\"font-size: 18pt;\">Plaque de surface en granit chinois Spray White Granite<\/span><\/p>\n<p>Le granit blanc pulv\u00e9ris\u00e9 est un mat\u00e9riau composite dont les couleurs et la texture sont naturelles, similaires \u00e0 la texture et au motif du mat\u00e9riau, mais avec une vari\u00e9t\u00e9 de couleurs pouvant \u00eatre personnalis\u00e9es, au choix.<\/p>\n<p>La plaque de surface pour granit chinois est un rev\u00eatement r\u00e9volutionnaire qui permet d'appliquer une finition ultra-blanche et non poreuse sur la pierre. Il est sp\u00e9cialement con\u00e7u pour donner un aspect rustique et ancien aux sols et constitue un choix id\u00e9al pour leur donner un aspect antique et traditionnel.<\/p>\n<p>Il ne prend que quelques minutes, ne n\u00e9cessite aucun m\u00e9lange ou nettoyage, et s\u00e8che en quelques secondes.La plaque de surface en granit chinois est un rev\u00eatement d\u00e9coratif de premi\u00e8re qualit\u00e9 qui peut \u00eatre appliqu\u00e9 sur une vari\u00e9t\u00e9 de surfaces.Notre blanchisseur de granit en spray est sp\u00e9cialement con\u00e7u pour tirer le meilleur parti de votre magnifique granit.<\/p>\n<p>Le granit blanc pulv\u00e9ris\u00e9 est l'un des plus anciens types de pierre utilis\u00e9 comme \u00e9l\u00e9ment d\u00e9coratif dans l'architecture contemporaine. L'\u00e9l\u00e9gance pure et la beaut\u00e9 intemporelle de sa finition mate en font un choix unique pour les sols, les murs et les comptoirs.<\/p>\n<table style=\"height: 383px;\" width=\"1361\">\n<tbody>\n<tr>\n<td width=\"121\">Mat\u00e9riau<\/td>\n<td width=\"125\">Couleur primaire<\/td>\n<td width=\"193\">Produit<\/td>\n<td width=\"231\">Taille (cm)<\/td>\n<td width=\"156\">Finition<\/td>\n<td width=\"72\">Densit\u00e9<br \/>\n(g\/cm3)<\/td>\n<td width=\"116\">Absorption de l'eau<br \/>\n(%)<\/td>\n<\/tr>\n<tr>\n<td>Granit blanc pulv\u00e9ris\u00e9<\/td>\n<td>Blanc<\/td>\n<td width=\"193\">Dalle<br \/>\nCarrelage<br \/>\nEscalier<br \/>\nPav\u00e9s<br \/>\nKerbstone<br \/>\nAppui de fen\u00eatre<br \/>\nComptoir<br \/>\nEtc<\/td>\n<td width=\"231\">240up x120up x2\/3\/5\/6<br \/>\n240up x70up x2\/3\/5\/6<br \/>\n60\u00d730\/60\u00d71\/1.5\/2\/3<br \/>\n100-160x34x3<br \/>\n100-160x15x2<br \/>\nLongueurx20x8<br \/>\nLongueurx25x10<br \/>\n10x10x5<br \/>\n10x20x5<br \/>\nEtc<\/td>\n<td width=\"156\">Poli<br \/>\nHonor\u00e9<br \/>\nFlamm\u00e9<br \/>\nFlamm\u00e9 et bross\u00e9<br \/>\nBushhamerred<br \/>\nSablage<br \/>\nEtc<\/td>\n<td>2.62<\/td>\n<td>0.33<\/td>\n<\/tr>\n<\/tbody>\n<\/table>\n<p><img loading=\"lazy\" decoding=\"async\" class=\"alignnone size-full wp-image-21109\" src=\"http:\/\/stone-phoenix.com\/wp-content\/uploads\/2023\/12\/1703881855.jpg\" width=\"927\" height=\"600\" srcset=\"https:\/\/stone-phoenix.com\/wp-content\/uploads\/2023\/12\/1703881855.jpg 927w, https:\/\/stone-phoenix.com\/wp-content\/uploads\/2023\/12\/1703881855-300x194.jpg 300w, https:\/\/stone-phoenix.com\/wp-content\/uploads\/2023\/12\/1703881855-768x497.jpg 768w, https:\/\/stone-phoenix.com\/wp-content\/uploads\/2023\/12\/1703881855-18x12.jpg 18w, https:\/\/stone-phoenix.com\/wp-content\/uploads\/2023\/12\/1703881855-600x388.jpg 600w, https:\/\/stone-phoenix.com\/wp-content\/uploads\/2023\/12\/1703881855-150x97.jpg 150w\" sizes=\"(max-width: 927px) 100vw, 927px\" \/><\/p>\n<h2>Couleurs de pierre similaires<\/h2>\n<table style=\"border-collapse: collapse; width: 393.77pt;\" border=\"0\" width=\"525\" cellspacing=\"0\" cellpadding=\"0\">\n<tbody>\n<tr style=\"height: 13.50pt;\">\n<td style=\"height: 13.50pt; width: 155.25pt;\" width=\"207\" height=\"18\">\n<figure id=\"attachment_5447\" class=\"wp-caption aligncenter\" style=\"width: 300px;\" aria-describedby=\"caption-attachment-5447\"><img loading=\"lazy\" decoding=\"async\" class=\"alignnone size-full wp-image-21110\" src=\"http:\/\/stone-phoenix.com\/wp-content\/uploads\/2023\/12\/1703881856.jpg\" width=\"300\" height=\"300\" srcset=\"https:\/\/stone-phoenix.com\/wp-content\/uploads\/2023\/12\/1703881856.jpg 300w, https:\/\/stone-phoenix.com\/wp-content\/uploads\/2023\/12\/1703881856-150x150.jpg 150w, https:\/\/stone-phoenix.com\/wp-content\/uploads\/2023\/12\/1703881856-12x12.jpg 12w\" sizes=\"(max-width: 300px) 100vw, 300px\" \/><\/figure>\n<p>Granit Juparana de Chine<\/td>\n<td style=\"width: 93.75pt;\" width=\"125\">\n<figure id=\"attachment_5448\" class=\"wp-caption aligncenter\" style=\"width: 300px;\" aria-describedby=\"caption-attachment-5448\"><img loading=\"lazy\" decoding=\"async\" class=\"alignnone size-full wp-image-21111\" src=\"http:\/\/stone-phoenix.com\/wp-content\/uploads\/2023\/12\/1703881857.jpg\" width=\"300\" height=\"300\" srcset=\"https:\/\/stone-phoenix.com\/wp-content\/uploads\/2023\/12\/1703881857.jpg 300w, https:\/\/stone-phoenix.com\/wp-content\/uploads\/2023\/12\/1703881857-150x150.jpg 150w, https:\/\/stone-phoenix.com\/wp-content\/uploads\/2023\/12\/1703881857-12x12.jpg 12w\" sizes=\"(max-width: 300px) 100vw, 300px\" \/><\/figure>\n<p>G603 Granit<\/td>\n<td style=\"width: 144.75pt;\" width=\"193\">\n<figure id=\"attachment_5449\" class=\"wp-caption aligncenter\" style=\"width: 300px;\" aria-describedby=\"caption-attachment-5449\"><img loading=\"lazy\" decoding=\"async\" class=\"alignnone size-full wp-image-21112\" src=\"http:\/\/stone-phoenix.com\/wp-content\/uploads\/2023\/12\/1703881858.png\" width=\"300\" height=\"300\" srcset=\"https:\/\/stone-phoenix.com\/wp-content\/uploads\/2023\/12\/1703881858.png 300w, https:\/\/stone-phoenix.com\/wp-content\/uploads\/2023\/12\/1703881858-150x150.png 150w, https:\/\/stone-phoenix.com\/wp-content\/uploads\/2023\/12\/1703881858-12x12.png 12w\" sizes=\"(max-width: 300px) 100vw, 300px\" \/><\/figure>\n<p>Pierre paysag\u00e8re grise<\/td>\n<\/tr>\n<\/tbody>\n<\/table>\n<h2><\/h2>\n<p><a href=\"https:\/\/longtopstone.com\/product-category\/chinese-granite\/\">VOIR PLUS&gt;&gt;&gt;<\/a><\/p>\n<\/div>","protected":false},"excerpt":{"rendered":"<p>Chinese Granite Surface Plate Spray White Granite spray white granite is a composite material, It is natural colors and texture,<\/p>","protected":false},"featured_media":21108,"template":"","meta":[],"product_cat":[112],"product_tag":[],"_links":{"self":[{"href":"https:\/\/stone-phoenix.com\/fr\/wp-json\/wp\/v2\/product\/21107"}],"collection":[{"href":"https:\/\/stone-phoenix.com\/fr\/wp-json\/wp\/v2\/product"}],"about":[{"href":"https:\/\/stone-phoenix.com\/fr\/wp-json\/wp\/v2\/types\/product"}],"wp:featuredmedia":[{"embeddable":true,"href":"https:\/\/stone-phoenix.com\/fr\/wp-json\/wp\/v2\/media\/21108"}],"wp:attachment":[{"href":"https:\/\/stone-phoenix.com\/fr\/wp-json\/wp\/v2\/media?parent=21107"}],"wp:term":[{"taxonomy":"product_cat","embeddable":true,"href":"https:\/\/stone-phoenix.com\/fr\/wp-json\/wp\/v2\/product_cat?post=21107"},{"taxonomy":"product_tag","embeddable":true,"href":"https:\/\/stone-phoenix.com\/fr\/wp-json\/wp\/v2\/product_tag?post=21107"}],"curies":[{"name":"wp","href":"https:\/\/api.w.org\/{rel}","templated":true}]}}