{"id":21113,"date":"2023-12-29T20:31:03","date_gmt":"2023-12-29T12:31:03","guid":{"rendered":"http:\/\/stone-phoenix.com\/product\/spray-white-granite-chinese-wave"},"modified":"2024-03-27T15:44:42","modified_gmt":"2024-03-27T07:44:42","slug":"spray-white-granite-chinese-wave","status":"publish","type":"product","link":"https:\/\/stone-phoenix.com\/fr\/produit\/spray-white-granite-chinese-wave","title":{"rendered":"Spray White Granite Chinese Wave"},"content":{"rendered":"<div id=\"tab-description\" class=\"woocommerce-Tabs-panel woocommerce-Tabs-panel--description panel entry-content wc-tab\" role=\"tabpanel\" aria-labelledby=\"tab-title-description\">\n<h2>Spray White Granite Chinese Wave<\/h2>\n<p>Le granit blanc pulv\u00e9ris\u00e9 est un type de granit dont la palette de couleurs est blanche ou p\u00e2le. Ce type de granit est souvent choisi pour son aspect \u00e9pur\u00e9 et moderne, qui peut s'accorder avec un large \u00e9ventail de styles de conception.<\/p>\n<p>L'un des principaux avantages du granit blanc pulv\u00e9ris\u00e9 est sa durabilit\u00e9. Le granit est une pierre naturelle connue pour sa solidit\u00e9 et sa r\u00e9sistance \u00e0 l'usure, ce qui en fait un choix populaire pour les comptoirs de cuisine et autres surfaces tr\u00e8s fr\u00e9quent\u00e9es. Il ne fait pas exception \u00e0 la r\u00e8gle et peut r\u00e9sister aux rigueurs d'une utilisation quotidienne sans montrer de signes d'usure.<\/p>\n<p>Outre sa durabilit\u00e9, le granit blanc pulv\u00e9ris\u00e9 est \u00e9galement tr\u00e8s r\u00e9sistant aux taches et aux rayures. Il s'agit donc d'un choix id\u00e9al pour les comptoirs de cuisine, o\u00f9 les \u00e9claboussures et les rayures sont fr\u00e9quentes. Sa surface non poreuse le rend \u00e9galement facile \u00e0 nettoyer, car il n'absorbe ni les liquides ni les bact\u00e9ries.<\/p>\n<p>Une chose \u00e0 garder \u00e0 l'esprit lorsque vous envisagez d'utiliser du granit blanc pulv\u00e9ris\u00e9 pour votre maison est qu'il peut \u00eatre un peu plus cher que d'autres types de granit. En effet, il s'agit d'un type de granit plus rare, qui n\u00e9cessite un traitement et une finition plus sp\u00e9cialis\u00e9s pour obtenir l'aspect souhait\u00e9. Toutefois, de nombreux propri\u00e9taires estiment que les avantages \u00e0 long terme du granit blanc l'emportent sur le co\u00fbt initial, car il s'agit d'un mat\u00e9riau durable qui n\u00e9cessite peu d'entretien et qui peut ajouter de la valeur \u00e0 une maison.<\/p>\n<p>En termes de design, il peut \u00eatre utilis\u00e9 dans divers contextes pour cr\u00e9er un aspect moderne et \u00e9l\u00e9gant. Il est souvent associ\u00e9 \u00e0 des armoires blanches ou claires et \u00e0 des appareils \u00e9lectrom\u00e9nagers en acier inoxydable pour cr\u00e9er une cuisine contemporaine coh\u00e9rente. Il peut \u00e9galement \u00eatre utilis\u00e9 sur les plans de toilette des salles de bains, les contours des chemin\u00e9es et d'autres surfaces pour ajouter une touche de sophistication et d'\u00e9l\u00e9gance.<\/p>\n<p>Dans l'ensemble, le granit blanc pulv\u00e9ris\u00e9 est une pierre naturelle de haute qualit\u00e9, durable et attrayante qui peut ajouter de la valeur et de la beaut\u00e9 \u00e0 n'importe quelle maison. Son aspect \u00e9l\u00e9gant et moderne et ses qualit\u00e9s de faible entretien en font un choix populaire pour les propri\u00e9taires d\u00e9sireux de moderniser les surfaces de leur cuisine ou de leur salle de bains.<\/p>\n<div id=\"ali-anchor-AliPostDhMb-6q8vw\" style=\"padding-top: 8px;\" data-section=\"AliPostDhMb-6q8vw\" data-section-title=\"Product Description\">\n<div id=\"ali-title-AliPostDhMb-6q8vw\" style=\"padding: 8px 0; border-bottom: 1px solid #ddd;\"><span style=\"background-color: #ddd; color: #333; font-weight: bold; padding: 8px 10px; line-height: 12px;\">Description du produit<\/span><\/div>\n<div style=\"padding: 10px 0;\">\n<table class=\"aliDataTable\" style=\"color: #000000; font-family: Arial; font-size: 12px; font-style: normal; font-weight: 400; background-color: #ffffff; width: 698px; height: 226px; border: 1px solid #b3b3b3;\">\n<tbody>\n<tr>\n<td style=\"border: 1px solid #707070; width: 159.663px;\"><strong><span style=\"font-family: arial, helvetica, sans-serif; font-size: 14px;\">Nom du produit :<\/span><\/strong><\/td>\n<td style=\"border: 1px solid #707070; width: 553.337px;\">Granit blanc pulv\u00e9ris\u00e9<\/td>\n<\/tr>\n<tr>\n<td style=\"border: 1px solid #707070; width: 159.663px;\"><strong><span style=\"font-family: arial, helvetica, sans-serif; font-size: 14px;\">Mat\u00e9riau :<\/span><\/strong><\/td>\n<td style=\"border: 1px solid #707070; width: 553.337px;\"><span style=\"font-size: 14px;\">Granit<\/span><\/td>\n<\/tr>\n<tr>\n<td style=\"border: 1px solid #707070; width: 159.663px;\"><strong><span style=\"font-family: arial, helvetica, sans-serif; font-size: 14px;\">Couleur :<\/span><\/strong><\/td>\n<td style=\"border: 1px solid #707070; width: 553.337px;\"><span style=\"font-family: arial, helvetica, sans-serif; font-size: 14px;\">Blanc, noir, jaune, rouge, rose, gris, brun, bleu, vert, etc.<\/span><\/td>\n<\/tr>\n<tr>\n<td style=\"border: 1px solid #707070; width: 159.663px;\" rowspan=\"3\"><strong><span style=\"font-family: arial, helvetica, sans-serif; font-size: 14px;\">Taille :<\/span><\/strong><\/td>\n<td style=\"border: 1px solid #707070; width: 553.337px;\"><span style=\"text-decoration: underline;\"><span style=\"font-size: 14px;\">Carreaux disponibles <\/span><\/span><br \/>\n<span style=\"font-size: 14px;\">12\u2019x12\u2033,24\u2019x24\u2033,12\u2019x24\u2033,etc <\/span><\/p>\n<p><span style=\"font-size: 14px;\">300x300mm,300x600mm,400x400mm,600x600mm,etc<\/span><\/td>\n<\/tr>\n<tr>\n<td style=\"border: 1px solid #707070; width: 553.337px;\"><span style=\"text-decoration: underline;\"><span style=\"font-size: 14px;\">Dalles disponibles <\/span><\/span><\/p>\n<p><span style=\"font-size: 14px;\">180cmUpx60UP,180cmUpx65cmUP,180cmUpx70cmUP,etc<\/span><br \/>\n<span style=\"font-size: 14px;\">240cmUpx120cmUP,etc<\/span><\/td>\n<\/tr>\n<tr>\n<td style=\"border: 1px solid #707070; width: 553.337px;\"><span style=\"font-family: arial, helvetica, sans-serif; font-size: 14px;\">Des sp\u00e9cifications personnalis\u00e9es sont disponibles<\/span><\/td>\n<\/tr>\n<tr>\n<td style=\"border: 1px solid #707070; width: 159.663px;\"><strong><span style=\"font-family: arial, helvetica, sans-serif; font-size: 14px;\">Tol\u00e9rance d'\u00e9paisseur :<\/span><\/strong><\/td>\n<td style=\"border: 1px solid #707070; width: 553.337px;\"><span style=\"font-family: arial, helvetica, sans-serif; font-size: 14px;\">\u00b10,05mm, \u00b11mm, \u00b11,5mm, \u00b12mm, selon les exigences de qualit\u00e9 du client<\/span><\/td>\n<\/tr>\n<tr>\n<td style=\"border: 1px solid #707070; width: 159.663px;\"><strong><span style=\"font-family: arial, helvetica, sans-serif; font-size: 14px;\">Surface :<\/span><\/strong><\/td>\n<td style=\"border: 1px solid #707070; width: 553.337px;\"><span style=\"font-family: arial, helvetica, sans-serif; font-size: 14px;\">P<\/span><span style=\"font-size: 14px;\">ol\u00e9, adouci, flamm\u00e9, sabl\u00e9, bouchard\u00e9, fendu naturel, flamm\u00e9 et bross\u00e9, etc.<\/span><\/td>\n<\/tr>\n<tr>\n<td style=\"border: 1px solid #707070; width: 159.663px;\"><strong><span style=\"font-family: arial, helvetica, sans-serif; font-size: 14px;\">Emballage :<\/span><\/strong><\/td>\n<td style=\"border: 1px solid #707070; width: 553.337px;\"><span style=\"font-size: 14px;\">Palettes en bois en \u00e9tat de navigabilit\u00e9, fardeaux en bois et caisses en bois<\/span><\/td>\n<\/tr>\n<tr>\n<td style=\"border: 1px solid #707070; width: 159.663px;\"><strong><span style=\"font-family: arial, helvetica, sans-serif; font-size: 14px;\">Application :<\/span><\/strong><\/td>\n<td style=\"border: 1px solid #707070; width: 553.337px;\"><span style=\"font-family: arial, helvetica, sans-serif; font-size: 14px;\">Sol, mur, motif, comptoir, d\u00e9coration int\u00e9rieure et ext\u00e9rieure<\/span><\/td>\n<\/tr>\n<tr>\n<td style=\"border: 1px solid #707070; width: 159.663px;\"><strong><span style=\"font-family: arial, helvetica, sans-serif; font-size: 14px;\">D\u00e9lai de livraison :<\/span><\/strong><\/td>\n<td style=\"border: 1px solid #707070; width: 553.337px;\"><span style=\"font-size: 14px;\">15-20 jours pour l'enregistrement<\/span><span style=\"font-family: arial, helvetica, sans-serif; font-size: 14px;\">tailles lar<\/span><\/td>\n<\/tr>\n<tr>\n<td style=\"border: 1px solid #707070; width: 159.663px;\"><strong><span style=\"font-family: arial, helvetica, sans-serif; font-size: 14px;\">Certificat :<\/span><\/strong><\/td>\n<td style=\"border: 1px solid #707070; width: 553.337px;\"><span style=\"font-family: arial, helvetica, sans-serif; font-size: 14px;\">CE, SGS<\/span><\/td>\n<\/tr>\n<tr>\n<td style=\"border: 1px solid #707070; width: 159.663px;\"><strong><span style=\"font-family: arial, helvetica, sans-serif; font-size: 14px;\">Conditions de paiement :<\/span><\/strong><\/td>\n<td style=\"border: 1px solid #707070; width: 553.337px;\"><span style=\"font-size: 14px;\">T\/T, L\/C, D<span style=\"color: #000000; font-family: Verdana, Arial, Helvetica, sans-serif; font-size: 14px; font-style: normal; font-weight: 400; background-color: #ffffff; float: none;\">\/<\/span>P<\/span><\/td>\n<\/tr>\n<tr>\n<td style=\"border: 1px solid #707070; width: 159.663px;\"><strong><span style=\"font-family: arial, helvetica, sans-serif; font-size: 14px;\">Avantage :<\/span><\/strong><\/td>\n<td style=\"border: 1px solid #707070; width: 553.337px;\"><span style=\"font-family: arial, helvetica, sans-serif; font-size: 14px;\">1) Service unique pour la pierre ;<\/span><\/p>\n<p><span style=\"font-family: arial, helvetica, sans-serif; font-size: 14px;\">2) poss\u00e8dent 3 carri\u00e8res et 9 usines ;<\/span><\/p>\n<p><span style=\"font-family: arial, helvetica, sans-serif; font-size: 14px;\">3) Des supports technologiques de pointe.<\/span><\/td>\n<\/tr>\n<tr>\n<td style=\"border: 1px solid #707070; width: 159.663px;\"><strong><span style=\"font-family: arial, helvetica, sans-serif; font-size: 14px;\">Assurance de la qualit\u00e9 et de la livraison :\u00a0<\/span><\/strong><\/td>\n<td style=\"border: 1px solid #707070; width: 553.337px;\"><span style=\"font-size: 14px;\">Tout au long du processus de production, du choix des mat\u00e9riaux \u00e0 l'emballage en passant par la fabrication, notre service de contr\u00f4le de la qualit\u00e9 contr\u00f4le rigoureusement chaque pi\u00e8ce et chaque processus afin de garantir le respect des normes de qualit\u00e9 et le respect des d\u00e9lais de livraison.<\/span><\/td>\n<\/tr>\n<\/tbody>\n<\/table>\n<p><img loading=\"lazy\" decoding=\"async\" class=\"alignnone  wp-image-26577\" src=\"http:\/\/stone-phoenix.com\/wp-content\/uploads\/2023\/12\/Spray-White-Granite-Chinese-Wave-6.jpg\" alt=\"\" width=\"954\" height=\"1278\" srcset=\"https:\/\/stone-phoenix.com\/wp-content\/uploads\/2023\/12\/Spray-White-Granite-Chinese-Wave-6.jpg 838w, https:\/\/stone-phoenix.com\/wp-content\/uploads\/2023\/12\/Spray-White-Granite-Chinese-Wave-6-224x300.jpg 224w, https:\/\/stone-phoenix.com\/wp-content\/uploads\/2023\/12\/Spray-White-Granite-Chinese-Wave-6-764x1024.jpg 764w, https:\/\/stone-phoenix.com\/wp-content\/uploads\/2023\/12\/Spray-White-Granite-Chinese-Wave-6-768x1029.jpg 768w, https:\/\/stone-phoenix.com\/wp-content\/uploads\/2023\/12\/Spray-White-Granite-Chinese-Wave-6-9x12.jpg 9w, https:\/\/stone-phoenix.com\/wp-content\/uploads\/2023\/12\/Spray-White-Granite-Chinese-Wave-6-600x804.jpg 600w, https:\/\/stone-phoenix.com\/wp-content\/uploads\/2023\/12\/Spray-White-Granite-Chinese-Wave-6-150x201.jpg 150w\" sizes=\"(max-width: 954px) 100vw, 954px\" \/><img loading=\"lazy\" decoding=\"async\" class=\"alignnone size-full wp-image-26578\" src=\"http:\/\/stone-phoenix.com\/wp-content\/uploads\/2023\/12\/Spray-White-Granite-Chinese-Wave-7.jpg\" alt=\"\" width=\"1105\" height=\"813\" srcset=\"https:\/\/stone-phoenix.com\/wp-content\/uploads\/2023\/12\/Spray-White-Granite-Chinese-Wave-7.jpg 1105w, https:\/\/stone-phoenix.com\/wp-content\/uploads\/2023\/12\/Spray-White-Granite-Chinese-Wave-7-300x221.jpg 300w, https:\/\/stone-phoenix.com\/wp-content\/uploads\/2023\/12\/Spray-White-Granite-Chinese-Wave-7-1024x753.jpg 1024w, https:\/\/stone-phoenix.com\/wp-content\/uploads\/2023\/12\/Spray-White-Granite-Chinese-Wave-7-768x565.jpg 768w, https:\/\/stone-phoenix.com\/wp-content\/uploads\/2023\/12\/Spray-White-Granite-Chinese-Wave-7-16x12.jpg 16w, https:\/\/stone-phoenix.com\/wp-content\/uploads\/2023\/12\/Spray-White-Granite-Chinese-Wave-7-600x441.jpg 600w, https:\/\/stone-phoenix.com\/wp-content\/uploads\/2023\/12\/Spray-White-Granite-Chinese-Wave-7-150x110.jpg 150w\" sizes=\"(max-width: 1105px) 100vw, 1105px\" \/><img loading=\"lazy\" decoding=\"async\" class=\"alignnone  wp-image-26579\" src=\"http:\/\/stone-phoenix.com\/wp-content\/uploads\/2023\/12\/Spray-White-Granite-Chinese-Wave-8.jpg\" alt=\"\" width=\"954\" height=\"1141\" srcset=\"https:\/\/stone-phoenix.com\/wp-content\/uploads\/2023\/12\/Spray-White-Granite-Chinese-Wave-8.jpg 835w, https:\/\/stone-phoenix.com\/wp-content\/uploads\/2023\/12\/Spray-White-Granite-Chinese-Wave-8-251x300.jpg 251w, https:\/\/stone-phoenix.com\/wp-content\/uploads\/2023\/12\/Spray-White-Granite-Chinese-Wave-8-768x919.jpg 768w, https:\/\/stone-phoenix.com\/wp-content\/uploads\/2023\/12\/Spray-White-Granite-Chinese-Wave-8-10x12.jpg 10w, https:\/\/stone-phoenix.com\/wp-content\/uploads\/2023\/12\/Spray-White-Granite-Chinese-Wave-8-600x718.jpg 600w, https:\/\/stone-phoenix.com\/wp-content\/uploads\/2023\/12\/Spray-White-Granite-Chinese-Wave-8-150x179.jpg 150w\" sizes=\"(max-width: 954px) 100vw, 954px\" \/><\/p>\n<\/div>\n<\/div>\n<\/div>","protected":false},"excerpt":{"rendered":"<p>Spray White Granite Chinese Wave Spray white granite is a type of granite that features a white or pale color<\/p>","protected":false},"featured_media":26572,"template":"","meta":[],"product_cat":[112],"product_tag":[],"_links":{"self":[{"href":"https:\/\/stone-phoenix.com\/fr\/wp-json\/wp\/v2\/product\/21113"}],"collection":[{"href":"https:\/\/stone-phoenix.com\/fr\/wp-json\/wp\/v2\/product"}],"about":[{"href":"https:\/\/stone-phoenix.com\/fr\/wp-json\/wp\/v2\/types\/product"}],"wp:featuredmedia":[{"embeddable":true,"href":"https:\/\/stone-phoenix.com\/fr\/wp-json\/wp\/v2\/media\/26572"}],"wp:attachment":[{"href":"https:\/\/stone-phoenix.com\/fr\/wp-json\/wp\/v2\/media?parent=21113"}],"wp:term":[{"taxonomy":"product_cat","embeddable":true,"href":"https:\/\/stone-phoenix.com\/fr\/wp-json\/wp\/v2\/product_cat?post=21113"},{"taxonomy":"product_tag","embeddable":true,"href":"https:\/\/stone-phoenix.com\/fr\/wp-json\/wp\/v2\/product_tag?post=21113"}],"curies":[{"name":"wp","href":"https:\/\/api.w.org\/{rel}","templated":true}]}}