{"id":21119,"date":"2023-12-29T20:31:16","date_gmt":"2023-12-29T12:31:16","guid":{"rendered":"http:\/\/stone-phoenix.com\/product\/wholesale-granite-slab-natural-stone"},"modified":"2024-03-27T15:37:02","modified_gmt":"2024-03-27T07:37:02","slug":"wholesale-granite-slab-natural-stone","status":"publish","type":"product","link":"https:\/\/stone-phoenix.com\/fr\/produit\/wholesale-granite-slab-natural-stone","title":{"rendered":"granit en gros pierre naturelle"},"content":{"rendered":"<div id=\"tab-description\" class=\"woocommerce-Tabs-panel woocommerce-Tabs-panel--description panel entry-content wc-tab\" role=\"tabpanel\" aria-labelledby=\"tab-title-description\">\n<div id=\"ali-anchor-AliPostDhMb-6q8vw\" style=\"padding-top: 8px;\" data-section=\"AliPostDhMb-6q8vw\" data-section-title=\"Product Description\">\n<h2>granit en gros Taille standard Grande pierre naturelle bon march\u00e9<\/h2>\n<p>Notre usine de granit produit une large gamme de dalles et de carreaux de granit. Elles sont propos\u00e9es dans de nombreux motifs, formes et textures. En outre, nos produits proviennent tous de carri\u00e8res naturelles \u00e0 faible co\u00fbt.Les dalles de granit en gros sont l'une des pierres naturelles les plus populaires. Le granit est une pierre dure et dense, facile \u00e0 travailler dans n'importe quel climat car elle est plus tol\u00e9rante que le marbre. Il est connu pour ses qualit\u00e9s naturelles, sa durabilit\u00e9 et sa beaut\u00e9.<\/p>\n<p>Nous fournissons \u00e0 nos clients une vari\u00e9t\u00e9 de dalles de granit s\u00e9lectionn\u00e9es \u00e0 la main qui peuvent \u00eatre utilis\u00e9es pour les sols, les comptoirs, les murs int\u00e9rieurs, les murs ext\u00e9rieurs et les escaliers.Le granit est une pierre naturelle extraite dans le monde entier. Le granit est une roche m\u00e9tamorphique compos\u00e9e de divers min\u00e9raux qui ont fusionn\u00e9, principalement du quartz et du mica. Le r\u00e9sultat est un mat\u00e9riau extr\u00eamement dur, facile \u00e0 nettoyer, r\u00e9sistant \u00e0 la chaleur et \u00e0 l'abrasion, non corrosif et r\u00e9sistant aux rayures.<br \/>\nNous sommes l'un des principaux fournisseurs de dalles de granit en Chine. Nos produits sont disponibles dans toutes les tailles et finitions, notamment polies, adoucies, flamm\u00e9es et tambourin\u00e9es. Notre usine est sp\u00e9cialis\u00e9e dans la fabrication de dalles de granit de toutes tailles, couleurs et \u00e9paisseurs pour tous types de projets. Nous pouvons \u00e9galement proposer des services personnalis\u00e9s et des d\u00e9lais de livraison rapides.<br \/>\nNous disposons de nombreuses dalles de granit dans notre entrep\u00f4t. Nous pouvons \u00e9galement d\u00e9couper n'importe quelle forme ou taille selon vos souhaits de conception. Pour en savoir plus <a href=\"https:\/\/longtopstone.com\/\">longtopstone.com<\/a>!<\/p>\n<div id=\"ali-title-AliPostDhMb-6q8vw\" style=\"padding: 8px 0; border-bottom: 1px solid #ddd;\"><span style=\"background-color: #ddd; color: #333; font-weight: bold; padding: 8px 10px; line-height: 12px;\">Description du produit<\/span><\/div>\n<div style=\"padding: 10px 0;\">\n<table class=\"aliDataTable\" style=\"color: #000000; font-family: Arial; font-size: 12px; font-style: normal; font-weight: 400; background-color: #ffffff; width: 698px; height: 226px; border: 1px solid #b3b3b3;\">\n<tbody>\n<tr>\n<td style=\"border: 1px solid #707070; width: 159.663px;\"><strong><span style=\"font-family: arial, helvetica, sans-serif; font-size: 14px;\">Nom du produit :<\/span><\/strong><\/td>\n<td style=\"border: 1px solid #707070; width: 553.337px;\"><span style=\"font-family: arial, helvetica, sans-serif; font-size: 14px;\">Granit divers<\/span><\/td>\n<\/tr>\n<tr>\n<td style=\"border: 1px solid #707070; width: 159.663px;\"><strong><span style=\"font-family: arial, helvetica, sans-serif; font-size: 14px;\">Mat\u00e9riau :<\/span><\/strong><\/td>\n<td style=\"border: 1px solid #707070; width: 553.337px;\"><span style=\"font-size: 14px;\">Granit<\/span><\/td>\n<\/tr>\n<tr>\n<td style=\"border: 1px solid #707070; width: 159.663px;\"><strong><span style=\"font-family: arial, helvetica, sans-serif; font-size: 14px;\">Couleur :<\/span><\/strong><\/td>\n<td style=\"border: 1px solid #707070; width: 553.337px;\"><span style=\"font-family: arial, helvetica, sans-serif; font-size: 14px;\">Blanc, noir, jaune, rouge, rose, gris, brun, bleu, vert, etc.<\/span><\/td>\n<\/tr>\n<tr>\n<td style=\"border: 1px solid #707070; width: 159.663px;\" rowspan=\"3\"><strong><span style=\"font-family: arial, helvetica, sans-serif; font-size: 14px;\">Taille :<\/span><\/strong><\/td>\n<td style=\"border: 1px solid #707070; width: 553.337px;\"><span style=\"text-decoration: underline;\"><span style=\"font-size: 14px;\">Carreaux disponibles <\/span><\/span><br \/>\n<span style=\"font-size: 14px;\">12\u2019x12\u2033,24\u2019x24\u2033,12\u2019x24\u2033,etc <\/span><span style=\"font-size: 14px;\">300x300mm,300x600mm,400x400mm,600x600mm,etc<\/span><\/td>\n<\/tr>\n<tr>\n<td style=\"border: 1px solid #707070; width: 553.337px;\"><span style=\"text-decoration: underline;\"><span style=\"font-size: 14px;\">Dalles disponibles <\/span><\/span><\/p>\n<p><span style=\"font-size: 14px;\">180cmUpx60UP,180cmUpx65cmUP,180cmUpx70cmUP,etc<\/span><br \/>\n<span style=\"font-size: 14px;\">240cmUpx120cmUP,etc<\/span><\/td>\n<\/tr>\n<tr>\n<td style=\"border: 1px solid #707070; width: 553.337px;\"><span style=\"font-family: arial, helvetica, sans-serif; font-size: 14px;\">Des sp\u00e9cifications personnalis\u00e9es sont disponibles<\/span><\/td>\n<\/tr>\n<tr>\n<td style=\"border: 1px solid #707070; width: 159.663px;\"><strong><span style=\"font-family: arial, helvetica, sans-serif; font-size: 14px;\">Tol\u00e9rance d'\u00e9paisseur :<\/span><\/strong><\/td>\n<td style=\"border: 1px solid #707070; width: 553.337px;\"><span style=\"font-family: arial, helvetica, sans-serif; font-size: 14px;\">\u00b10,05mm, \u00b11mm, \u00b11,5mm, \u00b12mm, selon les exigences de qualit\u00e9 du client<\/span><\/td>\n<\/tr>\n<tr>\n<td style=\"border: 1px solid #707070; width: 159.663px;\"><strong><span style=\"font-family: arial, helvetica, sans-serif; font-size: 14px;\">Surface :<\/span><\/strong><\/td>\n<td style=\"border: 1px solid #707070; width: 553.337px;\"><span style=\"font-family: arial, helvetica, sans-serif; font-size: 14px;\">P<\/span><span style=\"font-size: 14px;\">ol\u00e9, adouci, flamm\u00e9, sabl\u00e9, bouchard\u00e9, fendu naturel, flamm\u00e9 et bross\u00e9, etc.<\/span><\/td>\n<\/tr>\n<tr>\n<td style=\"border: 1px solid #707070; width: 159.663px;\"><strong><span style=\"font-family: arial, helvetica, sans-serif; font-size: 14px;\">Emballage :<\/span><\/strong><\/td>\n<td style=\"border: 1px solid #707070; width: 553.337px;\"><span style=\"font-size: 14px;\">Palettes en bois en \u00e9tat de navigabilit\u00e9, fardeaux en bois et caisses en bois<\/span><\/td>\n<\/tr>\n<tr>\n<td style=\"border: 1px solid #707070; width: 159.663px;\"><strong><span style=\"font-family: arial, helvetica, sans-serif; font-size: 14px;\">Application :<\/span><\/strong><\/td>\n<td style=\"border: 1px solid #707070; width: 553.337px;\"><span style=\"font-family: arial, helvetica, sans-serif; font-size: 14px;\">Sol, mur, motif, comptoir, d\u00e9coration int\u00e9rieure et ext\u00e9rieure<\/span><\/td>\n<\/tr>\n<tr>\n<td style=\"border: 1px solid #707070; width: 159.663px;\"><strong><span style=\"font-family: arial, helvetica, sans-serif; font-size: 14px;\">D\u00e9lai de livraison :<\/span><\/strong><\/td>\n<td style=\"border: 1px solid #707070; width: 553.337px;\"><span style=\"font-size: 14px;\">15-20 jours pour l'enregistrement<\/span><span style=\"font-family: arial, helvetica, sans-serif; font-size: 14px;\">tailles lar<\/span><\/td>\n<\/tr>\n<tr>\n<td style=\"border: 1px solid #707070; width: 159.663px;\"><strong><span style=\"font-family: arial, helvetica, sans-serif; font-size: 14px;\">Certificat :<\/span><\/strong><\/td>\n<td style=\"border: 1px solid #707070; width: 553.337px;\"><span style=\"font-family: arial, helvetica, sans-serif; font-size: 14px;\">CE, SGS<\/span><\/td>\n<\/tr>\n<tr>\n<td style=\"border: 1px solid #707070; width: 159.663px;\"><strong><span style=\"font-family: arial, helvetica, sans-serif; font-size: 14px;\">Conditions de paiement :<\/span><\/strong><\/td>\n<td style=\"border: 1px solid #707070; width: 553.337px;\"><span style=\"font-size: 14px;\">T\/T, L\/C, D<span style=\"color: #000000; font-family: Verdana, Arial, Helvetica, sans-serif; font-size: 14px; font-style: normal; font-weight: 400; background-color: #ffffff; float: none;\">\/<\/span>P<\/span><\/td>\n<\/tr>\n<tr>\n<td style=\"border: 1px solid #707070; width: 159.663px;\"><strong><span style=\"font-family: arial, helvetica, sans-serif; font-size: 14px;\">Avantage :<\/span><\/strong><\/td>\n<td style=\"border: 1px solid #707070; width: 553.337px;\"><span style=\"font-family: arial, helvetica, sans-serif; font-size: 14px;\">1) Service unique pour la pierre ;<\/span><\/p>\n<p><span style=\"font-family: arial, helvetica, sans-serif; font-size: 14px;\">2) poss\u00e8dent 3 carri\u00e8res et 9 usines ;<\/span><\/p>\n<p><span style=\"font-family: arial, helvetica, sans-serif; font-size: 14px;\">3) Des supports technologiques de pointe.<\/span><\/td>\n<\/tr>\n<tr>\n<td style=\"border: 1px solid #707070; width: 159.663px;\"><strong><span style=\"font-family: arial, helvetica, sans-serif; font-size: 14px;\">Assurance de la qualit\u00e9 et de la livraison :\u00a0<\/span><\/strong><\/td>\n<td style=\"border: 1px solid #707070; width: 553.337px;\"><span style=\"font-size: 14px;\">Tout au long du processus de production, du choix des mat\u00e9riaux \u00e0 l'emballage en passant par la fabrication, notre service de contr\u00f4le de la qualit\u00e9 contr\u00f4le rigoureusement chaque pi\u00e8ce et chaque processus afin de garantir le respect des normes de qualit\u00e9 et le respect des d\u00e9lais de livraison.<\/span><\/td>\n<\/tr>\n<\/tbody>\n<\/table>\n<p><img loading=\"lazy\" decoding=\"async\" class=\"alignnone size-full wp-image-26569\" src=\"http:\/\/stone-phoenix.com\/wp-content\/uploads\/2023\/12\/wholesale-granite-slab-natural-stone-6-1.jpg\" alt=\"\" width=\"1120\" height=\"840\" srcset=\"https:\/\/stone-phoenix.com\/wp-content\/uploads\/2023\/12\/wholesale-granite-slab-natural-stone-6-1.jpg 1120w, https:\/\/stone-phoenix.com\/wp-content\/uploads\/2023\/12\/wholesale-granite-slab-natural-stone-6-1-300x225.jpg 300w, https:\/\/stone-phoenix.com\/wp-content\/uploads\/2023\/12\/wholesale-granite-slab-natural-stone-6-1-1024x768.jpg 1024w, https:\/\/stone-phoenix.com\/wp-content\/uploads\/2023\/12\/wholesale-granite-slab-natural-stone-6-1-768x576.jpg 768w, https:\/\/stone-phoenix.com\/wp-content\/uploads\/2023\/12\/wholesale-granite-slab-natural-stone-6-1-16x12.jpg 16w, https:\/\/stone-phoenix.com\/wp-content\/uploads\/2023\/12\/wholesale-granite-slab-natural-stone-6-1-600x450.jpg 600w, https:\/\/stone-phoenix.com\/wp-content\/uploads\/2023\/12\/wholesale-granite-slab-natural-stone-6-1-150x113.jpg 150w\" sizes=\"(max-width: 1120px) 100vw, 1120px\" \/><img loading=\"lazy\" decoding=\"async\" class=\"alignnone size-full wp-image-26570\" src=\"http:\/\/stone-phoenix.com\/wp-content\/uploads\/2023\/12\/wholesale-granite-slab-natural-stone-9.jpg\" alt=\"\" width=\"1039\" height=\"607\" srcset=\"https:\/\/stone-phoenix.com\/wp-content\/uploads\/2023\/12\/wholesale-granite-slab-natural-stone-9.jpg 1039w, https:\/\/stone-phoenix.com\/wp-content\/uploads\/2023\/12\/wholesale-granite-slab-natural-stone-9-300x175.jpg 300w, https:\/\/stone-phoenix.com\/wp-content\/uploads\/2023\/12\/wholesale-granite-slab-natural-stone-9-1024x598.jpg 1024w, https:\/\/stone-phoenix.com\/wp-content\/uploads\/2023\/12\/wholesale-granite-slab-natural-stone-9-768x449.jpg 768w, https:\/\/stone-phoenix.com\/wp-content\/uploads\/2023\/12\/wholesale-granite-slab-natural-stone-9-18x12.jpg 18w, https:\/\/stone-phoenix.com\/wp-content\/uploads\/2023\/12\/wholesale-granite-slab-natural-stone-9-600x351.jpg 600w, https:\/\/stone-phoenix.com\/wp-content\/uploads\/2023\/12\/wholesale-granite-slab-natural-stone-9-150x88.jpg 150w\" sizes=\"(max-width: 1039px) 100vw, 1039px\" \/><img loading=\"lazy\" decoding=\"async\" class=\"alignnone size-full wp-image-26571\" src=\"http:\/\/stone-phoenix.com\/wp-content\/uploads\/2023\/12\/wholesale-granite-slab-natural-stone-15.jpg\" alt=\"\" width=\"1440\" height=\"1080\" srcset=\"https:\/\/stone-phoenix.com\/wp-content\/uploads\/2023\/12\/wholesale-granite-slab-natural-stone-15.jpg 1440w, https:\/\/stone-phoenix.com\/wp-content\/uploads\/2023\/12\/wholesale-granite-slab-natural-stone-15-300x225.jpg 300w, https:\/\/stone-phoenix.com\/wp-content\/uploads\/2023\/12\/wholesale-granite-slab-natural-stone-15-1024x768.jpg 1024w, https:\/\/stone-phoenix.com\/wp-content\/uploads\/2023\/12\/wholesale-granite-slab-natural-stone-15-768x576.jpg 768w, https:\/\/stone-phoenix.com\/wp-content\/uploads\/2023\/12\/wholesale-granite-slab-natural-stone-15-16x12.jpg 16w, https:\/\/stone-phoenix.com\/wp-content\/uploads\/2023\/12\/wholesale-granite-slab-natural-stone-15-600x450.jpg 600w, https:\/\/stone-phoenix.com\/wp-content\/uploads\/2023\/12\/wholesale-granite-slab-natural-stone-15-150x113.jpg 150w\" sizes=\"(max-width: 1440px) 100vw, 1440px\" \/><\/p>\n<\/div>\n<\/div>\n<div id=\"ali-anchor-AliPostDhMb-dzch4\" style=\"padding-top: 8px;\" data-section=\"AliPostDhMb-dzch4\" data-section-title=\"FAQ\">\n<div style=\"padding: 10px 0;\">\n<p><a target=\"_blank\" rel=\"noopener noreferrer\"><span style=\"font-size: 16px;\"><img loading=\"lazy\" decoding=\"async\" class=\"alignnone size-full wp-image-21125\" src=\"http:\/\/stone-phoenix.com\/wp-content\/uploads\/2023\/12\/1703881880-1.jpg\" width=\"750\" height=\"153\" srcset=\"https:\/\/stone-phoenix.com\/wp-content\/uploads\/2023\/12\/1703881880-1.jpg 750w, https:\/\/stone-phoenix.com\/wp-content\/uploads\/2023\/12\/1703881880-1-300x61.jpg 300w, https:\/\/stone-phoenix.com\/wp-content\/uploads\/2023\/12\/1703881880-1-18x4.jpg 18w, https:\/\/stone-phoenix.com\/wp-content\/uploads\/2023\/12\/1703881880-1-600x122.jpg 600w, https:\/\/stone-phoenix.com\/wp-content\/uploads\/2023\/12\/1703881880-1-150x31.jpg 150w\" sizes=\"(max-width: 750px) 100vw, 750px\" \/><\/span><\/a><\/p>\n<\/div>\n<\/div>\n<\/div>","protected":false},"excerpt":{"rendered":"<p>wholesale granite slab Standard Size Big Cheap Natural Stone Produce a wide range of granite slabs and tiles at our<\/p>","protected":false},"featured_media":26564,"template":"","meta":[],"product_cat":[112],"product_tag":[],"_links":{"self":[{"href":"https:\/\/stone-phoenix.com\/fr\/wp-json\/wp\/v2\/product\/21119"}],"collection":[{"href":"https:\/\/stone-phoenix.com\/fr\/wp-json\/wp\/v2\/product"}],"about":[{"href":"https:\/\/stone-phoenix.com\/fr\/wp-json\/wp\/v2\/types\/product"}],"wp:featuredmedia":[{"embeddable":true,"href":"https:\/\/stone-phoenix.com\/fr\/wp-json\/wp\/v2\/media\/26564"}],"wp:attachment":[{"href":"https:\/\/stone-phoenix.com\/fr\/wp-json\/wp\/v2\/media?parent=21119"}],"wp:term":[{"taxonomy":"product_cat","embeddable":true,"href":"https:\/\/stone-phoenix.com\/fr\/wp-json\/wp\/v2\/product_cat?post=21119"},{"taxonomy":"product_tag","embeddable":true,"href":"https:\/\/stone-phoenix.com\/fr\/wp-json\/wp\/v2\/product_tag?post=21119"}],"curies":[{"name":"wp","href":"https:\/\/api.w.org\/{rel}","templated":true}]}}