{"id":21126,"date":"2023-12-29T20:31:25","date_gmt":"2023-12-29T12:31:25","guid":{"rendered":"http:\/\/stone-phoenix.com\/product\/tan-brown-granite-outdoor-decoration-materials"},"modified":"2024-03-27T10:07:03","modified_gmt":"2024-03-27T02:07:03","slug":"tan-brown-granite-outdoor-decoration-materials","status":"publish","type":"product","link":"https:\/\/stone-phoenix.com\/fr\/produit\/tan-brown-granite-outdoor-decoration-materials","title":{"rendered":"Tan Brown Granite Outdoor Decoration Materials (mat\u00e9riaux de d\u00e9coration pour l'ext\u00e9rieur)"},"content":{"rendered":"<div id=\"tab-description\" class=\"woocommerce-Tabs-panel woocommerce-Tabs-panel--description panel entry-content wc-tab\" role=\"tabpanel\" aria-labelledby=\"tab-title-description\">\n<h2>Mat\u00e9riaux de d\u00e9coration pour l'ext\u00e9rieur carreaux de sol en granit brun tan granit \u0153il de chat<\/h2>\n<p>Le granit brun tan est le granit brun tan synth\u00e9tique le plus connu. Il a diverses utilisations, telles que les comptoirs et les meubles. Notre soci\u00e9t\u00e9 fournit des produits de haute qualit\u00e9, donc si vous voulez acheter un article pour le rev\u00eatement de sol ou de mur, vous pouvez l'acheter chez nous.<\/p>\n<p>Notre soci\u00e9t\u00e9 est un leader dans le domaine des produits de montagne, nous avons une usine professionnelle dans la production et le commerce de dalles de granit brun tan, de carreaux, de granit \u0153il de chat, de comptoirs en granit, etc.<\/p>\n<p>Ce produit vous offre la possibilit\u00e9 de concevoir un patio ou une terrasse qui refl\u00e8te votre style et vos go\u00fbts personnels. Avec sa texture naturelle et son aspect distinctif, il mettra en valeur n'importe quel espace, qu'il s'agisse d'une terrasse au bord d'une piscine ou d'une all\u00e9e menant \u00e0 votre porte d'entr\u00e9e. <a href=\"https:\/\/longtopstone.com\/product\/tan-brown-granite-outdoor-decoration-materials\/\">en savoir plus&gt;&gt;&gt;<\/a><\/p>\n<p><img loading=\"lazy\" decoding=\"async\" class=\"alignnone size-full wp-image-21128\" src=\"http:\/\/stone-phoenix.com\/wp-content\/uploads\/2023\/12\/1703881887.jpg\" width=\"1080\" height=\"810\" srcset=\"https:\/\/stone-phoenix.com\/wp-content\/uploads\/2023\/12\/1703881887.jpg 1080w, https:\/\/stone-phoenix.com\/wp-content\/uploads\/2023\/12\/1703881887-300x225.jpg 300w, https:\/\/stone-phoenix.com\/wp-content\/uploads\/2023\/12\/1703881887-1024x768.jpg 1024w, https:\/\/stone-phoenix.com\/wp-content\/uploads\/2023\/12\/1703881887-768x576.jpg 768w, https:\/\/stone-phoenix.com\/wp-content\/uploads\/2023\/12\/1703881887-16x12.jpg 16w, https:\/\/stone-phoenix.com\/wp-content\/uploads\/2023\/12\/1703881887-600x450.jpg 600w, https:\/\/stone-phoenix.com\/wp-content\/uploads\/2023\/12\/1703881887-150x113.jpg 150w\" sizes=\"(max-width: 1080px) 100vw, 1080px\" \/><img loading=\"lazy\" decoding=\"async\" class=\"alignnone size-full wp-image-21129\" src=\"http:\/\/stone-phoenix.com\/wp-content\/uploads\/2023\/12\/1703881888.jpg\" width=\"1080\" height=\"810\" srcset=\"https:\/\/stone-phoenix.com\/wp-content\/uploads\/2023\/12\/1703881888.jpg 1080w, https:\/\/stone-phoenix.com\/wp-content\/uploads\/2023\/12\/1703881888-300x225.jpg 300w, https:\/\/stone-phoenix.com\/wp-content\/uploads\/2023\/12\/1703881888-1024x768.jpg 1024w, https:\/\/stone-phoenix.com\/wp-content\/uploads\/2023\/12\/1703881888-768x576.jpg 768w, https:\/\/stone-phoenix.com\/wp-content\/uploads\/2023\/12\/1703881888-16x12.jpg 16w, https:\/\/stone-phoenix.com\/wp-content\/uploads\/2023\/12\/1703881888-600x450.jpg 600w, https:\/\/stone-phoenix.com\/wp-content\/uploads\/2023\/12\/1703881888-150x113.jpg 150w\" sizes=\"(max-width: 1080px) 100vw, 1080px\" \/><img loading=\"lazy\" decoding=\"async\" class=\"alignnone size-full wp-image-21130\" src=\"http:\/\/stone-phoenix.com\/wp-content\/uploads\/2023\/12\/1703881890.jpg\" width=\"1080\" height=\"810\" srcset=\"https:\/\/stone-phoenix.com\/wp-content\/uploads\/2023\/12\/1703881890.jpg 1080w, https:\/\/stone-phoenix.com\/wp-content\/uploads\/2023\/12\/1703881890-300x225.jpg 300w, https:\/\/stone-phoenix.com\/wp-content\/uploads\/2023\/12\/1703881890-1024x768.jpg 1024w, https:\/\/stone-phoenix.com\/wp-content\/uploads\/2023\/12\/1703881890-768x576.jpg 768w, https:\/\/stone-phoenix.com\/wp-content\/uploads\/2023\/12\/1703881890-16x12.jpg 16w, https:\/\/stone-phoenix.com\/wp-content\/uploads\/2023\/12\/1703881890-600x450.jpg 600w, https:\/\/stone-phoenix.com\/wp-content\/uploads\/2023\/12\/1703881890-150x113.jpg 150w\" sizes=\"(max-width: 1080px) 100vw, 1080px\" \/><img loading=\"lazy\" decoding=\"async\" class=\"alignnone  wp-image-21131\" src=\"http:\/\/stone-phoenix.com\/wp-content\/uploads\/2023\/12\/1703881891.jpg\" width=\"953\" height=\"1271\" srcset=\"https:\/\/stone-phoenix.com\/wp-content\/uploads\/2023\/12\/1703881891.jpg 810w, https:\/\/stone-phoenix.com\/wp-content\/uploads\/2023\/12\/1703881891-225x300.jpg 225w, https:\/\/stone-phoenix.com\/wp-content\/uploads\/2023\/12\/1703881891-768x1024.jpg 768w, https:\/\/stone-phoenix.com\/wp-content\/uploads\/2023\/12\/1703881891-9x12.jpg 9w, https:\/\/stone-phoenix.com\/wp-content\/uploads\/2023\/12\/1703881891-600x800.jpg 600w, https:\/\/stone-phoenix.com\/wp-content\/uploads\/2023\/12\/1703881891-150x200.jpg 150w\" sizes=\"(max-width: 953px) 100vw, 953px\" \/><img loading=\"lazy\" decoding=\"async\" class=\"alignnone size-full wp-image-21132\" src=\"http:\/\/stone-phoenix.com\/wp-content\/uploads\/2023\/12\/1703881893.jpg\" width=\"1080\" height=\"1080\" srcset=\"https:\/\/stone-phoenix.com\/wp-content\/uploads\/2023\/12\/1703881893.jpg 1080w, https:\/\/stone-phoenix.com\/wp-content\/uploads\/2023\/12\/1703881893-300x300.jpg 300w, https:\/\/stone-phoenix.com\/wp-content\/uploads\/2023\/12\/1703881893-1024x1024.jpg 1024w, https:\/\/stone-phoenix.com\/wp-content\/uploads\/2023\/12\/1703881893-150x150.jpg 150w, https:\/\/stone-phoenix.com\/wp-content\/uploads\/2023\/12\/1703881893-768x768.jpg 768w, https:\/\/stone-phoenix.com\/wp-content\/uploads\/2023\/12\/1703881893-12x12.jpg 12w, https:\/\/stone-phoenix.com\/wp-content\/uploads\/2023\/12\/1703881893-600x600.jpg 600w\" sizes=\"(max-width: 1080px) 100vw, 1080px\" \/><\/p>\n<div id=\"ali-anchor-AliPostDhMb-qkngg\" class=\"mceSectionContainer\" style=\"padding-top: 8px;\" data-section=\"AliPostDhMb-qkngg\" data-section-title=\"Product Description\">\n<div id=\"ali-title-AliPostDhMb-qkngg\" style=\"padding: 8px 0; border-bottom: 1px solid #ddd;\"><span style=\"background-color: #ddd; color: #333; font-weight: bold; padding: 8px 10px; line-height: 12px;\">Description du produit<\/span><\/div>\n<div style=\"padding: 10px 0;\">\n<table class=\"aliDataTable\" style=\"color: #000000; font-family: Arial; font-size: 12px; font-style: normal; font-weight: 400; background-color: #ffffff; width: 746.066px; height: 226px; border: 1px solid #b3b3b3;\">\n<tbody>\n<tr style=\"height: 21px;\">\n<td style=\"border: 1px solid #b3b3b3; width: 162px;\"><strong><span style=\"font-family: arial, helvetica, sans-serif; font-size: 14px;\">Mat\u00e9riau :<\/span><\/strong><\/td>\n<td style=\"border: 1px solid #b3b3b3; width: 595.066px;\"><span style=\"font-family: arial, helvetica, sans-serif; font-size: 14px;\">Granit<\/span><\/td>\n<\/tr>\n<tr style=\"height: 21px;\">\n<td style=\"border: 1px solid #b3b3b3; width: 162px;\"><strong><span style=\"font-family: arial, helvetica, sans-serif; font-size: 14px;\">Couleur :<\/span><\/strong><\/td>\n<td style=\"border: 1px solid #b3b3b3; width: 595.066px;\"><span style=\"font-family: arial, helvetica, sans-serif; font-size: 14px;\">Blanc, beige, noir, marron, gris, rouge, vert, bleu, etc.<\/span><\/td>\n<\/tr>\n<tr style=\"height: 21px;\">\n<td style=\"border: 1px solid #b3b3b3; width: 162px;\" rowspan=\"3\"><strong><span style=\"font-family: arial, helvetica, sans-serif; font-size: 14px;\">Taille :<\/span><\/strong><\/td>\n<td style=\"border: 1px solid #b3b3b3; width: 595.066px;\"><span style=\"font-family: arial, helvetica, sans-serif; font-size: 14px;\"><span style=\"text-decoration: underline;\">Carreaux disponibles<\/span> <\/span><br \/>\n<span style=\"font-family: arial, helvetica, sans-serif; font-size: 14px;\">12\u2032 X 12\u2033,24\u2032 X 24\u2033,12\u2032 X 24\u2033,etc 300x300mm,300x600mm,400x400mm,600x600mm,600\u00d71200,800\u00d7800,etc<\/span><\/td>\n<\/tr>\n<tr style=\"height: 21px;\">\n<td style=\"border: 1px solid #b3b3b3; width: 595.066px;\"><span style=\"font-family: arial, helvetica, sans-serif; font-size: 14px;\"><span style=\"text-decoration: underline;\">Grandes dalles disponibles<\/span>\u00a0 \u00a0 \u00a0 \u00a0 \u00a0 \u00a0 \u00a0 \u00a0 \u00a0 \u00a0 \u00a0 \u00a0 \u00a0 \u00a0 \u00a0 \u00a0 \u00a0 \u00a0 \u00a0 \u00a0 \u00a0 \u00a0 \u00a0 \u00a0 \u00a0 \u00a0 \u00a0 \u00a0 \u00a0 \u00a0 \u00a0 \u00a0 \u00a0 \u00a0 \u00a0 \u00a0 \u00a0 \u00a0 \u00a0 \u00a0 \u00a0 \u00a0 \u00a0 \u00a0 \u00a0 \u00a0 \u00a0 \u00a0 \u00a0 \u00a0 \u00a0 \u00a0 \u00a0 240cmUpx120UP<\/span><\/td>\n<\/tr>\n<tr style=\"height: 21px;\">\n<td style=\"border: 1px solid #b3b3b3; width: 595.066px;\"><span style=\"font-family: arial, helvetica, sans-serif; font-size: 14px;\">Des sp\u00e9cifications personnalis\u00e9es sont disponibles<\/span><\/td>\n<\/tr>\n<tr style=\"height: 21px;\">\n<td style=\"border: 1px solid #b3b3b3; width: 162px;\"><strong><span style=\"font-family: arial, helvetica, sans-serif; font-size: 14px;\">Tol\u00e9rance d'\u00e9paisseur :<\/span><\/strong><\/td>\n<td style=\"border: 1px solid #b3b3b3; width: 595.066px;\"><span style=\"font-size: 14px; font-family: arial, helvetica, sans-serif;\">\u00b10,05mm, \u00b11mm, \u00b11,5mm, \u00b12mm, selon les exigences de qualit\u00e9 du client<\/span><\/td>\n<\/tr>\n<tr style=\"height: 21px;\">\n<td style=\"border: 1px solid #b3b3b3; width: 162px;\"><strong><span style=\"font-family: arial, helvetica, sans-serif; font-size: 14px;\">Surface :<\/span><\/strong><\/td>\n<td style=\"border: 1px solid #b3b3b3; width: 595.066px;\"><span style=\"font-size: 14px; font-family: arial, helvetica, sans-serif;\">Poli, adouci, assorti au livre, antique, rainur\u00e9, bross\u00e9, d\u00e9cap\u00e9, sabl\u00e9, jet d'eau, etc.<\/span><\/td>\n<\/tr>\n<tr style=\"height: auto;\">\n<td style=\"border: 1px solid #b3b3b3; width: 162px;\"><strong><span style=\"font-family: arial, helvetica, sans-serif; font-size: 14px;\">Emballage :<\/span><\/strong><\/td>\n<td style=\"border: 1px solid #b3b3b3; width: 595.066px;\"><span style=\"font-family: arial, helvetica, sans-serif; font-size: 14px;\"> Fardeaux et caisses en bois en \u00e9tat de navigabilit\u00e9<\/span><\/td>\n<\/tr>\n<tr style=\"height: 21px;\">\n<td style=\"border: 1px solid #b3b3b3; width: 162px;\"><strong><span style=\"font-family: arial, helvetica, sans-serif; font-size: 14px;\">Application :<\/span><\/strong><\/td>\n<td style=\"border: 1px solid #b3b3b3; width: 595.066px;\"><span style=\"font-family: arial, helvetica, sans-serif; font-size: 14px;\">Mur int\u00e9rieur, sol, plinthe, mur de fond, comptoir, escalier, etc.<\/span><\/td>\n<\/tr>\n<tr style=\"height: 21px;\">\n<td style=\"border: 1px solid #b3b3b3; width: 162px;\"><strong><span style=\"font-family: arial, helvetica, sans-serif; font-size: 14px;\">D\u00e9lai de livraison :<\/span><\/strong><\/td>\n<td style=\"border: 1px solid #b3b3b3; width: 595.066px;\"><span style=\"font-family: arial, helvetica, sans-serif; font-size: 14px;\"> 15-20 jours pour les tailles normales<\/span><\/td>\n<\/tr>\n<tr style=\"height: 21px;\">\n<td style=\"border: 1px solid #b3b3b3; width: 162px;\"><strong><span style=\"font-family: arial, helvetica, sans-serif; font-size: 14px;\">Certificat :<\/span><\/strong><\/td>\n<td style=\"border: 1px solid #b3b3b3; width: 595.066px;\"><span style=\"font-family: arial, helvetica, sans-serif; font-size: 14px;\">CE, SGS<\/span><\/td>\n<\/tr>\n<tr style=\"height: 21px;\">\n<td style=\"border: 1px solid #b3b3b3; width: 162px;\"><strong><span style=\"font-family: arial, helvetica, sans-serif; font-size: 14px;\">Conditions de paiement :<\/span><\/strong><\/td>\n<td style=\"border: 1px solid #b3b3b3; width: 595.066px;\"><span style=\"font-family: arial, helvetica, sans-serif; font-size: 14px;\">T\/T, L\/C, D\/P<\/span><\/td>\n<\/tr>\n<tr style=\"height: 42px;\">\n<td style=\"border: 1px solid #b3b3b3; width: 162px;\"><strong><span style=\"font-family: arial, helvetica, sans-serif; font-size: 14px;\">Avantage :<\/span><\/strong><\/td>\n<td style=\"border: 1px solid #b3b3b3; width: 595.066px;\"><span style=\"font-family: arial, helvetica, sans-serif; font-size: 14px;\">1) Service unique pour la pierre ;<\/span><\/p>\n<p><span style=\"font-family: arial, helvetica, sans-serif; font-size: 14px;\">2) Poss\u00e9der 3 carri\u00e8res et 9 usines ;<\/span><\/p>\n<p><span style=\"font-family: arial, helvetica, sans-serif; font-size: 14px;\">3) Des supports technologiques de pointe.<\/span><\/td>\n<\/tr>\n<tr style=\"height: 42px;\">\n<td style=\"border: 1px solid #b3b3b3; width: 162px;\"><strong><span style=\"font-family: arial, helvetica, sans-serif; font-size: 14px;\">Assurance de la qualit\u00e9 et de la livraison :\u00a0<\/span><\/strong><\/td>\n<td style=\"border: 1px solid #b3b3b3; width: 595.066px;\"><span style=\"font-family: arial, helvetica, sans-serif; font-size: 14px;\">Tout au long du processus de production, du choix des mat\u00e9riaux \u00e0 l'emballage en passant par la fabrication, notre service de contr\u00f4le de la qualit\u00e9 contr\u00f4le rigoureusement chaque pi\u00e8ce et chaque processus afin de garantir le respect des normes de qualit\u00e9 et le respect des d\u00e9lais de livraison.<\/span><\/td>\n<\/tr>\n<\/tbody>\n<\/table>\n<\/div>\n<div style=\"padding: 10px 0px; text-align: center;\"><\/div>\n<div style=\"padding: 10px 0px; text-align: center;\"><\/div>\n<div style=\"padding: 10px 0px; text-align: center;\"><\/div>\n<\/div>\n<div id=\"ali-anchor-AliPostDhMb-hwase\" class=\"mceSectionContainer\" style=\"padding-top: 8px;\" data-section=\"AliPostDhMb-hwase\" data-section-title=\"Related Products\">\n<div id=\"ali-title-AliPostDhMb-hwase\" style=\"padding: 8px 0; border-bottom: 1px solid #ddd;\"><span style=\"background-color: #ddd; color: #333; font-weight: bold; padding: 8px 10px; line-height: 12px;\">Produits apparent\u00e9s<\/span><\/div>\n<div style=\"padding: 10px 0;\">\n<p><img loading=\"lazy\" decoding=\"async\" class=\"alignnone size-full wp-image-21133\" src=\"http:\/\/stone-phoenix.com\/wp-content\/uploads\/2023\/12\/1703881894.jpg\" width=\"750\" height=\"737\" srcset=\"https:\/\/stone-phoenix.com\/wp-content\/uploads\/2023\/12\/1703881894.jpg 750w, https:\/\/stone-phoenix.com\/wp-content\/uploads\/2023\/12\/1703881894-300x295.jpg 300w, https:\/\/stone-phoenix.com\/wp-content\/uploads\/2023\/12\/1703881894-12x12.jpg 12w, https:\/\/stone-phoenix.com\/wp-content\/uploads\/2023\/12\/1703881894-600x590.jpg 600w, https:\/\/stone-phoenix.com\/wp-content\/uploads\/2023\/12\/1703881894-150x147.jpg 150w\" sizes=\"(max-width: 750px) 100vw, 750px\" \/><\/p>\n<map name=\"jp0hoi2c\">\n<area coords=\"21,98,245,360\" shape=\"rect\" href=\"https:\/\/longtops.en.alibaba.com\/productgrouplist-807708453\/Black_Marble.html?spm=a2700.icbuShop.prup15aafb.5.5754158bA1wkpf\" target=\"_blank\" \/>\n<area coords=\"10,979,368,1213\" shape=\"rect\" href=\"https:\/\/longtops.en.alibaba.com\/productgrouplist-807797657\/Working_Drawing_and_Detail_Drawing.html?spm=a2700.icbuShop.prup15aafb.31.346257c6h5J2PJ\" target=\"_blank\" \/>\n<area coords=\"503,98,728,360\" shape=\"rect\" href=\"https:\/\/longtops.en.alibaba.com\/productgrouplist-807681422\/Grey_Marble.html?spm=a2700.icbuShop.prup15aafb.4.7cbc3126Hq1cRv\" target=\"_blank\" \/>\n<area coords=\"21,375,247,641\" shape=\"rect\" href=\"https:\/\/longtops.en.alibaba.com\/productgrouplist-807679027\/Beige_Marble.html?spm=a2700.icbuShop.prup15aafb.3.d4c773acipHUZl\" target=\"_blank\" \/>\n<area coords=\"263,376,487,640\" shape=\"rect\" href=\"https:\/\/longtops.en.alibaba.com\/productgrouplist-807787231\/Wooden_Marble.html?spm=a2700.icbuShop.prup15aafb.7.743d5668QxADhi\" target=\"_blank\" \/>\n<area coords=\"501,376,725,640\" shape=\"rect\" href=\"https:\/\/longtops.en.alibaba.com\/productgrouplist-805159428\/Onyx.html?spm=a2700.icbuShop.prup15aafb.9.6b075b78uJgOyH\" target=\"_blank\" \/>\n<area coords=\"264,96,487,359\" shape=\"rect\" href=\"https:\/\/longtops.en.alibaba.com\/productgrouplist-807681423\/White_Marble.html?spm=a2700.icbuShop.prup15aafb.2.41bf7fb9AV6ZkI\" target=\"_blank\" \/>\n<area coords=\"294,666,452,705\" shape=\"rect\" href=\"https:\/\/longtops.en.alibaba.com\/productgrouplist-805281181\/Interior_Material.html?spm=a2700.icbuShop.prup15aafb.1.29f87eefxGBxpC\" target=\"_blank\" \/> <\/map>\n<p><img loading=\"lazy\" decoding=\"async\" class=\"alignnone size-full wp-image-21134\" src=\"http:\/\/stone-phoenix.com\/wp-content\/uploads\/2023\/12\/1703881895.jpg\" width=\"750\" height=\"451\" srcset=\"https:\/\/stone-phoenix.com\/wp-content\/uploads\/2023\/12\/1703881895.jpg 750w, https:\/\/stone-phoenix.com\/wp-content\/uploads\/2023\/12\/1703881895-300x180.jpg 300w, https:\/\/stone-phoenix.com\/wp-content\/uploads\/2023\/12\/1703881895-18x12.jpg 18w, https:\/\/stone-phoenix.com\/wp-content\/uploads\/2023\/12\/1703881895-600x361.jpg 600w, https:\/\/stone-phoenix.com\/wp-content\/uploads\/2023\/12\/1703881895-150x90.jpg 150w\" sizes=\"(max-width: 750px) 100vw, 750px\" \/><\/p>\n<map name=\"jop1vy1l\">\n<area coords=\"11,143,187,403\" shape=\"rect\" href=\"https:\/\/longtops.en.alibaba.com\/productgrouplist-805281181\/Interior_Material.html?spm=a2700.icbuShop.prup15aafb.1.102c72f4r9xS94\" target=\"_blank\" \/>\n<area coords=\"194,142,373,405\" shape=\"rect\" href=\"https:\/\/longtops.en.alibaba.com\/productgrouplist-805261574\/Exterior_Material.html?spm=a2700.icbuShop.prup15aafb.10.1bd566f5fx5hr8\" target=\"_blank\" \/>\n<area coords=\"378,142,557,404\" shape=\"rect\" href=\"https:\/\/longtops.en.alibaba.com\/productgrouplist-805343849\/Customized_Material.html?spm=a2700.icbuShop.prup15aafb.21.424e71fe2JWtea\" target=\"_blank\" \/>\n<area coords=\"562,140,739,403\" shape=\"rect\" href=\"https:\/\/longtops.en.alibaba.com\/productgrouplist-807693332\/Design_and_Technology.html?spm=a2700.icbuShop.prup15aafb.29.5bf342c4ATPm7j\" target=\"_blank\" \/> <\/map>\n<\/div>\n<\/div>\n<div id=\"ali-anchor-AliPostDhMb-5273d\" class=\"mceSectionContainer\" style=\"padding-top: 8px;\" data-section=\"AliPostDhMb-5273d\" data-section-title=\"Project Display\">\n<div id=\"ali-title-AliPostDhMb-5273d\" style=\"padding: 8px 0; border-bottom: 1px solid #ddd;\"><span style=\"background-color: #ddd; color: #333; font-weight: bold; padding: 8px 10px; line-height: 12px;\">Affichage du projet<\/span><\/div>\n<div style=\"padding: 10px 0;\">\n<p><img loading=\"lazy\" decoding=\"async\" class=\"alignnone size-full wp-image-21135\" src=\"http:\/\/stone-phoenix.com\/wp-content\/uploads\/2023\/12\/1703881896.jpg\" width=\"750\" height=\"772\" srcset=\"https:\/\/stone-phoenix.com\/wp-content\/uploads\/2023\/12\/1703881896.jpg 750w, https:\/\/stone-phoenix.com\/wp-content\/uploads\/2023\/12\/1703881896-291x300.jpg 291w, https:\/\/stone-phoenix.com\/wp-content\/uploads\/2023\/12\/1703881896-12x12.jpg 12w, https:\/\/stone-phoenix.com\/wp-content\/uploads\/2023\/12\/1703881896-600x618.jpg 600w, https:\/\/stone-phoenix.com\/wp-content\/uploads\/2023\/12\/1703881896-150x154.jpg 150w\" sizes=\"(max-width: 750px) 100vw, 750px\" \/><\/p>\n<\/div>\n<\/div>\n<div id=\"ali-anchor-AliPostDhMb-9s1md\" class=\"mceSectionContainer\" style=\"padding-top: 8px;\" data-section=\"AliPostDhMb-9s1md\" data-section-title=\"Company Information\">\n<div id=\"ali-title-AliPostDhMb-9s1md\" style=\"padding: 8px 0; border-bottom: 1px solid #ddd;\"><span style=\"background-color: #ddd; color: #333; font-weight: bold; padding: 8px 10px; line-height: 12px;\">Informations sur l'entreprise<\/span><\/div>\n<div style=\"padding: 10px 0;\">\n<p><img loading=\"lazy\" decoding=\"async\" class=\"alignnone size-full wp-image-21136\" src=\"http:\/\/stone-phoenix.com\/wp-content\/uploads\/2023\/12\/1703881896-1.jpg\" width=\"750\" height=\"943\" srcset=\"https:\/\/stone-phoenix.com\/wp-content\/uploads\/2023\/12\/1703881896-1.jpg 750w, https:\/\/stone-phoenix.com\/wp-content\/uploads\/2023\/12\/1703881896-1-239x300.jpg 239w, https:\/\/stone-phoenix.com\/wp-content\/uploads\/2023\/12\/1703881896-1-10x12.jpg 10w, https:\/\/stone-phoenix.com\/wp-content\/uploads\/2023\/12\/1703881896-1-600x754.jpg 600w, https:\/\/stone-phoenix.com\/wp-content\/uploads\/2023\/12\/1703881896-1-150x189.jpg 150w\" sizes=\"(max-width: 750px) 100vw, 750px\" \/><\/p>\n<\/div>\n<\/div>\n<div id=\"ali-anchor-AliPostDhMb-qlaay\" class=\"mceSectionContainer\" style=\"padding-top: 8px;\" data-section=\"AliPostDhMb-qlaay\" data-section-title=\"Advantages\">\n<div id=\"ali-title-AliPostDhMb-qlaay\" style=\"padding: 8px 0; border-bottom: 1px solid #ddd;\"><span style=\"background-color: #ddd; color: #333; font-weight: bold; padding: 8px 10px; line-height: 12px;\">Avantages<\/span><\/div>\n<div style=\"padding: 10px 0;\">\n<p><img loading=\"lazy\" decoding=\"async\" class=\"alignnone size-full wp-image-21137\" src=\"http:\/\/stone-phoenix.com\/wp-content\/uploads\/2023\/12\/1703881897.jpg\" width=\"750\" height=\"1242\" srcset=\"https:\/\/stone-phoenix.com\/wp-content\/uploads\/2023\/12\/1703881897.jpg 750w, https:\/\/stone-phoenix.com\/wp-content\/uploads\/2023\/12\/1703881897-181x300.jpg 181w, https:\/\/stone-phoenix.com\/wp-content\/uploads\/2023\/12\/1703881897-618x1024.jpg 618w, https:\/\/stone-phoenix.com\/wp-content\/uploads\/2023\/12\/1703881897-7x12.jpg 7w, https:\/\/stone-phoenix.com\/wp-content\/uploads\/2023\/12\/1703881897-600x994.jpg 600w, https:\/\/stone-phoenix.com\/wp-content\/uploads\/2023\/12\/1703881897-150x248.jpg 150w\" sizes=\"(max-width: 750px) 100vw, 750px\" \/><\/p>\n<map name=\"jorwd5m6\"><img loading=\"lazy\" decoding=\"async\" class=\"alignnone size-full wp-image-21138\" src=\"http:\/\/stone-phoenix.com\/wp-content\/uploads\/2023\/12\/1703881898.jpg\" width=\"750\" height=\"566\" srcset=\"https:\/\/stone-phoenix.com\/wp-content\/uploads\/2023\/12\/1703881898.jpg 750w, https:\/\/stone-phoenix.com\/wp-content\/uploads\/2023\/12\/1703881898-300x226.jpg 300w, https:\/\/stone-phoenix.com\/wp-content\/uploads\/2023\/12\/1703881898-16x12.jpg 16w, https:\/\/stone-phoenix.com\/wp-content\/uploads\/2023\/12\/1703881898-600x453.jpg 600w, https:\/\/stone-phoenix.com\/wp-content\/uploads\/2023\/12\/1703881898-150x113.jpg 150w\" sizes=\"(max-width: 750px) 100vw, 750px\" \/> <\/map>\n<\/div>\n<\/div>\n<div id=\"ali-anchor-AliPostDhMb-ils4t\" class=\"mceSectionContainer\" style=\"padding-top: 8px;\" data-section=\"AliPostDhMb-ils4t\" data-section-title=\"FAQ\">\n<div id=\"ali-title-AliPostDhMb-ils4t\" style=\"padding: 8px 0; border-bottom: 1px solid #ddd;\"><span style=\"background-color: #ddd; color: #333; font-weight: bold; padding: 8px 10px; line-height: 12px;\">FAQ<\/span><\/div>\n<div style=\"padding: 10px 0;\">\n<p><img loading=\"lazy\" decoding=\"async\" class=\"alignnone size-full wp-image-21142\" src=\"http:\/\/stone-phoenix.com\/wp-content\/uploads\/2023\/12\/1703881900.jpg\" width=\"750\" height=\"932\" srcset=\"https:\/\/stone-phoenix.com\/wp-content\/uploads\/2023\/12\/1703881900.jpg 750w, https:\/\/stone-phoenix.com\/wp-content\/uploads\/2023\/12\/1703881900-241x300.jpg 241w, https:\/\/stone-phoenix.com\/wp-content\/uploads\/2023\/12\/1703881900-10x12.jpg 10w, https:\/\/stone-phoenix.com\/wp-content\/uploads\/2023\/12\/1703881900-600x746.jpg 600w, https:\/\/stone-phoenix.com\/wp-content\/uploads\/2023\/12\/1703881900-150x186.jpg 150w\" sizes=\"(max-width: 750px) 100vw, 750px\" \/><\/p>\n<p><a title=\"Carrelage de sol en granit rose, carrelage de sol en granit pour l&#039;ext\u00e9rieur, parking pour voitures\" target=\"_blank\" rel=\"noopener noreferrer\"><span style=\"font-size: 16px;\"><img loading=\"lazy\" decoding=\"async\" class=\"alignnone size-full wp-image-21143\" src=\"http:\/\/stone-phoenix.com\/wp-content\/uploads\/2023\/12\/1703881900-1.jpg\" width=\"750\" height=\"153\" srcset=\"https:\/\/stone-phoenix.com\/wp-content\/uploads\/2023\/12\/1703881900-1.jpg 750w, https:\/\/stone-phoenix.com\/wp-content\/uploads\/2023\/12\/1703881900-1-300x61.jpg 300w, https:\/\/stone-phoenix.com\/wp-content\/uploads\/2023\/12\/1703881900-1-18x4.jpg 18w, https:\/\/stone-phoenix.com\/wp-content\/uploads\/2023\/12\/1703881900-1-600x122.jpg 600w, https:\/\/stone-phoenix.com\/wp-content\/uploads\/2023\/12\/1703881900-1-150x31.jpg 150w\" sizes=\"(max-width: 750px) 100vw, 750px\" \/><\/span><\/a><\/p>\n<\/div>\n<\/div>\n<\/div>","protected":false},"excerpt":{"rendered":"<p>Outdoor decoration materials tan brown granite fooring tiles cats eye granite tan brown granite is the most well-known synthetic tan<\/p>","protected":false},"featured_media":21127,"template":"","meta":[],"product_cat":[112],"product_tag":[],"_links":{"self":[{"href":"https:\/\/stone-phoenix.com\/fr\/wp-json\/wp\/v2\/product\/21126"}],"collection":[{"href":"https:\/\/stone-phoenix.com\/fr\/wp-json\/wp\/v2\/product"}],"about":[{"href":"https:\/\/stone-phoenix.com\/fr\/wp-json\/wp\/v2\/types\/product"}],"wp:featuredmedia":[{"embeddable":true,"href":"https:\/\/stone-phoenix.com\/fr\/wp-json\/wp\/v2\/media\/21127"}],"wp:attachment":[{"href":"https:\/\/stone-phoenix.com\/fr\/wp-json\/wp\/v2\/media?parent=21126"}],"wp:term":[{"taxonomy":"product_cat","embeddable":true,"href":"https:\/\/stone-phoenix.com\/fr\/wp-json\/wp\/v2\/product_cat?post=21126"},{"taxonomy":"product_tag","embeddable":true,"href":"https:\/\/stone-phoenix.com\/fr\/wp-json\/wp\/v2\/product_tag?post=21126"}],"curies":[{"name":"wp","href":"https:\/\/api.w.org\/{rel}","templated":true}]}}