{"id":21158,"date":"2023-12-29T20:32:17","date_gmt":"2023-12-29T12:32:17","guid":{"rendered":"http:\/\/stone-phoenix.com\/product\/the-paving-stone-company-volcanic-lava-stone"},"modified":"2024-03-27T09:19:26","modified_gmt":"2024-03-27T01:19:26","slug":"the-paving-stone-company-volcanic-lava-stone","status":"publish","type":"product","link":"https:\/\/stone-phoenix.com\/fr\/produit\/the-paving-stone-company-volcanic-lava-stone","title":{"rendered":"the paving stone company pierre de lave volcanique"},"content":{"rendered":"<div id=\"tab-description\" class=\"woocommerce-Tabs-panel woocommerce-Tabs-panel--description panel entry-content wc-tab\" role=\"tabpanel\" aria-labelledby=\"tab-title-description\">\n<h2>the paving stone company pierre de lave volcanique<\/h2>\n<p>L'entreprise de pav\u00e9s est une entreprise sp\u00e9cialis\u00e9e dans l'installation et l'entretien de pav\u00e9s pour les surfaces ext\u00e9rieures telles que les all\u00e9es, les patios, les trottoirs, etc. Les pav\u00e9s sont un choix populaire pour les surfaces ext\u00e9rieures parce qu'ils sont durables, attrayants et faciles \u00e0 entretenir.<\/p>\n<p>L'entreprise emploie une \u00e9quipe de professionnels exp\u00e9riment\u00e9s, form\u00e9s \u00e0 la pose et \u00e0 la r\u00e9paration des pav\u00e9s. Ils poss\u00e8dent les connaissances et l'expertise n\u00e9cessaires pour poser correctement les pav\u00e9s et s'assurer qu'ils sont bien align\u00e9s et solidement en place. L'entreprise propose \u00e9galement une gamme de services, notamment le nettoyage et le scellement des pav\u00e9s pour les prot\u00e9ger des intemp\u00e9ries et prolonger leur dur\u00e9e de vie.<\/p>\n<p>Outre les services d'installation et d'entretien, l'entreprise de pav\u00e9s propose \u00e9galement une large s\u00e9lection de pav\u00e9s \u00e0 ses clients. Elle propose une grande vari\u00e9t\u00e9 de styles, de couleurs et de motifs, de sorte que les clients peuvent trouver l'option parfaite pour s'adapter \u00e0 leur style personnel et \u00e0 l'esth\u00e9tique de leur maison.<\/p>\n<p>L'un des principaux avantages de choisir l'entreprise de pavage pour vos surfaces ext\u00e9rieures est la durabilit\u00e9 des pav\u00e9s qu'elle utilise. Les pav\u00e9s sont fabriqu\u00e9s \u00e0 partir de divers mat\u00e9riaux tels que le b\u00e9ton, la brique et la pierre naturelle, et sont r\u00e9put\u00e9s pour leur long\u00e9vit\u00e9 et leur r\u00e9sistance \u00e0 l'usure. Ils peuvent r\u00e9sister \u00e0 un trafic intense et \u00e0 des conditions m\u00e9t\u00e9orologiques extr\u00eames, ce qui en fait un choix pratique et durable pour tout espace ext\u00e9rieur.<\/p>\n<p>Outre leur durabilit\u00e9, les pav\u00e9s n\u00e9cessitent peu d'entretien et sont faciles \u00e0 nettoyer. Ils n'ont pas besoin d'\u00eatre fr\u00e9quemment scell\u00e9s ou recouverts comme d'autres surfaces ext\u00e9rieures, et peuvent \u00eatre facilement nettoy\u00e9s \u00e0 l'aide d'un tuyau et d'un d\u00e9tergent doux.<\/p>\n<p>Dans l'ensemble, l'entreprise de pav\u00e9s est un choix fiable et s\u00fbr pour tous ceux qui cherchent \u00e0 am\u00e9liorer l'aspect et la fonctionnalit\u00e9 de leur espace ext\u00e9rieur. Avec une \u00e9quipe de professionnels exp\u00e9riment\u00e9s, une large s\u00e9lection de pav\u00e9s et des services d'installation et d'entretien de haute qualit\u00e9, elle est le choix id\u00e9al pour tous vos besoins en mati\u00e8re de pav\u00e9s.<\/p>\n<div id=\"ali-anchor-AliPostDhMb-10ic2\" style=\"padding-top: 8px;\" data-section=\"AliPostDhMb-10ic2\" data-section-title=\"Product Description\">\n<div id=\"ali-title-AliPostDhMb-10ic2\" style=\"padding: 8px 0; border-bottom: 1px solid #ddd;\"><span style=\"background-color: #ddd; color: #333; font-weight: bold; padding: 8px 10px; line-height: 12px;\">Description du produit<\/span><\/div>\n<div style=\"padding: 10px 0;\">\n<table class=\"aliDataTable\" style=\"color: #000000; font-family: Arial; font-size: 12px; font-style: normal; font-weight: 400; background-color: #ffffff; width: 750px; height: 226px; border: 1px solid #b3b3b3;\">\n<tbody>\n<tr style=\"height: 42px;\">\n<td style=\"border: 1px solid #b3b3b3; width: 162px; height: 42px;\"><strong><span style=\"font-family: arial, helvetica, sans-serif; font-size: 14px;\">Nom du produit :<\/span><\/strong><\/td>\n<td style=\"border: 1px solid #b3b3b3; width: 595.066px; height: 42px;\"><span style=\"font-family: arial, helvetica, sans-serif; font-size: 14px;\">Divers pav\u00e9s en granit<\/span><\/td>\n<\/tr>\n<tr style=\"height: 21px;\">\n<td style=\"border: 1px solid #b3b3b3; width: 162px; height: 21px;\"><strong><span style=\"font-family: arial, helvetica, sans-serif; font-size: 14px;\">Mat\u00e9riau :<\/span><\/strong><\/td>\n<td style=\"border: 1px solid #b3b3b3; width: 595.066px; height: 21px;\"><span style=\"font-family: arial, helvetica, sans-serif; font-size: 14px;\">Granit G562, granit G603, granit G654, granit G682, granit G684, etc.<\/span><\/td>\n<\/tr>\n<tr style=\"height: 44px;\">\n<td style=\"border: 1px solid #b3b3b3; width: 162px; height: 65px;\" rowspan=\"2\">\n<p style=\"margin: 0px; padding: 0px;\"><strong><span style=\"font-family: arial, helvetica, sans-serif; font-size: 14px;\">Taille :<\/span><\/strong><\/p>\n<\/td>\n<td style=\"border: 1px solid #b3b3b3; width: 595.066px; height: 44px;\"><span style=\"font-size: 14px;\">Tailles<\/span><br \/>\n<span style=\"font-size: 14px;\">5X5X5CM,8X8X8CM,9X9X9CM,10X10X10CM,10x10x5cm,<\/span><\/p>\n<p><span style=\"font-size: 14px;\">10x20x5cm,9.5\u00d79.5x4CM,19.5\u00d719.5x4CM,22X11X5CM,<\/span><\/p>\n<p><span style=\"font-size: 14px;\">16.5X11.5X5CM,19.7X19.7X8CM,14.5X14.5X8CM,16X16X16CM,<\/span><\/p>\n<p><span style=\"font-size: 14px;\">22X16X16CM,27x18x9cm,18x18x9cm,18x18x18CM <\/span><\/p>\n<p><span style=\"font-size: 14px;\">ou sur mesure<\/span><\/td>\n<\/tr>\n<tr style=\"height: 21px;\">\n<td style=\"border: 1px solid #b3b3b3; width: 595.066px; height: 21px;\"><span style=\"font-family: arial, helvetica, sans-serif; font-size: 14px;\">Des sp\u00e9cifications personnalis\u00e9es sont disponibles<\/span><\/td>\n<\/tr>\n<tr style=\"height: 42px;\">\n<td style=\"border: 1px solid #b3b3b3; width: 162px; height: 42px;\"><strong><span style=\"font-family: arial, helvetica, sans-serif; font-size: 14px;\">Tol\u00e9rance d'\u00e9paisseur :<\/span><\/strong><\/td>\n<td style=\"border: 1px solid #b3b3b3; width: 595.066px; height: 42px;\"><span style=\"font-size: 14px; font-family: arial, helvetica, sans-serif;\">\u00b11mm, \u00b11,5mm, \u00b12mm, selon les exigences de qualit\u00e9 du client<\/span><\/td>\n<\/tr>\n<tr style=\"height: 126px;\">\n<td style=\"border: 1px solid #b3b3b3; width: 162px; height: 126px;\">\n<p style=\"margin: 0px; padding: 0px;\"><strong><span style=\"font-family: arial, helvetica, sans-serif; font-size: 14px;\">Surface :<\/span><\/strong><\/p>\n<\/td>\n<td style=\"border: 1px solid #b3b3b3; width: 595.066px; height: 126px;\"><span style=\"font-size: 14px;\">Finition<\/span><br \/>\n<span style=\"font-size: 14px;\">a. Fente naturelle sur tous les c\u00f4t\u00e9s<\/span><br \/>\n<span style=\"font-size: 14px;\">b. Toutes les faces sont sci\u00e9es<\/span><br \/>\n<span style=\"font-size: 14px;\">c. 5 c\u00f4t\u00e9s coup\u00e9s \u00e0 la scie, surface fendue naturellement<\/span><br \/>\n<span style=\"font-size: 14px;\">d. 5 faces coup\u00e9es \u00e0 la scie, surface flamm\u00e9e<\/span><br \/>\n<span style=\"font-size: 14px;\">e. 4 c\u00f4t\u00e9s coup\u00e9s \u00e0 la scie, fendu naturel en haut, tambourin\u00e9, dos en maille\u00a0<\/span><\/td>\n<\/tr>\n<tr style=\"height: 21px;\">\n<td style=\"border: 1px solid #b3b3b3; width: 162px; height: 21px;\"><strong><span style=\"font-family: arial, helvetica, sans-serif; font-size: 14px;\">Emballage :<\/span><\/strong><\/td>\n<td style=\"border: 1px solid #b3b3b3; width: 595.066px; height: 21px;\"><span style=\"font-family: arial, helvetica, sans-serif; font-size: 14px;\">Fardeaux et caisses en bois en \u00e9tat de navigabilit\u00e9<\/span><\/td>\n<\/tr>\n<tr style=\"height: 21px;\">\n<td style=\"border: 1px solid #b3b3b3; width: 162px; height: 21px;\"><strong><span style=\"font-family: arial, helvetica, sans-serif; font-size: 14px;\">Application :<\/span><\/strong><\/td>\n<td style=\"border: 1px solid #b3b3b3; width: 595.066px; height: 21px;\"><span style=\"font-family: arial, helvetica, sans-serif; font-size: 14px;\">Largement utilis\u00e9 pour la d\u00e9coration int\u00e9rieure et ext\u00e9rieure<\/span><\/td>\n<\/tr>\n<tr style=\"height: 42px;\">\n<td style=\"border: 1px solid #b3b3b3; width: 162px; height: 42px;\"><strong><span style=\"font-family: arial, helvetica, sans-serif; font-size: 14px;\">D\u00e9lai de livraison :<\/span><\/strong><\/td>\n<td style=\"border: 1px solid #b3b3b3; width: 595.066px; height: 42px;\"><span style=\"font-family: arial, helvetica, sans-serif; font-size: 14px;\">15-20 jours pour les tailles normales<\/span><\/td>\n<\/tr>\n<tr style=\"height: 21px;\">\n<td style=\"border: 1px solid #b3b3b3; width: 162px; height: 21px;\">\n<p style=\"margin: 0px; padding: 0px;\"><strong><span style=\"font-family: arial, helvetica, sans-serif; font-size: 14px;\">Certificat :<\/span><\/strong><\/p>\n<\/td>\n<td style=\"border: 1px solid #b3b3b3; width: 595.066px; height: 21px;\"><span style=\"font-family: arial, helvetica, sans-serif; font-size: 14px;\">CE, SGS<\/span><\/td>\n<\/tr>\n<tr style=\"height: 42px;\">\n<td style=\"border: 1px solid #b3b3b3; width: 162px; height: 42px;\">\n<p style=\"margin: 0px; padding: 0px;\"><strong><span style=\"font-family: arial, helvetica, sans-serif; font-size: 14px;\">Conditions de paiement :<\/span><\/strong><\/p>\n<\/td>\n<td style=\"border: 1px solid #b3b3b3; width: 595.066px; height: 42px;\"><span style=\"font-family: arial, helvetica, sans-serif; font-size: 14px;\">T\/T, L\/C, D\/P<\/span><\/td>\n<\/tr>\n<tr style=\"height: 63px;\">\n<td style=\"border: 1px solid #b3b3b3; width: 162px; height: 63px;\"><strong><span style=\"font-family: arial, helvetica, sans-serif; font-size: 14px;\">Avantage :<\/span><\/strong><\/td>\n<td style=\"border: 1px solid #b3b3b3; width: 595.066px; height: 63px;\">\n<p style=\"margin: 0px; padding: 0px;\"><span style=\"font-family: arial, helvetica, sans-serif; font-size: 14px;\">1) Service unique pour la pierre ;<\/span><\/p>\n<p style=\"margin: 0px; padding: 0px;\"><span style=\"font-family: arial, helvetica, sans-serif; font-size: 14px;\">2) Poss\u00e9der 3 carri\u00e8res et 9 usines ;<\/span><\/p>\n<p style=\"margin: 0px; padding: 0px;\"><span style=\"font-family: arial, helvetica, sans-serif; font-size: 14px;\">3) Soutien \u00e0 la conception et \u00e0 la technologie.<\/span><\/p>\n<\/td>\n<\/tr>\n<tr style=\"height: 84px;\">\n<td style=\"border: 1px solid #b3b3b3; width: 162px; height: 84px;\"><strong><span style=\"font-family: arial, helvetica, sans-serif; font-size: 14px;\">Assurance de la qualit\u00e9 et de la livraison :\u00a0<\/span><\/strong><\/td>\n<td style=\"border: 1px solid #b3b3b3; width: 595.066px; height: 84px;\">\n<p style=\"margin: 0px; padding: 0px;\"><span style=\"font-family: arial, helvetica, sans-serif; font-size: 14px;\">Tout au long du processus de production, du choix des mat\u00e9riaux \u00e0 l'emballage en passant par la fabrication, notre service de contr\u00f4le de la qualit\u00e9 contr\u00f4le rigoureusement chaque pi\u00e8ce et chaque processus afin de garantir le respect des normes de qualit\u00e9 et le respect des d\u00e9lais de livraison.<\/span><\/p>\n<\/td>\n<\/tr>\n<\/tbody>\n<\/table>\n<p>&nbsp;<\/p>\n<p><img loading=\"lazy\" decoding=\"async\" class=\"alignnone size-full wp-image-26529\" src=\"http:\/\/stone-phoenix.com\/wp-content\/uploads\/2023\/12\/the-paving-stone-company-volcanic-lava-stone-4.jpg\" alt=\"\" width=\"1119\" height=\"1006\" srcset=\"https:\/\/stone-phoenix.com\/wp-content\/uploads\/2023\/12\/the-paving-stone-company-volcanic-lava-stone-4.jpg 1119w, https:\/\/stone-phoenix.com\/wp-content\/uploads\/2023\/12\/the-paving-stone-company-volcanic-lava-stone-4-300x270.jpg 300w, https:\/\/stone-phoenix.com\/wp-content\/uploads\/2023\/12\/the-paving-stone-company-volcanic-lava-stone-4-1024x921.jpg 1024w, https:\/\/stone-phoenix.com\/wp-content\/uploads\/2023\/12\/the-paving-stone-company-volcanic-lava-stone-4-768x690.jpg 768w, https:\/\/stone-phoenix.com\/wp-content\/uploads\/2023\/12\/the-paving-stone-company-volcanic-lava-stone-4-13x12.jpg 13w, https:\/\/stone-phoenix.com\/wp-content\/uploads\/2023\/12\/the-paving-stone-company-volcanic-lava-stone-4-600x539.jpg 600w, https:\/\/stone-phoenix.com\/wp-content\/uploads\/2023\/12\/the-paving-stone-company-volcanic-lava-stone-4-150x135.jpg 150w\" sizes=\"(max-width: 1119px) 100vw, 1119px\" \/><img loading=\"lazy\" decoding=\"async\" class=\"alignnone size-full wp-image-26530\" src=\"http:\/\/stone-phoenix.com\/wp-content\/uploads\/2023\/12\/the-paving-stone-company-volcanic-lava-stone-5.jpg\" alt=\"\" width=\"1017\" height=\"1026\" srcset=\"https:\/\/stone-phoenix.com\/wp-content\/uploads\/2023\/12\/the-paving-stone-company-volcanic-lava-stone-5.jpg 1017w, https:\/\/stone-phoenix.com\/wp-content\/uploads\/2023\/12\/the-paving-stone-company-volcanic-lava-stone-5-297x300.jpg 297w, https:\/\/stone-phoenix.com\/wp-content\/uploads\/2023\/12\/the-paving-stone-company-volcanic-lava-stone-5-1015x1024.jpg 1015w, https:\/\/stone-phoenix.com\/wp-content\/uploads\/2023\/12\/the-paving-stone-company-volcanic-lava-stone-5-150x151.jpg 150w, https:\/\/stone-phoenix.com\/wp-content\/uploads\/2023\/12\/the-paving-stone-company-volcanic-lava-stone-5-768x775.jpg 768w, https:\/\/stone-phoenix.com\/wp-content\/uploads\/2023\/12\/the-paving-stone-company-volcanic-lava-stone-5-12x12.jpg 12w, https:\/\/stone-phoenix.com\/wp-content\/uploads\/2023\/12\/the-paving-stone-company-volcanic-lava-stone-5-600x605.jpg 600w\" sizes=\"(max-width: 1017px) 100vw, 1017px\" \/><\/p>\n<\/div>\n<\/div>\n<\/div>","protected":false},"excerpt":{"rendered":"<p>the paving stone company volcanic lava stone The paving stone company is a business that specializes in the installation and<\/p>","protected":false},"featured_media":26526,"template":"","meta":[],"product_cat":[112],"product_tag":[],"_links":{"self":[{"href":"https:\/\/stone-phoenix.com\/fr\/wp-json\/wp\/v2\/product\/21158"}],"collection":[{"href":"https:\/\/stone-phoenix.com\/fr\/wp-json\/wp\/v2\/product"}],"about":[{"href":"https:\/\/stone-phoenix.com\/fr\/wp-json\/wp\/v2\/types\/product"}],"wp:featuredmedia":[{"embeddable":true,"href":"https:\/\/stone-phoenix.com\/fr\/wp-json\/wp\/v2\/media\/26526"}],"wp:attachment":[{"href":"https:\/\/stone-phoenix.com\/fr\/wp-json\/wp\/v2\/media?parent=21158"}],"wp:term":[{"taxonomy":"product_cat","embeddable":true,"href":"https:\/\/stone-phoenix.com\/fr\/wp-json\/wp\/v2\/product_cat?post=21158"},{"taxonomy":"product_tag","embeddable":true,"href":"https:\/\/stone-phoenix.com\/fr\/wp-json\/wp\/v2\/product_tag?post=21158"}],"curies":[{"name":"wp","href":"https:\/\/api.w.org\/{rel}","templated":true}]}}