{"id":21162,"date":"2023-12-29T20:32:24","date_gmt":"2023-12-29T12:32:24","guid":{"rendered":"http:\/\/stone-phoenix.com\/product\/granite-cobble-stone-landscape-decoration-cubic"},"modified":"2024-03-26T23:03:14","modified_gmt":"2024-03-26T15:03:14","slug":"granite-cobble-stone-landscape-decoration-cubic","status":"publish","type":"product","link":"https:\/\/stone-phoenix.com\/fr\/produit\/granite-cobble-stone-landscape-decoration-cubic","title":{"rendered":"Granite Cobble Stone Landscape Decoration Cubic"},"content":{"rendered":"<div id=\"tab-description\" class=\"woocommerce-Tabs-panel woocommerce-Tabs-panel--description panel entry-content wc-tab\" role=\"tabpanel\" aria-labelledby=\"tab-title-description\">\n<div id=\"ali-anchor-AliPostDhMb-10ic2\" style=\"padding-top: 8px;\" data-section=\"AliPostDhMb-10ic2\" data-section-title=\"Product Description\">\n<div>\n<p>Le pav\u00e9 de granit est un type de mat\u00e9riau de pavage couramment utilis\u00e9 pour les surfaces ext\u00e9rieures telles que les all\u00e9es, les trottoirs et les terrasses. Ces pierres sont fabriqu\u00e9es \u00e0 partir de granit, un type de roche naturelle dure connue pour sa durabilit\u00e9 et sa r\u00e9sistance aux intemp\u00e9ries.<\/p>\n<p>Les pav\u00e9s de granit sont g\u00e9n\u00e9ralement taill\u00e9s en forme rectangulaire ou carr\u00e9e et leur largeur et leur longueur varient de 2 \u00e0 4 pouces. Ils ont g\u00e9n\u00e9ralement une \u00e9paisseur de 2 \u00e0 4 pouces, ce qui les rend robustes et leur permet de r\u00e9sister \u00e0 un trafic pi\u00e9tonnier intense.<\/p>\n<p>L'un des principaux avantages des pav\u00e9s en granit est leur durabilit\u00e9. Le granit est un mat\u00e9riau solide et r\u00e9sistant, ce qui signifie que ces pav\u00e9s peuvent supporter une forte usure sans montrer de signes de d\u00e9t\u00e9rioration. Ils sont \u00e9galement r\u00e9sistants aux intemp\u00e9ries et ne se d\u00e9coloreront pas au fil du temps, m\u00eame lorsqu'ils sont expos\u00e9s \u00e0 des conditions climatiques difficiles.<\/p>\n<p>Les pav\u00e9s de granit n\u00e9cessitent \u00e9galement peu d'entretien. Ils ne n\u00e9cessitent aucun nettoyage ou scellement particulier et peuvent \u00eatre facilement nettoy\u00e9s \u00e0 l'aide d'un tuyau d'arrosage ou d'un nettoyeur haute pression. En outre, ils n'abritent ni bact\u00e9ries ni algues, ce qui en fait un choix hygi\u00e9nique pour les surfaces ext\u00e9rieures.<\/p>\n<p>Les pav\u00e9s de granit sont disponibles dans une grande vari\u00e9t\u00e9 de couleurs, y compris des nuances de gris, de noir et de rose. Cette large gamme de couleurs offre une grande souplesse de conception et permet de cr\u00e9er des surfaces uniques et visuellement attrayantes.<\/p>\n<p>Il existe \u00e9galement plusieurs finitions diff\u00e9rentes pour les pav\u00e9s de granit, notamment polie, adoucie et flamm\u00e9e. La finition polie donne aux pierres un aspect brillant et lisse, tandis que la finition adoucie leur conf\u00e8re un aspect mat et plus naturel. La finition flamm\u00e9e, quant \u00e0 elle, cr\u00e9e une surface rugueuse et textur\u00e9e qui est antid\u00e9rapante et id\u00e9ale pour les zones \u00e0 fort trafic pi\u00e9tonnier.<\/p>\n<p>Dans l'ensemble, les pav\u00e9s de granit constituent une option durable et n\u00e9cessitant peu d'entretien pour les surfaces ext\u00e9rieures. Ils sont disponibles dans une grande vari\u00e9t\u00e9 de couleurs et de finitions, ce qui en fait un choix polyvalent pour un large \u00e9ventail de projets d'am\u00e9nagement.<\/p>\n<\/div>\n<div id=\"ali-title-AliPostDhMb-10ic2\" style=\"padding: 8px 0; border-bottom: 1px solid #ddd;\"><span style=\"background-color: #ddd; color: #333; font-weight: bold; padding: 8px 10px; line-height: 12px;\">Description du produit<\/span><\/div>\n<div style=\"padding: 10px 0;\">\n<table class=\"aliDataTable\" style=\"color: #000000; font-family: Arial; font-size: 12px; font-style: normal; font-weight: 400; background-color: #ffffff; width: 750px; height: 226px; border: 1px solid #b3b3b3;\">\n<tbody>\n<tr style=\"height: 42px;\">\n<td style=\"border: 1px solid #b3b3b3; width: 162px; height: 42px;\"><strong><span style=\"font-family: arial, helvetica, sans-serif; font-size: 14px;\">Nom du produit :<\/span><\/strong><\/td>\n<td style=\"border: 1px solid #b3b3b3; width: 595.066px; height: 42px;\"><span style=\"font-family: arial, helvetica, sans-serif; font-size: 14px;\">Divers pav\u00e9s en granit<\/span><\/td>\n<\/tr>\n<tr style=\"height: 21px;\">\n<td style=\"border: 1px solid #b3b3b3; width: 162px; height: 21px;\"><strong><span style=\"font-family: arial, helvetica, sans-serif; font-size: 14px;\">Mat\u00e9riau :<\/span><\/strong><\/td>\n<td style=\"border: 1px solid #b3b3b3; width: 595.066px; height: 21px;\"><span style=\"font-family: arial, helvetica, sans-serif; font-size: 14px;\">Granit G562, granit G603, granit G654, granit G682, etc.<\/span><\/td>\n<\/tr>\n<tr style=\"height: 44px;\">\n<td style=\"border: 1px solid #b3b3b3; width: 162px; height: 65px;\" rowspan=\"2\">\n<p style=\"margin: 0px; padding: 0px;\"><strong><span style=\"font-family: arial, helvetica, sans-serif; font-size: 14px;\">Taille :<\/span><\/strong><\/p>\n<\/td>\n<td style=\"border: 1px solid #b3b3b3; width: 595.066px; height: 44px;\"><span style=\"font-size: 14px;\">Tailles<\/span><br \/>\n<span style=\"font-size: 14px;\">5X5X5CM,8X8X8CM,9X9X9CM,10X10X10CM,10x10x5cm,<\/span><span style=\"font-size: 14px;\">10x20x5cm,9.5\u00d79.5x4CM,19.5\u00d719.5x4CM,22X11X5CM,<\/span><\/p>\n<p><span style=\"font-size: 14px;\">16.5X11.5X5CM,19.7X19.7X8CM,14.5X14.5X8CM,16X16X16CM,<\/span><\/p>\n<p><span style=\"font-size: 14px;\">22X16X16CM,27x18x9cm,18x18x9cm,18x18x18CM <\/span><\/p>\n<p><span style=\"font-size: 14px;\">ou sur mesure<\/span><\/td>\n<\/tr>\n<tr style=\"height: 21px;\">\n<td style=\"border: 1px solid #b3b3b3; width: 595.066px; height: 21px;\"><span style=\"font-family: arial, helvetica, sans-serif; font-size: 14px;\">Des sp\u00e9cifications personnalis\u00e9es sont disponibles<\/span><\/td>\n<\/tr>\n<tr style=\"height: 42px;\">\n<td style=\"border: 1px solid #b3b3b3; width: 162px; height: 42px;\"><strong><span style=\"font-family: arial, helvetica, sans-serif; font-size: 14px;\">Tol\u00e9rance d'\u00e9paisseur :<\/span><\/strong><\/td>\n<td style=\"border: 1px solid #b3b3b3; width: 595.066px; height: 42px;\"><span style=\"font-size: 14px; font-family: arial, helvetica, sans-serif;\">\u00b11mm, \u00b11,5mm, \u00b12mm, selon les exigences de qualit\u00e9 du client<\/span><\/td>\n<\/tr>\n<tr style=\"height: 126px;\">\n<td style=\"border: 1px solid #b3b3b3; width: 162px; height: 126px;\">\n<p style=\"margin: 0px; padding: 0px;\"><strong><span style=\"font-family: arial, helvetica, sans-serif; font-size: 14px;\">Surface :<\/span><\/strong><\/p>\n<\/td>\n<td style=\"border: 1px solid #b3b3b3; width: 595.066px; height: 126px;\"><span style=\"font-size: 14px;\">Finition<\/span><br \/>\n<span style=\"font-size: 14px;\">a. Fente naturelle sur tous les c\u00f4t\u00e9s<\/span><br \/>\n<span style=\"font-size: 14px;\">b. Toutes les faces sont sci\u00e9es<\/span><br \/>\n<span style=\"font-size: 14px;\">c. 5 c\u00f4t\u00e9s coup\u00e9s \u00e0 la scie, surface fendue naturellement<\/span><br \/>\n<span style=\"font-size: 14px;\">d. 5 faces coup\u00e9es \u00e0 la scie, surface flamm\u00e9e<\/span><br \/>\n<span style=\"font-size: 14px;\">e. 4 c\u00f4t\u00e9s coup\u00e9s \u00e0 la scie, fendu naturel en haut, tambourin\u00e9, dos en maille\u00a0<\/span><\/td>\n<\/tr>\n<tr style=\"height: 21px;\">\n<td style=\"border: 1px solid #b3b3b3; width: 162px; height: 21px;\"><strong><span style=\"font-family: arial, helvetica, sans-serif; font-size: 14px;\">Emballage :<\/span><\/strong><\/td>\n<td style=\"border: 1px solid #b3b3b3; width: 595.066px; height: 21px;\"><span style=\"font-family: arial, helvetica, sans-serif; font-size: 14px;\">Fardeaux et caisses en bois en \u00e9tat de navigabilit\u00e9<\/span><\/td>\n<\/tr>\n<tr style=\"height: 21px;\">\n<td style=\"border: 1px solid #b3b3b3; width: 162px; height: 21px;\"><strong><span style=\"font-family: arial, helvetica, sans-serif; font-size: 14px;\">Application :<\/span><\/strong><\/td>\n<td style=\"border: 1px solid #b3b3b3; width: 595.066px; height: 21px;\"><span style=\"font-family: arial, helvetica, sans-serif; font-size: 14px;\">Largement utilis\u00e9 pour la d\u00e9coration int\u00e9rieure et ext\u00e9rieure<\/span><\/td>\n<\/tr>\n<tr style=\"height: 42px;\">\n<td style=\"border: 1px solid #b3b3b3; width: 162px; height: 42px;\"><strong><span style=\"font-family: arial, helvetica, sans-serif; font-size: 14px;\">D\u00e9lai de livraison :<\/span><\/strong><\/td>\n<td style=\"border: 1px solid #b3b3b3; width: 595.066px; height: 42px;\"><span style=\"font-family: arial, helvetica, sans-serif; font-size: 14px;\">15-20 jours pour les tailles normales<\/span><\/td>\n<\/tr>\n<tr style=\"height: 21px;\">\n<td style=\"border: 1px solid #b3b3b3; width: 162px; height: 21px;\">\n<p style=\"margin: 0px; padding: 0px;\"><strong><span style=\"font-family: arial, helvetica, sans-serif; font-size: 14px;\">Certificat :<\/span><\/strong><\/p>\n<\/td>\n<td style=\"border: 1px solid #b3b3b3; width: 595.066px; height: 21px;\"><span style=\"font-family: arial, helvetica, sans-serif; font-size: 14px;\">CE, SGS<\/span><\/td>\n<\/tr>\n<tr style=\"height: 42px;\">\n<td style=\"border: 1px solid #b3b3b3; width: 162px; height: 42px;\">\n<p style=\"margin: 0px; padding: 0px;\"><strong><span style=\"font-family: arial, helvetica, sans-serif; font-size: 14px;\">Conditions de paiement :<\/span><\/strong><\/p>\n<\/td>\n<td style=\"border: 1px solid #b3b3b3; width: 595.066px; height: 42px;\"><span style=\"font-family: arial, helvetica, sans-serif; font-size: 14px;\">T\/T, L\/C, D\/P<\/span><\/td>\n<\/tr>\n<tr style=\"height: 63px;\">\n<td style=\"border: 1px solid #b3b3b3; width: 162px; height: 63px;\"><strong><span style=\"font-family: arial, helvetica, sans-serif; font-size: 14px;\">Avantage :<\/span><\/strong><\/td>\n<td style=\"border: 1px solid #b3b3b3; width: 595.066px; height: 63px;\">\n<p style=\"margin: 0px; padding: 0px;\"><span style=\"font-family: arial, helvetica, sans-serif; font-size: 14px;\">1) Service unique pour la pierre ;<\/span><\/p>\n<p style=\"margin: 0px; padding: 0px;\"><span style=\"font-family: arial, helvetica, sans-serif; font-size: 14px;\">2) Poss\u00e9der 3 carri\u00e8res et 9 usines ;<\/span><\/p>\n<p style=\"margin: 0px; padding: 0px;\"><span style=\"font-family: arial, helvetica, sans-serif; font-size: 14px;\">3) Soutien \u00e0 la conception et \u00e0 la technologie.<\/span><\/p>\n<\/td>\n<\/tr>\n<tr style=\"height: 84px;\">\n<td style=\"border: 1px solid #b3b3b3; width: 162px; height: 84px;\"><strong><span style=\"font-family: arial, helvetica, sans-serif; font-size: 14px;\">Assurance de la qualit\u00e9 et de la livraison :\u00a0<\/span><\/strong><\/td>\n<td style=\"border: 1px solid #b3b3b3; width: 595.066px; height: 84px;\">\n<p style=\"margin: 0px; padding: 0px;\"><span style=\"font-family: arial, helvetica, sans-serif; font-size: 14px;\">Tout au long du processus de production, du choix des mat\u00e9riaux \u00e0 l'emballage en passant par la fabrication, notre service de contr\u00f4le de la qualit\u00e9 contr\u00f4le rigoureusement chaque pi\u00e8ce et chaque processus afin de garantir le respect des normes de qualit\u00e9 et le respect des d\u00e9lais de livraison.<\/span><\/p>\n<\/td>\n<\/tr>\n<\/tbody>\n<\/table>\n<p><img loading=\"lazy\" decoding=\"async\" class=\"alignnone size-full wp-image-26521\" src=\"http:\/\/stone-phoenix.com\/wp-content\/uploads\/2023\/12\/Granite-Cobble-Stone-Landscape-Decoration-Cubic-5.jpg\" alt=\"\" width=\"1108\" height=\"886\" srcset=\"https:\/\/stone-phoenix.com\/wp-content\/uploads\/2023\/12\/Granite-Cobble-Stone-Landscape-Decoration-Cubic-5.jpg 1108w, https:\/\/stone-phoenix.com\/wp-content\/uploads\/2023\/12\/Granite-Cobble-Stone-Landscape-Decoration-Cubic-5-300x240.jpg 300w, https:\/\/stone-phoenix.com\/wp-content\/uploads\/2023\/12\/Granite-Cobble-Stone-Landscape-Decoration-Cubic-5-1024x819.jpg 1024w, https:\/\/stone-phoenix.com\/wp-content\/uploads\/2023\/12\/Granite-Cobble-Stone-Landscape-Decoration-Cubic-5-768x614.jpg 768w, https:\/\/stone-phoenix.com\/wp-content\/uploads\/2023\/12\/Granite-Cobble-Stone-Landscape-Decoration-Cubic-5-15x12.jpg 15w, https:\/\/stone-phoenix.com\/wp-content\/uploads\/2023\/12\/Granite-Cobble-Stone-Landscape-Decoration-Cubic-5-600x480.jpg 600w, https:\/\/stone-phoenix.com\/wp-content\/uploads\/2023\/12\/Granite-Cobble-Stone-Landscape-Decoration-Cubic-5-150x120.jpg 150w\" sizes=\"(max-width: 1108px) 100vw, 1108px\" \/><img loading=\"lazy\" decoding=\"async\" class=\"alignnone size-full wp-image-26522\" src=\"http:\/\/stone-phoenix.com\/wp-content\/uploads\/2023\/12\/Granite-Cobble-Stone-Landscape-Decoration-Cubic-6.jpg\" alt=\"\" width=\"1090\" height=\"853\" srcset=\"https:\/\/stone-phoenix.com\/wp-content\/uploads\/2023\/12\/Granite-Cobble-Stone-Landscape-Decoration-Cubic-6.jpg 1090w, https:\/\/stone-phoenix.com\/wp-content\/uploads\/2023\/12\/Granite-Cobble-Stone-Landscape-Decoration-Cubic-6-300x235.jpg 300w, https:\/\/stone-phoenix.com\/wp-content\/uploads\/2023\/12\/Granite-Cobble-Stone-Landscape-Decoration-Cubic-6-1024x801.jpg 1024w, https:\/\/stone-phoenix.com\/wp-content\/uploads\/2023\/12\/Granite-Cobble-Stone-Landscape-Decoration-Cubic-6-768x601.jpg 768w, https:\/\/stone-phoenix.com\/wp-content\/uploads\/2023\/12\/Granite-Cobble-Stone-Landscape-Decoration-Cubic-6-15x12.jpg 15w, https:\/\/stone-phoenix.com\/wp-content\/uploads\/2023\/12\/Granite-Cobble-Stone-Landscape-Decoration-Cubic-6-600x470.jpg 600w, https:\/\/stone-phoenix.com\/wp-content\/uploads\/2023\/12\/Granite-Cobble-Stone-Landscape-Decoration-Cubic-6-150x117.jpg 150w\" sizes=\"(max-width: 1090px) 100vw, 1090px\" \/><img loading=\"lazy\" decoding=\"async\" class=\"alignnone size-full wp-image-26523\" src=\"http:\/\/stone-phoenix.com\/wp-content\/uploads\/2023\/12\/Granite-Cobble-Stone-Landscape-Decoration-Cubic-7.jpg\" alt=\"\" width=\"1072\" height=\"856\" srcset=\"https:\/\/stone-phoenix.com\/wp-content\/uploads\/2023\/12\/Granite-Cobble-Stone-Landscape-Decoration-Cubic-7.jpg 1072w, https:\/\/stone-phoenix.com\/wp-content\/uploads\/2023\/12\/Granite-Cobble-Stone-Landscape-Decoration-Cubic-7-300x240.jpg 300w, https:\/\/stone-phoenix.com\/wp-content\/uploads\/2023\/12\/Granite-Cobble-Stone-Landscape-Decoration-Cubic-7-1024x818.jpg 1024w, https:\/\/stone-phoenix.com\/wp-content\/uploads\/2023\/12\/Granite-Cobble-Stone-Landscape-Decoration-Cubic-7-768x613.jpg 768w, https:\/\/stone-phoenix.com\/wp-content\/uploads\/2023\/12\/Granite-Cobble-Stone-Landscape-Decoration-Cubic-7-15x12.jpg 15w, https:\/\/stone-phoenix.com\/wp-content\/uploads\/2023\/12\/Granite-Cobble-Stone-Landscape-Decoration-Cubic-7-600x479.jpg 600w, https:\/\/stone-phoenix.com\/wp-content\/uploads\/2023\/12\/Granite-Cobble-Stone-Landscape-Decoration-Cubic-7-150x120.jpg 150w\" sizes=\"(max-width: 1072px) 100vw, 1072px\" \/><img loading=\"lazy\" decoding=\"async\" class=\"alignnone size-full wp-image-26524\" src=\"http:\/\/stone-phoenix.com\/wp-content\/uploads\/2023\/12\/Granite-Cobble-Stone-Landscape-Decoration-Cubic-8.jpg\" alt=\"\" width=\"1117\" height=\"862\" srcset=\"https:\/\/stone-phoenix.com\/wp-content\/uploads\/2023\/12\/Granite-Cobble-Stone-Landscape-Decoration-Cubic-8.jpg 1117w, https:\/\/stone-phoenix.com\/wp-content\/uploads\/2023\/12\/Granite-Cobble-Stone-Landscape-Decoration-Cubic-8-300x232.jpg 300w, https:\/\/stone-phoenix.com\/wp-content\/uploads\/2023\/12\/Granite-Cobble-Stone-Landscape-Decoration-Cubic-8-1024x790.jpg 1024w, https:\/\/stone-phoenix.com\/wp-content\/uploads\/2023\/12\/Granite-Cobble-Stone-Landscape-Decoration-Cubic-8-768x593.jpg 768w, https:\/\/stone-phoenix.com\/wp-content\/uploads\/2023\/12\/Granite-Cobble-Stone-Landscape-Decoration-Cubic-8-16x12.jpg 16w, https:\/\/stone-phoenix.com\/wp-content\/uploads\/2023\/12\/Granite-Cobble-Stone-Landscape-Decoration-Cubic-8-600x463.jpg 600w, https:\/\/stone-phoenix.com\/wp-content\/uploads\/2023\/12\/Granite-Cobble-Stone-Landscape-Decoration-Cubic-8-150x116.jpg 150w\" sizes=\"(max-width: 1117px) 100vw, 1117px\" \/><\/p>\n<\/div>\n<\/div>\n<\/div>","protected":false},"excerpt":{"rendered":"<p>Granite Cobble Stone is a type of paving material that is commonly used for outdoor surfaces such as driveways, sidewalks,<\/p>","protected":false},"featured_media":26516,"template":"","meta":[],"product_cat":[112],"product_tag":[],"_links":{"self":[{"href":"https:\/\/stone-phoenix.com\/fr\/wp-json\/wp\/v2\/product\/21162"}],"collection":[{"href":"https:\/\/stone-phoenix.com\/fr\/wp-json\/wp\/v2\/product"}],"about":[{"href":"https:\/\/stone-phoenix.com\/fr\/wp-json\/wp\/v2\/types\/product"}],"wp:featuredmedia":[{"embeddable":true,"href":"https:\/\/stone-phoenix.com\/fr\/wp-json\/wp\/v2\/media\/26516"}],"wp:attachment":[{"href":"https:\/\/stone-phoenix.com\/fr\/wp-json\/wp\/v2\/media?parent=21162"}],"wp:term":[{"taxonomy":"product_cat","embeddable":true,"href":"https:\/\/stone-phoenix.com\/fr\/wp-json\/wp\/v2\/product_cat?post=21162"},{"taxonomy":"product_tag","embeddable":true,"href":"https:\/\/stone-phoenix.com\/fr\/wp-json\/wp\/v2\/product_tag?post=21162"}],"curies":[{"name":"wp","href":"https:\/\/api.w.org\/{rel}","templated":true}]}}