{"id":21169,"date":"2023-12-29T20:32:34","date_gmt":"2023-12-29T12:32:34","guid":{"rendered":"http:\/\/stone-phoenix.com\/product\/calacatta-gold-marble-slabs-in-natural-marble"},"modified":"2024-03-26T22:52:57","modified_gmt":"2024-03-26T14:52:57","slug":"calacatta-gold-marble-slabs-in-natural-marble","status":"publish","type":"product","link":"https:\/\/stone-phoenix.com\/fr\/produit\/calacatta-gold-marble-slabs-in-natural-marble","title":{"rendered":"dalles de marbre calacatta gold en marbre naturel"},"content":{"rendered":"<div id=\"tab-description\" class=\"woocommerce-Tabs-panel woocommerce-Tabs-panel--description panel entry-content wc-tab\" role=\"tabpanel\" aria-labelledby=\"tab-title-description\">\n<h2>vente en gros de dalles de marbre calacatta dor\u00e9 en marbre naturel, dalles de quartz et de porcelaine \u00e0 prix comp\u00e9titif<\/h2>\n<p class=\"mceSectionContainer\" style=\"padding-top: 8px;\" data-section=\"AliPostDhMb-10ic2\" data-section-title=\"Product Description\">Les plaques de marbre calacatta gold sont l'un de nos produits les plus populaires et les plus demand\u00e9s. Chaque plaque est unique, car elle a \u00e9t\u00e9 polie et taill\u00e9e \u00e0 la main, et pr\u00e9sente des motifs, des couleurs et des veinures qui lui sont propres. Elles ajoutent de la chaleur, du style et de l'int\u00e9r\u00eat \u00e0 toute pi\u00e8ce de votre maison. Elles pr\u00e9sentent un veinage d'or frappant qui rend chaque pi\u00e8ce unique et parfaite pour compl\u00e9ter d'autres couleurs.<br \/>\nLes rev\u00eatements de sol sont un excellent moyen d'ajouter du luxe et du confort \u00e0 un environnement int\u00e9rieur et sont de plus en plus populaires. Le rev\u00eatement de sol peut \u00eatre install\u00e9 dans n'importe quelle pi\u00e8ce de votre maison ou de vos locaux professionnels pour cr\u00e9er un sentiment suppl\u00e9mentaire de style et d'opulence.Nos produits sont taill\u00e9s dans de la pierre naturelle, ils peuvent \u00eatre utilis\u00e9s pour des applications r\u00e9sidentielles et commerciales.<br \/>\nparfaite pour les comptoirs de cuisine, cette dalle de marbre or calacatta est un choix appropri\u00e9 elle pr\u00e9sente une surface lisse et polie et une couleur uniforme.Le magnifique marbre or calacatta est connu pour sa simplicit\u00e9 et son \u00e9l\u00e9gance. Il offre une couleur douce et cr\u00e9meuse qui donnera du caract\u00e8re \u00e0 n'importe quel espace, de l'entr\u00e9e \u00e0 la salle de bains.<\/p>\n<div id=\"ali-title-AliPostDhMb-10ic2\" style=\"padding: 8px 0; border-bottom: 1px solid #ddd;\"><span style=\"background-color: #ddd; color: #333; font-weight: bold; padding: 8px 10px; line-height: 12px;\">Description du produit<\/span><\/div>\n<div style=\"padding: 10px 0;\">\n<table style=\"border-collapse: collapse; border-style: solid; background-color: #ffffff; width: 80%;\" border=\"1\">\n<tbody>\n<tr>\n<td style=\"width: 24.1007%;\">marbre or calacatta<\/td>\n<td style=\"width: 74.1007%;\">dimension en grandes dalles ou coup\u00e9es sur mesure ou en mosa\u00efque et en forme d'irreuglar<\/td>\n<\/tr>\n<tr>\n<td style=\"width: 24.1007%;\">Or calacatta Quartz<\/td>\n<td style=\"width: 74.1007%;\">Dalles ou comptoirs en quartz ou coup\u00e9s sur mesure<\/td>\n<\/tr>\n<tr>\n<td style=\"width: 24.1007%;\">or calacatta Porcelaine<\/td>\n<td style=\"width: 74.1007%;\">Dalles et coupes sur mesure disponibles.<\/td>\n<\/tr>\n<\/tbody>\n<\/table>\n<p>S'il vous pla\u00eet <a href=\"https:\/\/longtopstone.com\/contact\/\">nous contacter<\/a> pour plus de d\u00e9tails.<\/p>\n<p><img loading=\"lazy\" decoding=\"async\" class=\"alignnone size-full wp-image-26513\" src=\"http:\/\/stone-phoenix.com\/wp-content\/uploads\/2023\/12\/calacatta-gold-marble-slabs-in-natural-marble-6.jpg\" alt=\"\" width=\"1114\" height=\"1116\" srcset=\"https:\/\/stone-phoenix.com\/wp-content\/uploads\/2023\/12\/calacatta-gold-marble-slabs-in-natural-marble-6.jpg 1114w, https:\/\/stone-phoenix.com\/wp-content\/uploads\/2023\/12\/calacatta-gold-marble-slabs-in-natural-marble-6-300x300.jpg 300w, https:\/\/stone-phoenix.com\/wp-content\/uploads\/2023\/12\/calacatta-gold-marble-slabs-in-natural-marble-6-1022x1024.jpg 1022w, https:\/\/stone-phoenix.com\/wp-content\/uploads\/2023\/12\/calacatta-gold-marble-slabs-in-natural-marble-6-150x150.jpg 150w, https:\/\/stone-phoenix.com\/wp-content\/uploads\/2023\/12\/calacatta-gold-marble-slabs-in-natural-marble-6-768x769.jpg 768w, https:\/\/stone-phoenix.com\/wp-content\/uploads\/2023\/12\/calacatta-gold-marble-slabs-in-natural-marble-6-12x12.jpg 12w, https:\/\/stone-phoenix.com\/wp-content\/uploads\/2023\/12\/calacatta-gold-marble-slabs-in-natural-marble-6-600x601.jpg 600w\" sizes=\"(max-width: 1114px) 100vw, 1114px\" \/><img loading=\"lazy\" decoding=\"async\" class=\"alignnone size-full wp-image-26514\" src=\"http:\/\/stone-phoenix.com\/wp-content\/uploads\/2023\/12\/calacatta-gold-marble-slabs-in-natural-marble-4.jpg\" alt=\"\" width=\"1128\" height=\"1110\" srcset=\"https:\/\/stone-phoenix.com\/wp-content\/uploads\/2023\/12\/calacatta-gold-marble-slabs-in-natural-marble-4.jpg 1128w, https:\/\/stone-phoenix.com\/wp-content\/uploads\/2023\/12\/calacatta-gold-marble-slabs-in-natural-marble-4-300x295.jpg 300w, https:\/\/stone-phoenix.com\/wp-content\/uploads\/2023\/12\/calacatta-gold-marble-slabs-in-natural-marble-4-1024x1008.jpg 1024w, https:\/\/stone-phoenix.com\/wp-content\/uploads\/2023\/12\/calacatta-gold-marble-slabs-in-natural-marble-4-768x756.jpg 768w, https:\/\/stone-phoenix.com\/wp-content\/uploads\/2023\/12\/calacatta-gold-marble-slabs-in-natural-marble-4-12x12.jpg 12w, https:\/\/stone-phoenix.com\/wp-content\/uploads\/2023\/12\/calacatta-gold-marble-slabs-in-natural-marble-4-600x590.jpg 600w, https:\/\/stone-phoenix.com\/wp-content\/uploads\/2023\/12\/calacatta-gold-marble-slabs-in-natural-marble-4-150x148.jpg 150w\" sizes=\"(max-width: 1128px) 100vw, 1128px\" \/><img loading=\"lazy\" decoding=\"async\" class=\"alignnone size-full wp-image-26515\" src=\"http:\/\/stone-phoenix.com\/wp-content\/uploads\/2023\/12\/calacatta-gold-marble-slabs-in-natural-marble-5.jpg\" alt=\"\" width=\"1111\" height=\"1093\" srcset=\"https:\/\/stone-phoenix.com\/wp-content\/uploads\/2023\/12\/calacatta-gold-marble-slabs-in-natural-marble-5.jpg 1111w, https:\/\/stone-phoenix.com\/wp-content\/uploads\/2023\/12\/calacatta-gold-marble-slabs-in-natural-marble-5-300x295.jpg 300w, https:\/\/stone-phoenix.com\/wp-content\/uploads\/2023\/12\/calacatta-gold-marble-slabs-in-natural-marble-5-1024x1007.jpg 1024w, https:\/\/stone-phoenix.com\/wp-content\/uploads\/2023\/12\/calacatta-gold-marble-slabs-in-natural-marble-5-768x756.jpg 768w, https:\/\/stone-phoenix.com\/wp-content\/uploads\/2023\/12\/calacatta-gold-marble-slabs-in-natural-marble-5-12x12.jpg 12w, https:\/\/stone-phoenix.com\/wp-content\/uploads\/2023\/12\/calacatta-gold-marble-slabs-in-natural-marble-5-600x590.jpg 600w, https:\/\/stone-phoenix.com\/wp-content\/uploads\/2023\/12\/calacatta-gold-marble-slabs-in-natural-marble-5-150x148.jpg 150w\" sizes=\"(max-width: 1111px) 100vw, 1111px\" \/><\/p>\n<\/div>\n<div style=\"padding: 10px 0;\"><img loading=\"lazy\" decoding=\"async\" class=\"alignnone wp-image-21171\" src=\"http:\/\/stone-phoenix.com\/wp-content\/uploads\/2023\/12\/1703881955.jpg\" width=\"951\" height=\"713\" srcset=\"https:\/\/stone-phoenix.com\/wp-content\/uploads\/2023\/12\/1703881955.jpg 800w, https:\/\/stone-phoenix.com\/wp-content\/uploads\/2023\/12\/1703881955-300x225.jpg 300w, https:\/\/stone-phoenix.com\/wp-content\/uploads\/2023\/12\/1703881955-768x576.jpg 768w, https:\/\/stone-phoenix.com\/wp-content\/uploads\/2023\/12\/1703881955-16x12.jpg 16w, https:\/\/stone-phoenix.com\/wp-content\/uploads\/2023\/12\/1703881955-600x450.jpg 600w, https:\/\/stone-phoenix.com\/wp-content\/uploads\/2023\/12\/1703881955-150x113.jpg 150w\" sizes=\"(max-width: 951px) 100vw, 951px\" \/><br \/>\n<img loading=\"lazy\" decoding=\"async\" class=\"alignnone wp-image-21172\" src=\"http:\/\/stone-phoenix.com\/wp-content\/uploads\/2023\/12\/1703881955-1.jpg\" width=\"953\" height=\"536\" srcset=\"https:\/\/stone-phoenix.com\/wp-content\/uploads\/2023\/12\/1703881955-1.jpg 800w, https:\/\/stone-phoenix.com\/wp-content\/uploads\/2023\/12\/1703881955-1-300x169.jpg 300w, https:\/\/stone-phoenix.com\/wp-content\/uploads\/2023\/12\/1703881955-1-768x432.jpg 768w, https:\/\/stone-phoenix.com\/wp-content\/uploads\/2023\/12\/1703881955-1-18x10.jpg 18w, https:\/\/stone-phoenix.com\/wp-content\/uploads\/2023\/12\/1703881955-1-600x338.jpg 600w, https:\/\/stone-phoenix.com\/wp-content\/uploads\/2023\/12\/1703881955-1-150x84.jpg 150w\" sizes=\"(max-width: 953px) 100vw, 953px\" \/><img loading=\"lazy\" decoding=\"async\" class=\"alignnone wp-image-21173\" src=\"http:\/\/stone-phoenix.com\/wp-content\/uploads\/2023\/12\/1703881957.jpg\" width=\"950\" height=\"594\" srcset=\"https:\/\/stone-phoenix.com\/wp-content\/uploads\/2023\/12\/1703881957.jpg 800w, https:\/\/stone-phoenix.com\/wp-content\/uploads\/2023\/12\/1703881957-300x188.jpg 300w, https:\/\/stone-phoenix.com\/wp-content\/uploads\/2023\/12\/1703881957-768x480.jpg 768w, https:\/\/stone-phoenix.com\/wp-content\/uploads\/2023\/12\/1703881957-18x12.jpg 18w, https:\/\/stone-phoenix.com\/wp-content\/uploads\/2023\/12\/1703881957-600x375.jpg 600w, https:\/\/stone-phoenix.com\/wp-content\/uploads\/2023\/12\/1703881957-150x94.jpg 150w\" sizes=\"(max-width: 950px) 100vw, 950px\" \/><br \/>\n<img loading=\"lazy\" decoding=\"async\" class=\"alignnone size-full wp-image-21174\" src=\"http:\/\/stone-phoenix.com\/wp-content\/uploads\/2023\/12\/1703881958.jpg\" width=\"1000\" height=\"1000\" srcset=\"https:\/\/stone-phoenix.com\/wp-content\/uploads\/2023\/12\/1703881958.jpg 1000w, https:\/\/stone-phoenix.com\/wp-content\/uploads\/2023\/12\/1703881958-300x300.jpg 300w, https:\/\/stone-phoenix.com\/wp-content\/uploads\/2023\/12\/1703881958-150x150.jpg 150w, https:\/\/stone-phoenix.com\/wp-content\/uploads\/2023\/12\/1703881958-768x768.jpg 768w, https:\/\/stone-phoenix.com\/wp-content\/uploads\/2023\/12\/1703881958-12x12.jpg 12w, https:\/\/stone-phoenix.com\/wp-content\/uploads\/2023\/12\/1703881958-600x600.jpg 600w\" sizes=\"(max-width: 1000px) 100vw, 1000px\" \/><\/div>\n<\/div>","protected":false},"excerpt":{"rendered":"<p>wholesale calacatta gold marble slabs in natural marble quartz porcelain slabs with competitive price calacatta gold marble slabs are one<\/p>","protected":false},"featured_media":26509,"template":"","meta":[],"product_cat":[112],"product_tag":[],"_links":{"self":[{"href":"https:\/\/stone-phoenix.com\/fr\/wp-json\/wp\/v2\/product\/21169"}],"collection":[{"href":"https:\/\/stone-phoenix.com\/fr\/wp-json\/wp\/v2\/product"}],"about":[{"href":"https:\/\/stone-phoenix.com\/fr\/wp-json\/wp\/v2\/types\/product"}],"wp:featuredmedia":[{"embeddable":true,"href":"https:\/\/stone-phoenix.com\/fr\/wp-json\/wp\/v2\/media\/26509"}],"wp:attachment":[{"href":"https:\/\/stone-phoenix.com\/fr\/wp-json\/wp\/v2\/media?parent=21169"}],"wp:term":[{"taxonomy":"product_cat","embeddable":true,"href":"https:\/\/stone-phoenix.com\/fr\/wp-json\/wp\/v2\/product_cat?post=21169"},{"taxonomy":"product_tag","embeddable":true,"href":"https:\/\/stone-phoenix.com\/fr\/wp-json\/wp\/v2\/product_tag?post=21169"}],"curies":[{"name":"wp","href":"https:\/\/api.w.org\/{rel}","templated":true}]}}