{"id":21204,"date":"2023-12-29T20:33:34","date_gmt":"2023-12-29T12:33:34","guid":{"rendered":"http:\/\/stone-phoenix.com\/product\/chinese-granite-supplier-yellow-granite-g682"},"modified":"2023-12-29T20:33:35","modified_gmt":"2023-12-29T12:33:35","slug":"chinese-granite-supplier-yellow-granite-g682","status":"publish","type":"product","link":"https:\/\/stone-phoenix.com\/fr\/produit\/chinese-granite-supplier-yellow-granite-g682","title":{"rendered":"Fournisseur de granit chinois Granit jaune G682"},"content":{"rendered":"<div class=\"woocommerce-Tabs-panel woocommerce-Tabs-panel--description panel entry-content wc-tab\" id=\"tab-description\" role=\"tabpanel\" aria-labelledby=\"tab-title-description\">\n<h2><span style=\"font-size: 18pt;\">Fournisseur de granit chinois Granit jaune G682<\/span><\/h2>\n<p>Le granit vert papillon de Chine est une pierre naturelle de premi\u00e8re qualit\u00e9 provenant de fournisseurs de granit chinois r\u00e9put\u00e9s. Connu pour sa beaut\u00e9 exquise et sa durabilit\u00e9, le China Butterfly Green Granite est un choix populaire pour un large \u00e9ventail d'applications, des plans de travail et des meubles-lavabos aux rev\u00eatements de sol et aux projets d'ext\u00e9rieur.<\/p>\n<p>L'aspect unique du China Butterfly Green Granite se caract\u00e9rise par sa riche couleur verte, ses motifs complexes et ses remarquables veines noires, grises et blanches qui ressemblent aux ailes d'un papillon. Ce motif distinct ajoute une touche d'\u00e9l\u00e9gance et de sophistication \u00e0 n'importe quel espace, ce qui en fait un choix \u00e9tonnant pour les conceptions traditionnelles et modernes.<\/p>\n<p>L'un des principaux avantages du China Butterfly Green Granite est sa durabilit\u00e9 exceptionnelle. Ce granit est l'une des pierres naturelles les plus dures, ce qui le rend r\u00e9sistant \u00e0 la chaleur, aux taches, aux rayures et \u00e0 l'usure. Il peut r\u00e9sister \u00e0 un usage intensif et est id\u00e9al pour les zones tr\u00e8s fr\u00e9quent\u00e9es, ce qui en fait un choix parfait pour les plans de travail de cuisine, les vanit\u00e9s de salle de bains et les rev\u00eatements de sol dans les maisons ou les espaces commerciaux tr\u00e8s fr\u00e9quent\u00e9s.<\/p>\n<p>En outre, le China Butterfly Green Granite est r\u00e9sistant aux intemp\u00e9ries, ce qui le rend adapt\u00e9 aux applications ext\u00e9rieures. Sa solidit\u00e9 et sa durabilit\u00e9 en font un mat\u00e9riau id\u00e9al pour les all\u00e9es de jardin, les pav\u00e9s de terrasse et les fa\u00e7ades, o\u00f9 il peut r\u00e9sister aux conditions m\u00e9t\u00e9orologiques difficiles sans perdre sa beaut\u00e9 ou son int\u00e9grit\u00e9.<\/p>\n<p>En tant que fournisseur de granit chinois r\u00e9put\u00e9, nous veillons \u00e0 ce que notre granit vert papillon de Chine soit soigneusement sourc\u00e9, trait\u00e9 et inspect\u00e9 pour r\u00e9pondre aux normes de qualit\u00e9 les plus \u00e9lev\u00e9es. Nos granits sont assortis aux couleurs, aux motifs et aux finitions afin de r\u00e9pondre aux sp\u00e9cifications de nos clients les plus exigeants.<\/p>\n<p>En conclusion, le China Butterfly Green Granite est une pierre naturelle de premi\u00e8re qualit\u00e9 qui offre un m\u00e9lange unique de beaut\u00e9, de durabilit\u00e9 et de polyvalence. En tant que fournisseurs de granit chinois de confiance, nous sommes fiers de proposer ce granit exquis pour diverses applications, offrant \u00e0 nos clients une solution de haute qualit\u00e9 et durable pour leurs projets. Choisissez le China Butterfly Green Granite pour votre prochain projet et d\u00e9couvrez l'\u00e9l\u00e9gance intemporelle et la durabilit\u00e9 de cette pierre naturelle exceptionnelle.<\/p>\n<table style=\"height: 383px;\" width=\"1361\">\n<tbody>\n<\/tbody>\n<tbody>\n<tr>\n<td width=\"121\">Mat\u00e9riau<\/td>\n<td width=\"125\">Couleur primaire<\/td>\n<td width=\"193\">Produit<\/td>\n<td width=\"231\">Taille (cm)<\/td>\n<td width=\"156\">Finition<\/td>\n<td width=\"72\">Densit\u00e9<br \/>\n(g\/cm3)<\/td>\n<td width=\"116\">Absorption de l'eau<br \/>\n(%)<\/td>\n<\/tr>\n<tr>\n<td>G682 Granit<\/td>\n<td>Jaune<\/td>\n<td width=\"193\">Dalle<br \/>\nCarrelage<br \/>\nEscalier<br \/>\nPav\u00e9s<br \/>\nKerbstone<br \/>\nAppui de fen\u00eatre<br \/>\nComptoir<br \/>\nEtc<\/td>\n<td width=\"231\">240up x120up x2\/3\/5\/6<br \/>\n240up x70up x2\/3\/5\/6<br \/>\n60\u00d730\/60\u00d71\/1.5\/2\/3<br \/>\n100-160x34x3<br \/>\n100-160x15x2<br \/>\nLongueurx20x8<br \/>\nLongueurx25x10<br \/>\n10x10x5<br \/>\n10x20x5<br \/>\nEtc<\/td>\n<td width=\"156\">Poli<br \/>\nHonor\u00e9<br \/>\nFlamm\u00e9<br \/>\nFlamm\u00e9 et bross\u00e9<br \/>\nBushhamerred<br \/>\nSablage<br \/>\nEtc<\/td>\n<td>2.58<\/td>\n<td>0.5<\/td>\n<\/tr>\n<\/tbody>\n<\/table>\n<p><img loading=\"lazy\" decoding=\"async\" class=\"alignnone size-full wp-image-21206\" src=\"http:\/\/stone-phoenix.com\/wp-content\/uploads\/2023\/12\/1703882015.jpg\" width=\"927\" height=\"600\" srcset=\"https:\/\/stone-phoenix.com\/wp-content\/uploads\/2023\/12\/1703882015.jpg 927w, https:\/\/stone-phoenix.com\/wp-content\/uploads\/2023\/12\/1703882015-300x194.jpg 300w, https:\/\/stone-phoenix.com\/wp-content\/uploads\/2023\/12\/1703882015-768x497.jpg 768w, https:\/\/stone-phoenix.com\/wp-content\/uploads\/2023\/12\/1703882015-18x12.jpg 18w, https:\/\/stone-phoenix.com\/wp-content\/uploads\/2023\/12\/1703882015-600x388.jpg 600w, https:\/\/stone-phoenix.com\/wp-content\/uploads\/2023\/12\/1703882015-150x97.jpg 150w\" sizes=\"(max-width: 927px) 100vw, 927px\" \/><\/p>\n<h2>Couleurs de pierre similaires<\/h2>\n<table>\n<tbody>\n<\/tbody>\n<tbody>\n<tr>\n<td style=\"text-align: center;\">\n<p><figure id=\"attachment_5360\" aria-describedby=\"caption-attachment-5360\" style=\"width: 300px\" class=\"wp-caption aligncenter\"><img loading=\"lazy\" decoding=\"async\" class=\"alignnone size-full wp-image-21207\" src=\"http:\/\/stone-phoenix.com\/wp-content\/uploads\/2023\/12\/1703882016.jpg\" width=\"300\" height=\"300\" srcset=\"https:\/\/stone-phoenix.com\/wp-content\/uploads\/2023\/12\/1703882016.jpg 300w, https:\/\/stone-phoenix.com\/wp-content\/uploads\/2023\/12\/1703882016-150x150.jpg 150w, https:\/\/stone-phoenix.com\/wp-content\/uploads\/2023\/12\/1703882016-12x12.jpg 12w\" sizes=\"(max-width: 300px) 100vw, 300px\" \/><figcaption id=\"caption-attachment-5360\" class=\"wp-caption-text\">Granit jaune G682 (SJ)<\/figcaption><\/figure>\n<\/p>\n<\/td>\n<td style=\"text-align: center;\">\n<p><figure id=\"attachment_5362\" aria-describedby=\"caption-attachment-5362\" style=\"width: 300px\" class=\"wp-caption aligncenter\"><img loading=\"lazy\" decoding=\"async\" class=\"alignnone size-full wp-image-21208\" src=\"http:\/\/stone-phoenix.com\/wp-content\/uploads\/2023\/12\/1703882017.jpg\" width=\"300\" height=\"300\" srcset=\"https:\/\/stone-phoenix.com\/wp-content\/uploads\/2023\/12\/1703882017.jpg 300w, https:\/\/stone-phoenix.com\/wp-content\/uploads\/2023\/12\/1703882017-150x150.jpg 150w, https:\/\/stone-phoenix.com\/wp-content\/uploads\/2023\/12\/1703882017-12x12.jpg 12w\" sizes=\"(max-width: 300px) 100vw, 300px\" \/><figcaption id=\"caption-attachment-5362\" class=\"wp-caption-text\">Granit jaune G682 (SZ)<\/figcaption><\/figure>\n<\/p>\n<\/td>\n<td>\n<p><figure id=\"attachment_5363\" aria-describedby=\"caption-attachment-5363\" style=\"width: 300px\" class=\"wp-caption aligncenter\"><img loading=\"lazy\" decoding=\"async\" class=\"alignnone size-full wp-image-21209\" src=\"http:\/\/stone-phoenix.com\/wp-content\/uploads\/2023\/12\/1703882018.png\" width=\"300\" height=\"300\" srcset=\"https:\/\/stone-phoenix.com\/wp-content\/uploads\/2023\/12\/1703882018.png 300w, https:\/\/stone-phoenix.com\/wp-content\/uploads\/2023\/12\/1703882018-150x150.png 150w, https:\/\/stone-phoenix.com\/wp-content\/uploads\/2023\/12\/1703882018-12x12.png 12w\" sizes=\"(max-width: 300px) 100vw, 300px\" \/><figcaption id=\"caption-attachment-5363\" class=\"wp-caption-text\">Granit jaune G682 (ZP)<\/figcaption><\/figure>\n<\/p>\n<\/td>\n<\/tr>\n<\/tbody>\n<\/table>\n<div class=\"mceTemp\"><\/div>\n<div class=\"mceTemp\"><\/div>\n<div class=\"mceTemp\"><\/div>\n<div class=\"mceTemp\"><\/div>\n<div class=\"mceTemp\"><\/div>\n<div class=\"mceTemp\"><\/div>\n<\/p><\/div>","protected":false},"excerpt":{"rendered":"<p>Chinese Granite Supplier Yellow Granite G682 China Butterfly Green Granite is a premium natural stone that is sourced from reputable<\/p>","protected":false},"featured_media":21205,"template":"","meta":[],"product_cat":[112],"product_tag":[],"_links":{"self":[{"href":"https:\/\/stone-phoenix.com\/fr\/wp-json\/wp\/v2\/product\/21204"}],"collection":[{"href":"https:\/\/stone-phoenix.com\/fr\/wp-json\/wp\/v2\/product"}],"about":[{"href":"https:\/\/stone-phoenix.com\/fr\/wp-json\/wp\/v2\/types\/product"}],"wp:featuredmedia":[{"embeddable":true,"href":"https:\/\/stone-phoenix.com\/fr\/wp-json\/wp\/v2\/media\/21205"}],"wp:attachment":[{"href":"https:\/\/stone-phoenix.com\/fr\/wp-json\/wp\/v2\/media?parent=21204"}],"wp:term":[{"taxonomy":"product_cat","embeddable":true,"href":"https:\/\/stone-phoenix.com\/fr\/wp-json\/wp\/v2\/product_cat?post=21204"},{"taxonomy":"product_tag","embeddable":true,"href":"https:\/\/stone-phoenix.com\/fr\/wp-json\/wp\/v2\/product_tag?post=21204"}],"curies":[{"name":"wp","href":"https:\/\/api.w.org\/{rel}","templated":true}]}}