{"id":21210,"date":"2023-12-29T20:33:43","date_gmt":"2023-12-29T12:33:43","guid":{"rendered":"http:\/\/stone-phoenix.com\/product\/yellow-granite-supplier-g682-beige-cream"},"modified":"2024-01-15T02:32:50","modified_gmt":"2024-01-14T18:32:50","slug":"yellow-granite-supplier-g682-beige-cream","status":"publish","type":"product","link":"https:\/\/stone-phoenix.com\/fr\/produit\/yellow-granite-supplier-g682-beige-cream","title":{"rendered":"Fournisseur de granit jaune G682 Beige Cream"},"content":{"rendered":"<div id=\"tab-description\" class=\"woocommerce-Tabs-panel woocommerce-Tabs-panel--description panel entry-content wc-tab\" role=\"tabpanel\" aria-labelledby=\"tab-title-description\">\n<div id=\"ali-anchor-AliPostDhMb-6q8vw\" style=\"padding-top: 8px\" data-section=\"AliPostDhMb-6q8vw\" data-section-title=\"Product Description\">\n<h2>Fournisseur de granit jaune G682 Beige Cream<\/h2>\n<p>Le granit jaune est un type de pierre naturelle extraite et taill\u00e9e en dalles ou en carreaux pour diverses applications, notamment les comptoirs, les dosserets et les rev\u00eatements de sol. Il est connu pour sa couleur jaune distinctive, qui peut aller de p\u00e2le \u00e0 vive et audacieuse, et pour sa durabilit\u00e9 et sa r\u00e9sistance aux taches et aux rayures. Le granit jaune est \u00e9galement appr\u00e9ci\u00e9 pour sa polyvalence et sa capacit\u00e9 \u00e0 s'int\u00e9grer \u00e0 un large \u00e9ventail de styles et de couleurs.<\/p>\n<p>Il existe de nombreuses sources de granit jaune, chaque fournisseur proposant des vari\u00e9t\u00e9s et des qualit\u00e9s diff\u00e9rentes. Lors de la recherche d'un fournisseur de granit jaune, il est important de tenir compte des facteurs suivants :<\/p>\n<ul>\n<li>R\u00e9putation : Il est important de choisir un fournisseur jouissant d'une bonne r\u00e9putation dans le secteur. Recherchez une entreprise qui est en activit\u00e9 depuis longtemps et qui a l'habitude de fournir des produits de haute qualit\u00e9 et un excellent service \u00e0 la client\u00e8le.<\/li>\n<li>Gamme de produits : Certains fournisseurs peuvent se sp\u00e9cialiser dans un type particulier de granit jaune, comme le jaune citron ou le jaune bouton d'or, tandis que d'autres peuvent offrir une gamme plus large de couleurs et de motifs. Tenez compte du type de granit jaune que vous recherchez et v\u00e9rifiez si le fournisseur dispose d'une bonne s\u00e9lection.<\/li>\n<li>Prix : Le prix du granit jaune varie en fonction de la qualit\u00e9 et de la raret\u00e9 du mat\u00e9riau. Bien qu'il soit g\u00e9n\u00e9ralement plus cher que d'autres types de mat\u00e9riaux de comptoir, tels que le stratifi\u00e9 ou les carreaux de c\u00e9ramique, il est encore possible de faire de bonnes affaires en faisant des recherches et en comparant les prix de diff\u00e9rents fournisseurs.<\/li>\n<li>Disponibilit\u00e9 : Certains fournisseurs de granit jaune peuvent n'avoir qu'une quantit\u00e9 limit\u00e9e de mat\u00e9riaux en stock, tandis que d'autres peuvent avoir un stock plus important ou \u00eatre en mesure de fournir des couleurs ou des motifs sp\u00e9cifiques sur demande. R\u00e9fl\u00e9chissez \u00e0 la quantit\u00e9 de mat\u00e9riau dont vous avez besoin et \u00e0 la capacit\u00e9 du fournisseur \u00e0 r\u00e9pondre \u00e0 vos besoins dans les meilleurs d\u00e9lais.<\/li>\n<li>L'emplacement : Si vous \u00eates situ\u00e9 dans une r\u00e9gion \u00e9loign\u00e9e ou si vous travaillez dans des d\u00e9lais serr\u00e9s, il peut \u00eatre plus pratique de choisir un fournisseur plus proche ou qui propose une exp\u00e9dition plus rapide. En revanche, si vous \u00eates pr\u00eat \u00e0 attendre que le mat\u00e9riel soit exp\u00e9di\u00e9 d'un endroit plus \u00e9loign\u00e9, vous pourrez peut-\u00eatre trouver une meilleure offre.<\/li>\n<\/ul>\n<p>Dans l'ensemble, le choix d'un fournisseur de granit jaune est une d\u00e9cision importante qui n\u00e9cessite une r\u00e9flexion approfondie sur vos besoins et pr\u00e9f\u00e9rences sp\u00e9cifiques. En prenant le temps de rechercher et de comparer les diff\u00e9rentes options, vous pouvez trouver un fournisseur qui offre la bonne combinaison de qualit\u00e9, de prix et de commodit\u00e9 pour votre projet.<\/p>\n<div id=\"ali-title-AliPostDhMb-6q8vw\" style=\"padding: 8px 0;border-bottom: 1px solid #ddd\"><span style=\"background-color: #ddd;color: #333;font-weight: bold;padding: 8px 10px;line-height: 12px\">Description du produit<\/span><\/div>\n<div style=\"padding: 10px 0\">\n<table class=\"aliDataTable\" style=\"color: #000000;font-family: Arial;font-size: 12px;font-style: normal;font-weight: 400;background-color: #ffffff;width: 698px;height: 226px;border: 1px solid #b3b3b3\">\n<tbody>\n<tr>\n<td style=\"border: 1px solid #707070;width: 159.663px\"><strong><span style=\"font-family: arial, helvetica, sans-serif;font-size: 14px\">Nom du produit :<\/span><\/strong><\/td>\n<td style=\"border: 1px solid #707070;width: 553.337px\">G682 Beige Yellow Granite Cream Yellow Colour Golden Wheat Granite Slabs Price<\/td>\n<\/tr>\n<tr>\n<td style=\"border: 1px solid #707070;width: 159.663px\"><strong><span style=\"font-family: arial, helvetica, sans-serif;font-size: 14px\">Mat\u00e9riau :<\/span><\/strong><\/td>\n<td style=\"border: 1px solid #707070;width: 553.337px\"><span style=\"font-size: 14px\">Granit<\/span><\/td>\n<\/tr>\n<tr>\n<td style=\"border: 1px solid #707070;width: 159.663px\"><strong><span style=\"font-family: arial, helvetica, sans-serif;font-size: 14px\">Couleur :<\/span><\/strong><\/td>\n<td style=\"border: 1px solid #707070;width: 553.337px\"><span style=\"font-family: arial, helvetica, sans-serif;font-size: 14px\">Blanc, noir, jaune, rouge, rose, gris, brun, bleu, vert, etc.<\/span><\/td>\n<\/tr>\n<tr>\n<td style=\"border: 1px solid #707070;width: 159.663px\" rowspan=\"3\"><strong><span style=\"font-family: arial, helvetica, sans-serif;font-size: 14px\">Taille :<\/span><\/strong><\/td>\n<td style=\"border: 1px solid #707070;width: 553.337px\"><span style=\"text-decoration: underline\"><span style=\"font-size: 14px\">Carreaux disponibles <\/span><\/span><br \/>\n<span style=\"font-size: 14px\">12\u2019x12\u2033,24\u2019x24\u2033,12\u2019x24\u2033,etc <\/span><span style=\"font-size: 14px\">300x300mm,300x600mm,400x400mm,600x600mm,etc<\/span><\/td>\n<\/tr>\n<tr>\n<td style=\"border: 1px solid #707070;width: 553.337px\"><span style=\"text-decoration: underline\"><span style=\"font-size: 14px\">Dalles disponibles <\/span><\/span><\/p>\n<p><span style=\"font-size: 14px\">180cmUpx60UP,180cmUpx65cmUP,180cmUpx70cmUP,etc<\/span><br \/>\n<span style=\"font-size: 14px\">240cmUpx120cmUP,etc<\/span><\/td>\n<\/tr>\n<tr>\n<td style=\"border: 1px solid #707070;width: 553.337px\"><span style=\"font-family: arial, helvetica, sans-serif;font-size: 14px\">Des sp\u00e9cifications personnalis\u00e9es sont disponibles<\/span><\/td>\n<\/tr>\n<tr>\n<td style=\"border: 1px solid #707070;width: 159.663px\"><strong><span style=\"font-family: arial, helvetica, sans-serif;font-size: 14px\">Tol\u00e9rance d'\u00e9paisseur :<\/span><\/strong><\/td>\n<td style=\"border: 1px solid #707070;width: 553.337px\"><span style=\"font-family: arial, helvetica, sans-serif;font-size: 14px\">\u00b10,05mm, \u00b11mm, \u00b11,5mm, \u00b12mm, selon les exigences de qualit\u00e9 du client<\/span><\/td>\n<\/tr>\n<tr>\n<td style=\"border: 1px solid #707070;width: 159.663px\"><strong><span style=\"font-family: arial, helvetica, sans-serif;font-size: 14px\">Surface :<\/span><\/strong><\/td>\n<td style=\"border: 1px solid #707070;width: 553.337px\"><span style=\"font-family: arial, helvetica, sans-serif;font-size: 14px\">P<\/span><span style=\"font-size: 14px\">ol\u00e9, adouci, flamm\u00e9, sabl\u00e9, bouchard\u00e9, fendu naturel, flamm\u00e9 et bross\u00e9, etc.<\/span><\/td>\n<\/tr>\n<tr>\n<td style=\"border: 1px solid #707070;width: 159.663px\"><strong><span style=\"font-family: arial, helvetica, sans-serif;font-size: 14px\">Emballage :<\/span><\/strong><\/td>\n<td style=\"border: 1px solid #707070;width: 553.337px\"><span style=\"font-size: 14px\">Palettes en bois en \u00e9tat de navigabilit\u00e9, fardeaux en bois et caisses en bois<\/span><\/td>\n<\/tr>\n<tr>\n<td style=\"border: 1px solid #707070;width: 159.663px\"><strong><span style=\"font-family: arial, helvetica, sans-serif;font-size: 14px\">Application :<\/span><\/strong><\/td>\n<td style=\"border: 1px solid #707070;width: 553.337px\"><span style=\"font-family: arial, helvetica, sans-serif;font-size: 14px\">Sol, mur, motif, comptoir, d\u00e9coration int\u00e9rieure et ext\u00e9rieure<\/span><\/td>\n<\/tr>\n<tr>\n<td style=\"border: 1px solid #707070;width: 159.663px\"><strong><span style=\"font-family: arial, helvetica, sans-serif;font-size: 14px\">D\u00e9lai de livraison :<\/span><\/strong><\/td>\n<td style=\"border: 1px solid #707070;width: 553.337px\"><span style=\"font-size: 14px\">15-20 jours pour l'enregistrement<\/span><span style=\"font-family: arial, helvetica, sans-serif;font-size: 14px\">tailles lar<\/span><\/td>\n<\/tr>\n<tr>\n<td style=\"border: 1px solid #707070;width: 159.663px\"><strong><span style=\"font-family: arial, helvetica, sans-serif;font-size: 14px\">Certificat :<\/span><\/strong><\/td>\n<td style=\"border: 1px solid #707070;width: 553.337px\"><span style=\"font-family: arial, helvetica, sans-serif;font-size: 14px\">CE, SGS<\/span><\/td>\n<\/tr>\n<tr>\n<td style=\"border: 1px solid #707070;width: 159.663px\"><strong><span style=\"font-family: arial, helvetica, sans-serif;font-size: 14px\">Conditions de paiement :<\/span><\/strong><\/td>\n<td style=\"border: 1px solid #707070;width: 553.337px\"><span style=\"font-size: 14px\">T\/T, L\/C, D<span style=\"color: #000000;font-family: Verdana, Arial, Helvetica, sans-serif;font-size: 14px;font-style: normal;font-weight: 400;background-color: #ffffff;float: none\">\/<\/span>P<\/span><\/td>\n<\/tr>\n<tr>\n<td style=\"border: 1px solid #707070;width: 159.663px\"><strong><span style=\"font-family: arial, helvetica, sans-serif;font-size: 14px\">Avantage :<\/span><\/strong><\/td>\n<td style=\"border: 1px solid #707070;width: 553.337px\"><span style=\"font-family: arial, helvetica, sans-serif;font-size: 14px\">1) Service unique pour la pierre ;<\/span><\/p>\n<p><span style=\"font-family: arial, helvetica, sans-serif;font-size: 14px\">2) poss\u00e8dent 3 carri\u00e8res et 9 usines ;<\/span><\/p>\n<p><span style=\"font-family: arial, helvetica, sans-serif;font-size: 14px\">3) Des supports technologiques de pointe.<\/span><\/td>\n<\/tr>\n<tr>\n<td style=\"border: 1px solid #707070;width: 159.663px\"><strong><span style=\"font-family: arial, helvetica, sans-serif;font-size: 14px\">Assurance de la qualit\u00e9 et de la livraison :\u00a0<\/span><\/strong><\/td>\n<td style=\"border: 1px solid #707070;width: 553.337px\"><span style=\"font-size: 14px\">Tout au long du processus de production, du choix des mat\u00e9riaux \u00e0 l'emballage en passant par la fabrication, notre service de contr\u00f4le de la qualit\u00e9 contr\u00f4le rigoureusement chaque pi\u00e8ce et chaque processus afin de garantir le respect des normes de qualit\u00e9 et le respect des d\u00e9lais de livraison.<\/span><\/td>\n<\/tr>\n<\/tbody>\n<\/table>\n<p>&nbsp;<\/p>\n<p>&nbsp;<\/p>\n<\/div>\n<\/div>\n<\/div>","protected":false},"excerpt":{"rendered":"<p>Yellow Granite Supplier G682 Beige Cream Yellow granite is a type of natural stone that is quarried and cut into<\/p>","protected":false},"featured_media":24575,"template":"","meta":[],"product_cat":[112],"product_tag":[],"_links":{"self":[{"href":"https:\/\/stone-phoenix.com\/fr\/wp-json\/wp\/v2\/product\/21210"}],"collection":[{"href":"https:\/\/stone-phoenix.com\/fr\/wp-json\/wp\/v2\/product"}],"about":[{"href":"https:\/\/stone-phoenix.com\/fr\/wp-json\/wp\/v2\/types\/product"}],"wp:featuredmedia":[{"embeddable":true,"href":"https:\/\/stone-phoenix.com\/fr\/wp-json\/wp\/v2\/media\/24575"}],"wp:attachment":[{"href":"https:\/\/stone-phoenix.com\/fr\/wp-json\/wp\/v2\/media?parent=21210"}],"wp:term":[{"taxonomy":"product_cat","embeddable":true,"href":"https:\/\/stone-phoenix.com\/fr\/wp-json\/wp\/v2\/product_cat?post=21210"},{"taxonomy":"product_tag","embeddable":true,"href":"https:\/\/stone-phoenix.com\/fr\/wp-json\/wp\/v2\/product_tag?post=21210"}],"curies":[{"name":"wp","href":"https:\/\/api.w.org\/{rel}","templated":true}]}}