{"id":21213,"date":"2023-12-29T20:33:50","date_gmt":"2023-12-29T12:33:50","guid":{"rendered":"http:\/\/stone-phoenix.com\/product\/yellow-river-granite-price-cheap-natural-stone"},"modified":"2024-01-15T02:25:29","modified_gmt":"2024-01-14T18:25:29","slug":"yellow-river-granite-price-cheap-natural-stone","status":"publish","type":"product","link":"https:\/\/stone-phoenix.com\/fr\/produit\/yellow-river-granite-price-cheap-natural-stone","title":{"rendered":"Granit du fleuve jaune Prix de la pierre naturelle bon march\u00e9"},"content":{"rendered":"<div id=\"tab-description\" class=\"woocommerce-Tabs-panel woocommerce-Tabs-panel--description panel entry-content wc-tab\" role=\"tabpanel\" aria-labelledby=\"tab-title-description\">\n<div id=\"ali-anchor-AliPostDhMb-6q8vw\" style=\"padding-top: 8px\" data-section=\"AliPostDhMb-6q8vw\" data-section-title=\"Product Description\">\n<h1>Granit du fleuve jaune Prix de la pierre naturelle bon march\u00e9<\/h1>\n<p>Le granit de la rivi\u00e8re jaune est le granit le plus populaire en Chine. Il poss\u00e8de la plus belle couleur, la plus grande beaut\u00e9 de la pierre blanche et peut \u00eatre utilis\u00e9 pour d\u00e9corer les murs et les sols int\u00e9rieurs et ext\u00e9rieurs. Il peut \u00eatre utilis\u00e9 pour d\u00e9corer les murs int\u00e9rieurs et ext\u00e9rieurs ainsi que les sols. Sa couleur ne s'estompe pas pendant longtemps.<\/p>\n<p>Il est facile \u00e0 installer, mais il vous faudra du temps pour le nettoyer apr\u00e8s l'installation. Si vous ne trouvez pas la pierre parfaite pour votre int\u00e9rieur et votre ext\u00e9rieur, ne vous inqui\u00e9tez pas, nous avons ce granit de la rivi\u00e8re jaune disponible sur notre site. Le granit Yellow River a un large \u00e9ventail d'utilisations, car il permet de fabriquer diff\u00e9rents types de dalles et de pierres.<\/p>\n<p>Nous pouvons cr\u00e9er diff\u00e9rentes formes, tailles et sp\u00e9cifications en fonction des demandes des clients. Le granit de la rivi\u00e8re jaune est fourni en blocs et en nombre de dalles, ce qui le rend adapt\u00e9 aux applications int\u00e9rieures ou ext\u00e9rieures. Un m\u00e9lange de teintes blanches et jaunes, le granit de la rivi\u00e8re jaune est parfait pour ce look contemporain et \u00e9l\u00e9gant dont vous avez envie !<\/p>\n<p>La rivi\u00e8re jaune est une pierre naturelle extraite de la terre \u00e0 l'aide d'\u00e9quipements modernes. C'est une pierre qui est utilis\u00e9e pour les plans de travail de cuisine, les salles de bains et la d\u00e9coration de votre maison.<\/p>\n<div id=\"ali-title-AliPostDhMb-6q8vw\" style=\"padding: 8px 0;border-bottom: 1px solid #ddd\"><span style=\"background-color: #ddd;color: #333;font-weight: bold;padding: 8px 10px;line-height: 12px\">Description du produit<\/span><\/div>\n<div style=\"padding: 10px 0\">\n<table class=\"aliDataTable\" style=\"color: #000000;font-family: Arial;font-size: 12px;font-style: normal;font-weight: 400;background-color: #ffffff;width: 698px;height: 226px;border: 1px solid #b3b3b3\">\n<tbody>\n<tr>\n<td style=\"border: 1px solid #707070;width: 159.663px\"><strong><span style=\"font-family: arial, helvetica, sans-serif;font-size: 14px\">Nom du produit :<\/span><\/strong><\/td>\n<td style=\"border: 1px solid #707070;width: 553.337px\">Pierre naturelle bon march\u00e9 Giallo Ornamentale Granite Bush Hammered Chinese Yellow Granite Tiles<\/td>\n<\/tr>\n<tr>\n<td style=\"border: 1px solid #707070;width: 159.663px\"><strong><span style=\"font-family: arial, helvetica, sans-serif;font-size: 14px\">Mat\u00e9riau :<\/span><\/strong><\/td>\n<td style=\"border: 1px solid #707070;width: 553.337px\"><span style=\"font-size: 14px\">Granit<\/span><\/td>\n<\/tr>\n<tr>\n<td style=\"border: 1px solid #707070;width: 159.663px\"><strong><span style=\"font-family: arial, helvetica, sans-serif;font-size: 14px\">Couleur :<\/span><\/strong><\/td>\n<td style=\"border: 1px solid #707070;width: 553.337px\"><span style=\"font-family: arial, helvetica, sans-serif;font-size: 14px\">Blanc, noir, jaune, rouge, rose, gris, brun, bleu, vert, etc.<\/span><\/td>\n<\/tr>\n<tr>\n<td style=\"border: 1px solid #707070;width: 159.663px\" rowspan=\"3\"><strong><span style=\"font-family: arial, helvetica, sans-serif;font-size: 14px\">Taille :<\/span><\/strong><\/td>\n<td style=\"border: 1px solid #707070;width: 553.337px\"><span style=\"text-decoration: underline\"><span style=\"font-size: 14px\">Carreaux disponibles <\/span><\/span><br \/>\n<span style=\"font-size: 14px\">12\u2019x12\u2033,24\u2019x24\u2033,12\u2019x24\u2033,etc <\/span><span style=\"font-size: 14px\">300x300mm,300x600mm,400x400mm,600x600mm,etc<\/span><\/td>\n<\/tr>\n<tr>\n<td style=\"border: 1px solid #707070;width: 553.337px\"><span style=\"text-decoration: underline\"><span style=\"font-size: 14px\">Dalles disponibles <\/span><\/span><\/p>\n<p><span style=\"font-size: 14px\">180cmUpx60UP,180cmUpx65cmUP,180cmUpx70cmUP,etc<\/span><br \/>\n<span style=\"font-size: 14px\">240cmUpx120cmUP,etc<\/span><\/td>\n<\/tr>\n<tr>\n<td style=\"border: 1px solid #707070;width: 553.337px\"><span style=\"font-family: arial, helvetica, sans-serif;font-size: 14px\">Des sp\u00e9cifications personnalis\u00e9es sont disponibles<\/span><\/td>\n<\/tr>\n<tr>\n<td style=\"border: 1px solid #707070;width: 159.663px\"><strong><span style=\"font-family: arial, helvetica, sans-serif;font-size: 14px\">Tol\u00e9rance d'\u00e9paisseur :<\/span><\/strong><\/td>\n<td style=\"border: 1px solid #707070;width: 553.337px\"><span style=\"font-family: arial, helvetica, sans-serif;font-size: 14px\">\u00b10,05mm, \u00b11mm, \u00b11,5mm, \u00b12mm, selon les exigences de qualit\u00e9 du client<\/span><\/td>\n<\/tr>\n<tr>\n<td style=\"border: 1px solid #707070;width: 159.663px\"><strong><span style=\"font-family: arial, helvetica, sans-serif;font-size: 14px\">Surface :<\/span><\/strong><\/td>\n<td style=\"border: 1px solid #707070;width: 553.337px\"><span style=\"font-family: arial, helvetica, sans-serif;font-size: 14px\">P<\/span><span style=\"font-size: 14px\">ol\u00e9, adouci, flamm\u00e9, sabl\u00e9, bouchard\u00e9, fendu naturel, flamm\u00e9 et bross\u00e9, etc.<\/span><\/td>\n<\/tr>\n<tr>\n<td style=\"border: 1px solid #707070;width: 159.663px\"><strong><span style=\"font-family: arial, helvetica, sans-serif;font-size: 14px\">Emballage :<\/span><\/strong><\/td>\n<td style=\"border: 1px solid #707070;width: 553.337px\"><span style=\"font-size: 14px\">Palettes en bois en \u00e9tat de navigabilit\u00e9, fardeaux en bois et caisses en bois<\/span><\/td>\n<\/tr>\n<tr>\n<td style=\"border: 1px solid #707070;width: 159.663px\"><strong><span style=\"font-family: arial, helvetica, sans-serif;font-size: 14px\">Application :<\/span><\/strong><\/td>\n<td style=\"border: 1px solid #707070;width: 553.337px\"><span style=\"font-family: arial, helvetica, sans-serif;font-size: 14px\">Sol, mur, motif, comptoir, d\u00e9coration int\u00e9rieure et ext\u00e9rieure<\/span><\/td>\n<\/tr>\n<tr>\n<td style=\"border: 1px solid #707070;width: 159.663px\"><strong><span style=\"font-family: arial, helvetica, sans-serif;font-size: 14px\">D\u00e9lai de livraison :<\/span><\/strong><\/td>\n<td style=\"border: 1px solid #707070;width: 553.337px\"><span style=\"font-size: 14px\">15-20 jours pour l'enregistrement<\/span><span style=\"font-family: arial, helvetica, sans-serif;font-size: 14px\">tailles lar<\/span><\/td>\n<\/tr>\n<tr>\n<td style=\"border: 1px solid #707070;width: 159.663px\"><strong><span style=\"font-family: arial, helvetica, sans-serif;font-size: 14px\">Certificat :<\/span><\/strong><\/td>\n<td style=\"border: 1px solid #707070;width: 553.337px\"><span style=\"font-family: arial, helvetica, sans-serif;font-size: 14px\">CE, SGS<\/span><\/td>\n<\/tr>\n<tr>\n<td style=\"border: 1px solid #707070;width: 159.663px\"><strong><span style=\"font-family: arial, helvetica, sans-serif;font-size: 14px\">Conditions de paiement :<\/span><\/strong><\/td>\n<td style=\"border: 1px solid #707070;width: 553.337px\"><span style=\"font-size: 14px\">T\/T, L\/C, D<span style=\"color: #000000;font-family: Verdana, Arial, Helvetica, sans-serif;font-size: 14px;font-style: normal;font-weight: 400;background-color: #ffffff;float: none\">\/<\/span>P<\/span><\/td>\n<\/tr>\n<tr>\n<td style=\"border: 1px solid #707070;width: 159.663px\"><strong><span style=\"font-family: arial, helvetica, sans-serif;font-size: 14px\">Avantage :<\/span><\/strong><\/td>\n<td style=\"border: 1px solid #707070;width: 553.337px\"><span style=\"font-family: arial, helvetica, sans-serif;font-size: 14px\">1) Service unique pour la pierre ;<\/span><\/p>\n<p><span style=\"font-family: arial, helvetica, sans-serif;font-size: 14px\">2) poss\u00e8dent 3 carri\u00e8res et 9 usines ;<\/span><\/p>\n<p><span style=\"font-family: arial, helvetica, sans-serif;font-size: 14px\">3) Des supports technologiques de pointe.<\/span><\/td>\n<\/tr>\n<tr>\n<td style=\"border: 1px solid #707070;width: 159.663px\"><strong><span style=\"font-family: arial, helvetica, sans-serif;font-size: 14px\">Assurance de la qualit\u00e9 et de la livraison :\u00a0<\/span><\/strong><\/td>\n<td style=\"border: 1px solid #707070;width: 553.337px\"><span style=\"font-size: 14px\">Tout au long du processus de production, du choix des mat\u00e9riaux \u00e0 l'emballage en passant par la fabrication, notre service de contr\u00f4le de la qualit\u00e9 contr\u00f4le rigoureusement chaque pi\u00e8ce et chaque processus afin de garantir le respect des normes de qualit\u00e9 et le respect des d\u00e9lais de livraison.<\/span><\/td>\n<\/tr>\n<\/tbody>\n<\/table>\n<p>&nbsp;<\/p>\n<p><img loading=\"lazy\" decoding=\"async\" class=\"alignleft\" src=\"http:\/\/stone-phoenix.com\/wp-content\/uploads\/2023\/12\/Yellow-River-Granite-Price-Cheap-Natural-Stone3-e1705250627844-300x300.jpg\" width=\"747\" height=\"747\" \/><\/p>\n<p><a target=\"_blank\" rel=\"noopener\"><span style=\"font-size: 16px\"><img loading=\"lazy\" decoding=\"async\" class=\"alignnone size-full wp-image-21216\" src=\"http:\/\/stone-phoenix.com\/wp-content\/uploads\/2023\/12\/1703882032.jpg\" width=\"750\" height=\"153\" srcset=\"https:\/\/stone-phoenix.com\/wp-content\/uploads\/2023\/12\/1703882032.jpg 750w, https:\/\/stone-phoenix.com\/wp-content\/uploads\/2023\/12\/1703882032-300x61.jpg 300w, https:\/\/stone-phoenix.com\/wp-content\/uploads\/2023\/12\/1703882032-18x4.jpg 18w, https:\/\/stone-phoenix.com\/wp-content\/uploads\/2023\/12\/1703882032-600x122.jpg 600w, https:\/\/stone-phoenix.com\/wp-content\/uploads\/2023\/12\/1703882032-150x31.jpg 150w\" sizes=\"(max-width: 750px) 100vw, 750px\" \/><\/span><\/a><\/p>\n<\/div>\n<\/div>\n<\/div>","protected":false},"excerpt":{"rendered":"<p>Yellow River Granite Price Cheap Natural Stone yellow river granite is the most popular granite in China, who has the<\/p>","protected":false},"featured_media":24555,"template":"","meta":[],"product_cat":[112],"product_tag":[],"_links":{"self":[{"href":"https:\/\/stone-phoenix.com\/fr\/wp-json\/wp\/v2\/product\/21213"}],"collection":[{"href":"https:\/\/stone-phoenix.com\/fr\/wp-json\/wp\/v2\/product"}],"about":[{"href":"https:\/\/stone-phoenix.com\/fr\/wp-json\/wp\/v2\/types\/product"}],"wp:featuredmedia":[{"embeddable":true,"href":"https:\/\/stone-phoenix.com\/fr\/wp-json\/wp\/v2\/media\/24555"}],"wp:attachment":[{"href":"https:\/\/stone-phoenix.com\/fr\/wp-json\/wp\/v2\/media?parent=21213"}],"wp:term":[{"taxonomy":"product_cat","embeddable":true,"href":"https:\/\/stone-phoenix.com\/fr\/wp-json\/wp\/v2\/product_cat?post=21213"},{"taxonomy":"product_tag","embeddable":true,"href":"https:\/\/stone-phoenix.com\/fr\/wp-json\/wp\/v2\/product_tag?post=21213"}],"curies":[{"name":"wp","href":"https:\/\/api.w.org\/{rel}","templated":true}]}}