{"id":21226,"date":"2023-12-29T20:57:24","date_gmt":"2023-12-29T12:57:24","guid":{"rendered":"http:\/\/stone-phoenix.com\/product\/dark-emperador-marble-irish-brown-marble"},"modified":"2024-03-26T21:31:31","modified_gmt":"2024-03-26T13:31:31","slug":"dark-emperador-marble-irish-brown-marble","status":"publish","type":"product","link":"https:\/\/stone-phoenix.com\/fr\/produit\/dark-emperador-marble-irish-brown-marble","title":{"rendered":"Marbre Emperador fonc\u00e9 Marbre brun irlandais"},"content":{"rendered":"<div id=\"tab-description\" class=\"woocommerce-Tabs-panel woocommerce-Tabs-panel--description panel entry-content wc-tab\" role=\"tabpanel\" aria-labelledby=\"tab-title-description\">\n<h2 style=\"text-align: center;\">Marbre brun irlandais Marbre chinois fonc\u00e9 Emperador Bloc de dalles de marbre<\/h2>\n<p>Si vous \u00eates \u00e0 la recherche d'une pierre naturelle \u00e9tonnante et durable pour votre maison ou votre bureau, ne cherchez pas plus loin que le marbre Dark Emprador, \u00e9galement connu sous le nom de marbre Irish Brown. Avec ses riches tons de brun chocolat et son veinage saisissant, ce marbre est un choix populaire pour les comptoirs, les sols et les murs d'accent.<\/p>\n<p>Le marbre Emperador fonc\u00e9 ou marbre brun irlandais est une pierre dense et tr\u00e8s stable utilis\u00e9e pour les plans de travail de cuisine, les vanit\u00e9s de salle de bains et les rev\u00eatements de sol. Tous nos produits sont fabriqu\u00e9s et finis \u00e0 la main par des artisans exp\u00e9riment\u00e9s afin de garantir des normes de qualit\u00e9 \u00e9lev\u00e9es. Ce marbre est id\u00e9al pour les applications r\u00e9sidentielles et commerciales telles que les comptoirs de cuisine, les vanit\u00e9s de salle de bain et les planchers.Notre marbre Dark Emperador est un noir riche avec des mouchetures brunes, ce qui lui donne un aspect dramatique et masculin. Le marbre Dark Emperador est l'une des pierres les plus dures de la nature et offre une grande durabilit\u00e9 ainsi qu'un aspect chaleureux qui donne de la profondeur \u00e0 n'importe quelle pi\u00e8ce. Il pr\u00e9sente un m\u00e9lange unique de taches de diff\u00e9rentes couleurs, cr\u00e9ant un nouvel aspect \u00e0 chaque surface polie. Le mat\u00e9riau est beaucoup plus fonc\u00e9 que le marbre ordinaire, ce qui lui conf\u00e8re un design \u00e9l\u00e9gant et sophistiqu\u00e9 qui conf\u00e8re \u00e0 chaque pi\u00e8ce un aspect luxueux.<\/p>\n<p>Le marbre Emprador fonc\u00e9, ou marbre brun irlandais, est un choix classique et intemporel qui s'harmonise avec une grande vari\u00e9t\u00e9 de styles d'am\u00e9nagement, du traditionnel au moderne. Sa durabilit\u00e9 et sa r\u00e9sistance \u00e0 la chaleur, \u00e0 l'humidit\u00e9 et \u00e0 l'usure en font un choix judicieux pour les zones tr\u00e8s fr\u00e9quent\u00e9es.<\/p>\n<p>En ce qui concerne l'entretien, le marbre Emprador fonc\u00e9 est relativement facile \u00e0 entretenir. Il suffit de l'essuyer avec un chiffon humide et du savon doux si n\u00e9cessaire. \u00c9vitez les nettoyants agressifs et les mat\u00e9riaux abrasifs qui risquent de rayer la surface.<\/p>\n<p>Que vous r\u00e9noviez une cuisine, une salle de bains ou un espace commercial, le marbre Dark Emprador, \u00e9galement connu sous le nom de marbre Irish Brown, est une pierre naturelle belle et durable qui rehaussera n'importe quel espace. Contactez-nous d\u00e8s aujourd'hui pour en savoir plus sur ce marbre \u00e9poustouflant et pour d\u00e9marrer votre projet.<\/p>\n<p><img loading=\"lazy\" decoding=\"async\" class=\"alignnone size-full wp-image-21228\" src=\"http:\/\/stone-phoenix.com\/wp-content\/uploads\/2023\/12\/1703883445.jpg\" width=\"1000\" height=\"750\" srcset=\"https:\/\/stone-phoenix.com\/wp-content\/uploads\/2023\/12\/1703883445.jpg 1000w, https:\/\/stone-phoenix.com\/wp-content\/uploads\/2023\/12\/1703883445-300x225.jpg 300w, https:\/\/stone-phoenix.com\/wp-content\/uploads\/2023\/12\/1703883445-768x576.jpg 768w, https:\/\/stone-phoenix.com\/wp-content\/uploads\/2023\/12\/1703883445-16x12.jpg 16w, https:\/\/stone-phoenix.com\/wp-content\/uploads\/2023\/12\/1703883445-600x450.jpg 600w, https:\/\/stone-phoenix.com\/wp-content\/uploads\/2023\/12\/1703883445-150x113.jpg 150w\" sizes=\"(max-width: 1000px) 100vw, 1000px\" \/><img loading=\"lazy\" decoding=\"async\" class=\"alignnone size-full wp-image-21229\" src=\"http:\/\/stone-phoenix.com\/wp-content\/uploads\/2023\/12\/1703883447.jpg\" width=\"1000\" height=\"750\" srcset=\"https:\/\/stone-phoenix.com\/wp-content\/uploads\/2023\/12\/1703883447.jpg 1000w, https:\/\/stone-phoenix.com\/wp-content\/uploads\/2023\/12\/1703883447-300x225.jpg 300w, https:\/\/stone-phoenix.com\/wp-content\/uploads\/2023\/12\/1703883447-768x576.jpg 768w, https:\/\/stone-phoenix.com\/wp-content\/uploads\/2023\/12\/1703883447-16x12.jpg 16w, https:\/\/stone-phoenix.com\/wp-content\/uploads\/2023\/12\/1703883447-600x450.jpg 600w, https:\/\/stone-phoenix.com\/wp-content\/uploads\/2023\/12\/1703883447-150x113.jpg 150w\" sizes=\"(max-width: 1000px) 100vw, 1000px\" \/><img loading=\"lazy\" decoding=\"async\" class=\"alignnone size-full wp-image-21230\" src=\"http:\/\/stone-phoenix.com\/wp-content\/uploads\/2023\/12\/1703883448.jpg\" width=\"1023\" height=\"1020\" srcset=\"https:\/\/stone-phoenix.com\/wp-content\/uploads\/2023\/12\/1703883448.jpg 1023w, https:\/\/stone-phoenix.com\/wp-content\/uploads\/2023\/12\/1703883448-300x300.jpg 300w, https:\/\/stone-phoenix.com\/wp-content\/uploads\/2023\/12\/1703883448-150x150.jpg 150w, https:\/\/stone-phoenix.com\/wp-content\/uploads\/2023\/12\/1703883448-768x766.jpg 768w, https:\/\/stone-phoenix.com\/wp-content\/uploads\/2023\/12\/1703883448-12x12.jpg 12w, https:\/\/stone-phoenix.com\/wp-content\/uploads\/2023\/12\/1703883448-600x598.jpg 600w\" sizes=\"(max-width: 1023px) 100vw, 1023px\" \/><\/p>\n<div id=\"ali-anchor-AliPostDhMb-6ydlg\" style=\"padding-top: 8px;\" data-section=\"AliPostDhMb-6ydlg\" data-section-title=\"Product Description\">\n<div id=\"ali-title-AliPostDhMb-6ydlg\" style=\"padding: 8px 0; border-bottom: 1px solid #ddd;\"><span style=\"background-color: #ddd; color: #333; font-weight: bold; padding: 8px 10px; line-height: 12px;\">Description du produit<\/span><\/div>\n<div style=\"padding: 10px 0;\">\n<table class=\"aliDataTable\" style=\"color: #000000; font-family: Arial; font-size: 12px; font-style: normal; font-weight: 400; background-color: #ffffff; width: 698px; height: 226px; border: 1px solid #b3b3b3;\">\n<tbody>\n<tr style=\"height: 19px;\">\n<td style=\"border: 1px solid #b3b3b3; width: 162px; height: 19px;\"><strong><span style=\"font-family: arial, helvetica, sans-serif; font-size: 14px;\">Nom du produit :<\/span><\/strong><\/td>\n<td style=\"border: 1px solid #b3b3b3; width: 545px; height: 19px;\">\n<h2 style=\"font-weight: bold; line-height: 1; font-size: 1.5em; margin: 0.75em 0px; color: #000000; font-family: Arial; font-style: normal; text-align: center;\"><strong><span style=\"line-height: 27px; font-size: 12px;\">Carreaux de marbre italien beige Crema Marfil ,prix des carreaux de marbre en malaisie<\/span><\/strong><\/h2>\n<\/td>\n<\/tr>\n<tr style=\"height: 21px;\">\n<td style=\"border: 1px solid #b3b3b3; width: 162px; height: 21px;\"><strong><span style=\"font-family: arial, helvetica, sans-serif; font-size: 14px;\">Mat\u00e9riau :<\/span><\/strong><\/td>\n<td style=\"border: 1px solid #b3b3b3; width: 545px; height: 21px;\"><span style=\"font-family: arial, helvetica, sans-serif; font-size: 14px;\">Marbre<\/span><\/td>\n<\/tr>\n<tr style=\"height: 21px;\">\n<td style=\"border: 1px solid #b3b3b3; width: 162px; height: 21px;\"><strong><span style=\"font-family: arial, helvetica, sans-serif; font-size: 14px;\">Couleur :<\/span><\/strong><\/td>\n<td style=\"border: 1px solid #b3b3b3; width: 545px; height: 21px;\"><span style=\"font-family: arial, helvetica, sans-serif; font-size: 14px;\">Blanc, beige, noir, marron, gris, rouge, vert, bleu, etc.<\/span><\/td>\n<\/tr>\n<tr style=\"height: 63px;\">\n<td style=\"border: 1px solid #b3b3b3; width: 162px; height: 126px;\" rowspan=\"3\"><strong><span style=\"font-family: arial, helvetica, sans-serif; font-size: 14px;\">Taille :<\/span><\/strong><\/td>\n<td style=\"border: 1px solid #b3b3b3; width: 545px; height: 63px;\"><span style=\"font-family: arial, helvetica, sans-serif; font-size: 14px;\"><span style=\"text-decoration: underline;\">Carreaux disponibles<\/span> <\/span><br \/>\n<span style=\"font-family: arial, helvetica, sans-serif; font-size: 14px;\">12\u2032 X 12\u2033,24\u2032 X 24\u2033,12\u2032 X 24\u2033,etc 300x300mm,300x600mm,400x400mm,600x600mm,600\u00d71200,800\u00d7800,etc<\/span><\/td>\n<\/tr>\n<tr style=\"height: 42px;\">\n<td style=\"border: 1px solid #b3b3b3; width: 545px; height: 42px;\"><span style=\"font-family: arial, helvetica, sans-serif; font-size: 14px;\"><span style=\"text-decoration: underline;\">Grandes dalles disponibles<\/span>\u00a0 \u00a0 \u00a0 \u00a0 \u00a0 \u00a0 \u00a0 \u00a0 \u00a0 \u00a0 \u00a0 \u00a0 \u00a0 \u00a0 \u00a0 \u00a0 \u00a0 \u00a0 \u00a0 \u00a0 \u00a0 \u00a0 \u00a0 \u00a0 \u00a0 \u00a0 \u00a0 \u00a0 \u00a0 \u00a0 \u00a0 \u00a0 \u00a0 \u00a0 \u00a0 \u00a0 \u00a0 \u00a0 \u00a0 \u00a0 \u00a0 \u00a0 \u00a0 \u00a0 \u00a0 \u00a0 \u00a0 \u00a0 \u00a0 \u00a0 \u00a0 \u00a0 \u00a0 240cmUpx120UP<\/span><\/td>\n<\/tr>\n<tr style=\"height: 21px;\">\n<td style=\"border: 1px solid #b3b3b3; width: 545px; height: 21px;\"><span style=\"font-family: arial, helvetica, sans-serif; font-size: 14px;\">Des sp\u00e9cifications personnalis\u00e9es sont disponibles<\/span><\/td>\n<\/tr>\n<tr style=\"height: 21px;\">\n<td style=\"border: 1px solid #b3b3b3; width: 162px; height: 21px;\"><strong><span style=\"font-family: arial, helvetica, sans-serif; font-size: 14px;\">Tol\u00e9rance d'\u00e9paisseur :<\/span><\/strong><\/td>\n<td style=\"border: 1px solid #b3b3b3; width: 545px; height: 21px;\"><span style=\"font-size: 14px; font-family: arial, helvetica, sans-serif;\">\u00b10,05mm, \u00b11mm, \u00b11,5mm, \u00b12mm, selon les exigences de qualit\u00e9 du client<\/span><\/td>\n<\/tr>\n<tr style=\"height: 42px;\">\n<td style=\"border: 1px solid #b3b3b3; width: 162px; height: 42px;\"><strong><span style=\"font-family: arial, helvetica, sans-serif; font-size: 14px;\">Surface :<\/span><\/strong><\/td>\n<td style=\"border: 1px solid #b3b3b3; width: 545px; height: 42px;\"><span style=\"font-size: 14px; font-family: arial, helvetica, sans-serif;\">Poli, adouci, assorti au livre, antique, rainur\u00e9, bross\u00e9, d\u00e9cap\u00e9, sabl\u00e9, jet d'eau, etc.<\/span><\/td>\n<\/tr>\n<tr style=\"height: 21px;\">\n<td style=\"border: 1px solid #b3b3b3; width: 162px; height: 21px;\"><strong><span style=\"font-family: arial, helvetica, sans-serif; font-size: 14px;\">Emballage :<\/span><\/strong><\/td>\n<td style=\"border: 1px solid #b3b3b3; width: 545px; height: 21px;\"><span style=\"font-family: arial, helvetica, sans-serif; font-size: 14px;\"> Fardeaux et caisses en bois en \u00e9tat de navigabilit\u00e9<\/span><\/td>\n<\/tr>\n<tr style=\"height: 21px;\">\n<td style=\"border: 1px solid #b3b3b3; width: 162px; height: 21px;\"><strong><span style=\"font-family: arial, helvetica, sans-serif; font-size: 14px;\">Application :<\/span><\/strong><\/td>\n<td style=\"border: 1px solid #b3b3b3; width: 545px; height: 21px;\"><span style=\"font-family: arial, helvetica, sans-serif; font-size: 14px;\">Mur int\u00e9rieur, sol, plinthe, mur de fond, comptoir, escalier, etc.<\/span><\/td>\n<\/tr>\n<tr style=\"height: 21px;\">\n<td style=\"border: 1px solid #b3b3b3; width: 162px; height: 21px;\"><strong><span style=\"font-family: arial, helvetica, sans-serif; font-size: 14px;\">D\u00e9lai de livraison :<\/span><\/strong><\/td>\n<td style=\"border: 1px solid #b3b3b3; width: 545px; height: 21px;\"><span style=\"font-family: arial, helvetica, sans-serif; font-size: 14px;\"> 15-20 jours pour les tailles normales<\/span><\/td>\n<\/tr>\n<tr style=\"height: 21px;\">\n<td style=\"border: 1px solid #b3b3b3; width: 162px; height: 21px;\"><strong><span style=\"font-family: arial, helvetica, sans-serif; font-size: 14px;\">Certificat :<\/span><\/strong><\/td>\n<td style=\"border: 1px solid #b3b3b3; width: 545px; height: 21px;\"><span style=\"font-family: arial, helvetica, sans-serif; font-size: 14px;\">CE, SGS<\/span><\/td>\n<\/tr>\n<tr style=\"height: 21px;\">\n<td style=\"border: 1px solid #b3b3b3; width: 162px; height: 21px;\"><strong><span style=\"font-family: arial, helvetica, sans-serif; font-size: 14px;\">Conditions de paiement :<\/span><\/strong><\/td>\n<td style=\"border: 1px solid #b3b3b3; width: 545px; height: 21px;\"><span style=\"font-family: arial, helvetica, sans-serif; font-size: 14px;\">T\/T, L\/C, D\/P<\/span><\/td>\n<\/tr>\n<tr style=\"height: 63px;\">\n<td style=\"border: 1px solid #b3b3b3; width: 162px; height: 63px;\"><strong><span style=\"font-family: arial, helvetica, sans-serif; font-size: 14px;\">Avantage :<\/span><\/strong><\/td>\n<td style=\"border: 1px solid #b3b3b3; width: 545px; height: 63px;\"><span style=\"font-family: arial, helvetica, sans-serif; font-size: 14px;\">1) Service unique pour la pierre ;<\/span><\/p>\n<p><span style=\"font-family: arial, helvetica, sans-serif; font-size: 14px;\">2) Poss\u00e9der 3 carri\u00e8res et 9 usines ;<\/span><\/p>\n<p><span style=\"font-family: arial, helvetica, sans-serif; font-size: 14px;\">3) Des supports technologiques de pointe.<\/span><\/td>\n<\/tr>\n<tr style=\"height: 63px;\">\n<td style=\"border: 1px solid #b3b3b3; width: 162px; height: 63px;\"><strong><span style=\"font-family: arial, helvetica, sans-serif; font-size: 14px;\">Assurance de la qualit\u00e9 et de la livraison :\u00a0<\/span><\/strong><\/td>\n<td style=\"border: 1px solid #b3b3b3; width: 545px; height: 63px;\"><span style=\"font-family: arial, helvetica, sans-serif; font-size: 14px;\">Tout au long du processus de production, du choix des mat\u00e9riaux \u00e0 l'emballage en passant par la fabrication, notre service de contr\u00f4le de la qualit\u00e9 contr\u00f4le rigoureusement chaque pi\u00e8ce et chaque processus afin de garantir le respect des normes de qualit\u00e9 et le respect des d\u00e9lais de livraison.<\/span><\/td>\n<\/tr>\n<\/tbody>\n<\/table>\n<\/div>\n<\/div>\n<div id=\"ali-anchor-AliPostDhMb-emkql\" style=\"padding-top: 8px;\" data-section=\"AliPostDhMb-emkql\" data-section-title=\"FAQ\">\n<div style=\"padding: 10px 0;\"><\/div>\n<\/div>\n<\/div>","protected":false},"excerpt":{"rendered":"<p>Irish brown marble Chinese Dark Emperador marble slabs block If you\u2019re looking for a stunning and durable natural stone for<\/p>","protected":false},"featured_media":26460,"template":"","meta":[],"product_cat":[113],"product_tag":[],"_links":{"self":[{"href":"https:\/\/stone-phoenix.com\/fr\/wp-json\/wp\/v2\/product\/21226"}],"collection":[{"href":"https:\/\/stone-phoenix.com\/fr\/wp-json\/wp\/v2\/product"}],"about":[{"href":"https:\/\/stone-phoenix.com\/fr\/wp-json\/wp\/v2\/types\/product"}],"wp:featuredmedia":[{"embeddable":true,"href":"https:\/\/stone-phoenix.com\/fr\/wp-json\/wp\/v2\/media\/26460"}],"wp:attachment":[{"href":"https:\/\/stone-phoenix.com\/fr\/wp-json\/wp\/v2\/media?parent=21226"}],"wp:term":[{"taxonomy":"product_cat","embeddable":true,"href":"https:\/\/stone-phoenix.com\/fr\/wp-json\/wp\/v2\/product_cat?post=21226"},{"taxonomy":"product_tag","embeddable":true,"href":"https:\/\/stone-phoenix.com\/fr\/wp-json\/wp\/v2\/product_tag?post=21226"}],"curies":[{"name":"wp","href":"https:\/\/api.w.org\/{rel}","templated":true}]}}