{"id":21254,"date":"2023-12-29T20:58:24","date_gmt":"2023-12-29T12:58:24","guid":{"rendered":"http:\/\/stone-phoenix.com\/product\/white-and-black-marble-panda-white-marble"},"modified":"2024-03-26T20:46:53","modified_gmt":"2024-03-26T12:46:53","slug":"white-and-black-marble-panda-white-marble","status":"publish","type":"product","link":"https:\/\/stone-phoenix.com\/fr\/produit\/white-and-black-marble-panda-white-marble","title":{"rendered":"Marbre blanc et noir Marbre blanc Panda"},"content":{"rendered":"<div id=\"tab-description\" class=\"woocommerce-Tabs-panel woocommerce-Tabs-panel--description panel entry-content wc-tab\" role=\"tabpanel\" aria-labelledby=\"tab-title-description\">\n<h2>Marbre blanc et noir Panda Dalles de sol<\/h2>\n<p>Marbre blanc panda sur la plaque de fond blanche, les lignes noires sont libres et sans contrainte, comme une \u0153uvre involontaire apr\u00e8s une ivresse naturelle.<br \/>\nLe tableau blanc panda a une surface lisse, une texture douce, une apparence belle et digne, et un style \u00e9l\u00e9gant.<br \/>\nMarbre blanc panda provenant de Chine. Ce marbre peut \u00eatre utilis\u00e9 dans les cuisines, les salles de bains et les espaces ext\u00e9rieurs. Le marbre blanc panda est souvent utilis\u00e9 pour les sols, les dessus de table ou les comptoirs de cuisine.<\/p>\n<p>Le marbre noir et blanc, \u00e9galement connu sous le nom de marbre blanc Panda, est une belle pierre qui peut \u00eatre utilis\u00e9e dans une vari\u00e9t\u00e9 de contextes. Le marbre noir et blanc est souvent utilis\u00e9 pour les sols, les dessus de table et les comptoirs de cuisine, et il est tr\u00e8s populaire dans le monde entier.<\/p>\n<p>Nous proposons le marbre blanc panda dans une vari\u00e9t\u00e9 de textures et pouvons \u00e9galement le personnaliser dans diff\u00e9rentes formes et tailles en fonction de vos besoins.<\/p>\n<p>Nous fournissons une vari\u00e9t\u00e9 de motifs blancs de panda, chaque pi\u00e8ce a une texture unique, bienvenue \u00e0 nous contacter, vente directe d'usine, vous pouvez choisir d'\u00eatre notre revendeur, qualit\u00e9 sup\u00e9rieure et beau prix.<\/p>\n<div class=\"rll-youtube-player\" data-src=\"https:\/\/www.youtube.com\/embed\/wh7VYmN2yrA\" data-id=\"wh7VYmN2yrA\" data-query=\"\">\n<div data-id=\"wh7VYmN2yrA\" data-query=\"\" data-src=\"https:\/\/www.youtube.com\/embed\/wh7VYmN2yrA\"><button class=\"play\" aria-label=\"lire la vid\u00e9o Youtube\"><img loading=\"lazy\" decoding=\"async\" class=\"alignnone size-full wp-image-26417\" src=\"http:\/\/stone-phoenix.com\/wp-content\/uploads\/2023\/12\/White-and-Black-marble-Panda-white-marble-9.jpg\" alt=\"\" width=\"1051\" height=\"634\" srcset=\"https:\/\/stone-phoenix.com\/wp-content\/uploads\/2023\/12\/White-and-Black-marble-Panda-white-marble-9.jpg 1051w, https:\/\/stone-phoenix.com\/wp-content\/uploads\/2023\/12\/White-and-Black-marble-Panda-white-marble-9-300x181.jpg 300w, https:\/\/stone-phoenix.com\/wp-content\/uploads\/2023\/12\/White-and-Black-marble-Panda-white-marble-9-1024x618.jpg 1024w, https:\/\/stone-phoenix.com\/wp-content\/uploads\/2023\/12\/White-and-Black-marble-Panda-white-marble-9-768x463.jpg 768w, https:\/\/stone-phoenix.com\/wp-content\/uploads\/2023\/12\/White-and-Black-marble-Panda-white-marble-9-18x12.jpg 18w, https:\/\/stone-phoenix.com\/wp-content\/uploads\/2023\/12\/White-and-Black-marble-Panda-white-marble-9-600x362.jpg 600w, https:\/\/stone-phoenix.com\/wp-content\/uploads\/2023\/12\/White-and-Black-marble-Panda-white-marble-9-150x90.jpg 150w\" sizes=\"(max-width: 1051px) 100vw, 1051px\" \/><\/button><\/div>\n<\/div>\n<div class=\"rll-youtube-player\" data-src=\"https:\/\/www.youtube.com\/embed\/s4Oo07iWWmc\" data-id=\"s4Oo07iWWmc\" data-query=\"\">\n<div data-id=\"s4Oo07iWWmc\" data-query=\"\" data-src=\"https:\/\/www.youtube.com\/embed\/s4Oo07iWWmc\"><img loading=\"lazy\" decoding=\"async\" class=\"alignnone size-full wp-image-26418\" src=\"http:\/\/stone-phoenix.com\/wp-content\/uploads\/2023\/12\/White-and-Black-marble-Panda-white-marble-8.jpg\" alt=\"\" width=\"397\" height=\"697\" srcset=\"https:\/\/stone-phoenix.com\/wp-content\/uploads\/2023\/12\/White-and-Black-marble-Panda-white-marble-8.jpg 397w, https:\/\/stone-phoenix.com\/wp-content\/uploads\/2023\/12\/White-and-Black-marble-Panda-white-marble-8-171x300.jpg 171w, https:\/\/stone-phoenix.com\/wp-content\/uploads\/2023\/12\/White-and-Black-marble-Panda-white-marble-8-7x12.jpg 7w, https:\/\/stone-phoenix.com\/wp-content\/uploads\/2023\/12\/White-and-Black-marble-Panda-white-marble-8-150x263.jpg 150w\" sizes=\"(max-width: 397px) 100vw, 397px\" \/><img loading=\"lazy\" decoding=\"async\" class=\"alignnone  wp-image-26419\" src=\"http:\/\/stone-phoenix.com\/wp-content\/uploads\/2023\/12\/White-and-Black-marble-Panda-white-marble-7.jpg\" alt=\"\" width=\"357\" height=\"701\" srcset=\"https:\/\/stone-phoenix.com\/wp-content\/uploads\/2023\/12\/White-and-Black-marble-Panda-white-marble-7.jpg 321w, https:\/\/stone-phoenix.com\/wp-content\/uploads\/2023\/12\/White-and-Black-marble-Panda-white-marble-7-153x300.jpg 153w, https:\/\/stone-phoenix.com\/wp-content\/uploads\/2023\/12\/White-and-Black-marble-Panda-white-marble-7-6x12.jpg 6w, https:\/\/stone-phoenix.com\/wp-content\/uploads\/2023\/12\/White-and-Black-marble-Panda-white-marble-7-150x294.jpg 150w\" sizes=\"(max-width: 357px) 100vw, 357px\" \/><\/div>\n<\/div>\n<div class=\"rll-youtube-player\" data-src=\"https:\/\/www.youtube.com\/embed\/Yj1HH-OQ54s\" data-id=\"Yj1HH-OQ54s\" data-query=\"\">\n<div data-id=\"Yj1HH-OQ54s\" data-query=\"\" data-src=\"https:\/\/www.youtube.com\/embed\/Yj1HH-OQ54s\"><\/div>\n<\/div>\n<table style=\"color: #000000; font-family: Arial; font-size: 12px; font-style: normal; font-weight: 400; background-color: #ffffff; width: 746.066px; height: 226px; border: 1px solid #b3b3b3;\">\n<tbody>\n<tr style=\"height: 21px;\">\n<td style=\"border: 1px solid #b3b3b3; width: 162px;\"><strong>Nom du produit :<\/strong><\/td>\n<td style=\"border: 1px solid #b3b3b3; width: 595.066px;\">1\u00e8re qualit\u00e9 Indoor Designs Panda White Marble Flooring<\/td>\n<\/tr>\n<tr style=\"height: 21px;\">\n<td style=\"border: 1px solid #b3b3b3; width: 162px;\"><strong>Mat\u00e9riau :<\/strong><\/td>\n<td style=\"border: 1px solid #b3b3b3; width: 595.066px;\">panda marbre blanc<\/td>\n<\/tr>\n<tr style=\"height: 21px;\">\n<td style=\"border: 1px solid #b3b3b3; width: 162px;\"><strong>Couleur :<\/strong><\/td>\n<td style=\"border: 1px solid #b3b3b3; width: 595.066px;\">Blanc<\/td>\n<\/tr>\n<tr style=\"height: 21px;\">\n<td style=\"border: 1px solid #b3b3b3; width: 162px;\" rowspan=\"3\"><strong>Taille :<\/strong><\/td>\n<td style=\"border: 1px solid #b3b3b3; width: 595.066px;\">Carreaux disponibles<br \/>\n12\u2032 X 12\u2033,24\u2032 X 24\u2033,12\u2032 X 24\u2033,etc 300x300mm,300x600mm,400x400mm,600x600mm,600\u00d71200,800\u00d7800,etc<\/td>\n<\/tr>\n<tr style=\"height: 21px;\">\n<td style=\"border: 1px solid #b3b3b3; width: 595.066px;\">Grandes dalles disponibles 240cmUpx120UP<\/td>\n<\/tr>\n<tr style=\"height: 21px;\">\n<td style=\"border: 1px solid #b3b3b3; width: 595.066px;\">Des sp\u00e9cifications personnalis\u00e9es sont disponibles<\/td>\n<\/tr>\n<tr style=\"height: 21px;\">\n<td style=\"border: 1px solid #b3b3b3; width: 162px;\"><strong>Tol\u00e9rance d'\u00e9paisseur :<\/strong><\/td>\n<td style=\"border: 1px solid #b3b3b3; width: 595.066px;\">\u00b10,05mm, \u00b11mm, \u00b11,5mm, \u00b12mm, selon les exigences de qualit\u00e9 du client<\/td>\n<\/tr>\n<tr style=\"height: 21px;\">\n<td style=\"border: 1px solid #b3b3b3; width: 162px;\"><strong>Surface :<\/strong><\/td>\n<td style=\"border: 1px solid #b3b3b3; width: 595.066px;\">Poli, adouci, assorti au livre, antique, rainur\u00e9, bross\u00e9, d\u00e9cap\u00e9, sabl\u00e9, jet d'eau, etc.<\/td>\n<\/tr>\n<tr style=\"height: auto;\">\n<td style=\"border: 1px solid #b3b3b3; width: 162px;\"><strong>Emballage :<\/strong><\/td>\n<td style=\"border: 1px solid #b3b3b3; width: 595.066px;\">Fardeaux et caisses en bois en \u00e9tat de navigabilit\u00e9<\/td>\n<\/tr>\n<tr style=\"height: 21px;\">\n<td style=\"border: 1px solid #b3b3b3; width: 162px;\"><strong>Application :<\/strong><\/td>\n<td style=\"border: 1px solid #b3b3b3; width: 595.066px;\">Mur int\u00e9rieur, sol, plinthe, mur de fond, comptoir, escalier, etc.<\/td>\n<\/tr>\n<tr style=\"height: 21px;\">\n<td style=\"border: 1px solid #b3b3b3; width: 162px;\"><strong>D\u00e9lai de livraison :<\/strong><\/td>\n<td style=\"border: 1px solid #b3b3b3; width: 595.066px;\">15-20 jours pour les tailles normales<\/td>\n<\/tr>\n<tr style=\"height: 21px;\">\n<td style=\"border: 1px solid #b3b3b3; width: 162px;\"><strong>Certificat :<\/strong><\/td>\n<td style=\"border: 1px solid #b3b3b3; width: 595.066px;\">CE, SGS<\/td>\n<\/tr>\n<tr style=\"height: 21px;\">\n<td style=\"border: 1px solid #b3b3b3; width: 162px;\"><strong>Conditions de paiement :<\/strong><\/td>\n<td style=\"border: 1px solid #b3b3b3; width: 595.066px;\">T\/T, L\/C, D\/P<\/td>\n<\/tr>\n<tr style=\"height: 42px;\">\n<td style=\"border: 1px solid #b3b3b3; width: 162px;\"><strong>Avantage :<\/strong><\/td>\n<td style=\"border: 1px solid #b3b3b3; width: 595.066px;\">1) Service unique pour la pierre ;<\/p>\n<p>2) Poss\u00e9der 3 carri\u00e8res et 9 usines ;<\/p>\n<p>3) Des supports technologiques de pointe.<\/td>\n<\/tr>\n<tr style=\"height: 42px;\">\n<td style=\"border: 1px solid #b3b3b3; width: 162px;\"><strong>Assurance de la qualit\u00e9 et de la livraison :\u00a0<\/strong><\/td>\n<td style=\"border: 1px solid #b3b3b3; width: 595.066px;\">Tout au long du processus de production, du choix des mat\u00e9riaux \u00e0 l'emballage en passant par la fabrication, notre service de contr\u00f4le de la qualit\u00e9 contr\u00f4le rigoureusement chaque pi\u00e8ce et chaque processus afin de garantir le respect des normes de qualit\u00e9 et le respect des d\u00e9lais de livraison.<\/td>\n<\/tr>\n<\/tbody>\n<\/table>\n<p>&nbsp;<\/p>\n<\/div>","protected":false},"excerpt":{"rendered":"<p>Panda white and black marble Flooring\u00a0 slabs Panda white marble on the white bottom plate, the black lines are free<\/p>","protected":false},"featured_media":26411,"template":"","meta":[],"product_cat":[113],"product_tag":[],"_links":{"self":[{"href":"https:\/\/stone-phoenix.com\/fr\/wp-json\/wp\/v2\/product\/21254"}],"collection":[{"href":"https:\/\/stone-phoenix.com\/fr\/wp-json\/wp\/v2\/product"}],"about":[{"href":"https:\/\/stone-phoenix.com\/fr\/wp-json\/wp\/v2\/types\/product"}],"wp:featuredmedia":[{"embeddable":true,"href":"https:\/\/stone-phoenix.com\/fr\/wp-json\/wp\/v2\/media\/26411"}],"wp:attachment":[{"href":"https:\/\/stone-phoenix.com\/fr\/wp-json\/wp\/v2\/media?parent=21254"}],"wp:term":[{"taxonomy":"product_cat","embeddable":true,"href":"https:\/\/stone-phoenix.com\/fr\/wp-json\/wp\/v2\/product_cat?post=21254"},{"taxonomy":"product_tag","embeddable":true,"href":"https:\/\/stone-phoenix.com\/fr\/wp-json\/wp\/v2\/product_tag?post=21254"}],"curies":[{"name":"wp","href":"https:\/\/api.w.org\/{rel}","templated":true}]}}