{"id":21280,"date":"2023-12-29T20:59:38","date_gmt":"2023-12-29T12:59:38","guid":{"rendered":"http:\/\/stone-phoenix.com\/product\/calacatta-marble-countertop"},"modified":"2024-03-26T20:16:20","modified_gmt":"2024-03-26T12:16:20","slug":"calacatta-marble-countertop","status":"publish","type":"product","link":"https:\/\/stone-phoenix.com\/fr\/produit\/calacatta-marble-countertop","title":{"rendered":"comptoir en marbre calacatta"},"content":{"rendered":"<div id=\"tab-description\" class=\"woocommerce-Tabs-panel woocommerce-Tabs-panel--description panel entry-content wc-tab\" role=\"tabpanel\" aria-labelledby=\"tab-title-description\">\n<div class=\"elementor elementor-19627\" data-elementor-type=\"product-post\" data-elementor-id=\"19627\">\n<div class=\"elementor-inner\">\n<div class=\"elementor-section-wrap\">\n<section class=\"elementor-section elementor-top-section elementor-element elementor-element-7598b46 elementor-section-boxed elementor-section-height-default elementor-section-height-default\" data-particle_enable=\"false\" data-particle-mobile-disabled=\"false\" data-id=\"7598b46\" data-element_type=\"section\">\n<div class=\"elementor-container elementor-column-gap-default\">\n<div class=\"elementor-row\">\n<div class=\"elementor-column elementor-col-100 elementor-top-column elementor-element elementor-element-dc7386e\" data-id=\"dc7386e\" data-element_type=\"column\">\n<div class=\"elementor-column-wrap elementor-element-populated\">\n<div class=\"elementor-widget-wrap\">\n<div class=\"elementor-element elementor-element-d4e840a elementor-widget elementor-widget-heading\" data-id=\"d4e840a\" data-element_type=\"widget\" data-widget_type=\"heading.default\">\n<div class=\"elementor-widget-container\">\n<h2 class=\"elementor-heading-title elementor-size-default\">Comptoir en marbre calacatta chinois<\/h2>\n<\/div>\n<\/div>\n<div class=\"elementor-element elementor-element-69c6643 elementor-widget elementor-widget-text-editor\" data-id=\"69c6643\" data-element_type=\"widget\" data-widget_type=\"text-editor.default\">\n<div class=\"elementor-widget-container\">\n<div class=\"elementor-text-editor elementor-clearfix\">\n<p>Les plans de travail en marbre Calacatta de la gamme longtopstone d'armoires de cuisine et de plans de travail sont un compl\u00e9ment sophistiqu\u00e9 \u00e0 presque toutes les cuisines.\u00a0<span style=\"font-style: inherit; font-weight: inherit;\">L'aspect pur et \u00e9l\u00e9gant de cette pierre peut \u00eatre rehauss\u00e9 par des bords biseaut\u00e9s adoucis ou une vari\u00e9t\u00e9 de d\u00e9coupes et de rainures pour une touche personnalis\u00e9e.\u00a0<\/span>comptoir en marbre calacatta<span style=\"font-style: inherit; font-weight: inherit;\">\u00a0peut \u00e9galement \u00eatre combin\u00e9 avec d'autres mat\u00e9riaux et couleurs pour cr\u00e9er un dosseret de cuisine personnalis\u00e9 d'une beaut\u00e9 unique.<\/span>comptoir en marbre calacatta<span style=\"font-style: inherit; font-weight: inherit;\">\u00a0Fabriqu\u00e9s \u00e0 partir de mat\u00e9riaux de qualit\u00e9, les marbres Calacatta sont non seulement beaux et agr\u00e9ables au toucher, mais ils sont \u00e9galement con\u00e7us pour r\u00e9sister \u00e0 un usage quotidien et conserver leur \u00e9clat pendant de nombreuses ann\u00e9es. Fabriqu\u00e9 en marbre blanc pur et translucide, le Calacatta est similaire au Carrara, avec une surface et des veines plus homog\u00e8nes, tout en conservant le m\u00eame degr\u00e9 de polissage.<\/span><\/p>\n<\/div>\n<\/div>\n<\/div>\n<\/div>\n<\/div>\n<\/div>\n<\/div>\n<\/div>\n<\/section>\n<section class=\"elementor-section elementor-top-section elementor-element elementor-element-7e89c63 elementor-section-boxed elementor-section-height-default elementor-section-height-default\" data-particle_enable=\"false\" data-particle-mobile-disabled=\"false\" data-id=\"7e89c63\" data-element_type=\"section\">\n<div class=\"elementor-container elementor-column-gap-default\">\n<div class=\"elementor-row\">\n<div class=\"elementor-column elementor-col-25 elementor-top-column elementor-element elementor-element-f9f1b89\" data-id=\"f9f1b89\" data-element_type=\"column\">\n<div class=\"elementor-column-wrap elementor-element-populated\">\n<div class=\"elementor-widget-wrap\">\n<div class=\"elementor-element elementor-element-9c559cd elementor-widget elementor-widget-text-editor\" data-id=\"9c559cd\" data-element_type=\"widget\" data-widget_type=\"text-editor.default\">\n<div class=\"elementor-widget-container\">\n<div class=\"elementor-text-editor elementor-clearfix\">\n<div class=\"rll-youtube-player\" data-src=\"https:\/\/www.youtube.com\/embed\/ZLmU8NeuEAY\" data-id=\"ZLmU8NeuEAY\" data-query=\"\">\n<div data-id=\"ZLmU8NeuEAY\" data-query=\"\" data-src=\"https:\/\/www.youtube.com\/embed\/ZLmU8NeuEAY\"><button class=\"play\" aria-label=\"lire la vid\u00e9o Youtube\"><img loading=\"lazy\" decoding=\"async\" class=\"alignnone size-full wp-image-26401\" src=\"http:\/\/stone-phoenix.com\/wp-content\/uploads\/2023\/12\/calacatta-marble-countertop-1-1.jpg\" alt=\"\" width=\"700\" height=\"480\" srcset=\"https:\/\/stone-phoenix.com\/wp-content\/uploads\/2023\/12\/calacatta-marble-countertop-1-1.jpg 700w, https:\/\/stone-phoenix.com\/wp-content\/uploads\/2023\/12\/calacatta-marble-countertop-1-1-300x206.jpg 300w, https:\/\/stone-phoenix.com\/wp-content\/uploads\/2023\/12\/calacatta-marble-countertop-1-1-18x12.jpg 18w, https:\/\/stone-phoenix.com\/wp-content\/uploads\/2023\/12\/calacatta-marble-countertop-1-1-600x411.jpg 600w, https:\/\/stone-phoenix.com\/wp-content\/uploads\/2023\/12\/calacatta-marble-countertop-1-1-150x103.jpg 150w\" sizes=\"(max-width: 700px) 100vw, 700px\" \/><\/button><\/div>\n<\/div>\n<\/div>\n<\/div>\n<\/div>\n<\/div>\n<\/div>\n<\/div>\n<div class=\"elementor-column elementor-col-25 elementor-top-column elementor-element elementor-element-00dbdc2\" data-id=\"00dbdc2\" data-element_type=\"column\">\n<div class=\"elementor-column-wrap elementor-element-populated\">\n<div class=\"elementor-widget-wrap\">\n<div class=\"elementor-element elementor-element-bf6b3df elementor-widget elementor-widget-text-editor\" data-id=\"bf6b3df\" data-element_type=\"widget\" data-widget_type=\"text-editor.default\">\n<div class=\"elementor-widget-container\">\n<div class=\"elementor-text-editor elementor-clearfix\">\n<div class=\"rll-youtube-player\" data-src=\"https:\/\/www.youtube.com\/embed\/OczEuSInyao\" data-id=\"OczEuSInyao\" data-query=\"\">\n<div data-id=\"OczEuSInyao\" data-query=\"\" data-src=\"https:\/\/www.youtube.com\/embed\/OczEuSInyao\"><button class=\"play\" aria-label=\"lire la vid\u00e9o Youtube\"><img loading=\"lazy\" decoding=\"async\" class=\"alignnone size-full wp-image-26402\" src=\"http:\/\/stone-phoenix.com\/wp-content\/uploads\/2023\/12\/calacatta-marble-countertop-5-1.jpg\" alt=\"\" width=\"696\" height=\"501\" srcset=\"https:\/\/stone-phoenix.com\/wp-content\/uploads\/2023\/12\/calacatta-marble-countertop-5-1.jpg 696w, https:\/\/stone-phoenix.com\/wp-content\/uploads\/2023\/12\/calacatta-marble-countertop-5-1-300x216.jpg 300w, https:\/\/stone-phoenix.com\/wp-content\/uploads\/2023\/12\/calacatta-marble-countertop-5-1-18x12.jpg 18w, https:\/\/stone-phoenix.com\/wp-content\/uploads\/2023\/12\/calacatta-marble-countertop-5-1-600x432.jpg 600w, https:\/\/stone-phoenix.com\/wp-content\/uploads\/2023\/12\/calacatta-marble-countertop-5-1-150x108.jpg 150w\" sizes=\"(max-width: 696px) 100vw, 696px\" \/><\/button><\/div>\n<\/div>\n<\/div>\n<\/div>\n<\/div>\n<\/div>\n<\/div>\n<\/div>\n<div class=\"elementor-column elementor-col-25 elementor-top-column elementor-element elementor-element-57e1124\" data-id=\"57e1124\" data-element_type=\"column\">\n<div class=\"elementor-column-wrap elementor-element-populated\">\n<div class=\"elementor-widget-wrap\">\n<div class=\"elementor-element elementor-element-b6c0f39 elementor-widget elementor-widget-text-editor\" data-id=\"b6c0f39\" data-element_type=\"widget\" data-widget_type=\"text-editor.default\">\n<div class=\"elementor-widget-container\">\n<div class=\"elementor-text-editor elementor-clearfix\">\n<div class=\"rll-youtube-player\" data-src=\"https:\/\/www.youtube.com\/embed\/-HQqXex5urw\" data-id=\"-HQqXex5urw\" data-query=\"\">\n<div data-id=\"-HQqXex5urw\" data-query=\"\" data-src=\"https:\/\/www.youtube.com\/embed\/-HQqXex5urw\"><img loading=\"lazy\" decoding=\"async\" class=\"alignnone size-full wp-image-26400\" src=\"http:\/\/stone-phoenix.com\/wp-content\/uploads\/2023\/12\/calacatta-marble-countertop-4.jpg\" alt=\"\" width=\"718\" height=\"525\" srcset=\"https:\/\/stone-phoenix.com\/wp-content\/uploads\/2023\/12\/calacatta-marble-countertop-4.jpg 718w, https:\/\/stone-phoenix.com\/wp-content\/uploads\/2023\/12\/calacatta-marble-countertop-4-300x219.jpg 300w, https:\/\/stone-phoenix.com\/wp-content\/uploads\/2023\/12\/calacatta-marble-countertop-4-16x12.jpg 16w, https:\/\/stone-phoenix.com\/wp-content\/uploads\/2023\/12\/calacatta-marble-countertop-4-600x439.jpg 600w, https:\/\/stone-phoenix.com\/wp-content\/uploads\/2023\/12\/calacatta-marble-countertop-4-150x110.jpg 150w\" sizes=\"(max-width: 718px) 100vw, 718px\" \/><button class=\"play\" aria-label=\"lire la vid\u00e9o Youtube\"><\/button><\/div>\n<\/div>\n<\/div>\n<\/div>\n<\/div>\n<\/div>\n<\/div>\n<\/div>\n<\/div>\n<\/div>\n<\/section>\n<section class=\"elementor-section elementor-top-section elementor-element elementor-element-82a0137 elementor-section-boxed elementor-section-height-default elementor-section-height-default\" data-particle_enable=\"false\" data-particle-mobile-disabled=\"false\" data-id=\"82a0137\" data-element_type=\"section\">\n<div class=\"elementor-container elementor-column-gap-default\">\n<div class=\"elementor-row\">\n<div class=\"elementor-column elementor-col-100 elementor-top-column elementor-element elementor-element-147f0d6\" data-id=\"147f0d6\" data-element_type=\"column\">\n<div class=\"elementor-column-wrap elementor-element-populated\">\n<div class=\"elementor-widget-wrap\">\n<div class=\"elementor-element elementor-element-4b9e11b elementor-widget elementor-widget-text-editor\" data-id=\"4b9e11b\" data-element_type=\"widget\" data-widget_type=\"text-editor.default\">\n<div class=\"elementor-widget-container\">\n<div class=\"elementor-text-editor elementor-clearfix\">\n<table style=\"height: 383px;\" width=\"1361\">\n<tbody>\n<tr>\n<td width=\"121\">Mat\u00e9riau<\/td>\n<td width=\"125\">Couleur primaire<\/td>\n<td width=\"193\">Produit<\/td>\n<td width=\"231\">Taille (cm)<\/td>\n<td width=\"156\">Finition<\/td>\n<td width=\"72\">Densit\u00e9<br \/>\n(g\/cm3)<\/td>\n<td width=\"116\">Absorption de l'eau<br \/>\n(%)<\/td>\n<\/tr>\n<tr>\n<td>\n<p class=\"MsoNormal\"><span style=\"font-family: georgia, palatino, serif; font-size: 12pt;\">Marbre Calacatta chinois<\/span><\/p>\n<\/td>\n<td>Blanc<\/td>\n<td width=\"193\">Dalle<br \/>\nCarrelage<br \/>\nEscalier<br \/>\nColonne<br \/>\nPilier<br \/>\nAppui de fen\u00eatre<br \/>\nComptoir<br \/>\nEtc<\/td>\n<td width=\"231\">240up x120up x2\/3<br \/>\n60\u00d730\/60\u00d71\/1.5\/2\/3<br \/>\n100-160x34x3<br \/>\n100-160x15x2Etc<\/td>\n<td width=\"156\">Poli<br \/>\nHonor\u00e9<br \/>\nAntiquit\u00e9<br \/>\nEtc<\/td>\n<td>2.69<\/td>\n<td>0.1<\/td>\n<\/tr>\n<\/tbody>\n<\/table>\n<h2>S\u00e9rie Marbre blanc<\/h2>\n<\/div>\n<\/div>\n<\/div>\n<div class=\"elementor-element elementor-element-561ed61 elementor-widget elementor-widget-image-gallery\" data-id=\"561ed61\" data-element_type=\"widget\" data-widget_type=\"image-gallery.default\">\n<div class=\"elementor-widget-container\">\n<div class=\"elementor-image-gallery\">\n<div id=\"gallery-1\" class=\"gallery galleryid-19627 gallery-columns-4 gallery-size-thumbnail\">\n<figure class=\"gallery-item\">\n<div class=\"gallery-icon landscape\"><img loading=\"lazy\" decoding=\"async\" class=\"alignnone size-full wp-image-21286\" src=\"http:\/\/stone-phoenix.com\/wp-content\/uploads\/2023\/12\/1703883581-3.jpg\" width=\"150\" height=\"150\" srcset=\"https:\/\/stone-phoenix.com\/wp-content\/uploads\/2023\/12\/1703883581-3.jpg 150w, https:\/\/stone-phoenix.com\/wp-content\/uploads\/2023\/12\/1703883581-3-12x12.jpg 12w\" sizes=\"(max-width: 150px) 100vw, 150px\" \/><\/div><figcaption id=\"gallery-1-6350\" class=\"wp-caption-text gallery-caption\">Marbre Arabescato Corchia<\/figcaption><\/figure>\n<figure class=\"gallery-item\">\n<div class=\"gallery-icon landscape\"><img loading=\"lazy\" decoding=\"async\" class=\"alignnone size-full wp-image-21287\" src=\"http:\/\/stone-phoenix.com\/wp-content\/uploads\/2023\/12\/1703883582.jpg\" width=\"150\" height=\"150\" srcset=\"https:\/\/stone-phoenix.com\/wp-content\/uploads\/2023\/12\/1703883582.jpg 150w, https:\/\/stone-phoenix.com\/wp-content\/uploads\/2023\/12\/1703883582-12x12.jpg 12w\" sizes=\"(max-width: 150px) 100vw, 150px\" \/><\/div><figcaption id=\"gallery-1-6351\" class=\"wp-caption-text gallery-caption\">Ariston Marbre blanc<\/figcaption><\/figure>\n<figure class=\"gallery-item\">\n<div class=\"gallery-icon landscape\"><img loading=\"lazy\" decoding=\"async\" class=\"alignnone size-full wp-image-21288\" src=\"http:\/\/stone-phoenix.com\/wp-content\/uploads\/2023\/12\/1703883582-1.jpg\" width=\"150\" height=\"150\" srcset=\"https:\/\/stone-phoenix.com\/wp-content\/uploads\/2023\/12\/1703883582-1.jpg 150w, https:\/\/stone-phoenix.com\/wp-content\/uploads\/2023\/12\/1703883582-1-12x12.jpg 12w\" sizes=\"(max-width: 150px) 100vw, 150px\" \/><\/div><figcaption id=\"gallery-1-6352\" class=\"wp-caption-text gallery-caption\">Marbre blanc Calacatte<\/figcaption><\/figure>\n<figure class=\"gallery-item\">\n<div class=\"gallery-icon landscape\"><img loading=\"lazy\" decoding=\"async\" class=\"alignnone size-full wp-image-21289\" src=\"http:\/\/stone-phoenix.com\/wp-content\/uploads\/2023\/12\/1703883582-2.jpg\" width=\"150\" height=\"150\" srcset=\"https:\/\/stone-phoenix.com\/wp-content\/uploads\/2023\/12\/1703883582-2.jpg 150w, https:\/\/stone-phoenix.com\/wp-content\/uploads\/2023\/12\/1703883582-2-12x12.jpg 12w\" sizes=\"(max-width: 150px) 100vw, 150px\" \/><\/div><figcaption id=\"gallery-1-6353\" class=\"wp-caption-text gallery-caption\">Marbre blanc de Carrare<\/figcaption><\/figure>\n<figure class=\"gallery-item\">\n<div class=\"gallery-icon landscape\"><img loading=\"lazy\" decoding=\"async\" class=\"alignnone size-full wp-image-21290\" src=\"http:\/\/stone-phoenix.com\/wp-content\/uploads\/2023\/12\/1703883582-3.jpg\" width=\"150\" height=\"150\" srcset=\"https:\/\/stone-phoenix.com\/wp-content\/uploads\/2023\/12\/1703883582-3.jpg 150w, https:\/\/stone-phoenix.com\/wp-content\/uploads\/2023\/12\/1703883582-3-12x12.jpg 12w\" sizes=\"(max-width: 150px) 100vw, 150px\" \/><\/div><figcaption id=\"gallery-1-6354\" class=\"wp-caption-text gallery-caption\">Marbre blanc cristallin<\/figcaption><\/figure>\n<figure class=\"gallery-item\">\n<div class=\"gallery-icon landscape\"><img loading=\"lazy\" decoding=\"async\" class=\"alignnone size-full wp-image-21291\" src=\"http:\/\/stone-phoenix.com\/wp-content\/uploads\/2023\/12\/1703883583.jpg\" width=\"150\" height=\"150\" srcset=\"https:\/\/stone-phoenix.com\/wp-content\/uploads\/2023\/12\/1703883583.jpg 150w, https:\/\/stone-phoenix.com\/wp-content\/uploads\/2023\/12\/1703883583-12x12.jpg 12w\" sizes=\"(max-width: 150px) 100vw, 150px\" \/><\/div><figcaption id=\"gallery-1-6355\" class=\"wp-caption-text gallery-caption\">Marbre blanc de Guangxi<\/figcaption><\/figure>\n<figure class=\"gallery-item\">\n<div class=\"gallery-icon landscape\"><img loading=\"lazy\" decoding=\"async\" class=\"alignnone size-full wp-image-21292\" src=\"http:\/\/stone-phoenix.com\/wp-content\/uploads\/2023\/12\/1703883583-1.jpg\" width=\"150\" height=\"150\" srcset=\"https:\/\/stone-phoenix.com\/wp-content\/uploads\/2023\/12\/1703883583-1.jpg 150w, https:\/\/stone-phoenix.com\/wp-content\/uploads\/2023\/12\/1703883583-1-12x12.jpg 12w\" sizes=\"(max-width: 150px) 100vw, 150px\" \/><\/div><figcaption id=\"gallery-1-6356\" class=\"wp-caption-text gallery-caption\">Fleur de glace Marbre blanc<\/figcaption><\/figure>\n<figure class=\"gallery-item\">\n<div class=\"gallery-icon landscape\"><img loading=\"lazy\" decoding=\"async\" class=\"alignnone size-full wp-image-21293\" src=\"http:\/\/stone-phoenix.com\/wp-content\/uploads\/2023\/12\/1703883583-2.jpg\" width=\"150\" height=\"150\" srcset=\"https:\/\/stone-phoenix.com\/wp-content\/uploads\/2023\/12\/1703883583-2.jpg 150w, https:\/\/stone-phoenix.com\/wp-content\/uploads\/2023\/12\/1703883583-2-12x12.jpg 12w\" sizes=\"(max-width: 150px) 100vw, 150px\" \/><\/div><figcaption id=\"gallery-1-6357\" class=\"wp-caption-text gallery-caption\">Marbre blanc oriental<\/figcaption><\/figure>\n<figure class=\"gallery-item\">\n<div class=\"gallery-icon landscape\"><img loading=\"lazy\" decoding=\"async\" class=\"alignnone size-full wp-image-21294\" src=\"http:\/\/stone-phoenix.com\/wp-content\/uploads\/2023\/12\/1703883584.jpg\" width=\"150\" height=\"150\" srcset=\"https:\/\/stone-phoenix.com\/wp-content\/uploads\/2023\/12\/1703883584.jpg 150w, https:\/\/stone-phoenix.com\/wp-content\/uploads\/2023\/12\/1703883584-12x12.jpg 12w\" sizes=\"(max-width: 150px) 100vw, 150px\" \/><\/div><figcaption id=\"gallery-1-6358\" class=\"wp-caption-text gallery-caption\">Marbre blanc \u00e9toil\u00e9<\/figcaption><\/figure>\n<figure class=\"gallery-item\">\n<div class=\"gallery-icon landscape\"><img loading=\"lazy\" decoding=\"async\" class=\"alignnone size-full wp-image-21295\" src=\"http:\/\/stone-phoenix.com\/wp-content\/uploads\/2023\/12\/1703883584-1.jpg\" width=\"150\" height=\"150\" srcset=\"https:\/\/stone-phoenix.com\/wp-content\/uploads\/2023\/12\/1703883584-1.jpg 150w, https:\/\/stone-phoenix.com\/wp-content\/uploads\/2023\/12\/1703883584-1-12x12.jpg 12w\" sizes=\"(max-width: 150px) 100vw, 150px\" \/><\/div><figcaption id=\"gallery-1-6359\" class=\"wp-caption-text gallery-caption\">Marbre blanc de Volakas<\/figcaption><\/figure>\n<figure class=\"gallery-item\">\n<div class=\"gallery-icon landscape\"><img loading=\"lazy\" decoding=\"async\" class=\"alignnone size-full wp-image-21296\" src=\"http:\/\/stone-phoenix.com\/wp-content\/uploads\/2023\/12\/1703883585.jpg\" width=\"150\" height=\"150\" srcset=\"https:\/\/stone-phoenix.com\/wp-content\/uploads\/2023\/12\/1703883585.jpg 150w, https:\/\/stone-phoenix.com\/wp-content\/uploads\/2023\/12\/1703883585-12x12.jpg 12w\" sizes=\"(max-width: 150px) 100vw, 150px\" \/><\/div><figcaption id=\"gallery-1-6360\" class=\"wp-caption-text gallery-caption\">Marbre de Jade blanc<\/figcaption><\/figure>\n<figure class=\"gallery-item\">\n<div class=\"gallery-icon landscape\"><img loading=\"lazy\" decoding=\"async\" class=\"alignnone size-full wp-image-21297\" src=\"http:\/\/stone-phoenix.com\/wp-content\/uploads\/2023\/12\/1703883585-1.jpg\" width=\"150\" height=\"150\" srcset=\"https:\/\/stone-phoenix.com\/wp-content\/uploads\/2023\/12\/1703883585-1.jpg 150w, https:\/\/stone-phoenix.com\/wp-content\/uploads\/2023\/12\/1703883585-1-12x12.jpg 12w\" sizes=\"(max-width: 150px) 100vw, 150px\" \/><\/div><figcaption id=\"gallery-1-6361\" class=\"wp-caption-text gallery-caption\">Marbre blanc de Yougoslavie<\/figcaption><\/figure>\n<\/div>\n<\/div>\n<\/div>\n<\/div>\n<\/div>\n<\/div>\n<\/div>\n<\/div>\n<\/div>\n<\/section>\n<\/div>\n<\/div>\n<\/div>\n<\/div>","protected":false},"excerpt":{"rendered":"<p>Comptoir chinois en marbre calacatta Les comptoirs en marbre calacatta de la gamme longtopstone d'armoires de cuisine et de plans de travail constituent une solution sophistiqu\u00e9e.<\/p>","protected":false},"featured_media":26395,"template":"","meta":[],"product_cat":[113],"product_tag":[],"_links":{"self":[{"href":"https:\/\/stone-phoenix.com\/fr\/wp-json\/wp\/v2\/product\/21280"}],"collection":[{"href":"https:\/\/stone-phoenix.com\/fr\/wp-json\/wp\/v2\/product"}],"about":[{"href":"https:\/\/stone-phoenix.com\/fr\/wp-json\/wp\/v2\/types\/product"}],"wp:featuredmedia":[{"embeddable":true,"href":"https:\/\/stone-phoenix.com\/fr\/wp-json\/wp\/v2\/media\/26395"}],"wp:attachment":[{"href":"https:\/\/stone-phoenix.com\/fr\/wp-json\/wp\/v2\/media?parent=21280"}],"wp:term":[{"taxonomy":"product_cat","embeddable":true,"href":"https:\/\/stone-phoenix.com\/fr\/wp-json\/wp\/v2\/product_cat?post=21280"},{"taxonomy":"product_tag","embeddable":true,"href":"https:\/\/stone-phoenix.com\/fr\/wp-json\/wp\/v2\/product_tag?post=21280"}],"curies":[{"name":"wp","href":"https:\/\/api.w.org\/{rel}","templated":true}]}}