{"id":21298,"date":"2023-12-29T21:00:02","date_gmt":"2023-12-29T13:00:02","guid":{"rendered":"http:\/\/stone-phoenix.com\/product\/dark-emperador-marble-blocks"},"modified":"2024-03-26T20:06:08","modified_gmt":"2024-03-26T12:06:08","slug":"dark-emperador-marble-blocks","status":"publish","type":"product","link":"https:\/\/stone-phoenix.com\/fr\/produit\/dark-emperador-marble-blocks","title":{"rendered":"Blocs de marbre emperador fonc\u00e9"},"content":{"rendered":"<div id=\"tab-description\" class=\"woocommerce-Tabs-panel woocommerce-Tabs-panel--description panel entry-content wc-tab\" role=\"tabpanel\" aria-labelledby=\"tab-title-description\">\n<p>L'emperador fonc\u00e9 est une couleur brun fonc\u00e9 avec des cristaux blancs et une texture, une concentration de calcite blanche et transparente, une roche m\u00e9tamorphique non feuillet\u00e9e extraite en Chine. Le marbre Dark Emperador, appel\u00e9 Sh\u0113n f\u0113i w\u01ceng sur le march\u00e9 chinois de la pierre. Le marbre Dark Emperador peut \u00eatre utilis\u00e9 pour les sols, les plans de travail, les rev\u00eatements muraux et d'autres projets de conception. Nous poss\u00e9dons notre propre carri\u00e8re de marbre, sp\u00e9cialis\u00e9e dans la vente de blocs de marbre.<br \/>\nCette pierre est tr\u00e8s caract\u00e9ristique. Lors de sa formation, le calcaire est m\u00e9tamorphos\u00e9 sous l'effet de la pression, et c'est ce m\u00e9tamorphisme qui est \u00e0 l'origine de la dolomie. Ce changement conf\u00e8re \u00e0 la pierre de nouvelles propri\u00e9t\u00e9s physiques et m\u00e9caniques, semblables \u00e0 celles de certaines autres roches m\u00e9tamorphiques, comme le Macael ou le Carrara.<br \/>\nEn raison de leur construction en forme de br\u00e8che, les usines de pierre doivent \u00eatre manipul\u00e9es avec soin pendant le traitement. Cela permet de pr\u00e9server l'\u00e9clat et la couleur de la pierre et d'obtenir le meilleur effet du traitement de surface de la pierre.<br \/>\nCet emperador fonc\u00e9 peut \u00eatre utilis\u00e9 aussi bien \u00e0 l'int\u00e9rieur qu'\u00e0 l'ext\u00e9rieur, il a un lustre \u00e9l\u00e9gant et convient \u00e0 de nombreuses d\u00e9corations d'int\u00e9rieur : sols, murs, escaliers, colonnes et comptoirs de salle de bains.<br \/>\nParall\u00e8lement, la pierre est \u00e9galement utilis\u00e9e pour produire des bassins de toilette, des baignoires foresti\u00e8res et des sculptures.<br \/>\nLa nature l'offre aux \u00eatres humains, tels des anges tombant dans le monde. Qu'il s'agisse de palais anciens ou modernes, d'h\u00f4tels ou d'\u00e9l\u00e9gantes demeures, qu'il s'agisse du simple hall d'entr\u00e9e ou de l'escalier de notre maison, tous brillent gr\u00e2ce \u00e0 son existence.<br \/>\nCe bloc de marbre fonc\u00e9 Emperador est bien connu et export\u00e9 dans le monde entier. Sa beaut\u00e9 et sa bonne qualit\u00e9 sont toujours appr\u00e9ci\u00e9es par le march\u00e9 de la pierre. De nombreux pays en sont demandeurs, mais les pays arabes et la Chine restent ses principaux march\u00e9s.<br \/>\nLongtop Stone Industry poss\u00e8de de nombreuses mines de marbre noir Empereur, qui peuvent vous fournir suffisamment de blocs de marbre fonc\u00e9 Empereur, de haute qualit\u00e9 et \u00e0 un prix raisonnable.<\/p>\n<\/div>","protected":false},"excerpt":{"rendered":"<p>Dark emperador is a dark brown color with white crystals and texture, a concentration of white and transparent calcite, non-foliate<\/p>","protected":false},"featured_media":26389,"template":"","meta":[],"product_cat":[113],"product_tag":[],"_links":{"self":[{"href":"https:\/\/stone-phoenix.com\/fr\/wp-json\/wp\/v2\/product\/21298"}],"collection":[{"href":"https:\/\/stone-phoenix.com\/fr\/wp-json\/wp\/v2\/product"}],"about":[{"href":"https:\/\/stone-phoenix.com\/fr\/wp-json\/wp\/v2\/types\/product"}],"wp:featuredmedia":[{"embeddable":true,"href":"https:\/\/stone-phoenix.com\/fr\/wp-json\/wp\/v2\/media\/26389"}],"wp:attachment":[{"href":"https:\/\/stone-phoenix.com\/fr\/wp-json\/wp\/v2\/media?parent=21298"}],"wp:term":[{"taxonomy":"product_cat","embeddable":true,"href":"https:\/\/stone-phoenix.com\/fr\/wp-json\/wp\/v2\/product_cat?post=21298"},{"taxonomy":"product_tag","embeddable":true,"href":"https:\/\/stone-phoenix.com\/fr\/wp-json\/wp\/v2\/product_tag?post=21298"}],"curies":[{"name":"wp","href":"https:\/\/api.w.org\/{rel}","templated":true}]}}