{"id":21302,"date":"2023-12-29T21:00:45","date_gmt":"2023-12-29T13:00:45","guid":{"rendered":"http:\/\/stone-phoenix.com\/product\/marble-fountain-customize"},"modified":"2024-03-26T17:49:02","modified_gmt":"2024-03-26T09:49:02","slug":"marble-fountain-customize","status":"publish","type":"product","link":"https:\/\/stone-phoenix.com\/fr\/produit\/marble-fountain-customize","title":{"rendered":"Fontaine en marbre Personnaliser"},"content":{"rendered":"<div id=\"tab-description\" class=\"woocommerce-Tabs-panel woocommerce-Tabs-panel--description panel entry-content wc-tab\" role=\"tabpanel\" aria-labelledby=\"tab-title-description\">\n<h2>Fontaine en marbre Personnaliser<\/h2>\n<p>Les plaques de sculpture de fontaine en marbre sont color\u00e9es, de tons diff\u00e9rents, et les motifs sont tous identiques, ce qui constitue le charme pr\u00e9cieux des plaques de marbre. Le ton de la couleur est fondamentalement le m\u00eame, la diff\u00e9rence de couleur est faible et le motif est magnifique. C'est pourquoi de nombreuses fontaines sculptures en pierre dans les h\u00f4tels et les communaut\u00e9s immobili\u00e8res utilisent des fontaines en marbre.<\/p>\n<p>La sculpture de fontaine en marbre est une sorte de sculpture en pierre naturelle, avec diff\u00e9rents styles, que vous pouvez choisir \u00e0 partir du stock, ou que vous pouvez choisir sur mesure. La sculpture de fontaine en marbre pr\u00e9sente les caract\u00e9ristiques suivantes : texture dure, r\u00e9sistance \u00e0 l'usure, r\u00e9sistance \u00e0 la corrosion, etc. La surface de la sculpture a une texture solide et une bonne plasticit\u00e9. La surface de la sculpture a une forte texture et une bonne plasticit\u00e9. Elle est tr\u00e8s expressive et pr\u00e9sente une grande vari\u00e9t\u00e9 de styles artistiques.<br \/>\nLa sculpture de fontaine en marbre a un tr\u00e8s bon effet de d\u00e9coration paysag\u00e8re et sa connotation artistique est in\u00e9gal\u00e9e par de nombreuses autres sculptures. L'utilisation de la pierre naturelle est saine et respectueuse de l'environnement, et le sens artistique est naturel et simple, ce qui peut ajouter la touche finale \u00e0 la d\u00e9coration paysag\u00e8re, aux jardins, aux lieux de divertissement, etc.<\/p>\n<p>Il existe diff\u00e9rents styles de sculptures de fontaines en marbre, tels que les fontaines sculpt\u00e9es d'animaux, les fontaines sculpt\u00e9es de personnages, les fontaines circulaires, les fontaines carr\u00e9es, les fontaines \u00e0 une ou deux couches, les fontaines chinoises, les fontaines europ\u00e9ennes sculpt\u00e9es dans la pierre, etc. Un large \u00e9ventail d'applications peut \u00eatre utilis\u00e9 pour la d\u00e9coration architecturale, la d\u00e9coration de jardin, les lieux de divertissement, les h\u00f4tels, la d\u00e9coration ext\u00e9rieure des villas, etc.<\/p>\n<p>Nous pouvons personnaliser les produits en fonction de vos besoins.<\/p>\n<p>Description du produit<\/p>\n<table style=\"color: #000000; font-family: Arial; font-size: 12px; font-style: normal; font-weight: 400; background-color: #ffffff; width: 746.066px; height: 226px; border: 1px solid #b3b3b3;\">\n<tbody>\n<tr style=\"height: 21px;\">\n<td style=\"border: 1px solid #b3b3b3; width: 162px;\"><strong>Nom du produit :<\/strong><\/td>\n<td style=\"border: 1px solid #b3b3b3; width: 595.066px;\">Fontaine en marbre<\/td>\n<\/tr>\n<tr style=\"height: 21px;\">\n<td style=\"border: 1px solid #b3b3b3; width: 162px;\"><strong>Mat\u00e9riau :<\/strong><\/td>\n<td style=\"border: 1px solid #b3b3b3; width: 595.066px;\">Marbre brut et granit<\/td>\n<\/tr>\n<tr style=\"height: 21px;\">\n<td style=\"border: 1px solid #b3b3b3; width: 162px;\"><strong>Couleur<\/strong><\/td>\n<td style=\"border: 1px solid #b3b3b3; width: 595.066px;\">Blanc, noir, jaune, rouge, rose, gris, brun, bleu, vert, etc.<\/td>\n<\/tr>\n<tr style=\"height: 21px;\">\n<td style=\"border: 1px solid #b3b3b3; width: 162px;\" rowspan=\"3\"><strong>Taille :<\/strong><\/td>\n<td style=\"border: 1px solid #b3b3b3; width: 595.066px;\">Carreaux disponibles<br \/>\n12\u2032 X 12\u2033,24\u2032 X 24\u2033,12\u2032 X 24\u2033,etc 300x300mm,300x600mm,400x400mm,600x600mm,600\u00d71200,800\u00d7800,etc<\/td>\n<\/tr>\n<tr style=\"height: 21px;\">\n<td style=\"border: 1px solid #b3b3b3; width: 595.066px;\">Grandes dalles disponibles<\/p>\n<p style=\"font-size: 12px; line-height: inherit; margin-bottom: 0px; font-weight: 400; font-style: normal; font-variant-numeric: inherit; font-variant-east-asian: inherit; font-stretch: inherit;\" data-spm-anchor-id=\"a2700.details.0.i21.6624335crZ5k0G\">180cmUpx60UP,180cmUpx65cmUP,180cmUpx70cmUP,etc<br \/>\n240cmUpx120cmUP,etc<\/p>\n<\/td>\n<\/tr>\n<tr style=\"height: 21px;\">\n<td style=\"border: 1px solid #b3b3b3; width: 595.066px;\">Des sp\u00e9cifications personnalis\u00e9es sont disponibles<\/td>\n<\/tr>\n<tr style=\"height: 21px;\">\n<td style=\"border: 1px solid #b3b3b3; width: 162px;\"><strong>Tol\u00e9rance d'\u00e9paisseur :<\/strong><\/td>\n<td style=\"border: 1px solid #b3b3b3; width: 595.066px;\">\u00b10,05mm, \u00b11mm, \u00b11,5mm, \u00b12mm, selon les exigences de qualit\u00e9 du client<\/td>\n<\/tr>\n<tr style=\"height: 21px;\">\n<td style=\"border: 1px solid #b3b3b3; width: 162px;\"><strong>Surface :<\/strong><\/td>\n<td style=\"border: 1px solid #b3b3b3; width: 595.066px;\">Poli, adouci, assorti au livre, antique, rainur\u00e9, bross\u00e9, d\u00e9cap\u00e9, sabl\u00e9, jet d'eau, etc.<\/td>\n<\/tr>\n<tr style=\"height: auto;\">\n<td style=\"border: 1px solid #b3b3b3; width: 162px;\"><strong>Emballage :<\/strong><\/td>\n<td style=\"border: 1px solid #b3b3b3; width: 595.066px;\">Fardeaux et caisses en bois en \u00e9tat de navigabilit\u00e9<\/td>\n<\/tr>\n<tr style=\"height: 21px;\">\n<td style=\"border: 1px solid #b3b3b3; width: 162px;\"><strong>Application :<\/strong><\/td>\n<td style=\"border: 1px solid #b3b3b3; width: 595.066px;\">Sol, mur, motif, comptoir, d\u00e9coration int\u00e9rieure et ext\u00e9rieure<\/td>\n<\/tr>\n<tr style=\"height: 21px;\">\n<td style=\"border: 1px solid #b3b3b3; width: 162px;\"><strong>D\u00e9lai de livraison :<\/strong><\/td>\n<td style=\"border: 1px solid #b3b3b3; width: 595.066px;\">15-20 jours pour les tailles normales<\/td>\n<\/tr>\n<tr style=\"height: 21px;\">\n<td style=\"border: 1px solid #b3b3b3; width: 162px;\"><strong>Certificat :<\/strong><\/td>\n<td style=\"border: 1px solid #b3b3b3; width: 595.066px;\">CE, SGS<\/td>\n<\/tr>\n<tr style=\"height: 21px;\">\n<td style=\"border: 1px solid #b3b3b3; width: 162px;\"><strong>Conditions de paiement :<\/strong><\/td>\n<td style=\"border: 1px solid #b3b3b3; width: 595.066px;\">T\/T, L\/C, D\/P<\/td>\n<\/tr>\n<tr style=\"height: 42px;\">\n<td style=\"border: 1px solid #b3b3b3; width: 162px;\"><strong>Avantage :<\/strong><\/td>\n<td style=\"border: 1px solid #b3b3b3; width: 595.066px;\">1) Service unique pour la pierre ;<\/p>\n<p>2) Poss\u00e9der 5 carri\u00e8res et 9 usines ;<\/p>\n<p>3) Des supports technologiques de pointe.<\/td>\n<\/tr>\n<tr style=\"height: 42px;\">\n<td style=\"border: 1px solid #b3b3b3; width: 162px;\"><strong>Assurance de la qualit\u00e9 et de la livraison :\u00a0<\/strong><\/td>\n<td style=\"border: 1px solid #b3b3b3; width: 595.066px;\">Tout au long du processus de production, du choix des mat\u00e9riaux \u00e0 l'emballage en passant par la fabrication, notre service de contr\u00f4le de la qualit\u00e9 contr\u00f4le rigoureusement chaque pi\u00e8ce et chaque processus afin de garantir le respect des normes de qualit\u00e9 et le respect des d\u00e9lais de livraison.<\/td>\n<\/tr>\n<\/tbody>\n<\/table>\n<p style=\"font-size: 12px; line-height: inherit; margin-bottom: 0px; font-weight: 400; font-style: normal; font-variant-numeric: inherit; font-variant-east-asian: inherit; font-stretch: inherit; font-family: Arial; color: #000000;\">Dalles disponibles<\/p>\n<p style=\"font-size: 12px; line-height: inherit; margin-bottom: 0px; font-weight: 400; font-style: normal; font-variant-numeric: inherit; font-variant-east-asian: inherit; font-stretch: inherit; font-family: Arial; color: #000000;\" data-spm-anchor-id=\"a2700.details.0.i21.6624335crZ5k0G\">180cmUpx60UP,180cmUpx65cmUP,180cmUpx70cmUP,etc<br \/>\n240cmUpx120cmUP,etc<\/p>\n<\/div>","protected":false},"excerpt":{"rendered":"<p>Marble Fountain Customize The marble fountain sculpture plates are colorful, diverse in tones, and the patterns are all the same,<\/p>","protected":false},"featured_media":26375,"template":"","meta":[],"product_cat":[113],"product_tag":[],"_links":{"self":[{"href":"https:\/\/stone-phoenix.com\/fr\/wp-json\/wp\/v2\/product\/21302"}],"collection":[{"href":"https:\/\/stone-phoenix.com\/fr\/wp-json\/wp\/v2\/product"}],"about":[{"href":"https:\/\/stone-phoenix.com\/fr\/wp-json\/wp\/v2\/types\/product"}],"wp:featuredmedia":[{"embeddable":true,"href":"https:\/\/stone-phoenix.com\/fr\/wp-json\/wp\/v2\/media\/26375"}],"wp:attachment":[{"href":"https:\/\/stone-phoenix.com\/fr\/wp-json\/wp\/v2\/media?parent=21302"}],"wp:term":[{"taxonomy":"product_cat","embeddable":true,"href":"https:\/\/stone-phoenix.com\/fr\/wp-json\/wp\/v2\/product_cat?post=21302"},{"taxonomy":"product_tag","embeddable":true,"href":"https:\/\/stone-phoenix.com\/fr\/wp-json\/wp\/v2\/product_tag?post=21302"}],"curies":[{"name":"wp","href":"https:\/\/api.w.org\/{rel}","templated":true}]}}