{"id":21312,"date":"2023-12-29T21:01:49","date_gmt":"2023-12-29T13:01:49","guid":{"rendered":"http:\/\/stone-phoenix.com\/product\/aristone-white-marble-hotel-wall-decoration"},"modified":"2024-03-26T17:23:20","modified_gmt":"2024-03-26T09:23:20","slug":"aristone-white-marble-hotel-wall-decoration","status":"publish","type":"product","link":"https:\/\/stone-phoenix.com\/fr\/produit\/aristone-white-marble-hotel-wall-decoration","title":{"rendered":"Aristone Marbre blanc D\u00e9coration murale d'h\u00f4tel"},"content":{"rendered":"<div id=\"tab-description\" class=\"woocommerce-Tabs-panel woocommerce-Tabs-panel--description panel entry-content wc-tab\" role=\"tabpanel\" aria-labelledby=\"tab-title-description\">\n<div id=\"ali-anchor-AliPostDhMb-qkngg\" style=\"padding-top: 8px;\" data-section=\"AliPostDhMb-qkngg\" data-section-title=\"Product Description\">\n<h2 style=\"text-align: center;\">Aristone White Marble Hotel Wall Cladding Decoration (D\u00e9coration de rev\u00eatement mural d'h\u00f4tel en marbre blanc)<\/h2>\n<p>Le marbre blanc Ariston est une solution naturelle magnifique pour les sols des salles de bains et des cuisines. Il est un mat\u00e9riau important dans l'industrie du b\u00e2timent de luxe depuis des si\u00e8cles en raison de sa durabilit\u00e9, de son attrait esth\u00e9tique et de sa polyvalence. Il s'agit d'un magnifique carreau de marbre blanc avec des veines mod\u00e9r\u00e9es, ce qui signifie qu'il aura un bel aspect lorsqu'il sera install\u00e9 dans n'importe quel environnement. Il convient \u00e9galement aux pi\u00e8ces humides et aux salles de bains, car il ne craint pas les niveaux d'humidit\u00e9 \u00e9lev\u00e9s.<\/p>\n<p>Il sera \u00e0 coup s\u00fbr le point de mire de votre pi\u00e8ce. Le marbre blanc Aristone offre une durabilit\u00e9 exceptionnelle, ce qui en fait un excellent choix pour les propri\u00e9taires qui souhaitent ajouter une touche de beaut\u00e9 \u00e0 leur maison sans se ruiner. Il offre \u00e9galement une polyvalence in\u00e9gal\u00e9e, ce qui vous permet de l'utiliser dans des applications modernes et traditionnelles.<\/p>\n<p>Son motif unique, translucide et organique, rappelle les nuages. Nous proposons des produits de la plus haute qualit\u00e9, tr\u00e8s durables et r\u00e9sistants. Ce produit peut \u00eatre utilis\u00e9 pour la d\u00e9coration int\u00e9rieure ou ext\u00e9rieure. Le produit est facile \u00e0 installer et \u00e0 entretenir. Le marbre blanc Aristone est un marbre \u00e9l\u00e9gant dont la surface pr\u00e9sente une belle finition uniforme. Sa texture lisse et non abrasive le rend facile \u00e0 nettoyer et \u00e0 entretenir au fil du temps. Ce mat\u00e9riau abordable est parfait pour les cuisines, les salles de bains, les entr\u00e9es et bien plus encore !<\/p>\n<div id=\"ali-title-AliPostDhMb-qkngg\" style=\"padding: 8px 0; border-bottom: 1px solid #ddd;\"><span style=\"background-color: #ddd; color: #333; font-weight: bold; padding: 8px 10px; line-height: 12px;\">Description du produit<\/span><\/div>\n<div style=\"padding: 10px 0;\">\n<table class=\"aliDataTable\" style=\"color: #000000; font-family: Arial; font-size: 12px; font-style: normal; font-weight: 400; background-color: #ffffff; width: 746.066px; height: 226px; border: 1px solid #b3b3b3;\">\n<tbody>\n<tr style=\"height: 21px;\">\n<td style=\"border: 1px solid #b3b3b3; width: 162px;\"><strong><span style=\"font-family: arial, helvetica, sans-serif; font-size: 14px;\">Nom du produit :<\/span><\/strong><\/td>\n<td style=\"border: 1px solid #b3b3b3; width: 595.066px;\">Aristone White Marble Hotel Wall Cladding Decoration (D\u00e9coration de rev\u00eatement mural d'h\u00f4tel en marbre blanc)<\/td>\n<\/tr>\n<tr style=\"height: 21px;\">\n<td style=\"border: 1px solid #b3b3b3; width: 162px;\"><strong><span style=\"font-family: arial, helvetica, sans-serif; font-size: 14px;\">Mat\u00e9riau :<\/span><\/strong><\/td>\n<td style=\"border: 1px solid #b3b3b3; width: 595.066px;\"><span style=\"font-family: arial, helvetica, sans-serif; font-size: 14px;\">Marbre<\/span><\/td>\n<\/tr>\n<tr style=\"height: 21px;\">\n<td style=\"border: 1px solid #b3b3b3; width: 162px;\"><strong><span style=\"font-family: arial, helvetica, sans-serif; font-size: 14px;\">Couleur :<\/span><\/strong><\/td>\n<td style=\"border: 1px solid #b3b3b3; width: 595.066px;\"><span style=\"font-family: arial, helvetica, sans-serif; font-size: 14px;\">Blanc, beige, noir, marron, gris, rouge, vert, bleu, etc.<\/span><\/td>\n<\/tr>\n<tr style=\"height: 21px;\">\n<td style=\"border: 1px solid #b3b3b3; width: 162px;\" rowspan=\"3\"><strong><span style=\"font-family: arial, helvetica, sans-serif; font-size: 14px;\">Taille :<\/span><\/strong><\/td>\n<td style=\"border: 1px solid #b3b3b3; width: 595.066px;\"><span style=\"font-family: arial, helvetica, sans-serif; font-size: 14px;\"><span style=\"text-decoration: underline;\">Carreaux disponibles<\/span> <\/span><br \/>\n<span style=\"font-family: arial, helvetica, sans-serif; font-size: 14px;\">12\u2032 X 12\u2033,24\u2032 X 24\u2033,12\u2032 X 24\u2033,etc 300x300mm,300x600mm,400x400mm,600x600mm,600\u00d71200,800\u00d7800,etc<\/span><\/td>\n<\/tr>\n<tr style=\"height: 21px;\">\n<td style=\"border: 1px solid #b3b3b3; width: 595.066px;\"><span style=\"font-family: arial, helvetica, sans-serif; font-size: 14px;\"><span style=\"text-decoration: underline;\">Grandes dalles disponibles<\/span>\u00a0 \u00a0 \u00a0 \u00a0 \u00a0 \u00a0 \u00a0 \u00a0 \u00a0 \u00a0 \u00a0 \u00a0 \u00a0 \u00a0 \u00a0 \u00a0 \u00a0 \u00a0 \u00a0 \u00a0 \u00a0 \u00a0 \u00a0 \u00a0 \u00a0 \u00a0 \u00a0 \u00a0 \u00a0 \u00a0 \u00a0 \u00a0 \u00a0 \u00a0 \u00a0 \u00a0 \u00a0 \u00a0 \u00a0 \u00a0 \u00a0 \u00a0 \u00a0 \u00a0 \u00a0 \u00a0 \u00a0 \u00a0 \u00a0 \u00a0 \u00a0 \u00a0 \u00a0 240cmUpx120UP<\/span><\/td>\n<\/tr>\n<tr style=\"height: 21px;\">\n<td style=\"border: 1px solid #b3b3b3; width: 595.066px;\"><span style=\"font-family: arial, helvetica, sans-serif; font-size: 14px;\">Des sp\u00e9cifications personnalis\u00e9es sont disponibles<\/span><\/td>\n<\/tr>\n<tr style=\"height: 21px;\">\n<td style=\"border: 1px solid #b3b3b3; width: 162px;\"><strong><span style=\"font-family: arial, helvetica, sans-serif; font-size: 14px;\">Tol\u00e9rance d'\u00e9paisseur :<\/span><\/strong><\/td>\n<td style=\"border: 1px solid #b3b3b3; width: 595.066px;\"><span style=\"font-size: 14px; font-family: arial, helvetica, sans-serif;\">\u00b10,05mm, \u00b11mm, \u00b11,5mm, \u00b12mm, selon les exigences de qualit\u00e9 du client<\/span><\/td>\n<\/tr>\n<tr style=\"height: 21px;\">\n<td style=\"border: 1px solid #b3b3b3; width: 162px;\"><strong><span style=\"font-family: arial, helvetica, sans-serif; font-size: 14px;\">Surface :<\/span><\/strong><\/td>\n<td style=\"border: 1px solid #b3b3b3; width: 595.066px;\"><span style=\"font-size: 14px; font-family: arial, helvetica, sans-serif;\">Poli, adouci, assorti au livre, antique, rainur\u00e9, bross\u00e9, d\u00e9cap\u00e9, sabl\u00e9, jet d'eau, etc.<\/span><\/td>\n<\/tr>\n<tr style=\"height: auto;\">\n<td style=\"border: 1px solid #b3b3b3; width: 162px;\"><strong><span style=\"font-family: arial, helvetica, sans-serif; font-size: 14px;\">Emballage :<\/span><\/strong><\/td>\n<td style=\"border: 1px solid #b3b3b3; width: 595.066px;\"><span style=\"font-family: arial, helvetica, sans-serif; font-size: 14px;\"> Fardeaux et caisses en bois en \u00e9tat de navigabilit\u00e9<\/span><\/td>\n<\/tr>\n<tr style=\"height: 21px;\">\n<td style=\"border: 1px solid #b3b3b3; width: 162px;\"><strong><span style=\"font-family: arial, helvetica, sans-serif; font-size: 14px;\">Application :<\/span><\/strong><\/td>\n<td style=\"border: 1px solid #b3b3b3; width: 595.066px;\"><span style=\"font-family: arial, helvetica, sans-serif; font-size: 14px;\">Mur int\u00e9rieur, sol, plinthe, mur de fond, comptoir, escalier, etc.<\/span><\/td>\n<\/tr>\n<tr style=\"height: 21px;\">\n<td style=\"border: 1px solid #b3b3b3; width: 162px;\"><strong><span style=\"font-family: arial, helvetica, sans-serif; font-size: 14px;\">D\u00e9lai de livraison :<\/span><\/strong><\/td>\n<td style=\"border: 1px solid #b3b3b3; width: 595.066px;\"><span style=\"font-family: arial, helvetica, sans-serif; font-size: 14px;\"> 15-20 jours pour les tailles normales<\/span><\/td>\n<\/tr>\n<tr style=\"height: 21px;\">\n<td style=\"border: 1px solid #b3b3b3; width: 162px;\"><strong><span style=\"font-family: arial, helvetica, sans-serif; font-size: 14px;\">Certificat :<\/span><\/strong><\/td>\n<td style=\"border: 1px solid #b3b3b3; width: 595.066px;\"><span style=\"font-family: arial, helvetica, sans-serif; font-size: 14px;\">CE, SGS<\/span><\/td>\n<\/tr>\n<tr style=\"height: 21px;\">\n<td style=\"border: 1px solid #b3b3b3; width: 162px;\"><strong><span style=\"font-family: arial, helvetica, sans-serif; font-size: 14px;\">Conditions de paiement :<\/span><\/strong><\/td>\n<td style=\"border: 1px solid #b3b3b3; width: 595.066px;\"><span style=\"font-family: arial, helvetica, sans-serif; font-size: 14px;\">T\/T, L\/C, D\/P<\/span><\/td>\n<\/tr>\n<tr style=\"height: 42px;\">\n<td style=\"border: 1px solid #b3b3b3; width: 162px;\"><strong><span style=\"font-family: arial, helvetica, sans-serif; font-size: 14px;\">Avantage :<\/span><\/strong><\/td>\n<td style=\"border: 1px solid #b3b3b3; width: 595.066px;\"><span style=\"font-family: arial, helvetica, sans-serif; font-size: 14px;\">1) Service unique pour la pierre ;<\/span><\/p>\n<p><span style=\"font-family: arial, helvetica, sans-serif; font-size: 14px;\">2) Poss\u00e9der 3 carri\u00e8res et 9 usines ;<\/span><\/p>\n<p><span style=\"font-family: arial, helvetica, sans-serif; font-size: 14px;\">3) Des supports technologiques de pointe.<\/span><\/td>\n<\/tr>\n<tr style=\"height: 42px;\">\n<td style=\"border: 1px solid #b3b3b3; width: 162px;\"><strong><span style=\"font-family: arial, helvetica, sans-serif; font-size: 14px;\">Assurance de la qualit\u00e9 et de la livraison :\u00a0<\/span><\/strong><\/td>\n<td style=\"border: 1px solid #b3b3b3; width: 595.066px;\"><span style=\"font-family: arial, helvetica, sans-serif; font-size: 14px;\">Tout au long du processus de production, du choix des mat\u00e9riaux \u00e0 l'emballage en passant par la fabrication, notre service de contr\u00f4le de la qualit\u00e9 contr\u00f4le rigoureusement chaque pi\u00e8ce et chaque processus afin de garantir le respect des normes de qualit\u00e9 et le respect des d\u00e9lais de livraison.<\/span><\/td>\n<\/tr>\n<\/tbody>\n<\/table>\n<p><img loading=\"lazy\" decoding=\"async\" class=\"alignnone size-full wp-image-26361\" src=\"http:\/\/stone-phoenix.com\/wp-content\/uploads\/2023\/12\/Aristone-White-Marble-Hotel-Wall-Decoration-5.jpg\" alt=\"\" width=\"1119\" height=\"814\" srcset=\"https:\/\/stone-phoenix.com\/wp-content\/uploads\/2023\/12\/Aristone-White-Marble-Hotel-Wall-Decoration-5.jpg 1119w, https:\/\/stone-phoenix.com\/wp-content\/uploads\/2023\/12\/Aristone-White-Marble-Hotel-Wall-Decoration-5-300x218.jpg 300w, https:\/\/stone-phoenix.com\/wp-content\/uploads\/2023\/12\/Aristone-White-Marble-Hotel-Wall-Decoration-5-1024x745.jpg 1024w, https:\/\/stone-phoenix.com\/wp-content\/uploads\/2023\/12\/Aristone-White-Marble-Hotel-Wall-Decoration-5-768x559.jpg 768w, https:\/\/stone-phoenix.com\/wp-content\/uploads\/2023\/12\/Aristone-White-Marble-Hotel-Wall-Decoration-5-16x12.jpg 16w, https:\/\/stone-phoenix.com\/wp-content\/uploads\/2023\/12\/Aristone-White-Marble-Hotel-Wall-Decoration-5-600x436.jpg 600w, https:\/\/stone-phoenix.com\/wp-content\/uploads\/2023\/12\/Aristone-White-Marble-Hotel-Wall-Decoration-5-150x109.jpg 150w\" sizes=\"(max-width: 1119px) 100vw, 1119px\" \/><img loading=\"lazy\" decoding=\"async\" class=\"alignnone size-full wp-image-26362\" src=\"http:\/\/stone-phoenix.com\/wp-content\/uploads\/2023\/12\/Aristone-White-Marble-Hotel-Wall-Decoration-4.jpg\" alt=\"\" width=\"1084\" height=\"847\" srcset=\"https:\/\/stone-phoenix.com\/wp-content\/uploads\/2023\/12\/Aristone-White-Marble-Hotel-Wall-Decoration-4.jpg 1084w, https:\/\/stone-phoenix.com\/wp-content\/uploads\/2023\/12\/Aristone-White-Marble-Hotel-Wall-Decoration-4-300x234.jpg 300w, https:\/\/stone-phoenix.com\/wp-content\/uploads\/2023\/12\/Aristone-White-Marble-Hotel-Wall-Decoration-4-1024x800.jpg 1024w, https:\/\/stone-phoenix.com\/wp-content\/uploads\/2023\/12\/Aristone-White-Marble-Hotel-Wall-Decoration-4-768x600.jpg 768w, https:\/\/stone-phoenix.com\/wp-content\/uploads\/2023\/12\/Aristone-White-Marble-Hotel-Wall-Decoration-4-15x12.jpg 15w, https:\/\/stone-phoenix.com\/wp-content\/uploads\/2023\/12\/Aristone-White-Marble-Hotel-Wall-Decoration-4-600x469.jpg 600w, https:\/\/stone-phoenix.com\/wp-content\/uploads\/2023\/12\/Aristone-White-Marble-Hotel-Wall-Decoration-4-150x117.jpg 150w\" sizes=\"(max-width: 1084px) 100vw, 1084px\" \/><img loading=\"lazy\" decoding=\"async\" class=\"alignnone size-full wp-image-26363\" src=\"http:\/\/stone-phoenix.com\/wp-content\/uploads\/2023\/12\/Aristone-White-Marble-Hotel-Wall-Decoration-6.jpg\" alt=\"\" width=\"1123\" height=\"870\" srcset=\"https:\/\/stone-phoenix.com\/wp-content\/uploads\/2023\/12\/Aristone-White-Marble-Hotel-Wall-Decoration-6.jpg 1123w, https:\/\/stone-phoenix.com\/wp-content\/uploads\/2023\/12\/Aristone-White-Marble-Hotel-Wall-Decoration-6-300x232.jpg 300w, https:\/\/stone-phoenix.com\/wp-content\/uploads\/2023\/12\/Aristone-White-Marble-Hotel-Wall-Decoration-6-1024x793.jpg 1024w, https:\/\/stone-phoenix.com\/wp-content\/uploads\/2023\/12\/Aristone-White-Marble-Hotel-Wall-Decoration-6-768x595.jpg 768w, https:\/\/stone-phoenix.com\/wp-content\/uploads\/2023\/12\/Aristone-White-Marble-Hotel-Wall-Decoration-6-15x12.jpg 15w, https:\/\/stone-phoenix.com\/wp-content\/uploads\/2023\/12\/Aristone-White-Marble-Hotel-Wall-Decoration-6-600x465.jpg 600w, https:\/\/stone-phoenix.com\/wp-content\/uploads\/2023\/12\/Aristone-White-Marble-Hotel-Wall-Decoration-6-150x116.jpg 150w\" sizes=\"(max-width: 1123px) 100vw, 1123px\" \/><\/p>\n<\/div>\n<\/div>\n<\/div>","protected":false},"excerpt":{"rendered":"<p>Aristone White Marble Hotel Wall Cladding Decoration Ariston White Marble is a beautiful natural solution for bathroom and kitchen floors,<\/p>","protected":false},"featured_media":26357,"template":"","meta":[],"product_cat":[113],"product_tag":[],"_links":{"self":[{"href":"https:\/\/stone-phoenix.com\/fr\/wp-json\/wp\/v2\/product\/21312"}],"collection":[{"href":"https:\/\/stone-phoenix.com\/fr\/wp-json\/wp\/v2\/product"}],"about":[{"href":"https:\/\/stone-phoenix.com\/fr\/wp-json\/wp\/v2\/types\/product"}],"wp:featuredmedia":[{"embeddable":true,"href":"https:\/\/stone-phoenix.com\/fr\/wp-json\/wp\/v2\/media\/26357"}],"wp:attachment":[{"href":"https:\/\/stone-phoenix.com\/fr\/wp-json\/wp\/v2\/media?parent=21312"}],"wp:term":[{"taxonomy":"product_cat","embeddable":true,"href":"https:\/\/stone-phoenix.com\/fr\/wp-json\/wp\/v2\/product_cat?post=21312"},{"taxonomy":"product_tag","embeddable":true,"href":"https:\/\/stone-phoenix.com\/fr\/wp-json\/wp\/v2\/product_tag?post=21312"}],"curies":[{"name":"wp","href":"https:\/\/api.w.org\/{rel}","templated":true}]}}