{"id":21317,"date":"2023-12-29T21:02:13","date_gmt":"2023-12-29T13:02:13","guid":{"rendered":"http:\/\/stone-phoenix.com\/product\/serpegiante-white-wooden-marble-slab-white-dolomite-tile"},"modified":"2024-03-26T17:17:06","modified_gmt":"2024-03-26T09:17:06","slug":"serpegiante-white-wooden-marble-slab-white-dolomite-tile","status":"publish","type":"product","link":"https:\/\/stone-phoenix.com\/fr\/produit\/serpegiante-white-wooden-marble-slab-white-dolomite-tile","title":{"rendered":"Serpegiante White Wooden Marble Slab White Dolomite Tile"},"content":{"rendered":"<div id=\"tab-description\" class=\"woocommerce-Tabs-panel woocommerce-Tabs-panel--description panel entry-content wc-tab\" role=\"tabpanel\" aria-labelledby=\"tab-title-description\">\n<h2>Marbre blanc serpegiante chinois dolomite blanche carreaux de marbre en bois marbre bois couleur pour docation<\/h2>\n<p>Le marbre blanc Serpegiante est une pierre naturelle qui peut donner un aspect \u00e9l\u00e9gant et sophistiqu\u00e9 \u00e0 votre salle de bains. Il s'agit d'une pierre marbr\u00e9e \u00e0 grain moyen, de couleur blanche \u00e0 gris clair, avec un l\u00e9ger veinage.<\/p>\n<p>Les teintes naturelles du serpegiante en font un excellent mat\u00e9riau pour les environnements contemporains et les amateurs de pierre. Le produit est un marbre unique, d'un blanc \u00e9clatant, qui convient parfaitement aux comptoirs de cuisine et aux salles de bains. La finition donne \u00e0 la pierre un beau lustre, et vous pouvez les polir comme du verre avec un disque diamant\u00e9 de qualit\u00e9 fine ou une pierre douce de l'Arkansas.<\/p>\n<p>La surface de la serpentine permet \u00e0 la lumi\u00e8re de briller \u00e0 travers la pierre, ce qui en fait un excellent choix pour les zones de passage ou les pi\u00e8ces o\u00f9 la beaut\u00e9 naturelle du marbre brille le plus.Le marbre serpentin est un marbre beige clair et blanc cr\u00e8me avec une l\u00e9g\u00e8re teinte verd\u00e2tre due \u00e0 sa composition min\u00e9rale. Il est souvent appel\u00e9 \"serpentine\", mais il s'agit techniquement de jaspe et d'agate serpentine.<\/p>\n<p>Ce type de marbre pr\u00e9sente des veines blanches sur un fond brun, ce qui lui conf\u00e8re un aspect unique. <a href=\"https:\/\/longtopstone.com\/contact\/\">me contacter<\/a>.<\/p>\n<div id=\"ali-anchor-AliPostDhMb-qkngg\" style=\"padding-top: 8px;\" data-section=\"AliPostDhMb-qkngg\" data-section-title=\"Product Description\">\n<div id=\"ali-title-AliPostDhMb-qkngg\" style=\"padding: 8px 0; border-bottom: 1px solid #ddd;\"><span style=\"background-color: #ddd; color: #333; font-weight: bold; padding: 8px 10px; line-height: 12px;\">Description du produit<\/span><\/div>\n<div style=\"padding: 10px 0;\">\n<table class=\"aliDataTable\" style=\"color: #000000; font-family: Arial; font-size: 12px; font-style: normal; font-weight: 400; background-color: #ffffff; width: 746.066px; height: 226px; border: 1px solid #b3b3b3;\">\n<tbody>\n<tr style=\"height: 21px;\">\n<td style=\"border: 1px solid #b3b3b3; width: 162px;\"><strong><span style=\"font-family: arial, helvetica, sans-serif; font-size: 14px;\">Nom du produit :<\/span><\/strong><\/td>\n<td style=\"border: 1px solid #b3b3b3; width: 595.066px;\">Marbre blanc serpegiante chinois dolomite blanche carreaux de marbre en bois marbre bois couleur pour docation<\/td>\n<\/tr>\n<tr style=\"height: 21px;\">\n<td style=\"border: 1px solid #b3b3b3; width: 162px;\"><strong><span style=\"font-family: arial, helvetica, sans-serif; font-size: 14px;\">Mat\u00e9riau :<\/span><\/strong><\/td>\n<td style=\"border: 1px solid #b3b3b3; width: 595.066px;\"><span style=\"font-family: arial, helvetica, sans-serif;\"><span style=\"font-size: 14px;\">Calcite<\/span><\/span><\/td>\n<\/tr>\n<tr style=\"height: 21px;\">\n<td style=\"border: 1px solid #b3b3b3; width: 162px;\"><strong><span style=\"font-family: arial, helvetica, sans-serif; font-size: 14px;\">Couleur :<\/span><\/strong><\/td>\n<td style=\"border: 1px solid #b3b3b3; width: 595.066px;\"><span style=\"font-family: arial, helvetica, sans-serif; font-size: 14px;\">Blanc, beige, noir, marron, gris, rouge, vert, bleu, etc.<\/span><\/td>\n<\/tr>\n<tr style=\"height: 21px;\">\n<td style=\"border: 1px solid #b3b3b3; width: 162px;\" rowspan=\"3\"><strong><span style=\"font-family: arial, helvetica, sans-serif; font-size: 14px;\">Taille :<\/span><\/strong><\/td>\n<td style=\"border: 1px solid #b3b3b3; width: 595.066px;\"><span style=\"font-family: arial, helvetica, sans-serif; font-size: 14px;\"><span style=\"text-decoration: underline;\">Carreaux disponibles<\/span> <\/span><br \/>\n<span style=\"font-family: arial, helvetica, sans-serif; font-size: 14px;\">12\u2032 X 12\u2033,24\u2032 X 24\u2033,12\u2032 X 24\u2033,etc 300x300mm,300x600mm,400x400mm,600x600mm,600\u00d71200,800\u00d7800,etc<\/span><\/td>\n<\/tr>\n<tr style=\"height: 21px;\">\n<td style=\"border: 1px solid #b3b3b3; width: 595.066px;\"><span style=\"font-family: arial, helvetica, sans-serif; font-size: 14px;\"><span style=\"text-decoration: underline;\">Grandes dalles disponibles<\/span>\u00a0 \u00a0 \u00a0 \u00a0 \u00a0 \u00a0 \u00a0 \u00a0 \u00a0 \u00a0 \u00a0 \u00a0 \u00a0 \u00a0 \u00a0 \u00a0 \u00a0 \u00a0 \u00a0 \u00a0 \u00a0 \u00a0 \u00a0 \u00a0 \u00a0 \u00a0 \u00a0 \u00a0 \u00a0 \u00a0 \u00a0 \u00a0 \u00a0 \u00a0 \u00a0 \u00a0 \u00a0 \u00a0 \u00a0 \u00a0 \u00a0 \u00a0 \u00a0 \u00a0 \u00a0 \u00a0 \u00a0 \u00a0 \u00a0 \u00a0 \u00a0 \u00a0 \u00a0 240cmUpx120UP<\/span><\/td>\n<\/tr>\n<tr style=\"height: 21px;\">\n<td style=\"border: 1px solid #b3b3b3; width: 595.066px;\"><span style=\"font-family: arial, helvetica, sans-serif; font-size: 14px;\">Des sp\u00e9cifications personnalis\u00e9es sont disponibles<\/span><\/td>\n<\/tr>\n<tr style=\"height: 21px;\">\n<td style=\"border: 1px solid #b3b3b3; width: 162px;\"><strong><span style=\"font-family: arial, helvetica, sans-serif; font-size: 14px;\">Tol\u00e9rance d'\u00e9paisseur :<\/span><\/strong><\/td>\n<td style=\"border: 1px solid #b3b3b3; width: 595.066px;\"><span style=\"font-size: 14px; font-family: arial, helvetica, sans-serif;\">\u00b10,05mm, \u00b11mm, \u00b11,5mm, \u00b12mm, selon les exigences de qualit\u00e9 du client<\/span><\/td>\n<\/tr>\n<tr style=\"height: 21px;\">\n<td style=\"border: 1px solid #b3b3b3; width: 162px;\"><strong><span style=\"font-family: arial, helvetica, sans-serif; font-size: 14px;\">Surface :<\/span><\/strong><\/td>\n<td style=\"border: 1px solid #b3b3b3; width: 595.066px;\"><span style=\"font-size: 14px; font-family: arial, helvetica, sans-serif;\">Poli, adouci, assorti au livre, antique, rainur\u00e9, bross\u00e9, d\u00e9cap\u00e9, sabl\u00e9, jet d'eau, etc.<\/span><\/td>\n<\/tr>\n<tr style=\"height: auto;\">\n<td style=\"border: 1px solid #b3b3b3; width: 162px;\"><strong><span style=\"font-family: arial, helvetica, sans-serif; font-size: 14px;\">Emballage :<\/span><\/strong><\/td>\n<td style=\"border: 1px solid #b3b3b3; width: 595.066px;\"><span style=\"font-family: arial, helvetica, sans-serif; font-size: 14px;\"> Fardeaux et caisses en bois en \u00e9tat de navigabilit\u00e9<\/span><\/td>\n<\/tr>\n<tr style=\"height: 21px;\">\n<td style=\"border: 1px solid #b3b3b3; width: 162px;\"><strong><span style=\"font-family: arial, helvetica, sans-serif; font-size: 14px;\">Application :<\/span><\/strong><\/td>\n<td style=\"border: 1px solid #b3b3b3; width: 595.066px;\"><span style=\"font-family: arial, helvetica, sans-serif; font-size: 14px;\">Mur int\u00e9rieur, sol, plinthe, mur de fond, comptoir, escalier, etc.<\/span><\/td>\n<\/tr>\n<tr style=\"height: 21px;\">\n<td style=\"border: 1px solid #b3b3b3; width: 162px;\"><strong><span style=\"font-family: arial, helvetica, sans-serif; font-size: 14px;\">D\u00e9lai de livraison :<\/span><\/strong><\/td>\n<td style=\"border: 1px solid #b3b3b3; width: 595.066px;\"><span style=\"font-family: arial, helvetica, sans-serif; font-size: 14px;\"> 15-20 jours pour les tailles normales<\/span><\/td>\n<\/tr>\n<tr style=\"height: 21px;\">\n<td style=\"border: 1px solid #b3b3b3; width: 162px;\"><strong><span style=\"font-family: arial, helvetica, sans-serif; font-size: 14px;\">Certificat :<\/span><\/strong><\/td>\n<td style=\"border: 1px solid #b3b3b3; width: 595.066px;\"><span style=\"font-family: arial, helvetica, sans-serif; font-size: 14px;\">CE, SGS<\/span><\/td>\n<\/tr>\n<tr style=\"height: 21px;\">\n<td style=\"border: 1px solid #b3b3b3; width: 162px;\"><strong><span style=\"font-family: arial, helvetica, sans-serif; font-size: 14px;\">Conditions de paiement :<\/span><\/strong><\/td>\n<td style=\"border: 1px solid #b3b3b3; width: 595.066px;\"><span style=\"font-family: arial, helvetica, sans-serif; font-size: 14px;\">T\/T, L\/C, D\/P<\/span><\/td>\n<\/tr>\n<tr style=\"height: 42px;\">\n<td style=\"border: 1px solid #b3b3b3; width: 162px;\"><strong><span style=\"font-family: arial, helvetica, sans-serif; font-size: 14px;\">Avantage :<\/span><\/strong><\/td>\n<td style=\"border: 1px solid #b3b3b3; width: 595.066px;\"><span style=\"font-family: arial, helvetica, sans-serif; font-size: 14px;\">1) Service unique pour la pierre ;<\/span><\/p>\n<p><span style=\"font-family: arial, helvetica, sans-serif; font-size: 14px;\">2) Poss\u00e9der 3 carri\u00e8res et 9 usines ;<\/span><\/p>\n<p><span style=\"font-family: arial, helvetica, sans-serif; font-size: 14px;\">3) Des supports technologiques de pointe.<\/span><\/td>\n<\/tr>\n<tr style=\"height: 42px;\">\n<td style=\"border: 1px solid #b3b3b3; width: 162px;\"><strong><span style=\"font-family: arial, helvetica, sans-serif; font-size: 14px;\">Assurance de la qualit\u00e9 et de la livraison :\u00a0<\/span><\/strong><\/td>\n<td style=\"border: 1px solid #b3b3b3; width: 595.066px;\"><span style=\"font-family: arial, helvetica, sans-serif; font-size: 14px;\">Tout au long du processus de production, du choix des mat\u00e9riaux \u00e0 l'emballage en passant par la fabrication, notre service de contr\u00f4le de la qualit\u00e9 contr\u00f4le rigoureusement chaque pi\u00e8ce et chaque processus afin de garantir le respect des normes de qualit\u00e9 et le respect des d\u00e9lais de livraison.<\/span><\/td>\n<\/tr>\n<\/tbody>\n<\/table>\n<\/div>\n<div style=\"padding: 10px 0;\"><img loading=\"lazy\" decoding=\"async\" class=\"alignnone size-full wp-image-26348\" src=\"http:\/\/stone-phoenix.com\/wp-content\/uploads\/2023\/12\/Serpegiante-White-Wooden-Marble-Slab-White-Dolomite-Tile-7.jpg\" alt=\"\" width=\"1116\" height=\"823\" srcset=\"https:\/\/stone-phoenix.com\/wp-content\/uploads\/2023\/12\/Serpegiante-White-Wooden-Marble-Slab-White-Dolomite-Tile-7.jpg 1116w, https:\/\/stone-phoenix.com\/wp-content\/uploads\/2023\/12\/Serpegiante-White-Wooden-Marble-Slab-White-Dolomite-Tile-7-300x221.jpg 300w, https:\/\/stone-phoenix.com\/wp-content\/uploads\/2023\/12\/Serpegiante-White-Wooden-Marble-Slab-White-Dolomite-Tile-7-1024x755.jpg 1024w, https:\/\/stone-phoenix.com\/wp-content\/uploads\/2023\/12\/Serpegiante-White-Wooden-Marble-Slab-White-Dolomite-Tile-7-768x566.jpg 768w, https:\/\/stone-phoenix.com\/wp-content\/uploads\/2023\/12\/Serpegiante-White-Wooden-Marble-Slab-White-Dolomite-Tile-7-16x12.jpg 16w, https:\/\/stone-phoenix.com\/wp-content\/uploads\/2023\/12\/Serpegiante-White-Wooden-Marble-Slab-White-Dolomite-Tile-7-600x442.jpg 600w, https:\/\/stone-phoenix.com\/wp-content\/uploads\/2023\/12\/Serpegiante-White-Wooden-Marble-Slab-White-Dolomite-Tile-7-150x111.jpg 150w\" sizes=\"(max-width: 1116px) 100vw, 1116px\" \/><br \/>\n<img loading=\"lazy\" decoding=\"async\" class=\"alignnone  wp-image-21320\" src=\"http:\/\/stone-phoenix.com\/wp-content\/uploads\/2023\/12\/1703883736.jpg\" width=\"954\" height=\"954\" srcset=\"https:\/\/stone-phoenix.com\/wp-content\/uploads\/2023\/12\/1703883736.jpg 750w, https:\/\/stone-phoenix.com\/wp-content\/uploads\/2023\/12\/1703883736-300x300.jpg 300w, https:\/\/stone-phoenix.com\/wp-content\/uploads\/2023\/12\/1703883736-150x150.jpg 150w, https:\/\/stone-phoenix.com\/wp-content\/uploads\/2023\/12\/1703883736-12x12.jpg 12w, https:\/\/stone-phoenix.com\/wp-content\/uploads\/2023\/12\/1703883736-600x600.jpg 600w\" sizes=\"(max-width: 954px) 100vw, 954px\" \/><\/p>\n<p><img loading=\"lazy\" decoding=\"async\" class=\"alignnone size-full wp-image-26349\" src=\"http:\/\/stone-phoenix.com\/wp-content\/uploads\/2023\/12\/Serpegiante-White-Wooden-Marble-Slab-White-Dolomite-Tile-8.jpg\" alt=\"\" width=\"1105\" height=\"813\" srcset=\"https:\/\/stone-phoenix.com\/wp-content\/uploads\/2023\/12\/Serpegiante-White-Wooden-Marble-Slab-White-Dolomite-Tile-8.jpg 1105w, https:\/\/stone-phoenix.com\/wp-content\/uploads\/2023\/12\/Serpegiante-White-Wooden-Marble-Slab-White-Dolomite-Tile-8-300x221.jpg 300w, https:\/\/stone-phoenix.com\/wp-content\/uploads\/2023\/12\/Serpegiante-White-Wooden-Marble-Slab-White-Dolomite-Tile-8-1024x753.jpg 1024w, https:\/\/stone-phoenix.com\/wp-content\/uploads\/2023\/12\/Serpegiante-White-Wooden-Marble-Slab-White-Dolomite-Tile-8-768x565.jpg 768w, https:\/\/stone-phoenix.com\/wp-content\/uploads\/2023\/12\/Serpegiante-White-Wooden-Marble-Slab-White-Dolomite-Tile-8-16x12.jpg 16w, https:\/\/stone-phoenix.com\/wp-content\/uploads\/2023\/12\/Serpegiante-White-Wooden-Marble-Slab-White-Dolomite-Tile-8-600x441.jpg 600w, https:\/\/stone-phoenix.com\/wp-content\/uploads\/2023\/12\/Serpegiante-White-Wooden-Marble-Slab-White-Dolomite-Tile-8-150x110.jpg 150w\" sizes=\"(max-width: 1105px) 100vw, 1105px\" \/><img loading=\"lazy\" decoding=\"async\" class=\"alignnone size-full wp-image-26350\" src=\"http:\/\/stone-phoenix.com\/wp-content\/uploads\/2023\/12\/Serpegiante-White-Wooden-Marble-Slab-White-Dolomite-Tile-9.jpg\" alt=\"\" width=\"1110\" height=\"826\" srcset=\"https:\/\/stone-phoenix.com\/wp-content\/uploads\/2023\/12\/Serpegiante-White-Wooden-Marble-Slab-White-Dolomite-Tile-9.jpg 1110w, https:\/\/stone-phoenix.com\/wp-content\/uploads\/2023\/12\/Serpegiante-White-Wooden-Marble-Slab-White-Dolomite-Tile-9-300x223.jpg 300w, https:\/\/stone-phoenix.com\/wp-content\/uploads\/2023\/12\/Serpegiante-White-Wooden-Marble-Slab-White-Dolomite-Tile-9-1024x762.jpg 1024w, https:\/\/stone-phoenix.com\/wp-content\/uploads\/2023\/12\/Serpegiante-White-Wooden-Marble-Slab-White-Dolomite-Tile-9-768x572.jpg 768w, https:\/\/stone-phoenix.com\/wp-content\/uploads\/2023\/12\/Serpegiante-White-Wooden-Marble-Slab-White-Dolomite-Tile-9-16x12.jpg 16w, https:\/\/stone-phoenix.com\/wp-content\/uploads\/2023\/12\/Serpegiante-White-Wooden-Marble-Slab-White-Dolomite-Tile-9-600x446.jpg 600w, https:\/\/stone-phoenix.com\/wp-content\/uploads\/2023\/12\/Serpegiante-White-Wooden-Marble-Slab-White-Dolomite-Tile-9-150x112.jpg 150w\" sizes=\"(max-width: 1110px) 100vw, 1110px\" \/><\/div>\n<\/div>\n<\/div>","protected":false},"excerpt":{"rendered":"<p>Chinese serpegiante white marble white dolomite wooden marble tile marble wood color for docation Serpegiante white marble is a natural<\/p>","protected":false},"featured_media":26351,"template":"","meta":[],"product_cat":[113],"product_tag":[],"_links":{"self":[{"href":"https:\/\/stone-phoenix.com\/fr\/wp-json\/wp\/v2\/product\/21317"}],"collection":[{"href":"https:\/\/stone-phoenix.com\/fr\/wp-json\/wp\/v2\/product"}],"about":[{"href":"https:\/\/stone-phoenix.com\/fr\/wp-json\/wp\/v2\/types\/product"}],"wp:featuredmedia":[{"embeddable":true,"href":"https:\/\/stone-phoenix.com\/fr\/wp-json\/wp\/v2\/media\/26351"}],"wp:attachment":[{"href":"https:\/\/stone-phoenix.com\/fr\/wp-json\/wp\/v2\/media?parent=21317"}],"wp:term":[{"taxonomy":"product_cat","embeddable":true,"href":"https:\/\/stone-phoenix.com\/fr\/wp-json\/wp\/v2\/product_cat?post=21317"},{"taxonomy":"product_tag","embeddable":true,"href":"https:\/\/stone-phoenix.com\/fr\/wp-json\/wp\/v2\/product_tag?post=21317"}],"curies":[{"name":"wp","href":"https:\/\/api.w.org\/{rel}","templated":true}]}}