{"id":21329,"date":"2023-12-29T21:03:06","date_gmt":"2023-12-29T13:03:06","guid":{"rendered":"http:\/\/stone-phoenix.com\/product\/calacata-marble-slabs-calacatta-white-marble-slab-price"},"modified":"2024-03-26T16:55:58","modified_gmt":"2024-03-26T08:55:58","slug":"calacata-marble-slabs-calacatta-white-marble-slab-price","status":"publish","type":"product","link":"https:\/\/stone-phoenix.com\/fr\/produit\/calacata-marble-slabs-calacatta-white-marble-slab-price","title":{"rendered":"Dalles de marbre Calacata Prix des dalles de marbre blanc Calacatta"},"content":{"rendered":"<div id=\"tab-description\" class=\"woocommerce-Tabs-panel woocommerce-Tabs-panel--description panel entry-content wc-tab\" role=\"tabpanel\" aria-labelledby=\"tab-title-description\">\n<h2 style=\"text-align: center;\">Dalles de marbre Calacata Prix des dalles de marbre blanc Calacatta<\/h2>\n<p>Les dalles de marbre Calacata sont une pierre marbri\u00e8re italienne brune, \u00e9l\u00e9gante et polyvalente, utilis\u00e9e pour les dosserets de cuisine, les sols de salle de bains, les tables, les comptoirs et les murs. Les dalles de marbre Calacata sont dot\u00e9es d'une texture blanche qui leur conf\u00e8re un aspect unique, avec une texture similaire \u00e0 celle du marron fonc\u00e9 et du noir. Cela en fait le mat\u00e9riau id\u00e9al pour les sols, les comptoirs, les \u00eelots de cuisine, les meubles-lavabos, les accoudoirs et bien d'autres choses encore.<\/p>\n<p>Il s'agit du nom d'un marbre contenant des stries chocolat ou taupe sur un fond gris clair \u00e0 moyen. Ce motif textur\u00e9 unique peut \u00eatre vu dans une vari\u00e9t\u00e9 de nuances, y compris le jaune et le brun, ce qui en fait un choix populaire pour les cuisines et les salles de bains parce qu'il est facile \u00e0 nettoyer. Les dalles de marbre Calacata sont des marbres fins aux tons l\u00e9g\u00e8rement beiges et aux textures blanches.<\/p>\n<p>C'est le marbre commercial le plus recherch\u00e9 au monde. Il est disponible dans une vari\u00e9t\u00e9 de tailles pour r\u00e9pondre \u00e0 vos besoins. C'est le marbre le plus populaire et le plus connu, que l'on trouve presque partout dans le monde, et sa texture unique lui conf\u00e8re un aspect unique. Il pr\u00e9sente de nombreuses et belles veines qui se d\u00e9tachent sur son fond blanc. Les deux types sont des styles populaires utilis\u00e9s sur les plans de travail des cuisines, autour des chemin\u00e9es et dans les salles de bains.<\/p>\n<div id=\"ali-anchor-AliPostDhMb-qkngg\" class=\"mceSectionContainer\" style=\"padding-top: 8px;\" data-section=\"AliPostDhMb-qkngg\" data-section-title=\"Product Description\">\n<div id=\"ali-title-AliPostDhMb-qkngg\" style=\"padding: 8px 0; border-bottom: 1px solid #ddd;\"><span style=\"background-color: #ddd; color: #333; font-weight: bold; padding: 8px 10px; line-height: 12px;\">Description du produit<\/span><\/div>\n<div style=\"padding: 10px 0;\">\n<table class=\"aliDataTable\" style=\"color: #000000; font-family: Arial; font-size: 12px; font-style: normal; font-weight: 400; background-color: #ffffff; width: 746.066px; height: 226px; border: 1px solid #b3b3b3;\">\n<tbody>\n<tr style=\"height: 21px;\">\n<td style=\"border: 1px solid #b3b3b3; width: 162px;\"><strong><span style=\"font-family: arial, helvetica, sans-serif; font-size: 14px;\">Nom du produit :<\/span><\/strong><\/td>\n<td style=\"border: 1px solid #b3b3b3; width: 595.066px;\">Dalles de marbre Calacata prix des dalles de marbre blanc Calacatta<\/td>\n<\/tr>\n<tr style=\"height: 21px;\">\n<td style=\"border: 1px solid #b3b3b3; width: 162px;\"><strong><span style=\"font-family: arial, helvetica, sans-serif; font-size: 14px;\">Mat\u00e9riau :<\/span><\/strong><\/td>\n<td style=\"border: 1px solid #b3b3b3; width: 595.066px;\"><span style=\"font-family: arial, helvetica, sans-serif;\"><span style=\"font-size: 14px;\">Calcite<\/span><\/span><\/td>\n<\/tr>\n<tr style=\"height: 21px;\">\n<td style=\"border: 1px solid #b3b3b3; width: 162px;\"><strong><span style=\"font-family: arial, helvetica, sans-serif; font-size: 14px;\">Couleur :<\/span><\/strong><\/td>\n<td style=\"border: 1px solid #b3b3b3; width: 595.066px;\"><span style=\"font-family: arial, helvetica, sans-serif; font-size: 14px;\">Blanc, beige, noir, marron, gris, rouge, vert, bleu, etc.<\/span><\/td>\n<\/tr>\n<tr style=\"height: 21px;\">\n<td style=\"border: 1px solid #b3b3b3; width: 162px;\" rowspan=\"3\"><strong><span style=\"font-family: arial, helvetica, sans-serif; font-size: 14px;\">Taille :<\/span><\/strong><\/td>\n<td style=\"border: 1px solid #b3b3b3; width: 595.066px;\"><span style=\"font-family: arial, helvetica, sans-serif; font-size: 14px;\"><span style=\"text-decoration: underline;\">Carreaux disponibles<\/span> <\/span><br \/>\n<span style=\"font-family: arial, helvetica, sans-serif; font-size: 14px;\">12\u2032 X 12\u2033,24\u2032 X 24\u2033,12\u2032 X 24\u2033,etc 300x300mm,300x600mm,400x400mm,600x600mm,600\u00d71200,800\u00d7800,etc<\/span><\/td>\n<\/tr>\n<tr style=\"height: 21px;\">\n<td style=\"border: 1px solid #b3b3b3; width: 595.066px;\"><span style=\"font-family: arial, helvetica, sans-serif; font-size: 14px;\"><span style=\"text-decoration: underline;\">Grandes dalles disponibles<\/span>\u00a0 \u00a0 \u00a0 \u00a0 \u00a0 \u00a0 \u00a0 \u00a0 \u00a0 \u00a0 \u00a0 \u00a0 \u00a0 \u00a0 \u00a0 \u00a0 \u00a0 \u00a0 \u00a0 \u00a0 \u00a0 \u00a0 \u00a0 \u00a0 \u00a0 \u00a0 \u00a0 \u00a0 \u00a0 \u00a0 \u00a0 \u00a0 \u00a0 \u00a0 \u00a0 \u00a0 \u00a0 \u00a0 \u00a0 \u00a0 \u00a0 \u00a0 \u00a0 \u00a0 \u00a0 \u00a0 \u00a0 \u00a0 \u00a0 \u00a0 \u00a0 \u00a0 \u00a0 240cmUpx120UP<\/span><\/td>\n<\/tr>\n<tr style=\"height: 21px;\">\n<td style=\"border: 1px solid #b3b3b3; width: 595.066px;\"><span style=\"font-family: arial, helvetica, sans-serif; font-size: 14px;\">Des sp\u00e9cifications personnalis\u00e9es sont disponibles<\/span><\/td>\n<\/tr>\n<tr style=\"height: 21px;\">\n<td style=\"border: 1px solid #b3b3b3; width: 162px;\"><strong><span style=\"font-family: arial, helvetica, sans-serif; font-size: 14px;\">Tol\u00e9rance d'\u00e9paisseur :<\/span><\/strong><\/td>\n<td style=\"border: 1px solid #b3b3b3; width: 595.066px;\"><span style=\"font-size: 14px; font-family: arial, helvetica, sans-serif;\">\u00b10,05mm, \u00b11mm, \u00b11,5mm, \u00b12mm, selon les exigences de qualit\u00e9 du client<\/span><\/td>\n<\/tr>\n<tr style=\"height: 21px;\">\n<td style=\"border: 1px solid #b3b3b3; width: 162px;\"><strong><span style=\"font-family: arial, helvetica, sans-serif; font-size: 14px;\">Surface :<\/span><\/strong><\/td>\n<td style=\"border: 1px solid #b3b3b3; width: 595.066px;\"><span style=\"font-size: 14px; font-family: arial, helvetica, sans-serif;\">Poli, adouci, assorti au livre, antique, rainur\u00e9, bross\u00e9, d\u00e9cap\u00e9, sabl\u00e9, jet d'eau, etc.<\/span><\/td>\n<\/tr>\n<tr style=\"height: auto;\">\n<td style=\"border: 1px solid #b3b3b3; width: 162px;\"><strong><span style=\"font-family: arial, helvetica, sans-serif; font-size: 14px;\">Emballage :<\/span><\/strong><\/td>\n<td style=\"border: 1px solid #b3b3b3; width: 595.066px;\"><span style=\"font-family: arial, helvetica, sans-serif; font-size: 14px;\"> Fardeaux et caisses en bois en \u00e9tat de navigabilit\u00e9<\/span><\/td>\n<\/tr>\n<tr style=\"height: 21px;\">\n<td style=\"border: 1px solid #b3b3b3; width: 162px;\"><strong><span style=\"font-family: arial, helvetica, sans-serif; font-size: 14px;\">Application :<\/span><\/strong><\/td>\n<td style=\"border: 1px solid #b3b3b3; width: 595.066px;\"><span style=\"font-family: arial, helvetica, sans-serif; font-size: 14px;\">Mur int\u00e9rieur, sol, plinthe, mur de fond, comptoir, escalier, etc.<\/span><\/td>\n<\/tr>\n<tr style=\"height: 21px;\">\n<td style=\"border: 1px solid #b3b3b3; width: 162px;\"><strong><span style=\"font-family: arial, helvetica, sans-serif; font-size: 14px;\">D\u00e9lai de livraison :<\/span><\/strong><\/td>\n<td style=\"border: 1px solid #b3b3b3; width: 595.066px;\"><span style=\"font-family: arial, helvetica, sans-serif; font-size: 14px;\"> 15-20 jours pour les tailles normales<\/span><\/td>\n<\/tr>\n<tr style=\"height: 21px;\">\n<td style=\"border: 1px solid #b3b3b3; width: 162px;\"><strong><span style=\"font-family: arial, helvetica, sans-serif; font-size: 14px;\">Certificat :<\/span><\/strong><\/td>\n<td style=\"border: 1px solid #b3b3b3; width: 595.066px;\"><span style=\"font-family: arial, helvetica, sans-serif; font-size: 14px;\">CE, SGS<\/span><\/td>\n<\/tr>\n<tr style=\"height: 21px;\">\n<td style=\"border: 1px solid #b3b3b3; width: 162px;\"><strong><span style=\"font-family: arial, helvetica, sans-serif; font-size: 14px;\">Conditions de paiement :<\/span><\/strong><\/td>\n<td style=\"border: 1px solid #b3b3b3; width: 595.066px;\"><span style=\"font-family: arial, helvetica, sans-serif; font-size: 14px;\">T\/T, L\/C, D\/P<\/span><\/td>\n<\/tr>\n<tr style=\"height: 42px;\">\n<td style=\"border: 1px solid #b3b3b3; width: 162px;\"><strong><span style=\"font-family: arial, helvetica, sans-serif; font-size: 14px;\">Avantage :<\/span><\/strong><\/td>\n<td style=\"border: 1px solid #b3b3b3; width: 595.066px;\"><span style=\"font-family: arial, helvetica, sans-serif; font-size: 14px;\">1) Service unique pour la pierre ;<\/span><\/p>\n<p><span style=\"font-family: arial, helvetica, sans-serif; font-size: 14px;\">2) Poss\u00e9der 3 carri\u00e8res et 9 usines ;<\/span><\/p>\n<p><span style=\"font-family: arial, helvetica, sans-serif; font-size: 14px;\">3) Des supports technologiques de pointe.<\/span><\/td>\n<\/tr>\n<tr style=\"height: 42px;\">\n<td style=\"border: 1px solid #b3b3b3; width: 162px;\"><strong><span style=\"font-family: arial, helvetica, sans-serif; font-size: 14px;\">Assurance de la qualit\u00e9 et de la livraison :\u00a0<\/span><\/strong><\/td>\n<td style=\"border: 1px solid #b3b3b3; width: 595.066px;\"><span style=\"font-family: arial, helvetica, sans-serif; font-size: 14px;\">Tout au long du processus de production, du choix des mat\u00e9riaux \u00e0 l'emballage en passant par la fabrication, notre service de contr\u00f4le de la qualit\u00e9 contr\u00f4le rigoureusement chaque pi\u00e8ce et chaque processus afin de garantir le respect des normes de qualit\u00e9 et le respect des d\u00e9lais de livraison.<\/span><\/td>\n<\/tr>\n<\/tbody>\n<\/table>\n<\/div>\n<div style=\"padding: 10px 0;\"><\/div>\n<\/div>\n<div id=\"ali-anchor-AliPostDhMb-hwase\" class=\"mceSectionContainer\" style=\"padding-top: 8px;\" data-section=\"AliPostDhMb-hwase\" data-section-title=\"Related Products\">\n<div id=\"ali-title-AliPostDhMb-hwase\" style=\"padding: 8px 0; border-bottom: 1px solid #ddd;\"><span style=\"background-color: #ddd; color: #333; font-weight: bold; padding: 8px 10px; line-height: 12px;\">Produits apparent\u00e9s<\/span><\/div>\n<div style=\"padding: 10px 0;\">\n<p><img loading=\"lazy\" decoding=\"async\" class=\"alignnone size-full wp-image-26335\" src=\"http:\/\/stone-phoenix.com\/wp-content\/uploads\/2023\/12\/Calacata-marble-slabs-Calacatta-white-marble-slab-price-6.jpg\" alt=\"\" width=\"1117\" height=\"750\" srcset=\"https:\/\/stone-phoenix.com\/wp-content\/uploads\/2023\/12\/Calacata-marble-slabs-Calacatta-white-marble-slab-price-6.jpg 1117w, https:\/\/stone-phoenix.com\/wp-content\/uploads\/2023\/12\/Calacata-marble-slabs-Calacatta-white-marble-slab-price-6-300x201.jpg 300w, https:\/\/stone-phoenix.com\/wp-content\/uploads\/2023\/12\/Calacata-marble-slabs-Calacatta-white-marble-slab-price-6-1024x688.jpg 1024w, https:\/\/stone-phoenix.com\/wp-content\/uploads\/2023\/12\/Calacata-marble-slabs-Calacatta-white-marble-slab-price-6-768x516.jpg 768w, https:\/\/stone-phoenix.com\/wp-content\/uploads\/2023\/12\/Calacata-marble-slabs-Calacatta-white-marble-slab-price-6-18x12.jpg 18w, https:\/\/stone-phoenix.com\/wp-content\/uploads\/2023\/12\/Calacata-marble-slabs-Calacatta-white-marble-slab-price-6-600x403.jpg 600w, https:\/\/stone-phoenix.com\/wp-content\/uploads\/2023\/12\/Calacata-marble-slabs-Calacatta-white-marble-slab-price-6-150x101.jpg 150w\" sizes=\"(max-width: 1117px) 100vw, 1117px\" \/><img loading=\"lazy\" decoding=\"async\" class=\"alignnone size-full wp-image-26336\" src=\"http:\/\/stone-phoenix.com\/wp-content\/uploads\/2023\/12\/Calacata-marble-slabs-Calacatta-white-marble-slab-price-7.jpg\" alt=\"\" width=\"1098\" height=\"840\" srcset=\"https:\/\/stone-phoenix.com\/wp-content\/uploads\/2023\/12\/Calacata-marble-slabs-Calacatta-white-marble-slab-price-7.jpg 1098w, https:\/\/stone-phoenix.com\/wp-content\/uploads\/2023\/12\/Calacata-marble-slabs-Calacatta-white-marble-slab-price-7-300x230.jpg 300w, https:\/\/stone-phoenix.com\/wp-content\/uploads\/2023\/12\/Calacata-marble-slabs-Calacatta-white-marble-slab-price-7-1024x783.jpg 1024w, https:\/\/stone-phoenix.com\/wp-content\/uploads\/2023\/12\/Calacata-marble-slabs-Calacatta-white-marble-slab-price-7-768x588.jpg 768w, https:\/\/stone-phoenix.com\/wp-content\/uploads\/2023\/12\/Calacata-marble-slabs-Calacatta-white-marble-slab-price-7-16x12.jpg 16w, https:\/\/stone-phoenix.com\/wp-content\/uploads\/2023\/12\/Calacata-marble-slabs-Calacatta-white-marble-slab-price-7-600x459.jpg 600w, https:\/\/stone-phoenix.com\/wp-content\/uploads\/2023\/12\/Calacata-marble-slabs-Calacatta-white-marble-slab-price-7-150x115.jpg 150w\" sizes=\"(max-width: 1098px) 100vw, 1098px\" \/><img loading=\"lazy\" decoding=\"async\" class=\"alignnone size-full wp-image-26337\" src=\"http:\/\/stone-phoenix.com\/wp-content\/uploads\/2023\/12\/Calacata-marble-slabs-Calacatta-white-marble-slab-price-8.jpg\" alt=\"\" width=\"1108\" height=\"736\" srcset=\"https:\/\/stone-phoenix.com\/wp-content\/uploads\/2023\/12\/Calacata-marble-slabs-Calacatta-white-marble-slab-price-8.jpg 1108w, https:\/\/stone-phoenix.com\/wp-content\/uploads\/2023\/12\/Calacata-marble-slabs-Calacatta-white-marble-slab-price-8-300x199.jpg 300w, https:\/\/stone-phoenix.com\/wp-content\/uploads\/2023\/12\/Calacata-marble-slabs-Calacatta-white-marble-slab-price-8-1024x680.jpg 1024w, https:\/\/stone-phoenix.com\/wp-content\/uploads\/2023\/12\/Calacata-marble-slabs-Calacatta-white-marble-slab-price-8-768x510.jpg 768w, https:\/\/stone-phoenix.com\/wp-content\/uploads\/2023\/12\/Calacata-marble-slabs-Calacatta-white-marble-slab-price-8-18x12.jpg 18w, https:\/\/stone-phoenix.com\/wp-content\/uploads\/2023\/12\/Calacata-marble-slabs-Calacatta-white-marble-slab-price-8-600x399.jpg 600w, https:\/\/stone-phoenix.com\/wp-content\/uploads\/2023\/12\/Calacata-marble-slabs-Calacatta-white-marble-slab-price-8-150x100.jpg 150w\" sizes=\"(max-width: 1108px) 100vw, 1108px\" \/><img loading=\"lazy\" decoding=\"async\" class=\"alignnone size-full wp-image-26338\" src=\"http:\/\/stone-phoenix.com\/wp-content\/uploads\/2023\/12\/Calacata-marble-slabs-Calacatta-white-marble-slab-price-9.jpg\" alt=\"\" width=\"1122\" height=\"931\" srcset=\"https:\/\/stone-phoenix.com\/wp-content\/uploads\/2023\/12\/Calacata-marble-slabs-Calacatta-white-marble-slab-price-9.jpg 1122w, https:\/\/stone-phoenix.com\/wp-content\/uploads\/2023\/12\/Calacata-marble-slabs-Calacatta-white-marble-slab-price-9-300x249.jpg 300w, https:\/\/stone-phoenix.com\/wp-content\/uploads\/2023\/12\/Calacata-marble-slabs-Calacatta-white-marble-slab-price-9-1024x850.jpg 1024w, https:\/\/stone-phoenix.com\/wp-content\/uploads\/2023\/12\/Calacata-marble-slabs-Calacatta-white-marble-slab-price-9-768x637.jpg 768w, https:\/\/stone-phoenix.com\/wp-content\/uploads\/2023\/12\/Calacata-marble-slabs-Calacatta-white-marble-slab-price-9-14x12.jpg 14w, https:\/\/stone-phoenix.com\/wp-content\/uploads\/2023\/12\/Calacata-marble-slabs-Calacatta-white-marble-slab-price-9-600x498.jpg 600w, https:\/\/stone-phoenix.com\/wp-content\/uploads\/2023\/12\/Calacata-marble-slabs-Calacatta-white-marble-slab-price-9-150x124.jpg 150w\" sizes=\"(max-width: 1122px) 100vw, 1122px\" \/><img loading=\"lazy\" decoding=\"async\" class=\"alignnone size-full wp-image-26339\" src=\"http:\/\/stone-phoenix.com\/wp-content\/uploads\/2023\/12\/Calacata-marble-slabs-Calacatta-white-marble-slab-price-10.jpg\" alt=\"\" width=\"1125\" height=\"814\" srcset=\"https:\/\/stone-phoenix.com\/wp-content\/uploads\/2023\/12\/Calacata-marble-slabs-Calacatta-white-marble-slab-price-10.jpg 1125w, https:\/\/stone-phoenix.com\/wp-content\/uploads\/2023\/12\/Calacata-marble-slabs-Calacatta-white-marble-slab-price-10-300x217.jpg 300w, https:\/\/stone-phoenix.com\/wp-content\/uploads\/2023\/12\/Calacata-marble-slabs-Calacatta-white-marble-slab-price-10-1024x741.jpg 1024w, https:\/\/stone-phoenix.com\/wp-content\/uploads\/2023\/12\/Calacata-marble-slabs-Calacatta-white-marble-slab-price-10-768x556.jpg 768w, https:\/\/stone-phoenix.com\/wp-content\/uploads\/2023\/12\/Calacata-marble-slabs-Calacatta-white-marble-slab-price-10-18x12.jpg 18w, https:\/\/stone-phoenix.com\/wp-content\/uploads\/2023\/12\/Calacata-marble-slabs-Calacatta-white-marble-slab-price-10-600x434.jpg 600w, https:\/\/stone-phoenix.com\/wp-content\/uploads\/2023\/12\/Calacata-marble-slabs-Calacatta-white-marble-slab-price-10-150x109.jpg 150w\" sizes=\"(max-width: 1125px) 100vw, 1125px\" \/><\/div>\n<\/div>\n<\/div>","protected":false},"excerpt":{"rendered":"<p>Calacata marble slabs Calacatta white marble slab price Calacata marble slabs are an elegant and versatile Italian marble brown stone<\/p>","protected":false},"featured_media":26329,"template":"","meta":[],"product_cat":[113],"product_tag":[],"_links":{"self":[{"href":"https:\/\/stone-phoenix.com\/fr\/wp-json\/wp\/v2\/product\/21329"}],"collection":[{"href":"https:\/\/stone-phoenix.com\/fr\/wp-json\/wp\/v2\/product"}],"about":[{"href":"https:\/\/stone-phoenix.com\/fr\/wp-json\/wp\/v2\/types\/product"}],"wp:featuredmedia":[{"embeddable":true,"href":"https:\/\/stone-phoenix.com\/fr\/wp-json\/wp\/v2\/media\/26329"}],"wp:attachment":[{"href":"https:\/\/stone-phoenix.com\/fr\/wp-json\/wp\/v2\/media?parent=21329"}],"wp:term":[{"taxonomy":"product_cat","embeddable":true,"href":"https:\/\/stone-phoenix.com\/fr\/wp-json\/wp\/v2\/product_cat?post=21329"},{"taxonomy":"product_tag","embeddable":true,"href":"https:\/\/stone-phoenix.com\/fr\/wp-json\/wp\/v2\/product_tag?post=21329"}],"curies":[{"name":"wp","href":"https:\/\/api.w.org\/{rel}","templated":true}]}}