{"id":21337,"date":"2023-12-29T21:03:35","date_gmt":"2023-12-29T13:03:35","guid":{"rendered":"http:\/\/stone-phoenix.com\/product\/panda-white-marble-flooring-tiles"},"modified":"2024-03-26T16:45:35","modified_gmt":"2024-03-26T08:45:35","slug":"panda-white-marble-flooring-tiles","status":"publish","type":"product","link":"https:\/\/stone-phoenix.com\/fr\/produit\/panda-white-marble-flooring-tiles","title":{"rendered":"Carreaux de sol en marbre blanc Panda"},"content":{"rendered":"<div id=\"tab-description\" class=\"woocommerce-Tabs-panel woocommerce-Tabs-panel--description panel entry-content wc-tab\" role=\"tabpanel\" aria-labelledby=\"tab-title-description\">\n<h2><span style=\"font-size: 18pt;\">Carreaux de sol en marbre Panda White Marble<\/span><\/h2>\n<p>Les dalles de marbre sont un choix de rev\u00eatement de sol opulent et raffin\u00e9 qui se distingue par sa beaut\u00e9 naturelle, sa durabilit\u00e9 et son adaptabilit\u00e9. Elles sont fabriqu\u00e9es \u00e0 partir de pierres de marbre authentiques provenant de diverses carri\u00e8res \u00e0 travers le monde, et leur caract\u00e8re unique r\u00e9side dans leurs veines distinctes et leurs variations de couleur. Chaque carreau est d\u00e9coup\u00e9 dans une plaque de marbre plus grande, cr\u00e9ant ainsi un motif et une esth\u00e9tique uniques. En outre, le marbre est une pierre naturelle dense et robuste qui peut r\u00e9sister \u00e0 un trafic pi\u00e9tonnier intense et \u00e0 des temp\u00e9ratures \u00e9lev\u00e9es, ce qui en fait un mat\u00e9riau id\u00e9al pour les zones tr\u00e8s fr\u00e9quent\u00e9es telles que les cuisines.<\/p>\n<p>Du point de vue du design, les carreaux de sol en marbre sont exceptionnellement polyvalents et peuvent \u00eatre utilis\u00e9s dans un large \u00e9ventail de contextes. Ils conviennent particuli\u00e8rement aux styles de conception traditionnels et classiques, o\u00f9 leur allure intemporelle peut \u00e9voquer un sentiment de luxe et de raffinement. Gr\u00e2ce \u00e0 leur beaut\u00e9, leur durabilit\u00e9 et leur polyvalence in\u00e9gal\u00e9es, les carreaux de sol en marbre constituent une option de rev\u00eatement de sol de qualit\u00e9 sup\u00e9rieure qui peut ajouter une touche de sophistication et d'\u00e9l\u00e9gance \u00e0 n'importe quel espace.<\/p>\n<table style=\"height: 383px;\" width=\"1361\">\n<tbody>\n<tr>\n<td width=\"121\">Mat\u00e9riau<\/td>\n<td width=\"125\">Couleur primaire<\/td>\n<td width=\"193\">Produit<\/td>\n<td width=\"231\">Taille (cm)<\/td>\n<td width=\"156\">Finition<\/td>\n<td width=\"72\">Densit\u00e9<br \/>\n(g\/cm3)<\/td>\n<td width=\"116\">Absorption de l'eau<br \/>\n(%)<\/td>\n<\/tr>\n<tr>\n<td>Marbre blanc Panda<\/td>\n<td>Blanc<\/td>\n<td width=\"193\">Dalle<br \/>\nCarrelage<br \/>\nEscalier<br \/>\nColonne<br \/>\nPilier<br \/>\nAppui de fen\u00eatre<br \/>\nComptoir<br \/>\nEtc<\/td>\n<td width=\"231\">240up x120up x2\/3<br \/>\n60\u00d730\/60\u00d71\/1.5\/2\/3<br \/>\n100-160x34x3<br \/>\n100-160x15x2Etc<\/td>\n<td width=\"156\">Poli<br \/>\nHonor\u00e9<br \/>\nAntiquit\u00e9<br \/>\nEtc<\/td>\n<td>2.57<\/td>\n<td>0.286<\/td>\n<\/tr>\n<\/tbody>\n<\/table>\n<h2>S\u00e9rie Marbre Blanc<\/h2>\n<table style=\"border-collapse: collapse; width: 126.04%;\" border=\"0\" width=\"288\" cellspacing=\"0\" cellpadding=\"0\">\n<tbody>\n<tr style=\"height: 13.50pt;\">\n<td style=\"height: 13.5pt; width: 25%;\" align=\"right\" width=\"72\" height=\"18\">\n<figure id=\"attachment_6511\" class=\"wp-caption aligncenter\" style=\"width: 300px;\" aria-describedby=\"caption-attachment-6511\"><img loading=\"lazy\" decoding=\"async\" class=\"alignnone size-full wp-image-21339\" src=\"http:\/\/stone-phoenix.com\/wp-content\/uploads\/2023\/12\/1703883816.jpg\" width=\"300\" height=\"300\" srcset=\"https:\/\/stone-phoenix.com\/wp-content\/uploads\/2023\/12\/1703883816.jpg 300w, https:\/\/stone-phoenix.com\/wp-content\/uploads\/2023\/12\/1703883816-150x150.jpg 150w, https:\/\/stone-phoenix.com\/wp-content\/uploads\/2023\/12\/1703883816-12x12.jpg 12w\" sizes=\"(max-width: 300px) 100vw, 300px\" \/><figcaption id=\"caption-attachment-6511\" class=\"wp-caption-text\">Marbre Arabescato Corchia<\/figcaption><\/figure>\n<\/td>\n<td style=\"width: 25%;\" align=\"right\" width=\"72\">\n<figure id=\"attachment_6512\" class=\"wp-caption aligncenter\" style=\"width: 300px;\" aria-describedby=\"caption-attachment-6512\"><img loading=\"lazy\" decoding=\"async\" class=\"alignnone size-full wp-image-21340\" src=\"http:\/\/stone-phoenix.com\/wp-content\/uploads\/2023\/12\/1703883817.jpg\" width=\"300\" height=\"300\" srcset=\"https:\/\/stone-phoenix.com\/wp-content\/uploads\/2023\/12\/1703883817.jpg 300w, https:\/\/stone-phoenix.com\/wp-content\/uploads\/2023\/12\/1703883817-150x150.jpg 150w, https:\/\/stone-phoenix.com\/wp-content\/uploads\/2023\/12\/1703883817-12x12.jpg 12w\" sizes=\"(max-width: 300px) 100vw, 300px\" \/><figcaption id=\"caption-attachment-6512\" class=\"wp-caption-text\">Ariston Marbre blanc<\/figcaption><\/figure>\n<\/td>\n<td style=\"width: 25%;\" align=\"right\" width=\"72\">\n<figure id=\"attachment_6513\" class=\"wp-caption aligncenter\" style=\"width: 300px;\" aria-describedby=\"caption-attachment-6513\"><img loading=\"lazy\" decoding=\"async\" class=\"alignnone size-full wp-image-21341\" src=\"http:\/\/stone-phoenix.com\/wp-content\/uploads\/2023\/12\/1703883817-1.jpg\" width=\"300\" height=\"300\" srcset=\"https:\/\/stone-phoenix.com\/wp-content\/uploads\/2023\/12\/1703883817-1.jpg 300w, https:\/\/stone-phoenix.com\/wp-content\/uploads\/2023\/12\/1703883817-1-150x150.jpg 150w, https:\/\/stone-phoenix.com\/wp-content\/uploads\/2023\/12\/1703883817-1-12x12.jpg 12w\" sizes=\"(max-width: 300px) 100vw, 300px\" \/><figcaption id=\"caption-attachment-6513\" class=\"wp-caption-text\">Marbre blanc Calacatte<\/figcaption><\/figure>\n<\/td>\n<td style=\"width: 25%;\" align=\"right\" width=\"72\">\n<figure id=\"attachment_6514\" class=\"wp-caption aligncenter\" style=\"width: 300px;\" aria-describedby=\"caption-attachment-6514\"><figcaption id=\"caption-attachment-6514\" class=\"wp-caption-text\">Marbre blanc de Carrare<\/figcaption><\/figure>\n<\/td>\n<\/tr>\n<tr style=\"height: 13.50pt;\">\n<td style=\"height: 13.5pt; width: 25%;\" align=\"right\" height=\"18\">\n<figure id=\"attachment_6515\" class=\"wp-caption aligncenter\" style=\"width: 300px;\" aria-describedby=\"caption-attachment-6515\"><img loading=\"lazy\" decoding=\"async\" class=\"alignnone size-full wp-image-21343\" src=\"http:\/\/stone-phoenix.com\/wp-content\/uploads\/2023\/12\/1703883818-1.jpg\" width=\"300\" height=\"300\" srcset=\"https:\/\/stone-phoenix.com\/wp-content\/uploads\/2023\/12\/1703883818-1.jpg 300w, https:\/\/stone-phoenix.com\/wp-content\/uploads\/2023\/12\/1703883818-1-150x150.jpg 150w, https:\/\/stone-phoenix.com\/wp-content\/uploads\/2023\/12\/1703883818-1-12x12.jpg 12w\" sizes=\"(max-width: 300px) 100vw, 300px\" \/><figcaption id=\"caption-attachment-6515\" class=\"wp-caption-text\">Marbre blanc cristallin<\/figcaption><\/figure>\n<\/td>\n<td style=\"width: 25%;\" align=\"right\">\n<figure id=\"attachment_6516\" class=\"wp-caption aligncenter\" style=\"width: 300px;\" aria-describedby=\"caption-attachment-6516\"><img loading=\"lazy\" decoding=\"async\" class=\"alignnone size-full wp-image-21344\" src=\"http:\/\/stone-phoenix.com\/wp-content\/uploads\/2023\/12\/1703883819.jpg\" width=\"300\" height=\"300\" srcset=\"https:\/\/stone-phoenix.com\/wp-content\/uploads\/2023\/12\/1703883819.jpg 300w, https:\/\/stone-phoenix.com\/wp-content\/uploads\/2023\/12\/1703883819-150x150.jpg 150w, https:\/\/stone-phoenix.com\/wp-content\/uploads\/2023\/12\/1703883819-12x12.jpg 12w\" sizes=\"(max-width: 300px) 100vw, 300px\" \/><figcaption id=\"caption-attachment-6516\" class=\"wp-caption-text\">Marbre blanc de Guangxi<\/figcaption><\/figure>\n<\/td>\n<td style=\"width: 25%;\" align=\"right\">\n<figure id=\"attachment_6517\" class=\"wp-caption aligncenter\" style=\"width: 300px;\" aria-describedby=\"caption-attachment-6517\"><img loading=\"lazy\" decoding=\"async\" class=\"alignnone size-full wp-image-21345\" src=\"http:\/\/stone-phoenix.com\/wp-content\/uploads\/2023\/12\/1703883820.jpg\" width=\"300\" height=\"300\" srcset=\"https:\/\/stone-phoenix.com\/wp-content\/uploads\/2023\/12\/1703883820.jpg 300w, https:\/\/stone-phoenix.com\/wp-content\/uploads\/2023\/12\/1703883820-150x150.jpg 150w, https:\/\/stone-phoenix.com\/wp-content\/uploads\/2023\/12\/1703883820-12x12.jpg 12w\" sizes=\"(max-width: 300px) 100vw, 300px\" \/><figcaption id=\"caption-attachment-6517\" class=\"wp-caption-text\">Fleur de glace Marbre blanc<\/figcaption><\/figure>\n<\/td>\n<td style=\"width: 25%;\" align=\"right\">\n<figure id=\"attachment_6518\" class=\"wp-caption aligncenter\" style=\"width: 300px;\" aria-describedby=\"caption-attachment-6518\"><figcaption id=\"caption-attachment-6518\" class=\"wp-caption-text\">Marbre blanc oriental<\/figcaption><\/figure>\n<\/td>\n<\/tr>\n<tr style=\"height: 13.50pt;\">\n<td style=\"height: 13.5pt; width: 25%;\" align=\"right\" height=\"18\">\n<figure id=\"attachment_6519\" class=\"wp-caption aligncenter\" style=\"width: 300px;\" aria-describedby=\"caption-attachment-6519\"><img loading=\"lazy\" decoding=\"async\" class=\"alignnone size-full wp-image-21347\" src=\"http:\/\/stone-phoenix.com\/wp-content\/uploads\/2023\/12\/1703883822.jpg\" width=\"300\" height=\"300\" srcset=\"https:\/\/stone-phoenix.com\/wp-content\/uploads\/2023\/12\/1703883822.jpg 300w, https:\/\/stone-phoenix.com\/wp-content\/uploads\/2023\/12\/1703883822-150x150.jpg 150w, https:\/\/stone-phoenix.com\/wp-content\/uploads\/2023\/12\/1703883822-12x12.jpg 12w\" sizes=\"(max-width: 300px) 100vw, 300px\" \/><figcaption id=\"caption-attachment-6519\" class=\"wp-caption-text\">Marbre blanc Panda<\/figcaption><\/figure>\n<\/td>\n<td style=\"width: 25%;\" align=\"right\">\n<figure id=\"attachment_6520\" class=\"wp-caption aligncenter\" style=\"width: 300px;\" aria-describedby=\"caption-attachment-6520\"><img loading=\"lazy\" decoding=\"async\" class=\"alignnone size-full wp-image-21348\" src=\"http:\/\/stone-phoenix.com\/wp-content\/uploads\/2023\/12\/1703883823.jpg\" width=\"300\" height=\"300\" srcset=\"https:\/\/stone-phoenix.com\/wp-content\/uploads\/2023\/12\/1703883823.jpg 300w, https:\/\/stone-phoenix.com\/wp-content\/uploads\/2023\/12\/1703883823-150x150.jpg 150w, https:\/\/stone-phoenix.com\/wp-content\/uploads\/2023\/12\/1703883823-12x12.jpg 12w\" sizes=\"(max-width: 300px) 100vw, 300px\" \/><figcaption id=\"caption-attachment-6520\" class=\"wp-caption-text\">Marbre blanc \u00e9toil\u00e9<\/figcaption><\/figure>\n<\/td>\n<td style=\"width: 25%;\" align=\"right\">\n<figure id=\"attachment_6521\" class=\"wp-caption aligncenter\" style=\"width: 300px;\" aria-describedby=\"caption-attachment-6521\"><img loading=\"lazy\" decoding=\"async\" class=\"alignnone size-full wp-image-21349\" src=\"http:\/\/stone-phoenix.com\/wp-content\/uploads\/2023\/12\/1703883823-1.jpg\" width=\"300\" height=\"300\" srcset=\"https:\/\/stone-phoenix.com\/wp-content\/uploads\/2023\/12\/1703883823-1.jpg 300w, https:\/\/stone-phoenix.com\/wp-content\/uploads\/2023\/12\/1703883823-1-150x150.jpg 150w, https:\/\/stone-phoenix.com\/wp-content\/uploads\/2023\/12\/1703883823-1-12x12.jpg 12w\" sizes=\"(max-width: 300px) 100vw, 300px\" \/><figcaption id=\"caption-attachment-6521\" class=\"wp-caption-text\">Marbre blanc de Volakas<\/figcaption><\/figure>\n<\/td>\n<td style=\"width: 25%;\" align=\"right\">\n<figure id=\"attachment_6522\" class=\"wp-caption aligncenter\" style=\"width: 300px;\" aria-describedby=\"caption-attachment-6522\"><figcaption id=\"caption-attachment-6522\" class=\"wp-caption-text\">Marbre de Jade blanc<\/figcaption><\/figure>\n<\/td>\n<\/tr>\n<tr style=\"height: 13.50pt;\">\n<td style=\"height: 13.5pt; width: 25%;\" align=\"right\" height=\"18\">\n<figure id=\"attachment_6523\" class=\"wp-caption aligncenter\" style=\"width: 300px;\" aria-describedby=\"caption-attachment-6523\"><figcaption id=\"caption-attachment-6523\" class=\"wp-caption-text\"><\/figcaption><\/figure>\n<\/td>\n<td style=\"width: 25%;\"><\/td>\n<td style=\"width: 25%;\"><\/td>\n<td style=\"width: 25%;\"><\/td>\n<\/tr>\n<\/tbody>\n<\/table>\n<p><a href=\"https:\/\/longtopstone.com\/product-category\/chinese-marble\/\">voir plus&gt;&gt;&gt;<\/a><\/p>\n<\/div>","protected":false},"excerpt":{"rendered":"<p>Marble Floor Tiles Panda White Marble Marble floor tiles are an opulent and refined flooring choice that boasts a natural<\/p>","protected":false},"featured_media":26318,"template":"","meta":[],"product_cat":[113],"product_tag":[],"_links":{"self":[{"href":"https:\/\/stone-phoenix.com\/fr\/wp-json\/wp\/v2\/product\/21337"}],"collection":[{"href":"https:\/\/stone-phoenix.com\/fr\/wp-json\/wp\/v2\/product"}],"about":[{"href":"https:\/\/stone-phoenix.com\/fr\/wp-json\/wp\/v2\/types\/product"}],"wp:featuredmedia":[{"embeddable":true,"href":"https:\/\/stone-phoenix.com\/fr\/wp-json\/wp\/v2\/media\/26318"}],"wp:attachment":[{"href":"https:\/\/stone-phoenix.com\/fr\/wp-json\/wp\/v2\/media?parent=21337"}],"wp:term":[{"taxonomy":"product_cat","embeddable":true,"href":"https:\/\/stone-phoenix.com\/fr\/wp-json\/wp\/v2\/product_cat?post=21337"},{"taxonomy":"product_tag","embeddable":true,"href":"https:\/\/stone-phoenix.com\/fr\/wp-json\/wp\/v2\/product_tag?post=21337"}],"curies":[{"name":"wp","href":"https:\/\/api.w.org\/{rel}","templated":true}]}}