{"id":21360,"date":"2023-12-29T21:05:01","date_gmt":"2023-12-29T13:05:01","guid":{"rendered":"http:\/\/stone-phoenix.com\/product\/guangxi-white-marble-chinese-statuario-marble"},"modified":"2024-03-26T14:53:41","modified_gmt":"2024-03-26T06:53:41","slug":"guangxi-white-marble-chinese-statuario-marble","status":"publish","type":"product","link":"https:\/\/stone-phoenix.com\/fr\/produit\/guangxi-white-marble-chinese-statuario-marble","title":{"rendered":"Marbre blanc GuangXi Marbre Statuario chinois"},"content":{"rendered":"<div id=\"tab-description\" class=\"woocommerce-Tabs-panel woocommerce-Tabs-panel--description panel entry-content wc-tab\" role=\"tabpanel\" aria-labelledby=\"tab-title-description\">\n<h2><span style=\"font-size: 18pt;\">Fabricants de marbre chinois GuangXi White Marble<\/span><\/h2>\n<p>Les marbriers chinois sont r\u00e9put\u00e9s pour leur expertise dans la fabrication de produits en marbre de haute qualit\u00e9 pour des projets r\u00e9sidentiels et commerciaux. Ils s'approvisionnent en marbre dans des carri\u00e8res en Chine et dans le monde entier, et utilisent des technologies de pointe et un savoir-faire traditionnel pour cr\u00e9er des pi\u00e8ces sur mesure qui r\u00e9pondent aux besoins sp\u00e9cifiques de leurs clients.<\/p>\n<p>L'un des principaux avantages de travailler avec des marbriers chinois est leur capacit\u00e9 \u00e0 produire une large gamme de produits en marbre. Il peut s'agir de plans de travail personnalis\u00e9s, de dalles de sol, d'habillages de douche et d'\u00e9l\u00e9ments d\u00e9coratifs tels que des manteaux de chemin\u00e9e et des sculptures. Les marbriers chinois utilisent des machines de pointe et des techniques avanc\u00e9es pour cr\u00e9er des coupes pr\u00e9cises et des motifs complexes, ce qui garantit que chaque pi\u00e8ce est unique et adapt\u00e9e aux sp\u00e9cifications du client.<\/p>\n<p>Un autre avantage de travailler avec eux est leur engagement en mati\u00e8re de qualit\u00e9. Ces fabricants se consacrent \u00e0 la production de produits en marbre qui sont durables, r\u00e9sistants et visuellement \u00e9tonnants. Ils s\u00e9lectionnent avec soin les meilleurs marbres et autres pierres naturelles, et utilisent des techniques expertes pour garantir que chaque pi\u00e8ce est impeccable et exempte de d\u00e9fauts.<\/p>\n<p>Du point de vue de la conception, les fabricants de marbre chinois sont hautement qualifi\u00e9s pour cr\u00e9er des pi\u00e8ces personnalis\u00e9es qui compl\u00e8tent le style et l'esth\u00e9tique uniques de n'importe quel projet. Qu'ils travaillent avec des styles traditionnels ou contemporains, ils sont capables de cr\u00e9er des pi\u00e8ces qui sont visuellement frappantes et qui ajoutent une touche d'\u00e9l\u00e9gance et de sophistication \u00e0 n'importe quel espace.<\/p>\n<p>Dans l'ensemble, les fabricants de marbre chinois sont une ressource fiable et comp\u00e9tente pour tous ceux qui cherchent \u00e0 incorporer des produits en marbre de haute qualit\u00e9 dans leurs projets d'am\u00e9nagement. Gr\u00e2ce \u00e0 leur technologie de pointe, \u00e0 leur savoir-faire traditionnel et \u00e0 leur engagement en faveur de la qualit\u00e9, ils sont en mesure de cr\u00e9er des pi\u00e8ces personnalis\u00e9es qui r\u00e9pondent aux besoins sp\u00e9cifiques et \u00e0 la vision de chaque client.<\/p>\n<table style=\"height: 383px;\" width=\"1361\">\n<tbody>\n<tr>\n<td width=\"121\">Mat\u00e9riau<\/td>\n<td width=\"125\">Couleur primaire<\/td>\n<td width=\"193\">Produit<\/td>\n<td width=\"231\">Taille (cm)<\/td>\n<td width=\"156\">Finition<\/td>\n<td width=\"72\">Densit\u00e9<br \/>\n(g\/cm3)<\/td>\n<td width=\"116\">Absorption de l'eau<br \/>\n(%)<\/td>\n<\/tr>\n<tr>\n<td>Marbre blanc de GuangXi<\/td>\n<td>Blanc<\/td>\n<td width=\"193\">Dalle<br \/>\nCarrelage<br \/>\nEscalier<br \/>\nColonne<br \/>\nPilier<br \/>\nAppui de fen\u00eatre<br \/>\nComptoir<br \/>\nEtc<\/td>\n<td width=\"231\">240up x120up x2\/3<br \/>\n60\u00d730\/60\u00d71\/1.5\/2\/3<br \/>\n100-160x34x3<br \/>\n100-160x15x2Etc<\/td>\n<td width=\"156\">Poli<br \/>\nHonor\u00e9<br \/>\nAntiquit\u00e9<br \/>\nEtc<\/td>\n<td>2.69<\/td>\n<td>0.1<\/td>\n<\/tr>\n<\/tbody>\n<\/table>\n<h2>S\u00e9rie Marbre Blanc<\/h2>\n<table style=\"border-collapse: collapse; width: 162.03pt;\" border=\"0\" width=\"216\" cellspacing=\"0\" cellpadding=\"0\">\n<tbody>\n<tr style=\"height: 13.50pt;\">\n<td style=\"height: 13.50pt; width: 54.00pt;\" align=\"right\" width=\"72\" height=\"18\">\n<figure id=\"attachment_6366\" class=\"wp-caption aligncenter\" style=\"width: 400px;\" aria-describedby=\"caption-attachment-6366\"><img loading=\"lazy\" decoding=\"async\" class=\"alignnone size-full wp-image-21362\" src=\"http:\/\/stone-phoenix.com\/wp-content\/uploads\/2023\/12\/1703883902.jpg\" width=\"400\" height=\"400\" srcset=\"https:\/\/stone-phoenix.com\/wp-content\/uploads\/2023\/12\/1703883902.jpg 400w, https:\/\/stone-phoenix.com\/wp-content\/uploads\/2023\/12\/1703883902-300x300.jpg 300w, https:\/\/stone-phoenix.com\/wp-content\/uploads\/2023\/12\/1703883902-150x150.jpg 150w, https:\/\/stone-phoenix.com\/wp-content\/uploads\/2023\/12\/1703883902-12x12.jpg 12w\" sizes=\"(max-width: 400px) 100vw, 400px\" \/><figcaption id=\"caption-attachment-6366\" class=\"wp-caption-text\">Marbre Arabescato Corchia<\/figcaption><\/figure>\n<\/td>\n<td style=\"width: 54.00pt;\" align=\"right\" width=\"72\">\n<figure id=\"attachment_6351\" class=\"wp-caption aligncenter\" style=\"width: 400px;\" aria-describedby=\"caption-attachment-6351\"><img loading=\"lazy\" decoding=\"async\" class=\"alignnone size-full wp-image-21363\" src=\"http:\/\/stone-phoenix.com\/wp-content\/uploads\/2023\/12\/1703883903.jpg\" width=\"400\" height=\"400\" srcset=\"https:\/\/stone-phoenix.com\/wp-content\/uploads\/2023\/12\/1703883903.jpg 400w, https:\/\/stone-phoenix.com\/wp-content\/uploads\/2023\/12\/1703883903-300x300.jpg 300w, https:\/\/stone-phoenix.com\/wp-content\/uploads\/2023\/12\/1703883903-150x150.jpg 150w, https:\/\/stone-phoenix.com\/wp-content\/uploads\/2023\/12\/1703883903-12x12.jpg 12w\" sizes=\"(max-width: 400px) 100vw, 400px\" \/><figcaption id=\"caption-attachment-6351\" class=\"wp-caption-text\">Ariston Marbre blanc<\/figcaption><\/figure>\n<\/td>\n<td style=\"width: 54.00pt;\" align=\"right\" width=\"72\">\n<figure id=\"attachment_6352\" class=\"wp-caption aligncenter\" style=\"width: 400px;\" aria-describedby=\"caption-attachment-6352\"><figcaption id=\"caption-attachment-6352\" class=\"wp-caption-text\">Marbre blanc Calacatte<\/figcaption><\/figure>\n<\/td>\n<\/tr>\n<tr style=\"height: 13.50pt;\">\n<td style=\"height: 13.50pt;\" align=\"right\" height=\"18\">\n<figure id=\"attachment_6353\" class=\"wp-caption aligncenter\" style=\"width: 400px;\" aria-describedby=\"caption-attachment-6353\"><img loading=\"lazy\" decoding=\"async\" class=\"alignnone size-full wp-image-21365\" src=\"http:\/\/stone-phoenix.com\/wp-content\/uploads\/2023\/12\/1703883905.jpg\" width=\"400\" height=\"400\" srcset=\"https:\/\/stone-phoenix.com\/wp-content\/uploads\/2023\/12\/1703883905.jpg 400w, https:\/\/stone-phoenix.com\/wp-content\/uploads\/2023\/12\/1703883905-300x300.jpg 300w, https:\/\/stone-phoenix.com\/wp-content\/uploads\/2023\/12\/1703883905-150x150.jpg 150w, https:\/\/stone-phoenix.com\/wp-content\/uploads\/2023\/12\/1703883905-12x12.jpg 12w\" sizes=\"(max-width: 400px) 100vw, 400px\" \/><figcaption id=\"caption-attachment-6353\" class=\"wp-caption-text\">Marbre blanc de Carrare<\/figcaption><\/figure>\n<\/td>\n<td align=\"right\">\n<figure id=\"attachment_6354\" class=\"wp-caption aligncenter\" style=\"width: 400px;\" aria-describedby=\"caption-attachment-6354\"><img loading=\"lazy\" decoding=\"async\" class=\"alignnone size-full wp-image-21366\" src=\"http:\/\/stone-phoenix.com\/wp-content\/uploads\/2023\/12\/1703883906.jpg\" width=\"400\" height=\"400\" srcset=\"https:\/\/stone-phoenix.com\/wp-content\/uploads\/2023\/12\/1703883906.jpg 400w, https:\/\/stone-phoenix.com\/wp-content\/uploads\/2023\/12\/1703883906-300x300.jpg 300w, https:\/\/stone-phoenix.com\/wp-content\/uploads\/2023\/12\/1703883906-150x150.jpg 150w, https:\/\/stone-phoenix.com\/wp-content\/uploads\/2023\/12\/1703883906-12x12.jpg 12w\" sizes=\"(max-width: 400px) 100vw, 400px\" \/><figcaption id=\"caption-attachment-6354\" class=\"wp-caption-text\">Marbre blanc cristallin<\/figcaption><\/figure>\n<\/td>\n<td align=\"right\">\n<figure id=\"attachment_6355\" class=\"wp-caption aligncenter\" style=\"width: 400px;\" aria-describedby=\"caption-attachment-6355\"><figcaption id=\"caption-attachment-6355\" class=\"wp-caption-text\">Marbre blanc de Guangxi<\/figcaption><\/figure>\n<\/td>\n<\/tr>\n<tr style=\"height: 13.50pt;\">\n<td style=\"height: 13.50pt;\" align=\"right\" height=\"18\">\n<figure id=\"attachment_6356\" class=\"wp-caption aligncenter\" style=\"width: 400px;\" aria-describedby=\"caption-attachment-6356\"><img loading=\"lazy\" decoding=\"async\" class=\"alignnone size-full wp-image-21368\" src=\"http:\/\/stone-phoenix.com\/wp-content\/uploads\/2023\/12\/1703883908.jpg\" width=\"400\" height=\"400\" srcset=\"https:\/\/stone-phoenix.com\/wp-content\/uploads\/2023\/12\/1703883908.jpg 400w, https:\/\/stone-phoenix.com\/wp-content\/uploads\/2023\/12\/1703883908-300x300.jpg 300w, https:\/\/stone-phoenix.com\/wp-content\/uploads\/2023\/12\/1703883908-150x150.jpg 150w, https:\/\/stone-phoenix.com\/wp-content\/uploads\/2023\/12\/1703883908-12x12.jpg 12w\" sizes=\"(max-width: 400px) 100vw, 400px\" \/><figcaption id=\"caption-attachment-6356\" class=\"wp-caption-text\">Fleur de glace Marbre blanc<\/figcaption><\/figure>\n<\/td>\n<td align=\"right\">\n<figure id=\"attachment_6357\" class=\"wp-caption aligncenter\" style=\"width: 400px;\" aria-describedby=\"caption-attachment-6357\"><img loading=\"lazy\" decoding=\"async\" class=\"alignnone size-full wp-image-21369\" src=\"http:\/\/stone-phoenix.com\/wp-content\/uploads\/2023\/12\/1703883909.jpg\" width=\"400\" height=\"400\" srcset=\"https:\/\/stone-phoenix.com\/wp-content\/uploads\/2023\/12\/1703883909.jpg 400w, https:\/\/stone-phoenix.com\/wp-content\/uploads\/2023\/12\/1703883909-300x300.jpg 300w, https:\/\/stone-phoenix.com\/wp-content\/uploads\/2023\/12\/1703883909-150x150.jpg 150w, https:\/\/stone-phoenix.com\/wp-content\/uploads\/2023\/12\/1703883909-12x12.jpg 12w\" sizes=\"(max-width: 400px) 100vw, 400px\" \/><figcaption id=\"caption-attachment-6357\" class=\"wp-caption-text\">Marbre blanc oriental<\/figcaption><\/figure>\n<\/td>\n<td align=\"right\">\n<figure id=\"attachment_6358\" class=\"wp-caption aligncenter\" style=\"width: 400px;\" aria-describedby=\"caption-attachment-6358\"><figcaption id=\"caption-attachment-6358\" class=\"wp-caption-text\">Marbre blanc \u00e9toil\u00e9<\/figcaption><\/figure>\n<\/td>\n<\/tr>\n<tr style=\"height: 13.50pt;\">\n<td style=\"height: 13.50pt;\" align=\"right\" height=\"18\">\n<figure id=\"attachment_6359\" class=\"wp-caption aligncenter\" style=\"width: 400px;\" aria-describedby=\"caption-attachment-6359\"><img loading=\"lazy\" decoding=\"async\" class=\"alignnone size-full wp-image-21371\" src=\"http:\/\/stone-phoenix.com\/wp-content\/uploads\/2023\/12\/1703883910.jpg\" width=\"400\" height=\"400\" srcset=\"https:\/\/stone-phoenix.com\/wp-content\/uploads\/2023\/12\/1703883910.jpg 400w, https:\/\/stone-phoenix.com\/wp-content\/uploads\/2023\/12\/1703883910-300x300.jpg 300w, https:\/\/stone-phoenix.com\/wp-content\/uploads\/2023\/12\/1703883910-150x150.jpg 150w, https:\/\/stone-phoenix.com\/wp-content\/uploads\/2023\/12\/1703883910-12x12.jpg 12w\" sizes=\"(max-width: 400px) 100vw, 400px\" \/><figcaption id=\"caption-attachment-6359\" class=\"wp-caption-text\">Marbre blanc de Volakas<\/figcaption><\/figure>\n<\/td>\n<td align=\"right\">\n<figure id=\"attachment_6360\" class=\"wp-caption aligncenter\" style=\"width: 400px;\" aria-describedby=\"caption-attachment-6360\"><img loading=\"lazy\" decoding=\"async\" class=\"alignnone size-full wp-image-21372\" src=\"http:\/\/stone-phoenix.com\/wp-content\/uploads\/2023\/12\/1703883911.jpg\" width=\"400\" height=\"400\" srcset=\"https:\/\/stone-phoenix.com\/wp-content\/uploads\/2023\/12\/1703883911.jpg 400w, https:\/\/stone-phoenix.com\/wp-content\/uploads\/2023\/12\/1703883911-300x300.jpg 300w, https:\/\/stone-phoenix.com\/wp-content\/uploads\/2023\/12\/1703883911-150x150.jpg 150w, https:\/\/stone-phoenix.com\/wp-content\/uploads\/2023\/12\/1703883911-12x12.jpg 12w\" sizes=\"(max-width: 400px) 100vw, 400px\" \/><figcaption id=\"caption-attachment-6360\" class=\"wp-caption-text\">Marbre de Jade blanc<\/figcaption><\/figure>\n<\/td>\n<td align=\"right\">\n<figure id=\"attachment_6361\" class=\"wp-caption aligncenter\" style=\"width: 400px;\" aria-describedby=\"caption-attachment-6361\"><figcaption id=\"caption-attachment-6361\" class=\"wp-caption-text\">Marbre blanc de Yougoslavie<\/figcaption><\/figure>\n<\/td>\n<\/tr>\n<\/tbody>\n<\/table>\n<\/div>","protected":false},"excerpt":{"rendered":"<p>Chinese Marble Fabricators GuangXi White Marble Chinese marble fabricators are renowned for their expertise in crafting high-quality marble products for<\/p>","protected":false},"featured_media":26301,"template":"","meta":[],"product_cat":[113],"product_tag":[],"_links":{"self":[{"href":"https:\/\/stone-phoenix.com\/fr\/wp-json\/wp\/v2\/product\/21360"}],"collection":[{"href":"https:\/\/stone-phoenix.com\/fr\/wp-json\/wp\/v2\/product"}],"about":[{"href":"https:\/\/stone-phoenix.com\/fr\/wp-json\/wp\/v2\/types\/product"}],"wp:featuredmedia":[{"embeddable":true,"href":"https:\/\/stone-phoenix.com\/fr\/wp-json\/wp\/v2\/media\/26301"}],"wp:attachment":[{"href":"https:\/\/stone-phoenix.com\/fr\/wp-json\/wp\/v2\/media?parent=21360"}],"wp:term":[{"taxonomy":"product_cat","embeddable":true,"href":"https:\/\/stone-phoenix.com\/fr\/wp-json\/wp\/v2\/product_cat?post=21360"},{"taxonomy":"product_tag","embeddable":true,"href":"https:\/\/stone-phoenix.com\/fr\/wp-json\/wp\/v2\/product_tag?post=21360"}],"curies":[{"name":"wp","href":"https:\/\/api.w.org\/{rel}","templated":true}]}}