{"id":21374,"date":"2023-12-29T21:05:43","date_gmt":"2023-12-29T13:05:43","guid":{"rendered":"http:\/\/stone-phoenix.com\/product\/calacatta-gold-marble-wholesale-luxury-polished"},"modified":"2024-03-26T11:58:25","modified_gmt":"2024-03-26T03:58:25","slug":"calacatta-gold-marble-wholesale-luxury-polished","status":"publish","type":"product","link":"https:\/\/stone-phoenix.com\/fr\/produit\/calacatta-gold-marble-wholesale-luxury-polished","title":{"rendered":"marbre calacatta gold wholesale luxury polished"},"content":{"rendered":"<div id=\"tab-description\" class=\"woocommerce-Tabs-panel woocommerce-Tabs-panel--description panel entry-content wc-tab\" role=\"tabpanel\" aria-labelledby=\"tab-title-description\">\n<h2>marbre calacatta gold luxury polished<\/h2>\n<p>Cette collection de sols en marbre naturel pr\u00e9sente un aspect terreux, chaleureux et intemporel. Notre produit est une vari\u00e9t\u00e9 aux veines uniques. Il se distingue \u00e9galement par sa durabilit\u00e9 : id\u00e9al pour les zones \u00e0 fort trafic et les familles.<\/p>\n<p>Le marbre Calacatta Gold est un marbre blanc pur avec des veines et une texture dor\u00e9es. Le marbre Calacatta est le mot italien pour \"calcaire\". Il a \u00e9t\u00e9 utilis\u00e9 depuis l'antiquit\u00e9 pour construire certaines des plus belles structures. Il est beau avec un veinage subtil et un chatoiement subtil. Il ajoute chaleur et confort \u00e0 votre espace et est id\u00e9al pour les applications commerciales et r\u00e9sidentielles.<\/p>\n<p>Il est id\u00e9al pour les \u00eelots de cuisine et les vanit\u00e9s de salle de bain en raison de sa grande r\u00e9sistance \u00e0 l'absorption d'eau et de sa durabilit\u00e9.Si vous \u00eates int\u00e9ress\u00e9 par nos produits, n'h\u00e9sitez pas \u00e0 nous contacter. <a href=\"https:\/\/longtopstone.com\/contact\/\">nous contacter<\/a>.<\/p>\n<div id=\"ali-anchor-AliPostDhMb-fqceq\" style=\"padding-top: 8px;\" data-section=\"AliPostDhMb-fqceq\" data-section-title=\"Product Description\">\n<div id=\"ali-title-AliPostDhMb-fqceq\" style=\"padding: 8px 0; border-bottom: 1px solid #ddd;\"><span style=\"background-color: #ddd; color: #333; font-weight: bold; padding: 8px 10px; line-height: 12px;\">Description du produit<\/span><\/div>\n<div style=\"padding: 10px 0;\">\n<table class=\"aliDataTable\" style=\"color: #000000; font-family: Arial; font-size: 12px; font-style: normal; font-weight: 400; background-color: #ffffff; width: 698px; height: 226px; border: 1px solid #b3b3b3;\">\n<tbody>\n<tr style=\"height: 21px;\">\n<td style=\"border: 1px solid #b3b3b3; width: 162px;\"><strong><span style=\"font-family: arial, helvetica, sans-serif; font-size: 14px;\">Nom du produit :<\/span><\/strong><\/td>\n<td style=\"border: 1px solid #b3b3b3; width: 545px;\">Marbre or Calacatta<\/td>\n<\/tr>\n<tr style=\"height: 21px;\">\n<td style=\"border: 1px solid #b3b3b3; width: 162px;\"><strong><span style=\"font-family: arial, helvetica, sans-serif; font-size: 14px;\">Mat\u00e9riau :<\/span><\/strong><\/td>\n<td style=\"border: 1px solid #b3b3b3; width: 545px;\"><span style=\"font-family: arial, helvetica, sans-serif;\"><span style=\"font-size: 14px;\">Marbre or Calacatta<\/span><\/span><\/td>\n<\/tr>\n<tr style=\"height: 21px;\">\n<td style=\"border: 1px solid #b3b3b3; width: 162px;\"><strong><span style=\"font-family: arial, helvetica, sans-serif; font-size: 14px;\">Couleur :<\/span><\/strong><\/td>\n<td style=\"border: 1px solid #b3b3b3; width: 545px;\"><span style=\"font-family: arial, helvetica, sans-serif; font-size: 14px;\">Blanc, beige, noir, marron, gris, rouge, vert, bleu, etc.<\/span><\/td>\n<\/tr>\n<tr style=\"height: 21px;\">\n<td style=\"border: 1px solid #b3b3b3; width: 162px;\" rowspan=\"3\"><strong><span style=\"font-family: arial, helvetica, sans-serif; font-size: 14px;\">Taille :<\/span><\/strong><\/td>\n<td style=\"border: 1px solid #b3b3b3; width: 545px;\"><span style=\"font-family: arial, helvetica, sans-serif; font-size: 14px;\"><span style=\"text-decoration: underline;\">Carreaux disponibles<\/span> <\/span><br \/>\n<span style=\"font-family: arial, helvetica, sans-serif; font-size: 14px;\">12\u2032 X 12\u2033,24\u2032 X 24\u2033,12\u2032 X 24\u2033,etc 300x300mm,300x600mm,400x400mm,600x600mm,600\u00d71200,800\u00d7800,etc<\/span><\/td>\n<\/tr>\n<tr style=\"height: 21px;\">\n<td style=\"border: 1px solid #b3b3b3; width: 545px;\"><span style=\"font-family: arial, helvetica, sans-serif; font-size: 14px;\"><span style=\"text-decoration: underline;\">Grandes dalles disponibles<\/span>\u00a0 \u00a0 \u00a0 \u00a0 \u00a0 \u00a0 \u00a0 \u00a0 \u00a0 \u00a0 \u00a0 \u00a0 \u00a0 \u00a0 \u00a0 \u00a0 \u00a0 \u00a0 \u00a0 \u00a0 \u00a0 \u00a0 \u00a0 \u00a0 \u00a0 \u00a0 \u00a0 \u00a0 \u00a0 \u00a0 \u00a0 \u00a0 \u00a0 \u00a0 \u00a0 \u00a0 \u00a0 \u00a0 \u00a0 \u00a0 \u00a0 \u00a0 \u00a0 \u00a0 \u00a0 \u00a0 \u00a0 \u00a0 \u00a0 \u00a0 \u00a0 \u00a0 \u00a0 240cmUpx120UP<\/span><\/td>\n<\/tr>\n<tr style=\"height: 21px;\">\n<td style=\"border: 1px solid #b3b3b3; width: 545px;\"><span style=\"font-family: arial, helvetica, sans-serif; font-size: 14px;\">Des sp\u00e9cifications personnalis\u00e9es sont disponibles<\/span><\/td>\n<\/tr>\n<tr style=\"height: 21px;\">\n<td style=\"border: 1px solid #b3b3b3; width: 162px;\"><strong><span style=\"font-family: arial, helvetica, sans-serif; font-size: 14px;\">Tol\u00e9rance d'\u00e9paisseur :<\/span><\/strong><\/td>\n<td style=\"border: 1px solid #b3b3b3; width: 545px;\"><span style=\"font-size: 14px; font-family: arial, helvetica, sans-serif;\">\u00b10,05mm, \u00b11mm, \u00b11,5mm, \u00b12mm, selon les exigences de qualit\u00e9 du client<\/span><\/td>\n<\/tr>\n<tr style=\"height: 21px;\">\n<td style=\"border: 1px solid #b3b3b3; width: 162px;\"><strong><span style=\"font-family: arial, helvetica, sans-serif; font-size: 14px;\">Surface :<\/span><\/strong><\/td>\n<td style=\"border: 1px solid #b3b3b3; width: 545px;\"><span style=\"font-size: 14px; font-family: arial, helvetica, sans-serif;\">Poli, adouci, assorti au livre, antique, rainur\u00e9, bross\u00e9, d\u00e9cap\u00e9, sabl\u00e9, jet d'eau, etc.<\/span><\/td>\n<\/tr>\n<tr style=\"height: auto;\">\n<td style=\"border: 1px solid #b3b3b3; width: 162px;\"><strong><span style=\"font-family: arial, helvetica, sans-serif; font-size: 14px;\">Emballage :<\/span><\/strong><\/td>\n<td style=\"border: 1px solid #b3b3b3; width: 545px;\"><span style=\"font-family: arial, helvetica, sans-serif; font-size: 14px;\"> Fardeaux et caisses en bois en \u00e9tat de navigabilit\u00e9<\/span><\/td>\n<\/tr>\n<tr style=\"height: 21px;\">\n<td style=\"border: 1px solid #b3b3b3; width: 162px;\"><strong><span style=\"font-family: arial, helvetica, sans-serif; font-size: 14px;\">Application :<\/span><\/strong><\/td>\n<td style=\"border: 1px solid #b3b3b3; width: 545px;\"><span style=\"font-family: arial, helvetica, sans-serif; font-size: 14px;\">Mur int\u00e9rieur, sol, plinthe, mur de fond, comptoir, escalier, etc.<\/span><\/td>\n<\/tr>\n<tr style=\"height: 21px;\">\n<td style=\"border: 1px solid #b3b3b3; width: 162px;\"><strong><span style=\"font-family: arial, helvetica, sans-serif; font-size: 14px;\">D\u00e9lai de livraison :<\/span><\/strong><\/td>\n<td style=\"border: 1px solid #b3b3b3; width: 545px;\"><span style=\"font-family: arial, helvetica, sans-serif; font-size: 14px;\"> 15-20 jours pour les tailles normales<\/span><\/td>\n<\/tr>\n<tr style=\"height: 21px;\">\n<td style=\"border: 1px solid #b3b3b3; width: 162px;\"><strong><span style=\"font-family: arial, helvetica, sans-serif; font-size: 14px;\">Certificat :<\/span><\/strong><\/td>\n<td style=\"border: 1px solid #b3b3b3; width: 545px;\"><span style=\"font-family: arial, helvetica, sans-serif; font-size: 14px;\">CE, SGS<\/span><\/td>\n<\/tr>\n<tr style=\"height: 21px;\">\n<td style=\"border: 1px solid #b3b3b3; width: 162px;\"><strong><span style=\"font-family: arial, helvetica, sans-serif; font-size: 14px;\">Conditions de paiement :<\/span><\/strong><\/td>\n<td style=\"border: 1px solid #b3b3b3; width: 545px;\"><span style=\"font-family: arial, helvetica, sans-serif; font-size: 14px;\">T\/T, L\/C, D\/P<\/span><\/td>\n<\/tr>\n<tr style=\"height: 42px;\">\n<td style=\"border: 1px solid #b3b3b3; width: 162px;\"><strong><span style=\"font-family: arial, helvetica, sans-serif; font-size: 14px;\">Avantage :<\/span><\/strong><\/td>\n<td style=\"border: 1px solid #b3b3b3; width: 545px;\"><span style=\"font-family: arial, helvetica, sans-serif; font-size: 14px;\">1) Service unique pour la pierre ;<\/span><\/p>\n<p><span style=\"font-family: arial, helvetica, sans-serif; font-size: 14px;\">2) Poss\u00e9der 3 carri\u00e8res et 9 usines ;<\/span><\/p>\n<p><span style=\"font-family: arial, helvetica, sans-serif; font-size: 14px;\">3) Des supports technologiques de pointe.<\/span><\/td>\n<\/tr>\n<tr style=\"height: 42px;\">\n<td style=\"border: 1px solid #b3b3b3; width: 162px;\"><strong><span style=\"font-family: arial, helvetica, sans-serif; font-size: 14px;\">Assurance de la qualit\u00e9 et de la livraison :\u00a0<\/span><\/strong><\/td>\n<td style=\"border: 1px solid #b3b3b3; width: 545px;\"><span style=\"font-family: arial, helvetica, sans-serif; font-size: 14px;\">Tout au long du processus de production, du choix des mat\u00e9riaux \u00e0 l'emballage en passant par la fabrication, notre service de contr\u00f4le de la qualit\u00e9 contr\u00f4le rigoureusement chaque pi\u00e8ce et chaque processus afin de garantir le respect des normes de qualit\u00e9 et le respect des d\u00e9lais de livraison.<\/span><\/td>\n<\/tr>\n<\/tbody>\n<\/table>\n<p><img loading=\"lazy\" decoding=\"async\" class=\"alignnone size-full wp-image-26295\" src=\"http:\/\/stone-phoenix.com\/wp-content\/uploads\/2023\/12\/calacatta-gold-marble-wholesale-luxury-polished-4.jpg\" alt=\"\" width=\"1128\" height=\"1110\" srcset=\"https:\/\/stone-phoenix.com\/wp-content\/uploads\/2023\/12\/calacatta-gold-marble-wholesale-luxury-polished-4.jpg 1128w, https:\/\/stone-phoenix.com\/wp-content\/uploads\/2023\/12\/calacatta-gold-marble-wholesale-luxury-polished-4-300x295.jpg 300w, https:\/\/stone-phoenix.com\/wp-content\/uploads\/2023\/12\/calacatta-gold-marble-wholesale-luxury-polished-4-1024x1008.jpg 1024w, https:\/\/stone-phoenix.com\/wp-content\/uploads\/2023\/12\/calacatta-gold-marble-wholesale-luxury-polished-4-768x756.jpg 768w, https:\/\/stone-phoenix.com\/wp-content\/uploads\/2023\/12\/calacatta-gold-marble-wholesale-luxury-polished-4-12x12.jpg 12w, https:\/\/stone-phoenix.com\/wp-content\/uploads\/2023\/12\/calacatta-gold-marble-wholesale-luxury-polished-4-600x590.jpg 600w, https:\/\/stone-phoenix.com\/wp-content\/uploads\/2023\/12\/calacatta-gold-marble-wholesale-luxury-polished-4-150x148.jpg 150w\" sizes=\"(max-width: 1128px) 100vw, 1128px\" \/><img loading=\"lazy\" decoding=\"async\" class=\"alignnone size-full wp-image-26296\" src=\"http:\/\/stone-phoenix.com\/wp-content\/uploads\/2023\/12\/calacatta-gold-marble-wholesale-luxury-polished-5.jpg\" alt=\"\" width=\"1111\" height=\"1093\" srcset=\"https:\/\/stone-phoenix.com\/wp-content\/uploads\/2023\/12\/calacatta-gold-marble-wholesale-luxury-polished-5.jpg 1111w, https:\/\/stone-phoenix.com\/wp-content\/uploads\/2023\/12\/calacatta-gold-marble-wholesale-luxury-polished-5-300x295.jpg 300w, https:\/\/stone-phoenix.com\/wp-content\/uploads\/2023\/12\/calacatta-gold-marble-wholesale-luxury-polished-5-1024x1007.jpg 1024w, https:\/\/stone-phoenix.com\/wp-content\/uploads\/2023\/12\/calacatta-gold-marble-wholesale-luxury-polished-5-768x756.jpg 768w, https:\/\/stone-phoenix.com\/wp-content\/uploads\/2023\/12\/calacatta-gold-marble-wholesale-luxury-polished-5-12x12.jpg 12w, https:\/\/stone-phoenix.com\/wp-content\/uploads\/2023\/12\/calacatta-gold-marble-wholesale-luxury-polished-5-600x590.jpg 600w, https:\/\/stone-phoenix.com\/wp-content\/uploads\/2023\/12\/calacatta-gold-marble-wholesale-luxury-polished-5-150x148.jpg 150w\" sizes=\"(max-width: 1111px) 100vw, 1111px\" \/><img loading=\"lazy\" decoding=\"async\" class=\"alignnone size-full wp-image-26297\" src=\"http:\/\/stone-phoenix.com\/wp-content\/uploads\/2023\/12\/calacatta-gold-marble-wholesale-luxury-polished-6.jpg\" alt=\"\" width=\"1114\" height=\"1116\" srcset=\"https:\/\/stone-phoenix.com\/wp-content\/uploads\/2023\/12\/calacatta-gold-marble-wholesale-luxury-polished-6.jpg 1114w, https:\/\/stone-phoenix.com\/wp-content\/uploads\/2023\/12\/calacatta-gold-marble-wholesale-luxury-polished-6-300x300.jpg 300w, https:\/\/stone-phoenix.com\/wp-content\/uploads\/2023\/12\/calacatta-gold-marble-wholesale-luxury-polished-6-1022x1024.jpg 1022w, https:\/\/stone-phoenix.com\/wp-content\/uploads\/2023\/12\/calacatta-gold-marble-wholesale-luxury-polished-6-150x150.jpg 150w, https:\/\/stone-phoenix.com\/wp-content\/uploads\/2023\/12\/calacatta-gold-marble-wholesale-luxury-polished-6-768x769.jpg 768w, https:\/\/stone-phoenix.com\/wp-content\/uploads\/2023\/12\/calacatta-gold-marble-wholesale-luxury-polished-6-12x12.jpg 12w, https:\/\/stone-phoenix.com\/wp-content\/uploads\/2023\/12\/calacatta-gold-marble-wholesale-luxury-polished-6-600x601.jpg 600w\" sizes=\"(max-width: 1114px) 100vw, 1114px\" \/><\/p>\n<\/div>\n<\/div>\n<\/div>","protected":false},"excerpt":{"rendered":"<p>calacatta gold marble luxury polished This collection of natural marble flooring features an earthy, warm and timeless look. Our product<\/p>","protected":false},"featured_media":26291,"template":"","meta":[],"product_cat":[113],"product_tag":[],"_links":{"self":[{"href":"https:\/\/stone-phoenix.com\/fr\/wp-json\/wp\/v2\/product\/21374"}],"collection":[{"href":"https:\/\/stone-phoenix.com\/fr\/wp-json\/wp\/v2\/product"}],"about":[{"href":"https:\/\/stone-phoenix.com\/fr\/wp-json\/wp\/v2\/types\/product"}],"wp:featuredmedia":[{"embeddable":true,"href":"https:\/\/stone-phoenix.com\/fr\/wp-json\/wp\/v2\/media\/26291"}],"wp:attachment":[{"href":"https:\/\/stone-phoenix.com\/fr\/wp-json\/wp\/v2\/media?parent=21374"}],"wp:term":[{"taxonomy":"product_cat","embeddable":true,"href":"https:\/\/stone-phoenix.com\/fr\/wp-json\/wp\/v2\/product_cat?post=21374"},{"taxonomy":"product_tag","embeddable":true,"href":"https:\/\/stone-phoenix.com\/fr\/wp-json\/wp\/v2\/product_tag?post=21374"}],"curies":[{"name":"wp","href":"https:\/\/api.w.org\/{rel}","templated":true}]}}