{"id":21379,"date":"2023-12-29T21:06:07","date_gmt":"2023-12-29T13:06:07","guid":{"rendered":"http:\/\/stone-phoenix.com\/product\/panda-white-marble-flooring-1st-quality-indoor-designs"},"modified":"2024-03-26T11:44:55","modified_gmt":"2024-03-26T03:44:55","slug":"panda-white-marble-flooring-1st-quality-indoor-designs","status":"publish","type":"product","link":"https:\/\/stone-phoenix.com\/fr\/produit\/panda-white-marble-flooring-1st-quality-indoor-designs","title":{"rendered":"Panda White Marble Flooring 1\u00e8re qualit\u00e9 Indoor Designs"},"content":{"rendered":"<div id=\"tab-description\" class=\"woocommerce-Tabs-panel woocommerce-Tabs-panel--description panel entry-content wc-tab\" role=\"tabpanel\" aria-labelledby=\"tab-title-description\">\n<div id=\"ali-anchor-AliPostDhMb-qkngg\" class=\"mceSectionContainer\" style=\"padding-top: 8px;\" data-section=\"AliPostDhMb-qkngg\" data-section-title=\"Product Description\">\n<h2>Panda White Marble Flooring 1\u00e8re qualit\u00e9 Indoor Designs<\/h2>\n<p>Le sol en marbre blanc Panda est parfait pour les grandes surfaces et peut \u00eatre utilis\u00e9 dans les salons, les halls et les cuisines. Les veines blanches de ce marbre lui conf\u00e8rent un aspect superbe avec beaucoup d'\u00e9l\u00e9gance naturelle. C'est le summum de la technologie de la pierre naturelle, ce sol a \u00e9t\u00e9 cr\u00e9\u00e9 avec des couches de veines et de motifs pour les d\u00e9tails les plus fins et la brillance. Le format de la dalle le rend facile \u00e0 travailler et \u00e0 installer soi-m\u00eame.<\/p>\n<p>Ce rev\u00eatement de sol en marbre blanc Panda est unique, r\u00e9sistant et durable. Sa finition mate lui conf\u00e8re un aspect plus \u00e9l\u00e9gant. Ce type de marbre est r\u00e9sistant \u00e0 l'eau et ne se tache pas facilement. Il est compos\u00e9 des meilleurs mat\u00e9riaux naturels.<\/p>\n<p>Ce marbre exclusif le rend encore plus r\u00e9sistant et le conserve mieux que les autres marbres disponibles sur le march\u00e9. Il est \u00e9galement r\u00e9sistant aux taches, ce qui en fait une pierre id\u00e9ale pour un usage r\u00e9sidentiel et commercial. Le marbre blanc panda est l'une des couleurs les plus populaires pour les sols en marbre. Il s'agit d'un blanc audacieux et \u00e9blouissant, au lustre \u00e9l\u00e9gant et presque soyeux. Il peut ajouter de l'\u00e9l\u00e9gance \u00e0 un aspect ultra l\u00e9ger. Le blanc panda est l'un des meilleurs choix pour les vanit\u00e9s de salle de bain et les cuisines, ainsi que pour les accents architecturaux d\u00e9coratifs dans toute la maison.<\/p>\n<p>Les dalles polies en marbre blanc Panda sont lisses et brillantes, avec une couleur naturelle et un l\u00e9ger \u00e9clat. Inspir\u00e9 par l'\u00e9l\u00e9gance de la nature, le sol en marbre blanc Panda est fabriqu\u00e9 \u00e0 partir de marbre v\u00e9ritable 100%. Inspir\u00e9 par l'\u00e9l\u00e9gance de la nature, le sol en marbre blanc Panda est fabriqu\u00e9 \u00e0 partir de marbre v\u00e9ritable 100%. Ce rev\u00eatement de sol en marbre gris fonc\u00e9\/blanc d'une beaut\u00e9 \u00e9poustouflante cr\u00e9e un contraste qui attire le regard et s'adapte \u00e0 tous les styles de d\u00e9coration int\u00e9rieure.<\/p>\n<div>Si vous \u00eates int\u00e9ress\u00e9 par nos produits, n'h\u00e9sitez pas \u00e0 nous contacter \u00e0 l'adresse suivante <a href=\"https:\/\/longtopstone.com\/contact\/\">nous contacter<\/a>.<\/div>\n<div id=\"ali-title-AliPostDhMb-qkngg\" style=\"padding: 8px 0; border-bottom: 1px solid #ddd;\"><span style=\"background-color: #ddd; color: #333; font-weight: bold; padding: 8px 10px; line-height: 12px;\">Description du produit<\/span><\/div>\n<div style=\"padding: 10px 0;\">\n<table class=\"aliDataTable\" style=\"color: #000000; font-family: Arial; font-size: 12px; font-style: normal; font-weight: 400; background-color: #ffffff; width: 746.066px; height: 226px; border: 1px solid #b3b3b3;\">\n<tbody>\n<tr style=\"height: 21px;\">\n<td style=\"border: 1px solid #b3b3b3; width: 162px;\"><strong><span style=\"font-family: arial, helvetica, sans-serif; font-size: 14px;\">Nom du produit :<\/span><\/strong><\/td>\n<td style=\"border: 1px solid #b3b3b3; width: 595.066px;\">1\u00e8re qualit\u00e9 Indoor Designs Panda White Marble Flooring<\/td>\n<\/tr>\n<tr style=\"height: 21px;\">\n<td style=\"border: 1px solid #b3b3b3; width: 162px;\"><strong><span style=\"font-family: arial, helvetica, sans-serif; font-size: 14px;\">Mat\u00e9riau :<\/span><\/strong><\/td>\n<td style=\"border: 1px solid #b3b3b3; width: 595.066px;\"><span style=\"font-family: arial, helvetica, sans-serif; font-size: 14px;\">panda marbre blanc<\/span><\/td>\n<\/tr>\n<tr style=\"height: 21px;\">\n<td style=\"border: 1px solid #b3b3b3; width: 162px;\"><strong><span style=\"font-family: arial, helvetica, sans-serif; font-size: 14px;\">Couleur :<\/span><\/strong><\/td>\n<td style=\"border: 1px solid #b3b3b3; width: 595.066px;\"><span style=\"font-family: arial, helvetica, sans-serif; font-size: 14px;\">Blanc<\/span><\/td>\n<\/tr>\n<tr style=\"height: 21px;\">\n<td style=\"border: 1px solid #b3b3b3; width: 162px;\" rowspan=\"3\"><strong><span style=\"font-family: arial, helvetica, sans-serif; font-size: 14px;\">Taille :<\/span><\/strong><\/td>\n<td style=\"border: 1px solid #b3b3b3; width: 595.066px;\"><span style=\"font-family: arial, helvetica, sans-serif; font-size: 14px;\"><span style=\"text-decoration: underline;\">Carreaux disponibles<\/span> <\/span><br \/>\n<span style=\"font-family: arial, helvetica, sans-serif; font-size: 14px;\">12\u2032 X 12\u2033,24\u2032 X 24\u2033,12\u2032 X 24\u2033,etc 300x300mm,300x600mm,400x400mm,600x600mm,600\u00d71200,800\u00d7800,etc<\/span><\/td>\n<\/tr>\n<tr style=\"height: 21px;\">\n<td style=\"border: 1px solid #b3b3b3; width: 595.066px;\"><span style=\"font-family: arial, helvetica, sans-serif; font-size: 14px;\"><span style=\"text-decoration: underline;\">Grandes dalles disponibles<\/span>\u00a0 \u00a0 \u00a0 \u00a0 \u00a0 \u00a0 \u00a0 \u00a0 \u00a0 \u00a0 \u00a0 \u00a0 \u00a0 \u00a0 \u00a0 \u00a0 \u00a0 \u00a0 \u00a0 \u00a0 \u00a0 \u00a0 \u00a0 \u00a0 \u00a0 \u00a0 \u00a0 \u00a0 \u00a0 \u00a0 \u00a0 \u00a0 \u00a0 \u00a0 \u00a0 \u00a0 \u00a0 \u00a0 \u00a0 \u00a0 \u00a0 \u00a0 \u00a0 \u00a0 \u00a0 \u00a0 \u00a0 \u00a0 \u00a0 \u00a0 \u00a0 \u00a0 \u00a0 240cmUpx120UP<\/span><\/td>\n<\/tr>\n<tr style=\"height: 21px;\">\n<td style=\"border: 1px solid #b3b3b3; width: 595.066px;\"><span style=\"font-family: arial, helvetica, sans-serif; font-size: 14px;\">Des sp\u00e9cifications personnalis\u00e9es sont disponibles<\/span><\/td>\n<\/tr>\n<tr style=\"height: 21px;\">\n<td style=\"border: 1px solid #b3b3b3; width: 162px;\"><strong><span style=\"font-family: arial, helvetica, sans-serif; font-size: 14px;\">Tol\u00e9rance d'\u00e9paisseur :<\/span><\/strong><\/td>\n<td style=\"border: 1px solid #b3b3b3; width: 595.066px;\"><span style=\"font-size: 14px; font-family: arial, helvetica, sans-serif;\">\u00b10,05mm, \u00b11mm, \u00b11,5mm, \u00b12mm, selon les exigences de qualit\u00e9 du client<\/span><\/td>\n<\/tr>\n<tr style=\"height: 21px;\">\n<td style=\"border: 1px solid #b3b3b3; width: 162px;\"><strong><span style=\"font-family: arial, helvetica, sans-serif; font-size: 14px;\">Surface :<\/span><\/strong><\/td>\n<td style=\"border: 1px solid #b3b3b3; width: 595.066px;\"><span style=\"font-size: 14px; font-family: arial, helvetica, sans-serif;\">Poli, adouci, assorti au livre, antique, rainur\u00e9, bross\u00e9, d\u00e9cap\u00e9, sabl\u00e9, jet d'eau, etc.<\/span><\/td>\n<\/tr>\n<tr style=\"height: auto;\">\n<td style=\"border: 1px solid #b3b3b3; width: 162px;\"><strong><span style=\"font-family: arial, helvetica, sans-serif; font-size: 14px;\">Emballage :<\/span><\/strong><\/td>\n<td style=\"border: 1px solid #b3b3b3; width: 595.066px;\"><span style=\"font-family: arial, helvetica, sans-serif; font-size: 14px;\"> Fardeaux et caisses en bois en \u00e9tat de navigabilit\u00e9<\/span><\/td>\n<\/tr>\n<tr style=\"height: 21px;\">\n<td style=\"border: 1px solid #b3b3b3; width: 162px;\"><strong><span style=\"font-family: arial, helvetica, sans-serif; font-size: 14px;\">Application :<\/span><\/strong><\/td>\n<td style=\"border: 1px solid #b3b3b3; width: 595.066px;\"><span style=\"font-family: arial, helvetica, sans-serif; font-size: 14px;\">Mur int\u00e9rieur, sol, plinthe, mur de fond, comptoir, escalier, etc.<\/span><\/td>\n<\/tr>\n<tr style=\"height: 21px;\">\n<td style=\"border: 1px solid #b3b3b3; width: 162px;\"><strong><span style=\"font-family: arial, helvetica, sans-serif; font-size: 14px;\">D\u00e9lai de livraison :<\/span><\/strong><\/td>\n<td style=\"border: 1px solid #b3b3b3; width: 595.066px;\"><span style=\"font-family: arial, helvetica, sans-serif; font-size: 14px;\"> 15-20 jours pour les tailles normales<\/span><\/td>\n<\/tr>\n<tr style=\"height: 21px;\">\n<td style=\"border: 1px solid #b3b3b3; width: 162px;\"><strong><span style=\"font-family: arial, helvetica, sans-serif; font-size: 14px;\">Certificat :<\/span><\/strong><\/td>\n<td style=\"border: 1px solid #b3b3b3; width: 595.066px;\"><span style=\"font-family: arial, helvetica, sans-serif; font-size: 14px;\">CE, SGS<\/span><\/td>\n<\/tr>\n<tr style=\"height: 21px;\">\n<td style=\"border: 1px solid #b3b3b3; width: 162px;\"><strong><span style=\"font-family: arial, helvetica, sans-serif; font-size: 14px;\">Conditions de paiement :<\/span><\/strong><\/td>\n<td style=\"border: 1px solid #b3b3b3; width: 595.066px;\"><span style=\"font-family: arial, helvetica, sans-serif; font-size: 14px;\">T\/T, L\/C, D\/P<\/span><\/td>\n<\/tr>\n<tr style=\"height: 42px;\">\n<td style=\"border: 1px solid #b3b3b3; width: 162px;\"><strong><span style=\"font-family: arial, helvetica, sans-serif; font-size: 14px;\">Avantage :<\/span><\/strong><\/td>\n<td style=\"border: 1px solid #b3b3b3; width: 595.066px;\"><span style=\"font-family: arial, helvetica, sans-serif; font-size: 14px;\">1) Service unique pour la pierre ;<\/span><\/p>\n<p><span style=\"font-family: arial, helvetica, sans-serif; font-size: 14px;\">2) Poss\u00e9der 3 carri\u00e8res et 9 usines ;<\/span><\/p>\n<p><span style=\"font-family: arial, helvetica, sans-serif; font-size: 14px;\">3) Des supports technologiques de pointe.<\/span><\/td>\n<\/tr>\n<tr style=\"height: 42px;\">\n<td style=\"border: 1px solid #b3b3b3; width: 162px;\"><strong><span style=\"font-family: arial, helvetica, sans-serif; font-size: 14px;\">Assurance de la qualit\u00e9 et de la livraison :\u00a0<\/span><\/strong><\/td>\n<td style=\"border: 1px solid #b3b3b3; width: 595.066px;\"><span style=\"font-family: arial, helvetica, sans-serif; font-size: 14px;\">Tout au long du processus de production, du choix des mat\u00e9riaux \u00e0 l'emballage en passant par la fabrication, notre service de contr\u00f4le de la qualit\u00e9 contr\u00f4le rigoureusement chaque pi\u00e8ce et chaque processus afin de garantir le respect des normes de qualit\u00e9 et le respect des d\u00e9lais de livraison.<\/span><\/td>\n<\/tr>\n<\/tbody>\n<\/table>\n<p><img loading=\"lazy\" decoding=\"async\" class=\"alignnone size-full wp-image-26287\" src=\"http:\/\/stone-phoenix.com\/wp-content\/uploads\/2023\/12\/Panda-White-Marble-Flooring-1st-quality-Indoor-Designs-8.jpg\" alt=\"\" width=\"1059\" height=\"750\" srcset=\"https:\/\/stone-phoenix.com\/wp-content\/uploads\/2023\/12\/Panda-White-Marble-Flooring-1st-quality-Indoor-Designs-8.jpg 1059w, https:\/\/stone-phoenix.com\/wp-content\/uploads\/2023\/12\/Panda-White-Marble-Flooring-1st-quality-Indoor-Designs-8-300x212.jpg 300w, https:\/\/stone-phoenix.com\/wp-content\/uploads\/2023\/12\/Panda-White-Marble-Flooring-1st-quality-Indoor-Designs-8-1024x725.jpg 1024w, https:\/\/stone-phoenix.com\/wp-content\/uploads\/2023\/12\/Panda-White-Marble-Flooring-1st-quality-Indoor-Designs-8-768x544.jpg 768w, https:\/\/stone-phoenix.com\/wp-content\/uploads\/2023\/12\/Panda-White-Marble-Flooring-1st-quality-Indoor-Designs-8-18x12.jpg 18w, https:\/\/stone-phoenix.com\/wp-content\/uploads\/2023\/12\/Panda-White-Marble-Flooring-1st-quality-Indoor-Designs-8-600x425.jpg 600w, https:\/\/stone-phoenix.com\/wp-content\/uploads\/2023\/12\/Panda-White-Marble-Flooring-1st-quality-Indoor-Designs-8-150x106.jpg 150w\" sizes=\"(max-width: 1059px) 100vw, 1059px\" \/><img loading=\"lazy\" decoding=\"async\" class=\"alignnone wp-image-26288\" src=\"http:\/\/stone-phoenix.com\/wp-content\/uploads\/2023\/12\/Panda-White-Marble-Flooring-1st-quality-Indoor-Designs-7.jpg\" alt=\"\" width=\"955\" height=\"1274\" srcset=\"https:\/\/stone-phoenix.com\/wp-content\/uploads\/2023\/12\/Panda-White-Marble-Flooring-1st-quality-Indoor-Designs-7.jpg 841w, https:\/\/stone-phoenix.com\/wp-content\/uploads\/2023\/12\/Panda-White-Marble-Flooring-1st-quality-Indoor-Designs-7-225x300.jpg 225w, https:\/\/stone-phoenix.com\/wp-content\/uploads\/2023\/12\/Panda-White-Marble-Flooring-1st-quality-Indoor-Designs-7-768x1025.jpg 768w, https:\/\/stone-phoenix.com\/wp-content\/uploads\/2023\/12\/Panda-White-Marble-Flooring-1st-quality-Indoor-Designs-7-9x12.jpg 9w, https:\/\/stone-phoenix.com\/wp-content\/uploads\/2023\/12\/Panda-White-Marble-Flooring-1st-quality-Indoor-Designs-7-600x800.jpg 600w, https:\/\/stone-phoenix.com\/wp-content\/uploads\/2023\/12\/Panda-White-Marble-Flooring-1st-quality-Indoor-Designs-7-150x200.jpg 150w\" sizes=\"(max-width: 955px) 100vw, 955px\" \/><img loading=\"lazy\" decoding=\"async\" class=\"alignnone size-full wp-image-26289\" src=\"http:\/\/stone-phoenix.com\/wp-content\/uploads\/2023\/12\/Panda-White-Marble-Flooring-1st-quality-Indoor-Designs-9-1.jpg\" alt=\"\" width=\"1062\" height=\"679\" srcset=\"https:\/\/stone-phoenix.com\/wp-content\/uploads\/2023\/12\/Panda-White-Marble-Flooring-1st-quality-Indoor-Designs-9-1.jpg 1062w, https:\/\/stone-phoenix.com\/wp-content\/uploads\/2023\/12\/Panda-White-Marble-Flooring-1st-quality-Indoor-Designs-9-1-300x192.jpg 300w, https:\/\/stone-phoenix.com\/wp-content\/uploads\/2023\/12\/Panda-White-Marble-Flooring-1st-quality-Indoor-Designs-9-1-1024x655.jpg 1024w, https:\/\/stone-phoenix.com\/wp-content\/uploads\/2023\/12\/Panda-White-Marble-Flooring-1st-quality-Indoor-Designs-9-1-768x491.jpg 768w, https:\/\/stone-phoenix.com\/wp-content\/uploads\/2023\/12\/Panda-White-Marble-Flooring-1st-quality-Indoor-Designs-9-1-18x12.jpg 18w, https:\/\/stone-phoenix.com\/wp-content\/uploads\/2023\/12\/Panda-White-Marble-Flooring-1st-quality-Indoor-Designs-9-1-600x384.jpg 600w, https:\/\/stone-phoenix.com\/wp-content\/uploads\/2023\/12\/Panda-White-Marble-Flooring-1st-quality-Indoor-Designs-9-1-150x96.jpg 150w\" sizes=\"(max-width: 1062px) 100vw, 1062px\" \/><\/p>\n<\/div>\n<\/div>\n<\/div>","protected":false},"excerpt":{"rendered":"<p>Panda White Marble Flooring 1st quality Indoor Designs Panda White Marble Flooring is perfect for large areas and can be<\/p>","protected":false},"featured_media":26279,"template":"","meta":[],"product_cat":[113],"product_tag":[],"_links":{"self":[{"href":"https:\/\/stone-phoenix.com\/fr\/wp-json\/wp\/v2\/product\/21379"}],"collection":[{"href":"https:\/\/stone-phoenix.com\/fr\/wp-json\/wp\/v2\/product"}],"about":[{"href":"https:\/\/stone-phoenix.com\/fr\/wp-json\/wp\/v2\/types\/product"}],"wp:featuredmedia":[{"embeddable":true,"href":"https:\/\/stone-phoenix.com\/fr\/wp-json\/wp\/v2\/media\/26279"}],"wp:attachment":[{"href":"https:\/\/stone-phoenix.com\/fr\/wp-json\/wp\/v2\/media?parent=21379"}],"wp:term":[{"taxonomy":"product_cat","embeddable":true,"href":"https:\/\/stone-phoenix.com\/fr\/wp-json\/wp\/v2\/product_cat?post=21379"},{"taxonomy":"product_tag","embeddable":true,"href":"https:\/\/stone-phoenix.com\/fr\/wp-json\/wp\/v2\/product_tag?post=21379"}],"curies":[{"name":"wp","href":"https:\/\/api.w.org\/{rel}","templated":true}]}}