{"id":21388,"date":"2023-12-29T21:07:09","date_gmt":"2023-12-29T13:07:09","guid":{"rendered":"http:\/\/stone-phoenix.com\/product\/arabescato-marble-price"},"modified":"2024-03-26T11:21:03","modified_gmt":"2024-03-26T03:21:03","slug":"arabescato-marble-price","status":"publish","type":"product","link":"https:\/\/stone-phoenix.com\/fr\/produit\/arabescato-marble-price","title":{"rendered":"Prix du marbre Arabescato"},"content":{"rendered":"<div id=\"tab-description\" class=\"woocommerce-Tabs-panel woocommerce-Tabs-panel--description panel entry-content wc-tab\" role=\"tabpanel\" aria-labelledby=\"tab-title-description\">\n<h2>prix du marbre arabescato<\/h2>\n<p>Le prix du marbre arabescato est la partie la plus importante de la fa\u00e7ade d'un b\u00e2timent, qu'il s'agisse d'un immeuble commercial ou d'une maison r\u00e9sidentielle. Il s'agit d'un mat\u00e9riau ancien et populaire pour sa beaut\u00e9 et sa durabilit\u00e9. Le marbre Arabescato est une pierre dure utilis\u00e9e dans divers styles architecturaux, notamment les architectures baroque et rococo, le style n\u00e9o-roman, le style n\u00e9o-roman et le style n\u00e9o-classique.<\/p>\n<p>L'Arabescato est un marbre aux couleurs chaudes et neutres, avec des bruns clairs et des beiges chauds, subtilement contrast\u00e9s par de d\u00e9licates veines d'ivoire et de beige.<\/p>\n<p>La pierre pr\u00e9sente un motif lin\u00e9aire fort qui combine des veines lisses, \u00e0 peine perceptibles, avec des veines dans des directions changeantes pour cr\u00e9er des rayures audacieuses et spectaculaires qui rappellent ce que l'on peut voir sur d'opulents tapis persans.<\/p>\n<div id=\"ali-anchor-AliPostDhMb-61t5w\" style=\"padding-top: 8px;\" data-section=\"AliPostDhMb-61t5w\" data-section-title=\"Product Description\">\n<div id=\"ali-title-AliPostDhMb-61t5w\" style=\"padding: 8px 0; border-bottom: 1px solid #ddd;\"><span style=\"background-color: #ddd; color: #333; font-weight: bold; padding: 8px 10px; line-height: 12px;\">Description du produit<\/span><\/div>\n<div style=\"padding: 10px 0;\">\n<table class=\"aliDataTable\" style=\"color: #000000; font-family: Arial; font-size: 12px; font-style: normal; font-weight: 400; background-color: #ffffff; width: 698px; height: 226px; border: 1px solid #b3b3b3;\">\n<tbody>\n<tr>\n<td style=\"border: 1px solid #707070; width: 159.663px;\"><strong><span style=\"font-family: arial, helvetica, sans-serif; font-size: 14px;\">Nom du produit :<\/span><\/strong><\/td>\n<td style=\"border: 1px solid #707070; width: 553.337px;\">Marbre Arabescato<\/td>\n<\/tr>\n<tr>\n<td style=\"border: 1px solid #707070; width: 159.663px;\"><strong><span style=\"font-family: arial, helvetica, sans-serif; font-size: 14px;\">Mat\u00e9riau :<\/span><\/strong><\/td>\n<td style=\"border: 1px solid #707070; width: 553.337px;\"><span style=\"font-size: 14px;\">Marbre Arabescato<\/span><\/td>\n<\/tr>\n<tr>\n<td style=\"border: 1px solid #707070; width: 159.663px;\"><strong><span style=\"font-family: arial, helvetica, sans-serif; font-size: 14px;\">Couleur :<\/span><\/strong><\/td>\n<td style=\"border: 1px solid #707070; width: 553.337px;\"><span style=\"font-family: arial, helvetica, sans-serif; font-size: 14px;\">blanc, beige, jaune, rouge, noir, vert, rose, bleu, marron, orange, etc.<\/span><\/td>\n<\/tr>\n<tr>\n<td style=\"border: 1px solid #707070; width: 159.663px;\" rowspan=\"3\"><strong><span style=\"font-family: arial, helvetica, sans-serif; font-size: 14px;\">Taille :<\/span><\/strong><\/td>\n<td style=\"border: 1px solid #707070; width: 553.337px;\">\n<p style=\"margin: 0px; padding: 0px;\"><span style=\"text-decoration: underline;\"><span style=\"font-size: 14px;\">Carreaux disponibles\u00a0<\/span><\/span><br \/>\n<span style=\"font-size: 14px;\">12\u2032 X 12\u2033 ,24\u2032 X 24\u2033,12\u2032 X 24\u2033,etc.\u00a0<\/span><\/p>\n<p style=\"margin: 0px; padding: 0px;\"><span style=\"font-size: 14px;\">300x300mm,300x600mm,400x400mm,600x600mm,600\u00d71200,800\u00d7800,etc<\/span><\/p>\n<\/td>\n<\/tr>\n<tr>\n<td style=\"border: 1px solid #707070; width: 553.337px;\">\n<p style=\"margin: 0px; padding: 0px;\"><span style=\"text-decoration: underline;\"><span style=\"font-size: 14px;\">Grandes dalles disponibles<\/span><\/span><\/p>\n<p style=\"margin: 0px; padding: 0px;\"><span style=\"font-size: 14px;\"><span style=\"color: #000000; font-family: Verdana, Arial, Helvetica, sans-serif; font-size: 14px; font-style: normal; font-weight: 400; background-color: #ffffff; float: none;\">240cmUpx120UP<\/span><\/span><\/p>\n<\/td>\n<\/tr>\n<tr>\n<td style=\"border: 1px solid #707070; width: 553.337px;\"><span style=\"font-family: arial, helvetica, sans-serif; font-size: 14px;\">Des sp\u00e9cifications personnalis\u00e9es sont disponibles<\/span><\/td>\n<\/tr>\n<tr>\n<td style=\"border: 1px solid #707070; width: 159.663px;\"><strong><span style=\"font-family: arial, helvetica, sans-serif; font-size: 14px;\">Tol\u00e9rance d'\u00e9paisseur :<\/span><\/strong><\/td>\n<td style=\"border: 1px solid #707070; width: 553.337px;\"><span style=\"font-family: arial, helvetica, sans-serif; font-size: 14px;\">\u00b10,05mm, \u00b11mm, \u00b11,5mm, \u00b12mm, selon les exigences de qualit\u00e9 du client<\/span><\/td>\n<\/tr>\n<tr>\n<td style=\"border: 1px solid #707070; width: 159.663px;\">\n<p style=\"margin: 0px; padding: 0px;\"><strong><span style=\"font-family: arial, helvetica, sans-serif; font-size: 14px;\">Surface :<\/span><\/strong><\/p>\n<\/td>\n<td style=\"border: 1px solid #707070; width: 553.337px;\"><span style=\"font-family: arial, helvetica, sans-serif; font-size: 14px;\"><span style=\"color: #000000; font-family: Verdana, Arial, Helvetica, sans-serif; font-size: 14px; font-style: normal; font-weight: 400; background-color: #ffffff; float: none;\">poli, adouci, bross\u00e9, assorti au livre, jet d'eau, etc.<\/span><\/span><\/td>\n<\/tr>\n<tr>\n<td style=\"border: 1px solid #707070; width: 159.663px;\">\n<p style=\"margin: 0px; padding: 0px;\"><strong><span style=\"line-height: 21px; font-family: arial, helvetica, sans-serif; font-size: 14px;\"><span style=\"color: #000000; font-family: Verdana, Arial, Helvetica, sans-serif; font-size: 14px; font-style: normal; background-color: #ffffff; float: none;\">Traitement des bords :<\/span><\/span><\/strong><\/p>\n<\/td>\n<td style=\"border: 1px solid #707070; width: 553.337px;\"><span style=\"font-family: arial, helvetica, sans-serif; font-size: 14px;\"><span style=\"color: #000000; font-family: Verdana, Arial, Helvetica, sans-serif; font-size: 14px; font-style: normal; font-weight: 400; background-color: #ffffff; float: none;\">Etir\u00e9, biseaut\u00e9, demi-nez de b\u0153uf, nez de b\u0153uf complet, ar\u00eates p\u00e9n\u00e9trables, ogee, rayon, etc.<\/span><\/span><\/td>\n<\/tr>\n<tr>\n<td style=\"border: 1px solid #707070; width: 159.663px;\"><strong><span style=\"font-family: arial, helvetica, sans-serif; font-size: 14px;\">Emballage :<\/span><\/strong><\/td>\n<td style=\"border: 1px solid #707070; width: 553.337px;\"><span style=\"font-size: 14px;\">Palettes en bois en \u00e9tat de navigabilit\u00e9, fardeaux en bois et caisses en bois<\/span><\/td>\n<\/tr>\n<tr>\n<td style=\"border: 1px solid #707070; width: 159.663px;\"><strong><span style=\"font-family: arial, helvetica, sans-serif; font-size: 14px;\">Application :<\/span><\/strong><\/td>\n<td style=\"border: 1px solid #707070; width: 553.337px;\"><span style=\"font-family: arial, helvetica, sans-serif; font-size: 14px;\"><span style=\"color: #000000; font-family: Verdana, Arial, Helvetica, sans-serif; font-size: 14px; font-style: normal; font-weight: 400; background-color: #ffffff; float: none;\">Utilis\u00e9 pour le sol, les motifs, les murs, les marches, la salle de bain, les comptoirs, les plans de travail, la d\u00e9coration int\u00e9rieure, etc.<\/span><\/span><\/td>\n<\/tr>\n<tr>\n<td style=\"border: 1px solid #707070; width: 159.663px;\"><strong><span style=\"font-family: arial, helvetica, sans-serif; font-size: 14px;\">D\u00e9lai de livraison :<\/span><\/strong><\/td>\n<td style=\"border: 1px solid #707070; width: 553.337px;\"><span style=\"font-size: 14px;\">15-20 jours pour l'enregistrement<\/span><span style=\"font-family: arial, helvetica, sans-serif; font-size: 14px;\">tailles lar<\/span><\/td>\n<\/tr>\n<tr>\n<td style=\"border: 1px solid #707070; width: 159.663px;\">\n<p style=\"margin: 0px; padding: 0px;\"><strong><span style=\"font-family: arial, helvetica, sans-serif; font-size: 14px;\">Certificat :<\/span><\/strong><\/p>\n<\/td>\n<td style=\"border: 1px solid #707070; width: 553.337px;\"><span style=\"font-family: arial, helvetica, sans-serif; font-size: 14px;\">CE, SGS<\/span><\/td>\n<\/tr>\n<tr>\n<td style=\"border: 1px solid #707070; width: 159.663px;\">\n<p style=\"margin: 0px; padding: 0px;\"><strong><span style=\"font-family: arial, helvetica, sans-serif; font-size: 14px;\">Conditions de paiement :<\/span><\/strong><\/p>\n<\/td>\n<td style=\"border: 1px solid #707070; width: 553.337px;\"><span style=\"font-size: 14px;\">T\/T, L\/C, D<span style=\"color: #000000; font-family: Verdana, Arial, Helvetica, sans-serif; font-size: 14px; font-style: normal; font-weight: 400; background-color: #ffffff; float: none;\">\/<\/span>P<\/span><\/td>\n<\/tr>\n<tr>\n<td style=\"border: 1px solid #707070; width: 159.663px;\"><strong><span style=\"font-family: arial, helvetica, sans-serif; font-size: 14px;\">Avantage :<\/span><\/strong><\/td>\n<td style=\"border: 1px solid #707070; width: 553.337px;\">\n<p style=\"margin: 0px; padding: 0px;\"><span style=\"font-family: arial, helvetica, sans-serif; font-size: 14px;\">1) Service unique pour la pierre ;<\/span><\/p>\n<p style=\"margin: 0px; padding: 0px;\"><span style=\"font-family: arial, helvetica, sans-serif; font-size: 14px;\">2) poss\u00e8dent 3 carri\u00e8res et 9 usines ;<\/span><\/p>\n<p style=\"margin: 0px; padding: 0px;\"><span style=\"font-family: arial, helvetica, sans-serif; font-size: 14px;\">3) Des supports technologiques de pointe.<\/span><\/p>\n<\/td>\n<\/tr>\n<tr>\n<td style=\"border: 1px solid #707070; width: 159.663px;\"><strong><span style=\"font-family: arial, helvetica, sans-serif; font-size: 14px;\">Assurance de la qualit\u00e9 et de la livraison :\u00a0<\/span><\/strong><\/td>\n<td style=\"border: 1px solid #707070; width: 553.337px;\">\n<p style=\"margin: 0px; padding: 0px;\"><span style=\"font-size: 14px;\">Tout au long du processus de production, du choix des mat\u00e9riaux \u00e0 l'emballage en passant par la fabrication, notre service de contr\u00f4le de la qualit\u00e9 contr\u00f4le rigoureusement chaque pi\u00e8ce et chaque processus afin de garantir le respect des normes de qualit\u00e9 et le respect des d\u00e9lais de livraison.<\/span><\/p>\n<\/td>\n<\/tr>\n<\/tbody>\n<\/table>\n<p><img loading=\"lazy\" decoding=\"async\" class=\"alignnone size-full wp-image-26270\" src=\"http:\/\/stone-phoenix.com\/wp-content\/uploads\/2023\/12\/Arabescato-Marble-Price-7.jpg\" alt=\"\" width=\"1120\" height=\"793\" srcset=\"https:\/\/stone-phoenix.com\/wp-content\/uploads\/2023\/12\/Arabescato-Marble-Price-7.jpg 1120w, https:\/\/stone-phoenix.com\/wp-content\/uploads\/2023\/12\/Arabescato-Marble-Price-7-300x212.jpg 300w, https:\/\/stone-phoenix.com\/wp-content\/uploads\/2023\/12\/Arabescato-Marble-Price-7-1024x725.jpg 1024w, https:\/\/stone-phoenix.com\/wp-content\/uploads\/2023\/12\/Arabescato-Marble-Price-7-768x544.jpg 768w, https:\/\/stone-phoenix.com\/wp-content\/uploads\/2023\/12\/Arabescato-Marble-Price-7-18x12.jpg 18w, https:\/\/stone-phoenix.com\/wp-content\/uploads\/2023\/12\/Arabescato-Marble-Price-7-600x425.jpg 600w, https:\/\/stone-phoenix.com\/wp-content\/uploads\/2023\/12\/Arabescato-Marble-Price-7-150x106.jpg 150w\" sizes=\"(max-width: 1120px) 100vw, 1120px\" \/><img loading=\"lazy\" decoding=\"async\" class=\"alignnone wp-image-26271\" src=\"http:\/\/stone-phoenix.com\/wp-content\/uploads\/2023\/12\/Arabescato-Marble-Price-6.jpg\" alt=\"\" width=\"953\" height=\"696\" srcset=\"https:\/\/stone-phoenix.com\/wp-content\/uploads\/2023\/12\/Arabescato-Marble-Price-6.jpg 700w, https:\/\/stone-phoenix.com\/wp-content\/uploads\/2023\/12\/Arabescato-Marble-Price-6-300x219.jpg 300w, https:\/\/stone-phoenix.com\/wp-content\/uploads\/2023\/12\/Arabescato-Marble-Price-6-16x12.jpg 16w, https:\/\/stone-phoenix.com\/wp-content\/uploads\/2023\/12\/Arabescato-Marble-Price-6-600x438.jpg 600w, https:\/\/stone-phoenix.com\/wp-content\/uploads\/2023\/12\/Arabescato-Marble-Price-6-150x110.jpg 150w\" sizes=\"(max-width: 953px) 100vw, 953px\" \/><img loading=\"lazy\" decoding=\"async\" class=\"alignnone wp-image-26275\" src=\"http:\/\/stone-phoenix.com\/wp-content\/uploads\/2023\/12\/Arabescato-Marble-Price-3-1.jpg\" alt=\"\" width=\"951\" height=\"956\" srcset=\"https:\/\/stone-phoenix.com\/wp-content\/uploads\/2023\/12\/Arabescato-Marble-Price-3-1.jpg 696w, https:\/\/stone-phoenix.com\/wp-content\/uploads\/2023\/12\/Arabescato-Marble-Price-3-1-298x300.jpg 298w, https:\/\/stone-phoenix.com\/wp-content\/uploads\/2023\/12\/Arabescato-Marble-Price-3-1-150x151.jpg 150w, https:\/\/stone-phoenix.com\/wp-content\/uploads\/2023\/12\/Arabescato-Marble-Price-3-1-12x12.jpg 12w, https:\/\/stone-phoenix.com\/wp-content\/uploads\/2023\/12\/Arabescato-Marble-Price-3-1-600x603.jpg 600w\" sizes=\"(max-width: 951px) 100vw, 951px\" \/><img loading=\"lazy\" decoding=\"async\" class=\"alignnone size-full wp-image-26274\" src=\"http:\/\/stone-phoenix.com\/wp-content\/uploads\/2023\/12\/Arabescato-Marble-Price-scaled.jpg\" alt=\"\" width=\"2560\" height=\"2381\" srcset=\"https:\/\/stone-phoenix.com\/wp-content\/uploads\/2023\/12\/Arabescato-Marble-Price-scaled.jpg 2560w, https:\/\/stone-phoenix.com\/wp-content\/uploads\/2023\/12\/Arabescato-Marble-Price-300x279.jpg 300w, https:\/\/stone-phoenix.com\/wp-content\/uploads\/2023\/12\/Arabescato-Marble-Price-1024x953.jpg 1024w, https:\/\/stone-phoenix.com\/wp-content\/uploads\/2023\/12\/Arabescato-Marble-Price-768x714.jpg 768w, https:\/\/stone-phoenix.com\/wp-content\/uploads\/2023\/12\/Arabescato-Marble-Price-1536x1429.jpg 1536w, https:\/\/stone-phoenix.com\/wp-content\/uploads\/2023\/12\/Arabescato-Marble-Price-2048x1905.jpg 2048w, https:\/\/stone-phoenix.com\/wp-content\/uploads\/2023\/12\/Arabescato-Marble-Price-13x12.jpg 13w, https:\/\/stone-phoenix.com\/wp-content\/uploads\/2023\/12\/Arabescato-Marble-Price-600x558.jpg 600w, https:\/\/stone-phoenix.com\/wp-content\/uploads\/2023\/12\/Arabescato-Marble-Price-150x140.jpg 150w\" sizes=\"(max-width: 2560px) 100vw, 2560px\" \/><\/p>\n<\/div>\n<\/div>\n<\/div>","protected":false},"excerpt":{"rendered":"<p>arabescato marble price The arabescato marble price is the most important part of a building\u2019s facade, from commercial buildings to<\/p>","protected":false},"featured_media":26264,"template":"","meta":[],"product_cat":[113],"product_tag":[],"_links":{"self":[{"href":"https:\/\/stone-phoenix.com\/fr\/wp-json\/wp\/v2\/product\/21388"}],"collection":[{"href":"https:\/\/stone-phoenix.com\/fr\/wp-json\/wp\/v2\/product"}],"about":[{"href":"https:\/\/stone-phoenix.com\/fr\/wp-json\/wp\/v2\/types\/product"}],"wp:featuredmedia":[{"embeddable":true,"href":"https:\/\/stone-phoenix.com\/fr\/wp-json\/wp\/v2\/media\/26264"}],"wp:attachment":[{"href":"https:\/\/stone-phoenix.com\/fr\/wp-json\/wp\/v2\/media?parent=21388"}],"wp:term":[{"taxonomy":"product_cat","embeddable":true,"href":"https:\/\/stone-phoenix.com\/fr\/wp-json\/wp\/v2\/product_cat?post=21388"},{"taxonomy":"product_tag","embeddable":true,"href":"https:\/\/stone-phoenix.com\/fr\/wp-json\/wp\/v2\/product_tag?post=21388"}],"curies":[{"name":"wp","href":"https:\/\/api.w.org\/{rel}","templated":true}]}}