{"id":21409,"date":"2023-12-29T21:08:38","date_gmt":"2023-12-29T13:08:38","guid":{"rendered":"http:\/\/stone-phoenix.com\/product\/calacatta-marble-tile-italian-white-floor"},"modified":"2024-03-26T10:24:08","modified_gmt":"2024-03-26T02:24:08","slug":"calacatta-marble-tile-italian-white-floor","status":"publish","type":"product","link":"https:\/\/stone-phoenix.com\/fr\/produit\/calacatta-marble-tile-italian-white-floor","title":{"rendered":"Carrelage en marbre Calacatta sol blanc italien"},"content":{"rendered":"<div id=\"tab-description\" class=\"woocommerce-Tabs-panel woocommerce-Tabs-panel--description panel entry-content wc-tab\" role=\"tabpanel\" aria-labelledby=\"tab-title-description\">\n<h2>Sol en marbre blanc calacatta italien prix des carreaux de marbre<\/h2>\n<h2><\/h2>\n<p>Un ton riche et chaud et une finition polie ajoutent de la chaleur et un style moderne \u00e0 votre maison. Les carreaux de marbre calacatta sont parfaits pour ceux qui recherchent un aspect luxueux sans le prix \u00e9lev\u00e9. Les carreaux de marbre calacatta sont des marbres blancs \u00e0 grain fin avec des veines rouge\u00e2tres et des mouchetures dor\u00e9es. Sa couleur blanc cr\u00e8me et ses veines uniques lui conf\u00e8rent un aspect luxueux et \u00e9l\u00e9gant.<\/p>\n<p>Utilisez ce mat\u00e9riau polyvalent comme rev\u00eatement de sol ou de mur dans n'importe quelle pi\u00e8ce pour ajouter de la texture et de la chaleur \u00e0 votre int\u00e9rieur.Le contemporain rencontre le traditionnel avec cette luxueuse collection de carreaux de marbre. Le marbre Calacatta est une pierre exquise, subtile et polyvalente qui s'int\u00e8gre parfaitement dans les environnements contemporains et classiques.<\/p>\n<p>Pour compl\u00e9ter les lignes fluides et \u00e9l\u00e9gantes du marbre de Calacatta, ces mosa\u00efques rectangulaires pr\u00e9sentent un doux m\u00e9lange de couleurs.<\/p>\n<p>La beaut\u00e9 naturelle du marbre Calacatta est rehauss\u00e9e par notre motif r\u00e9p\u00e9titif multidirectionnel, ce qui le rend parfait pour les sols, les comptoirs et les rev\u00eatements muraux.<\/p>\n<p><img loading=\"lazy\" decoding=\"async\" class=\"alignnone size-full wp-image-26235\" src=\"http:\/\/stone-phoenix.com\/wp-content\/uploads\/2023\/12\/Calacatta-Marble-Tile-Italian-White-Floor-5.jpg\" alt=\"\" width=\"1119\" height=\"840\" srcset=\"https:\/\/stone-phoenix.com\/wp-content\/uploads\/2023\/12\/Calacatta-Marble-Tile-Italian-White-Floor-5.jpg 1119w, https:\/\/stone-phoenix.com\/wp-content\/uploads\/2023\/12\/Calacatta-Marble-Tile-Italian-White-Floor-5-300x225.jpg 300w, https:\/\/stone-phoenix.com\/wp-content\/uploads\/2023\/12\/Calacatta-Marble-Tile-Italian-White-Floor-5-1024x769.jpg 1024w, https:\/\/stone-phoenix.com\/wp-content\/uploads\/2023\/12\/Calacatta-Marble-Tile-Italian-White-Floor-5-768x577.jpg 768w, https:\/\/stone-phoenix.com\/wp-content\/uploads\/2023\/12\/Calacatta-Marble-Tile-Italian-White-Floor-5-16x12.jpg 16w, https:\/\/stone-phoenix.com\/wp-content\/uploads\/2023\/12\/Calacatta-Marble-Tile-Italian-White-Floor-5-600x450.jpg 600w, https:\/\/stone-phoenix.com\/wp-content\/uploads\/2023\/12\/Calacatta-Marble-Tile-Italian-White-Floor-5-150x113.jpg 150w\" sizes=\"(max-width: 1119px) 100vw, 1119px\" \/><img loading=\"lazy\" decoding=\"async\" class=\"alignnone size-full wp-image-26236\" src=\"http:\/\/stone-phoenix.com\/wp-content\/uploads\/2023\/12\/Calacatta-Marble-Tile-Italian-White-Floor-6.jpg\" alt=\"\" width=\"1126\" height=\"769\" srcset=\"https:\/\/stone-phoenix.com\/wp-content\/uploads\/2023\/12\/Calacatta-Marble-Tile-Italian-White-Floor-6.jpg 1126w, https:\/\/stone-phoenix.com\/wp-content\/uploads\/2023\/12\/Calacatta-Marble-Tile-Italian-White-Floor-6-300x205.jpg 300w, https:\/\/stone-phoenix.com\/wp-content\/uploads\/2023\/12\/Calacatta-Marble-Tile-Italian-White-Floor-6-1024x699.jpg 1024w, https:\/\/stone-phoenix.com\/wp-content\/uploads\/2023\/12\/Calacatta-Marble-Tile-Italian-White-Floor-6-768x525.jpg 768w, https:\/\/stone-phoenix.com\/wp-content\/uploads\/2023\/12\/Calacatta-Marble-Tile-Italian-White-Floor-6-18x12.jpg 18w, https:\/\/stone-phoenix.com\/wp-content\/uploads\/2023\/12\/Calacatta-Marble-Tile-Italian-White-Floor-6-600x410.jpg 600w, https:\/\/stone-phoenix.com\/wp-content\/uploads\/2023\/12\/Calacatta-Marble-Tile-Italian-White-Floor-6-150x102.jpg 150w\" sizes=\"(max-width: 1126px) 100vw, 1126px\" \/><img loading=\"lazy\" decoding=\"async\" class=\"alignnone size-full wp-image-26237\" src=\"http:\/\/stone-phoenix.com\/wp-content\/uploads\/2023\/12\/Calacatta-Marble-Tile-Italian-White-Floor-7.jpg\" alt=\"\" width=\"1116\" height=\"879\" srcset=\"https:\/\/stone-phoenix.com\/wp-content\/uploads\/2023\/12\/Calacatta-Marble-Tile-Italian-White-Floor-7.jpg 1116w, https:\/\/stone-phoenix.com\/wp-content\/uploads\/2023\/12\/Calacatta-Marble-Tile-Italian-White-Floor-7-300x236.jpg 300w, https:\/\/stone-phoenix.com\/wp-content\/uploads\/2023\/12\/Calacatta-Marble-Tile-Italian-White-Floor-7-1024x807.jpg 1024w, https:\/\/stone-phoenix.com\/wp-content\/uploads\/2023\/12\/Calacatta-Marble-Tile-Italian-White-Floor-7-768x605.jpg 768w, https:\/\/stone-phoenix.com\/wp-content\/uploads\/2023\/12\/Calacatta-Marble-Tile-Italian-White-Floor-7-15x12.jpg 15w, https:\/\/stone-phoenix.com\/wp-content\/uploads\/2023\/12\/Calacatta-Marble-Tile-Italian-White-Floor-7-600x473.jpg 600w, https:\/\/stone-phoenix.com\/wp-content\/uploads\/2023\/12\/Calacatta-Marble-Tile-Italian-White-Floor-7-150x118.jpg 150w\" sizes=\"(max-width: 1116px) 100vw, 1116px\" \/><img loading=\"lazy\" decoding=\"async\" class=\"alignnone size-full wp-image-26238\" src=\"http:\/\/stone-phoenix.com\/wp-content\/uploads\/2023\/12\/Calacatta-Marble-Tile-Italian-White-Floor-8.jpg\" alt=\"\" width=\"1122\" height=\"781\" srcset=\"https:\/\/stone-phoenix.com\/wp-content\/uploads\/2023\/12\/Calacatta-Marble-Tile-Italian-White-Floor-8.jpg 1122w, https:\/\/stone-phoenix.com\/wp-content\/uploads\/2023\/12\/Calacatta-Marble-Tile-Italian-White-Floor-8-300x209.jpg 300w, https:\/\/stone-phoenix.com\/wp-content\/uploads\/2023\/12\/Calacatta-Marble-Tile-Italian-White-Floor-8-1024x713.jpg 1024w, https:\/\/stone-phoenix.com\/wp-content\/uploads\/2023\/12\/Calacatta-Marble-Tile-Italian-White-Floor-8-768x535.jpg 768w, https:\/\/stone-phoenix.com\/wp-content\/uploads\/2023\/12\/Calacatta-Marble-Tile-Italian-White-Floor-8-18x12.jpg 18w, https:\/\/stone-phoenix.com\/wp-content\/uploads\/2023\/12\/Calacatta-Marble-Tile-Italian-White-Floor-8-600x418.jpg 600w, https:\/\/stone-phoenix.com\/wp-content\/uploads\/2023\/12\/Calacatta-Marble-Tile-Italian-White-Floor-8-150x104.jpg 150w\" sizes=\"(max-width: 1122px) 100vw, 1122px\" \/><\/p>\n<div id=\"ali-anchor-AliPostDhMb-61t5w\" style=\"padding-top: 8px;\" data-section=\"AliPostDhMb-61t5w\" data-section-title=\"Product Description\">\n<div id=\"ali-title-AliPostDhMb-61t5w\" style=\"padding: 8px 0; border-bottom: 1px solid #ddd;\"><span style=\"background-color: #ddd; color: #333; font-weight: bold; padding: 8px 10px; line-height: 12px;\">Description du produit<\/span><\/div>\n<div style=\"padding: 10px 0;\">\n<table class=\"aliDataTable\" style=\"color: #000000; font-family: Arial; font-size: 12px; font-style: normal; font-weight: 400; background-color: #ffffff; width: 698px; height: 226px; border: 1px solid #b3b3b3;\">\n<tbody>\n<tr>\n<td style=\"border: 1px solid #707070; width: 159.663px;\"><strong><span style=\"font-family: arial, helvetica, sans-serif; font-size: 14px;\">Nom du produit :<\/span><\/strong><\/td>\n<td style=\"border: 1px solid #707070; width: 553.337px;\">Sol en marbre blanc calacatta italien prix des carreaux de marbre<\/td>\n<\/tr>\n<tr>\n<td style=\"border: 1px solid #707070; width: 159.663px;\"><strong><span style=\"font-family: arial, helvetica, sans-serif; font-size: 14px;\">Mat\u00e9riau :<\/span><\/strong><\/td>\n<td style=\"border: 1px solid #707070; width: 553.337px;\"><span style=\"font-size: 14px;\">Marbre<\/span><\/td>\n<\/tr>\n<tr>\n<td style=\"border: 1px solid #707070; width: 159.663px;\"><strong><span style=\"font-family: arial, helvetica, sans-serif; font-size: 14px;\">Couleur :<\/span><\/strong><\/td>\n<td style=\"border: 1px solid #707070; width: 553.337px;\"><span style=\"font-family: arial, helvetica, sans-serif; font-size: 14px;\">blanc, beige, jaune, rouge, noir, vert, rose, bleu, marron, orange, etc.<\/span><\/td>\n<\/tr>\n<tr>\n<td style=\"border: 1px solid #707070; width: 159.663px;\" rowspan=\"3\"><strong><span style=\"font-family: arial, helvetica, sans-serif; font-size: 14px;\">Taille :<\/span><\/strong><\/td>\n<td style=\"border: 1px solid #707070; width: 553.337px;\">\n<p style=\"margin: 0px; padding: 0px;\"><span style=\"text-decoration: underline;\"><span style=\"font-size: 14px;\">Carreaux disponibles\u00a0<\/span><\/span><br \/>\n<span style=\"font-size: 14px;\">12\u2032 X 12\u2033 ,24\u2032 X 24\u2033,12\u2032 X 24\u2033,etc.\u00a0<\/span><\/p>\n<p style=\"margin: 0px; padding: 0px;\"><span style=\"font-size: 14px;\">300x300mm,300x600mm,400x400mm,600x600mm,600\u00d71200,800\u00d7800,etc<\/span><\/p>\n<\/td>\n<\/tr>\n<tr>\n<td style=\"border: 1px solid #707070; width: 553.337px;\">\n<p style=\"margin: 0px; padding: 0px;\"><span style=\"text-decoration: underline;\"><span style=\"font-size: 14px;\">Grandes dalles disponibles<\/span><\/span><\/p>\n<p style=\"margin: 0px; padding: 0px;\"><span style=\"font-size: 14px;\"><span style=\"color: #000000; font-family: Verdana, Arial, Helvetica, sans-serif; font-size: 14px; font-style: normal; font-weight: 400; background-color: #ffffff; float: none;\">240cmUpx120UP<\/span><\/span><\/p>\n<\/td>\n<\/tr>\n<tr>\n<td style=\"border: 1px solid #707070; width: 553.337px;\"><span style=\"font-family: arial, helvetica, sans-serif; font-size: 14px;\">Des sp\u00e9cifications personnalis\u00e9es sont disponibles<\/span><\/td>\n<\/tr>\n<tr>\n<td style=\"border: 1px solid #707070; width: 159.663px;\"><strong><span style=\"font-family: arial, helvetica, sans-serif; font-size: 14px;\">Tol\u00e9rance d'\u00e9paisseur :<\/span><\/strong><\/td>\n<td style=\"border: 1px solid #707070; width: 553.337px;\"><span style=\"font-family: arial, helvetica, sans-serif; font-size: 14px;\">\u00b10,05mm, \u00b11mm, \u00b11,5mm, \u00b12mm, selon les exigences de qualit\u00e9 du client<\/span><\/td>\n<\/tr>\n<tr>\n<td style=\"border: 1px solid #707070; width: 159.663px;\">\n<p style=\"margin: 0px; padding: 0px;\"><strong><span style=\"font-family: arial, helvetica, sans-serif; font-size: 14px;\">Surface :<\/span><\/strong><\/p>\n<\/td>\n<td style=\"border: 1px solid #707070; width: 553.337px;\"><span style=\"font-family: arial, helvetica, sans-serif; font-size: 14px;\"><span style=\"color: #000000; font-family: Verdana, Arial, Helvetica, sans-serif; font-size: 14px; font-style: normal; font-weight: 400; background-color: #ffffff; float: none;\">poli, adouci, bross\u00e9, assorti au livre, jet d'eau, etc.<\/span><\/span><\/td>\n<\/tr>\n<tr>\n<td style=\"border: 1px solid #707070; width: 159.663px;\">\n<p style=\"margin: 0px; padding: 0px;\"><strong><span style=\"line-height: 21px; font-family: arial, helvetica, sans-serif; font-size: 14px;\"><span style=\"color: #000000; font-family: Verdana, Arial, Helvetica, sans-serif; font-size: 14px; font-style: normal; background-color: #ffffff; float: none;\">Traitement des bords :<\/span><\/span><\/strong><\/p>\n<\/td>\n<td style=\"border: 1px solid #707070; width: 553.337px;\"><span style=\"font-family: arial, helvetica, sans-serif; font-size: 14px;\"><span style=\"color: #000000; font-family: Verdana, Arial, Helvetica, sans-serif; font-size: 14px; font-style: normal; font-weight: 400; background-color: #ffffff; float: none;\">Etir\u00e9, biseaut\u00e9, demi-nez de b\u0153uf, nez de b\u0153uf complet, ar\u00eates p\u00e9n\u00e9trables, ogee, rayon, etc.<\/span><\/span><\/td>\n<\/tr>\n<tr>\n<td style=\"border: 1px solid #707070; width: 159.663px;\"><strong><span style=\"font-family: arial, helvetica, sans-serif; font-size: 14px;\">Emballage :<\/span><\/strong><\/td>\n<td style=\"border: 1px solid #707070; width: 553.337px;\"><span style=\"font-size: 14px;\">Palettes en bois en \u00e9tat de navigabilit\u00e9, fardeaux en bois et caisses en bois<\/span><\/td>\n<\/tr>\n<tr>\n<td style=\"border: 1px solid #707070; width: 159.663px;\"><strong><span style=\"font-family: arial, helvetica, sans-serif; font-size: 14px;\">Application :<\/span><\/strong><\/td>\n<td style=\"border: 1px solid #707070; width: 553.337px;\"><span style=\"font-family: arial, helvetica, sans-serif; font-size: 14px;\"><span style=\"color: #000000; font-family: Verdana, Arial, Helvetica, sans-serif; font-size: 14px; font-style: normal; font-weight: 400; background-color: #ffffff; float: none;\">Utilis\u00e9 pour le sol, les motifs, les murs, les marches, la salle de bain, les comptoirs, les plans de travail, la d\u00e9coration int\u00e9rieure, etc.<\/span><\/span><\/td>\n<\/tr>\n<tr>\n<td style=\"border: 1px solid #707070; width: 159.663px;\"><strong><span style=\"font-family: arial, helvetica, sans-serif; font-size: 14px;\">D\u00e9lai de livraison :<\/span><\/strong><\/td>\n<td style=\"border: 1px solid #707070; width: 553.337px;\"><span style=\"font-size: 14px;\">15-20 jours pour l'enregistrement<\/span><span style=\"font-family: arial, helvetica, sans-serif; font-size: 14px;\">tailles lar<\/span><\/td>\n<\/tr>\n<tr>\n<td style=\"border: 1px solid #707070; width: 159.663px;\">\n<p style=\"margin: 0px; padding: 0px;\"><strong><span style=\"font-family: arial, helvetica, sans-serif; font-size: 14px;\">Certificat :<\/span><\/strong><\/p>\n<\/td>\n<td style=\"border: 1px solid #707070; width: 553.337px;\"><span style=\"font-family: arial, helvetica, sans-serif; font-size: 14px;\">CE, SGS<\/span><\/td>\n<\/tr>\n<tr>\n<td style=\"border: 1px solid #707070; width: 159.663px;\">\n<p style=\"margin: 0px; padding: 0px;\"><strong><span style=\"font-family: arial, helvetica, sans-serif; font-size: 14px;\">Conditions de paiement :<\/span><\/strong><\/p>\n<\/td>\n<td style=\"border: 1px solid #707070; width: 553.337px;\"><span style=\"font-size: 14px;\">T\/T, L\/C, D<span style=\"color: #000000; font-family: Verdana, Arial, Helvetica, sans-serif; font-size: 14px; font-style: normal; font-weight: 400; background-color: #ffffff; float: none;\">\/<\/span>P<\/span><\/td>\n<\/tr>\n<tr>\n<td style=\"border: 1px solid #707070; width: 159.663px;\"><strong><span style=\"font-family: arial, helvetica, sans-serif; font-size: 14px;\">Avantage :<\/span><\/strong><\/td>\n<td style=\"border: 1px solid #707070; width: 553.337px;\">\n<p style=\"margin: 0px; padding: 0px;\"><span style=\"font-family: arial, helvetica, sans-serif; font-size: 14px;\">1) Service unique pour la pierre ;<\/span><\/p>\n<p style=\"margin: 0px; padding: 0px;\"><span style=\"font-family: arial, helvetica, sans-serif; font-size: 14px;\">2) poss\u00e8dent 3 carri\u00e8res et 9 usines ;<\/span><\/p>\n<p style=\"margin: 0px; padding: 0px;\"><span style=\"font-family: arial, helvetica, sans-serif; font-size: 14px;\">3) Des supports technologiques de pointe.<\/span><\/p>\n<\/td>\n<\/tr>\n<tr>\n<td style=\"border: 1px solid #707070; width: 159.663px;\"><strong><span style=\"font-family: arial, helvetica, sans-serif; font-size: 14px;\">Assurance de la qualit\u00e9 et de la livraison :\u00a0<\/span><\/strong><\/td>\n<td style=\"border: 1px solid #707070; width: 553.337px;\">\n<p style=\"margin: 0px; padding: 0px;\"><span style=\"font-size: 14px;\">Tout au long du processus de production, du choix des mat\u00e9riaux \u00e0 l'emballage en passant par la fabrication, notre service de contr\u00f4le de la qualit\u00e9 contr\u00f4le rigoureusement chaque pi\u00e8ce et chaque processus afin de garantir le respect des normes de qualit\u00e9 et le respect des d\u00e9lais de livraison.<\/span><\/p>\n<\/td>\n<\/tr>\n<\/tbody>\n<\/table>\n<\/div>\n<\/div>\n<\/div>","protected":false},"excerpt":{"rendered":"<p>Italian white calacatta marble floor design marble tile price a rich, warm tone and a polished finish add warmth and<\/p>","protected":false},"featured_media":26230,"template":"","meta":[],"product_cat":[113],"product_tag":[],"_links":{"self":[{"href":"https:\/\/stone-phoenix.com\/fr\/wp-json\/wp\/v2\/product\/21409"}],"collection":[{"href":"https:\/\/stone-phoenix.com\/fr\/wp-json\/wp\/v2\/product"}],"about":[{"href":"https:\/\/stone-phoenix.com\/fr\/wp-json\/wp\/v2\/types\/product"}],"wp:featuredmedia":[{"embeddable":true,"href":"https:\/\/stone-phoenix.com\/fr\/wp-json\/wp\/v2\/media\/26230"}],"wp:attachment":[{"href":"https:\/\/stone-phoenix.com\/fr\/wp-json\/wp\/v2\/media?parent=21409"}],"wp:term":[{"taxonomy":"product_cat","embeddable":true,"href":"https:\/\/stone-phoenix.com\/fr\/wp-json\/wp\/v2\/product_cat?post=21409"},{"taxonomy":"product_tag","embeddable":true,"href":"https:\/\/stone-phoenix.com\/fr\/wp-json\/wp\/v2\/product_tag?post=21409"}],"curies":[{"name":"wp","href":"https:\/\/api.w.org\/{rel}","templated":true}]}}