{"id":21438,"date":"2023-12-29T21:09:57","date_gmt":"2023-12-29T13:09:57","guid":{"rendered":"http:\/\/stone-phoenix.com\/product\/artificial-marble-price-in-india-high-quality-machine-making"},"modified":"2024-03-26T09:32:36","modified_gmt":"2024-03-26T01:32:36","slug":"artificial-marble-price-in-india-high-quality-machine-making","status":"publish","type":"product","link":"https:\/\/stone-phoenix.com\/fr\/produit\/artificial-marble-price-in-india-high-quality-machine-making","title":{"rendered":"Prix du marbre artificiel en Inde Fabrication de machines de haute qualit\u00e9"},"content":{"rendered":"<div id=\"tab-description\" class=\"woocommerce-Tabs-panel woocommerce-Tabs-panel--description panel entry-content wc-tab\" role=\"tabpanel\" aria-labelledby=\"tab-title-description\">\n<h2>Prix du marbre artificiel en Inde, machine de fabrication de haute qualit\u00e9<\/h2>\n<p>Le marbre artificiel est une alternative l\u00e9g\u00e8re et peu co\u00fbteuse au marbre v\u00e9ritable. Le marbre artificiel est une pierre fabriqu\u00e9e par l'homme. Il a l'aspect et le toucher du marbre v\u00e9ritable, mais il est beaucoup plus durable. Le marbre artificiel a un large \u00e9ventail d'applications, de la maison et du jardin aux espaces publics. Il est durable, facile \u00e0 nettoyer et n\u00e9cessite tr\u00e8s peu d'entretien.Le marbre artificiel est une alternative parfaite au marbre naturel. Le marbre artificiel est une alternative parfaite au marbre naturel. Sa composition est artificielle, de sorte qu'il ressemble \u00e0 du vrai marbre, mais ne se fissure pas et ne s'\u00e9caille pas. Il s'agit d'un mat\u00e9riau tr\u00e8s pris\u00e9 dans les salles de bains en raison de sa durabilit\u00e9, de sa facilit\u00e9 d'entretien et de son faible co\u00fbt.Le marbre artificiel est un excellent substitut \u00e0 la pierre v\u00e9ritable. Nos produits sont de haute qualit\u00e9, durables et respectueux de l'environnement. Nos produits sont de haute qualit\u00e9, durables et respectueux de l'environnement. Magnifiques et pratiques, ils sont con\u00e7us pour durer des ann\u00e9es.<\/p>\n<div id=\"ali-anchor-AliPostDhMb-qkngg\" style=\"padding-top: 8px;\" data-section=\"AliPostDhMb-qkngg\" data-section-title=\"Product Description\">\n<div id=\"ali-title-AliPostDhMb-qkngg\" style=\"padding: 8px 0; border-bottom: 1px solid #ddd;\"><span style=\"background-color: #ddd; color: #333; font-weight: bold; padding: 8px 10px; line-height: 12px;\">Description du produit<\/span><\/div>\n<div style=\"padding: 10px 0;\">\n<table class=\"aliDataTable\" style=\"color: #000000; font-family: Arial; font-size: 12px; font-style: normal; font-weight: 400; background-color: #ffffff; width: 746.066px; height: 226px; border: 1px solid #b3b3b3;\">\n<tbody>\n<tr style=\"height: 21px;\">\n<td style=\"border: 1px solid #b3b3b3; width: 162px;\"><strong><span style=\"font-family: arial, helvetica, sans-serif; font-size: 14px;\">Nom du produit :<\/span><\/strong><\/td>\n<td style=\"border: 1px solid #b3b3b3; width: 595.066px;\">Machine de haute qualit\u00e9 pour la fabrication de marbre artificiel prix en Inde machine pour la fabrication<\/td>\n<\/tr>\n<tr style=\"height: 21px;\">\n<td style=\"border: 1px solid #b3b3b3; width: 162px;\"><strong><span style=\"font-family: arial, helvetica, sans-serif; font-size: 14px;\">Mat\u00e9riau :<\/span><\/strong><\/td>\n<td style=\"border: 1px solid #b3b3b3; width: 595.066px;\"><span style=\"font-family: arial, helvetica, sans-serif;\"><span style=\"font-size: 14px;\">Calcite<\/span><\/span><\/td>\n<\/tr>\n<tr style=\"height: 21px;\">\n<td style=\"border: 1px solid #b3b3b3; width: 162px;\"><strong><span style=\"font-family: arial, helvetica, sans-serif; font-size: 14px;\">Couleur :<\/span><\/strong><\/td>\n<td style=\"border: 1px solid #b3b3b3; width: 595.066px;\"><span style=\"font-family: arial, helvetica, sans-serif; font-size: 14px;\">Blanc, beige, noir, marron, gris, rouge, vert, bleu, etc.<\/span><\/td>\n<\/tr>\n<tr style=\"height: 21px;\">\n<td style=\"border: 1px solid #b3b3b3; width: 162px;\" rowspan=\"3\"><strong><span style=\"font-family: arial, helvetica, sans-serif; font-size: 14px;\">Taille :<\/span><\/strong><\/td>\n<td style=\"border: 1px solid #b3b3b3; width: 595.066px;\"><span style=\"font-family: arial, helvetica, sans-serif; font-size: 14px;\"><span style=\"text-decoration: underline;\">Carreaux disponibles<\/span> <\/span><br \/>\n<span style=\"font-family: arial, helvetica, sans-serif; font-size: 14px;\">12\u2032 X 12\u2033,24\u2032 X 24\u2033,12\u2032 X 24\u2033,etc 300x300mm,300x600mm,400x400mm,600x600mm,600\u00d71200,800\u00d7800,etc<\/span><\/td>\n<\/tr>\n<tr style=\"height: 21px;\">\n<td style=\"border: 1px solid #b3b3b3; width: 595.066px;\"><span style=\"font-family: arial, helvetica, sans-serif; font-size: 14px;\"><span style=\"text-decoration: underline;\">Grandes dalles disponibles<\/span>\u00a0 \u00a0 \u00a0 \u00a0 \u00a0 \u00a0 \u00a0 \u00a0 \u00a0 \u00a0 \u00a0 \u00a0 \u00a0 \u00a0 \u00a0 \u00a0 \u00a0 \u00a0 \u00a0 \u00a0 \u00a0 \u00a0 \u00a0 \u00a0 \u00a0 \u00a0 \u00a0 \u00a0 \u00a0 \u00a0 \u00a0 \u00a0 \u00a0 \u00a0 \u00a0 \u00a0 \u00a0 \u00a0 \u00a0 \u00a0 \u00a0 \u00a0 \u00a0 \u00a0 \u00a0 \u00a0 \u00a0 \u00a0 \u00a0 \u00a0 \u00a0 \u00a0 \u00a0 240cmUpx120UP<\/span><\/td>\n<\/tr>\n<tr style=\"height: 21px;\">\n<td style=\"border: 1px solid #b3b3b3; width: 595.066px;\"><span style=\"font-family: arial, helvetica, sans-serif; font-size: 14px;\">Des sp\u00e9cifications personnalis\u00e9es sont disponibles<\/span><\/td>\n<\/tr>\n<tr style=\"height: 21px;\">\n<td style=\"border: 1px solid #b3b3b3; width: 162px;\"><strong><span style=\"font-family: arial, helvetica, sans-serif; font-size: 14px;\">Tol\u00e9rance d'\u00e9paisseur :<\/span><\/strong><\/td>\n<td style=\"border: 1px solid #b3b3b3; width: 595.066px;\"><span style=\"font-size: 14px; font-family: arial, helvetica, sans-serif;\">\u00b10,05mm, \u00b11mm, \u00b11,5mm, \u00b12mm, selon les exigences de qualit\u00e9 du client<\/span><\/td>\n<\/tr>\n<tr style=\"height: 21px;\">\n<td style=\"border: 1px solid #b3b3b3; width: 162px;\"><strong><span style=\"font-family: arial, helvetica, sans-serif; font-size: 14px;\">Surface :<\/span><\/strong><\/td>\n<td style=\"border: 1px solid #b3b3b3; width: 595.066px;\"><span style=\"font-size: 14px; font-family: arial, helvetica, sans-serif;\">Poli, adouci, assorti au livre, antique, rainur\u00e9, bross\u00e9, d\u00e9cap\u00e9, sabl\u00e9, jet d'eau, etc.<\/span><\/td>\n<\/tr>\n<tr style=\"height: auto;\">\n<td style=\"border: 1px solid #b3b3b3; width: 162px;\"><strong><span style=\"font-family: arial, helvetica, sans-serif; font-size: 14px;\">Emballage :<\/span><\/strong><\/td>\n<td style=\"border: 1px solid #b3b3b3; width: 595.066px;\"><span style=\"font-family: arial, helvetica, sans-serif; font-size: 14px;\"> Fardeaux et caisses en bois en \u00e9tat de navigabilit\u00e9<\/span><\/td>\n<\/tr>\n<tr style=\"height: 21px;\">\n<td style=\"border: 1px solid #b3b3b3; width: 162px;\"><strong><span style=\"font-family: arial, helvetica, sans-serif; font-size: 14px;\">Application :<\/span><\/strong><\/td>\n<td style=\"border: 1px solid #b3b3b3; width: 595.066px;\"><span style=\"font-family: arial, helvetica, sans-serif; font-size: 14px;\">Mur int\u00e9rieur, sol, plinthe, mur de fond, comptoir, escalier, etc.<\/span><\/td>\n<\/tr>\n<tr style=\"height: 21px;\">\n<td style=\"border: 1px solid #b3b3b3; width: 162px;\"><strong><span style=\"font-family: arial, helvetica, sans-serif; font-size: 14px;\">D\u00e9lai de livraison :<\/span><\/strong><\/td>\n<td style=\"border: 1px solid #b3b3b3; width: 595.066px;\"><span style=\"font-family: arial, helvetica, sans-serif; font-size: 14px;\"> 15-20 jours pour les tailles normales<\/span><\/td>\n<\/tr>\n<tr style=\"height: 21px;\">\n<td style=\"border: 1px solid #b3b3b3; width: 162px;\"><strong><span style=\"font-family: arial, helvetica, sans-serif; font-size: 14px;\">Certificat :<\/span><\/strong><\/td>\n<td style=\"border: 1px solid #b3b3b3; width: 595.066px;\"><span style=\"font-family: arial, helvetica, sans-serif; font-size: 14px;\">CE, SGS<\/span><\/td>\n<\/tr>\n<tr style=\"height: 21px;\">\n<td style=\"border: 1px solid #b3b3b3; width: 162px;\"><strong><span style=\"font-family: arial, helvetica, sans-serif; font-size: 14px;\">Conditions de paiement :<\/span><\/strong><\/td>\n<td style=\"border: 1px solid #b3b3b3; width: 595.066px;\"><span style=\"font-family: arial, helvetica, sans-serif; font-size: 14px;\">T\/T, L\/C, D\/P<\/span><\/td>\n<\/tr>\n<tr style=\"height: 42px;\">\n<td style=\"border: 1px solid #b3b3b3; width: 162px;\"><strong><span style=\"font-family: arial, helvetica, sans-serif; font-size: 14px;\">Avantage :<\/span><\/strong><\/td>\n<td style=\"border: 1px solid #b3b3b3; width: 595.066px;\"><span style=\"font-family: arial, helvetica, sans-serif; font-size: 14px;\">1) Service unique pour la pierre ;<\/span><\/p>\n<p><span style=\"font-family: arial, helvetica, sans-serif; font-size: 14px;\">2) Poss\u00e9der 3 carri\u00e8res et 9 usines ;<\/span><\/p>\n<p><span style=\"font-family: arial, helvetica, sans-serif; font-size: 14px;\">3) Des supports technologiques de pointe.<\/span><\/td>\n<\/tr>\n<tr style=\"height: 42px;\">\n<td style=\"border: 1px solid #b3b3b3; width: 162px;\"><strong><span style=\"font-family: arial, helvetica, sans-serif; font-size: 14px;\">Assurance de la qualit\u00e9 et de la livraison :\u00a0<\/span><\/strong><\/td>\n<td style=\"border: 1px solid #b3b3b3; width: 595.066px;\"><span style=\"font-family: arial, helvetica, sans-serif; font-size: 14px;\">Tout au long du processus de production, du choix des mat\u00e9riaux \u00e0 l'emballage en passant par la fabrication, notre service de contr\u00f4le de la qualit\u00e9 contr\u00f4le rigoureusement chaque pi\u00e8ce et chaque processus afin de garantir le respect des normes de qualit\u00e9 et le respect des d\u00e9lais de livraison.<\/span><\/td>\n<\/tr>\n<\/tbody>\n<\/table>\n<\/div>\n<div style=\"padding: 10px 0;\"><img loading=\"lazy\" decoding=\"async\" class=\"alignnone wp-image-26205\" src=\"http:\/\/stone-phoenix.com\/wp-content\/uploads\/2023\/12\/artificial-marble-price-in-india-High-quality-machine-making-6.jpg\" alt=\"\" width=\"845\" height=\"514\" srcset=\"https:\/\/stone-phoenix.com\/wp-content\/uploads\/2023\/12\/artificial-marble-price-in-india-High-quality-machine-making-6.jpg 1117w, https:\/\/stone-phoenix.com\/wp-content\/uploads\/2023\/12\/artificial-marble-price-in-india-High-quality-machine-making-6-300x182.jpg 300w, https:\/\/stone-phoenix.com\/wp-content\/uploads\/2023\/12\/artificial-marble-price-in-india-High-quality-machine-making-6-1024x622.jpg 1024w, https:\/\/stone-phoenix.com\/wp-content\/uploads\/2023\/12\/artificial-marble-price-in-india-High-quality-machine-making-6-768x467.jpg 768w, https:\/\/stone-phoenix.com\/wp-content\/uploads\/2023\/12\/artificial-marble-price-in-india-High-quality-machine-making-6-18x12.jpg 18w, https:\/\/stone-phoenix.com\/wp-content\/uploads\/2023\/12\/artificial-marble-price-in-india-High-quality-machine-making-6-600x365.jpg 600w, https:\/\/stone-phoenix.com\/wp-content\/uploads\/2023\/12\/artificial-marble-price-in-india-High-quality-machine-making-6-150x91.jpg 150w\" sizes=\"(max-width: 845px) 100vw, 845px\" \/><img loading=\"lazy\" decoding=\"async\" class=\"alignnone size-full wp-image-26207\" src=\"http:\/\/stone-phoenix.com\/wp-content\/uploads\/2023\/12\/artificial-marble-price-in-india-High-quality-machine-making-7.jpg\" alt=\"\" width=\"843\" height=\"1018\" srcset=\"https:\/\/stone-phoenix.com\/wp-content\/uploads\/2023\/12\/artificial-marble-price-in-india-High-quality-machine-making-7.jpg 843w, https:\/\/stone-phoenix.com\/wp-content\/uploads\/2023\/12\/artificial-marble-price-in-india-High-quality-machine-making-7-248x300.jpg 248w, https:\/\/stone-phoenix.com\/wp-content\/uploads\/2023\/12\/artificial-marble-price-in-india-High-quality-machine-making-7-768x927.jpg 768w, https:\/\/stone-phoenix.com\/wp-content\/uploads\/2023\/12\/artificial-marble-price-in-india-High-quality-machine-making-7-10x12.jpg 10w, https:\/\/stone-phoenix.com\/wp-content\/uploads\/2023\/12\/artificial-marble-price-in-india-High-quality-machine-making-7-600x725.jpg 600w, https:\/\/stone-phoenix.com\/wp-content\/uploads\/2023\/12\/artificial-marble-price-in-india-High-quality-machine-making-7-150x181.jpg 150w\" sizes=\"(max-width: 843px) 100vw, 843px\" \/><img loading=\"lazy\" decoding=\"async\" class=\"alignnone size-full wp-image-26208\" src=\"http:\/\/stone-phoenix.com\/wp-content\/uploads\/2023\/12\/artificial-marble-price-in-india-High-quality-machine-making-8.jpg\" alt=\"\" width=\"840\" height=\"880\" srcset=\"https:\/\/stone-phoenix.com\/wp-content\/uploads\/2023\/12\/artificial-marble-price-in-india-High-quality-machine-making-8.jpg 840w, https:\/\/stone-phoenix.com\/wp-content\/uploads\/2023\/12\/artificial-marble-price-in-india-High-quality-machine-making-8-286x300.jpg 286w, https:\/\/stone-phoenix.com\/wp-content\/uploads\/2023\/12\/artificial-marble-price-in-india-High-quality-machine-making-8-768x805.jpg 768w, https:\/\/stone-phoenix.com\/wp-content\/uploads\/2023\/12\/artificial-marble-price-in-india-High-quality-machine-making-8-11x12.jpg 11w, https:\/\/stone-phoenix.com\/wp-content\/uploads\/2023\/12\/artificial-marble-price-in-india-High-quality-machine-making-8-600x629.jpg 600w, https:\/\/stone-phoenix.com\/wp-content\/uploads\/2023\/12\/artificial-marble-price-in-india-High-quality-machine-making-8-150x157.jpg 150w\" sizes=\"(max-width: 840px) 100vw, 840px\" \/><img loading=\"lazy\" decoding=\"async\" class=\"alignnone wp-image-26209\" src=\"http:\/\/stone-phoenix.com\/wp-content\/uploads\/2023\/12\/artificial-marble-price-in-india-High-quality-machine-making-9.jpg\" alt=\"\" width=\"838\" height=\"610\" srcset=\"https:\/\/stone-phoenix.com\/wp-content\/uploads\/2023\/12\/artificial-marble-price-in-india-High-quality-machine-making-9.jpg 1122w, https:\/\/stone-phoenix.com\/wp-content\/uploads\/2023\/12\/artificial-marble-price-in-india-High-quality-machine-making-9-300x218.jpg 300w, https:\/\/stone-phoenix.com\/wp-content\/uploads\/2023\/12\/artificial-marble-price-in-india-High-quality-machine-making-9-1024x746.jpg 1024w, https:\/\/stone-phoenix.com\/wp-content\/uploads\/2023\/12\/artificial-marble-price-in-india-High-quality-machine-making-9-768x559.jpg 768w, https:\/\/stone-phoenix.com\/wp-content\/uploads\/2023\/12\/artificial-marble-price-in-india-High-quality-machine-making-9-16x12.jpg 16w, https:\/\/stone-phoenix.com\/wp-content\/uploads\/2023\/12\/artificial-marble-price-in-india-High-quality-machine-making-9-600x437.jpg 600w, https:\/\/stone-phoenix.com\/wp-content\/uploads\/2023\/12\/artificial-marble-price-in-india-High-quality-machine-making-9-150x109.jpg 150w\" sizes=\"(max-width: 838px) 100vw, 838px\" \/><\/p>\n<\/div>\n<\/div>\n<\/div>","protected":false},"excerpt":{"rendered":"<p>Artificial marble price in india high quality machine making Artificial marble price in india is a lightweight and low cost<\/p>","protected":false},"featured_media":26200,"template":"","meta":[],"product_cat":[113],"product_tag":[],"_links":{"self":[{"href":"https:\/\/stone-phoenix.com\/fr\/wp-json\/wp\/v2\/product\/21438"}],"collection":[{"href":"https:\/\/stone-phoenix.com\/fr\/wp-json\/wp\/v2\/product"}],"about":[{"href":"https:\/\/stone-phoenix.com\/fr\/wp-json\/wp\/v2\/types\/product"}],"wp:featuredmedia":[{"embeddable":true,"href":"https:\/\/stone-phoenix.com\/fr\/wp-json\/wp\/v2\/media\/26200"}],"wp:attachment":[{"href":"https:\/\/stone-phoenix.com\/fr\/wp-json\/wp\/v2\/media?parent=21438"}],"wp:term":[{"taxonomy":"product_cat","embeddable":true,"href":"https:\/\/stone-phoenix.com\/fr\/wp-json\/wp\/v2\/product_cat?post=21438"},{"taxonomy":"product_tag","embeddable":true,"href":"https:\/\/stone-phoenix.com\/fr\/wp-json\/wp\/v2\/product_tag?post=21438"}],"curies":[{"name":"wp","href":"https:\/\/api.w.org\/{rel}","templated":true}]}}