{"id":21450,"date":"2023-12-29T21:10:48","date_gmt":"2023-12-29T13:10:48","guid":{"rendered":"http:\/\/stone-phoenix.com\/product\/blue-marble-tiles-azul-bahia-blue-marble-slab"},"modified":"2024-03-26T09:09:33","modified_gmt":"2024-03-26T01:09:33","slug":"blue-marble-tiles-azul-bahia-blue-marble-slab","status":"publish","type":"product","link":"https:\/\/stone-phoenix.com\/fr\/produit\/blue-marble-tiles-azul-bahia-blue-marble-slab","title":{"rendered":"Carreaux de marbre bleu Dalle de marbre bleu Azul Bahia"},"content":{"rendered":"<div id=\"tab-description\" class=\"woocommerce-Tabs-panel woocommerce-Tabs-panel--description panel entry-content wc-tab\" role=\"tabpanel\" aria-labelledby=\"tab-title-description\">\n<h2>Carreaux de marbre bleu Azul Bahia Blue Marble Slab marbre savoy pour d\u00e9coration murale<\/h2>\n<p>La dalle de marbre bleu Azul Bahia est un marbre de haute qualit\u00e9 avec des veines d'un bleu plus fonc\u00e9, veines qui donnent l'impression d'\u00eatre plus fonc\u00e9es que le reste de la pierre naturelle.<\/p>\n<p>Ce mat\u00e9riau unique pr\u00e9sente un aspect \u00e9l\u00e9gant, brillant et vein\u00e9, qui convient aux sols, aux plans de travail et aux rev\u00eatements muraux. Pierre luxueuse, intrigante et captivante, l'Azul Bahia est l'un des bleus les plus uniques du Br\u00e9sil.<\/p>\n<p>Cette pierre naturelle est extraite par nos partenaires \u00e0 Bahia, au Br\u00e9sil. Chaque carreau est fabriqu\u00e9 selon des m\u00e9thodes traditionnelles afin de garantir des sols et des murs durables et de haute qualit\u00e9.D\u00e9couvrez la beaut\u00e9 exquise des carreaux de marbre bleu.<\/p>\n<p>Une pierre classique avec une touche vintage, notre bleu est parfait pour tout projet de r\u00e9novation de cuisine ou de salle de bain.Magnifiques dalles de marbre de couleur bleue, polies et pr\u00eates \u00e0 \u00eatre install\u00e9es dans votre maison ou votre entreprise.Le marbre Blue Bahia est une tr\u00e8s belle pierre.<\/p>\n<p>Elle pr\u00e9sente une magnifique couleur bleue avec des veines naturelles. C'est une pierre qui n\u00e9cessite tr\u00e8s peu d'entretien et qui restera belle pendant des ann\u00e9es. Elle peut \u00eatre utilis\u00e9e \u00e0 l'int\u00e9rieur comme \u00e0 l'ext\u00e9rieur, ce qui en fait un excellent choix pour les projets r\u00e9sidentiels et commerciaux.<\/p>\n<div id=\"ali-anchor-AliPostDhMb-qkngg\" style=\"padding-top: 8px;\" data-section=\"AliPostDhMb-qkngg\" data-section-title=\"Product Description\">\n<div id=\"ali-title-AliPostDhMb-qkngg\" style=\"padding: 8px 0; border-bottom: 1px solid #ddd;\"><span style=\"background-color: #ddd; color: #333; font-weight: bold; padding: 8px 10px; line-height: 12px;\">Description du produit<\/span><\/div>\n<div style=\"padding: 10px 0;\">\n<table class=\"aliDataTable\" style=\"color: #000000; font-family: Arial; font-size: 12px; font-style: normal; font-weight: 400; background-color: #ffffff; width: 746.066px; height: 226px; border: 1px solid #b3b3b3;\">\n<tbody>\n<tr style=\"height: 21px;\">\n<td style=\"border: 1px solid #b3b3b3; width: 162px;\"><strong><span style=\"font-family: arial, helvetica, sans-serif; font-size: 14px;\">Nom du produit :<\/span><\/strong><\/td>\n<td style=\"border: 1px solid #b3b3b3; width: 595.066px;\">Dalle de marbre bleu azul bahia de haute qualit\u00e9 marbre bleu azul marbre bleu savoypour d\u00e9coration murale<\/td>\n<\/tr>\n<tr style=\"height: 21px;\">\n<td style=\"border: 1px solid #b3b3b3; width: 162px;\"><strong><span style=\"font-family: arial, helvetica, sans-serif; font-size: 14px;\">Mat\u00e9riau :<\/span><\/strong><\/td>\n<td style=\"border: 1px solid #b3b3b3; width: 595.066px;\"><span style=\"font-family: arial, helvetica, sans-serif; font-size: 14px;\">Marbre<\/span><\/td>\n<\/tr>\n<tr style=\"height: 21px;\">\n<td style=\"border: 1px solid #b3b3b3; width: 162px;\"><strong><span style=\"font-family: arial, helvetica, sans-serif; font-size: 14px;\">Couleur :<\/span><\/strong><\/td>\n<td style=\"border: 1px solid #b3b3b3; width: 595.066px;\"><span style=\"font-family: arial, helvetica, sans-serif; font-size: 14px;\">Blanc, beige, noir, marron, gris, rouge, vert, bleu, etc.<\/span><\/td>\n<\/tr>\n<tr style=\"height: 21px;\">\n<td style=\"border: 1px solid #b3b3b3; width: 162px;\" rowspan=\"3\"><strong><span style=\"font-family: arial, helvetica, sans-serif; font-size: 14px;\">Taille :<\/span><\/strong><\/td>\n<td style=\"border: 1px solid #b3b3b3; width: 595.066px;\"><span style=\"font-family: arial, helvetica, sans-serif; font-size: 14px;\"><span style=\"text-decoration: underline;\">Carreaux disponibles<\/span> <\/span><br \/>\n<span style=\"font-family: arial, helvetica, sans-serif; font-size: 14px;\">12\u2032 X 12\u2033,24\u2032 X 24\u2033,12\u2032 X 24\u2033,etc 300x300mm,300x600mm,400x400mm,600x600mm,600\u00d71200,800\u00d7800,etc<\/span><\/td>\n<\/tr>\n<tr style=\"height: 21px;\">\n<td style=\"border: 1px solid #b3b3b3; width: 595.066px;\"><span style=\"font-family: arial, helvetica, sans-serif; font-size: 14px;\"><span style=\"text-decoration: underline;\">Grandes dalles disponibles<\/span>\u00a0 \u00a0 \u00a0 \u00a0 \u00a0 \u00a0 \u00a0 \u00a0 \u00a0 \u00a0 \u00a0 \u00a0 \u00a0 \u00a0 \u00a0 \u00a0 \u00a0 \u00a0 \u00a0 \u00a0 \u00a0 \u00a0 \u00a0 \u00a0 \u00a0 \u00a0 \u00a0 \u00a0 \u00a0 \u00a0 \u00a0 \u00a0 \u00a0 \u00a0 \u00a0 \u00a0 \u00a0 \u00a0 \u00a0 \u00a0 \u00a0 \u00a0 \u00a0 \u00a0 \u00a0 \u00a0 \u00a0 \u00a0 \u00a0 \u00a0 \u00a0 \u00a0 \u00a0 240cmUpx120UP<\/span><\/td>\n<\/tr>\n<tr style=\"height: 21px;\">\n<td style=\"border: 1px solid #b3b3b3; width: 595.066px;\"><span style=\"font-family: arial, helvetica, sans-serif; font-size: 14px;\">Des sp\u00e9cifications personnalis\u00e9es sont disponibles<\/span><\/td>\n<\/tr>\n<tr style=\"height: 21px;\">\n<td style=\"border: 1px solid #b3b3b3; width: 162px;\"><strong><span style=\"font-family: arial, helvetica, sans-serif; font-size: 14px;\">Tol\u00e9rance d'\u00e9paisseur :<\/span><\/strong><\/td>\n<td style=\"border: 1px solid #b3b3b3; width: 595.066px;\"><span style=\"font-size: 14px; font-family: arial, helvetica, sans-serif;\">\u00b10,05mm, \u00b11mm, \u00b11,5mm, \u00b12mm, selon les exigences de qualit\u00e9 du client<\/span><\/td>\n<\/tr>\n<tr style=\"height: 21px;\">\n<td style=\"border: 1px solid #b3b3b3; width: 162px;\"><strong><span style=\"font-family: arial, helvetica, sans-serif; font-size: 14px;\">Surface :<\/span><\/strong><\/td>\n<td style=\"border: 1px solid #b3b3b3; width: 595.066px;\"><span style=\"font-size: 14px; font-family: arial, helvetica, sans-serif;\">Poli, adouci, assorti au livre, antique, rainur\u00e9, bross\u00e9, d\u00e9cap\u00e9, sabl\u00e9, jet d'eau, etc.<\/span><\/td>\n<\/tr>\n<tr style=\"height: auto;\">\n<td style=\"border: 1px solid #b3b3b3; width: 162px;\"><strong><span style=\"font-family: arial, helvetica, sans-serif; font-size: 14px;\">Emballage :<\/span><\/strong><\/td>\n<td style=\"border: 1px solid #b3b3b3; width: 595.066px;\"><span style=\"font-family: arial, helvetica, sans-serif; font-size: 14px;\"> Fardeaux et caisses en bois en \u00e9tat de navigabilit\u00e9<\/span><\/td>\n<\/tr>\n<tr style=\"height: 21px;\">\n<td style=\"border: 1px solid #b3b3b3; width: 162px;\"><strong><span style=\"font-family: arial, helvetica, sans-serif; font-size: 14px;\">Application :<\/span><\/strong><\/td>\n<td style=\"border: 1px solid #b3b3b3; width: 595.066px;\"><span style=\"font-family: arial, helvetica, sans-serif; font-size: 14px;\">Mur int\u00e9rieur, sol, plinthe, mur de fond, comptoir, escalier, etc.<\/span><\/td>\n<\/tr>\n<tr style=\"height: 21px;\">\n<td style=\"border: 1px solid #b3b3b3; width: 162px;\"><strong><span style=\"font-family: arial, helvetica, sans-serif; font-size: 14px;\">D\u00e9lai de livraison :<\/span><\/strong><\/td>\n<td style=\"border: 1px solid #b3b3b3; width: 595.066px;\"><span style=\"font-family: arial, helvetica, sans-serif; font-size: 14px;\"> 15-20 jours pour les tailles normales<\/span><\/td>\n<\/tr>\n<tr style=\"height: 21px;\">\n<td style=\"border: 1px solid #b3b3b3; width: 162px;\"><strong><span style=\"font-family: arial, helvetica, sans-serif; font-size: 14px;\">Certificat :<\/span><\/strong><\/td>\n<td style=\"border: 1px solid #b3b3b3; width: 595.066px;\"><span style=\"font-family: arial, helvetica, sans-serif; font-size: 14px;\">CE, SGS<\/span><\/td>\n<\/tr>\n<tr style=\"height: 21px;\">\n<td style=\"border: 1px solid #b3b3b3; width: 162px;\"><strong><span style=\"font-family: arial, helvetica, sans-serif; font-size: 14px;\">Conditions de paiement :<\/span><\/strong><\/td>\n<td style=\"border: 1px solid #b3b3b3; width: 595.066px;\"><span style=\"font-family: arial, helvetica, sans-serif; font-size: 14px;\">T\/T, L\/C, D\/P<\/span><\/td>\n<\/tr>\n<tr style=\"height: 42px;\">\n<td style=\"border: 1px solid #b3b3b3; width: 162px;\"><strong><span style=\"font-family: arial, helvetica, sans-serif; font-size: 14px;\">Avantage :<\/span><\/strong><\/td>\n<td style=\"border: 1px solid #b3b3b3; width: 595.066px;\"><span style=\"font-family: arial, helvetica, sans-serif; font-size: 14px;\">1) Service unique pour la pierre ;<\/span><\/p>\n<p><span style=\"font-family: arial, helvetica, sans-serif; font-size: 14px;\">2) Poss\u00e9der 3 carri\u00e8res et 9 usines ;<\/span><\/p>\n<p><span style=\"font-family: arial, helvetica, sans-serif; font-size: 14px;\">3) Des supports technologiques de pointe.<\/span><\/td>\n<\/tr>\n<tr style=\"height: 42px;\">\n<td style=\"border: 1px solid #b3b3b3; width: 162px;\"><strong><span style=\"font-family: arial, helvetica, sans-serif; font-size: 14px;\">Assurance de la qualit\u00e9 et de la livraison :\u00a0<\/span><\/strong><\/td>\n<td style=\"border: 1px solid #b3b3b3; width: 595.066px;\"><span style=\"font-family: arial, helvetica, sans-serif; font-size: 14px;\">Tout au long du processus de production, du choix des mat\u00e9riaux \u00e0 l'emballage en passant par la fabrication, notre service de contr\u00f4le de la qualit\u00e9 contr\u00f4le rigoureusement chaque pi\u00e8ce et chaque processus afin de garantir le respect des normes de qualit\u00e9 et le respect des d\u00e9lais de livraison.<\/span><\/td>\n<\/tr>\n<\/tbody>\n<\/table>\n<p><img loading=\"lazy\" decoding=\"async\" class=\"alignnone size-full wp-image-26191\" src=\"http:\/\/stone-phoenix.com\/wp-content\/uploads\/2023\/12\/Blue-Marble-Tiles-Azul-Bahia-Blue-Marble-Slab-7.jpg\" alt=\"\" width=\"1104\" height=\"739\" srcset=\"https:\/\/stone-phoenix.com\/wp-content\/uploads\/2023\/12\/Blue-Marble-Tiles-Azul-Bahia-Blue-Marble-Slab-7.jpg 1104w, https:\/\/stone-phoenix.com\/wp-content\/uploads\/2023\/12\/Blue-Marble-Tiles-Azul-Bahia-Blue-Marble-Slab-7-300x201.jpg 300w, https:\/\/stone-phoenix.com\/wp-content\/uploads\/2023\/12\/Blue-Marble-Tiles-Azul-Bahia-Blue-Marble-Slab-7-1024x685.jpg 1024w, https:\/\/stone-phoenix.com\/wp-content\/uploads\/2023\/12\/Blue-Marble-Tiles-Azul-Bahia-Blue-Marble-Slab-7-768x514.jpg 768w, https:\/\/stone-phoenix.com\/wp-content\/uploads\/2023\/12\/Blue-Marble-Tiles-Azul-Bahia-Blue-Marble-Slab-7-18x12.jpg 18w, https:\/\/stone-phoenix.com\/wp-content\/uploads\/2023\/12\/Blue-Marble-Tiles-Azul-Bahia-Blue-Marble-Slab-7-600x402.jpg 600w, https:\/\/stone-phoenix.com\/wp-content\/uploads\/2023\/12\/Blue-Marble-Tiles-Azul-Bahia-Blue-Marble-Slab-7-150x100.jpg 150w\" sizes=\"(max-width: 1104px) 100vw, 1104px\" \/><br \/>\n<img loading=\"lazy\" decoding=\"async\" class=\"alignnone size-full wp-image-21453\" src=\"http:\/\/stone-phoenix.com\/wp-content\/uploads\/2023\/12\/1703884250.jpg\" width=\"750\" height=\"750\" srcset=\"https:\/\/stone-phoenix.com\/wp-content\/uploads\/2023\/12\/1703884250.jpg 750w, https:\/\/stone-phoenix.com\/wp-content\/uploads\/2023\/12\/1703884250-300x300.jpg 300w, https:\/\/stone-phoenix.com\/wp-content\/uploads\/2023\/12\/1703884250-150x150.jpg 150w, https:\/\/stone-phoenix.com\/wp-content\/uploads\/2023\/12\/1703884250-12x12.jpg 12w, https:\/\/stone-phoenix.com\/wp-content\/uploads\/2023\/12\/1703884250-600x600.jpg 600w\" sizes=\"(max-width: 750px) 100vw, 750px\" \/><\/p>\n<p><img loading=\"lazy\" decoding=\"async\" class=\"alignnone size-full wp-image-21454\" src=\"http:\/\/stone-phoenix.com\/wp-content\/uploads\/2023\/12\/1703884251.jpg\" width=\"750\" height=\"750\" srcset=\"https:\/\/stone-phoenix.com\/wp-content\/uploads\/2023\/12\/1703884251.jpg 750w, https:\/\/stone-phoenix.com\/wp-content\/uploads\/2023\/12\/1703884251-300x300.jpg 300w, https:\/\/stone-phoenix.com\/wp-content\/uploads\/2023\/12\/1703884251-150x150.jpg 150w, https:\/\/stone-phoenix.com\/wp-content\/uploads\/2023\/12\/1703884251-12x12.jpg 12w, https:\/\/stone-phoenix.com\/wp-content\/uploads\/2023\/12\/1703884251-600x600.jpg 600w\" sizes=\"(max-width: 750px) 100vw, 750px\" \/><br \/>\n<img loading=\"lazy\" decoding=\"async\" class=\"alignnone size-full wp-image-21455\" src=\"http:\/\/stone-phoenix.com\/wp-content\/uploads\/2023\/12\/1703884252.jpg\" width=\"750\" height=\"750\" srcset=\"https:\/\/stone-phoenix.com\/wp-content\/uploads\/2023\/12\/1703884252.jpg 750w, https:\/\/stone-phoenix.com\/wp-content\/uploads\/2023\/12\/1703884252-300x300.jpg 300w, https:\/\/stone-phoenix.com\/wp-content\/uploads\/2023\/12\/1703884252-150x150.jpg 150w, https:\/\/stone-phoenix.com\/wp-content\/uploads\/2023\/12\/1703884252-12x12.jpg 12w, https:\/\/stone-phoenix.com\/wp-content\/uploads\/2023\/12\/1703884252-600x600.jpg 600w\" sizes=\"(max-width: 750px) 100vw, 750px\" \/><\/p>\n<p><a href=\"https:\/\/longtopstone.com\/product\/blue-marble-slab\/\">Voir plus de produits&gt;&gt;&gt;<\/a><\/p>\n<\/div>\n<\/div>\n<\/div>","protected":false},"excerpt":{"rendered":"<p>Blue Marble Tiles Azul Bahia Blue Marble Slab savoy marble for wall decoration Azul Bahia Blue Marble Slab is a<\/p>","protected":false},"featured_media":26185,"template":"","meta":[],"product_cat":[113],"product_tag":[],"_links":{"self":[{"href":"https:\/\/stone-phoenix.com\/fr\/wp-json\/wp\/v2\/product\/21450"}],"collection":[{"href":"https:\/\/stone-phoenix.com\/fr\/wp-json\/wp\/v2\/product"}],"about":[{"href":"https:\/\/stone-phoenix.com\/fr\/wp-json\/wp\/v2\/types\/product"}],"wp:featuredmedia":[{"embeddable":true,"href":"https:\/\/stone-phoenix.com\/fr\/wp-json\/wp\/v2\/media\/26185"}],"wp:attachment":[{"href":"https:\/\/stone-phoenix.com\/fr\/wp-json\/wp\/v2\/media?parent=21450"}],"wp:term":[{"taxonomy":"product_cat","embeddable":true,"href":"https:\/\/stone-phoenix.com\/fr\/wp-json\/wp\/v2\/product_cat?post=21450"},{"taxonomy":"product_tag","embeddable":true,"href":"https:\/\/stone-phoenix.com\/fr\/wp-json\/wp\/v2\/product_tag?post=21450"}],"curies":[{"name":"wp","href":"https:\/\/api.w.org\/{rel}","templated":true}]}}