{"id":21456,"date":"2023-12-29T21:11:10","date_gmt":"2023-12-29T13:11:10","guid":{"rendered":"http:\/\/stone-phoenix.com\/product\/calacatta-oro-marble-price-custom-white-italy"},"modified":"2024-03-25T22:37:31","modified_gmt":"2024-03-25T14:37:31","slug":"calacatta-oro-marble-price-custom-white-italy","status":"publish","type":"product","link":"https:\/\/stone-phoenix.com\/fr\/produit\/calacatta-oro-marble-price-custom-white-italy","title":{"rendered":"Calacatta Oro Marble Price Custom White Italy"},"content":{"rendered":"<div id=\"tab-description\" class=\"woocommerce-Tabs-panel woocommerce-Tabs-panel--description panel entry-content wc-tab\" role=\"tabpanel\" aria-labelledby=\"tab-title-description\">\n<div id=\"ali-anchor-AliPostDhMb-qkngg\" style=\"padding-top: 8px;\" data-section=\"AliPostDhMb-qkngg\" data-section-title=\"Product Description\">\n<div>Le marbre Calacatta Oro est un marbre de premi\u00e8re qualit\u00e9 avec un veinage dor\u00e9 clair distinctif et une couleur riche et chaude qui passe du cr\u00e8me \u00e0 l'ivoire en fonction de la source de lumi\u00e8re. Le marbre Calacatta est id\u00e9al pour les applications r\u00e9sidentielles et commerciales - utilisez-le comme accent ou comme mat\u00e9riau pour la cuisine, la salle de bains, le pourtour des chemin\u00e9es ou le rev\u00eatement de sol de votre maison.<\/div>\n<div>Un marbre rare qui offre la chaleur de l'or et la douceur de l'ivoire. Pour ceux qui ont toujours voulu avoir un coin de paradis dans leur maison, Calacatta Oro est l'option parfaite. Calacatta est la pierre dor\u00e9e la plus populaire et est situ\u00e9e en C\u00f4te d'Ivoire.<\/div>\n<div>Le marbre Calacatta se caract\u00e9rise par une finition tr\u00e8s satin\u00e9e ou polie et pr\u00e9sente g\u00e9n\u00e9ralement des teintes douces et chaudes de beige avec des nuances de brun jaun\u00e2tre. Ce marbre gagne en popularit\u00e9 aupr\u00e8s des designers car il peut \u00eatre combin\u00e9 avec n'importe quelle autre couleur pour cr\u00e9er un look classique.<\/div>\n<div>Un marbre adouci marbr\u00e9 avec un fond gris clair et un tourbillon de marbre brun dor\u00e9 chaud \u00e0 l'int\u00e9rieur. Il pr\u00e9sente un veinage fin, des variations minimes de ton et de couleur, et peut pr\u00e9senter une l\u00e9g\u00e8re teinte orang\u00e9e sous certaines lumi\u00e8res. <a href=\"https:\/\/longtopstone.com\/contact\/\">nous contacter<\/a>.<\/div>\n<div id=\"ali-title-AliPostDhMb-qkngg\" style=\"padding: 8px 0; border-bottom: 1px solid #ddd;\"><span style=\"background-color: #ddd; color: #333; font-weight: bold; padding: 8px 10px; line-height: 12px;\">Description du produit<\/span><\/div>\n<div style=\"padding: 10px 0;\">\n<table class=\"aliDataTable\" style=\"color: #000000; font-family: Arial; font-size: 12px; font-style: normal; font-weight: 400; background-color: #ffffff; width: 746.066px; height: 226px; border: 1px solid #b3b3b3;\">\n<tbody>\n<tr style=\"height: 21px;\">\n<td style=\"border: 1px solid #b3b3b3; width: 162px;\"><strong><span style=\"font-family: arial, helvetica, sans-serif; font-size: 14px;\">Nom du produit :<\/span><\/strong><\/td>\n<td style=\"border: 1px solid #b3b3b3; width: 595.066px;\"><span style=\"font-family: arial, helvetica, sans-serif; font-size: 14px;\">Marbre divers<\/span><\/td>\n<\/tr>\n<tr style=\"height: 21px;\">\n<td style=\"border: 1px solid #b3b3b3; width: 162px;\"><strong><span style=\"font-family: arial, helvetica, sans-serif; font-size: 14px;\">Mat\u00e9riau :<\/span><\/strong><\/td>\n<td style=\"border: 1px solid #b3b3b3; width: 595.066px;\"><span style=\"font-family: arial, helvetica, sans-serif; font-size: 14px;\">Marbre<\/span><\/td>\n<\/tr>\n<tr style=\"height: 21px;\">\n<td style=\"border: 1px solid #b3b3b3; width: 162px;\"><strong><span style=\"font-family: arial, helvetica, sans-serif; font-size: 14px;\">Couleur :<\/span><\/strong><\/td>\n<td style=\"border: 1px solid #b3b3b3; width: 595.066px;\"><span style=\"font-family: arial, helvetica, sans-serif; font-size: 14px;\">Blanc, beige, noir, marron, gris, rouge, vert, bleu, etc.<\/span><\/td>\n<\/tr>\n<tr style=\"height: 21px;\">\n<td style=\"border: 1px solid #b3b3b3; width: 162px;\" rowspan=\"3\"><strong><span style=\"font-family: arial, helvetica, sans-serif; font-size: 14px;\">Taille :<\/span><\/strong><\/td>\n<td style=\"border: 1px solid #b3b3b3; width: 595.066px;\"><span style=\"font-family: arial, helvetica, sans-serif; font-size: 14px;\"><span style=\"text-decoration: underline;\">Carreaux disponibles<\/span> <\/span><br \/>\n<span style=\"font-family: arial, helvetica, sans-serif; font-size: 14px;\">12\u2032 X 12\u2033,24\u2032 X 24\u2033,12\u2032 X 24\u2033,etc 300x300mm,300x600mm,400x400mm,600x600mm,600\u00d71200,800\u00d7800,etc<\/span><\/td>\n<\/tr>\n<tr style=\"height: 21px;\">\n<td style=\"border: 1px solid #b3b3b3; width: 595.066px;\"><span style=\"font-family: arial, helvetica, sans-serif; font-size: 14px;\"><span style=\"text-decoration: underline;\">Grandes dalles disponibles<\/span>\u00a0 \u00a0 \u00a0 \u00a0 \u00a0 \u00a0 \u00a0 \u00a0 \u00a0 \u00a0 \u00a0 \u00a0 \u00a0 \u00a0 \u00a0 \u00a0 \u00a0 \u00a0 \u00a0 \u00a0 \u00a0 \u00a0 \u00a0 \u00a0 \u00a0 \u00a0 \u00a0 \u00a0 \u00a0 \u00a0 \u00a0 \u00a0 \u00a0 \u00a0 \u00a0 \u00a0 \u00a0 \u00a0 \u00a0 \u00a0 \u00a0 \u00a0 \u00a0 \u00a0 \u00a0 \u00a0 \u00a0 \u00a0 \u00a0 \u00a0 \u00a0 \u00a0 \u00a0 240cmUpx120UP<\/span><\/td>\n<\/tr>\n<tr style=\"height: 21px;\">\n<td style=\"border: 1px solid #b3b3b3; width: 595.066px;\"><span style=\"font-family: arial, helvetica, sans-serif; font-size: 14px;\">Des sp\u00e9cifications personnalis\u00e9es sont disponibles<\/span><\/td>\n<\/tr>\n<tr style=\"height: 21px;\">\n<td style=\"border: 1px solid #b3b3b3; width: 162px;\"><strong><span style=\"font-family: arial, helvetica, sans-serif; font-size: 14px;\">Tol\u00e9rance d'\u00e9paisseur :<\/span><\/strong><\/td>\n<td style=\"border: 1px solid #b3b3b3; width: 595.066px;\"><span style=\"font-size: 14px; font-family: arial, helvetica, sans-serif;\">\u00b10,05mm, \u00b11mm, \u00b11,5mm, \u00b12mm, selon les exigences de qualit\u00e9 du client<\/span><\/td>\n<\/tr>\n<tr style=\"height: 21px;\">\n<td style=\"border: 1px solid #b3b3b3; width: 162px;\"><strong><span style=\"font-family: arial, helvetica, sans-serif; font-size: 14px;\">Surface :<\/span><\/strong><\/td>\n<td style=\"border: 1px solid #b3b3b3; width: 595.066px;\"><span style=\"font-size: 14px; font-family: arial, helvetica, sans-serif;\">Poli, adouci, assorti au livre, antique, rainur\u00e9, bross\u00e9, d\u00e9cap\u00e9, sabl\u00e9, jet d'eau, etc.<\/span><\/td>\n<\/tr>\n<tr style=\"height: auto;\">\n<td style=\"border: 1px solid #b3b3b3; width: 162px;\"><strong><span style=\"font-family: arial, helvetica, sans-serif; font-size: 14px;\">Emballage :<\/span><\/strong><\/td>\n<td style=\"border: 1px solid #b3b3b3; width: 595.066px;\"><span style=\"font-family: arial, helvetica, sans-serif; font-size: 14px;\"> Fardeaux et caisses en bois en \u00e9tat de navigabilit\u00e9<\/span><\/td>\n<\/tr>\n<tr style=\"height: 21px;\">\n<td style=\"border: 1px solid #b3b3b3; width: 162px;\"><strong><span style=\"font-family: arial, helvetica, sans-serif; font-size: 14px;\">Application :<\/span><\/strong><\/td>\n<td style=\"border: 1px solid #b3b3b3; width: 595.066px;\"><span style=\"font-family: arial, helvetica, sans-serif; font-size: 14px;\">Mur int\u00e9rieur, sol, plinthe, mur de fond, comptoir, escalier, etc.<\/span><\/td>\n<\/tr>\n<tr style=\"height: 21px;\">\n<td style=\"border: 1px solid #b3b3b3; width: 162px;\"><strong><span style=\"font-family: arial, helvetica, sans-serif; font-size: 14px;\">D\u00e9lai de livraison :<\/span><\/strong><\/td>\n<td style=\"border: 1px solid #b3b3b3; width: 595.066px;\"><span style=\"font-family: arial, helvetica, sans-serif; font-size: 14px;\"> 15-20 jours pour les tailles normales<\/span><\/td>\n<\/tr>\n<tr style=\"height: 21px;\">\n<td style=\"border: 1px solid #b3b3b3; width: 162px;\"><strong><span style=\"font-family: arial, helvetica, sans-serif; font-size: 14px;\">Certificat :<\/span><\/strong><\/td>\n<td style=\"border: 1px solid #b3b3b3; width: 595.066px;\"><span style=\"font-family: arial, helvetica, sans-serif; font-size: 14px;\">CE, SGS<\/span><\/td>\n<\/tr>\n<tr style=\"height: 21px;\">\n<td style=\"border: 1px solid #b3b3b3; width: 162px;\"><strong><span style=\"font-family: arial, helvetica, sans-serif; font-size: 14px;\">Conditions de paiement :<\/span><\/strong><\/td>\n<td style=\"border: 1px solid #b3b3b3; width: 595.066px;\"><span style=\"font-family: arial, helvetica, sans-serif; font-size: 14px;\">T\/T, L\/C, D\/P<\/span><\/td>\n<\/tr>\n<tr style=\"height: 42px;\">\n<td style=\"border: 1px solid #b3b3b3; width: 162px;\"><strong><span style=\"font-family: arial, helvetica, sans-serif; font-size: 14px;\">Avantage :<\/span><\/strong><\/td>\n<td style=\"border: 1px solid #b3b3b3; width: 595.066px;\"><span style=\"font-family: arial, helvetica, sans-serif; font-size: 14px;\">1) Service unique pour la pierre ;<\/span><\/p>\n<p><span style=\"font-family: arial, helvetica, sans-serif; font-size: 14px;\">2) Poss\u00e9der 3 carri\u00e8res et 9 usines ;<\/span><\/p>\n<p><span style=\"font-family: arial, helvetica, sans-serif; font-size: 14px;\">3) Des supports technologiques de pointe.<\/span><\/td>\n<\/tr>\n<tr style=\"height: 42px;\">\n<td style=\"border: 1px solid #b3b3b3; width: 162px;\"><strong><span style=\"font-family: arial, helvetica, sans-serif; font-size: 14px;\">Assurance de la qualit\u00e9 et de la livraison :\u00a0<\/span><\/strong><\/td>\n<td style=\"border: 1px solid #b3b3b3; width: 595.066px;\"><span style=\"font-family: arial, helvetica, sans-serif; font-size: 14px;\">Tout au long du processus de production, du choix des mat\u00e9riaux \u00e0 l'emballage en passant par la fabrication, notre service de contr\u00f4le de la qualit\u00e9 contr\u00f4le rigoureusement chaque pi\u00e8ce et chaque processus afin de garantir le respect des normes de qualit\u00e9 et le respect des d\u00e9lais de livraison.<\/span><\/td>\n<\/tr>\n<\/tbody>\n<\/table>\n<p>&nbsp;<\/p>\n<p>&nbsp;<\/p>\n<p><img loading=\"lazy\" decoding=\"async\" class=\"alignnone size-full wp-image-26178\" src=\"http:\/\/stone-phoenix.com\/wp-content\/uploads\/2023\/12\/Calacatta-Oro-Marble-Price-Custom-White-Italy-4.jpg\" alt=\"\" width=\"1122\" height=\"769\" srcset=\"https:\/\/stone-phoenix.com\/wp-content\/uploads\/2023\/12\/Calacatta-Oro-Marble-Price-Custom-White-Italy-4.jpg 1122w, https:\/\/stone-phoenix.com\/wp-content\/uploads\/2023\/12\/Calacatta-Oro-Marble-Price-Custom-White-Italy-4-300x206.jpg 300w, https:\/\/stone-phoenix.com\/wp-content\/uploads\/2023\/12\/Calacatta-Oro-Marble-Price-Custom-White-Italy-4-1024x702.jpg 1024w, https:\/\/stone-phoenix.com\/wp-content\/uploads\/2023\/12\/Calacatta-Oro-Marble-Price-Custom-White-Italy-4-768x526.jpg 768w, https:\/\/stone-phoenix.com\/wp-content\/uploads\/2023\/12\/Calacatta-Oro-Marble-Price-Custom-White-Italy-4-18x12.jpg 18w, https:\/\/stone-phoenix.com\/wp-content\/uploads\/2023\/12\/Calacatta-Oro-Marble-Price-Custom-White-Italy-4-600x411.jpg 600w, https:\/\/stone-phoenix.com\/wp-content\/uploads\/2023\/12\/Calacatta-Oro-Marble-Price-Custom-White-Italy-4-150x103.jpg 150w\" sizes=\"(max-width: 1122px) 100vw, 1122px\" \/><img loading=\"lazy\" decoding=\"async\" class=\"alignnone size-full wp-image-26179\" src=\"http:\/\/stone-phoenix.com\/wp-content\/uploads\/2023\/12\/Calacatta-Oro-Marble-Price-Custom-White-Italy-5.jpg\" alt=\"\" width=\"1113\" height=\"838\" srcset=\"https:\/\/stone-phoenix.com\/wp-content\/uploads\/2023\/12\/Calacatta-Oro-Marble-Price-Custom-White-Italy-5.jpg 1113w, https:\/\/stone-phoenix.com\/wp-content\/uploads\/2023\/12\/Calacatta-Oro-Marble-Price-Custom-White-Italy-5-300x226.jpg 300w, https:\/\/stone-phoenix.com\/wp-content\/uploads\/2023\/12\/Calacatta-Oro-Marble-Price-Custom-White-Italy-5-1024x771.jpg 1024w, https:\/\/stone-phoenix.com\/wp-content\/uploads\/2023\/12\/Calacatta-Oro-Marble-Price-Custom-White-Italy-5-768x578.jpg 768w, https:\/\/stone-phoenix.com\/wp-content\/uploads\/2023\/12\/Calacatta-Oro-Marble-Price-Custom-White-Italy-5-16x12.jpg 16w, https:\/\/stone-phoenix.com\/wp-content\/uploads\/2023\/12\/Calacatta-Oro-Marble-Price-Custom-White-Italy-5-600x452.jpg 600w, https:\/\/stone-phoenix.com\/wp-content\/uploads\/2023\/12\/Calacatta-Oro-Marble-Price-Custom-White-Italy-5-150x113.jpg 150w\" sizes=\"(max-width: 1113px) 100vw, 1113px\" \/><img loading=\"lazy\" decoding=\"async\" class=\"alignnone size-full wp-image-26180\" src=\"http:\/\/stone-phoenix.com\/wp-content\/uploads\/2023\/12\/Calacatta-Oro-Marble-Price-Custom-White-Italy-6.jpg\" alt=\"\" width=\"1117\" height=\"862\" srcset=\"https:\/\/stone-phoenix.com\/wp-content\/uploads\/2023\/12\/Calacatta-Oro-Marble-Price-Custom-White-Italy-6.jpg 1117w, https:\/\/stone-phoenix.com\/wp-content\/uploads\/2023\/12\/Calacatta-Oro-Marble-Price-Custom-White-Italy-6-300x232.jpg 300w, https:\/\/stone-phoenix.com\/wp-content\/uploads\/2023\/12\/Calacatta-Oro-Marble-Price-Custom-White-Italy-6-1024x790.jpg 1024w, https:\/\/stone-phoenix.com\/wp-content\/uploads\/2023\/12\/Calacatta-Oro-Marble-Price-Custom-White-Italy-6-768x593.jpg 768w, https:\/\/stone-phoenix.com\/wp-content\/uploads\/2023\/12\/Calacatta-Oro-Marble-Price-Custom-White-Italy-6-16x12.jpg 16w, https:\/\/stone-phoenix.com\/wp-content\/uploads\/2023\/12\/Calacatta-Oro-Marble-Price-Custom-White-Italy-6-600x463.jpg 600w, https:\/\/stone-phoenix.com\/wp-content\/uploads\/2023\/12\/Calacatta-Oro-Marble-Price-Custom-White-Italy-6-150x116.jpg 150w\" sizes=\"(max-width: 1117px) 100vw, 1117px\" \/><\/p>\n<\/div>\n<\/div>\n<\/div>","protected":false},"excerpt":{"rendered":"<p>Calacatta Oro marble is a premium quality marble with a distinctive light golden veining and a rich, warm color that<\/p>","protected":false},"featured_media":26174,"template":"","meta":[],"product_cat":[113],"product_tag":[],"_links":{"self":[{"href":"https:\/\/stone-phoenix.com\/fr\/wp-json\/wp\/v2\/product\/21456"}],"collection":[{"href":"https:\/\/stone-phoenix.com\/fr\/wp-json\/wp\/v2\/product"}],"about":[{"href":"https:\/\/stone-phoenix.com\/fr\/wp-json\/wp\/v2\/types\/product"}],"wp:featuredmedia":[{"embeddable":true,"href":"https:\/\/stone-phoenix.com\/fr\/wp-json\/wp\/v2\/media\/26174"}],"wp:attachment":[{"href":"https:\/\/stone-phoenix.com\/fr\/wp-json\/wp\/v2\/media?parent=21456"}],"wp:term":[{"taxonomy":"product_cat","embeddable":true,"href":"https:\/\/stone-phoenix.com\/fr\/wp-json\/wp\/v2\/product_cat?post=21456"},{"taxonomy":"product_tag","embeddable":true,"href":"https:\/\/stone-phoenix.com\/fr\/wp-json\/wp\/v2\/product_tag?post=21456"}],"curies":[{"name":"wp","href":"https:\/\/api.w.org\/{rel}","templated":true}]}}