{"id":21465,"date":"2023-12-29T21:12:14","date_gmt":"2023-12-29T13:12:14","guid":{"rendered":"http:\/\/stone-phoenix.com\/product\/blue-savoy-marble-sky-blue-marble-brazil-blue-marble-for-wall-decoration"},"modified":"2024-03-25T22:28:26","modified_gmt":"2024-03-25T14:28:26","slug":"blue-savoy-marble-sky-blue-marble-brazil-blue-marble-for-wall-decoration","status":"publish","type":"product","link":"https:\/\/stone-phoenix.com\/fr\/produit\/blue-savoy-marble-sky-blue-marble-brazil-blue-marble-for-wall-decoration","title":{"rendered":"marbre bleu de savoie marbre bleu ciel marbre bleu du br\u00e9sil pour d\u00e9coration murale"},"content":{"rendered":"<div id=\"tab-description\" class=\"woocommerce-Tabs-panel woocommerce-Tabs-panel--description panel entry-content wc-tab\" role=\"tabpanel\" aria-labelledby=\"tab-title-description\">\n<h2>Marbre bleu de Savoie de haute qualit\u00e9 marbre bleu ciel marbre bleu du Br\u00e9sil pour d\u00e9coration murale<\/h2>\n<p>Le marbre bleu de Savoie est un bleu gris\u00e2tre avec des reflets verts. Il est le r\u00e9sultat du m\u00e9lange de ces deux couleurs. Cette pierre est durable, brillante et compos\u00e9e \u00e0 100 % de marbre v\u00e9ritable. Ce marbre est id\u00e9al pour un usage r\u00e9sidentiel, commercial ou industriel et peut \u00eatre utilis\u00e9 comme carrelage mural ou carrelage de sol.<\/p>\n<p>Le marbre bleu de Savoie est une pierre classique qui donne un aspect unique \u00e0 tout espace. La couleur de cette pierre naturelle est un bleu doux avec des reflets verd\u00e2tres, et sa surface lisse met en valeur ses veines et son veinage complexes.Magnifique marbre bleu de Savoie en finition polie. Ce marbre est parfait comme rev\u00eatement de sol int\u00e9rieur ou ext\u00e9rieur.<\/p>\n<p>Les marbres sont tr\u00e8s faciles \u00e0 entretenir et \u00e0 nettoyer, r\u00e9sistants \u00e0 l'eau, aux acides et aux sels.Le marbre bleu a un aspect terreux qui ne manquera pas d'ajouter une touche de sophistication \u00e0 votre maison, il a une texture et un aspect uniques.C'est une pierre rare qui peut \u00eatre install\u00e9e dans les comptoirs, les sols et les colonnes....<\/p>\n<div id=\"ali-anchor-AliPostDhMb-qkngg\" style=\"padding-top: 8px;\" data-section=\"AliPostDhMb-qkngg\" data-section-title=\"Product Description\">\n<div id=\"ali-title-AliPostDhMb-qkngg\" style=\"padding: 8px 0; border-bottom: 1px solid #ddd;\"><span style=\"background-color: #ddd; color: #333; font-weight: bold; padding: 8px 10px; line-height: 12px;\">Description du produit<\/span><\/div>\n<div style=\"padding: 10px 0;\">\n<table class=\"aliDataTable\" style=\"color: #000000; font-family: Arial; font-size: 12px; font-style: normal; font-weight: 400; background-color: #ffffff; width: 746.066px; height: 226px; border: 1px solid #b3b3b3;\">\n<tbody>\n<tr style=\"height: 21px;\">\n<td style=\"border: 1px solid #b3b3b3; width: 162px;\"><strong><span style=\"font-family: arial, helvetica, sans-serif; font-size: 14px;\">Nom du produit :<\/span><\/strong><\/td>\n<td style=\"border: 1px solid #b3b3b3; width: 595.066px;\">Marbre bleu de Savoie de haute qualit\u00e9 marbre bleu ciel marbre bleu du Br\u00e9sil pour d\u00e9coration murale<\/td>\n<\/tr>\n<tr style=\"height: 21px;\">\n<td style=\"border: 1px solid #b3b3b3; width: 162px;\"><strong><span style=\"font-family: arial, helvetica, sans-serif; font-size: 14px;\">Mat\u00e9riau :<\/span><\/strong><\/td>\n<td style=\"border: 1px solid #b3b3b3; width: 595.066px;\"><span style=\"font-family: arial, helvetica, sans-serif; font-size: 14px;\">Marbre<\/span><\/td>\n<\/tr>\n<tr style=\"height: 21px;\">\n<td style=\"border: 1px solid #b3b3b3; width: 162px;\"><strong><span style=\"font-family: arial, helvetica, sans-serif; font-size: 14px;\">Couleur :<\/span><\/strong><\/td>\n<td style=\"border: 1px solid #b3b3b3; width: 595.066px;\"><span style=\"font-family: arial, helvetica, sans-serif; font-size: 14px;\">Blanc, beige, noir, marron, gris, rouge, vert, bleu, etc.<\/span><\/td>\n<\/tr>\n<tr style=\"height: 21px;\">\n<td style=\"border: 1px solid #b3b3b3; width: 162px;\" rowspan=\"3\"><strong><span style=\"font-family: arial, helvetica, sans-serif; font-size: 14px;\">Taille :<\/span><\/strong><\/td>\n<td style=\"border: 1px solid #b3b3b3; width: 595.066px;\"><span style=\"font-family: arial, helvetica, sans-serif; font-size: 14px;\"><span style=\"text-decoration: underline;\">Carreaux disponibles<\/span> <\/span><br \/>\n<span style=\"font-family: arial, helvetica, sans-serif; font-size: 14px;\">12\u2032 X 12\u2033,24\u2032 X 24\u2033,12\u2032 X 24\u2033,etc 300x300mm,300x600mm,400x400mm,600x600mm,600\u00d71200,800\u00d7800,etc<\/span><\/td>\n<\/tr>\n<tr style=\"height: 21px;\">\n<td style=\"border: 1px solid #b3b3b3; width: 595.066px;\"><span style=\"font-family: arial, helvetica, sans-serif; font-size: 14px;\"><span style=\"text-decoration: underline;\">Grandes dalles disponibles<\/span>\u00a0 \u00a0 \u00a0 \u00a0 \u00a0 \u00a0 \u00a0 \u00a0 \u00a0 \u00a0 \u00a0 \u00a0 \u00a0 \u00a0 \u00a0 \u00a0 \u00a0 \u00a0 \u00a0 \u00a0 \u00a0 \u00a0 \u00a0 \u00a0 \u00a0 \u00a0 \u00a0 \u00a0 \u00a0 \u00a0 \u00a0 \u00a0 \u00a0 \u00a0 \u00a0 \u00a0 \u00a0 \u00a0 \u00a0 \u00a0 \u00a0 \u00a0 \u00a0 \u00a0 \u00a0 \u00a0 \u00a0 \u00a0 \u00a0 \u00a0 \u00a0 \u00a0 \u00a0 240cmUpx120UP<\/span><\/td>\n<\/tr>\n<tr style=\"height: 21px;\">\n<td style=\"border: 1px solid #b3b3b3; width: 595.066px;\"><span style=\"font-family: arial, helvetica, sans-serif; font-size: 14px;\">Des sp\u00e9cifications personnalis\u00e9es sont disponibles<\/span><\/td>\n<\/tr>\n<tr style=\"height: 21px;\">\n<td style=\"border: 1px solid #b3b3b3; width: 162px;\"><strong><span style=\"font-family: arial, helvetica, sans-serif; font-size: 14px;\">Tol\u00e9rance d'\u00e9paisseur :<\/span><\/strong><\/td>\n<td style=\"border: 1px solid #b3b3b3; width: 595.066px;\"><span style=\"font-size: 14px; font-family: arial, helvetica, sans-serif;\">\u00b10,05mm, \u00b11mm, \u00b11,5mm, \u00b12mm, selon les exigences de qualit\u00e9 du client<\/span><\/td>\n<\/tr>\n<tr style=\"height: 21px;\">\n<td style=\"border: 1px solid #b3b3b3; width: 162px;\"><strong><span style=\"font-family: arial, helvetica, sans-serif; font-size: 14px;\">Surface :<\/span><\/strong><\/td>\n<td style=\"border: 1px solid #b3b3b3; width: 595.066px;\"><span style=\"font-size: 14px; font-family: arial, helvetica, sans-serif;\">Poli, adouci, assorti au livre, antique, rainur\u00e9, bross\u00e9, d\u00e9cap\u00e9, sabl\u00e9, jet d'eau, etc.<\/span><\/td>\n<\/tr>\n<tr style=\"height: auto;\">\n<td style=\"border: 1px solid #b3b3b3; width: 162px;\"><strong><span style=\"font-family: arial, helvetica, sans-serif; font-size: 14px;\">Emballage :<\/span><\/strong><\/td>\n<td style=\"border: 1px solid #b3b3b3; width: 595.066px;\"><span style=\"font-family: arial, helvetica, sans-serif; font-size: 14px;\"> Fardeaux et caisses en bois en \u00e9tat de navigabilit\u00e9<\/span><\/td>\n<\/tr>\n<tr style=\"height: 21px;\">\n<td style=\"border: 1px solid #b3b3b3; width: 162px;\"><strong><span style=\"font-family: arial, helvetica, sans-serif; font-size: 14px;\">Application :<\/span><\/strong><\/td>\n<td style=\"border: 1px solid #b3b3b3; width: 595.066px;\"><span style=\"font-family: arial, helvetica, sans-serif; font-size: 14px;\">Mur int\u00e9rieur, sol, plinthe, mur de fond, comptoir, escalier, etc.<\/span><\/td>\n<\/tr>\n<tr style=\"height: 21px;\">\n<td style=\"border: 1px solid #b3b3b3; width: 162px;\"><strong><span style=\"font-family: arial, helvetica, sans-serif; font-size: 14px;\">D\u00e9lai de livraison :<\/span><\/strong><\/td>\n<td style=\"border: 1px solid #b3b3b3; width: 595.066px;\"><span style=\"font-family: arial, helvetica, sans-serif; font-size: 14px;\"> 15-20 jours pour les tailles normales<\/span><\/td>\n<\/tr>\n<tr style=\"height: 21px;\">\n<td style=\"border: 1px solid #b3b3b3; width: 162px;\"><strong><span style=\"font-family: arial, helvetica, sans-serif; font-size: 14px;\">Certificat :<\/span><\/strong><\/td>\n<td style=\"border: 1px solid #b3b3b3; width: 595.066px;\"><span style=\"font-family: arial, helvetica, sans-serif; font-size: 14px;\">CE, SGS<\/span><\/td>\n<\/tr>\n<tr style=\"height: 21px;\">\n<td style=\"border: 1px solid #b3b3b3; width: 162px;\"><strong><span style=\"font-family: arial, helvetica, sans-serif; font-size: 14px;\">Conditions de paiement :<\/span><\/strong><\/td>\n<td style=\"border: 1px solid #b3b3b3; width: 595.066px;\"><span style=\"font-family: arial, helvetica, sans-serif; font-size: 14px;\">T\/T, L\/C, D\/P<\/span><\/td>\n<\/tr>\n<tr style=\"height: 42px;\">\n<td style=\"border: 1px solid #b3b3b3; width: 162px;\"><strong><span style=\"font-family: arial, helvetica, sans-serif; font-size: 14px;\">Avantage :<\/span><\/strong><\/td>\n<td style=\"border: 1px solid #b3b3b3; width: 595.066px;\"><span style=\"font-family: arial, helvetica, sans-serif; font-size: 14px;\">1) Service unique pour la pierre ;<\/span><\/p>\n<p><span style=\"font-family: arial, helvetica, sans-serif; font-size: 14px;\">2) Poss\u00e9der 3 carri\u00e8res et 9 usines ;<\/span><\/p>\n<p><span style=\"font-family: arial, helvetica, sans-serif; font-size: 14px;\">3) Des supports technologiques de pointe.<\/span><\/td>\n<\/tr>\n<tr style=\"height: 42px;\">\n<td style=\"border: 1px solid #b3b3b3; width: 162px;\"><strong><span style=\"font-family: arial, helvetica, sans-serif; font-size: 14px;\">Assurance de la qualit\u00e9 et de la livraison :\u00a0<\/span><\/strong><\/td>\n<td style=\"border: 1px solid #b3b3b3; width: 595.066px;\"><span style=\"font-family: arial, helvetica, sans-serif; font-size: 14px;\">Tout au long du processus de production, du choix des mat\u00e9riaux \u00e0 l'emballage en passant par la fabrication, notre service de contr\u00f4le de la qualit\u00e9 contr\u00f4le rigoureusement chaque pi\u00e8ce et chaque processus afin de garantir le respect des normes de qualit\u00e9 et le respect des d\u00e9lais de livraison.<\/span><\/td>\n<\/tr>\n<\/tbody>\n<\/table>\n<p><img loading=\"lazy\" decoding=\"async\" class=\"alignnone size-full wp-image-26170\" src=\"http:\/\/stone-phoenix.com\/wp-content\/uploads\/2023\/12\/blue-savoy-marble-sky-blue-marble-brazil-blue-marble-for-wall-decoration-7.jpg\" alt=\"\" width=\"1105\" height=\"832\" srcset=\"https:\/\/stone-phoenix.com\/wp-content\/uploads\/2023\/12\/blue-savoy-marble-sky-blue-marble-brazil-blue-marble-for-wall-decoration-7.jpg 1105w, https:\/\/stone-phoenix.com\/wp-content\/uploads\/2023\/12\/blue-savoy-marble-sky-blue-marble-brazil-blue-marble-for-wall-decoration-7-300x226.jpg 300w, https:\/\/stone-phoenix.com\/wp-content\/uploads\/2023\/12\/blue-savoy-marble-sky-blue-marble-brazil-blue-marble-for-wall-decoration-7-1024x771.jpg 1024w, https:\/\/stone-phoenix.com\/wp-content\/uploads\/2023\/12\/blue-savoy-marble-sky-blue-marble-brazil-blue-marble-for-wall-decoration-7-768x578.jpg 768w, https:\/\/stone-phoenix.com\/wp-content\/uploads\/2023\/12\/blue-savoy-marble-sky-blue-marble-brazil-blue-marble-for-wall-decoration-7-16x12.jpg 16w, https:\/\/stone-phoenix.com\/wp-content\/uploads\/2023\/12\/blue-savoy-marble-sky-blue-marble-brazil-blue-marble-for-wall-decoration-7-600x452.jpg 600w, https:\/\/stone-phoenix.com\/wp-content\/uploads\/2023\/12\/blue-savoy-marble-sky-blue-marble-brazil-blue-marble-for-wall-decoration-7-150x113.jpg 150w\" sizes=\"(max-width: 1105px) 100vw, 1105px\" \/><img loading=\"lazy\" decoding=\"async\" class=\"alignnone size-full wp-image-26171\" src=\"http:\/\/stone-phoenix.com\/wp-content\/uploads\/2023\/12\/blue-savoy-marble-sky-blue-marble-brazil-blue-marble-for-wall-decoration-8.jpg\" alt=\"\" width=\"1123\" height=\"813\" srcset=\"https:\/\/stone-phoenix.com\/wp-content\/uploads\/2023\/12\/blue-savoy-marble-sky-blue-marble-brazil-blue-marble-for-wall-decoration-8.jpg 1123w, https:\/\/stone-phoenix.com\/wp-content\/uploads\/2023\/12\/blue-savoy-marble-sky-blue-marble-brazil-blue-marble-for-wall-decoration-8-300x217.jpg 300w, https:\/\/stone-phoenix.com\/wp-content\/uploads\/2023\/12\/blue-savoy-marble-sky-blue-marble-brazil-blue-marble-for-wall-decoration-8-1024x741.jpg 1024w, https:\/\/stone-phoenix.com\/wp-content\/uploads\/2023\/12\/blue-savoy-marble-sky-blue-marble-brazil-blue-marble-for-wall-decoration-8-768x556.jpg 768w, https:\/\/stone-phoenix.com\/wp-content\/uploads\/2023\/12\/blue-savoy-marble-sky-blue-marble-brazil-blue-marble-for-wall-decoration-8-18x12.jpg 18w, https:\/\/stone-phoenix.com\/wp-content\/uploads\/2023\/12\/blue-savoy-marble-sky-blue-marble-brazil-blue-marble-for-wall-decoration-8-600x434.jpg 600w, https:\/\/stone-phoenix.com\/wp-content\/uploads\/2023\/12\/blue-savoy-marble-sky-blue-marble-brazil-blue-marble-for-wall-decoration-8-150x109.jpg 150w\" sizes=\"(max-width: 1123px) 100vw, 1123px\" \/><img loading=\"lazy\" decoding=\"async\" class=\"alignnone size-full wp-image-26172\" src=\"http:\/\/stone-phoenix.com\/wp-content\/uploads\/2023\/12\/blue-savoy-marble-sky-blue-marble-brazil-blue-marble-for-wall-decoration-9.jpg\" alt=\"\" width=\"1051\" height=\"840\" srcset=\"https:\/\/stone-phoenix.com\/wp-content\/uploads\/2023\/12\/blue-savoy-marble-sky-blue-marble-brazil-blue-marble-for-wall-decoration-9.jpg 1051w, https:\/\/stone-phoenix.com\/wp-content\/uploads\/2023\/12\/blue-savoy-marble-sky-blue-marble-brazil-blue-marble-for-wall-decoration-9-300x240.jpg 300w, https:\/\/stone-phoenix.com\/wp-content\/uploads\/2023\/12\/blue-savoy-marble-sky-blue-marble-brazil-blue-marble-for-wall-decoration-9-1024x818.jpg 1024w, https:\/\/stone-phoenix.com\/wp-content\/uploads\/2023\/12\/blue-savoy-marble-sky-blue-marble-brazil-blue-marble-for-wall-decoration-9-768x614.jpg 768w, https:\/\/stone-phoenix.com\/wp-content\/uploads\/2023\/12\/blue-savoy-marble-sky-blue-marble-brazil-blue-marble-for-wall-decoration-9-15x12.jpg 15w, https:\/\/stone-phoenix.com\/wp-content\/uploads\/2023\/12\/blue-savoy-marble-sky-blue-marble-brazil-blue-marble-for-wall-decoration-9-600x480.jpg 600w, https:\/\/stone-phoenix.com\/wp-content\/uploads\/2023\/12\/blue-savoy-marble-sky-blue-marble-brazil-blue-marble-for-wall-decoration-9-150x120.jpg 150w\" sizes=\"(max-width: 1051px) 100vw, 1051px\" \/><\/p>\n<p><img loading=\"lazy\" decoding=\"async\" class=\"alignnone  wp-image-21470\" src=\"http:\/\/stone-phoenix.com\/wp-content\/uploads\/2023\/12\/1703884338.jpg\" width=\"953\" height=\"1257\" srcset=\"https:\/\/stone-phoenix.com\/wp-content\/uploads\/2023\/12\/1703884338.jpg 564w, https:\/\/stone-phoenix.com\/wp-content\/uploads\/2023\/12\/1703884338-227x300.jpg 227w, https:\/\/stone-phoenix.com\/wp-content\/uploads\/2023\/12\/1703884338-9x12.jpg 9w, https:\/\/stone-phoenix.com\/wp-content\/uploads\/2023\/12\/1703884338-150x198.jpg 150w\" sizes=\"(max-width: 953px) 100vw, 953px\" \/><\/p>\n<\/div>\n<\/div>\n<\/div>","protected":false},"excerpt":{"rendered":"<p>High quality blue savoy marble sky blue marble brazil blue marble for wall decoration blue savoy marble is a greyish<\/p>","protected":false},"featured_media":26164,"template":"","meta":[],"product_cat":[113],"product_tag":[],"_links":{"self":[{"href":"https:\/\/stone-phoenix.com\/fr\/wp-json\/wp\/v2\/product\/21465"}],"collection":[{"href":"https:\/\/stone-phoenix.com\/fr\/wp-json\/wp\/v2\/product"}],"about":[{"href":"https:\/\/stone-phoenix.com\/fr\/wp-json\/wp\/v2\/types\/product"}],"wp:featuredmedia":[{"embeddable":true,"href":"https:\/\/stone-phoenix.com\/fr\/wp-json\/wp\/v2\/media\/26164"}],"wp:attachment":[{"href":"https:\/\/stone-phoenix.com\/fr\/wp-json\/wp\/v2\/media?parent=21465"}],"wp:term":[{"taxonomy":"product_cat","embeddable":true,"href":"https:\/\/stone-phoenix.com\/fr\/wp-json\/wp\/v2\/product_cat?post=21465"},{"taxonomy":"product_tag","embeddable":true,"href":"https:\/\/stone-phoenix.com\/fr\/wp-json\/wp\/v2\/product_tag?post=21465"}],"curies":[{"name":"wp","href":"https:\/\/api.w.org\/{rel}","templated":true}]}}