{"id":21476,"date":"2023-12-29T21:13:01","date_gmt":"2023-12-29T13:13:01","guid":{"rendered":"http:\/\/stone-phoenix.com\/product\/marble-white-afghanistan-100-natural-polished-marble-tile"},"modified":"2024-03-25T22:12:39","modified_gmt":"2024-03-25T14:12:39","slug":"marble-white-afghanistan-100-natural-polished-marble-tile","status":"publish","type":"product","link":"https:\/\/stone-phoenix.com\/fr\/produit\/marble-white-afghanistan-100-natural-polished-marble-tile","title":{"rendered":"Marble White Afghanistan 100% Carreau de marbre naturel poli"},"content":{"rendered":"<div id=\"tab-description\" class=\"woocommerce-Tabs-panel woocommerce-Tabs-panel--description panel entry-content wc-tab\" role=\"tabpanel\" aria-labelledby=\"tab-title-description\">\n<h2 style=\"text-align: center;\">Marble White Afghanistan 100% Carreau de marbre naturel poli<\/h2>\n<p>Le marbre blanc afghan est un manteau luxueux et moderne, chaud et doux. Il offre un style classique. Il est fabriqu\u00e9 en laine de cachemire de haute qualit\u00e9, ce qui le rend tr\u00e8s confortable et durable. Le marbre blanc est un marbre afghan. Sa belle texture blanche et ses veines fonc\u00e9es lui conf\u00e8rent un aspect unique. Le marbre est facile \u00e0 nettoyer, durable et facile \u00e0 entretenir !<\/p>\n<p>L'excellent marbre blanc est une pierre incroyablement polyvalente. ce marbre peut \u00eatre associ\u00e9 \u00e0 n'importe quelle d\u00e9coration d'int\u00e9rieur pour apporter un sentiment de raffinement et d'\u00e9l\u00e9gance \u00e0 n'importe quel espace.les beaux marbres fins de couleur blanche sont une partie tr\u00e8s importante de notre vie. La chose la plus importante est de pouvoir assister au marbre blanc et qu'ils ne soient pas jet\u00e9s sur le sol ou le mur, afin qu'ils ne les cassent pas.<\/p>\n<p>L'Afghan Marble White est un magnifique motif complexe qui se coordonne parfaitement avec le reste de notre collection. Il fait partie de notre gamme signature et ajoutera imm\u00e9diatement du charme et du style \u00e0 tout espace. Ce jet\u00e9, qui fait partie de notre gamme signature, ajoutera instantan\u00e9ment du charme et du style \u00e0 n'importe quel espace. <a href=\"https:\/\/longtopstone.com\/contact\/\">nous contacter<\/a> si vous \u00eates \u00e9galement int\u00e9ress\u00e9.<\/p>\n<div id=\"ali-anchor-AliPostDhMb-qkngg\" style=\"padding-top: 8px;\" data-section=\"AliPostDhMb-qkngg\" data-section-title=\"Product Description\">\n<div id=\"ali-title-AliPostDhMb-qkngg\" style=\"padding: 8px 0; border-bottom: 1px solid #ddd;\"><span style=\"background-color: #ddd; color: #333; font-weight: bold; padding: 8px 10px; line-height: 12px;\">Description du produit<\/span><\/div>\n<div style=\"padding: 10px 0;\"><\/div>\n<div style=\"padding: 10px 0px; text-align: center;\">\n<table class=\"aliDataTable\" style=\"color: #000000; font-family: Arial; font-size: 12px; font-style: normal; font-weight: 400; background-color: #ffffff; width: 746.066px; height: 226px; border: 1px solid #b3b3b3;\">\n<tbody>\n<tr style=\"height: 21px;\">\n<td style=\"border: 1px solid #b3b3b3; width: 162px;\"><strong><span style=\"font-family: arial, helvetica, sans-serif; font-size: 14px;\">Nom du produit :<\/span><\/strong><\/td>\n<td style=\"border: 1px solid #b3b3b3; width: 595.066px;\">Marbre blanc calacatta d'Afghanistan<\/td>\n<\/tr>\n<tr style=\"height: 21px;\">\n<td style=\"border: 1px solid #b3b3b3; width: 162px;\"><strong><span style=\"font-family: arial, helvetica, sans-serif; font-size: 14px;\">Mat\u00e9riau :<\/span><\/strong><\/td>\n<td style=\"border: 1px solid #b3b3b3; width: 595.066px;\"><span style=\"font-family: arial, helvetica, sans-serif; font-size: 14px;\">Marbre<\/span><\/td>\n<\/tr>\n<tr style=\"height: 21px;\">\n<td style=\"border: 1px solid #b3b3b3; width: 162px;\"><strong><span style=\"font-family: arial, helvetica, sans-serif; font-size: 14px;\">Couleur :<\/span><\/strong><\/td>\n<td style=\"border: 1px solid #b3b3b3; width: 595.066px;\"><span style=\"font-family: arial, helvetica, sans-serif; font-size: 14px;\">Blanc, beige, noir, marron, gris, rouge, vert, bleu, etc.<\/span><\/td>\n<\/tr>\n<tr style=\"height: 21px;\">\n<td style=\"border: 1px solid #b3b3b3; width: 162px;\" rowspan=\"3\"><strong><span style=\"font-family: arial, helvetica, sans-serif; font-size: 14px;\">Taille :<\/span><\/strong><\/td>\n<td style=\"border: 1px solid #b3b3b3; width: 595.066px;\"><span style=\"font-family: arial, helvetica, sans-serif; font-size: 14px;\"><span style=\"text-decoration: underline;\">Carreaux disponibles<\/span> <\/span><br \/>\n<span style=\"font-family: arial, helvetica, sans-serif; font-size: 14px;\">12\u2032 X 12\u2033,24\u2032 X 24\u2033,12\u2032 X 24\u2033,etc 300x300mm,300x600mm,400x400mm,600x600mm,600\u00d71200,800\u00d7800,etc<\/span><\/td>\n<\/tr>\n<tr style=\"height: 21px;\">\n<td style=\"border: 1px solid #b3b3b3; width: 595.066px;\"><span style=\"font-family: arial, helvetica, sans-serif; font-size: 14px;\">\u00a0 \u00a0 \u00a0 \u00a0 \u00a0 \u00a0 \u00a0 \u00a0 \u00a0 \u00a0 \u00a0 \u00a0 \u00a0 \u00a0 \u00a0 \u00a0 \u00a0 \u00a0 \u00a0 \u00a0 \u00a0 \u00a0 <span style=\"text-decoration: underline;\">Grandes dalles disponibles<\/span> \u00a0 \u00a0 \u00a0 \u00a0 \u00a0 \u00a0 \u00a0 \u00a0 \u00a0 \u00a0 \u00a0 \u00a0 \u00a0 \u00a0 \u00a0 \u00a0 \u00a0 \u00a0 \u00a0 \u00a0 \u00a0 \u00a0 240cmUpx120UP<\/span><\/td>\n<\/tr>\n<tr style=\"height: 21px;\">\n<td style=\"border: 1px solid #b3b3b3; width: 595.066px;\"><span style=\"font-family: arial, helvetica, sans-serif; font-size: 14px;\">Des sp\u00e9cifications personnalis\u00e9es sont disponibles<\/span><\/td>\n<\/tr>\n<tr style=\"height: 21px;\">\n<td style=\"border: 1px solid #b3b3b3; width: 162px;\"><strong><span style=\"font-family: arial, helvetica, sans-serif; font-size: 14px;\">Tol\u00e9rance d'\u00e9paisseur :<\/span><\/strong><\/td>\n<td style=\"border: 1px solid #b3b3b3; width: 595.066px;\"><span style=\"font-size: 14px; font-family: arial, helvetica, sans-serif;\">\u00b10,05mm, \u00b11mm, \u00b11,5mm, \u00b12mm, selon les exigences de qualit\u00e9 du client<\/span><\/td>\n<\/tr>\n<tr style=\"height: 21px;\">\n<td style=\"border: 1px solid #b3b3b3; width: 162px;\"><strong><span style=\"font-family: arial, helvetica, sans-serif; font-size: 14px;\">Surface :<\/span><\/strong><\/td>\n<td style=\"border: 1px solid #b3b3b3; width: 595.066px;\"><span style=\"font-size: 14px; font-family: arial, helvetica, sans-serif;\">Poli, adouci, assorti au livre, antique, rainur\u00e9, bross\u00e9, d\u00e9cap\u00e9, sabl\u00e9, jet d'eau, etc.<\/span><\/td>\n<\/tr>\n<tr style=\"height: auto;\">\n<td style=\"border: 1px solid #b3b3b3; width: 162px;\"><strong><span style=\"font-family: arial, helvetica, sans-serif; font-size: 14px;\">Emballage :<\/span><\/strong><\/td>\n<td style=\"border: 1px solid #b3b3b3; width: 595.066px;\"><span style=\"font-family: arial, helvetica, sans-serif; font-size: 14px;\"> Fardeaux et caisses en bois en \u00e9tat de navigabilit\u00e9<\/span><\/td>\n<\/tr>\n<tr style=\"height: 21px;\">\n<td style=\"border: 1px solid #b3b3b3; width: 162px;\"><strong><span style=\"font-family: arial, helvetica, sans-serif; font-size: 14px;\">Application :<\/span><\/strong><\/td>\n<td style=\"border: 1px solid #b3b3b3; width: 595.066px;\"><span style=\"font-family: arial, helvetica, sans-serif; font-size: 14px;\">Mur int\u00e9rieur, sol, plinthe, mur de fond, comptoir, escalier, etc.<\/span><\/td>\n<\/tr>\n<tr style=\"height: 21px;\">\n<td style=\"border: 1px solid #b3b3b3; width: 162px;\"><strong><span style=\"font-family: arial, helvetica, sans-serif; font-size: 14px;\">D\u00e9lai de livraison :<\/span><\/strong><\/td>\n<td style=\"border: 1px solid #b3b3b3; width: 595.066px;\"><span style=\"font-family: arial, helvetica, sans-serif; font-size: 14px;\"> 15-20 jours pour les tailles normales<\/span><\/td>\n<\/tr>\n<tr style=\"height: 21px;\">\n<td style=\"border: 1px solid #b3b3b3; width: 162px;\"><strong><span style=\"font-family: arial, helvetica, sans-serif; font-size: 14px;\">Certificat :<\/span><\/strong><\/td>\n<td style=\"border: 1px solid #b3b3b3; width: 595.066px;\"><span style=\"font-family: arial, helvetica, sans-serif; font-size: 14px;\">CE, SGS<\/span><\/td>\n<\/tr>\n<tr style=\"height: 21px;\">\n<td style=\"border: 1px solid #b3b3b3; width: 162px;\"><strong><span style=\"font-family: arial, helvetica, sans-serif; font-size: 14px;\">Conditions de paiement :<\/span><\/strong><\/td>\n<td style=\"border: 1px solid #b3b3b3; width: 595.066px;\"><span style=\"font-family: arial, helvetica, sans-serif; font-size: 14px;\">T\/T, L\/C, D\/P<\/span><\/td>\n<\/tr>\n<tr style=\"height: 42px;\">\n<td style=\"border: 1px solid #b3b3b3; width: 162px;\"><strong><span style=\"font-family: arial, helvetica, sans-serif; font-size: 14px;\">Avantage :<\/span><\/strong><\/td>\n<td style=\"border: 1px solid #b3b3b3; width: 595.066px;\"><span style=\"font-family: arial, helvetica, sans-serif; font-size: 14px;\">1) Service unique pour la pierre ;<\/span><\/p>\n<p><span style=\"font-family: arial, helvetica, sans-serif; font-size: 14px;\">2) Poss\u00e9der 3 carri\u00e8res et 9 usines ;<\/span><\/p>\n<p><span style=\"font-family: arial, helvetica, sans-serif; font-size: 14px;\">3) Des supports technologiques de pointe.<\/span><\/td>\n<\/tr>\n<tr style=\"height: 42px;\">\n<td style=\"border: 1px solid #b3b3b3; width: 162px;\"><strong><span style=\"font-family: arial, helvetica, sans-serif; font-size: 14px;\">Assurance de la qualit\u00e9 et de la livraison :\u00a0<\/span><\/strong><\/td>\n<td style=\"border: 1px solid #b3b3b3; width: 595.066px;\"><span style=\"font-family: arial, helvetica, sans-serif; font-size: 14px;\">Tout au long du processus de production, du choix des mat\u00e9riaux \u00e0 l'emballage en passant par la fabrication, notre service de contr\u00f4le de la qualit\u00e9 contr\u00f4le rigoureusement chaque pi\u00e8ce et chaque processus afin de garantir le respect des normes de qualit\u00e9 et le respect des d\u00e9lais de livraison.<\/span><\/td>\n<\/tr>\n<\/tbody>\n<\/table>\n<p style=\"text-align: left;\">\n<\/div>\n<div style=\"padding: 10px 0px; text-align: center;\"><img loading=\"lazy\" decoding=\"async\" class=\"alignnone size-full wp-image-26150\" src=\"http:\/\/stone-phoenix.com\/wp-content\/uploads\/2023\/12\/Marble-White-Afghanistan-100-Natural-Polished-Marble-Tile-6.jpg\" alt=\"\" width=\"1113\" height=\"843\" srcset=\"https:\/\/stone-phoenix.com\/wp-content\/uploads\/2023\/12\/Marble-White-Afghanistan-100-Natural-Polished-Marble-Tile-6.jpg 1113w, https:\/\/stone-phoenix.com\/wp-content\/uploads\/2023\/12\/Marble-White-Afghanistan-100-Natural-Polished-Marble-Tile-6-300x227.jpg 300w, https:\/\/stone-phoenix.com\/wp-content\/uploads\/2023\/12\/Marble-White-Afghanistan-100-Natural-Polished-Marble-Tile-6-1024x776.jpg 1024w, https:\/\/stone-phoenix.com\/wp-content\/uploads\/2023\/12\/Marble-White-Afghanistan-100-Natural-Polished-Marble-Tile-6-768x582.jpg 768w, https:\/\/stone-phoenix.com\/wp-content\/uploads\/2023\/12\/Marble-White-Afghanistan-100-Natural-Polished-Marble-Tile-6-16x12.jpg 16w, https:\/\/stone-phoenix.com\/wp-content\/uploads\/2023\/12\/Marble-White-Afghanistan-100-Natural-Polished-Marble-Tile-6-600x454.jpg 600w, https:\/\/stone-phoenix.com\/wp-content\/uploads\/2023\/12\/Marble-White-Afghanistan-100-Natural-Polished-Marble-Tile-6-150x114.jpg 150w\" sizes=\"(max-width: 1113px) 100vw, 1113px\" \/><img loading=\"lazy\" decoding=\"async\" class=\"alignnone size-full wp-image-26152\" src=\"http:\/\/stone-phoenix.com\/wp-content\/uploads\/2023\/12\/Marble-White-Afghanistan-100-Natural-Polished-Marble-Tile-7.jpg\" alt=\"\" width=\"1069\" height=\"843\" srcset=\"https:\/\/stone-phoenix.com\/wp-content\/uploads\/2023\/12\/Marble-White-Afghanistan-100-Natural-Polished-Marble-Tile-7.jpg 1069w, https:\/\/stone-phoenix.com\/wp-content\/uploads\/2023\/12\/Marble-White-Afghanistan-100-Natural-Polished-Marble-Tile-7-300x237.jpg 300w, https:\/\/stone-phoenix.com\/wp-content\/uploads\/2023\/12\/Marble-White-Afghanistan-100-Natural-Polished-Marble-Tile-7-1024x808.jpg 1024w, https:\/\/stone-phoenix.com\/wp-content\/uploads\/2023\/12\/Marble-White-Afghanistan-100-Natural-Polished-Marble-Tile-7-768x606.jpg 768w, https:\/\/stone-phoenix.com\/wp-content\/uploads\/2023\/12\/Marble-White-Afghanistan-100-Natural-Polished-Marble-Tile-7-15x12.jpg 15w, https:\/\/stone-phoenix.com\/wp-content\/uploads\/2023\/12\/Marble-White-Afghanistan-100-Natural-Polished-Marble-Tile-7-600x473.jpg 600w, https:\/\/stone-phoenix.com\/wp-content\/uploads\/2023\/12\/Marble-White-Afghanistan-100-Natural-Polished-Marble-Tile-7-150x118.jpg 150w\" sizes=\"(max-width: 1069px) 100vw, 1069px\" \/><img loading=\"lazy\" decoding=\"async\" class=\"alignnone size-full wp-image-26153\" src=\"http:\/\/stone-phoenix.com\/wp-content\/uploads\/2023\/12\/Marble-White-Afghanistan-100-Natural-Polished-Marble-Tile-8.jpg\" alt=\"\" width=\"1117\" height=\"838\" srcset=\"https:\/\/stone-phoenix.com\/wp-content\/uploads\/2023\/12\/Marble-White-Afghanistan-100-Natural-Polished-Marble-Tile-8.jpg 1117w, https:\/\/stone-phoenix.com\/wp-content\/uploads\/2023\/12\/Marble-White-Afghanistan-100-Natural-Polished-Marble-Tile-8-300x225.jpg 300w, https:\/\/stone-phoenix.com\/wp-content\/uploads\/2023\/12\/Marble-White-Afghanistan-100-Natural-Polished-Marble-Tile-8-1024x768.jpg 1024w, https:\/\/stone-phoenix.com\/wp-content\/uploads\/2023\/12\/Marble-White-Afghanistan-100-Natural-Polished-Marble-Tile-8-768x576.jpg 768w, https:\/\/stone-phoenix.com\/wp-content\/uploads\/2023\/12\/Marble-White-Afghanistan-100-Natural-Polished-Marble-Tile-8-16x12.jpg 16w, https:\/\/stone-phoenix.com\/wp-content\/uploads\/2023\/12\/Marble-White-Afghanistan-100-Natural-Polished-Marble-Tile-8-600x450.jpg 600w, https:\/\/stone-phoenix.com\/wp-content\/uploads\/2023\/12\/Marble-White-Afghanistan-100-Natural-Polished-Marble-Tile-8-150x113.jpg 150w\" sizes=\"(max-width: 1117px) 100vw, 1117px\" \/><img loading=\"lazy\" decoding=\"async\" class=\"alignnone size-full wp-image-26154\" src=\"http:\/\/stone-phoenix.com\/wp-content\/uploads\/2023\/12\/Marble-White-Afghanistan-100-Natural-Polished-Marble-Tile-9.jpg\" alt=\"\" width=\"1122\" height=\"808\" srcset=\"https:\/\/stone-phoenix.com\/wp-content\/uploads\/2023\/12\/Marble-White-Afghanistan-100-Natural-Polished-Marble-Tile-9.jpg 1122w, https:\/\/stone-phoenix.com\/wp-content\/uploads\/2023\/12\/Marble-White-Afghanistan-100-Natural-Polished-Marble-Tile-9-300x216.jpg 300w, https:\/\/stone-phoenix.com\/wp-content\/uploads\/2023\/12\/Marble-White-Afghanistan-100-Natural-Polished-Marble-Tile-9-1024x737.jpg 1024w, https:\/\/stone-phoenix.com\/wp-content\/uploads\/2023\/12\/Marble-White-Afghanistan-100-Natural-Polished-Marble-Tile-9-768x553.jpg 768w, https:\/\/stone-phoenix.com\/wp-content\/uploads\/2023\/12\/Marble-White-Afghanistan-100-Natural-Polished-Marble-Tile-9-18x12.jpg 18w, https:\/\/stone-phoenix.com\/wp-content\/uploads\/2023\/12\/Marble-White-Afghanistan-100-Natural-Polished-Marble-Tile-9-600x432.jpg 600w, https:\/\/stone-phoenix.com\/wp-content\/uploads\/2023\/12\/Marble-White-Afghanistan-100-Natural-Polished-Marble-Tile-9-150x108.jpg 150w\" sizes=\"(max-width: 1122px) 100vw, 1122px\" \/><\/p>\n<\/div>\n<\/div>\n<\/div>","protected":false},"excerpt":{"rendered":"<p>Marble White Afghanistan 100% Natural Polished Marble Tile Marble white afghanistan is a luxurious and modern coat that is warm<\/p>","protected":false},"featured_media":26145,"template":"","meta":[],"product_cat":[113],"product_tag":[],"_links":{"self":[{"href":"https:\/\/stone-phoenix.com\/fr\/wp-json\/wp\/v2\/product\/21476"}],"collection":[{"href":"https:\/\/stone-phoenix.com\/fr\/wp-json\/wp\/v2\/product"}],"about":[{"href":"https:\/\/stone-phoenix.com\/fr\/wp-json\/wp\/v2\/types\/product"}],"wp:featuredmedia":[{"embeddable":true,"href":"https:\/\/stone-phoenix.com\/fr\/wp-json\/wp\/v2\/media\/26145"}],"wp:attachment":[{"href":"https:\/\/stone-phoenix.com\/fr\/wp-json\/wp\/v2\/media?parent=21476"}],"wp:term":[{"taxonomy":"product_cat","embeddable":true,"href":"https:\/\/stone-phoenix.com\/fr\/wp-json\/wp\/v2\/product_cat?post=21476"},{"taxonomy":"product_tag","embeddable":true,"href":"https:\/\/stone-phoenix.com\/fr\/wp-json\/wp\/v2\/product_tag?post=21476"}],"curies":[{"name":"wp","href":"https:\/\/api.w.org\/{rel}","templated":true}]}}