{"id":21482,"date":"2023-12-29T21:13:24","date_gmt":"2023-12-29T13:13:24","guid":{"rendered":"http:\/\/stone-phoenix.com\/product\/glacier-white-marble-natural-white-stone-ziarat-white-marble-slabs"},"modified":"2024-03-25T22:02:52","modified_gmt":"2024-03-25T14:02:52","slug":"glacier-white-marble-natural-white-stone-ziarat-white-marble-slabs","status":"publish","type":"product","link":"https:\/\/stone-phoenix.com\/fr\/produit\/glacier-white-marble-natural-white-stone-ziarat-white-marble-slabs","title":{"rendered":"marbre blanc glacier pierre blanche naturelle dalles de marbre blanc ziarat"},"content":{"rendered":"<div id=\"tab-description\" class=\"woocommerce-Tabs-panel woocommerce-Tabs-panel--description panel entry-content wc-tab\" role=\"tabpanel\" aria-labelledby=\"tab-title-description\">\n<h2>Marbre blanc glacier de haute qualit\u00e9 pierre blanche naturelle dalles de marbre blanc ziarat<\/h2>\n<p>Le Glacier White est un marbre blanc de qualit\u00e9 sup\u00e9rieure extrait de carri\u00e8res. Ce marbre pr\u00e9sente un veinage tr\u00e8s int\u00e9ressant et unique, qui lui conf\u00e8re sa finition mate - presque comme du jade. Il peut \u00eatre utilis\u00e9 dans les applications les plus \u00e9l\u00e9gantes ou avec une touche de modernit\u00e9, ce qui en fait un choix parfait pour tous les styles de d\u00e9coration int\u00e9rieure.<\/p>\n<p>Notre carrelage en marbre blanc glacier vous fera r\u00eaver \u00e0 des vacances relaxantes en Islande. Avec un m\u00e9lange unique de couleurs blanches et grises dans un motif qui imite l'aspect du granit enneig\u00e9, ce carrelage est s\u00fbr d'ajouter de la chaleur et de la texture \u00e0 n'importe quel espace.<\/p>\n<p>Il s'agit d'une dalle tr\u00e8s polyvalente qui peut \u00eatre utilis\u00e9e pour les carreaux de sol, les carreaux muraux et les plans de travail. Notre marbre blanc glacier de haute qualit\u00e9 est disponible en diff\u00e9rentes tailles et \u00e9paisseurs. Il s'agit d'un marbre de haute qualit\u00e9, fluide et durable qui peut \u00eatre utilis\u00e9 \u00e0 de nombreuses fins.<\/p>\n<p>Il pr\u00e9sente une couleur fra\u00eeche et nette, l\u00e9g\u00e8rement argent\u00e9e, avec des veines translucides. Ce marbre peut \u00eatre d\u00e9coup\u00e9 en rev\u00eatements de sol, carreaux, comptoirs, escaliers et bordures pour cr\u00e9er de superbes accents de design dans la maison ou le bureau. Sa simplicit\u00e9 \u00e9tincelante est un excellent choix pour toutes les pi\u00e8ces et tous les go\u00fbts.<\/p>\n<p>Le marbre blanc glacier est le point de d\u00e9part de l'industrie italienne du marbre. L'uniformit\u00e9 du blanc, la r\u00e9gularit\u00e9 de la texture et la finesse du grain en font un mat\u00e9riau id\u00e9al pour tout projet haut de gamme. <a href=\"https:\/\/longtopstone.com\/contact\/\">me contacter<\/a>.<\/p>\n<div id=\"ali-anchor-AliPostDhMb-qkngg\" style=\"padding-top: 8px;\" data-section=\"AliPostDhMb-qkngg\" data-section-title=\"Product Description\">\n<div id=\"ali-title-AliPostDhMb-qkngg\" style=\"padding: 8px 0; border-bottom: 1px solid #ddd;\"><span style=\"background-color: #ddd; color: #333; font-weight: bold; padding: 8px 10px; line-height: 12px;\">Description du produit<\/span><\/div>\n<div style=\"padding: 10px 0;\">\n<table class=\"aliDataTable\" style=\"color: #000000; font-family: Arial; font-size: 12px; font-style: normal; font-weight: 400; background-color: #ffffff; width: 746.066px; height: 226px; border: 1px solid #b3b3b3;\">\n<tbody>\n<tr style=\"height: 21px;\">\n<td style=\"border: 1px solid #b3b3b3; width: 162px;\"><strong><span style=\"font-family: arial, helvetica, sans-serif; font-size: 14px;\">Nom du produit :<\/span><\/strong><\/td>\n<td style=\"border: 1px solid #b3b3b3; width: 595.066px;\">Marbre blanc glacier de haute qualit\u00e9 pierre blanche naturelle dalles de marbre blanc ziarat<\/td>\n<\/tr>\n<tr style=\"height: 21px;\">\n<td style=\"border: 1px solid #b3b3b3; width: 162px;\"><strong><span style=\"font-family: arial, helvetica, sans-serif; font-size: 14px;\">Mat\u00e9riau :<\/span><\/strong><\/td>\n<td style=\"border: 1px solid #b3b3b3; width: 595.066px;\"><span style=\"font-family: arial, helvetica, sans-serif;\"><span style=\"font-size: 14px;\">Calcite<\/span><\/span><\/td>\n<\/tr>\n<tr style=\"height: 21px;\">\n<td style=\"border: 1px solid #b3b3b3; width: 162px;\"><strong><span style=\"font-family: arial, helvetica, sans-serif; font-size: 14px;\">Couleur :<\/span><\/strong><\/td>\n<td style=\"border: 1px solid #b3b3b3; width: 595.066px;\"><span style=\"font-family: arial, helvetica, sans-serif; font-size: 14px;\">Blanc, beige, noir, marron, gris, rouge, vert, bleu, etc.<\/span><\/td>\n<\/tr>\n<tr style=\"height: 21px;\">\n<td style=\"border: 1px solid #b3b3b3; width: 162px;\" rowspan=\"3\"><strong><span style=\"font-family: arial, helvetica, sans-serif; font-size: 14px;\">Taille :<\/span><\/strong><\/td>\n<td style=\"border: 1px solid #b3b3b3; width: 595.066px;\"><span style=\"font-family: arial, helvetica, sans-serif; font-size: 14px;\"><span style=\"text-decoration: underline;\">Carreaux disponibles<\/span> <\/span><br \/>\n<span style=\"font-family: arial, helvetica, sans-serif; font-size: 14px;\">12\u2032 X 12\u2033,24\u2032 X 24\u2033,12\u2032 X 24\u2033,etc 300x300mm,300x600mm,400x400mm,600x600mm,600\u00d71200,800\u00d7800,etc<\/span><\/td>\n<\/tr>\n<tr style=\"height: 21px;\">\n<td style=\"border: 1px solid #b3b3b3; width: 595.066px;\"><span style=\"font-family: arial, helvetica, sans-serif; font-size: 14px;\"><span style=\"text-decoration: underline;\">Grandes dalles disponibles<\/span>\u00a0 \u00a0 \u00a0 \u00a0 \u00a0 \u00a0 \u00a0 \u00a0 \u00a0 \u00a0 \u00a0 \u00a0 \u00a0 \u00a0 \u00a0 \u00a0 \u00a0 \u00a0 \u00a0 \u00a0 \u00a0 \u00a0 \u00a0 \u00a0 \u00a0 \u00a0 \u00a0 \u00a0 \u00a0 \u00a0 \u00a0 \u00a0 \u00a0 \u00a0 \u00a0 \u00a0 \u00a0 \u00a0 \u00a0 \u00a0 \u00a0 \u00a0 \u00a0 \u00a0 \u00a0 \u00a0 \u00a0 \u00a0 \u00a0 \u00a0 \u00a0 \u00a0 \u00a0 240cmUpx120UP<\/span><\/td>\n<\/tr>\n<tr style=\"height: 21px;\">\n<td style=\"border: 1px solid #b3b3b3; width: 595.066px;\"><span style=\"font-family: arial, helvetica, sans-serif; font-size: 14px;\">Des sp\u00e9cifications personnalis\u00e9es sont disponibles<\/span><\/td>\n<\/tr>\n<tr style=\"height: 21px;\">\n<td style=\"border: 1px solid #b3b3b3; width: 162px;\"><strong><span style=\"font-family: arial, helvetica, sans-serif; font-size: 14px;\">Tol\u00e9rance d'\u00e9paisseur :<\/span><\/strong><\/td>\n<td style=\"border: 1px solid #b3b3b3; width: 595.066px;\"><span style=\"font-size: 14px; font-family: arial, helvetica, sans-serif;\">\u00b10,05mm, \u00b11mm, \u00b11,5mm, \u00b12mm, selon les exigences de qualit\u00e9 du client<\/span><\/td>\n<\/tr>\n<tr style=\"height: 21px;\">\n<td style=\"border: 1px solid #b3b3b3; width: 162px;\"><strong><span style=\"font-family: arial, helvetica, sans-serif; font-size: 14px;\">Surface :<\/span><\/strong><\/td>\n<td style=\"border: 1px solid #b3b3b3; width: 595.066px;\"><span style=\"font-size: 14px; font-family: arial, helvetica, sans-serif;\">Poli, adouci, assorti au livre, antique, rainur\u00e9, bross\u00e9, d\u00e9cap\u00e9, sabl\u00e9, jet d'eau, etc.<\/span><\/td>\n<\/tr>\n<tr style=\"height: auto;\">\n<td style=\"border: 1px solid #b3b3b3; width: 162px;\"><strong><span style=\"font-family: arial, helvetica, sans-serif; font-size: 14px;\">Emballage :<\/span><\/strong><\/td>\n<td style=\"border: 1px solid #b3b3b3; width: 595.066px;\"><span style=\"font-family: arial, helvetica, sans-serif; font-size: 14px;\"> Fardeaux et caisses en bois en \u00e9tat de navigabilit\u00e9<\/span><\/td>\n<\/tr>\n<tr style=\"height: 21px;\">\n<td style=\"border: 1px solid #b3b3b3; width: 162px;\"><strong><span style=\"font-family: arial, helvetica, sans-serif; font-size: 14px;\">Application :<\/span><\/strong><\/td>\n<td style=\"border: 1px solid #b3b3b3; width: 595.066px;\"><span style=\"font-family: arial, helvetica, sans-serif; font-size: 14px;\">Mur int\u00e9rieur, sol, plinthe, mur de fond, comptoir, escalier, etc.<\/span><\/td>\n<\/tr>\n<tr style=\"height: 21px;\">\n<td style=\"border: 1px solid #b3b3b3; width: 162px;\"><strong><span style=\"font-family: arial, helvetica, sans-serif; font-size: 14px;\">D\u00e9lai de livraison :<\/span><\/strong><\/td>\n<td style=\"border: 1px solid #b3b3b3; width: 595.066px;\"><span style=\"font-family: arial, helvetica, sans-serif; font-size: 14px;\"> 15-20 jours pour les tailles normales<\/span><\/td>\n<\/tr>\n<tr style=\"height: 21px;\">\n<td style=\"border: 1px solid #b3b3b3; width: 162px;\"><strong><span style=\"font-family: arial, helvetica, sans-serif; font-size: 14px;\">Certificat :<\/span><\/strong><\/td>\n<td style=\"border: 1px solid #b3b3b3; width: 595.066px;\"><span style=\"font-family: arial, helvetica, sans-serif; font-size: 14px;\">CE, SGS<\/span><\/td>\n<\/tr>\n<tr style=\"height: 21px;\">\n<td style=\"border: 1px solid #b3b3b3; width: 162px;\"><strong><span style=\"font-family: arial, helvetica, sans-serif; font-size: 14px;\">Conditions de paiement :<\/span><\/strong><\/td>\n<td style=\"border: 1px solid #b3b3b3; width: 595.066px;\"><span style=\"font-family: arial, helvetica, sans-serif; font-size: 14px;\">T\/T, L\/C, D\/P<\/span><\/td>\n<\/tr>\n<tr style=\"height: 42px;\">\n<td style=\"border: 1px solid #b3b3b3; width: 162px;\"><strong><span style=\"font-family: arial, helvetica, sans-serif; font-size: 14px;\">Avantage :<\/span><\/strong><\/td>\n<td style=\"border: 1px solid #b3b3b3; width: 595.066px;\"><span style=\"font-family: arial, helvetica, sans-serif; font-size: 14px;\">1) Service unique pour la pierre ;<\/span><\/p>\n<p><span style=\"font-family: arial, helvetica, sans-serif; font-size: 14px;\">2) Poss\u00e9der 3 carri\u00e8res et 9 usines ;<\/span><\/p>\n<p><span style=\"font-family: arial, helvetica, sans-serif; font-size: 14px;\">3) Des supports technologiques de pointe.<\/span><\/td>\n<\/tr>\n<tr style=\"height: 42px;\">\n<td style=\"border: 1px solid #b3b3b3; width: 162px;\"><strong><span style=\"font-family: arial, helvetica, sans-serif; font-size: 14px;\">Assurance de la qualit\u00e9 et de la livraison :\u00a0<\/span><\/strong><\/td>\n<td style=\"border: 1px solid #b3b3b3; width: 595.066px;\"><span style=\"font-family: arial, helvetica, sans-serif; font-size: 14px;\">Tout au long du processus de production, du choix des mat\u00e9riaux \u00e0 l'emballage en passant par la fabrication, notre service de contr\u00f4le de la qualit\u00e9 contr\u00f4le rigoureusement chaque pi\u00e8ce et chaque processus afin de garantir le respect des normes de qualit\u00e9 et le respect des d\u00e9lais de livraison.<\/span><\/td>\n<\/tr>\n<\/tbody>\n<\/table>\n<\/div>\n<div style=\"padding: 10px 0;\"><img loading=\"lazy\" decoding=\"async\" class=\"alignnone size-full wp-image-26137\" src=\"http:\/\/stone-phoenix.com\/wp-content\/uploads\/2023\/12\/glacier-white-marble-natural-white-stone-ziarat-white-marble-slabs-7.jpg\" alt=\"\" width=\"1102\" height=\"838\" srcset=\"https:\/\/stone-phoenix.com\/wp-content\/uploads\/2023\/12\/glacier-white-marble-natural-white-stone-ziarat-white-marble-slabs-7.jpg 1102w, https:\/\/stone-phoenix.com\/wp-content\/uploads\/2023\/12\/glacier-white-marble-natural-white-stone-ziarat-white-marble-slabs-7-300x228.jpg 300w, https:\/\/stone-phoenix.com\/wp-content\/uploads\/2023\/12\/glacier-white-marble-natural-white-stone-ziarat-white-marble-slabs-7-1024x779.jpg 1024w, https:\/\/stone-phoenix.com\/wp-content\/uploads\/2023\/12\/glacier-white-marble-natural-white-stone-ziarat-white-marble-slabs-7-768x584.jpg 768w, https:\/\/stone-phoenix.com\/wp-content\/uploads\/2023\/12\/glacier-white-marble-natural-white-stone-ziarat-white-marble-slabs-7-16x12.jpg 16w, https:\/\/stone-phoenix.com\/wp-content\/uploads\/2023\/12\/glacier-white-marble-natural-white-stone-ziarat-white-marble-slabs-7-600x456.jpg 600w, https:\/\/stone-phoenix.com\/wp-content\/uploads\/2023\/12\/glacier-white-marble-natural-white-stone-ziarat-white-marble-slabs-7-150x114.jpg 150w\" sizes=\"(max-width: 1102px) 100vw, 1102px\" \/><br \/>\n<img loading=\"lazy\" decoding=\"async\" class=\"alignnone  wp-image-26138\" src=\"http:\/\/stone-phoenix.com\/wp-content\/uploads\/2023\/12\/glacier-white-marble-natural-white-stone-ziarat-white-marble-slabs-6-1.jpg\" alt=\"\" width=\"956\" height=\"714\" srcset=\"https:\/\/stone-phoenix.com\/wp-content\/uploads\/2023\/12\/glacier-white-marble-natural-white-stone-ziarat-white-marble-slabs-6-1.jpg 691w, https:\/\/stone-phoenix.com\/wp-content\/uploads\/2023\/12\/glacier-white-marble-natural-white-stone-ziarat-white-marble-slabs-6-1-300x224.jpg 300w, https:\/\/stone-phoenix.com\/wp-content\/uploads\/2023\/12\/glacier-white-marble-natural-white-stone-ziarat-white-marble-slabs-6-1-16x12.jpg 16w, https:\/\/stone-phoenix.com\/wp-content\/uploads\/2023\/12\/glacier-white-marble-natural-white-stone-ziarat-white-marble-slabs-6-1-600x448.jpg 600w, https:\/\/stone-phoenix.com\/wp-content\/uploads\/2023\/12\/glacier-white-marble-natural-white-stone-ziarat-white-marble-slabs-6-1-150x112.jpg 150w\" sizes=\"(max-width: 956px) 100vw, 956px\" \/> <img loading=\"lazy\" decoding=\"async\" class=\"alignnone size-full wp-image-26139\" src=\"http:\/\/stone-phoenix.com\/wp-content\/uploads\/2023\/12\/glacier-white-marble-natural-white-stone-ziarat-white-marble-slabs-8.jpg\" alt=\"\" width=\"1110\" height=\"829\" srcset=\"https:\/\/stone-phoenix.com\/wp-content\/uploads\/2023\/12\/glacier-white-marble-natural-white-stone-ziarat-white-marble-slabs-8.jpg 1110w, https:\/\/stone-phoenix.com\/wp-content\/uploads\/2023\/12\/glacier-white-marble-natural-white-stone-ziarat-white-marble-slabs-8-300x224.jpg 300w, https:\/\/stone-phoenix.com\/wp-content\/uploads\/2023\/12\/glacier-white-marble-natural-white-stone-ziarat-white-marble-slabs-8-1024x765.jpg 1024w, https:\/\/stone-phoenix.com\/wp-content\/uploads\/2023\/12\/glacier-white-marble-natural-white-stone-ziarat-white-marble-slabs-8-768x574.jpg 768w, https:\/\/stone-phoenix.com\/wp-content\/uploads\/2023\/12\/glacier-white-marble-natural-white-stone-ziarat-white-marble-slabs-8-16x12.jpg 16w, https:\/\/stone-phoenix.com\/wp-content\/uploads\/2023\/12\/glacier-white-marble-natural-white-stone-ziarat-white-marble-slabs-8-600x448.jpg 600w, https:\/\/stone-phoenix.com\/wp-content\/uploads\/2023\/12\/glacier-white-marble-natural-white-stone-ziarat-white-marble-slabs-8-150x112.jpg 150w\" sizes=\"(max-width: 1110px) 100vw, 1110px\" \/><img loading=\"lazy\" decoding=\"async\" class=\"alignnone size-full wp-image-26140\" src=\"http:\/\/stone-phoenix.com\/wp-content\/uploads\/2023\/12\/glacier-white-marble-natural-white-stone-ziarat-white-marble-slabs-9.jpg\" alt=\"\" width=\"1114\" height=\"784\" srcset=\"https:\/\/stone-phoenix.com\/wp-content\/uploads\/2023\/12\/glacier-white-marble-natural-white-stone-ziarat-white-marble-slabs-9.jpg 1114w, https:\/\/stone-phoenix.com\/wp-content\/uploads\/2023\/12\/glacier-white-marble-natural-white-stone-ziarat-white-marble-slabs-9-300x211.jpg 300w, https:\/\/stone-phoenix.com\/wp-content\/uploads\/2023\/12\/glacier-white-marble-natural-white-stone-ziarat-white-marble-slabs-9-1024x721.jpg 1024w, https:\/\/stone-phoenix.com\/wp-content\/uploads\/2023\/12\/glacier-white-marble-natural-white-stone-ziarat-white-marble-slabs-9-768x540.jpg 768w, https:\/\/stone-phoenix.com\/wp-content\/uploads\/2023\/12\/glacier-white-marble-natural-white-stone-ziarat-white-marble-slabs-9-18x12.jpg 18w, https:\/\/stone-phoenix.com\/wp-content\/uploads\/2023\/12\/glacier-white-marble-natural-white-stone-ziarat-white-marble-slabs-9-600x422.jpg 600w, https:\/\/stone-phoenix.com\/wp-content\/uploads\/2023\/12\/glacier-white-marble-natural-white-stone-ziarat-white-marble-slabs-9-150x106.jpg 150w\" sizes=\"(max-width: 1114px) 100vw, 1114px\" \/><img loading=\"lazy\" decoding=\"async\" class=\"alignnone size-full wp-image-26142\" src=\"http:\/\/stone-phoenix.com\/wp-content\/uploads\/2023\/12\/glacier-white-marble-natural-white-stone-ziarat-white-marble-slabs-10.jpg\" alt=\"\" width=\"1108\" height=\"828\" srcset=\"https:\/\/stone-phoenix.com\/wp-content\/uploads\/2023\/12\/glacier-white-marble-natural-white-stone-ziarat-white-marble-slabs-10.jpg 1108w, https:\/\/stone-phoenix.com\/wp-content\/uploads\/2023\/12\/glacier-white-marble-natural-white-stone-ziarat-white-marble-slabs-10-300x224.jpg 300w, https:\/\/stone-phoenix.com\/wp-content\/uploads\/2023\/12\/glacier-white-marble-natural-white-stone-ziarat-white-marble-slabs-10-1024x765.jpg 1024w, https:\/\/stone-phoenix.com\/wp-content\/uploads\/2023\/12\/glacier-white-marble-natural-white-stone-ziarat-white-marble-slabs-10-768x574.jpg 768w, https:\/\/stone-phoenix.com\/wp-content\/uploads\/2023\/12\/glacier-white-marble-natural-white-stone-ziarat-white-marble-slabs-10-16x12.jpg 16w, https:\/\/stone-phoenix.com\/wp-content\/uploads\/2023\/12\/glacier-white-marble-natural-white-stone-ziarat-white-marble-slabs-10-600x448.jpg 600w, https:\/\/stone-phoenix.com\/wp-content\/uploads\/2023\/12\/glacier-white-marble-natural-white-stone-ziarat-white-marble-slabs-10-150x112.jpg 150w\" sizes=\"(max-width: 1108px) 100vw, 1108px\" \/><\/p>\n<\/div>\n<\/div>\n<\/div>","protected":false},"excerpt":{"rendered":"<p>High quality glacier white marble natural white stone ziarat white marble slabs Glacier White is an Ultra-Premium Quality white marble<\/p>","protected":false},"featured_media":26130,"template":"","meta":[],"product_cat":[113],"product_tag":[],"_links":{"self":[{"href":"https:\/\/stone-phoenix.com\/fr\/wp-json\/wp\/v2\/product\/21482"}],"collection":[{"href":"https:\/\/stone-phoenix.com\/fr\/wp-json\/wp\/v2\/product"}],"about":[{"href":"https:\/\/stone-phoenix.com\/fr\/wp-json\/wp\/v2\/types\/product"}],"wp:featuredmedia":[{"embeddable":true,"href":"https:\/\/stone-phoenix.com\/fr\/wp-json\/wp\/v2\/media\/26130"}],"wp:attachment":[{"href":"https:\/\/stone-phoenix.com\/fr\/wp-json\/wp\/v2\/media?parent=21482"}],"wp:term":[{"taxonomy":"product_cat","embeddable":true,"href":"https:\/\/stone-phoenix.com\/fr\/wp-json\/wp\/v2\/product_cat?post=21482"},{"taxonomy":"product_tag","embeddable":true,"href":"https:\/\/stone-phoenix.com\/fr\/wp-json\/wp\/v2\/product_tag?post=21482"}],"curies":[{"name":"wp","href":"https:\/\/api.w.org\/{rel}","templated":true}]}}