{"id":21488,"date":"2023-12-29T21:13:48","date_gmt":"2023-12-29T13:13:48","guid":{"rendered":"http:\/\/stone-phoenix.com\/product\/chinese-artificial-marble-high-quality-price"},"modified":"2024-03-25T21:53:53","modified_gmt":"2024-03-25T13:53:53","slug":"chinese-artificial-marble-high-quality-price","status":"publish","type":"product","link":"https:\/\/stone-phoenix.com\/fr\/produit\/chinese-artificial-marble-high-quality-price","title":{"rendered":"Marbre artificiel chinois Prix de haute qualit\u00e9"},"content":{"rendered":"<div id=\"tab-description\" class=\"woocommerce-Tabs-panel woocommerce-Tabs-panel--description panel entry-content wc-tab\" role=\"tabpanel\" aria-labelledby=\"tab-title-description\">\n<h2>Marbre artificiel chinois de haute qualit\u00e9, prix au m\u00e8tre carr\u00e9<\/h2>\n<p>Le marbre artificiel chinois est probablement le mat\u00e9riau le plus utilis\u00e9 dans la construction des cuisines et des salles de bains. Ce type de produit offre une grande vari\u00e9t\u00e9 de couleurs et de textures, ce qui vous permet de rendre votre maison plus attrayante et plus belle.<\/p>\n<p>Le marbre artificiel chinois, qui est un produit de protection de l'environnement et d'\u00e9conomie d'\u00e9nergie, est largement utilis\u00e9 dans les projets d'architecture moderne. Il s'agit d'un mat\u00e9riau composite qui adopte les caract\u00e9ristiques du marbre, du granit et d'autres pierres.<\/p>\n<p>Marbre artificiel chinois, marbre artificiel chinois, marbre artificiel chinois, marbre artificiel chinois. En tant que l'un des principaux fabricants et fournisseurs de rev\u00eatements de sol en Chine, nous sommes \u00e9galement \u00e9quip\u00e9s d'une usine professionnelle qui peut vous offrir des produits de marbre artificiel bon march\u00e9 et le meilleur service.<\/p>\n<p>Avec une surface lisse, il peut \u00eatre utilis\u00e9 pour les comptoirs de cuisine\/salle de bain, les fontaines de jardin, les appuis de fen\u00eatre et ainsi de suite.<\/p>\n<p>Artificial granite and marble n'est pas seulement une soci\u00e9t\u00e9 de vente en gros, c'est plus qu'une combinaison parfaite de beaut\u00e9, de qualit\u00e9 et d'innovation. Elle est convaincue que chaque foyer peut \u00eatre d\u00e9cor\u00e9 avec des meubles abordables, qui peuvent rendre les gens heureux dans leur vie quotidienne.<\/p>\n<p>Si vous \u00eates int\u00e9ress\u00e9 par nos produits, vous pouvez <a href=\"https:\/\/longtopstone.com\/contact\/\">nous contacter<\/a> \u00e0 tout moment, nous avons \u00e9galement d'autres styles qui r\u00e9pondront certainement \u00e0 vos besoins<\/p>\n<div id=\"ali-anchor-AliPostDhMb-qkngg\" style=\"padding-top: 8px;\" data-section=\"AliPostDhMb-qkngg\" data-section-title=\"Product Description\">\n<div id=\"ali-title-AliPostDhMb-qkngg\" style=\"padding: 8px 0; border-bottom: 1px solid #ddd;\"><span style=\"background-color: #ddd; color: #333; font-weight: bold; padding: 8px 10px; line-height: 12px;\">Description du produit<\/span><\/div>\n<div style=\"padding: 10px 0;\">\n<table class=\"aliDataTable\" style=\"color: #000000; font-family: Arial; font-size: 12px; font-style: normal; font-weight: 400; background-color: #ffffff; width: 746.066px; height: 226px; border: 1px solid #b3b3b3;\">\n<tbody>\n<tr style=\"height: 21px;\">\n<td style=\"border: 1px solid #b3b3b3; width: 162px;\"><strong><span style=\"font-family: arial, helvetica, sans-serif; font-size: 14px;\">Nom du produit :<\/span><\/strong><\/td>\n<td style=\"border: 1px solid #b3b3b3; width: 595.066px;\">Marbre artificiel chinois de haute qualit\u00e9, prix au m\u00e8tre carr\u00e9<\/td>\n<\/tr>\n<tr style=\"height: 21px;\">\n<td style=\"border: 1px solid #b3b3b3; width: 162px;\"><strong><span style=\"font-family: arial, helvetica, sans-serif; font-size: 14px;\">Mat\u00e9riau :<\/span><\/strong><\/td>\n<td style=\"border: 1px solid #b3b3b3; width: 595.066px;\"><span style=\"font-family: arial, helvetica, sans-serif;\"><span style=\"font-size: 14px;\">Calcite<\/span><\/span><\/td>\n<\/tr>\n<tr style=\"height: 21px;\">\n<td style=\"border: 1px solid #b3b3b3; width: 162px;\"><strong><span style=\"font-family: arial, helvetica, sans-serif; font-size: 14px;\">Couleur :<\/span><\/strong><\/td>\n<td style=\"border: 1px solid #b3b3b3; width: 595.066px;\"><span style=\"font-family: arial, helvetica, sans-serif; font-size: 14px;\">Blanc, beige, noir, marron, gris, rouge, vert, bleu, etc.<\/span><\/td>\n<\/tr>\n<tr style=\"height: 21px;\">\n<td style=\"border: 1px solid #b3b3b3; width: 162px;\" rowspan=\"3\"><strong><span style=\"font-family: arial, helvetica, sans-serif; font-size: 14px;\">Taille :<\/span><\/strong><\/td>\n<td style=\"border: 1px solid #b3b3b3; width: 595.066px;\"><span style=\"font-family: arial, helvetica, sans-serif; font-size: 14px;\"><span style=\"text-decoration: underline;\">Carreaux disponibles<\/span> <\/span><br \/>\n<span style=\"font-family: arial, helvetica, sans-serif; font-size: 14px;\">12\u2032 X 12\u2033,24\u2032 X 24\u2033,12\u2032 X 24\u2033,etc 300x300mm,300x600mm,400x400mm,600x600mm,600\u00d71200,800\u00d7800,etc<\/span><\/td>\n<\/tr>\n<tr style=\"height: 21px;\">\n<td style=\"border: 1px solid #b3b3b3; width: 595.066px;\"><span style=\"font-family: arial, helvetica, sans-serif; font-size: 14px;\"><span style=\"text-decoration: underline;\">Grandes dalles disponibles<\/span>\u00a0 \u00a0 \u00a0 \u00a0 \u00a0 \u00a0 \u00a0 \u00a0 \u00a0 \u00a0 \u00a0 \u00a0 \u00a0 \u00a0 \u00a0 \u00a0 \u00a0 \u00a0 \u00a0 \u00a0 \u00a0 \u00a0 \u00a0 \u00a0 \u00a0 \u00a0 \u00a0 \u00a0 \u00a0 \u00a0 \u00a0 \u00a0 \u00a0 \u00a0 \u00a0 \u00a0 \u00a0 \u00a0 \u00a0 \u00a0 \u00a0 \u00a0 \u00a0 \u00a0 \u00a0 \u00a0 \u00a0 \u00a0 \u00a0 \u00a0 \u00a0 \u00a0 \u00a0 240cmUpx120UP<\/span><\/td>\n<\/tr>\n<tr style=\"height: 21px;\">\n<td style=\"border: 1px solid #b3b3b3; width: 595.066px;\"><span style=\"font-family: arial, helvetica, sans-serif; font-size: 14px;\">Des sp\u00e9cifications personnalis\u00e9es sont disponibles<\/span><\/td>\n<\/tr>\n<tr style=\"height: 21px;\">\n<td style=\"border: 1px solid #b3b3b3; width: 162px;\"><strong><span style=\"font-family: arial, helvetica, sans-serif; font-size: 14px;\">Tol\u00e9rance d'\u00e9paisseur :<\/span><\/strong><\/td>\n<td style=\"border: 1px solid #b3b3b3; width: 595.066px;\"><span style=\"font-size: 14px; font-family: arial, helvetica, sans-serif;\">\u00b10,05mm, \u00b11mm, \u00b11,5mm, \u00b12mm, selon les exigences de qualit\u00e9 du client<\/span><\/td>\n<\/tr>\n<tr style=\"height: 21px;\">\n<td style=\"border: 1px solid #b3b3b3; width: 162px;\"><strong><span style=\"font-family: arial, helvetica, sans-serif; font-size: 14px;\">Surface :<\/span><\/strong><\/td>\n<td style=\"border: 1px solid #b3b3b3; width: 595.066px;\"><span style=\"font-size: 14px; font-family: arial, helvetica, sans-serif;\">Poli, adouci, assorti au livre, antique, rainur\u00e9, bross\u00e9, d\u00e9cap\u00e9, sabl\u00e9, jet d'eau, etc.<\/span><\/td>\n<\/tr>\n<tr style=\"height: auto;\">\n<td style=\"border: 1px solid #b3b3b3; width: 162px;\"><strong><span style=\"font-family: arial, helvetica, sans-serif; font-size: 14px;\">Emballage :<\/span><\/strong><\/td>\n<td style=\"border: 1px solid #b3b3b3; width: 595.066px;\"><span style=\"font-family: arial, helvetica, sans-serif; font-size: 14px;\"> Fardeaux et caisses en bois en \u00e9tat de navigabilit\u00e9<\/span><\/td>\n<\/tr>\n<tr style=\"height: 21px;\">\n<td style=\"border: 1px solid #b3b3b3; width: 162px;\"><strong><span style=\"font-family: arial, helvetica, sans-serif; font-size: 14px;\">Application :<\/span><\/strong><\/td>\n<td style=\"border: 1px solid #b3b3b3; width: 595.066px;\"><span style=\"font-family: arial, helvetica, sans-serif; font-size: 14px;\">Mur int\u00e9rieur, sol, plinthe, mur de fond, comptoir, escalier, etc.<\/span><\/td>\n<\/tr>\n<tr style=\"height: 21px;\">\n<td style=\"border: 1px solid #b3b3b3; width: 162px;\"><strong><span style=\"font-family: arial, helvetica, sans-serif; font-size: 14px;\">D\u00e9lai de livraison :<\/span><\/strong><\/td>\n<td style=\"border: 1px solid #b3b3b3; width: 595.066px;\"><span style=\"font-family: arial, helvetica, sans-serif; font-size: 14px;\"> 15-20 jours pour les tailles normales<\/span><\/td>\n<\/tr>\n<tr style=\"height: 21px;\">\n<td style=\"border: 1px solid #b3b3b3; width: 162px;\"><strong><span style=\"font-family: arial, helvetica, sans-serif; font-size: 14px;\">Certificat :<\/span><\/strong><\/td>\n<td style=\"border: 1px solid #b3b3b3; width: 595.066px;\"><span style=\"font-family: arial, helvetica, sans-serif; font-size: 14px;\">CE, SGS<\/span><\/td>\n<\/tr>\n<tr style=\"height: 21px;\">\n<td style=\"border: 1px solid #b3b3b3; width: 162px;\"><strong><span style=\"font-family: arial, helvetica, sans-serif; font-size: 14px;\">Conditions de paiement :<\/span><\/strong><\/td>\n<td style=\"border: 1px solid #b3b3b3; width: 595.066px;\"><span style=\"font-family: arial, helvetica, sans-serif; font-size: 14px;\">T\/T, L\/C, D\/P<\/span><\/td>\n<\/tr>\n<tr style=\"height: 42px;\">\n<td style=\"border: 1px solid #b3b3b3; width: 162px;\"><strong><span style=\"font-family: arial, helvetica, sans-serif; font-size: 14px;\">Avantage :<\/span><\/strong><\/td>\n<td style=\"border: 1px solid #b3b3b3; width: 595.066px;\"><span style=\"font-family: arial, helvetica, sans-serif; font-size: 14px;\">1) Service unique pour la pierre ;<\/span><\/p>\n<p><span style=\"font-family: arial, helvetica, sans-serif; font-size: 14px;\">2) Poss\u00e9der 3 carri\u00e8res et 9 usines ;<\/span><\/p>\n<p><span style=\"font-family: arial, helvetica, sans-serif; font-size: 14px;\">3) Des supports technologiques de pointe.<\/span><\/td>\n<\/tr>\n<tr style=\"height: 42px;\">\n<td style=\"border: 1px solid #b3b3b3; width: 162px;\"><strong><span style=\"font-family: arial, helvetica, sans-serif; font-size: 14px;\">Assurance de la qualit\u00e9 et de la livraison :\u00a0<\/span><\/strong><\/td>\n<td style=\"border: 1px solid #b3b3b3; width: 595.066px;\"><span style=\"font-family: arial, helvetica, sans-serif; font-size: 14px;\">Tout au long du processus de production, du choix des mat\u00e9riaux \u00e0 l'emballage en passant par la fabrication, notre service de contr\u00f4le de la qualit\u00e9 contr\u00f4le rigoureusement chaque pi\u00e8ce et chaque processus afin de garantir le respect des normes de qualit\u00e9 et le respect des d\u00e9lais de livraison.<\/span><\/td>\n<\/tr>\n<\/tbody>\n<\/table>\n<\/div>\n<div style=\"padding: 10px 0;\"><img loading=\"lazy\" decoding=\"async\" class=\"alignnone size-full wp-image-26126\" src=\"http:\/\/stone-phoenix.com\/wp-content\/uploads\/2023\/12\/Chinese-Artificial-Marble-High-Quality-Price-6.jpg\" alt=\"\" width=\"1102\" height=\"712\" srcset=\"https:\/\/stone-phoenix.com\/wp-content\/uploads\/2023\/12\/Chinese-Artificial-Marble-High-Quality-Price-6.jpg 1102w, https:\/\/stone-phoenix.com\/wp-content\/uploads\/2023\/12\/Chinese-Artificial-Marble-High-Quality-Price-6-300x194.jpg 300w, https:\/\/stone-phoenix.com\/wp-content\/uploads\/2023\/12\/Chinese-Artificial-Marble-High-Quality-Price-6-1024x662.jpg 1024w, https:\/\/stone-phoenix.com\/wp-content\/uploads\/2023\/12\/Chinese-Artificial-Marble-High-Quality-Price-6-768x496.jpg 768w, https:\/\/stone-phoenix.com\/wp-content\/uploads\/2023\/12\/Chinese-Artificial-Marble-High-Quality-Price-6-18x12.jpg 18w, https:\/\/stone-phoenix.com\/wp-content\/uploads\/2023\/12\/Chinese-Artificial-Marble-High-Quality-Price-6-600x388.jpg 600w, https:\/\/stone-phoenix.com\/wp-content\/uploads\/2023\/12\/Chinese-Artificial-Marble-High-Quality-Price-6-150x97.jpg 150w\" sizes=\"(max-width: 1102px) 100vw, 1102px\" \/><img loading=\"lazy\" decoding=\"async\" class=\"alignnone  wp-image-26127\" src=\"http:\/\/stone-phoenix.com\/wp-content\/uploads\/2023\/12\/Chinese-Artificial-Marble-High-Quality-Price-7.jpg\" alt=\"\" width=\"954\" height=\"1121\" srcset=\"https:\/\/stone-phoenix.com\/wp-content\/uploads\/2023\/12\/Chinese-Artificial-Marble-High-Quality-Price-7.jpg 781w, https:\/\/stone-phoenix.com\/wp-content\/uploads\/2023\/12\/Chinese-Artificial-Marble-High-Quality-Price-7-255x300.jpg 255w, https:\/\/stone-phoenix.com\/wp-content\/uploads\/2023\/12\/Chinese-Artificial-Marble-High-Quality-Price-7-768x903.jpg 768w, https:\/\/stone-phoenix.com\/wp-content\/uploads\/2023\/12\/Chinese-Artificial-Marble-High-Quality-Price-7-10x12.jpg 10w, https:\/\/stone-phoenix.com\/wp-content\/uploads\/2023\/12\/Chinese-Artificial-Marble-High-Quality-Price-7-600x705.jpg 600w, https:\/\/stone-phoenix.com\/wp-content\/uploads\/2023\/12\/Chinese-Artificial-Marble-High-Quality-Price-7-150x176.jpg 150w\" sizes=\"(max-width: 954px) 100vw, 954px\" \/><img loading=\"lazy\" decoding=\"async\" class=\"alignnone size-full wp-image-26128\" src=\"http:\/\/stone-phoenix.com\/wp-content\/uploads\/2023\/12\/Chinese-Artificial-Marble-High-Quality-Price-8.jpg\" alt=\"\" width=\"1117\" height=\"813\" srcset=\"https:\/\/stone-phoenix.com\/wp-content\/uploads\/2023\/12\/Chinese-Artificial-Marble-High-Quality-Price-8.jpg 1117w, https:\/\/stone-phoenix.com\/wp-content\/uploads\/2023\/12\/Chinese-Artificial-Marble-High-Quality-Price-8-300x218.jpg 300w, https:\/\/stone-phoenix.com\/wp-content\/uploads\/2023\/12\/Chinese-Artificial-Marble-High-Quality-Price-8-1024x745.jpg 1024w, https:\/\/stone-phoenix.com\/wp-content\/uploads\/2023\/12\/Chinese-Artificial-Marble-High-Quality-Price-8-768x559.jpg 768w, https:\/\/stone-phoenix.com\/wp-content\/uploads\/2023\/12\/Chinese-Artificial-Marble-High-Quality-Price-8-16x12.jpg 16w, https:\/\/stone-phoenix.com\/wp-content\/uploads\/2023\/12\/Chinese-Artificial-Marble-High-Quality-Price-8-600x437.jpg 600w, https:\/\/stone-phoenix.com\/wp-content\/uploads\/2023\/12\/Chinese-Artificial-Marble-High-Quality-Price-8-150x109.jpg 150w\" sizes=\"(max-width: 1117px) 100vw, 1117px\" \/><img loading=\"lazy\" decoding=\"async\" class=\"alignnone  wp-image-26129\" src=\"http:\/\/stone-phoenix.com\/wp-content\/uploads\/2023\/12\/Chinese-Artificial-Marble-High-Quality-Price-9.jpg\" alt=\"\" width=\"958\" height=\"1158\" srcset=\"https:\/\/stone-phoenix.com\/wp-content\/uploads\/2023\/12\/Chinese-Artificial-Marble-High-Quality-Price-9.jpg 841w, https:\/\/stone-phoenix.com\/wp-content\/uploads\/2023\/12\/Chinese-Artificial-Marble-High-Quality-Price-9-248x300.jpg 248w, https:\/\/stone-phoenix.com\/wp-content\/uploads\/2023\/12\/Chinese-Artificial-Marble-High-Quality-Price-9-768x929.jpg 768w, https:\/\/stone-phoenix.com\/wp-content\/uploads\/2023\/12\/Chinese-Artificial-Marble-High-Quality-Price-9-10x12.jpg 10w, https:\/\/stone-phoenix.com\/wp-content\/uploads\/2023\/12\/Chinese-Artificial-Marble-High-Quality-Price-9-600x726.jpg 600w, https:\/\/stone-phoenix.com\/wp-content\/uploads\/2023\/12\/Chinese-Artificial-Marble-High-Quality-Price-9-150x181.jpg 150w\" sizes=\"(max-width: 958px) 100vw, 958px\" \/><\/p>\n<\/div>\n<\/div>\n<\/div>","protected":false},"excerpt":{"rendered":"<p>High quality Chinese artificial marble price per square meter Chinese artificial marble, is probably the most popular material used in<\/p>","protected":false},"featured_media":26120,"template":"","meta":[],"product_cat":[113],"product_tag":[],"_links":{"self":[{"href":"https:\/\/stone-phoenix.com\/fr\/wp-json\/wp\/v2\/product\/21488"}],"collection":[{"href":"https:\/\/stone-phoenix.com\/fr\/wp-json\/wp\/v2\/product"}],"about":[{"href":"https:\/\/stone-phoenix.com\/fr\/wp-json\/wp\/v2\/types\/product"}],"wp:featuredmedia":[{"embeddable":true,"href":"https:\/\/stone-phoenix.com\/fr\/wp-json\/wp\/v2\/media\/26120"}],"wp:attachment":[{"href":"https:\/\/stone-phoenix.com\/fr\/wp-json\/wp\/v2\/media?parent=21488"}],"wp:term":[{"taxonomy":"product_cat","embeddable":true,"href":"https:\/\/stone-phoenix.com\/fr\/wp-json\/wp\/v2\/product_cat?post=21488"},{"taxonomy":"product_tag","embeddable":true,"href":"https:\/\/stone-phoenix.com\/fr\/wp-json\/wp\/v2\/product_tag?post=21488"}],"curies":[{"name":"wp","href":"https:\/\/api.w.org\/{rel}","templated":true}]}}