{"id":21494,"date":"2023-12-29T21:14:17","date_gmt":"2023-12-29T13:14:17","guid":{"rendered":"http:\/\/stone-phoenix.com\/product\/calacatta-marble-start-your-luxury"},"modified":"2024-03-25T21:42:30","modified_gmt":"2024-03-25T13:42:30","slug":"calacatta-marble-start-your-luxury","status":"publish","type":"product","link":"https:\/\/stone-phoenix.com\/fr\/produit\/calacatta-marble-start-your-luxury","title":{"rendered":"Marbre Calacatta Commencez votre luxe"},"content":{"rendered":"<div id=\"tab-description\" class=\"woocommerce-Tabs-panel woocommerce-Tabs-panel--description panel entry-content wc-tab\" role=\"tabpanel\" aria-labelledby=\"tab-title-description\">\n<div id=\"ali-anchor-AliPostDhMb-qkngg\" style=\"padding-top: 8px;\" data-section=\"AliPostDhMb-qkngg\" data-section-title=\"Product Description\">\n<div><strong><span style=\"font-size: 18px;\">Commencez votre vie de luxe Marbre blanc Calacatta italien\u00a0<\/span><\/strong><\/div>\n<p>Le marbre calacatta est une pierre naturelle tr\u00e8s durable qui compl\u00e8te le d\u00e9cor de votre maison, tout en offrant la solidit\u00e9 n\u00e9cessaire pour r\u00e9sister \u00e0 l'usure.Ce marbre calacatta est un produit hautement poli avec un veinage doux et naturel.<\/p>\n<p>Il peut \u00eatre utilis\u00e9 pour des applications architecturales int\u00e9rieures, comme les cuisines et les salles de bains. C'est une pierre \u00e0 grain fin et l\u00e9g\u00e8rement vein\u00e9. Il a un large \u00e9ventail d'utilisations, mais il est principalement utilis\u00e9 pour la menuiserie d\u00e9corative.<\/p>\n<p>Le marbre de Calacatta est une belle pierre naturelle qui s'int\u00e8gre de mani\u00e8re intemporelle et \u00e9l\u00e9gante dans votre int\u00e9rieur. Le marbre Calacatta est un marbre blanc avec des nuances grises qui lui donnent une l\u00e9g\u00e8re teinte gris-vert ou brun\u00e2tre.<\/p>\n<p>Le Calacatta est r\u00e9cemment devenu un choix populaire pour les plans de travail, les rev\u00eatements de sol et les rev\u00eatements muraux. Il est facile \u00e0 entretenir et durable, avec une note de durabilit\u00e9 de sept sur dix sur l'\u00e9chelle de Mohs. Gr\u00e2ce \u00e0 sa couleur claire, il peut \u00eatre utilis\u00e9 dans des designs minimalistes ou contemporains.<\/p>\n<p>Marbre naturel de la r\u00e9gion italienne de Calacatta, cette pierre a un fond blanc cr\u00e9meux avec des veines brunes, noires et jaunes. Elle est souvent utilis\u00e9e pour les plans de travail des cuisines et des salles de bains.<\/p>\n<div id=\"ali-title-AliPostDhMb-qkngg\" style=\"padding: 8px 0; border-bottom: 1px solid #ddd;\"><span style=\"background-color: #ddd; color: #333; font-weight: bold; padding: 8px 10px; line-height: 12px;\">Description du produit<\/span><\/div>\n<div style=\"padding: 10px 0;\">\n<table class=\"aliDataTable\" style=\"color: #000000; font-family: Arial; font-size: 12px; font-style: normal; font-weight: 400; background-color: #ffffff; width: 746.066px; height: 226px; border: 1px solid #b3b3b3;\">\n<tbody>\n<tr style=\"height: 21px;\">\n<td style=\"border: 1px solid #b3b3b3; width: 162px;\"><strong><span style=\"font-family: arial, helvetica, sans-serif; font-size: 14px;\">Nom du produit :<\/span><\/strong><\/td>\n<td style=\"border: 1px solid #b3b3b3; width: 595.066px;\">Prix du marbre de luxe Calacatta White Grey Veins<\/td>\n<\/tr>\n<tr style=\"height: 21px;\">\n<td style=\"border: 1px solid #b3b3b3; width: 162px;\"><strong><span style=\"font-family: arial, helvetica, sans-serif; font-size: 14px;\">Mat\u00e9riau :<\/span><\/strong><\/td>\n<td style=\"border: 1px solid #b3b3b3; width: 595.066px;\"><span style=\"font-family: arial, helvetica, sans-serif; font-size: 14px;\">Marbre<\/span><\/td>\n<\/tr>\n<tr style=\"height: 21px;\">\n<td style=\"border: 1px solid #b3b3b3; width: 162px;\"><strong><span style=\"font-family: arial, helvetica, sans-serif; font-size: 14px;\">Couleur :<\/span><\/strong><\/td>\n<td style=\"border: 1px solid #b3b3b3; width: 595.066px;\"><span style=\"font-family: arial, helvetica, sans-serif; font-size: 14px;\">Blanc, beige, noir, marron, gris, rouge, vert, bleu, etc.<\/span><\/td>\n<\/tr>\n<tr style=\"height: 21px;\">\n<td style=\"border: 1px solid #b3b3b3; width: 162px;\" rowspan=\"3\"><strong><span style=\"font-family: arial, helvetica, sans-serif; font-size: 14px;\">Taille :<\/span><\/strong><\/td>\n<td style=\"border: 1px solid #b3b3b3; width: 595.066px;\"><span style=\"font-family: arial, helvetica, sans-serif; font-size: 14px;\"><span style=\"text-decoration: underline;\">Carreaux disponibles<\/span> <\/span><br \/>\n<span style=\"font-family: arial, helvetica, sans-serif; font-size: 14px;\">12\u2032 X 12\u2033,24\u2032 X 24\u2033,12\u2032 X 24\u2033,etc 300x300mm,300x600mm,400x400mm,600x600mm,600\u00d71200,800\u00d7800,etc<\/span><\/td>\n<\/tr>\n<tr style=\"height: 21px;\">\n<td style=\"border: 1px solid #b3b3b3; width: 595.066px;\"><span style=\"font-family: arial, helvetica, sans-serif; font-size: 14px;\"><span style=\"text-decoration: underline;\">Grandes dalles disponibles<\/span>\u00a0 \u00a0 \u00a0 \u00a0 \u00a0 \u00a0 \u00a0 \u00a0 \u00a0 \u00a0 \u00a0 \u00a0 \u00a0 \u00a0 \u00a0 \u00a0 \u00a0 \u00a0 \u00a0 \u00a0 \u00a0 \u00a0 \u00a0 \u00a0 \u00a0 \u00a0 \u00a0 \u00a0 \u00a0 \u00a0 \u00a0 \u00a0 \u00a0 \u00a0 \u00a0 \u00a0 \u00a0 \u00a0 \u00a0 \u00a0 \u00a0 \u00a0 \u00a0 \u00a0 \u00a0 \u00a0 \u00a0 \u00a0 \u00a0 \u00a0 \u00a0 \u00a0 \u00a0 240cmUpx120UP<\/span><\/td>\n<\/tr>\n<tr style=\"height: 21px;\">\n<td style=\"border: 1px solid #b3b3b3; width: 595.066px;\"><span style=\"font-family: arial, helvetica, sans-serif; font-size: 14px;\">Des sp\u00e9cifications personnalis\u00e9es sont disponibles<\/span><\/td>\n<\/tr>\n<tr style=\"height: 21px;\">\n<td style=\"border: 1px solid #b3b3b3; width: 162px;\"><strong><span style=\"font-family: arial, helvetica, sans-serif; font-size: 14px;\">Tol\u00e9rance d'\u00e9paisseur :<\/span><\/strong><\/td>\n<td style=\"border: 1px solid #b3b3b3; width: 595.066px;\"><span style=\"font-size: 14px; font-family: arial, helvetica, sans-serif;\">\u00b10,05mm, \u00b11mm, \u00b11,5mm, \u00b12mm, selon les exigences de qualit\u00e9 du client<\/span><\/td>\n<\/tr>\n<tr style=\"height: 21px;\">\n<td style=\"border: 1px solid #b3b3b3; width: 162px;\"><strong><span style=\"font-family: arial, helvetica, sans-serif; font-size: 14px;\">Surface :<\/span><\/strong><\/td>\n<td style=\"border: 1px solid #b3b3b3; width: 595.066px;\"><span style=\"font-size: 14px; font-family: arial, helvetica, sans-serif;\">Poli, adouci, assorti au livre, antique, rainur\u00e9, bross\u00e9, d\u00e9cap\u00e9, sabl\u00e9, jet d'eau, etc.<\/span><\/td>\n<\/tr>\n<tr style=\"height: auto;\">\n<td style=\"border: 1px solid #b3b3b3; width: 162px;\"><strong><span style=\"font-family: arial, helvetica, sans-serif; font-size: 14px;\">Emballage :<\/span><\/strong><\/td>\n<td style=\"border: 1px solid #b3b3b3; width: 595.066px;\"><span style=\"font-family: arial, helvetica, sans-serif; font-size: 14px;\"> Fardeaux et caisses en bois en \u00e9tat de navigabilit\u00e9<\/span><\/td>\n<\/tr>\n<tr style=\"height: 21px;\">\n<td style=\"border: 1px solid #b3b3b3; width: 162px;\"><strong><span style=\"font-family: arial, helvetica, sans-serif; font-size: 14px;\">Application :<\/span><\/strong><\/td>\n<td style=\"border: 1px solid #b3b3b3; width: 595.066px;\"><span style=\"font-family: arial, helvetica, sans-serif; font-size: 14px;\">Mur int\u00e9rieur, sol, plinthe, mur de fond, comptoir, escalier, etc.<\/span><\/td>\n<\/tr>\n<tr style=\"height: 21px;\">\n<td style=\"border: 1px solid #b3b3b3; width: 162px;\"><strong><span style=\"font-family: arial, helvetica, sans-serif; font-size: 14px;\">D\u00e9lai de livraison :<\/span><\/strong><\/td>\n<td style=\"border: 1px solid #b3b3b3; width: 595.066px;\"><span style=\"font-family: arial, helvetica, sans-serif; font-size: 14px;\"> 15-20 jours pour les tailles normales<\/span><\/td>\n<\/tr>\n<tr style=\"height: 21px;\">\n<td style=\"border: 1px solid #b3b3b3; width: 162px;\"><strong><span style=\"font-family: arial, helvetica, sans-serif; font-size: 14px;\">Certificat :<\/span><\/strong><\/td>\n<td style=\"border: 1px solid #b3b3b3; width: 595.066px;\"><span style=\"font-family: arial, helvetica, sans-serif; font-size: 14px;\">CE, SGS<\/span><\/td>\n<\/tr>\n<tr style=\"height: 21px;\">\n<td style=\"border: 1px solid #b3b3b3; width: 162px;\"><strong><span style=\"font-family: arial, helvetica, sans-serif; font-size: 14px;\">Conditions de paiement :<\/span><\/strong><\/td>\n<td style=\"border: 1px solid #b3b3b3; width: 595.066px;\"><span style=\"font-family: arial, helvetica, sans-serif; font-size: 14px;\">T\/T, L\/C, D\/P<\/span><\/td>\n<\/tr>\n<tr style=\"height: 42px;\">\n<td style=\"border: 1px solid #b3b3b3; width: 162px;\"><strong><span style=\"font-family: arial, helvetica, sans-serif; font-size: 14px;\">Avantage :<\/span><\/strong><\/td>\n<td style=\"border: 1px solid #b3b3b3; width: 595.066px;\"><span style=\"font-family: arial, helvetica, sans-serif; font-size: 14px;\">1) Service unique pour la pierre ;<\/span><\/p>\n<p><span style=\"font-family: arial, helvetica, sans-serif; font-size: 14px;\">2) Poss\u00e9der 3 carri\u00e8res et 9 usines ;<\/span><\/p>\n<p><span style=\"font-family: arial, helvetica, sans-serif; font-size: 14px;\">3) Des supports technologiques de pointe.<\/span><\/td>\n<\/tr>\n<tr style=\"height: 42px;\">\n<td style=\"border: 1px solid #b3b3b3; width: 162px;\"><strong><span style=\"font-family: arial, helvetica, sans-serif; font-size: 14px;\">Assurance de la qualit\u00e9 et de la livraison :\u00a0<\/span><\/strong><\/td>\n<td style=\"border: 1px solid #b3b3b3; width: 595.066px;\"><span style=\"font-family: arial, helvetica, sans-serif; font-size: 14px;\">Tout au long du processus de production, du choix des mat\u00e9riaux \u00e0 l'emballage en passant par la fabrication, notre service de contr\u00f4le de la qualit\u00e9 contr\u00f4le rigoureusement chaque pi\u00e8ce et chaque processus afin de garantir le respect des normes de qualit\u00e9 et le respect des d\u00e9lais de livraison.<\/span><\/td>\n<\/tr>\n<\/tbody>\n<\/table>\n<p><img loading=\"lazy\" decoding=\"async\" class=\"alignnone size-full wp-image-26116\" src=\"http:\/\/stone-phoenix.com\/wp-content\/uploads\/2023\/12\/Calacatta-Marble-Start-Your-Luxury-7.jpg\" alt=\"\" width=\"1119\" height=\"873\" srcset=\"https:\/\/stone-phoenix.com\/wp-content\/uploads\/2023\/12\/Calacatta-Marble-Start-Your-Luxury-7.jpg 1119w, https:\/\/stone-phoenix.com\/wp-content\/uploads\/2023\/12\/Calacatta-Marble-Start-Your-Luxury-7-300x234.jpg 300w, https:\/\/stone-phoenix.com\/wp-content\/uploads\/2023\/12\/Calacatta-Marble-Start-Your-Luxury-7-1024x799.jpg 1024w, https:\/\/stone-phoenix.com\/wp-content\/uploads\/2023\/12\/Calacatta-Marble-Start-Your-Luxury-7-768x599.jpg 768w, https:\/\/stone-phoenix.com\/wp-content\/uploads\/2023\/12\/Calacatta-Marble-Start-Your-Luxury-7-15x12.jpg 15w, https:\/\/stone-phoenix.com\/wp-content\/uploads\/2023\/12\/Calacatta-Marble-Start-Your-Luxury-7-600x468.jpg 600w, https:\/\/stone-phoenix.com\/wp-content\/uploads\/2023\/12\/Calacatta-Marble-Start-Your-Luxury-7-150x117.jpg 150w\" sizes=\"(max-width: 1119px) 100vw, 1119px\" \/><img loading=\"lazy\" decoding=\"async\" class=\"alignnone size-full wp-image-26117\" src=\"http:\/\/stone-phoenix.com\/wp-content\/uploads\/2023\/12\/Calacatta-Marble-Start-Your-Luxury-8.jpg\" alt=\"\" width=\"1128\" height=\"907\" srcset=\"https:\/\/stone-phoenix.com\/wp-content\/uploads\/2023\/12\/Calacatta-Marble-Start-Your-Luxury-8.jpg 1128w, https:\/\/stone-phoenix.com\/wp-content\/uploads\/2023\/12\/Calacatta-Marble-Start-Your-Luxury-8-300x241.jpg 300w, https:\/\/stone-phoenix.com\/wp-content\/uploads\/2023\/12\/Calacatta-Marble-Start-Your-Luxury-8-1024x823.jpg 1024w, https:\/\/stone-phoenix.com\/wp-content\/uploads\/2023\/12\/Calacatta-Marble-Start-Your-Luxury-8-768x618.jpg 768w, https:\/\/stone-phoenix.com\/wp-content\/uploads\/2023\/12\/Calacatta-Marble-Start-Your-Luxury-8-15x12.jpg 15w, https:\/\/stone-phoenix.com\/wp-content\/uploads\/2023\/12\/Calacatta-Marble-Start-Your-Luxury-8-600x482.jpg 600w, https:\/\/stone-phoenix.com\/wp-content\/uploads\/2023\/12\/Calacatta-Marble-Start-Your-Luxury-8-150x121.jpg 150w\" sizes=\"(max-width: 1128px) 100vw, 1128px\" \/><img loading=\"lazy\" decoding=\"async\" class=\"alignnone size-full wp-image-26118\" src=\"http:\/\/stone-phoenix.com\/wp-content\/uploads\/2023\/12\/Calacatta-Marble-Start-Your-Luxury-9.jpg\" alt=\"\" width=\"1117\" height=\"906\" srcset=\"https:\/\/stone-phoenix.com\/wp-content\/uploads\/2023\/12\/Calacatta-Marble-Start-Your-Luxury-9.jpg 1117w, https:\/\/stone-phoenix.com\/wp-content\/uploads\/2023\/12\/Calacatta-Marble-Start-Your-Luxury-9-300x243.jpg 300w, https:\/\/stone-phoenix.com\/wp-content\/uploads\/2023\/12\/Calacatta-Marble-Start-Your-Luxury-9-1024x831.jpg 1024w, https:\/\/stone-phoenix.com\/wp-content\/uploads\/2023\/12\/Calacatta-Marble-Start-Your-Luxury-9-768x623.jpg 768w, https:\/\/stone-phoenix.com\/wp-content\/uploads\/2023\/12\/Calacatta-Marble-Start-Your-Luxury-9-15x12.jpg 15w, https:\/\/stone-phoenix.com\/wp-content\/uploads\/2023\/12\/Calacatta-Marble-Start-Your-Luxury-9-600x487.jpg 600w, https:\/\/stone-phoenix.com\/wp-content\/uploads\/2023\/12\/Calacatta-Marble-Start-Your-Luxury-9-150x122.jpg 150w\" sizes=\"(max-width: 1117px) 100vw, 1117px\" \/><img loading=\"lazy\" decoding=\"async\" class=\"alignnone size-full wp-image-26119\" src=\"http:\/\/stone-phoenix.com\/wp-content\/uploads\/2023\/12\/Calacatta-Marble-Start-Your-Luxury-10.jpg\" alt=\"\" width=\"1117\" height=\"903\" srcset=\"https:\/\/stone-phoenix.com\/wp-content\/uploads\/2023\/12\/Calacatta-Marble-Start-Your-Luxury-10.jpg 1117w, https:\/\/stone-phoenix.com\/wp-content\/uploads\/2023\/12\/Calacatta-Marble-Start-Your-Luxury-10-300x243.jpg 300w, https:\/\/stone-phoenix.com\/wp-content\/uploads\/2023\/12\/Calacatta-Marble-Start-Your-Luxury-10-1024x828.jpg 1024w, https:\/\/stone-phoenix.com\/wp-content\/uploads\/2023\/12\/Calacatta-Marble-Start-Your-Luxury-10-768x621.jpg 768w, https:\/\/stone-phoenix.com\/wp-content\/uploads\/2023\/12\/Calacatta-Marble-Start-Your-Luxury-10-15x12.jpg 15w, https:\/\/stone-phoenix.com\/wp-content\/uploads\/2023\/12\/Calacatta-Marble-Start-Your-Luxury-10-600x485.jpg 600w, https:\/\/stone-phoenix.com\/wp-content\/uploads\/2023\/12\/Calacatta-Marble-Start-Your-Luxury-10-150x121.jpg 150w\" sizes=\"(max-width: 1117px) 100vw, 1117px\" \/><\/p>\n<p>&nbsp;<\/p>\n<\/div>\n<\/div>\n<\/div>","protected":false},"excerpt":{"rendered":"<p>Start your Luxury life Italian Calacatta White marble\u00a0 calacatta marble is a very durable and natural stone that complements your<\/p>","protected":false},"featured_media":26109,"template":"","meta":[],"product_cat":[113],"product_tag":[],"_links":{"self":[{"href":"https:\/\/stone-phoenix.com\/fr\/wp-json\/wp\/v2\/product\/21494"}],"collection":[{"href":"https:\/\/stone-phoenix.com\/fr\/wp-json\/wp\/v2\/product"}],"about":[{"href":"https:\/\/stone-phoenix.com\/fr\/wp-json\/wp\/v2\/types\/product"}],"wp:featuredmedia":[{"embeddable":true,"href":"https:\/\/stone-phoenix.com\/fr\/wp-json\/wp\/v2\/media\/26109"}],"wp:attachment":[{"href":"https:\/\/stone-phoenix.com\/fr\/wp-json\/wp\/v2\/media?parent=21494"}],"wp:term":[{"taxonomy":"product_cat","embeddable":true,"href":"https:\/\/stone-phoenix.com\/fr\/wp-json\/wp\/v2\/product_cat?post=21494"},{"taxonomy":"product_tag","embeddable":true,"href":"https:\/\/stone-phoenix.com\/fr\/wp-json\/wp\/v2\/product_tag?post=21494"}],"curies":[{"name":"wp","href":"https:\/\/api.w.org\/{rel}","templated":true}]}}