{"id":21542,"date":"2023-12-29T21:17:41","date_gmt":"2023-12-29T13:17:41","guid":{"rendered":"http:\/\/stone-phoenix.com\/product\/black-marble-hexagan-tile-italian-tile-black"},"modified":"2024-03-25T12:33:33","modified_gmt":"2024-03-25T04:33:33","slug":"black-marble-hexagan-tile-italian-tile-black","status":"publish","type":"product","link":"https:\/\/stone-phoenix.com\/fr\/produit\/black-marble-hexagan-tile-italian-tile-black","title":{"rendered":"Marbre noir Hexagan Carrelage italien noir"},"content":{"rendered":"<div id=\"tab-description\" class=\"woocommerce-Tabs-panel woocommerce-Tabs-panel--description panel entry-content wc-tab\" role=\"tabpanel\" aria-labelledby=\"tab-title-description\">\n<h2 style=\"text-align: center;\">Carrelage italien noir, carrelage hexagonal en marbre noir<\/h2>\n<p>Nos carreaux hexagonaux en marbre noir sont con\u00e7us pour s'harmoniser avec nos carreaux en marbre noir massif et peuvent \u00eatre utilis\u00e9s de diff\u00e9rentes mani\u00e8res. Les grands formats permettent une utilisation au sol, tandis que les petits formats peuvent \u00eatre utilis\u00e9s pour le rev\u00eatement mural ou \u00eatre combin\u00e9s avec d'autres carreaux pour une finition de style mosa\u00efque - parfait pour les cuisines, les salles de bains et plus encore ! Notre carrelage hexagonal en marbre est parfait pour n'importe quel espace, des salles de bains aux cuisines en passant par les buanderies et les vestiaires. Ces carreaux hexagonaux en marbre noir ont une forme hexagonale et sont parfaits pour cr\u00e9er des sols, des comptoirs et des murs. Les carreaux hexagonaux ont une forme g\u00e9om\u00e9trique hexagonale et sont sp\u00e9cialement con\u00e7us pour la cuisine, la salle de bain et d'autres endroits. Il est disponible en diff\u00e9rentes formes et couleurs pour rehausser la beaut\u00e9 de votre maison. Les carreaux sont durables et faciles \u00e0 nettoyer, ce qui les rend parfaits pour n'importe quelle pi\u00e8ce.Le carreau est un classique \u00e9l\u00e9gant et intemporel, avec une finition \u00e9l\u00e9gante qui infusera votre int\u00e9rieur avec beaut\u00e9.Notre carreau hexagonal en marbre noir est un look moderne et poli qui ajoutera de l'\u00e9l\u00e9gance \u00e0 n'importe quelle pi\u00e8ce.<\/p>\n<div id=\"ali-anchor-AliPostDhMb-qkngg\" style=\"padding-top: 8px;\" data-section=\"AliPostDhMb-qkngg\" data-section-title=\"Product Description\">\n<div id=\"ali-title-AliPostDhMb-qkngg\" style=\"padding: 8px 0; border-bottom: 1px solid #ddd;\"><span style=\"background-color: #ddd; color: #333; font-weight: bold; padding: 8px 10px; line-height: 12px;\">Description du produit<\/span><\/div>\n<div style=\"padding: 10px 0;\">\n<table class=\"aliDataTable\" style=\"color: #000000; font-family: Arial; font-size: 12px; font-style: normal; font-weight: 400; background-color: #ffffff; width: 746.066px; height: 226px; border: 1px solid #b3b3b3;\">\n<tbody>\n<tr style=\"height: 21px;\">\n<td style=\"border: 1px solid #b3b3b3; width: 162px;\"><strong><span style=\"font-family: arial, helvetica, sans-serif; font-size: 14px;\">Nom du produit :<\/span><\/strong><\/td>\n<td style=\"border: 1px solid #b3b3b3; width: 595.066px;\">Italie Carreau de marbre arabescato Vagil Corchia Prix du marbre blanc<\/td>\n<\/tr>\n<tr style=\"height: 21px;\">\n<td style=\"border: 1px solid #b3b3b3; width: 162px;\"><strong><span style=\"font-family: arial, helvetica, sans-serif; font-size: 14px;\">Mat\u00e9riau :<\/span><\/strong><\/td>\n<td style=\"border: 1px solid #b3b3b3; width: 595.066px;\"><span style=\"font-family: arial, helvetica, sans-serif; font-size: 14px;\">Marbre<\/span><\/td>\n<\/tr>\n<tr style=\"height: 21px;\">\n<td style=\"border: 1px solid #b3b3b3; width: 162px;\"><strong><span style=\"font-family: arial, helvetica, sans-serif; font-size: 14px;\">Couleur :<\/span><\/strong><\/td>\n<td style=\"border: 1px solid #b3b3b3; width: 595.066px;\"><span style=\"font-family: arial, helvetica, sans-serif; font-size: 14px;\">Blanc, beige, noir, marron, gris, rouge, vert, bleu, etc.<\/span><\/td>\n<\/tr>\n<tr style=\"height: 21px;\">\n<td style=\"border: 1px solid #b3b3b3; width: 162px;\" rowspan=\"3\"><strong><span style=\"font-family: arial, helvetica, sans-serif; font-size: 14px;\">Taille :<\/span><\/strong><\/td>\n<td style=\"border: 1px solid #b3b3b3; width: 595.066px;\"><span style=\"font-family: arial, helvetica, sans-serif; font-size: 14px;\"><span style=\"text-decoration: underline;\">Carreaux disponibles<\/span> <\/span><br \/>\n<span style=\"font-family: arial, helvetica, sans-serif; font-size: 14px;\">12\u2032 X 12\u2033,24\u2032 X 24\u2033,12\u2032 X 24\u2033,etc 300x300mm,300x600mm,400x400mm,600x600mm,600\u00d71200,800\u00d7800,etc<\/span><\/td>\n<\/tr>\n<tr style=\"height: 21px;\">\n<td style=\"border: 1px solid #b3b3b3; width: 595.066px;\"><span style=\"font-family: arial, helvetica, sans-serif; font-size: 14px;\"><span style=\"text-decoration: underline;\">Grandes dalles disponibles<\/span>\u00a0 \u00a0 \u00a0 \u00a0 \u00a0 \u00a0 \u00a0 \u00a0 \u00a0 \u00a0 \u00a0 \u00a0 \u00a0 \u00a0 \u00a0 \u00a0 \u00a0 \u00a0 \u00a0 \u00a0 \u00a0 \u00a0 \u00a0 \u00a0 \u00a0 \u00a0 \u00a0 \u00a0 \u00a0 \u00a0 \u00a0 \u00a0 \u00a0 \u00a0 \u00a0 \u00a0 \u00a0 \u00a0 \u00a0 \u00a0 \u00a0 \u00a0 \u00a0 \u00a0 \u00a0 \u00a0 \u00a0 \u00a0 \u00a0 \u00a0 \u00a0 \u00a0 \u00a0 240cmUpx120UP<\/span><\/td>\n<\/tr>\n<tr style=\"height: 21px;\">\n<td style=\"border: 1px solid #b3b3b3; width: 595.066px;\"><span style=\"font-family: arial, helvetica, sans-serif; font-size: 14px;\">Des sp\u00e9cifications personnalis\u00e9es sont disponibles<\/span><\/td>\n<\/tr>\n<tr style=\"height: 21px;\">\n<td style=\"border: 1px solid #b3b3b3; width: 162px;\"><strong><span style=\"font-family: arial, helvetica, sans-serif; font-size: 14px;\">Tol\u00e9rance d'\u00e9paisseur :<\/span><\/strong><\/td>\n<td style=\"border: 1px solid #b3b3b3; width: 595.066px;\"><span style=\"font-size: 14px; font-family: arial, helvetica, sans-serif;\">\u00b10,05mm, \u00b11mm, \u00b11,5mm, \u00b12mm, selon les exigences de qualit\u00e9 du client<\/span><\/td>\n<\/tr>\n<tr style=\"height: 21px;\">\n<td style=\"border: 1px solid #b3b3b3; width: 162px;\"><strong><span style=\"font-family: arial, helvetica, sans-serif; font-size: 14px;\">Surface :<\/span><\/strong><\/td>\n<td style=\"border: 1px solid #b3b3b3; width: 595.066px;\"><span style=\"font-size: 14px; font-family: arial, helvetica, sans-serif;\">Poli, adouci, assorti au livre, antique, rainur\u00e9, bross\u00e9, d\u00e9cap\u00e9, sabl\u00e9, jet d'eau, etc.<\/span><\/td>\n<\/tr>\n<tr style=\"height: auto;\">\n<td style=\"border: 1px solid #b3b3b3; width: 162px;\"><strong><span style=\"font-family: arial, helvetica, sans-serif; font-size: 14px;\">Emballage :<\/span><\/strong><\/td>\n<td style=\"border: 1px solid #b3b3b3; width: 595.066px;\"><span style=\"font-family: arial, helvetica, sans-serif; font-size: 14px;\"> Fardeaux et caisses en bois en \u00e9tat de navigabilit\u00e9<\/span><\/td>\n<\/tr>\n<tr style=\"height: 21px;\">\n<td style=\"border: 1px solid #b3b3b3; width: 162px;\"><strong><span style=\"font-family: arial, helvetica, sans-serif; font-size: 14px;\">Application :<\/span><\/strong><\/td>\n<td style=\"border: 1px solid #b3b3b3; width: 595.066px;\"><span style=\"font-family: arial, helvetica, sans-serif; font-size: 14px;\">Mur int\u00e9rieur, sol, plinthe, mur de fond, comptoir, escalier, etc.<\/span><\/td>\n<\/tr>\n<tr style=\"height: 21px;\">\n<td style=\"border: 1px solid #b3b3b3; width: 162px;\"><strong><span style=\"font-family: arial, helvetica, sans-serif; font-size: 14px;\">D\u00e9lai de livraison :<\/span><\/strong><\/td>\n<td style=\"border: 1px solid #b3b3b3; width: 595.066px;\"><span style=\"font-family: arial, helvetica, sans-serif; font-size: 14px;\"> 15-20 jours pour les tailles normales<\/span><\/td>\n<\/tr>\n<tr style=\"height: 21px;\">\n<td style=\"border: 1px solid #b3b3b3; width: 162px;\"><strong><span style=\"font-family: arial, helvetica, sans-serif; font-size: 14px;\">Certificat :<\/span><\/strong><\/td>\n<td style=\"border: 1px solid #b3b3b3; width: 595.066px;\"><span style=\"font-family: arial, helvetica, sans-serif; font-size: 14px;\">CE, SGS<\/span><\/td>\n<\/tr>\n<tr style=\"height: 21px;\">\n<td style=\"border: 1px solid #b3b3b3; width: 162px;\"><strong><span style=\"font-family: arial, helvetica, sans-serif; font-size: 14px;\">Conditions de paiement :<\/span><\/strong><\/td>\n<td style=\"border: 1px solid #b3b3b3; width: 595.066px;\"><span style=\"font-family: arial, helvetica, sans-serif; font-size: 14px;\">T\/T, L\/C, D\/P<\/span><\/td>\n<\/tr>\n<tr style=\"height: 42px;\">\n<td style=\"border: 1px solid #b3b3b3; width: 162px;\"><strong><span style=\"font-family: arial, helvetica, sans-serif; font-size: 14px;\">Avantage :<\/span><\/strong><\/td>\n<td style=\"border: 1px solid #b3b3b3; width: 595.066px;\"><span style=\"font-family: arial, helvetica, sans-serif; font-size: 14px;\">1) Service unique pour la pierre ;<\/span><\/p>\n<p><span style=\"font-family: arial, helvetica, sans-serif; font-size: 14px;\">2) Poss\u00e9der 3 carri\u00e8res et 9 usines ;<\/span><\/p>\n<p><span style=\"font-family: arial, helvetica, sans-serif; font-size: 14px;\">3) Des supports technologiques de pointe.<\/span><\/td>\n<\/tr>\n<tr style=\"height: 42px;\">\n<td style=\"border: 1px solid #b3b3b3; width: 162px;\"><strong><span style=\"font-family: arial, helvetica, sans-serif; font-size: 14px;\">Assurance de la qualit\u00e9 et de la livraison :\u00a0<\/span><\/strong><\/td>\n<td style=\"border: 1px solid #b3b3b3; width: 595.066px;\"><span style=\"font-family: arial, helvetica, sans-serif; font-size: 14px;\">Tout au long du processus de production, du choix des mat\u00e9riaux \u00e0 l'emballage en passant par la fabrication, notre service de contr\u00f4le de la qualit\u00e9 contr\u00f4le rigoureusement chaque pi\u00e8ce et chaque processus afin de garantir le respect des normes de qualit\u00e9 et le respect des d\u00e9lais de livraison.<\/span><\/td>\n<\/tr>\n<\/tbody>\n<\/table>\n<p><img loading=\"lazy\" decoding=\"async\" class=\"alignnone size-full wp-image-26068\" src=\"http:\/\/stone-phoenix.com\/wp-content\/uploads\/2023\/12\/Black-Marble-Hexagan-Tile-Italian-Tile-black-6.jpg\" alt=\"\" width=\"1188\" height=\"679\" srcset=\"https:\/\/stone-phoenix.com\/wp-content\/uploads\/2023\/12\/Black-Marble-Hexagan-Tile-Italian-Tile-black-6.jpg 1188w, https:\/\/stone-phoenix.com\/wp-content\/uploads\/2023\/12\/Black-Marble-Hexagan-Tile-Italian-Tile-black-6-300x171.jpg 300w, https:\/\/stone-phoenix.com\/wp-content\/uploads\/2023\/12\/Black-Marble-Hexagan-Tile-Italian-Tile-black-6-1024x585.jpg 1024w, https:\/\/stone-phoenix.com\/wp-content\/uploads\/2023\/12\/Black-Marble-Hexagan-Tile-Italian-Tile-black-6-768x439.jpg 768w, https:\/\/stone-phoenix.com\/wp-content\/uploads\/2023\/12\/Black-Marble-Hexagan-Tile-Italian-Tile-black-6-18x10.jpg 18w, https:\/\/stone-phoenix.com\/wp-content\/uploads\/2023\/12\/Black-Marble-Hexagan-Tile-Italian-Tile-black-6-600x343.jpg 600w, https:\/\/stone-phoenix.com\/wp-content\/uploads\/2023\/12\/Black-Marble-Hexagan-Tile-Italian-Tile-black-6-150x86.jpg 150w\" sizes=\"(max-width: 1188px) 100vw, 1188px\" \/><img loading=\"lazy\" decoding=\"async\" class=\"alignnone size-full wp-image-26069\" src=\"http:\/\/stone-phoenix.com\/wp-content\/uploads\/2023\/12\/Black-Marble-Hexagan-Tile-Italian-Tile-black-7.jpg\" alt=\"\" width=\"1230\" height=\"607\" srcset=\"https:\/\/stone-phoenix.com\/wp-content\/uploads\/2023\/12\/Black-Marble-Hexagan-Tile-Italian-Tile-black-7.jpg 1230w, https:\/\/stone-phoenix.com\/wp-content\/uploads\/2023\/12\/Black-Marble-Hexagan-Tile-Italian-Tile-black-7-300x148.jpg 300w, https:\/\/stone-phoenix.com\/wp-content\/uploads\/2023\/12\/Black-Marble-Hexagan-Tile-Italian-Tile-black-7-1024x505.jpg 1024w, https:\/\/stone-phoenix.com\/wp-content\/uploads\/2023\/12\/Black-Marble-Hexagan-Tile-Italian-Tile-black-7-768x379.jpg 768w, https:\/\/stone-phoenix.com\/wp-content\/uploads\/2023\/12\/Black-Marble-Hexagan-Tile-Italian-Tile-black-7-18x9.jpg 18w, https:\/\/stone-phoenix.com\/wp-content\/uploads\/2023\/12\/Black-Marble-Hexagan-Tile-Italian-Tile-black-7-600x296.jpg 600w, https:\/\/stone-phoenix.com\/wp-content\/uploads\/2023\/12\/Black-Marble-Hexagan-Tile-Italian-Tile-black-7-150x74.jpg 150w\" sizes=\"(max-width: 1230px) 100vw, 1230px\" \/><img loading=\"lazy\" decoding=\"async\" class=\"alignnone size-full wp-image-26070\" src=\"http:\/\/stone-phoenix.com\/wp-content\/uploads\/2023\/12\/Black-Marble-Hexagan-Tile-Italian-Tile-black-8.jpg\" alt=\"\" width=\"1194\" height=\"831\" srcset=\"https:\/\/stone-phoenix.com\/wp-content\/uploads\/2023\/12\/Black-Marble-Hexagan-Tile-Italian-Tile-black-8.jpg 1194w, https:\/\/stone-phoenix.com\/wp-content\/uploads\/2023\/12\/Black-Marble-Hexagan-Tile-Italian-Tile-black-8-300x209.jpg 300w, https:\/\/stone-phoenix.com\/wp-content\/uploads\/2023\/12\/Black-Marble-Hexagan-Tile-Italian-Tile-black-8-1024x713.jpg 1024w, https:\/\/stone-phoenix.com\/wp-content\/uploads\/2023\/12\/Black-Marble-Hexagan-Tile-Italian-Tile-black-8-768x535.jpg 768w, https:\/\/stone-phoenix.com\/wp-content\/uploads\/2023\/12\/Black-Marble-Hexagan-Tile-Italian-Tile-black-8-18x12.jpg 18w, https:\/\/stone-phoenix.com\/wp-content\/uploads\/2023\/12\/Black-Marble-Hexagan-Tile-Italian-Tile-black-8-600x418.jpg 600w, https:\/\/stone-phoenix.com\/wp-content\/uploads\/2023\/12\/Black-Marble-Hexagan-Tile-Italian-Tile-black-8-150x104.jpg 150w\" sizes=\"(max-width: 1194px) 100vw, 1194px\" \/><\/p>\n<p>&nbsp;<\/p>\n<\/div>\n<\/div>\n<div id=\"ali-anchor-AliPostDhMb-ils4t\" style=\"padding-top: 8px;\" data-section=\"AliPostDhMb-ils4t\" data-section-title=\"FAQ\">\n<div style=\"padding: 10px 0;\">\n<p>&nbsp;<\/p>\n<p><img loading=\"lazy\" decoding=\"async\" class=\"alignnone size-full wp-image-21547\" src=\"http:\/\/stone-phoenix.com\/wp-content\/uploads\/2023\/12\/1703884667.jpg\" width=\"1000\" height=\"1000\" srcset=\"https:\/\/stone-phoenix.com\/wp-content\/uploads\/2023\/12\/1703884667.jpg 1000w, https:\/\/stone-phoenix.com\/wp-content\/uploads\/2023\/12\/1703884667-300x300.jpg 300w, https:\/\/stone-phoenix.com\/wp-content\/uploads\/2023\/12\/1703884667-150x150.jpg 150w, https:\/\/stone-phoenix.com\/wp-content\/uploads\/2023\/12\/1703884667-768x768.jpg 768w, https:\/\/stone-phoenix.com\/wp-content\/uploads\/2023\/12\/1703884667-12x12.jpg 12w, https:\/\/stone-phoenix.com\/wp-content\/uploads\/2023\/12\/1703884667-600x600.jpg 600w\" sizes=\"(max-width: 1000px) 100vw, 1000px\" \/><\/p>\n<\/div>\n<\/div>\n<\/div>","protected":false},"excerpt":{"rendered":"<p>Black tile italian tile,black marble hexagan tile Our Black Marble hexagon tile is designed to match our solid black marble<\/p>","protected":false},"featured_media":21543,"template":"","meta":[],"product_cat":[113],"product_tag":[],"_links":{"self":[{"href":"https:\/\/stone-phoenix.com\/fr\/wp-json\/wp\/v2\/product\/21542"}],"collection":[{"href":"https:\/\/stone-phoenix.com\/fr\/wp-json\/wp\/v2\/product"}],"about":[{"href":"https:\/\/stone-phoenix.com\/fr\/wp-json\/wp\/v2\/types\/product"}],"wp:featuredmedia":[{"embeddable":true,"href":"https:\/\/stone-phoenix.com\/fr\/wp-json\/wp\/v2\/media\/21543"}],"wp:attachment":[{"href":"https:\/\/stone-phoenix.com\/fr\/wp-json\/wp\/v2\/media?parent=21542"}],"wp:term":[{"taxonomy":"product_cat","embeddable":true,"href":"https:\/\/stone-phoenix.com\/fr\/wp-json\/wp\/v2\/product_cat?post=21542"},{"taxonomy":"product_tag","embeddable":true,"href":"https:\/\/stone-phoenix.com\/fr\/wp-json\/wp\/v2\/product_tag?post=21542"}],"curies":[{"name":"wp","href":"https:\/\/api.w.org\/{rel}","templated":true}]}}