{"id":21553,"date":"2023-12-29T21:18:41","date_gmt":"2023-12-29T13:18:41","guid":{"rendered":"http:\/\/stone-phoenix.com\/product\/carara-marble-tile-cut-to-size-carrara-white"},"modified":"2024-03-25T12:16:09","modified_gmt":"2024-03-25T04:16:09","slug":"carara-marble-tile-cut-to-size-carrara-white","status":"publish","type":"product","link":"https:\/\/stone-phoenix.com\/fr\/produit\/carara-marble-tile-cut-to-size-carrara-white","title":{"rendered":"Carrelage en marbre de Carara coup\u00e9 \u00e0 la taille Carrara blanc"},"content":{"rendered":"<div id=\"tab-description\" class=\"woocommerce-Tabs-panel woocommerce-Tabs-panel--description panel entry-content wc-tab\" role=\"tabpanel\" aria-labelledby=\"tab-title-description\">\n<div id=\"ali-anchor-AliPostDhMb-qkngg\" style=\"padding-top: 8px;\" data-section=\"AliPostDhMb-qkngg\" data-section-title=\"Product Description\">\n<h2 style=\"text-align: center;\">Carrelage en marbre de Carara coup\u00e9 \u00e0 la taille Carrara blanc<\/h2>\n<p>Le marbre de Carrare est un marbre de premi\u00e8re qualit\u00e9 largement utilis\u00e9 pour les plans de travail et les sols, mais aussi pour les dosserets, les chemin\u00e9es et les murs. L'un des types de marbre les plus populaires est le carreau de marbre de Carrare, un marbre durable qui n\u00e9cessite peu d'entretien et qui peut r\u00e9sister \u00e0 toutes sortes de conditions climatiques. D\u00e9corer avec des carreaux de marbre de Carrare est une exp\u00e9rience captivante, un classique intemporel qui sera magnifique dans n'importe quel environnement.<\/p>\n<p>Vous serez surpris de constater \u00e0 quel point il est facile de cr\u00e9er des designs inspirants avec notre large gamme de carreaux en marbre de Carrare. Il s'agit d'un marbre naturel qui a \u00e9t\u00e9 s\u00e9lectionn\u00e9 \u00e0 la main dans une vari\u00e9t\u00e9 de couleurs et de textures pour cr\u00e9er cette collection intemporelle de carreaux. Les tons chauds et terreux et les textures blanches ajoutent de la profondeur et de l'int\u00e9r\u00eat \u00e0 n'importe quel espace. Il s'agit d'un carrelage \u00e0 la texture dense et uniforme, au grain fin et \u00e0 la couleur homog\u00e8ne, destin\u00e9 aux projets r\u00e9sidentiels et commerciaux. Il est appr\u00e9ci\u00e9 pour son \u00e9l\u00e9gance intemporelle et sa polyvalence.<\/p>\n<p>Le marbre de Carara est un marbre \u00e9tonnant, connu pour ses tourbillons uniques et ses riches variations de tons. Il est devenu plus populaire au cours des derni\u00e8res ann\u00e9es et est souvent utilis\u00e9 comme substitut au granit, mais il est plus polyvalent que s'il \u00e9tait utilis\u00e9 seul. Le marbre de Carrare est une pierre \u00e9l\u00e9gante, douce et chaleureuse. Disponible dans diff\u00e9rentes nuances de blanc, de cr\u00e8me et de beige, il convient parfaitement aux salles de bains modernes et aux maisons d'\u00e9poque.<\/p>\n<div id=\"ali-title-AliPostDhMb-qkngg\" style=\"padding: 8px 0; border-bottom: 1px solid #ddd;\"><span style=\"background-color: #ddd; color: #333; font-weight: bold; padding: 8px 10px; line-height: 12px;\">Description du produit<\/span><\/div>\n<div style=\"padding: 10px 0;\">\n<table class=\"aliDataTable\" style=\"color: #000000; font-family: Arial; font-size: 12px; font-style: normal; font-weight: 400; background-color: #ffffff; width: 746.066px; height: 226px; border: 1px solid #b3b3b3;\">\n<tbody>\n<tr style=\"height: 21px;\">\n<td style=\"border: 1px solid #b3b3b3; width: 162px;\"><strong><span style=\"font-family: arial, helvetica, sans-serif; font-size: 14px;\">Nom du produit :<\/span><\/strong><\/td>\n<td style=\"border: 1px solid #b3b3b3; width: 595.066px;\"><span style=\"font-family: arial, helvetica, sans-serif; font-size: 14px;\">Marbre divers<\/span><\/td>\n<\/tr>\n<tr style=\"height: 21px;\">\n<td style=\"border: 1px solid #b3b3b3; width: 162px;\"><strong><span style=\"font-family: arial, helvetica, sans-serif; font-size: 14px;\">Mat\u00e9riau :<\/span><\/strong><\/td>\n<td style=\"border: 1px solid #b3b3b3; width: 595.066px;\"><span style=\"font-family: arial, helvetica, sans-serif; font-size: 14px;\">Marbre<\/span><\/td>\n<\/tr>\n<tr style=\"height: 21px;\">\n<td style=\"border: 1px solid #b3b3b3; width: 162px;\"><strong><span style=\"font-family: arial, helvetica, sans-serif; font-size: 14px;\">Couleur :<\/span><\/strong><\/td>\n<td style=\"border: 1px solid #b3b3b3; width: 595.066px;\"><span style=\"font-family: arial, helvetica, sans-serif; font-size: 14px;\">Blanc, beige, noir, marron, gris, rouge, vert, bleu, etc.<\/span><\/td>\n<\/tr>\n<tr style=\"height: 21px;\">\n<td style=\"border: 1px solid #b3b3b3; width: 162px;\" rowspan=\"3\"><strong><span style=\"font-family: arial, helvetica, sans-serif; font-size: 14px;\">Taille :<\/span><\/strong><\/td>\n<td style=\"border: 1px solid #b3b3b3; width: 595.066px;\"><span style=\"font-family: arial, helvetica, sans-serif; font-size: 14px;\"><span style=\"text-decoration: underline;\">Carreaux disponibles<\/span> <\/span><br \/>\n<span style=\"font-family: arial, helvetica, sans-serif; font-size: 14px;\">12\u2032 X 12\u2033,24\u2032 X 24\u2033,12\u2032 X 24\u2033,etc 300x300mm,300x600mm,400x400mm,600x600mm,600\u00d71200,800\u00d7800,etc<\/span><\/td>\n<\/tr>\n<tr style=\"height: 21px;\">\n<td style=\"border: 1px solid #b3b3b3; width: 595.066px;\"><span style=\"font-family: arial, helvetica, sans-serif; font-size: 14px;\"><span style=\"text-decoration: underline;\">Grandes dalles disponibles<\/span>\u00a0 \u00a0 \u00a0 \u00a0 \u00a0 \u00a0 \u00a0 \u00a0 \u00a0 \u00a0 \u00a0 \u00a0 \u00a0 \u00a0 \u00a0 \u00a0 \u00a0 \u00a0 \u00a0 \u00a0 \u00a0 \u00a0 \u00a0 \u00a0 \u00a0 \u00a0 \u00a0 \u00a0 \u00a0 \u00a0 \u00a0 \u00a0 \u00a0 \u00a0 \u00a0 \u00a0 \u00a0 \u00a0 \u00a0 \u00a0 \u00a0 \u00a0 \u00a0 \u00a0 \u00a0 \u00a0 \u00a0 \u00a0 \u00a0 \u00a0 \u00a0 \u00a0 \u00a0 240cmUpx120UP<\/span><\/td>\n<\/tr>\n<tr style=\"height: 21px;\">\n<td style=\"border: 1px solid #b3b3b3; width: 595.066px;\"><span style=\"font-family: arial, helvetica, sans-serif; font-size: 14px;\">Des sp\u00e9cifications personnalis\u00e9es sont disponibles<\/span><\/td>\n<\/tr>\n<tr style=\"height: 21px;\">\n<td style=\"border: 1px solid #b3b3b3; width: 162px;\"><strong><span style=\"font-family: arial, helvetica, sans-serif; font-size: 14px;\">Tol\u00e9rance d'\u00e9paisseur :<\/span><\/strong><\/td>\n<td style=\"border: 1px solid #b3b3b3; width: 595.066px;\"><span style=\"font-size: 14px; font-family: arial, helvetica, sans-serif;\">\u00b10,05mm, \u00b11mm, \u00b11,5mm, \u00b12mm, selon les exigences de qualit\u00e9 du client<\/span><\/td>\n<\/tr>\n<tr style=\"height: 21px;\">\n<td style=\"border: 1px solid #b3b3b3; width: 162px;\"><strong><span style=\"font-family: arial, helvetica, sans-serif; font-size: 14px;\">Surface :<\/span><\/strong><\/td>\n<td style=\"border: 1px solid #b3b3b3; width: 595.066px;\"><span style=\"font-size: 14px; font-family: arial, helvetica, sans-serif;\">Poli, adouci, assorti au livre, antique, rainur\u00e9, bross\u00e9, d\u00e9cap\u00e9, sabl\u00e9, jet d'eau, etc.<\/span><\/td>\n<\/tr>\n<tr style=\"height: auto;\">\n<td style=\"border: 1px solid #b3b3b3; width: 162px;\"><strong><span style=\"font-family: arial, helvetica, sans-serif; font-size: 14px;\">Emballage :<\/span><\/strong><\/td>\n<td style=\"border: 1px solid #b3b3b3; width: 595.066px;\"><span style=\"font-family: arial, helvetica, sans-serif; font-size: 14px;\"> Fardeaux et caisses en bois en \u00e9tat de navigabilit\u00e9<\/span><\/td>\n<\/tr>\n<tr style=\"height: 21px;\">\n<td style=\"border: 1px solid #b3b3b3; width: 162px;\"><strong><span style=\"font-family: arial, helvetica, sans-serif; font-size: 14px;\">Application :<\/span><\/strong><\/td>\n<td style=\"border: 1px solid #b3b3b3; width: 595.066px;\"><span style=\"font-family: arial, helvetica, sans-serif; font-size: 14px;\">Mur int\u00e9rieur, sol, plinthe, mur de fond, comptoir, escalier, etc.<\/span><\/td>\n<\/tr>\n<tr style=\"height: 21px;\">\n<td style=\"border: 1px solid #b3b3b3; width: 162px;\"><strong><span style=\"font-family: arial, helvetica, sans-serif; font-size: 14px;\">D\u00e9lai de livraison :<\/span><\/strong><\/td>\n<td style=\"border: 1px solid #b3b3b3; width: 595.066px;\"><span style=\"font-family: arial, helvetica, sans-serif; font-size: 14px;\"> 15-20 jours pour les tailles normales<\/span><\/td>\n<\/tr>\n<tr style=\"height: 21px;\">\n<td style=\"border: 1px solid #b3b3b3; width: 162px;\"><strong><span style=\"font-family: arial, helvetica, sans-serif; font-size: 14px;\">Certificat :<\/span><\/strong><\/td>\n<td style=\"border: 1px solid #b3b3b3; width: 595.066px;\"><span style=\"font-family: arial, helvetica, sans-serif; font-size: 14px;\">CE, SGS<\/span><\/td>\n<\/tr>\n<tr style=\"height: 21px;\">\n<td style=\"border: 1px solid #b3b3b3; width: 162px;\"><strong><span style=\"font-family: arial, helvetica, sans-serif; font-size: 14px;\">Conditions de paiement :<\/span><\/strong><\/td>\n<td style=\"border: 1px solid #b3b3b3; width: 595.066px;\"><span style=\"font-family: arial, helvetica, sans-serif; font-size: 14px;\">T\/T, L\/C, D\/P<\/span><\/td>\n<\/tr>\n<tr style=\"height: 42px;\">\n<td style=\"border: 1px solid #b3b3b3; width: 162px;\"><strong><span style=\"font-family: arial, helvetica, sans-serif; font-size: 14px;\">Avantage :<\/span><\/strong><\/td>\n<td style=\"border: 1px solid #b3b3b3; width: 595.066px;\"><span style=\"font-family: arial, helvetica, sans-serif; font-size: 14px;\">1) Service unique pour la pierre ;<\/span><\/p>\n<p><span style=\"font-family: arial, helvetica, sans-serif; font-size: 14px;\">2) Poss\u00e9der 3 carri\u00e8res et 9 usines ;<\/span><\/p>\n<p><span style=\"font-family: arial, helvetica, sans-serif; font-size: 14px;\">3) Des supports technologiques de pointe.<\/span><\/td>\n<\/tr>\n<tr style=\"height: 42px;\">\n<td style=\"border: 1px solid #b3b3b3; width: 162px;\"><strong><span style=\"font-family: arial, helvetica, sans-serif; font-size: 14px;\">Assurance de la qualit\u00e9 et de la livraison :\u00a0<\/span><\/strong><\/td>\n<td style=\"border: 1px solid #b3b3b3; width: 595.066px;\"><span style=\"font-family: arial, helvetica, sans-serif; font-size: 14px;\">Tout au long du processus de production, du choix des mat\u00e9riaux \u00e0 l'emballage en passant par la fabrication, notre service de contr\u00f4le de la qualit\u00e9 contr\u00f4le rigoureusement chaque pi\u00e8ce et chaque processus afin de garantir le respect des normes de qualit\u00e9 et le respect des d\u00e9lais de livraison.<\/span><\/td>\n<\/tr>\n<\/tbody>\n<\/table>\n<p><img loading=\"lazy\" decoding=\"async\" class=\"alignnone wp-image-26033\" src=\"http:\/\/stone-phoenix.com\/wp-content\/uploads\/2023\/12\/Carrara-Marble-Price-Big-Size-M2-4.jpg\" alt=\"\" width=\"805\" height=\"612\" srcset=\"https:\/\/stone-phoenix.com\/wp-content\/uploads\/2023\/12\/Carrara-Marble-Price-Big-Size-M2-4.jpg 718w, https:\/\/stone-phoenix.com\/wp-content\/uploads\/2023\/12\/Carrara-Marble-Price-Big-Size-M2-4-300x228.jpg 300w, https:\/\/stone-phoenix.com\/wp-content\/uploads\/2023\/12\/Carrara-Marble-Price-Big-Size-M2-4-16x12.jpg 16w, https:\/\/stone-phoenix.com\/wp-content\/uploads\/2023\/12\/Carrara-Marble-Price-Big-Size-M2-4-600x456.jpg 600w, https:\/\/stone-phoenix.com\/wp-content\/uploads\/2023\/12\/Carrara-Marble-Price-Big-Size-M2-4-150x114.jpg 150w\" sizes=\"(max-width: 805px) 100vw, 805px\" \/><img loading=\"lazy\" decoding=\"async\" class=\"alignnone wp-image-26034\" src=\"http:\/\/stone-phoenix.com\/wp-content\/uploads\/2023\/12\/Carrara-Marble-Price-Big-Size-M2-5.jpg\" alt=\"\" width=\"806\" height=\"610\" srcset=\"https:\/\/stone-phoenix.com\/wp-content\/uploads\/2023\/12\/Carrara-Marble-Price-Big-Size-M2-5.jpg 604w, https:\/\/stone-phoenix.com\/wp-content\/uploads\/2023\/12\/Carrara-Marble-Price-Big-Size-M2-5-300x227.jpg 300w, https:\/\/stone-phoenix.com\/wp-content\/uploads\/2023\/12\/Carrara-Marble-Price-Big-Size-M2-5-16x12.jpg 16w, https:\/\/stone-phoenix.com\/wp-content\/uploads\/2023\/12\/Carrara-Marble-Price-Big-Size-M2-5-600x454.jpg 600w, https:\/\/stone-phoenix.com\/wp-content\/uploads\/2023\/12\/Carrara-Marble-Price-Big-Size-M2-5-150x113.jpg 150w\" sizes=\"(max-width: 806px) 100vw, 806px\" \/><img loading=\"lazy\" decoding=\"async\" class=\"alignnone wp-image-26036\" src=\"http:\/\/stone-phoenix.com\/wp-content\/uploads\/2023\/12\/Carrara-Marble-Price-Big-Size-M2-4-1.jpg\" alt=\"\" width=\"806\" height=\"613\" srcset=\"https:\/\/stone-phoenix.com\/wp-content\/uploads\/2023\/12\/Carrara-Marble-Price-Big-Size-M2-4-1.jpg 718w, https:\/\/stone-phoenix.com\/wp-content\/uploads\/2023\/12\/Carrara-Marble-Price-Big-Size-M2-4-1-300x228.jpg 300w, https:\/\/stone-phoenix.com\/wp-content\/uploads\/2023\/12\/Carrara-Marble-Price-Big-Size-M2-4-1-16x12.jpg 16w, https:\/\/stone-phoenix.com\/wp-content\/uploads\/2023\/12\/Carrara-Marble-Price-Big-Size-M2-4-1-600x456.jpg 600w, https:\/\/stone-phoenix.com\/wp-content\/uploads\/2023\/12\/Carrara-Marble-Price-Big-Size-M2-4-1-150x114.jpg 150w\" sizes=\"(max-width: 806px) 100vw, 806px\" \/><img loading=\"lazy\" decoding=\"async\" class=\"alignnone wp-image-26037\" src=\"http:\/\/stone-phoenix.com\/wp-content\/uploads\/2023\/12\/Carrara-Marble-Price-Big-Size-M2-3.jpg\" alt=\"\" width=\"808\" height=\"610\" srcset=\"https:\/\/stone-phoenix.com\/wp-content\/uploads\/2023\/12\/Carrara-Marble-Price-Big-Size-M2-3.jpg 1113w, https:\/\/stone-phoenix.com\/wp-content\/uploads\/2023\/12\/Carrara-Marble-Price-Big-Size-M2-3-300x226.jpg 300w, https:\/\/stone-phoenix.com\/wp-content\/uploads\/2023\/12\/Carrara-Marble-Price-Big-Size-M2-3-1024x773.jpg 1024w, https:\/\/stone-phoenix.com\/wp-content\/uploads\/2023\/12\/Carrara-Marble-Price-Big-Size-M2-3-768x580.jpg 768w, https:\/\/stone-phoenix.com\/wp-content\/uploads\/2023\/12\/Carrara-Marble-Price-Big-Size-M2-3-16x12.jpg 16w, https:\/\/stone-phoenix.com\/wp-content\/uploads\/2023\/12\/Carrara-Marble-Price-Big-Size-M2-3-600x453.jpg 600w, https:\/\/stone-phoenix.com\/wp-content\/uploads\/2023\/12\/Carrara-Marble-Price-Big-Size-M2-3-150x113.jpg 150w\" sizes=\"(max-width: 808px) 100vw, 808px\" \/><img loading=\"lazy\" decoding=\"async\" class=\"alignnone wp-image-26038\" src=\"http:\/\/stone-phoenix.com\/wp-content\/uploads\/2023\/12\/Carrara-Marble-Price-Big-Size-M2-5-1.jpg\" alt=\"\" width=\"808\" height=\"611\" srcset=\"https:\/\/stone-phoenix.com\/wp-content\/uploads\/2023\/12\/Carrara-Marble-Price-Big-Size-M2-5-1.jpg 604w, https:\/\/stone-phoenix.com\/wp-content\/uploads\/2023\/12\/Carrara-Marble-Price-Big-Size-M2-5-1-300x227.jpg 300w, https:\/\/stone-phoenix.com\/wp-content\/uploads\/2023\/12\/Carrara-Marble-Price-Big-Size-M2-5-1-16x12.jpg 16w, https:\/\/stone-phoenix.com\/wp-content\/uploads\/2023\/12\/Carrara-Marble-Price-Big-Size-M2-5-1-600x454.jpg 600w, https:\/\/stone-phoenix.com\/wp-content\/uploads\/2023\/12\/Carrara-Marble-Price-Big-Size-M2-5-1-150x113.jpg 150w\" sizes=\"(max-width: 808px) 100vw, 808px\" \/><\/p>\n<p>&nbsp;<\/p>\n<\/div>\n<\/div>\n<\/div>","protected":false},"excerpt":{"rendered":"<p>Carara Marble Tile Cut To Size Carrara White Carara marble tile is a premium quality marble widely used for countertops<\/p>","protected":false},"featured_media":26031,"template":"","meta":[],"product_cat":[113],"product_tag":[],"_links":{"self":[{"href":"https:\/\/stone-phoenix.com\/fr\/wp-json\/wp\/v2\/product\/21553"}],"collection":[{"href":"https:\/\/stone-phoenix.com\/fr\/wp-json\/wp\/v2\/product"}],"about":[{"href":"https:\/\/stone-phoenix.com\/fr\/wp-json\/wp\/v2\/types\/product"}],"wp:featuredmedia":[{"embeddable":true,"href":"https:\/\/stone-phoenix.com\/fr\/wp-json\/wp\/v2\/media\/26031"}],"wp:attachment":[{"href":"https:\/\/stone-phoenix.com\/fr\/wp-json\/wp\/v2\/media?parent=21553"}],"wp:term":[{"taxonomy":"product_cat","embeddable":true,"href":"https:\/\/stone-phoenix.com\/fr\/wp-json\/wp\/v2\/product_cat?post=21553"},{"taxonomy":"product_tag","embeddable":true,"href":"https:\/\/stone-phoenix.com\/fr\/wp-json\/wp\/v2\/product_tag?post=21553"}],"curies":[{"name":"wp","href":"https:\/\/api.w.org\/{rel}","templated":true}]}}