{"id":21561,"date":"2023-12-29T21:19:26","date_gmt":"2023-12-29T13:19:26","guid":{"rendered":"http:\/\/stone-phoenix.com\/product\/chinese-marble-wooden-black-bamboo-marble"},"modified":"2024-03-25T12:07:54","modified_gmt":"2024-03-25T04:07:54","slug":"chinese-marble-wooden-black-bamboo-marble","status":"publish","type":"product","link":"https:\/\/stone-phoenix.com\/fr\/produit\/chinese-marble-wooden-black-bamboo-marble","title":{"rendered":"Marbre chinois en bois marbre noir de bambou"},"content":{"rendered":"<div id=\"tab-description\" class=\"woocommerce-Tabs-panel woocommerce-Tabs-panel--description panel entry-content wc-tab\" role=\"tabpanel\" aria-labelledby=\"tab-title-description\">\n<h2>Marbre chinois marbre noir en bois marbre noir de bambou marbre noir de mer<\/h2>\n<p>Le marbre chinois en bois de bambou noir est une combinaison \u00e9tonnante de mat\u00e9riaux. Il convient \u00e0 la plupart des styles d'int\u00e9rieur et sera esth\u00e9tiquement agr\u00e9able dans n'importe quelle pi\u00e8ce de votre maison. Il a une texture profonde et riche et contient une grande caract\u00e9ristique du style bambou traditionnel chinois.<\/p>\n<p>La couleur est tr\u00e8s belle et la texture est tr\u00e8s unique, de sorte que le processus de fabrication de ce produit est relativement complexe. Le toucher doux et \u00e9lastique facilite la prise en main de l'\u00e9tui et permet de le tenir confortablement dans les mains. Ce marbre a une belle couleur noire. Il est lisse et durable.<\/p>\n<p>Le marbre chinois noir en bois est fabriqu\u00e9 \u00e0 partir d'un min\u00e9ral naturel, il est sans danger pour la sant\u00e9, avec une sculpture artisanale exquise, un effet d\u00e9coratif merveilleux qui procure un grand plaisir visuel. Il s'agit d'un mat\u00e9riau naturel utilis\u00e9 depuis de nombreuses ann\u00e9es pour fabriquer des objets de la vie quotidienne. La brosse en bambou utilis\u00e9e dans ce projet est fabriqu\u00e9e en bois de haute qualit\u00e9.<\/p>\n<p>Le marbre noir est capable de r\u00e9sister \u00e0 des temp\u00e9ratures extr\u00eames, ce qui le rend facile \u00e0 entretenir sans maintenance fr\u00e9quente.<\/p>\n<div id=\"ali-anchor-AliPostDhMb-qkngg\" style=\"padding-top: 8px;\" data-section=\"AliPostDhMb-qkngg\" data-section-title=\"Product Description\">\n<div id=\"ali-title-AliPostDhMb-qkngg\" style=\"padding: 8px 0; border-bottom: 1px solid #ddd;\"><span style=\"background-color: #ddd; color: #333; font-weight: bold; padding: 8px 10px; line-height: 12px;\">Description du produit<\/span><\/div>\n<div style=\"padding: 10px 0;\">\n<table class=\"aliDataTable\" style=\"color: #000000; font-family: Arial; font-size: 12px; font-style: normal; font-weight: 400; background-color: #ffffff; width: 746.066px; height: 226px; border: 1px solid #b3b3b3;\">\n<tbody>\n<tr style=\"height: 21px;\">\n<td style=\"border: 1px solid #b3b3b3; width: 162px;\"><strong><span style=\"font-family: arial, helvetica, sans-serif; font-size: 14px;\">Nom du produit :<\/span><\/strong><\/td>\n<td style=\"border: 1px solid #b3b3b3; width: 595.066px;\">Marbre chinois marbre noir en bois marbre noir de bambou marbre noir de mer<\/td>\n<\/tr>\n<tr style=\"height: 21px;\">\n<td style=\"border: 1px solid #b3b3b3; width: 162px;\"><strong><span style=\"font-family: arial, helvetica, sans-serif; font-size: 14px;\">Mat\u00e9riau :<\/span><\/strong><\/td>\n<td style=\"border: 1px solid #b3b3b3; width: 595.066px;\"><span style=\"font-family: arial, helvetica, sans-serif; font-size: 14px;\">Marbre<\/span><\/td>\n<\/tr>\n<tr style=\"height: 21px;\">\n<td style=\"border: 1px solid #b3b3b3; width: 162px;\"><strong><span style=\"font-family: arial, helvetica, sans-serif; font-size: 14px;\">Couleur :<\/span><\/strong><\/td>\n<td style=\"border: 1px solid #b3b3b3; width: 595.066px;\"><span style=\"font-family: arial, helvetica, sans-serif; font-size: 14px;\">Blanc, beige, noir, marron, gris, rouge, vert, bleu, etc.<\/span><\/td>\n<\/tr>\n<tr style=\"height: 21px;\">\n<td style=\"border: 1px solid #b3b3b3; width: 162px;\" rowspan=\"3\"><strong><span style=\"font-family: arial, helvetica, sans-serif; font-size: 14px;\">Taille :<\/span><\/strong><\/td>\n<td style=\"border: 1px solid #b3b3b3; width: 595.066px;\"><span style=\"font-family: arial, helvetica, sans-serif; font-size: 14px;\"><span style=\"text-decoration: underline;\">Carreaux disponibles<\/span> <\/span><br \/>\n<span style=\"font-family: arial, helvetica, sans-serif; font-size: 14px;\">12\u2032 X 12\u2033,24\u2032 X 24\u2033,12\u2032 X 24\u2033,etc 300x300mm,300x600mm,400x400mm,600x600mm,600\u00d71200,800\u00d7800,etc<\/span><\/td>\n<\/tr>\n<tr style=\"height: 21px;\">\n<td style=\"border: 1px solid #b3b3b3; width: 595.066px;\"><span style=\"font-family: arial, helvetica, sans-serif; font-size: 14px;\"><span style=\"text-decoration: underline;\">Grandes dalles disponibles<\/span>\u00a0 \u00a0 \u00a0 \u00a0 \u00a0 \u00a0 \u00a0 \u00a0 \u00a0 \u00a0 \u00a0 \u00a0 \u00a0 \u00a0 \u00a0 \u00a0 \u00a0 \u00a0 \u00a0 \u00a0 \u00a0 \u00a0 \u00a0 \u00a0 \u00a0 \u00a0 \u00a0 \u00a0 \u00a0 \u00a0 \u00a0 \u00a0 \u00a0 \u00a0 \u00a0 \u00a0 \u00a0 \u00a0 \u00a0 \u00a0 \u00a0 \u00a0 \u00a0 \u00a0 \u00a0 \u00a0 \u00a0 \u00a0 \u00a0 \u00a0 \u00a0 \u00a0 \u00a0 240cmUpx120UP<\/span><\/td>\n<\/tr>\n<tr style=\"height: 21px;\">\n<td style=\"border: 1px solid #b3b3b3; width: 595.066px;\"><span style=\"font-family: arial, helvetica, sans-serif; font-size: 14px;\">Des sp\u00e9cifications personnalis\u00e9es sont disponibles<\/span><\/td>\n<\/tr>\n<tr style=\"height: 21px;\">\n<td style=\"border: 1px solid #b3b3b3; width: 162px;\"><strong><span style=\"font-family: arial, helvetica, sans-serif; font-size: 14px;\">Tol\u00e9rance d'\u00e9paisseur :<\/span><\/strong><\/td>\n<td style=\"border: 1px solid #b3b3b3; width: 595.066px;\"><span style=\"font-size: 14px; font-family: arial, helvetica, sans-serif;\">\u00b10,05mm, \u00b11mm, \u00b11,5mm, \u00b12mm, selon les exigences de qualit\u00e9 du client<\/span><\/td>\n<\/tr>\n<tr style=\"height: 21px;\">\n<td style=\"border: 1px solid #b3b3b3; width: 162px;\"><strong><span style=\"font-family: arial, helvetica, sans-serif; font-size: 14px;\">Surface :<\/span><\/strong><\/td>\n<td style=\"border: 1px solid #b3b3b3; width: 595.066px;\"><span style=\"font-size: 14px; font-family: arial, helvetica, sans-serif;\">Poli, adouci, assorti au livre, antique, rainur\u00e9, bross\u00e9, d\u00e9cap\u00e9, sabl\u00e9, jet d'eau, etc.<\/span><\/td>\n<\/tr>\n<tr style=\"height: auto;\">\n<td style=\"border: 1px solid #b3b3b3; width: 162px;\"><strong><span style=\"font-family: arial, helvetica, sans-serif; font-size: 14px;\">Emballage :<\/span><\/strong><\/td>\n<td style=\"border: 1px solid #b3b3b3; width: 595.066px;\"><span style=\"font-family: arial, helvetica, sans-serif; font-size: 14px;\"> Fardeaux et caisses en bois en \u00e9tat de navigabilit\u00e9<\/span><\/td>\n<\/tr>\n<tr style=\"height: 21px;\">\n<td style=\"border: 1px solid #b3b3b3; width: 162px;\"><strong><span style=\"font-family: arial, helvetica, sans-serif; font-size: 14px;\">Application :<\/span><\/strong><\/td>\n<td style=\"border: 1px solid #b3b3b3; width: 595.066px;\"><span style=\"font-family: arial, helvetica, sans-serif; font-size: 14px;\">Mur int\u00e9rieur, sol, plinthe, mur de fond, comptoir, escalier, etc.<\/span><\/td>\n<\/tr>\n<tr style=\"height: 21px;\">\n<td style=\"border: 1px solid #b3b3b3; width: 162px;\"><strong><span style=\"font-family: arial, helvetica, sans-serif; font-size: 14px;\">D\u00e9lai de livraison :<\/span><\/strong><\/td>\n<td style=\"border: 1px solid #b3b3b3; width: 595.066px;\"><span style=\"font-family: arial, helvetica, sans-serif; font-size: 14px;\"> 15-20 jours pour les tailles normales<\/span><\/td>\n<\/tr>\n<tr style=\"height: 21px;\">\n<td style=\"border: 1px solid #b3b3b3; width: 162px;\"><strong><span style=\"font-family: arial, helvetica, sans-serif; font-size: 14px;\">Certificat :<\/span><\/strong><\/td>\n<td style=\"border: 1px solid #b3b3b3; width: 595.066px;\"><span style=\"font-family: arial, helvetica, sans-serif; font-size: 14px;\">CE, SGS<\/span><\/td>\n<\/tr>\n<tr style=\"height: 21px;\">\n<td style=\"border: 1px solid #b3b3b3; width: 162px;\"><strong><span style=\"font-family: arial, helvetica, sans-serif; font-size: 14px;\">Conditions de paiement :<\/span><\/strong><\/td>\n<td style=\"border: 1px solid #b3b3b3; width: 595.066px;\"><span style=\"font-family: arial, helvetica, sans-serif; font-size: 14px;\">T\/T, L\/C, D\/P<\/span><\/td>\n<\/tr>\n<tr style=\"height: 42px;\">\n<td style=\"border: 1px solid #b3b3b3; width: 162px;\"><strong><span style=\"font-family: arial, helvetica, sans-serif; font-size: 14px;\">Avantage :<\/span><\/strong><\/td>\n<td style=\"border: 1px solid #b3b3b3; width: 595.066px;\"><span style=\"font-family: arial, helvetica, sans-serif; font-size: 14px;\">1) Service unique pour la pierre ;<\/span><\/p>\n<p><span style=\"font-family: arial, helvetica, sans-serif; font-size: 14px;\">2) Poss\u00e9der 3 carri\u00e8res et 9 usines ;<\/span><\/p>\n<p><span style=\"font-family: arial, helvetica, sans-serif; font-size: 14px;\">3) Des supports technologiques de pointe.<\/span><\/td>\n<\/tr>\n<tr style=\"height: 42px;\">\n<td style=\"border: 1px solid #b3b3b3; width: 162px;\"><strong><span style=\"font-family: arial, helvetica, sans-serif; font-size: 14px;\">Assurance de la qualit\u00e9 et de la livraison :\u00a0<\/span><\/strong><\/td>\n<td style=\"border: 1px solid #b3b3b3; width: 595.066px;\"><span style=\"font-family: arial, helvetica, sans-serif; font-size: 14px;\">Tout au long du processus de production, du choix des mat\u00e9riaux \u00e0 l'emballage en passant par la fabrication, notre service de contr\u00f4le de la qualit\u00e9 contr\u00f4le rigoureusement chaque pi\u00e8ce et chaque processus afin de garantir le respect des normes de qualit\u00e9 et le respect des d\u00e9lais de livraison.<\/span><\/td>\n<\/tr>\n<\/tbody>\n<\/table>\n<p><img loading=\"lazy\" decoding=\"async\" class=\"alignnone  wp-image-21564\" src=\"http:\/\/stone-phoenix.com\/wp-content\/uploads\/2023\/12\/1703884769.jpg\" width=\"949\" height=\"949\" srcset=\"https:\/\/stone-phoenix.com\/wp-content\/uploads\/2023\/12\/1703884769.jpg 750w, https:\/\/stone-phoenix.com\/wp-content\/uploads\/2023\/12\/1703884769-300x300.jpg 300w, https:\/\/stone-phoenix.com\/wp-content\/uploads\/2023\/12\/1703884769-150x150.jpg 150w, https:\/\/stone-phoenix.com\/wp-content\/uploads\/2023\/12\/1703884769-12x12.jpg 12w, https:\/\/stone-phoenix.com\/wp-content\/uploads\/2023\/12\/1703884769-600x600.jpg 600w\" sizes=\"(max-width: 949px) 100vw, 949px\" \/><\/p>\n<p><img loading=\"lazy\" decoding=\"async\" class=\"alignnone  wp-image-26046\" src=\"http:\/\/stone-phoenix.com\/wp-content\/uploads\/2023\/12\/Chinese-marble-wooden-black-bamboo-marble-6.jpg\" alt=\"\" width=\"953\" height=\"1270\" srcset=\"https:\/\/stone-phoenix.com\/wp-content\/uploads\/2023\/12\/Chinese-marble-wooden-black-bamboo-marble-6.jpg 843w, https:\/\/stone-phoenix.com\/wp-content\/uploads\/2023\/12\/Chinese-marble-wooden-black-bamboo-marble-6-225x300.jpg 225w, https:\/\/stone-phoenix.com\/wp-content\/uploads\/2023\/12\/Chinese-marble-wooden-black-bamboo-marble-6-769x1024.jpg 769w, https:\/\/stone-phoenix.com\/wp-content\/uploads\/2023\/12\/Chinese-marble-wooden-black-bamboo-marble-6-768x1023.jpg 768w, https:\/\/stone-phoenix.com\/wp-content\/uploads\/2023\/12\/Chinese-marble-wooden-black-bamboo-marble-6-9x12.jpg 9w, https:\/\/stone-phoenix.com\/wp-content\/uploads\/2023\/12\/Chinese-marble-wooden-black-bamboo-marble-6-600x799.jpg 600w, https:\/\/stone-phoenix.com\/wp-content\/uploads\/2023\/12\/Chinese-marble-wooden-black-bamboo-marble-6-150x200.jpg 150w\" sizes=\"(max-width: 953px) 100vw, 953px\" \/><img loading=\"lazy\" decoding=\"async\" class=\"alignnone size-full wp-image-26047\" src=\"http:\/\/stone-phoenix.com\/wp-content\/uploads\/2023\/12\/Chinese-marble-wooden-black-bamboo-marble-8.jpg\" alt=\"\" width=\"1111\" height=\"822\" srcset=\"https:\/\/stone-phoenix.com\/wp-content\/uploads\/2023\/12\/Chinese-marble-wooden-black-bamboo-marble-8.jpg 1111w, https:\/\/stone-phoenix.com\/wp-content\/uploads\/2023\/12\/Chinese-marble-wooden-black-bamboo-marble-8-300x222.jpg 300w, https:\/\/stone-phoenix.com\/wp-content\/uploads\/2023\/12\/Chinese-marble-wooden-black-bamboo-marble-8-1024x758.jpg 1024w, https:\/\/stone-phoenix.com\/wp-content\/uploads\/2023\/12\/Chinese-marble-wooden-black-bamboo-marble-8-768x568.jpg 768w, https:\/\/stone-phoenix.com\/wp-content\/uploads\/2023\/12\/Chinese-marble-wooden-black-bamboo-marble-8-16x12.jpg 16w, https:\/\/stone-phoenix.com\/wp-content\/uploads\/2023\/12\/Chinese-marble-wooden-black-bamboo-marble-8-600x444.jpg 600w, https:\/\/stone-phoenix.com\/wp-content\/uploads\/2023\/12\/Chinese-marble-wooden-black-bamboo-marble-8-150x111.jpg 150w\" sizes=\"(max-width: 1111px) 100vw, 1111px\" \/><img loading=\"lazy\" decoding=\"async\" class=\"alignnone size-full wp-image-26048\" src=\"http:\/\/stone-phoenix.com\/wp-content\/uploads\/2023\/12\/Chinese-marble-wooden-black-bamboo-marble-9.jpg\" alt=\"\" width=\"1108\" height=\"850\" srcset=\"https:\/\/stone-phoenix.com\/wp-content\/uploads\/2023\/12\/Chinese-marble-wooden-black-bamboo-marble-9.jpg 1108w, https:\/\/stone-phoenix.com\/wp-content\/uploads\/2023\/12\/Chinese-marble-wooden-black-bamboo-marble-9-300x230.jpg 300w, https:\/\/stone-phoenix.com\/wp-content\/uploads\/2023\/12\/Chinese-marble-wooden-black-bamboo-marble-9-1024x786.jpg 1024w, https:\/\/stone-phoenix.com\/wp-content\/uploads\/2023\/12\/Chinese-marble-wooden-black-bamboo-marble-9-768x589.jpg 768w, https:\/\/stone-phoenix.com\/wp-content\/uploads\/2023\/12\/Chinese-marble-wooden-black-bamboo-marble-9-16x12.jpg 16w, https:\/\/stone-phoenix.com\/wp-content\/uploads\/2023\/12\/Chinese-marble-wooden-black-bamboo-marble-9-600x460.jpg 600w, https:\/\/stone-phoenix.com\/wp-content\/uploads\/2023\/12\/Chinese-marble-wooden-black-bamboo-marble-9-150x115.jpg 150w\" sizes=\"(max-width: 1108px) 100vw, 1108px\" \/><\/p>\n<\/div>\n<\/div>\n<\/div>","protected":false},"excerpt":{"rendered":"<p>Chinese marble wooden black bamboo marble black sea marble Chinese marble wooden black bamboo marble is a stunning combination of<\/p>","protected":false},"featured_media":21562,"template":"","meta":[],"product_cat":[113],"product_tag":[],"_links":{"self":[{"href":"https:\/\/stone-phoenix.com\/fr\/wp-json\/wp\/v2\/product\/21561"}],"collection":[{"href":"https:\/\/stone-phoenix.com\/fr\/wp-json\/wp\/v2\/product"}],"about":[{"href":"https:\/\/stone-phoenix.com\/fr\/wp-json\/wp\/v2\/types\/product"}],"wp:featuredmedia":[{"embeddable":true,"href":"https:\/\/stone-phoenix.com\/fr\/wp-json\/wp\/v2\/media\/21562"}],"wp:attachment":[{"href":"https:\/\/stone-phoenix.com\/fr\/wp-json\/wp\/v2\/media?parent=21561"}],"wp:term":[{"taxonomy":"product_cat","embeddable":true,"href":"https:\/\/stone-phoenix.com\/fr\/wp-json\/wp\/v2\/product_cat?post=21561"},{"taxonomy":"product_tag","embeddable":true,"href":"https:\/\/stone-phoenix.com\/fr\/wp-json\/wp\/v2\/product_tag?post=21561"}],"curies":[{"name":"wp","href":"https:\/\/api.w.org\/{rel}","templated":true}]}}