{"id":21571,"date":"2023-12-29T21:20:15","date_gmt":"2023-12-29T13:20:15","guid":{"rendered":"http:\/\/stone-phoenix.com\/product\/carrara-white-marble-italian-slabs-price"},"modified":"2024-03-25T11:46:08","modified_gmt":"2024-03-25T03:46:08","slug":"carrara-white-marble-italian-slabs-price","status":"publish","type":"product","link":"https:\/\/stone-phoenix.com\/fr\/produit\/carrara-white-marble-italian-slabs-price","title":{"rendered":"Prix des dalles italiennes de marbre blanc de Carrare"},"content":{"rendered":"<div id=\"tab-description\" class=\"woocommerce-Tabs-panel woocommerce-Tabs-panel--description panel entry-content wc-tab\" role=\"tabpanel\" aria-labelledby=\"tab-title-description\">\n<h2>Prix des dalles italiennes de marbre blanc de Carrare<\/h2>\n<p>Le marbre blanc de Carrare est un marbre blanc exquis qui refl\u00e8te parfaitement la lumi\u00e8re. Son aspect chaleureux et accueillant contribue \u00e0 rehausser l'apparence de n'importe quelle maison.<\/p>\n<p>Ce mat\u00e9riau polyvalent peut \u00eatre utilis\u00e9 pour des installations int\u00e9rieures et ext\u00e9rieures et r\u00e9siste aux rayons UV, au gel et \u00e0 la chaleur. Ce produit est un choix tr\u00e8s populaire pour les cuisines, les salles de bains et les espaces de vie ext\u00e9rieurs en raison de sa durabilit\u00e9 et de sa capacit\u00e9 \u00e0 r\u00e9sister \u00e0 la plupart des \u00e9l\u00e9ments m\u00e9t\u00e9orologiques.<\/p>\n<p>Le produit est compos\u00e9 de cristaux de calcite 95% qui absorbent la chaleur, ce qui le rend parfait pour une utilisation dans les contremarches ou les sols autour des chemin\u00e9es o\u00f9 la lumi\u00e8re se refl\u00e8te contre eux... pas besoin de s'inqui\u00e9ter de la fissuration ! Nous sommes l'un des plus grands fabricants et exportateurs de dalles de marbre blanc de Carrare en Inde.<\/p>\n<p>Nos dalles blanches sont connues pour leur finition lisse et sont id\u00e9ales pour les comptoirs de cuisine, les vanit\u00e9s de salle de bain, les bureaux et autres projets commerciaux.Notre marbre de Carrare est un classique traditionnel et esth\u00e9tique. Sa couleur blanche ou blanc cass\u00e9 conf\u00e8re \u00e0 tout espace un aspect raffin\u00e9 et \u00e9l\u00e9gant.<\/p>\n<p>Il est \u00e9galement tr\u00e8s durable, ce qui le rend id\u00e9al pour une utilisation dans la salle de bain ou la cuisine, ainsi que pour le rev\u00eatement des sols ou des murs. C'est un excellent choix pour les cuisines, les salles de bains et les entr\u00e9es.<\/p>\n<div id=\"ali-anchor-AliPostDhMb-qkngg\" style=\"padding-top: 8px;\" data-section=\"AliPostDhMb-qkngg\" data-section-title=\"Product Description\">\n<div id=\"ali-title-AliPostDhMb-qkngg\" style=\"padding: 8px 0; border-bottom: 1px solid #ddd;\"><span style=\"background-color: #ddd; color: #333; font-weight: bold; padding: 8px 10px; line-height: 12px;\">Description du produit<\/span><\/div>\n<div style=\"padding: 10px 0;\">\n<table class=\"aliDataTable\" style=\"color: #000000; font-family: Arial; font-size: 12px; font-style: normal; font-weight: 400; background-color: #ffffff; width: 746.066px; height: 226px; border: 1px solid #b3b3b3;\">\n<tbody>\n<tr style=\"height: 21px;\">\n<td style=\"border: 1px solid #b3b3b3; width: 162px;\"><strong><span style=\"font-family: arial, helvetica, sans-serif; font-size: 14px;\">Nom du produit :<\/span><\/strong><\/td>\n<td style=\"border: 1px solid #b3b3b3; width: 595.066px;\">marbre blanc de carrare<\/td>\n<\/tr>\n<tr style=\"height: 21px;\">\n<td style=\"border: 1px solid #b3b3b3; width: 162px;\"><strong><span style=\"font-family: arial, helvetica, sans-serif; font-size: 14px;\">Mat\u00e9riau :<\/span><\/strong><\/td>\n<td style=\"border: 1px solid #b3b3b3; width: 595.066px;\"><span style=\"font-family: arial, helvetica, sans-serif; font-size: 14px;\">Marbre<\/span><\/td>\n<\/tr>\n<tr style=\"height: 21px;\">\n<td style=\"border: 1px solid #b3b3b3; width: 162px;\"><strong><span style=\"font-family: arial, helvetica, sans-serif; font-size: 14px;\">Couleur :<\/span><\/strong><\/td>\n<td style=\"border: 1px solid #b3b3b3; width: 595.066px;\"><span style=\"font-family: arial, helvetica, sans-serif; font-size: 14px;\">Blanc, beige, noir, marron, gris, rouge, vert, bleu, etc.<\/span><\/td>\n<\/tr>\n<tr style=\"height: 21px;\">\n<td style=\"border: 1px solid #b3b3b3; width: 162px;\" rowspan=\"3\"><strong><span style=\"font-family: arial, helvetica, sans-serif; font-size: 14px;\">Taille :<\/span><\/strong><\/td>\n<td style=\"border: 1px solid #b3b3b3; width: 595.066px;\"><span style=\"font-family: arial, helvetica, sans-serif; font-size: 14px;\"><span style=\"text-decoration: underline;\">Carreaux disponibles<\/span> <\/span><br \/>\n<span style=\"font-family: arial, helvetica, sans-serif; font-size: 14px;\">12\u2032 X 12\u2033,24\u2032 X 24\u2033,12\u2032 X 24\u2033,etc 300x300mm,300x600mm,400x400mm,600x600mm,600\u00d71200,800\u00d7800,etc<\/span><\/td>\n<\/tr>\n<tr style=\"height: 21px;\">\n<td style=\"border: 1px solid #b3b3b3; width: 595.066px;\"><span style=\"font-family: arial, helvetica, sans-serif; font-size: 14px;\"><span style=\"text-decoration: underline;\">Grandes dalles disponibles<\/span>\u00a0 \u00a0 \u00a0 \u00a0 \u00a0 \u00a0 \u00a0 \u00a0 \u00a0 \u00a0 \u00a0 \u00a0 \u00a0 \u00a0 \u00a0 \u00a0 \u00a0 \u00a0 \u00a0 \u00a0 \u00a0 \u00a0 \u00a0 \u00a0 \u00a0 \u00a0 \u00a0 \u00a0 \u00a0 \u00a0 \u00a0 \u00a0 \u00a0 \u00a0 \u00a0 \u00a0 \u00a0 \u00a0 \u00a0 \u00a0 \u00a0 \u00a0 \u00a0 \u00a0 \u00a0 \u00a0 \u00a0 \u00a0 \u00a0 \u00a0 \u00a0 \u00a0 \u00a0 240cmUpx120UP<\/span><\/td>\n<\/tr>\n<tr style=\"height: 21px;\">\n<td style=\"border: 1px solid #b3b3b3; width: 595.066px;\"><span style=\"font-family: arial, helvetica, sans-serif; font-size: 14px;\">Des sp\u00e9cifications personnalis\u00e9es sont disponibles<\/span><\/td>\n<\/tr>\n<tr style=\"height: 21px;\">\n<td style=\"border: 1px solid #b3b3b3; width: 162px;\"><strong><span style=\"font-family: arial, helvetica, sans-serif; font-size: 14px;\">Tol\u00e9rance d'\u00e9paisseur :<\/span><\/strong><\/td>\n<td style=\"border: 1px solid #b3b3b3; width: 595.066px;\"><span style=\"font-size: 14px; font-family: arial, helvetica, sans-serif;\">\u00b10,05mm, \u00b11mm, \u00b11,5mm, \u00b12mm, selon les exigences de qualit\u00e9 du client<\/span><\/td>\n<\/tr>\n<tr style=\"height: 21px;\">\n<td style=\"border: 1px solid #b3b3b3; width: 162px;\"><strong><span style=\"font-family: arial, helvetica, sans-serif; font-size: 14px;\">Surface :<\/span><\/strong><\/td>\n<td style=\"border: 1px solid #b3b3b3; width: 595.066px;\"><span style=\"font-size: 14px; font-family: arial, helvetica, sans-serif;\">Poli, adouci, assorti au livre, antique, rainur\u00e9, bross\u00e9, d\u00e9cap\u00e9, sabl\u00e9, jet d'eau, etc.<\/span><\/td>\n<\/tr>\n<tr style=\"height: auto;\">\n<td style=\"border: 1px solid #b3b3b3; width: 162px;\"><strong><span style=\"font-family: arial, helvetica, sans-serif; font-size: 14px;\">Emballage :<\/span><\/strong><\/td>\n<td style=\"border: 1px solid #b3b3b3; width: 595.066px;\"><span style=\"font-family: arial, helvetica, sans-serif; font-size: 14px;\"> Fardeaux et caisses en bois en \u00e9tat de navigabilit\u00e9<\/span><\/td>\n<\/tr>\n<tr style=\"height: 21px;\">\n<td style=\"border: 1px solid #b3b3b3; width: 162px;\"><strong><span style=\"font-family: arial, helvetica, sans-serif; font-size: 14px;\">Application :<\/span><\/strong><\/td>\n<td style=\"border: 1px solid #b3b3b3; width: 595.066px;\"><span style=\"font-family: arial, helvetica, sans-serif; font-size: 14px;\">Mur int\u00e9rieur, sol, plinthe, mur de fond, comptoir, escalier, etc.<\/span><\/td>\n<\/tr>\n<tr style=\"height: 21px;\">\n<td style=\"border: 1px solid #b3b3b3; width: 162px;\"><strong><span style=\"font-family: arial, helvetica, sans-serif; font-size: 14px;\">D\u00e9lai de livraison :<\/span><\/strong><\/td>\n<td style=\"border: 1px solid #b3b3b3; width: 595.066px;\"><span style=\"font-family: arial, helvetica, sans-serif; font-size: 14px;\"> 15-20 jours pour les tailles normales<\/span><\/td>\n<\/tr>\n<tr style=\"height: 21px;\">\n<td style=\"border: 1px solid #b3b3b3; width: 162px;\"><strong><span style=\"font-family: arial, helvetica, sans-serif; font-size: 14px;\">Certificat :<\/span><\/strong><\/td>\n<td style=\"border: 1px solid #b3b3b3; width: 595.066px;\"><span style=\"font-family: arial, helvetica, sans-serif; font-size: 14px;\">CE, SGS<\/span><\/td>\n<\/tr>\n<tr style=\"height: 21px;\">\n<td style=\"border: 1px solid #b3b3b3; width: 162px;\"><strong><span style=\"font-family: arial, helvetica, sans-serif; font-size: 14px;\">Conditions de paiement :<\/span><\/strong><\/td>\n<td style=\"border: 1px solid #b3b3b3; width: 595.066px;\"><span style=\"font-family: arial, helvetica, sans-serif; font-size: 14px;\">T\/T, L\/C, D\/P<\/span><\/td>\n<\/tr>\n<tr style=\"height: 42px;\">\n<td style=\"border: 1px solid #b3b3b3; width: 162px;\"><strong><span style=\"font-family: arial, helvetica, sans-serif; font-size: 14px;\">Avantage :<\/span><\/strong><\/td>\n<td style=\"border: 1px solid #b3b3b3; width: 595.066px;\"><span style=\"font-family: arial, helvetica, sans-serif; font-size: 14px;\">1) Service unique pour la pierre ;<\/span><\/p>\n<p><span style=\"font-family: arial, helvetica, sans-serif; font-size: 14px;\">2) Poss\u00e9der 3 carri\u00e8res et 9 usines ;<\/span><\/p>\n<p><span style=\"font-family: arial, helvetica, sans-serif; font-size: 14px;\">3) Des supports technologiques de pointe.<\/span><\/td>\n<\/tr>\n<tr style=\"height: 42px;\">\n<td style=\"border: 1px solid #b3b3b3; width: 162px;\"><strong><span style=\"font-family: arial, helvetica, sans-serif; font-size: 14px;\">Assurance de la qualit\u00e9 et de la livraison :\u00a0<\/span><\/strong><\/td>\n<td style=\"border: 1px solid #b3b3b3; width: 595.066px;\"><span style=\"font-family: arial, helvetica, sans-serif; font-size: 14px;\">Tout au long du processus de production, du choix des mat\u00e9riaux \u00e0 l'emballage en passant par la fabrication, notre service de contr\u00f4le de la qualit\u00e9 contr\u00f4le rigoureusement chaque pi\u00e8ce et chaque processus afin de garantir le respect des normes de qualit\u00e9 et le respect des d\u00e9lais de livraison.<\/span><\/td>\n<\/tr>\n<\/tbody>\n<\/table>\n<\/div>\n<\/div>\n<p><img loading=\"lazy\" decoding=\"async\" class=\"alignnone size-full wp-image-26027\" src=\"http:\/\/stone-phoenix.com\/wp-content\/uploads\/2023\/12\/Carrara-White-Marble-Italian-Slabs-Price-10.jpg\" alt=\"\" width=\"1197\" height=\"897\" srcset=\"https:\/\/stone-phoenix.com\/wp-content\/uploads\/2023\/12\/Carrara-White-Marble-Italian-Slabs-Price-10.jpg 1197w, https:\/\/stone-phoenix.com\/wp-content\/uploads\/2023\/12\/Carrara-White-Marble-Italian-Slabs-Price-10-300x225.jpg 300w, https:\/\/stone-phoenix.com\/wp-content\/uploads\/2023\/12\/Carrara-White-Marble-Italian-Slabs-Price-10-1024x767.jpg 1024w, https:\/\/stone-phoenix.com\/wp-content\/uploads\/2023\/12\/Carrara-White-Marble-Italian-Slabs-Price-10-768x576.jpg 768w, https:\/\/stone-phoenix.com\/wp-content\/uploads\/2023\/12\/Carrara-White-Marble-Italian-Slabs-Price-10-16x12.jpg 16w, https:\/\/stone-phoenix.com\/wp-content\/uploads\/2023\/12\/Carrara-White-Marble-Italian-Slabs-Price-10-600x450.jpg 600w, https:\/\/stone-phoenix.com\/wp-content\/uploads\/2023\/12\/Carrara-White-Marble-Italian-Slabs-Price-10-150x112.jpg 150w\" sizes=\"(max-width: 1197px) 100vw, 1197px\" \/><img loading=\"lazy\" decoding=\"async\" class=\"alignnone size-full wp-image-26028\" src=\"http:\/\/stone-phoenix.com\/wp-content\/uploads\/2023\/12\/Carrara-White-Marble-Italian-Slabs-Price-9.jpg\" alt=\"\" width=\"1125\" height=\"841\" srcset=\"https:\/\/stone-phoenix.com\/wp-content\/uploads\/2023\/12\/Carrara-White-Marble-Italian-Slabs-Price-9.jpg 1125w, https:\/\/stone-phoenix.com\/wp-content\/uploads\/2023\/12\/Carrara-White-Marble-Italian-Slabs-Price-9-300x224.jpg 300w, https:\/\/stone-phoenix.com\/wp-content\/uploads\/2023\/12\/Carrara-White-Marble-Italian-Slabs-Price-9-1024x765.jpg 1024w, https:\/\/stone-phoenix.com\/wp-content\/uploads\/2023\/12\/Carrara-White-Marble-Italian-Slabs-Price-9-768x574.jpg 768w, https:\/\/stone-phoenix.com\/wp-content\/uploads\/2023\/12\/Carrara-White-Marble-Italian-Slabs-Price-9-16x12.jpg 16w, https:\/\/stone-phoenix.com\/wp-content\/uploads\/2023\/12\/Carrara-White-Marble-Italian-Slabs-Price-9-600x449.jpg 600w, https:\/\/stone-phoenix.com\/wp-content\/uploads\/2023\/12\/Carrara-White-Marble-Italian-Slabs-Price-9-150x112.jpg 150w\" sizes=\"(max-width: 1125px) 100vw, 1125px\" \/><img loading=\"lazy\" decoding=\"async\" class=\"alignnone size-full wp-image-26029\" src=\"http:\/\/stone-phoenix.com\/wp-content\/uploads\/2023\/12\/Carrara-White-Marble-Italian-Slabs-Price-7.jpg\" alt=\"\" width=\"1201\" height=\"1311\" srcset=\"https:\/\/stone-phoenix.com\/wp-content\/uploads\/2023\/12\/Carrara-White-Marble-Italian-Slabs-Price-7.jpg 1201w, https:\/\/stone-phoenix.com\/wp-content\/uploads\/2023\/12\/Carrara-White-Marble-Italian-Slabs-Price-7-275x300.jpg 275w, https:\/\/stone-phoenix.com\/wp-content\/uploads\/2023\/12\/Carrara-White-Marble-Italian-Slabs-Price-7-938x1024.jpg 938w, https:\/\/stone-phoenix.com\/wp-content\/uploads\/2023\/12\/Carrara-White-Marble-Italian-Slabs-Price-7-768x838.jpg 768w, https:\/\/stone-phoenix.com\/wp-content\/uploads\/2023\/12\/Carrara-White-Marble-Italian-Slabs-Price-7-11x12.jpg 11w, https:\/\/stone-phoenix.com\/wp-content\/uploads\/2023\/12\/Carrara-White-Marble-Italian-Slabs-Price-7-600x655.jpg 600w, https:\/\/stone-phoenix.com\/wp-content\/uploads\/2023\/12\/Carrara-White-Marble-Italian-Slabs-Price-7-150x164.jpg 150w\" sizes=\"(max-width: 1201px) 100vw, 1201px\" \/><img loading=\"lazy\" decoding=\"async\" class=\"alignnone size-full wp-image-26030\" src=\"http:\/\/stone-phoenix.com\/wp-content\/uploads\/2023\/12\/Carrara-White-Marble-Italian-Slabs-Price-8.jpg\" alt=\"\" width=\"1195\" height=\"1293\" srcset=\"https:\/\/stone-phoenix.com\/wp-content\/uploads\/2023\/12\/Carrara-White-Marble-Italian-Slabs-Price-8.jpg 1195w, https:\/\/stone-phoenix.com\/wp-content\/uploads\/2023\/12\/Carrara-White-Marble-Italian-Slabs-Price-8-277x300.jpg 277w, https:\/\/stone-phoenix.com\/wp-content\/uploads\/2023\/12\/Carrara-White-Marble-Italian-Slabs-Price-8-946x1024.jpg 946w, https:\/\/stone-phoenix.com\/wp-content\/uploads\/2023\/12\/Carrara-White-Marble-Italian-Slabs-Price-8-768x831.jpg 768w, https:\/\/stone-phoenix.com\/wp-content\/uploads\/2023\/12\/Carrara-White-Marble-Italian-Slabs-Price-8-11x12.jpg 11w, https:\/\/stone-phoenix.com\/wp-content\/uploads\/2023\/12\/Carrara-White-Marble-Italian-Slabs-Price-8-600x649.jpg 600w, https:\/\/stone-phoenix.com\/wp-content\/uploads\/2023\/12\/Carrara-White-Marble-Italian-Slabs-Price-8-150x162.jpg 150w\" sizes=\"(max-width: 1195px) 100vw, 1195px\" \/><\/p>\n<p>&nbsp;<\/p>\n<p>&nbsp;<\/p>\n<div id=\"ali-anchor-AliPostDhMb-qkngg\" style=\"padding-top: 8px;\" data-section=\"AliPostDhMb-qkngg\" data-section-title=\"Product Description\"><\/div>\n<div id=\"ali-anchor-AliPostDhMb-ils4t\" style=\"padding-top: 8px;\" data-section=\"AliPostDhMb-ils4t\" data-section-title=\"FAQ\">\n<div style=\"padding: 10px 0;\">\n<p><img loading=\"lazy\" decoding=\"async\" class=\"alignnone size-full wp-image-21577\" src=\"http:\/\/stone-phoenix.com\/wp-content\/uploads\/2023\/12\/1703884822.jpg\" width=\"750\" height=\"153\" srcset=\"https:\/\/stone-phoenix.com\/wp-content\/uploads\/2023\/12\/1703884822.jpg 750w, https:\/\/stone-phoenix.com\/wp-content\/uploads\/2023\/12\/1703884822-300x61.jpg 300w, https:\/\/stone-phoenix.com\/wp-content\/uploads\/2023\/12\/1703884822-18x4.jpg 18w, https:\/\/stone-phoenix.com\/wp-content\/uploads\/2023\/12\/1703884822-600x122.jpg 600w, https:\/\/stone-phoenix.com\/wp-content\/uploads\/2023\/12\/1703884822-150x31.jpg 150w\" sizes=\"(max-width: 750px) 100vw, 750px\" \/><\/p>\n<\/div>\n<\/div>\n<\/div>","protected":false},"excerpt":{"rendered":"<p>Carrara White Marble Italian Slabs Price Carrara white marble is an exquisite white marble that reflects light exquisitely. Its warm<\/p>","protected":false},"featured_media":26020,"template":"","meta":[],"product_cat":[113],"product_tag":[],"_links":{"self":[{"href":"https:\/\/stone-phoenix.com\/fr\/wp-json\/wp\/v2\/product\/21571"}],"collection":[{"href":"https:\/\/stone-phoenix.com\/fr\/wp-json\/wp\/v2\/product"}],"about":[{"href":"https:\/\/stone-phoenix.com\/fr\/wp-json\/wp\/v2\/types\/product"}],"wp:featuredmedia":[{"embeddable":true,"href":"https:\/\/stone-phoenix.com\/fr\/wp-json\/wp\/v2\/media\/26020"}],"wp:attachment":[{"href":"https:\/\/stone-phoenix.com\/fr\/wp-json\/wp\/v2\/media?parent=21571"}],"wp:term":[{"taxonomy":"product_cat","embeddable":true,"href":"https:\/\/stone-phoenix.com\/fr\/wp-json\/wp\/v2\/product_cat?post=21571"},{"taxonomy":"product_tag","embeddable":true,"href":"https:\/\/stone-phoenix.com\/fr\/wp-json\/wp\/v2\/product_tag?post=21571"}],"curies":[{"name":"wp","href":"https:\/\/api.w.org\/{rel}","templated":true}]}}