{"id":21578,"date":"2023-12-29T21:20:39","date_gmt":"2023-12-29T13:20:39","guid":{"rendered":"http:\/\/stone-phoenix.com\/product\/cheap-marble-countertops-prices-beige"},"modified":"2024-03-25T11:07:28","modified_gmt":"2024-03-25T03:07:28","slug":"cheap-marble-countertops-prices-beige","status":"publish","type":"product","link":"https:\/\/stone-phoenix.com\/fr\/produit\/cheap-marble-countertops-prices-beige","title":{"rendered":"prix des comptoirs en marbre beige bon march\u00e9"},"content":{"rendered":"<div id=\"tab-description\" class=\"woocommerce-Tabs-panel woocommerce-Tabs-panel--description panel entry-content wc-tab\" role=\"tabpanel\" aria-labelledby=\"tab-title-description\">\n<div id=\"ali-anchor-AliPostDhMb-qkngg\" style=\"padding-top: 8px;\" data-section=\"AliPostDhMb-qkngg\" data-section-title=\"Product Description\">\n<h2 style=\"text-align: center;\">prix des comptoirs en marbre beige bon march\u00e9<\/h2>\n<p>Le marbre est l'un des mat\u00e9riaux les plus populaires utilis\u00e9s dans les plans de travail en pierre. Le marbre est l'un des mat\u00e9riaux les plus populaires utilis\u00e9s dans les comptoirs en pierre. Avec son aspect \u00e9l\u00e9gant et styl\u00e9, le marbre est parfait pour votre cuisine ou votre salle de bain, ainsi que pour d'autres parties de votre maison.<\/p>\n<p>Notre gamme de comptoirs en marbre abordables vous offre une grande vari\u00e9t\u00e9 de choix, que vous souhaitiez une pi\u00e8ce solide ou un motif (comme un veinage) - ainsi que des options de couleur qui vous permettent de cr\u00e9er une cuisine qui se d\u00e9marque.En termes de budget et de prix, je dirais que c'est le mat\u00e9riau de comptoir parfait.<\/p>\n<p>Il est disponible dans une large gamme de couleurs et de styles, mais pr\u00e9sente une belle combinaison de textures qui le font ressembler \u00e0 de la pierre naturelle. Vous pouvez compter sur sa long\u00e9vit\u00e9, car la plupart des gens consid\u00e8rent le marbre comme extr\u00eamement durable. Son entretien r\u00e9duit vous laissera plus de temps pour profiter de votre nouvelle cuisine ou salle de bains.<\/p>\n<p>Avez-vous besoin de comptoirs en marbre bon march\u00e9 ? Nous avons des comptoirs abordables avec un prix bas et une bonne qualit\u00e9. <a href=\"https:\/\/longtopstone.com\/contact\/\">nous contacter<\/a> \u00e0 tout moment.<\/p>\n<div><\/div>\n<div id=\"ali-title-AliPostDhMb-qkngg\" style=\"padding: 8px 0; border-bottom: 1px solid #ddd;\"><span style=\"background-color: #ddd; color: #333; font-weight: bold; padding: 8px 10px; line-height: 12px;\">Description du produit<\/span><\/div>\n<div style=\"padding: 10px 0;\">\n<table class=\"aliDataTable\" style=\"color: #000000; font-family: Arial; font-size: 12px; font-style: normal; font-weight: 400; background-color: #ffffff; width: 746.066px; height: 226px; border: 1px solid #b3b3b3;\">\n<tbody>\n<tr style=\"height: 21px;\">\n<td style=\"border: 1px solid #b3b3b3; width: 162px;\"><strong><span style=\"font-family: arial, helvetica, sans-serif; font-size: 14px;\">Nom du produit :<\/span><\/strong><\/td>\n<td style=\"border: 1px solid #b3b3b3; width: 595.066px;\">Marbre beige asiatique<\/td>\n<\/tr>\n<tr style=\"height: 21px;\">\n<td style=\"border: 1px solid #b3b3b3; width: 162px;\"><strong><span style=\"font-family: arial, helvetica, sans-serif; font-size: 14px;\">Mat\u00e9riau :<\/span><\/strong><\/td>\n<td style=\"border: 1px solid #b3b3b3; width: 595.066px;\"><span style=\"font-family: arial, helvetica, sans-serif; font-size: 14px;\">Marbre<\/span><\/td>\n<\/tr>\n<tr style=\"height: 21px;\">\n<td style=\"border: 1px solid #b3b3b3; width: 162px;\"><strong><span style=\"font-family: arial, helvetica, sans-serif; font-size: 14px;\">Couleur :<\/span><\/strong><\/td>\n<td style=\"border: 1px solid #b3b3b3; width: 595.066px;\"><span style=\"font-family: arial, helvetica, sans-serif; font-size: 14px;\">Blanc, beige, noir, marron, gris, rouge, vert, bleu, etc.<\/span><\/td>\n<\/tr>\n<tr style=\"height: 21px;\">\n<td style=\"border: 1px solid #b3b3b3; width: 162px;\" rowspan=\"3\"><strong><span style=\"font-family: arial, helvetica, sans-serif; font-size: 14px;\">Taille :<\/span><\/strong><\/td>\n<td style=\"border: 1px solid #b3b3b3; width: 595.066px;\"><span style=\"font-family: arial, helvetica, sans-serif; font-size: 14px;\"><span style=\"text-decoration: underline;\">Carreaux disponibles<\/span> <\/span><br \/>\n<span style=\"font-family: arial, helvetica, sans-serif; font-size: 14px;\">12\u2032 X 12\u2033,24\u2032 X 24\u2033,12\u2032 X 24\u2033,etc 300x300mm,300x600mm,400x400mm,600x600mm,600\u00d71200,800\u00d7800,etc<\/span><\/td>\n<\/tr>\n<tr style=\"height: 21px;\">\n<td style=\"border: 1px solid #b3b3b3; width: 595.066px;\"><span style=\"font-family: arial, helvetica, sans-serif; font-size: 14px;\"><span style=\"text-decoration: underline;\">Grandes dalles disponibles<\/span>\u00a0 \u00a0 \u00a0 \u00a0 \u00a0 \u00a0 \u00a0 \u00a0 \u00a0 \u00a0 \u00a0 \u00a0 \u00a0 \u00a0 \u00a0 \u00a0 \u00a0 \u00a0 \u00a0 \u00a0 \u00a0 \u00a0 \u00a0 \u00a0 \u00a0 \u00a0 \u00a0 \u00a0 \u00a0 \u00a0 \u00a0 \u00a0 \u00a0 \u00a0 \u00a0 \u00a0 \u00a0 \u00a0 \u00a0 \u00a0 \u00a0 \u00a0 \u00a0 \u00a0 \u00a0 \u00a0 \u00a0 \u00a0 \u00a0 \u00a0 \u00a0 \u00a0 \u00a0 240cmUpx120UP<\/span><\/td>\n<\/tr>\n<tr style=\"height: 21px;\">\n<td style=\"border: 1px solid #b3b3b3; width: 595.066px;\"><span style=\"font-family: arial, helvetica, sans-serif; font-size: 14px;\">Des sp\u00e9cifications personnalis\u00e9es sont disponibles<\/span><\/td>\n<\/tr>\n<tr style=\"height: 21px;\">\n<td style=\"border: 1px solid #b3b3b3; width: 162px;\"><strong><span style=\"font-family: arial, helvetica, sans-serif; font-size: 14px;\">Tol\u00e9rance d'\u00e9paisseur :<\/span><\/strong><\/td>\n<td style=\"border: 1px solid #b3b3b3; width: 595.066px;\"><span style=\"font-size: 14px; font-family: arial, helvetica, sans-serif;\">\u00b10,05mm, \u00b11mm, \u00b11,5mm, \u00b12mm, selon les exigences de qualit\u00e9 du client<\/span><\/td>\n<\/tr>\n<tr style=\"height: 21px;\">\n<td style=\"border: 1px solid #b3b3b3; width: 162px;\"><strong><span style=\"font-family: arial, helvetica, sans-serif; font-size: 14px;\">Surface :<\/span><\/strong><\/td>\n<td style=\"border: 1px solid #b3b3b3; width: 595.066px;\"><span style=\"font-size: 14px; font-family: arial, helvetica, sans-serif;\">Poli, adouci, assorti au livre, antique, rainur\u00e9, bross\u00e9, d\u00e9cap\u00e9, sabl\u00e9, jet d'eau, etc.<\/span><\/td>\n<\/tr>\n<tr style=\"height: auto;\">\n<td style=\"border: 1px solid #b3b3b3; width: 162px;\"><strong><span style=\"font-family: arial, helvetica, sans-serif; font-size: 14px;\">Emballage :<\/span><\/strong><\/td>\n<td style=\"border: 1px solid #b3b3b3; width: 595.066px;\"><span style=\"font-family: arial, helvetica, sans-serif; font-size: 14px;\"> Fardeaux et caisses en bois en \u00e9tat de navigabilit\u00e9<\/span><\/td>\n<\/tr>\n<tr style=\"height: 21px;\">\n<td style=\"border: 1px solid #b3b3b3; width: 162px;\"><strong><span style=\"font-family: arial, helvetica, sans-serif; font-size: 14px;\">Application :<\/span><\/strong><\/td>\n<td style=\"border: 1px solid #b3b3b3; width: 595.066px;\"><span style=\"font-family: arial, helvetica, sans-serif; font-size: 14px;\">Mur int\u00e9rieur, sol, plinthe, mur de fond, comptoir, escalier, etc.<\/span><\/td>\n<\/tr>\n<tr style=\"height: 21px;\">\n<td style=\"border: 1px solid #b3b3b3; width: 162px;\"><strong><span style=\"font-family: arial, helvetica, sans-serif; font-size: 14px;\">D\u00e9lai de livraison :<\/span><\/strong><\/td>\n<td style=\"border: 1px solid #b3b3b3; width: 595.066px;\"><span style=\"font-family: arial, helvetica, sans-serif; font-size: 14px;\"> 15-20 jours pour les tailles normales<\/span><\/td>\n<\/tr>\n<tr style=\"height: 21px;\">\n<td style=\"border: 1px solid #b3b3b3; width: 162px;\"><strong><span style=\"font-family: arial, helvetica, sans-serif; font-size: 14px;\">Certificat :<\/span><\/strong><\/td>\n<td style=\"border: 1px solid #b3b3b3; width: 595.066px;\"><span style=\"font-family: arial, helvetica, sans-serif; font-size: 14px;\">CE, SGS<\/span><\/td>\n<\/tr>\n<tr style=\"height: 21px;\">\n<td style=\"border: 1px solid #b3b3b3; width: 162px;\"><strong><span style=\"font-family: arial, helvetica, sans-serif; font-size: 14px;\">Conditions de paiement :<\/span><\/strong><\/td>\n<td style=\"border: 1px solid #b3b3b3; width: 595.066px;\"><span style=\"font-family: arial, helvetica, sans-serif; font-size: 14px;\">T\/T, L\/C, D\/P<\/span><\/td>\n<\/tr>\n<tr style=\"height: 42px;\">\n<td style=\"border: 1px solid #b3b3b3; width: 162px;\"><strong><span style=\"font-family: arial, helvetica, sans-serif; font-size: 14px;\">Avantage :<\/span><\/strong><\/td>\n<td style=\"border: 1px solid #b3b3b3; width: 595.066px;\"><span style=\"font-family: arial, helvetica, sans-serif; font-size: 14px;\">1) Service unique pour la pierre ;<\/span><\/p>\n<p><span style=\"font-family: arial, helvetica, sans-serif; font-size: 14px;\">2) Poss\u00e9der 3 carri\u00e8res et 9 usines ;<\/span><\/p>\n<p><span style=\"font-family: arial, helvetica, sans-serif; font-size: 14px;\">3) Des supports technologiques de pointe.<\/span><\/td>\n<\/tr>\n<tr style=\"height: 42px;\">\n<td style=\"border: 1px solid #b3b3b3; width: 162px;\"><strong><span style=\"font-family: arial, helvetica, sans-serif; font-size: 14px;\">Assurance de la qualit\u00e9 et de la livraison :\u00a0<\/span><\/strong><\/td>\n<td style=\"border: 1px solid #b3b3b3; width: 595.066px;\"><span style=\"font-family: arial, helvetica, sans-serif; font-size: 14px;\">Tout au long du processus de production, du choix des mat\u00e9riaux \u00e0 l'emballage en passant par la fabrication, notre service de contr\u00f4le de la qualit\u00e9 contr\u00f4le rigoureusement chaque pi\u00e8ce et chaque processus afin de garantir le respect des normes de qualit\u00e9 et le respect des d\u00e9lais de livraison.<\/span><\/td>\n<\/tr>\n<\/tbody>\n<\/table>\n<p style=\"text-align: left;\">\n<\/div>\n<div style=\"padding: 10px 0px; text-align: left;\"><strong><span style=\"font-size: 18px;\">Prix les plus bas pour le marbre beige pour le rev\u00eatement de sol<\/span><\/strong><br \/>\n<img loading=\"lazy\" decoding=\"async\" class=\"alignnone size-full wp-image-26016\" src=\"http:\/\/stone-phoenix.com\/wp-content\/uploads\/2023\/12\/cheap-marble-countertops-prices-beige-5.jpg\" alt=\"\" width=\"1108\" height=\"844\" srcset=\"https:\/\/stone-phoenix.com\/wp-content\/uploads\/2023\/12\/cheap-marble-countertops-prices-beige-5.jpg 1108w, https:\/\/stone-phoenix.com\/wp-content\/uploads\/2023\/12\/cheap-marble-countertops-prices-beige-5-300x229.jpg 300w, https:\/\/stone-phoenix.com\/wp-content\/uploads\/2023\/12\/cheap-marble-countertops-prices-beige-5-1024x780.jpg 1024w, https:\/\/stone-phoenix.com\/wp-content\/uploads\/2023\/12\/cheap-marble-countertops-prices-beige-5-768x585.jpg 768w, https:\/\/stone-phoenix.com\/wp-content\/uploads\/2023\/12\/cheap-marble-countertops-prices-beige-5-16x12.jpg 16w, https:\/\/stone-phoenix.com\/wp-content\/uploads\/2023\/12\/cheap-marble-countertops-prices-beige-5-600x457.jpg 600w, https:\/\/stone-phoenix.com\/wp-content\/uploads\/2023\/12\/cheap-marble-countertops-prices-beige-5-150x114.jpg 150w\" sizes=\"(max-width: 1108px) 100vw, 1108px\" \/><img loading=\"lazy\" decoding=\"async\" class=\"alignnone size-full wp-image-26018\" src=\"http:\/\/stone-phoenix.com\/wp-content\/uploads\/2023\/12\/cheap-marble-countertops-prices-beige-6.jpg\" alt=\"\" width=\"1123\" height=\"1120\" srcset=\"https:\/\/stone-phoenix.com\/wp-content\/uploads\/2023\/12\/cheap-marble-countertops-prices-beige-6.jpg 1123w, https:\/\/stone-phoenix.com\/wp-content\/uploads\/2023\/12\/cheap-marble-countertops-prices-beige-6-300x300.jpg 300w, https:\/\/stone-phoenix.com\/wp-content\/uploads\/2023\/12\/cheap-marble-countertops-prices-beige-6-1024x1021.jpg 1024w, https:\/\/stone-phoenix.com\/wp-content\/uploads\/2023\/12\/cheap-marble-countertops-prices-beige-6-150x150.jpg 150w, https:\/\/stone-phoenix.com\/wp-content\/uploads\/2023\/12\/cheap-marble-countertops-prices-beige-6-768x766.jpg 768w, https:\/\/stone-phoenix.com\/wp-content\/uploads\/2023\/12\/cheap-marble-countertops-prices-beige-6-12x12.jpg 12w, https:\/\/stone-phoenix.com\/wp-content\/uploads\/2023\/12\/cheap-marble-countertops-prices-beige-6-600x598.jpg 600w\" sizes=\"(max-width: 1123px) 100vw, 1123px\" \/><img loading=\"lazy\" decoding=\"async\" class=\"alignnone size-full wp-image-26019\" src=\"http:\/\/stone-phoenix.com\/wp-content\/uploads\/2023\/12\/cheap-marble-countertops-prices-beige-7.jpg\" alt=\"\" width=\"1116\" height=\"885\" srcset=\"https:\/\/stone-phoenix.com\/wp-content\/uploads\/2023\/12\/cheap-marble-countertops-prices-beige-7.jpg 1116w, https:\/\/stone-phoenix.com\/wp-content\/uploads\/2023\/12\/cheap-marble-countertops-prices-beige-7-300x238.jpg 300w, https:\/\/stone-phoenix.com\/wp-content\/uploads\/2023\/12\/cheap-marble-countertops-prices-beige-7-1024x812.jpg 1024w, https:\/\/stone-phoenix.com\/wp-content\/uploads\/2023\/12\/cheap-marble-countertops-prices-beige-7-768x609.jpg 768w, https:\/\/stone-phoenix.com\/wp-content\/uploads\/2023\/12\/cheap-marble-countertops-prices-beige-7-15x12.jpg 15w, https:\/\/stone-phoenix.com\/wp-content\/uploads\/2023\/12\/cheap-marble-countertops-prices-beige-7-600x476.jpg 600w, https:\/\/stone-phoenix.com\/wp-content\/uploads\/2023\/12\/cheap-marble-countertops-prices-beige-7-150x119.jpg 150w\" sizes=\"(max-width: 1116px) 100vw, 1116px\" \/><\/p>\n<\/div>\n<\/div>\n<\/div>","protected":false},"excerpt":{"rendered":"<p>cheap marble countertops prices beige cheap marble countertops are a beautiful option that many homeowners are considering for their kitchens.Marble<\/p>","protected":false},"featured_media":26012,"template":"","meta":[],"product_cat":[113],"product_tag":[],"_links":{"self":[{"href":"https:\/\/stone-phoenix.com\/fr\/wp-json\/wp\/v2\/product\/21578"}],"collection":[{"href":"https:\/\/stone-phoenix.com\/fr\/wp-json\/wp\/v2\/product"}],"about":[{"href":"https:\/\/stone-phoenix.com\/fr\/wp-json\/wp\/v2\/types\/product"}],"wp:featuredmedia":[{"embeddable":true,"href":"https:\/\/stone-phoenix.com\/fr\/wp-json\/wp\/v2\/media\/26012"}],"wp:attachment":[{"href":"https:\/\/stone-phoenix.com\/fr\/wp-json\/wp\/v2\/media?parent=21578"}],"wp:term":[{"taxonomy":"product_cat","embeddable":true,"href":"https:\/\/stone-phoenix.com\/fr\/wp-json\/wp\/v2\/product_cat?post=21578"},{"taxonomy":"product_tag","embeddable":true,"href":"https:\/\/stone-phoenix.com\/fr\/wp-json\/wp\/v2\/product_tag?post=21578"}],"curies":[{"name":"wp","href":"https:\/\/api.w.org\/{rel}","templated":true}]}}