{"id":21589,"date":"2023-12-29T21:21:31","date_gmt":"2023-12-29T13:21:31","guid":{"rendered":"http:\/\/stone-phoenix.com\/product\/chinese-marble-suppliers-china-emperador-dark-marble"},"modified":"2024-03-25T10:42:58","modified_gmt":"2024-03-25T02:42:58","slug":"chinese-marble-suppliers-china-emperador-dark-marble","status":"publish","type":"product","link":"https:\/\/stone-phoenix.com\/fr\/produit\/chinese-marble-suppliers-china-emperador-dark-marble","title":{"rendered":"Fournisseurs de marbre chinois Marbre Emperador fonc\u00e9 de Chine"},"content":{"rendered":"<div id=\"tab-description\" class=\"woocommerce-Tabs-panel woocommerce-Tabs-panel--description panel entry-content wc-tab\" role=\"tabpanel\" aria-labelledby=\"tab-title-description\">\n<p><span style=\"font-size: 18pt;\">Fournisseurs de marbre chinois Marbre Emperador fonc\u00e9 de Chine<\/span><\/p>\n<p>Notre collection de marbre chinois pr\u00e9sente une gamme \u00e9tonnante de couleurs, de motifs et de finitions qui ne manqueront pas de captiver et d'inspirer. Des marbres blancs et gris classiques aux veines complexes aux marbres noirs aux motifs audacieux, nos produits en marbre chinois sont parfaits pour cr\u00e9er des points d'int\u00e9r\u00eat \u00e9poustouflants dans tout espace r\u00e9sidentiel ou commercial.<\/p>\n<p>L'un des avantages uniques de l'utilisation du marbre chinois est sa polyvalence. Nos mat\u00e9riaux en marbre peuvent \u00eatre utilis\u00e9s dans une large gamme d'applications, depuis les sols et les rev\u00eatements muraux en marbre jusqu'aux comptoirs en marbre, aux meubles-lavabos, et bien plus encore. Que vous conceviez un espace moderne et minimaliste ou un int\u00e9rieur traditionnel et opulent, nos produits en marbre chinois peuvent ajouter une touche d'\u00e9l\u00e9gance et de sophistication \u00e0 n'importe quel style d'am\u00e9nagement.<\/p>\n<p>Outre leur attrait esth\u00e9tique, nos produits en marbre chinois sont \u00e9galement r\u00e9put\u00e9s pour leur durabilit\u00e9 et leurs performances. Le marbre est une pierre naturelle connue pour sa r\u00e9sistance et sa r\u00e9silience, ce qui en fait un mat\u00e9riau id\u00e9al pour les zones tr\u00e8s fr\u00e9quent\u00e9es de votre maison ou de votre espace commercial. Nos mat\u00e9riaux en marbre chinois sont soigneusement s\u00e9lectionn\u00e9s et trait\u00e9s pour r\u00e9pondre aux normes de qualit\u00e9 les plus strictes, ce qui leur permet de r\u00e9sister \u00e0 l'usure et de conserver leur beaut\u00e9 et leurs performances pendant des ann\u00e9es.<\/p>\n<p>Gr\u00e2ce \u00e0 nos techniques de traitement de pointe et \u00e0 notre savoir-faire, nous sommes en mesure d'offrir une large gamme de finitions pour nos produits en marbre chinois. La finition polie donne un aspect brillant et luxueux, tandis que la finition adoucie donne un aspect mat avec une brillance subtile. Les finitions bross\u00e9es et tambourin\u00e9es cr\u00e9ent une surface plus rustique et textur\u00e9e, parfaite pour ajouter du caract\u00e8re et du charme \u00e0 votre design.<\/p>\n<p>En tant que fournisseur de marbre chinois de confiance, nous nous engageons \u00e0 fournir un service \u00e0 la client\u00e8le exceptionnel et des options de prix comp\u00e9titives. Notre \u00e9quipe d'experts est toujours pr\u00eate \u00e0 vous aider \u00e0 trouver les produits de marbre chinois parfaits qui r\u00e9pondent \u00e0 votre vision du design et \u00e0 votre budget. Nous sommes fiers de notre vaste exp\u00e9rience et de notre expertise dans l'industrie du marbre, et nous nous effor\u00e7ons de d\u00e9passer vos attentes gr\u00e2ce \u00e0 nos mat\u00e9riaux de qualit\u00e9 sup\u00e9rieure et \u00e0 notre service personnalis\u00e9.<\/p>\n<p>La beaut\u00e9 et l'\u00e9l\u00e9gance intemporelles du marbre chinois permettent d'\u00e9lever vos projets de d\u00e9coration int\u00e9rieure \u00e0 de nouveaux sommets. Explorez notre collection de marbre chinois d\u00e8s aujourd'hui et d\u00e9couvrez la qualit\u00e9 et la polyvalence in\u00e9gal\u00e9es de nos produits en marbre. Contactez-nous pour en savoir plus sur nos fournisseurs de marbre chinois et sur la fa\u00e7on dont nous pouvons vous aider \u00e0 cr\u00e9er des espaces int\u00e9rieurs \u00e9tonnants et sophistiqu\u00e9s qui r\u00e9sistent \u00e0 l'\u00e9preuve du temps.<\/p>\n<table style=\"height: 383px;\" width=\"1361\">\n<tbody>\n<tr>\n<td width=\"121\">Mat\u00e9riau<\/td>\n<td width=\"125\">Couleur primaire<\/td>\n<td width=\"193\">Produit<\/td>\n<td width=\"231\">Taille (cm)<\/td>\n<td width=\"156\">Finition<\/td>\n<td width=\"72\">Densit\u00e9<br \/>\n(g\/cm3)<\/td>\n<td width=\"116\">Absorption de l'eau<br \/>\n(%)<\/td>\n<\/tr>\n<tr>\n<td>Chine Marbre fonc\u00e9 Emperador<\/td>\n<td>Marron<\/td>\n<td width=\"193\">Dalle<br \/>\nCarrelage<br \/>\nEscalier<br \/>\nColonne<br \/>\nPilier<br \/>\nAppui de fen\u00eatre<br \/>\nComptoir<br \/>\nEtc<\/td>\n<td width=\"231\">240up x120up x2\/3<br \/>\n60\u00d730\/60\u00d71\/1.5\/2\/3<br \/>\n100-160x34x3<br \/>\n100-160x15x2Etc<\/td>\n<td width=\"156\">Poli<br \/>\nHonor\u00e9<br \/>\nAntiquit\u00e9<br \/>\nEtc<\/td>\n<td>2.7<\/td>\n<td>0.18<\/td>\n<\/tr>\n<\/tbody>\n<\/table>\n<h2>S\u00e9rie marbre brun<\/h2>\n<table style=\"border-collapse: collapse; width: 162.03pt;\" border=\"0\" width=\"216\" cellspacing=\"0\" cellpadding=\"0\">\n<tbody>\n<tr style=\"height: 13.50pt;\">\n<td style=\"height: 13.50pt; width: 54.00pt;\" align=\"right\" width=\"72\" height=\"18\">\n<figure id=\"attachment_6403\" class=\"wp-caption aligncenter\" style=\"width: 400px;\" aria-describedby=\"caption-attachment-6403\"><img loading=\"lazy\" decoding=\"async\" class=\"alignnone size-full wp-image-21591\" src=\"http:\/\/stone-phoenix.com\/wp-content\/uploads\/2023\/12\/1703884891.jpg\" width=\"400\" height=\"400\" srcset=\"https:\/\/stone-phoenix.com\/wp-content\/uploads\/2023\/12\/1703884891.jpg 400w, https:\/\/stone-phoenix.com\/wp-content\/uploads\/2023\/12\/1703884891-300x300.jpg 300w, https:\/\/stone-phoenix.com\/wp-content\/uploads\/2023\/12\/1703884891-150x150.jpg 150w, https:\/\/stone-phoenix.com\/wp-content\/uploads\/2023\/12\/1703884891-12x12.jpg 12w\" sizes=\"(max-width: 400px) 100vw, 400px\" \/><figcaption id=\"caption-attachment-6403\" class=\"wp-caption-text\"><span style=\"font-size: 16px;\">Marbre Beach Brown<\/span><\/figcaption><\/figure>\n<\/td>\n<td style=\"width: 54.00pt;\" align=\"right\" width=\"72\">\n<figure id=\"attachment_6404\" class=\"wp-caption aligncenter\" style=\"width: 400px;\" aria-describedby=\"caption-attachment-6404\"><img loading=\"lazy\" decoding=\"async\" class=\"alignnone size-full wp-image-21592\" src=\"http:\/\/stone-phoenix.com\/wp-content\/uploads\/2023\/12\/1703884892.jpg\" width=\"400\" height=\"400\" srcset=\"https:\/\/stone-phoenix.com\/wp-content\/uploads\/2023\/12\/1703884892.jpg 400w, https:\/\/stone-phoenix.com\/wp-content\/uploads\/2023\/12\/1703884892-300x300.jpg 300w, https:\/\/stone-phoenix.com\/wp-content\/uploads\/2023\/12\/1703884892-150x150.jpg 150w, https:\/\/stone-phoenix.com\/wp-content\/uploads\/2023\/12\/1703884892-12x12.jpg 12w\" sizes=\"(max-width: 400px) 100vw, 400px\" \/><figcaption id=\"caption-attachment-6404\" class=\"wp-caption-text\"><span style=\"font-size: 16px;\">Chine Marbre fonc\u00e9 Emperador<\/span><\/figcaption><\/figure>\n<\/td>\n<td style=\"width: 54.00pt;\" align=\"right\" width=\"72\">\n<figure id=\"attachment_6405\" class=\"wp-caption aligncenter\" style=\"width: 400px;\" aria-describedby=\"caption-attachment-6405\"><figcaption id=\"caption-attachment-6405\" class=\"wp-caption-text\"><span style=\"font-size: 16px;\">Marbre brun de r\u00eave<\/span><\/figcaption><\/figure>\n<\/td>\n<\/tr>\n<tr style=\"height: 13.50pt;\">\n<td style=\"height: 13.50pt;\" align=\"right\" height=\"18\">\n<figure id=\"attachment_6406\" class=\"wp-caption aligncenter\" style=\"width: 400px;\" aria-describedby=\"caption-attachment-6406\"><img loading=\"lazy\" decoding=\"async\" class=\"alignnone size-full wp-image-21594\" src=\"http:\/\/stone-phoenix.com\/wp-content\/uploads\/2023\/12\/1703884894.jpg\" width=\"400\" height=\"400\" srcset=\"https:\/\/stone-phoenix.com\/wp-content\/uploads\/2023\/12\/1703884894.jpg 400w, https:\/\/stone-phoenix.com\/wp-content\/uploads\/2023\/12\/1703884894-300x300.jpg 300w, https:\/\/stone-phoenix.com\/wp-content\/uploads\/2023\/12\/1703884894-150x150.jpg 150w, https:\/\/stone-phoenix.com\/wp-content\/uploads\/2023\/12\/1703884894-12x12.jpg 12w\" sizes=\"(max-width: 400px) 100vw, 400px\" \/><figcaption id=\"caption-attachment-6406\" class=\"wp-caption-text\"><span style=\"font-size: 16px;\">Kana Marbre brun<\/span><\/figcaption><\/figure>\n<\/td>\n<td align=\"right\">\n<figure id=\"attachment_6407\" class=\"wp-caption aligncenter\" style=\"width: 400px;\" aria-describedby=\"caption-attachment-6407\"><img loading=\"lazy\" decoding=\"async\" class=\"alignnone size-full wp-image-21595\" src=\"http:\/\/stone-phoenix.com\/wp-content\/uploads\/2023\/12\/1703884895.png\" width=\"400\" height=\"400\" srcset=\"https:\/\/stone-phoenix.com\/wp-content\/uploads\/2023\/12\/1703884895.png 400w, https:\/\/stone-phoenix.com\/wp-content\/uploads\/2023\/12\/1703884895-300x300.png 300w, https:\/\/stone-phoenix.com\/wp-content\/uploads\/2023\/12\/1703884895-150x150.png 150w, https:\/\/stone-phoenix.com\/wp-content\/uploads\/2023\/12\/1703884895-12x12.png 12w\" sizes=\"(max-width: 400px) 100vw, 400px\" \/><figcaption id=\"caption-attachment-6407\" class=\"wp-caption-text\"><span style=\"font-size: 16px;\">Marbre brun de Venise<\/span><\/figcaption><\/figure>\n<\/td>\n<td align=\"right\">\n<figure id=\"attachment_6408\" class=\"wp-caption aligncenter\" style=\"width: 400px;\" aria-describedby=\"caption-attachment-6408\"><figcaption id=\"caption-attachment-6408\" class=\"wp-caption-text\"><span style=\"font-size: 16px;\">Marbre Yinka Brown<\/span><\/figcaption><\/figure>\n<\/td>\n<\/tr>\n<\/tbody>\n<\/table>\n<\/div>","protected":false},"excerpt":{"rendered":"<p>Chinese Marble Suppliers China Emperador Dark Marble Our Chinese marble collection features a stunning array of colors, patterns, and finishes<\/p>","protected":false},"featured_media":21590,"template":"","meta":[],"product_cat":[113],"product_tag":[],"_links":{"self":[{"href":"https:\/\/stone-phoenix.com\/fr\/wp-json\/wp\/v2\/product\/21589"}],"collection":[{"href":"https:\/\/stone-phoenix.com\/fr\/wp-json\/wp\/v2\/product"}],"about":[{"href":"https:\/\/stone-phoenix.com\/fr\/wp-json\/wp\/v2\/types\/product"}],"wp:featuredmedia":[{"embeddable":true,"href":"https:\/\/stone-phoenix.com\/fr\/wp-json\/wp\/v2\/media\/21590"}],"wp:attachment":[{"href":"https:\/\/stone-phoenix.com\/fr\/wp-json\/wp\/v2\/media?parent=21589"}],"wp:term":[{"taxonomy":"product_cat","embeddable":true,"href":"https:\/\/stone-phoenix.com\/fr\/wp-json\/wp\/v2\/product_cat?post=21589"},{"taxonomy":"product_tag","embeddable":true,"href":"https:\/\/stone-phoenix.com\/fr\/wp-json\/wp\/v2\/product_tag?post=21589"}],"curies":[{"name":"wp","href":"https:\/\/api.w.org\/{rel}","templated":true}]}}