{"id":21597,"date":"2023-12-29T21:21:55","date_gmt":"2023-12-29T13:21:55","guid":{"rendered":"http:\/\/stone-phoenix.com\/product\/cinderella-gray-marble-grey-natural-stonecinderella"},"modified":"2024-03-25T10:33:02","modified_gmt":"2024-03-25T02:33:02","slug":"cinderella-gray-marble-grey-natural-stonecinderella","status":"publish","type":"product","link":"https:\/\/stone-phoenix.com\/fr\/produit\/cinderella-gray-marble-grey-natural-stonecinderella","title":{"rendered":"Cinderella Gris Marbre Gris Pierre Naturelle,cinderella"},"content":{"rendered":"<div id=\"tab-description\" class=\"woocommerce-Tabs-panel woocommerce-Tabs-panel--description panel entry-content wc-tab\" role=\"tabpanel\" aria-labelledby=\"tab-title-description\">\n<h2 style=\"text-align: center;\">Pierre naturelle grise, gris Cendrillon, carreaux de marbre gris Shay<\/h2>\n<p>Cinderella est un marbre gris unique en son genre, au motif saisissant. Il pr\u00e9sente de belles variations de couleur, ce qui rend chaque dalle unique en son genre. Il est id\u00e9al pour recouvrir de grandes surfaces telles que les comptoirs, les meubles-lavabos et les sols. Le marbre gris Cinderella est l'une des pierres les plus appr\u00e9ci\u00e9es sur le march\u00e9 actuellement. Le nom \"Cendrillon\" fait r\u00e9f\u00e9rence \u00e0 son incroyable polyvalence et \u00e0 sa durabilit\u00e9, ce qui signifie qu'il convient \u00e0 tous les types de projets. Cette belle pierre marbri\u00e8re peut \u00eatre utilis\u00e9e aussi bien \u00e0 l'int\u00e9rieur qu'\u00e0 l'ext\u00e9rieur en raison de sa r\u00e9sistance, ce qui la rend appropri\u00e9e pour les sols et les rev\u00eatements dans n'importe quelle pi\u00e8ce ou b\u00e2timent que vous choisissez.Le marbre gris Cinderella est un marbre de couleur gris fonc\u00e9 avec des veines blanches. Le marbre gris Cendrillon est un marbre brillant et poli. Cette surface cr\u00e9e une ambiance et une chaleur. Le marbre gris Cendrillon est un marbre magnifique et unique qui convient parfaitement \u00e0 tous les projets. Cette dalle peut \u00eatre utilis\u00e9e dans des th\u00e8mes modernes ou contemporains, et apportera un aspect \u00e9l\u00e9gant \u00e0 votre projet de carrelage de salle de bain ou de cuisine.Le marbre gris Cendrillon est un type de marbre jaune Calacatta gold.C'est un choix id\u00e9al pour ceux qui pr\u00e9f\u00e8rent les couleurs vives et \u00e9l\u00e9gantes pour ajouter du charme \u00e0 leur int\u00e9rieur.Dans l'industrie, il est \u00e9galement connu sous le nom de marbre blanc noir ou de marbre gris Cendrillon.<\/p>\n<div id=\"ali-anchor-AliPostDhMb-qkngg\" style=\"padding-top: 8px;\" data-section=\"AliPostDhMb-qkngg\" data-section-title=\"Product Description\">\n<div id=\"ali-title-AliPostDhMb-qkngg\" style=\"padding: 8px 0; border-bottom: 1px solid #ddd;\"><span style=\"background-color: #ddd; color: #333; font-weight: bold; padding: 8px 10px; line-height: 12px;\">Description du produit<\/span><\/div>\n<div style=\"padding: 10px 0;\">\n<table class=\"aliDataTable\" style=\"color: #000000; font-family: Arial; font-size: 12px; font-style: normal; font-weight: 400; background-color: #ffffff; width: 746.066px; height: 226px; border: 1px solid #b3b3b3;\">\n<tbody>\n<tr style=\"height: 21px;\">\n<td style=\"border: 1px solid #b3b3b3; width: 162px;\"><strong><span style=\"font-family: arial, helvetica, sans-serif; font-size: 14px;\">Mat\u00e9riau :<\/span><\/strong><\/td>\n<td style=\"border: 1px solid #b3b3b3; width: 595.066px;\">Calcite<\/td>\n<\/tr>\n<tr style=\"height: 21px;\">\n<td style=\"border: 1px solid #b3b3b3; width: 162px;\"><strong><span style=\"font-family: arial, helvetica, sans-serif; font-size: 14px;\">Couleur :<\/span><\/strong><\/td>\n<td style=\"border: 1px solid #b3b3b3; width: 595.066px;\"><span style=\"font-family: arial, helvetica, sans-serif; font-size: 14px;\">Blanc, beige, noir, marron, gris, rouge, vert, bleu, etc.<\/span><\/td>\n<\/tr>\n<tr style=\"height: 21px;\">\n<td style=\"border: 1px solid #b3b3b3; width: 162px;\" rowspan=\"3\"><strong><span style=\"font-family: arial, helvetica, sans-serif; font-size: 14px;\">Taille :<\/span><\/strong><\/td>\n<td style=\"border: 1px solid #b3b3b3; width: 595.066px;\"><span style=\"font-family: arial, helvetica, sans-serif; font-size: 14px;\"><span style=\"text-decoration: underline;\">Carreaux disponibles<\/span> <\/span><br \/>\n<span style=\"font-family: arial, helvetica, sans-serif; font-size: 14px;\">12\u2032 X 12\u2033,24\u2032 X 24\u2033,12\u2032 X 24\u2033,etc 300x300mm,300x600mm,400x400mm,600x600mm,600\u00d71200,800\u00d7800,etc<\/span><\/td>\n<\/tr>\n<tr style=\"height: 21px;\">\n<td style=\"border: 1px solid #b3b3b3; width: 595.066px;\"><span style=\"font-family: arial, helvetica, sans-serif; font-size: 14px;\"><span style=\"text-decoration: underline;\">Grandes dalles disponibles<\/span>\u00a0 \u00a0 \u00a0 \u00a0 \u00a0 \u00a0 \u00a0 \u00a0 \u00a0 \u00a0 \u00a0 \u00a0 \u00a0 \u00a0 \u00a0 \u00a0 \u00a0 \u00a0 \u00a0 \u00a0 \u00a0 \u00a0 \u00a0 \u00a0 \u00a0 \u00a0 \u00a0 \u00a0 \u00a0 \u00a0 \u00a0 \u00a0 \u00a0 \u00a0 \u00a0 \u00a0 \u00a0 \u00a0 \u00a0 \u00a0 \u00a0 \u00a0 \u00a0 \u00a0 \u00a0 \u00a0 \u00a0 \u00a0 \u00a0 \u00a0 \u00a0 \u00a0 \u00a0 240cmUpx120UP<\/span><\/td>\n<\/tr>\n<tr style=\"height: 21px;\">\n<td style=\"border: 1px solid #b3b3b3; width: 595.066px;\"><span style=\"font-family: arial, helvetica, sans-serif; font-size: 14px;\">Des sp\u00e9cifications personnalis\u00e9es sont disponibles<\/span><\/td>\n<\/tr>\n<tr style=\"height: 21px;\">\n<td style=\"border: 1px solid #b3b3b3; width: 162px;\"><strong><span style=\"font-family: arial, helvetica, sans-serif; font-size: 14px;\">Tol\u00e9rance d'\u00e9paisseur :<\/span><\/strong><\/td>\n<td style=\"border: 1px solid #b3b3b3; width: 595.066px;\"><span style=\"font-size: 14px; font-family: arial, helvetica, sans-serif;\">\u00b10,05mm, \u00b11mm, \u00b11,5mm, \u00b12mm, selon les exigences de qualit\u00e9 du client<\/span><\/td>\n<\/tr>\n<tr style=\"height: 21px;\">\n<td style=\"border: 1px solid #b3b3b3; width: 162px;\"><strong><span style=\"font-family: arial, helvetica, sans-serif; font-size: 14px;\">Surface :<\/span><\/strong><\/td>\n<td style=\"border: 1px solid #b3b3b3; width: 595.066px;\"><span style=\"font-size: 14px; font-family: arial, helvetica, sans-serif;\">Poli, adouci, assorti au livre, antique, rainur\u00e9, bross\u00e9, d\u00e9cap\u00e9, sabl\u00e9, jet d'eau, etc.<\/span><\/td>\n<\/tr>\n<tr style=\"height: auto;\">\n<td style=\"border: 1px solid #b3b3b3; width: 162px;\"><strong><span style=\"font-family: arial, helvetica, sans-serif; font-size: 14px;\">Emballage :<\/span><\/strong><\/td>\n<td style=\"border: 1px solid #b3b3b3; width: 595.066px;\"><span style=\"font-family: arial, helvetica, sans-serif; font-size: 14px;\"> Fardeaux et caisses en bois en \u00e9tat de navigabilit\u00e9<\/span><\/td>\n<\/tr>\n<tr style=\"height: 21px;\">\n<td style=\"border: 1px solid #b3b3b3; width: 162px;\"><strong><span style=\"font-family: arial, helvetica, sans-serif; font-size: 14px;\">Application :<\/span><\/strong><\/td>\n<td style=\"border: 1px solid #b3b3b3; width: 595.066px;\"><span style=\"font-family: arial, helvetica, sans-serif; font-size: 14px;\">Mur int\u00e9rieur, sol, plinthe, mur de fond, comptoir, escalier, etc.<\/span><\/td>\n<\/tr>\n<tr style=\"height: 21px;\">\n<td style=\"border: 1px solid #b3b3b3; width: 162px;\"><strong><span style=\"font-family: arial, helvetica, sans-serif; font-size: 14px;\">D\u00e9lai de livraison :<\/span><\/strong><\/td>\n<td style=\"border: 1px solid #b3b3b3; width: 595.066px;\"><span style=\"font-family: arial, helvetica, sans-serif; font-size: 14px;\"> 15-20 jours pour les tailles normales<\/span><\/td>\n<\/tr>\n<tr style=\"height: 21px;\">\n<td style=\"border: 1px solid #b3b3b3; width: 162px;\"><strong><span style=\"font-family: arial, helvetica, sans-serif; font-size: 14px;\">Certificat :<\/span><\/strong><\/td>\n<td style=\"border: 1px solid #b3b3b3; width: 595.066px;\"><span style=\"font-family: arial, helvetica, sans-serif; font-size: 14px;\">CE, SGS<\/span><\/td>\n<\/tr>\n<tr style=\"height: 21px;\">\n<td style=\"border: 1px solid #b3b3b3; width: 162px;\"><strong><span style=\"font-family: arial, helvetica, sans-serif; font-size: 14px;\">Conditions de paiement :<\/span><\/strong><\/td>\n<td style=\"border: 1px solid #b3b3b3; width: 595.066px;\"><span style=\"font-family: arial, helvetica, sans-serif; font-size: 14px;\">T\/T, L\/C, D\/P<\/span><\/td>\n<\/tr>\n<tr style=\"height: 42px;\">\n<td style=\"border: 1px solid #b3b3b3; width: 162px;\"><strong><span style=\"font-family: arial, helvetica, sans-serif; font-size: 14px;\">Avantage :<\/span><\/strong><\/td>\n<td style=\"border: 1px solid #b3b3b3; width: 595.066px;\"><span style=\"font-family: arial, helvetica, sans-serif; font-size: 14px;\">1) Service unique pour la pierre ;<\/span><\/p>\n<p><span style=\"font-family: arial, helvetica, sans-serif; font-size: 14px;\">2) Poss\u00e9der 3 carri\u00e8res et 9 usines ;<\/span><\/p>\n<p><span style=\"font-family: arial, helvetica, sans-serif; font-size: 14px;\">3) Des supports technologiques de pointe.<\/span><\/td>\n<\/tr>\n<tr style=\"height: 42px;\">\n<td style=\"border: 1px solid #b3b3b3; width: 162px;\"><strong><span style=\"font-family: arial, helvetica, sans-serif; font-size: 14px;\">Assurance de la qualit\u00e9 et de la livraison :\u00a0<\/span><\/strong><\/td>\n<td style=\"border: 1px solid #b3b3b3; width: 595.066px;\"><span style=\"font-family: arial, helvetica, sans-serif; font-size: 14px;\">Tout au long du processus de production, du choix des mat\u00e9riaux \u00e0 l'emballage en passant par la fabrication, notre service de contr\u00f4le de la qualit\u00e9 contr\u00f4le rigoureusement chaque pi\u00e8ce et chaque processus afin de garantir le respect des normes de qualit\u00e9 et le respect des d\u00e9lais de livraison.<\/span><\/td>\n<\/tr>\n<\/tbody>\n<\/table>\n<p><img loading=\"lazy\" decoding=\"async\" class=\"alignnone size-full wp-image-21599\" src=\"http:\/\/stone-phoenix.com\/wp-content\/uploads\/2023\/12\/1703884916.jpg\" width=\"1000\" height=\"750\" srcset=\"https:\/\/stone-phoenix.com\/wp-content\/uploads\/2023\/12\/1703884916.jpg 1000w, https:\/\/stone-phoenix.com\/wp-content\/uploads\/2023\/12\/1703884916-300x225.jpg 300w, https:\/\/stone-phoenix.com\/wp-content\/uploads\/2023\/12\/1703884916-768x576.jpg 768w, https:\/\/stone-phoenix.com\/wp-content\/uploads\/2023\/12\/1703884916-16x12.jpg 16w, https:\/\/stone-phoenix.com\/wp-content\/uploads\/2023\/12\/1703884916-600x450.jpg 600w, https:\/\/stone-phoenix.com\/wp-content\/uploads\/2023\/12\/1703884916-150x113.jpg 150w\" sizes=\"(max-width: 1000px) 100vw, 1000px\" \/><\/p>\n<p><img loading=\"lazy\" decoding=\"async\" class=\"alignnone size-full wp-image-21600\" src=\"http:\/\/stone-phoenix.com\/wp-content\/uploads\/2023\/12\/1703884918.jpg\" width=\"1000\" height=\"750\" srcset=\"https:\/\/stone-phoenix.com\/wp-content\/uploads\/2023\/12\/1703884918.jpg 1000w, https:\/\/stone-phoenix.com\/wp-content\/uploads\/2023\/12\/1703884918-300x225.jpg 300w, https:\/\/stone-phoenix.com\/wp-content\/uploads\/2023\/12\/1703884918-768x576.jpg 768w, https:\/\/stone-phoenix.com\/wp-content\/uploads\/2023\/12\/1703884918-16x12.jpg 16w, https:\/\/stone-phoenix.com\/wp-content\/uploads\/2023\/12\/1703884918-600x450.jpg 600w, https:\/\/stone-phoenix.com\/wp-content\/uploads\/2023\/12\/1703884918-150x113.jpg 150w\" sizes=\"(max-width: 1000px) 100vw, 1000px\" \/><\/p>\n<p><img loading=\"lazy\" decoding=\"async\" class=\"alignnone wp-image-21601\" src=\"http:\/\/stone-phoenix.com\/wp-content\/uploads\/2023\/12\/1703884919.jpg\" width=\"955\" height=\"1273\" srcset=\"https:\/\/stone-phoenix.com\/wp-content\/uploads\/2023\/12\/1703884919.jpg 750w, https:\/\/stone-phoenix.com\/wp-content\/uploads\/2023\/12\/1703884919-225x300.jpg 225w, https:\/\/stone-phoenix.com\/wp-content\/uploads\/2023\/12\/1703884919-9x12.jpg 9w, https:\/\/stone-phoenix.com\/wp-content\/uploads\/2023\/12\/1703884919-600x800.jpg 600w, https:\/\/stone-phoenix.com\/wp-content\/uploads\/2023\/12\/1703884919-150x200.jpg 150w\" sizes=\"(max-width: 955px) 100vw, 955px\" \/><\/p>\n<\/div>\n<div style=\"padding: 10px 0px; text-align: center;\"><\/div>\n<div style=\"padding: 10px 0px; text-align: center;\"><\/div>\n<\/div>\n<div id=\"ali-anchor-AliPostDhMb-hwase\" style=\"padding-top: 8px;\" data-section=\"AliPostDhMb-hwase\" data-section-title=\"Related Products\">\n<div id=\"ali-title-AliPostDhMb-hwase\" style=\"padding: 8px 0; border-bottom: 1px solid #ddd;\"><span style=\"background-color: #ddd; color: #333; font-weight: bold; padding: 8px 10px; line-height: 12px;\">Produits apparent\u00e9s<\/span><\/div>\n<div style=\"padding: 10px 0;\">\n<p><img loading=\"lazy\" decoding=\"async\" class=\"alignnone size-full wp-image-21602\" src=\"http:\/\/stone-phoenix.com\/wp-content\/uploads\/2023\/12\/1703884920.jpg\" width=\"750\" height=\"737\" srcset=\"https:\/\/stone-phoenix.com\/wp-content\/uploads\/2023\/12\/1703884920.jpg 750w, https:\/\/stone-phoenix.com\/wp-content\/uploads\/2023\/12\/1703884920-300x295.jpg 300w, https:\/\/stone-phoenix.com\/wp-content\/uploads\/2023\/12\/1703884920-12x12.jpg 12w, https:\/\/stone-phoenix.com\/wp-content\/uploads\/2023\/12\/1703884920-600x590.jpg 600w, https:\/\/stone-phoenix.com\/wp-content\/uploads\/2023\/12\/1703884920-150x147.jpg 150w\" sizes=\"(max-width: 750px) 100vw, 750px\" \/><\/p>\n<map name=\"jp0hoi2c\">\n<area coords=\"21,98,245,360\" shape=\"rect\" href=\"https:\/\/longtops.en.alibaba.com\/productgrouplist-807708453\/Black_Marble.html?spm=a2700.icbuShop.prup15aafb.5.5754158bA1wkpf\" target=\"_blank\" \/>\n<area coords=\"10,979,368,1213\" shape=\"rect\" href=\"https:\/\/longtops.en.alibaba.com\/productgrouplist-807797657\/Working_Drawing_and_Detail_Drawing.html?spm=a2700.icbuShop.prup15aafb.31.346257c6h5J2PJ\" target=\"_blank\" \/>\n<area coords=\"503,98,728,360\" shape=\"rect\" href=\"https:\/\/longtops.en.alibaba.com\/productgrouplist-807681422\/Grey_Marble.html?spm=a2700.icbuShop.prup15aafb.4.7cbc3126Hq1cRv\" target=\"_blank\" \/>\n<area coords=\"21,375,247,641\" shape=\"rect\" href=\"https:\/\/longtops.en.alibaba.com\/productgrouplist-807679027\/Beige_Marble.html?spm=a2700.icbuShop.prup15aafb.3.d4c773acipHUZl\" target=\"_blank\" \/>\n<area coords=\"263,376,487,640\" shape=\"rect\" href=\"https:\/\/longtops.en.alibaba.com\/productgrouplist-807787231\/Wooden_Marble.html?spm=a2700.icbuShop.prup15aafb.7.743d5668QxADhi\" target=\"_blank\" \/>\n<area coords=\"501,376,725,640\" shape=\"rect\" href=\"https:\/\/longtops.en.alibaba.com\/productgrouplist-805159428\/Onyx.html?spm=a2700.icbuShop.prup15aafb.9.6b075b78uJgOyH\" target=\"_blank\" \/>\n<area coords=\"264,96,487,359\" shape=\"rect\" href=\"https:\/\/longtops.en.alibaba.com\/productgrouplist-807681423\/White_Marble.html?spm=a2700.icbuShop.prup15aafb.2.41bf7fb9AV6ZkI\" target=\"_blank\" \/>\n<area coords=\"294,666,452,705\" shape=\"rect\" href=\"https:\/\/longtops.en.alibaba.com\/productgrouplist-805281181\/Interior_Material.html?spm=a2700.icbuShop.prup15aafb.1.29f87eefxGBxpC\" target=\"_blank\" \/> <\/map>\n<p><img loading=\"lazy\" decoding=\"async\" class=\"alignnone size-full wp-image-21603\" src=\"http:\/\/stone-phoenix.com\/wp-content\/uploads\/2023\/12\/1703884921.jpg\" width=\"750\" height=\"451\" srcset=\"https:\/\/stone-phoenix.com\/wp-content\/uploads\/2023\/12\/1703884921.jpg 750w, https:\/\/stone-phoenix.com\/wp-content\/uploads\/2023\/12\/1703884921-300x180.jpg 300w, https:\/\/stone-phoenix.com\/wp-content\/uploads\/2023\/12\/1703884921-18x12.jpg 18w, https:\/\/stone-phoenix.com\/wp-content\/uploads\/2023\/12\/1703884921-600x361.jpg 600w, https:\/\/stone-phoenix.com\/wp-content\/uploads\/2023\/12\/1703884921-150x90.jpg 150w\" sizes=\"(max-width: 750px) 100vw, 750px\" \/><\/p>\n<map name=\"jop1vy1l\">\n<area coords=\"11,143,187,403\" shape=\"rect\" href=\"https:\/\/longtops.en.alibaba.com\/productgrouplist-805281181\/Interior_Material.html?spm=a2700.icbuShop.prup15aafb.1.102c72f4r9xS94\" target=\"_blank\" \/>\n<area coords=\"194,142,373,405\" shape=\"rect\" href=\"https:\/\/longtops.en.alibaba.com\/productgrouplist-805261574\/Exterior_Material.html?spm=a2700.icbuShop.prup15aafb.10.1bd566f5fx5hr8\" target=\"_blank\" \/>\n<area coords=\"378,142,557,404\" shape=\"rect\" href=\"https:\/\/longtops.en.alibaba.com\/productgrouplist-805343849\/Customized_Material.html?spm=a2700.icbuShop.prup15aafb.21.424e71fe2JWtea\" target=\"_blank\" \/>\n<area coords=\"562,140,739,403\" shape=\"rect\" href=\"https:\/\/longtops.en.alibaba.com\/productgrouplist-807693332\/Design_and_Technology.html?spm=a2700.icbuShop.prup15aafb.29.5bf342c4ATPm7j\" target=\"_blank\" \/> <\/map>\n<\/div>\n<\/div>\n<div id=\"ali-anchor-AliPostDhMb-5273d\" style=\"padding-top: 8px;\" data-section=\"AliPostDhMb-5273d\" data-section-title=\"Project Display\">\n<div id=\"ali-title-AliPostDhMb-5273d\" style=\"padding: 8px 0; border-bottom: 1px solid #ddd;\"><span style=\"background-color: #ddd; color: #333; font-weight: bold; padding: 8px 10px; line-height: 12px;\">Affichage du projet<\/span><\/div>\n<div style=\"padding: 10px 0;\">\n<p><img loading=\"lazy\" decoding=\"async\" class=\"alignnone size-full wp-image-21604\" src=\"http:\/\/stone-phoenix.com\/wp-content\/uploads\/2023\/12\/1703884921-1.jpg\" width=\"750\" height=\"772\" srcset=\"https:\/\/stone-phoenix.com\/wp-content\/uploads\/2023\/12\/1703884921-1.jpg 750w, https:\/\/stone-phoenix.com\/wp-content\/uploads\/2023\/12\/1703884921-1-291x300.jpg 291w, https:\/\/stone-phoenix.com\/wp-content\/uploads\/2023\/12\/1703884921-1-12x12.jpg 12w, https:\/\/stone-phoenix.com\/wp-content\/uploads\/2023\/12\/1703884921-1-600x618.jpg 600w, https:\/\/stone-phoenix.com\/wp-content\/uploads\/2023\/12\/1703884921-1-150x154.jpg 150w\" sizes=\"(max-width: 750px) 100vw, 750px\" \/><\/p>\n<\/div>\n<\/div>\n<div id=\"ali-anchor-AliPostDhMb-9s1md\" style=\"padding-top: 8px;\" data-section=\"AliPostDhMb-9s1md\" data-section-title=\"Company Information\">\n<div id=\"ali-title-AliPostDhMb-9s1md\" style=\"padding: 8px 0; border-bottom: 1px solid #ddd;\"><span style=\"background-color: #ddd; color: #333; font-weight: bold; padding: 8px 10px; line-height: 12px;\">Informations sur l'entreprise<\/span><\/div>\n<div style=\"padding: 10px 0;\">\n<p>&nbsp;<\/p>\n<\/div>\n<\/div>\n<div id=\"ali-anchor-AliPostDhMb-qlaay\" style=\"padding-top: 8px;\" data-section=\"AliPostDhMb-qlaay\" data-section-title=\"Advantages\">\n<div id=\"ali-title-AliPostDhMb-qlaay\" style=\"padding: 8px 0; border-bottom: 1px solid #ddd;\"><span style=\"background-color: #ddd; color: #333; font-weight: bold; padding: 8px 10px; line-height: 12px;\">Avantages<\/span><\/div>\n<div style=\"padding: 10px 0;\">\n<p><img loading=\"lazy\" decoding=\"async\" class=\"alignnone size-full wp-image-21606\" src=\"http:\/\/stone-phoenix.com\/wp-content\/uploads\/2023\/12\/1703884922-1.jpg\" width=\"750\" height=\"1242\" srcset=\"https:\/\/stone-phoenix.com\/wp-content\/uploads\/2023\/12\/1703884922-1.jpg 750w, https:\/\/stone-phoenix.com\/wp-content\/uploads\/2023\/12\/1703884922-1-181x300.jpg 181w, https:\/\/stone-phoenix.com\/wp-content\/uploads\/2023\/12\/1703884922-1-618x1024.jpg 618w, https:\/\/stone-phoenix.com\/wp-content\/uploads\/2023\/12\/1703884922-1-7x12.jpg 7w, https:\/\/stone-phoenix.com\/wp-content\/uploads\/2023\/12\/1703884922-1-600x994.jpg 600w, https:\/\/stone-phoenix.com\/wp-content\/uploads\/2023\/12\/1703884922-1-150x248.jpg 150w\" sizes=\"(max-width: 750px) 100vw, 750px\" \/><\/p>\n<map name=\"jorwd5m6\"><img loading=\"lazy\" decoding=\"async\" class=\"alignnone size-full wp-image-21608\" src=\"http:\/\/stone-phoenix.com\/wp-content\/uploads\/2023\/12\/1703884924.jpg\" width=\"750\" height=\"1090\" srcset=\"https:\/\/stone-phoenix.com\/wp-content\/uploads\/2023\/12\/1703884924.jpg 750w, https:\/\/stone-phoenix.com\/wp-content\/uploads\/2023\/12\/1703884924-206x300.jpg 206w, https:\/\/stone-phoenix.com\/wp-content\/uploads\/2023\/12\/1703884924-705x1024.jpg 705w, https:\/\/stone-phoenix.com\/wp-content\/uploads\/2023\/12\/1703884924-8x12.jpg 8w, https:\/\/stone-phoenix.com\/wp-content\/uploads\/2023\/12\/1703884924-600x872.jpg 600w, https:\/\/stone-phoenix.com\/wp-content\/uploads\/2023\/12\/1703884924-150x218.jpg 150w\" sizes=\"(max-width: 750px) 100vw, 750px\" \/><img loading=\"lazy\" decoding=\"async\" class=\"alignnone size-full wp-image-21609\" src=\"http:\/\/stone-phoenix.com\/wp-content\/uploads\/2023\/12\/1703884924-1.jpg\" width=\"750\" height=\"978\" srcset=\"https:\/\/stone-phoenix.com\/wp-content\/uploads\/2023\/12\/1703884924-1.jpg 750w, https:\/\/stone-phoenix.com\/wp-content\/uploads\/2023\/12\/1703884924-1-230x300.jpg 230w, https:\/\/stone-phoenix.com\/wp-content\/uploads\/2023\/12\/1703884924-1-9x12.jpg 9w, https:\/\/stone-phoenix.com\/wp-content\/uploads\/2023\/12\/1703884924-1-600x782.jpg 600w, https:\/\/stone-phoenix.com\/wp-content\/uploads\/2023\/12\/1703884924-1-150x196.jpg 150w\" sizes=\"(max-width: 750px) 100vw, 750px\" \/> <\/map>\n<\/div>\n<\/div>\n<div id=\"ali-anchor-AliPostDhMb-ils4t\" style=\"padding-top: 8px;\" data-section=\"AliPostDhMb-ils4t\" data-section-title=\"FAQ\">\n<div id=\"ali-title-AliPostDhMb-ils4t\" style=\"padding: 8px 0; border-bottom: 1px solid #ddd;\"><span style=\"background-color: #ddd; color: #333; font-weight: bold; padding: 8px 10px; line-height: 12px;\">FAQ<\/span><\/div>\n<div style=\"padding: 10px 0;\">\n<p><img loading=\"lazy\" decoding=\"async\" class=\"alignnone size-full wp-image-21611\" src=\"http:\/\/stone-phoenix.com\/wp-content\/uploads\/2023\/12\/1703884925-1.jpg\" width=\"750\" height=\"932\" srcset=\"https:\/\/stone-phoenix.com\/wp-content\/uploads\/2023\/12\/1703884925-1.jpg 750w, https:\/\/stone-phoenix.com\/wp-content\/uploads\/2023\/12\/1703884925-1-241x300.jpg 241w, https:\/\/stone-phoenix.com\/wp-content\/uploads\/2023\/12\/1703884925-1-10x12.jpg 10w, https:\/\/stone-phoenix.com\/wp-content\/uploads\/2023\/12\/1703884925-1-600x746.jpg 600w, https:\/\/stone-phoenix.com\/wp-content\/uploads\/2023\/12\/1703884925-1-150x186.jpg 150w\" sizes=\"(max-width: 750px) 100vw, 750px\" \/><\/p>\n<p><a target=\"_blank\" rel=\"noopener noreferrer\"><span style=\"font-size: 16px;\"><img loading=\"lazy\" decoding=\"async\" class=\"alignnone size-full wp-image-21612\" src=\"http:\/\/stone-phoenix.com\/wp-content\/uploads\/2023\/12\/1703884926.jpg\" width=\"750\" height=\"153\" srcset=\"https:\/\/stone-phoenix.com\/wp-content\/uploads\/2023\/12\/1703884926.jpg 750w, https:\/\/stone-phoenix.com\/wp-content\/uploads\/2023\/12\/1703884926-300x61.jpg 300w, https:\/\/stone-phoenix.com\/wp-content\/uploads\/2023\/12\/1703884926-18x4.jpg 18w, https:\/\/stone-phoenix.com\/wp-content\/uploads\/2023\/12\/1703884926-600x122.jpg 600w, https:\/\/stone-phoenix.com\/wp-content\/uploads\/2023\/12\/1703884926-150x31.jpg 150w\" sizes=\"(max-width: 750px) 100vw, 750px\" \/><\/span><\/a><\/p>\n<\/div>\n<\/div>\n<\/div>","protected":false},"excerpt":{"rendered":"<p>Grey natural stone,Cinderella grey,shay gray marble tiles Cinderella is a one-of-a-kind gray marble with a striking pattern. It has beautiful<\/p>","protected":false},"featured_media":21598,"template":"","meta":[],"product_cat":[113],"product_tag":[],"_links":{"self":[{"href":"https:\/\/stone-phoenix.com\/fr\/wp-json\/wp\/v2\/product\/21597"}],"collection":[{"href":"https:\/\/stone-phoenix.com\/fr\/wp-json\/wp\/v2\/product"}],"about":[{"href":"https:\/\/stone-phoenix.com\/fr\/wp-json\/wp\/v2\/types\/product"}],"wp:featuredmedia":[{"embeddable":true,"href":"https:\/\/stone-phoenix.com\/fr\/wp-json\/wp\/v2\/media\/21598"}],"wp:attachment":[{"href":"https:\/\/stone-phoenix.com\/fr\/wp-json\/wp\/v2\/media?parent=21597"}],"wp:term":[{"taxonomy":"product_cat","embeddable":true,"href":"https:\/\/stone-phoenix.com\/fr\/wp-json\/wp\/v2\/product_cat?post=21597"},{"taxonomy":"product_tag","embeddable":true,"href":"https:\/\/stone-phoenix.com\/fr\/wp-json\/wp\/v2\/product_tag?post=21597"}],"curies":[{"name":"wp","href":"https:\/\/api.w.org\/{rel}","templated":true}]}}