{"id":21613,"date":"2023-12-29T21:22:29","date_gmt":"2023-12-29T13:22:29","guid":{"rendered":"http:\/\/stone-phoenix.com\/product\/crema-marfil-marble-slab-price"},"modified":"2024-03-25T10:16:12","modified_gmt":"2024-03-25T02:16:12","slug":"crema-marfil-marble-slab-price","status":"publish","type":"product","link":"https:\/\/stone-phoenix.com\/fr\/produit\/crema-marfil-marble-slab-price","title":{"rendered":"Prix de la dalle de marbre Crema Marfil"},"content":{"rendered":"<div id=\"tab-description\" class=\"woocommerce-Tabs-panel woocommerce-Tabs-panel--description panel entry-content wc-tab\" role=\"tabpanel\" aria-labelledby=\"tab-title-description\">\n<h2 style=\"text-align: center;\"><span style=\"font-size: 18px;\">Carreaux de marbre italien beige Crema Marfil ,prix des carreaux de marbre en malaisie<br \/>\n<\/span><\/h2>\n<p>Le marbre Crema Marfil est l'un des marbres les plus polyvalents et les plus connus au monde. Ce marbre a un aspect unique et tr\u00e8s pris\u00e9 qui peut \u00eatre utilis\u00e9 \u00e0 la fois pour des applications int\u00e9rieures et ext\u00e9rieures.Le produit est un classique et intemporel, un carreau de marbre doux avec une couleur de base blanc cr\u00e9meux qui est parfaitement \u00e0 l'aise dans les environnements traditionnels et modernes.C'est une couleur beige cr\u00e9meuse l\u00e9g\u00e8re avec une teinte rouge subtile. Le marbre Crema Marfil est un classique intemporel, parfait pour l'entr\u00e9e ou le comptoir de la cuisine. Le marbre Crema Marfil est un marbre color\u00e9, avec des couleurs fortes comme le noir et le marron, qui cr\u00e9ent un contraste attrayant. Il est recommand\u00e9 pour les sols, les escaliers et les chemin\u00e9es. C'est un marbre blanc riche et cr\u00e9meux avec un veinage moyen. Cette pierre intemporelle peut \u00eatre utilis\u00e9e pour ajouter des accents \u00e9l\u00e9gants dans votre maison ou votre bureau. Il s'agit d'un beau marbre avec un veinage brun subtil qui ajoute un attrait d\u00e9contract\u00e9 \u00e0 n'importe quel espace. La palette de couleurs cr\u00e8me est parfaite seule, ou peut \u00eatre associ\u00e9e \u00e0 d'autres couleurs de pierre et de mat\u00e9riaux.<\/p>\n<div id=\"ali-anchor-AliPostDhMb-6ydlg\" style=\"padding-top: 8px;\" data-section=\"AliPostDhMb-6ydlg\" data-section-title=\"Product Description\">\n<div id=\"ali-title-AliPostDhMb-6ydlg\" style=\"padding: 8px 0; border-bottom: 1px solid #ddd;\"><span style=\"background-color: #ddd; color: #333; font-weight: bold; padding: 8px 10px; line-height: 12px;\">Description du produit<\/span><\/div>\n<div style=\"padding: 10px 0;\">\n<table class=\"aliDataTable\" style=\"color: #000000; font-family: Arial; font-size: 12px; font-style: normal; font-weight: 400; background-color: #ffffff; width: 698px; height: 226px; border: 1px solid #b3b3b3;\">\n<tbody>\n<tr style=\"height: 19px;\">\n<td style=\"border: 1px solid #b3b3b3; width: 162px; height: 19px;\"><strong><span style=\"font-family: arial, helvetica, sans-serif; font-size: 14px;\">Nom du produit :<\/span><\/strong><\/td>\n<td style=\"border: 1px solid #b3b3b3; width: 545px; height: 19px;\">\n<h2 style=\"font-weight: bold; line-height: 1; font-size: 1.5em; margin: 0.75em 0px; color: #000000; font-family: Arial; font-style: normal; text-align: center;\"><strong><span style=\"line-height: 27px; font-size: 12px;\">Carreaux de marbre italien beige Crema Marfil ,prix des carreaux de marbre en malaisie<\/span><\/strong><\/h2>\n<\/td>\n<\/tr>\n<tr style=\"height: 21px;\">\n<td style=\"border: 1px solid #b3b3b3; width: 162px; height: 21px;\"><strong><span style=\"font-family: arial, helvetica, sans-serif; font-size: 14px;\">Mat\u00e9riau :<\/span><\/strong><\/td>\n<td style=\"border: 1px solid #b3b3b3; width: 545px; height: 21px;\"><span style=\"font-family: arial, helvetica, sans-serif; font-size: 14px;\">Marbre<\/span><\/td>\n<\/tr>\n<tr style=\"height: 21px;\">\n<td style=\"border: 1px solid #b3b3b3; width: 162px; height: 21px;\"><strong><span style=\"font-family: arial, helvetica, sans-serif; font-size: 14px;\">Couleur :<\/span><\/strong><\/td>\n<td style=\"border: 1px solid #b3b3b3; width: 545px; height: 21px;\"><span style=\"font-family: arial, helvetica, sans-serif; font-size: 14px;\">Blanc, beige, noir, marron, gris, rouge, vert, bleu, etc.<\/span><\/td>\n<\/tr>\n<tr style=\"height: 63px;\">\n<td style=\"border: 1px solid #b3b3b3; width: 162px; height: 126px;\" rowspan=\"3\"><strong><span style=\"font-family: arial, helvetica, sans-serif; font-size: 14px;\">Taille :<\/span><\/strong><\/td>\n<td style=\"border: 1px solid #b3b3b3; width: 545px; height: 63px;\"><span style=\"font-family: arial, helvetica, sans-serif; font-size: 14px;\"><span style=\"text-decoration: underline;\">Carreaux disponibles<\/span> <\/span><br \/>\n<span style=\"font-family: arial, helvetica, sans-serif; font-size: 14px;\">12\u2032 X 12\u2033,24\u2032 X 24\u2033,12\u2032 X 24\u2033,etc 300x300mm,300x600mm,400x400mm,600x600mm,600\u00d71200,800\u00d7800,etc<\/span><\/td>\n<\/tr>\n<tr style=\"height: 42px;\">\n<td style=\"border: 1px solid #b3b3b3; width: 545px; height: 42px;\"><span style=\"font-family: arial, helvetica, sans-serif; font-size: 14px;\"><span style=\"text-decoration: underline;\">Grandes dalles disponibles<\/span>\u00a0 \u00a0 \u00a0 \u00a0 \u00a0 \u00a0 \u00a0 \u00a0 \u00a0 \u00a0 \u00a0 \u00a0 \u00a0 \u00a0 \u00a0 \u00a0 \u00a0 \u00a0 \u00a0 \u00a0 \u00a0 \u00a0 \u00a0 \u00a0 \u00a0 \u00a0 \u00a0 \u00a0 \u00a0 \u00a0 \u00a0 \u00a0 \u00a0 \u00a0 \u00a0 \u00a0 \u00a0 \u00a0 \u00a0 \u00a0 \u00a0 \u00a0 \u00a0 \u00a0 \u00a0 \u00a0 \u00a0 \u00a0 \u00a0 \u00a0 \u00a0 \u00a0 \u00a0 240cmUpx120UP<\/span><\/td>\n<\/tr>\n<tr style=\"height: 21px;\">\n<td style=\"border: 1px solid #b3b3b3; width: 545px; height: 21px;\"><span style=\"font-family: arial, helvetica, sans-serif; font-size: 14px;\">Des sp\u00e9cifications personnalis\u00e9es sont disponibles<\/span><\/td>\n<\/tr>\n<tr style=\"height: 21px;\">\n<td style=\"border: 1px solid #b3b3b3; width: 162px; height: 21px;\"><strong><span style=\"font-family: arial, helvetica, sans-serif; font-size: 14px;\">Tol\u00e9rance d'\u00e9paisseur :<\/span><\/strong><\/td>\n<td style=\"border: 1px solid #b3b3b3; width: 545px; height: 21px;\"><span style=\"font-size: 14px; font-family: arial, helvetica, sans-serif;\">\u00b10,05mm, \u00b11mm, \u00b11,5mm, \u00b12mm, selon les exigences de qualit\u00e9 du client<\/span><\/td>\n<\/tr>\n<tr style=\"height: 42px;\">\n<td style=\"border: 1px solid #b3b3b3; width: 162px; height: 42px;\"><strong><span style=\"font-family: arial, helvetica, sans-serif; font-size: 14px;\">Surface :<\/span><\/strong><\/td>\n<td style=\"border: 1px solid #b3b3b3; width: 545px; height: 42px;\"><span style=\"font-size: 14px; font-family: arial, helvetica, sans-serif;\">Poli, adouci, assorti au livre, antique, rainur\u00e9, bross\u00e9, d\u00e9cap\u00e9, sabl\u00e9, jet d'eau, etc.<\/span><\/td>\n<\/tr>\n<tr style=\"height: 21px;\">\n<td style=\"border: 1px solid #b3b3b3; width: 162px; height: 21px;\"><strong><span style=\"font-family: arial, helvetica, sans-serif; font-size: 14px;\">Emballage :<\/span><\/strong><\/td>\n<td style=\"border: 1px solid #b3b3b3; width: 545px; height: 21px;\"><span style=\"font-family: arial, helvetica, sans-serif; font-size: 14px;\"> Fardeaux et caisses en bois en \u00e9tat de navigabilit\u00e9<\/span><\/td>\n<\/tr>\n<tr style=\"height: 21px;\">\n<td style=\"border: 1px solid #b3b3b3; width: 162px; height: 21px;\"><strong><span style=\"font-family: arial, helvetica, sans-serif; font-size: 14px;\">Application :<\/span><\/strong><\/td>\n<td style=\"border: 1px solid #b3b3b3; width: 545px; height: 21px;\"><span style=\"font-family: arial, helvetica, sans-serif; font-size: 14px;\">Mur int\u00e9rieur, sol, plinthe, mur de fond, comptoir, escalier, etc.<\/span><\/td>\n<\/tr>\n<tr style=\"height: 21px;\">\n<td style=\"border: 1px solid #b3b3b3; width: 162px; height: 21px;\"><strong><span style=\"font-family: arial, helvetica, sans-serif; font-size: 14px;\">D\u00e9lai de livraison :<\/span><\/strong><\/td>\n<td style=\"border: 1px solid #b3b3b3; width: 545px; height: 21px;\"><span style=\"font-family: arial, helvetica, sans-serif; font-size: 14px;\"> 15-20 jours pour les tailles normales<\/span><\/td>\n<\/tr>\n<tr style=\"height: 21px;\">\n<td style=\"border: 1px solid #b3b3b3; width: 162px; height: 21px;\"><strong><span style=\"font-family: arial, helvetica, sans-serif; font-size: 14px;\">Certificat :<\/span><\/strong><\/td>\n<td style=\"border: 1px solid #b3b3b3; width: 545px; height: 21px;\"><span style=\"font-family: arial, helvetica, sans-serif; font-size: 14px;\">CE, SGS<\/span><\/td>\n<\/tr>\n<tr style=\"height: 21px;\">\n<td style=\"border: 1px solid #b3b3b3; width: 162px; height: 21px;\"><strong><span style=\"font-family: arial, helvetica, sans-serif; font-size: 14px;\">Conditions de paiement :<\/span><\/strong><\/td>\n<td style=\"border: 1px solid #b3b3b3; width: 545px; height: 21px;\"><span style=\"font-family: arial, helvetica, sans-serif; font-size: 14px;\">T\/T, L\/C, D\/P<\/span><\/td>\n<\/tr>\n<tr style=\"height: 63px;\">\n<td style=\"border: 1px solid #b3b3b3; width: 162px; height: 63px;\"><strong><span style=\"font-family: arial, helvetica, sans-serif; font-size: 14px;\">Avantage :<\/span><\/strong><\/td>\n<td style=\"border: 1px solid #b3b3b3; width: 545px; height: 63px;\"><span style=\"font-family: arial, helvetica, sans-serif; font-size: 14px;\">1) Service unique pour la pierre ;<\/span><\/p>\n<p><span style=\"font-family: arial, helvetica, sans-serif; font-size: 14px;\">2) Poss\u00e9der 3 carri\u00e8res et 9 usines ;<\/span><\/p>\n<p><span style=\"font-family: arial, helvetica, sans-serif; font-size: 14px;\">3) Des supports technologiques de pointe.<\/span><\/td>\n<\/tr>\n<tr style=\"height: 63px;\">\n<td style=\"border: 1px solid #b3b3b3; width: 162px; height: 63px;\"><strong><span style=\"font-family: arial, helvetica, sans-serif; font-size: 14px;\">Assurance de la qualit\u00e9 et de la livraison :\u00a0<\/span><\/strong><\/td>\n<td style=\"border: 1px solid #b3b3b3; width: 545px; height: 63px;\"><span style=\"font-family: arial, helvetica, sans-serif; font-size: 14px;\">Tout au long du processus de production, du choix des mat\u00e9riaux \u00e0 l'emballage en passant par la fabrication, notre service de contr\u00f4le de la qualit\u00e9 contr\u00f4le rigoureusement chaque pi\u00e8ce et chaque processus afin de garantir le respect des normes de qualit\u00e9 et le respect des d\u00e9lais de livraison.<\/span><\/td>\n<\/tr>\n<\/tbody>\n<\/table>\n<\/div>\n<\/div>\n<div id=\"ali-anchor-AliPostDhMb-emkql\" style=\"padding-top: 8px;\" data-section=\"AliPostDhMb-emkql\" data-section-title=\"FAQ\">\n<div style=\"padding: 10px 0;\">\n<h2><\/h2>\n<h2 style=\"text-align: center;\"><\/h2>\n<h2 style=\"text-align: center;\"><span style=\"font-size: 18px;\"><img loading=\"lazy\" decoding=\"async\" class=\"alignnone  wp-image-25987\" src=\"http:\/\/stone-phoenix.com\/wp-content\/uploads\/2023\/12\/Crema-Marfil-Marble-Slab-Price-6-1.jpg\" alt=\"\" width=\"780\" height=\"618\" srcset=\"https:\/\/stone-phoenix.com\/wp-content\/uploads\/2023\/12\/Crema-Marfil-Marble-Slab-Price-6-1.jpg 693w, https:\/\/stone-phoenix.com\/wp-content\/uploads\/2023\/12\/Crema-Marfil-Marble-Slab-Price-6-1-300x238.jpg 300w, https:\/\/stone-phoenix.com\/wp-content\/uploads\/2023\/12\/Crema-Marfil-Marble-Slab-Price-6-1-15x12.jpg 15w, https:\/\/stone-phoenix.com\/wp-content\/uploads\/2023\/12\/Crema-Marfil-Marble-Slab-Price-6-1-600x475.jpg 600w, https:\/\/stone-phoenix.com\/wp-content\/uploads\/2023\/12\/Crema-Marfil-Marble-Slab-Price-6-1-150x119.jpg 150w\" sizes=\"(max-width: 780px) 100vw, 780px\" \/><img loading=\"lazy\" decoding=\"async\" class=\"alignnone  wp-image-25988\" src=\"http:\/\/stone-phoenix.com\/wp-content\/uploads\/2023\/12\/Crema-Marfil-Marble-Slab-Price-7.jpg\" alt=\"\" width=\"780\" height=\"973\" srcset=\"https:\/\/stone-phoenix.com\/wp-content\/uploads\/2023\/12\/Crema-Marfil-Marble-Slab-Price-7.jpg 840w, https:\/\/stone-phoenix.com\/wp-content\/uploads\/2023\/12\/Crema-Marfil-Marble-Slab-Price-7-240x300.jpg 240w, https:\/\/stone-phoenix.com\/wp-content\/uploads\/2023\/12\/Crema-Marfil-Marble-Slab-Price-7-821x1024.jpg 821w, https:\/\/stone-phoenix.com\/wp-content\/uploads\/2023\/12\/Crema-Marfil-Marble-Slab-Price-7-768x958.jpg 768w, https:\/\/stone-phoenix.com\/wp-content\/uploads\/2023\/12\/Crema-Marfil-Marble-Slab-Price-7-10x12.jpg 10w, https:\/\/stone-phoenix.com\/wp-content\/uploads\/2023\/12\/Crema-Marfil-Marble-Slab-Price-7-600x749.jpg 600w, https:\/\/stone-phoenix.com\/wp-content\/uploads\/2023\/12\/Crema-Marfil-Marble-Slab-Price-7-150x187.jpg 150w\" sizes=\"(max-width: 780px) 100vw, 780px\" \/><img loading=\"lazy\" decoding=\"async\" class=\"alignnone  wp-image-25989\" src=\"http:\/\/stone-phoenix.com\/wp-content\/uploads\/2023\/12\/Crema-Marfil-Marble-Slab-Price-8.jpg\" alt=\"\" width=\"780\" height=\"1000\" srcset=\"https:\/\/stone-phoenix.com\/wp-content\/uploads\/2023\/12\/Crema-Marfil-Marble-Slab-Price-8.jpg 775w, https:\/\/stone-phoenix.com\/wp-content\/uploads\/2023\/12\/Crema-Marfil-Marble-Slab-Price-8-234x300.jpg 234w, https:\/\/stone-phoenix.com\/wp-content\/uploads\/2023\/12\/Crema-Marfil-Marble-Slab-Price-8-768x985.jpg 768w, https:\/\/stone-phoenix.com\/wp-content\/uploads\/2023\/12\/Crema-Marfil-Marble-Slab-Price-8-9x12.jpg 9w, https:\/\/stone-phoenix.com\/wp-content\/uploads\/2023\/12\/Crema-Marfil-Marble-Slab-Price-8-600x770.jpg 600w, https:\/\/stone-phoenix.com\/wp-content\/uploads\/2023\/12\/Crema-Marfil-Marble-Slab-Price-8-150x192.jpg 150w\" sizes=\"(max-width: 780px) 100vw, 780px\" \/><\/span><\/h2>\n<\/div>\n<\/div>\n<\/div>","protected":false},"excerpt":{"rendered":"<p>Italian Beige Crema Marfil Tile Marble ,marble tiles price malaysia Crema Marfil Marble is one of the most versatile and<\/p>","protected":false},"featured_media":25980,"template":"","meta":[],"product_cat":[113],"product_tag":[],"_links":{"self":[{"href":"https:\/\/stone-phoenix.com\/fr\/wp-json\/wp\/v2\/product\/21613"}],"collection":[{"href":"https:\/\/stone-phoenix.com\/fr\/wp-json\/wp\/v2\/product"}],"about":[{"href":"https:\/\/stone-phoenix.com\/fr\/wp-json\/wp\/v2\/types\/product"}],"wp:featuredmedia":[{"embeddable":true,"href":"https:\/\/stone-phoenix.com\/fr\/wp-json\/wp\/v2\/media\/25980"}],"wp:attachment":[{"href":"https:\/\/stone-phoenix.com\/fr\/wp-json\/wp\/v2\/media?parent=21613"}],"wp:term":[{"taxonomy":"product_cat","embeddable":true,"href":"https:\/\/stone-phoenix.com\/fr\/wp-json\/wp\/v2\/product_cat?post=21613"},{"taxonomy":"product_tag","embeddable":true,"href":"https:\/\/stone-phoenix.com\/fr\/wp-json\/wp\/v2\/product_tag?post=21613"}],"curies":[{"name":"wp","href":"https:\/\/api.w.org\/{rel}","templated":true}]}}