{"id":21668,"date":"2023-12-29T21:25:37","date_gmt":"2023-12-29T13:25:37","guid":{"rendered":"http:\/\/stone-phoenix.com\/product\/golden-spider-marble-hot-selling-for"},"modified":"2024-03-24T22:06:46","modified_gmt":"2024-03-24T14:06:46","slug":"golden-spider-marble-hot-selling-for","status":"publish","type":"product","link":"https:\/\/stone-phoenix.com\/fr\/produit\/golden-spider-marble-hot-selling-for","title":{"rendered":"Marbre d'araign\u00e9e dor\u00e9 vendu \u00e0 prix d'or pour"},"content":{"rendered":"<div id=\"tab-description\" class=\"woocommerce-Tabs-panel woocommerce-Tabs-panel--description panel entry-content wc-tab\" role=\"tabpanel\" aria-labelledby=\"tab-title-description\">\n<h2 style=\"text-align: center;\">Marbre araign\u00e9e dor\u00e9<\/h2>\n<p>Le marbre Golden Spider est un marbre rare et pr\u00e9cieux provenant de Chine. On le trouve dans la province chinoise du Yunnan, o\u00f9 il a \u00e9t\u00e9 d\u00e9couvert dans la montagne Wuliang. En raison de sa raret\u00e9, il est consid\u00e9r\u00e9 comme l'un des marbres les plus pr\u00e9cieux au monde. Il s'agit d'un produit fabriqu\u00e9 \u00e0 partir de mat\u00e9riaux de la plus haute qualit\u00e9, y compris un marbre de haute qualit\u00e9. La taille g\u00e9n\u00e9reuse de cette bille la rend tout \u00e0 fait adapt\u00e9e au tennis de table ou m\u00eame aux jeux de casino. Jouez avec vos amis et votre famille ! La pierre marbri\u00e8re Golden Spider est une sorte de marbre expressif et unique. Sa couleur dor\u00e9e brillante et magnifique la rend tr\u00e8s attrayante et pleine d'\u00e9nergie. Ce produit porte chance. Utilisez-le dans l'arri\u00e8re-cour, dans votre jardin, sur le patio ou partout o\u00f9 vous voulez ajouter de la couleur et de la vie. Il convient aussi bien \u00e0 l'int\u00e9rieur qu'\u00e0 l'ext\u00e9rieur. Vous pouvez faire toutes sortes de belles choses avec ces billes ; elles sont l'ajout parfait \u00e0 n'importe quelle pi\u00e8ce qui a besoin d'une retouche rapide.Elles sont extr\u00eamement rares et tr\u00e8s populaires en raison de leur couleur dor\u00e9e brillante. Elles ont une surface lisse et dor\u00e9e, des lignes dor\u00e9es \u00e9paisses comme un crayon et un centre en verre cristallin.<\/p>\n<div id=\"ali-anchor-AliPostDhMb-qkngg\" style=\"padding-top: 8px;\" data-section=\"AliPostDhMb-qkngg\" data-section-title=\"Product Description\">\n<div id=\"ali-title-AliPostDhMb-qkngg\" style=\"padding: 8px 0; border-bottom: 1px solid #ddd;\"><span style=\"background-color: #ddd; color: #333; font-weight: bold; padding: 8px 10px; line-height: 12px;\">Description du produit<\/span><\/div>\n<div style=\"padding: 10px 0;\">\n<table class=\"aliDataTable\" style=\"color: #000000; font-family: Arial; font-size: 12px; font-style: normal; font-weight: 400; background-color: #ffffff; width: 746.066px; height: 226px; border: 1px solid #b3b3b3;\">\n<tbody>\n<tr style=\"height: 21px;\">\n<td style=\"border: 1px solid #b3b3b3; width: 162px;\"><strong><span style=\"font-family: arial, helvetica, sans-serif; font-size: 14px;\">Nom du produit :<\/span><\/strong><\/td>\n<td style=\"border: 1px solid #b3b3b3; width: 595.066px;\"><span style=\"font-family: arial, helvetica, sans-serif;\"><span style=\"font-size: 14px;\">Marbre araign\u00e9e dor\u00e9<\/span><\/span><\/td>\n<\/tr>\n<tr style=\"height: 21px;\">\n<td style=\"border: 1px solid #b3b3b3; width: 162px;\"><strong><span style=\"font-family: arial, helvetica, sans-serif; font-size: 14px;\">Mat\u00e9riau :<\/span><\/strong><\/td>\n<td style=\"border: 1px solid #b3b3b3; width: 595.066px;\"><span style=\"font-family: arial, helvetica, sans-serif;\"><span style=\"font-size: 14px;\">Marbre araign\u00e9e dor\u00e9<\/span><\/span><\/td>\n<\/tr>\n<tr style=\"height: 21px;\">\n<td style=\"border: 1px solid #b3b3b3; width: 162px;\"><strong><span style=\"font-family: arial, helvetica, sans-serif; font-size: 14px;\">Couleur :<\/span><\/strong><\/td>\n<td style=\"border: 1px solid #b3b3b3; width: 595.066px;\"><span style=\"font-family: arial, helvetica, sans-serif; font-size: 14px;\">Blanc, beige, noir, marron, gris, rouge, vert, bleu, etc.<\/span><\/td>\n<\/tr>\n<tr style=\"height: 21px;\">\n<td style=\"border: 1px solid #b3b3b3; width: 162px;\" rowspan=\"3\"><strong><span style=\"font-family: arial, helvetica, sans-serif; font-size: 14px;\">Taille :<\/span><\/strong><\/td>\n<td style=\"border: 1px solid #b3b3b3; width: 595.066px;\"><span style=\"font-family: arial, helvetica, sans-serif; font-size: 14px;\"><span style=\"text-decoration: underline;\">Carreaux disponibles<\/span> <\/span><br \/>\n<span style=\"font-family: arial, helvetica, sans-serif; font-size: 14px;\">12\u2032 X 12\u2033,24\u2032 X 24\u2033,12\u2032 X 24\u2033,etc 300x300mm,300x600mm,400x400mm,600x600mm,600\u00d71200,800\u00d7800,etc<\/span><\/td>\n<\/tr>\n<tr style=\"height: 21px;\">\n<td style=\"border: 1px solid #b3b3b3; width: 595.066px;\"><span style=\"font-family: arial, helvetica, sans-serif; font-size: 14px;\"><span style=\"text-decoration: underline;\">Grandes dalles disponibles<\/span>\u00a0 \u00a0 \u00a0 \u00a0 \u00a0 \u00a0 \u00a0 \u00a0 \u00a0 \u00a0 \u00a0 \u00a0 \u00a0 \u00a0 \u00a0 \u00a0 \u00a0 \u00a0 \u00a0 \u00a0 \u00a0 \u00a0 \u00a0 \u00a0 \u00a0 \u00a0 \u00a0 \u00a0 \u00a0 \u00a0 \u00a0 \u00a0 \u00a0 \u00a0 \u00a0 \u00a0 \u00a0 \u00a0 \u00a0 \u00a0 \u00a0 \u00a0 \u00a0 \u00a0 \u00a0 \u00a0 \u00a0 \u00a0 \u00a0 \u00a0 \u00a0 \u00a0 \u00a0 240cmUpx120UP<\/span><\/td>\n<\/tr>\n<tr style=\"height: 21px;\">\n<td style=\"border: 1px solid #b3b3b3; width: 595.066px;\"><span style=\"font-family: arial, helvetica, sans-serif; font-size: 14px;\">Des sp\u00e9cifications personnalis\u00e9es sont disponibles<\/span><\/td>\n<\/tr>\n<tr style=\"height: 21px;\">\n<td style=\"border: 1px solid #b3b3b3; width: 162px;\"><strong><span style=\"font-family: arial, helvetica, sans-serif; font-size: 14px;\">Tol\u00e9rance d'\u00e9paisseur :<\/span><\/strong><\/td>\n<td style=\"border: 1px solid #b3b3b3; width: 595.066px;\"><span style=\"font-size: 14px; font-family: arial, helvetica, sans-serif;\">\u00b10,05mm, \u00b11mm, \u00b11,5mm, \u00b12mm, selon les exigences de qualit\u00e9 du client<\/span><\/td>\n<\/tr>\n<tr style=\"height: 21px;\">\n<td style=\"border: 1px solid #b3b3b3; width: 162px;\"><strong><span style=\"font-family: arial, helvetica, sans-serif; font-size: 14px;\">Surface :<\/span><\/strong><\/td>\n<td style=\"border: 1px solid #b3b3b3; width: 595.066px;\"><span style=\"font-size: 14px; font-family: arial, helvetica, sans-serif;\">Poli, adouci, assorti au livre, antique, rainur\u00e9, bross\u00e9, d\u00e9cap\u00e9, sabl\u00e9, jet d'eau, etc.<\/span><\/td>\n<\/tr>\n<tr style=\"height: auto;\">\n<td style=\"border: 1px solid #b3b3b3; width: 162px;\"><strong><span style=\"font-family: arial, helvetica, sans-serif; font-size: 14px;\">Emballage :<\/span><\/strong><\/td>\n<td style=\"border: 1px solid #b3b3b3; width: 595.066px;\"><span style=\"font-family: arial, helvetica, sans-serif; font-size: 14px;\"> Fardeaux et caisses en bois en \u00e9tat de navigabilit\u00e9<\/span><\/td>\n<\/tr>\n<tr style=\"height: 21px;\">\n<td style=\"border: 1px solid #b3b3b3; width: 162px;\"><strong><span style=\"font-family: arial, helvetica, sans-serif; font-size: 14px;\">Application :<\/span><\/strong><\/td>\n<td style=\"border: 1px solid #b3b3b3; width: 595.066px;\"><span style=\"font-family: arial, helvetica, sans-serif; font-size: 14px;\">Mur int\u00e9rieur, sol, plinthe, mur de fond, comptoir, escalier, etc.<\/span><\/td>\n<\/tr>\n<tr style=\"height: 21px;\">\n<td style=\"border: 1px solid #b3b3b3; width: 162px;\"><strong><span style=\"font-family: arial, helvetica, sans-serif; font-size: 14px;\">D\u00e9lai de livraison :<\/span><\/strong><\/td>\n<td style=\"border: 1px solid #b3b3b3; width: 595.066px;\"><span style=\"font-family: arial, helvetica, sans-serif; font-size: 14px;\"> 15-20 jours pour les tailles normales<\/span><\/td>\n<\/tr>\n<tr style=\"height: 21px;\">\n<td style=\"border: 1px solid #b3b3b3; width: 162px;\"><strong><span style=\"font-family: arial, helvetica, sans-serif; font-size: 14px;\">Certificat :<\/span><\/strong><\/td>\n<td style=\"border: 1px solid #b3b3b3; width: 595.066px;\"><span style=\"font-family: arial, helvetica, sans-serif; font-size: 14px;\">CE, SGS<\/span><\/td>\n<\/tr>\n<tr style=\"height: 21px;\">\n<td style=\"border: 1px solid #b3b3b3; width: 162px;\"><strong><span style=\"font-family: arial, helvetica, sans-serif; font-size: 14px;\">Conditions de paiement :<\/span><\/strong><\/td>\n<td style=\"border: 1px solid #b3b3b3; width: 595.066px;\"><span style=\"font-family: arial, helvetica, sans-serif; font-size: 14px;\">T\/T, L\/C, D\/P<\/span><\/td>\n<\/tr>\n<tr style=\"height: 42px;\">\n<td style=\"border: 1px solid #b3b3b3; width: 162px;\"><strong><span style=\"font-family: arial, helvetica, sans-serif; font-size: 14px;\">Avantage :<\/span><\/strong><\/td>\n<td style=\"border: 1px solid #b3b3b3; width: 595.066px;\"><span style=\"font-family: arial, helvetica, sans-serif; font-size: 14px;\">1) Service unique pour la pierre ;<\/span><\/p>\n<p><span style=\"font-family: arial, helvetica, sans-serif; font-size: 14px;\">2) Poss\u00e9der 3 carri\u00e8res et 9 usines ;<\/span><\/p>\n<p><span style=\"font-family: arial, helvetica, sans-serif; font-size: 14px;\">3) Des supports technologiques de pointe.<\/span><\/td>\n<\/tr>\n<tr style=\"height: 42px;\">\n<td style=\"border: 1px solid #b3b3b3; width: 162px;\"><strong><span style=\"font-family: arial, helvetica, sans-serif; font-size: 14px;\">Assurance de la qualit\u00e9 et de la livraison :\u00a0<\/span><\/strong><\/td>\n<td style=\"border: 1px solid #b3b3b3; width: 595.066px;\"><span style=\"font-family: arial, helvetica, sans-serif; font-size: 14px;\">Tout au long du processus de production, du choix des mat\u00e9riaux \u00e0 l'emballage en passant par la fabrication, notre service de contr\u00f4le de la qualit\u00e9 contr\u00f4le rigoureusement chaque pi\u00e8ce et chaque processus afin de garantir le respect des normes de qualit\u00e9 et le respect des d\u00e9lais de livraison.<\/span><\/td>\n<\/tr>\n<\/tbody>\n<\/table>\n<p><img loading=\"lazy\" decoding=\"async\" class=\"alignnone size-full wp-image-25944\" src=\"http:\/\/stone-phoenix.com\/wp-content\/uploads\/2023\/12\/Golden-Spider-Marble-Hot-Selling-For-5.jpg\" alt=\"\" width=\"1116\" height=\"921\" srcset=\"https:\/\/stone-phoenix.com\/wp-content\/uploads\/2023\/12\/Golden-Spider-Marble-Hot-Selling-For-5.jpg 1116w, https:\/\/stone-phoenix.com\/wp-content\/uploads\/2023\/12\/Golden-Spider-Marble-Hot-Selling-For-5-300x248.jpg 300w, https:\/\/stone-phoenix.com\/wp-content\/uploads\/2023\/12\/Golden-Spider-Marble-Hot-Selling-For-5-1024x845.jpg 1024w, https:\/\/stone-phoenix.com\/wp-content\/uploads\/2023\/12\/Golden-Spider-Marble-Hot-Selling-For-5-768x634.jpg 768w, https:\/\/stone-phoenix.com\/wp-content\/uploads\/2023\/12\/Golden-Spider-Marble-Hot-Selling-For-5-15x12.jpg 15w, https:\/\/stone-phoenix.com\/wp-content\/uploads\/2023\/12\/Golden-Spider-Marble-Hot-Selling-For-5-600x495.jpg 600w, https:\/\/stone-phoenix.com\/wp-content\/uploads\/2023\/12\/Golden-Spider-Marble-Hot-Selling-For-5-150x124.jpg 150w\" sizes=\"(max-width: 1116px) 100vw, 1116px\" \/><img loading=\"lazy\" decoding=\"async\" class=\"alignnone size-full wp-image-25945\" src=\"http:\/\/stone-phoenix.com\/wp-content\/uploads\/2023\/12\/Golden-Spider-Marble-Hot-Selling-For-6.jpg\" alt=\"\" width=\"1114\" height=\"1095\" srcset=\"https:\/\/stone-phoenix.com\/wp-content\/uploads\/2023\/12\/Golden-Spider-Marble-Hot-Selling-For-6.jpg 1114w, https:\/\/stone-phoenix.com\/wp-content\/uploads\/2023\/12\/Golden-Spider-Marble-Hot-Selling-For-6-300x295.jpg 300w, https:\/\/stone-phoenix.com\/wp-content\/uploads\/2023\/12\/Golden-Spider-Marble-Hot-Selling-For-6-1024x1007.jpg 1024w, https:\/\/stone-phoenix.com\/wp-content\/uploads\/2023\/12\/Golden-Spider-Marble-Hot-Selling-For-6-768x755.jpg 768w, https:\/\/stone-phoenix.com\/wp-content\/uploads\/2023\/12\/Golden-Spider-Marble-Hot-Selling-For-6-12x12.jpg 12w, https:\/\/stone-phoenix.com\/wp-content\/uploads\/2023\/12\/Golden-Spider-Marble-Hot-Selling-For-6-600x590.jpg 600w, https:\/\/stone-phoenix.com\/wp-content\/uploads\/2023\/12\/Golden-Spider-Marble-Hot-Selling-For-6-150x147.jpg 150w\" sizes=\"(max-width: 1114px) 100vw, 1114px\" \/><img loading=\"lazy\" decoding=\"async\" class=\"alignnone size-full wp-image-25946\" src=\"http:\/\/stone-phoenix.com\/wp-content\/uploads\/2023\/12\/Golden-Spider-Marble-Hot-Selling-For-7.jpg\" alt=\"\" width=\"1110\" height=\"795\" srcset=\"https:\/\/stone-phoenix.com\/wp-content\/uploads\/2023\/12\/Golden-Spider-Marble-Hot-Selling-For-7.jpg 1110w, https:\/\/stone-phoenix.com\/wp-content\/uploads\/2023\/12\/Golden-Spider-Marble-Hot-Selling-For-7-300x215.jpg 300w, https:\/\/stone-phoenix.com\/wp-content\/uploads\/2023\/12\/Golden-Spider-Marble-Hot-Selling-For-7-1024x733.jpg 1024w, https:\/\/stone-phoenix.com\/wp-content\/uploads\/2023\/12\/Golden-Spider-Marble-Hot-Selling-For-7-768x550.jpg 768w, https:\/\/stone-phoenix.com\/wp-content\/uploads\/2023\/12\/Golden-Spider-Marble-Hot-Selling-For-7-18x12.jpg 18w, https:\/\/stone-phoenix.com\/wp-content\/uploads\/2023\/12\/Golden-Spider-Marble-Hot-Selling-For-7-600x430.jpg 600w, https:\/\/stone-phoenix.com\/wp-content\/uploads\/2023\/12\/Golden-Spider-Marble-Hot-Selling-For-7-150x107.jpg 150w\" sizes=\"(max-width: 1110px) 100vw, 1110px\" \/><\/p>\n<\/div>\n<\/div>\n<\/div>","protected":false},"excerpt":{"rendered":"<p>Golden spider marble Golden spider marble is a rare and prized marble from China. It is found in China\u2019s Yunnan<\/p>","protected":false},"featured_media":25939,"template":"","meta":[],"product_cat":[113],"product_tag":[],"_links":{"self":[{"href":"https:\/\/stone-phoenix.com\/fr\/wp-json\/wp\/v2\/product\/21668"}],"collection":[{"href":"https:\/\/stone-phoenix.com\/fr\/wp-json\/wp\/v2\/product"}],"about":[{"href":"https:\/\/stone-phoenix.com\/fr\/wp-json\/wp\/v2\/types\/product"}],"wp:featuredmedia":[{"embeddable":true,"href":"https:\/\/stone-phoenix.com\/fr\/wp-json\/wp\/v2\/media\/25939"}],"wp:attachment":[{"href":"https:\/\/stone-phoenix.com\/fr\/wp-json\/wp\/v2\/media?parent=21668"}],"wp:term":[{"taxonomy":"product_cat","embeddable":true,"href":"https:\/\/stone-phoenix.com\/fr\/wp-json\/wp\/v2\/product_cat?post=21668"},{"taxonomy":"product_tag","embeddable":true,"href":"https:\/\/stone-phoenix.com\/fr\/wp-json\/wp\/v2\/product_tag?post=21668"}],"curies":[{"name":"wp","href":"https:\/\/api.w.org\/{rel}","templated":true}]}}