{"id":21674,"date":"2023-12-29T21:26:00","date_gmt":"2023-12-29T13:26:00","guid":{"rendered":"http:\/\/stone-phoenix.com\/product\/golden-wooden-marble-china-hot-sale"},"modified":"2024-03-24T21:52:54","modified_gmt":"2024-03-24T13:52:54","slug":"golden-wooden-marble-china-hot-sale","status":"publish","type":"product","link":"https:\/\/stone-phoenix.com\/fr\/produit\/golden-wooden-marble-china-hot-sale","title":{"rendered":"Marbre en bois dor\u00e9 China Hot Sale"},"content":{"rendered":"<div id=\"tab-description\" class=\"woocommerce-Tabs-panel woocommerce-Tabs-panel--description panel entry-content wc-tab\" role=\"tabpanel\" aria-labelledby=\"tab-title-description\">\n<div id=\"ali-anchor-AliPostDhMb-qkngg\" style=\"padding-top: 8px;\" data-section=\"AliPostDhMb-qkngg\" data-section-title=\"Product Description\">\n<h2 style=\"text-align: center;\">Marbre en bois dor\u00e9 China Hot Sale<\/h2>\n<div>\u00a0Le Golden Wooden Marble est fabriqu\u00e9 \u00e0 partir d'un marbre de haute qualit\u00e9 qui ne s'\u00e9caillera pas et ne se fissurera pas avec le temps, tout comme la pierre naturelle. Le r\u00e9sultat final est un beau produit de haute qualit\u00e9 qui r\u00e9sistera \u00e0 l'\u00e9preuve du temps.Notre Golden Wooden Marble est parfait pour une multitude d'utilisations. Placez-le dans l'entr\u00e9e, \u00e0 c\u00f4t\u00e9 de votre lit ou partout o\u00f9 vous appr\u00e9ciez son charme simple ! Le Golden Wooden Marble est un ajout magnifique \u00e0 toute maison. Ce marbre de haute qualit\u00e9 est sculpt\u00e9 de mani\u00e8re complexe dans du bois, ce qui en fait une pi\u00e8ce d'accent magnifique et accrocheuse.Ce magnifique Golden Marble ajoutera une touche classique et \u00e9l\u00e9gante \u00e0 votre d\u00e9cor. Ce magnifique marbre dor\u00e9 ajoutera une touche classique et \u00e9l\u00e9gante \u00e0 votre d\u00e9cor. Avec sa finition dor\u00e9e rayonnante, ce marbre se distingue et ne manquera pas d'impressionner vos invit\u00e9s.<\/div>\n<div><\/div>\n<div id=\"ali-title-AliPostDhMb-qkngg\" style=\"padding: 8px 0; border-bottom: 1px solid #ddd;\"><span style=\"background-color: #ddd; color: #333; font-weight: bold; padding: 8px 10px; line-height: 12px;\">Description du produit<\/span><\/div>\n<div style=\"padding: 10px 0;\">\n<table class=\"aliDataTable\" style=\"color: #000000; font-family: Arial; font-size: 12px; font-style: normal; font-weight: 400; background-color: #ffffff; width: 746.066px; height: 226px; border: 1px solid #b3b3b3;\">\n<tbody>\n<tr style=\"height: 21px;\">\n<td style=\"border: 1px solid #b3b3b3; width: 162px;\"><strong><span style=\"font-family: arial, helvetica, sans-serif; font-size: 14px;\">Nom du produit :<\/span><\/strong><\/td>\n<td style=\"border: 1px solid #b3b3b3; width: 595.066px;\">Chine Factory Direct new design Polished Wood Marble Yellow Wooden Marble for Floor<\/td>\n<\/tr>\n<tr style=\"height: 21px;\">\n<td style=\"border: 1px solid #b3b3b3; width: 162px;\"><strong><span style=\"font-family: arial, helvetica, sans-serif; font-size: 14px;\">Mat\u00e9riau :<\/span><\/strong><\/td>\n<td style=\"border: 1px solid #b3b3b3; width: 595.066px;\"><span style=\"font-family: arial, helvetica, sans-serif; font-size: 14px;\">Marbre<\/span><\/td>\n<\/tr>\n<tr style=\"height: 21px;\">\n<td style=\"border: 1px solid #b3b3b3; width: 162px;\"><strong><span style=\"font-family: arial, helvetica, sans-serif; font-size: 14px;\">Couleur :<\/span><\/strong><\/td>\n<td style=\"border: 1px solid #b3b3b3; width: 595.066px;\"><span style=\"font-family: arial, helvetica, sans-serif; font-size: 14px;\">Blanc, beige, noir, marron, gris, rouge, vert, bleu, etc.<\/span><\/td>\n<\/tr>\n<tr style=\"height: 21px;\">\n<td style=\"border: 1px solid #b3b3b3; width: 162px;\" rowspan=\"3\"><strong><span style=\"font-family: arial, helvetica, sans-serif; font-size: 14px;\">Taille :<\/span><\/strong><\/td>\n<td style=\"border: 1px solid #b3b3b3; width: 595.066px;\"><span style=\"font-family: arial, helvetica, sans-serif; font-size: 14px;\"><span style=\"text-decoration: underline;\">Carreaux disponibles<\/span> <\/span><br \/>\n<span style=\"font-family: arial, helvetica, sans-serif; font-size: 14px;\">12\u2032 X 12\u2033,24\u2032 X 24\u2033,12\u2032 X 24\u2033,etc 300x300mm,300x600mm,400x400mm,600x600mm,600\u00d71200,800\u00d7800,etc<\/span><\/td>\n<\/tr>\n<tr style=\"height: 21px;\">\n<td style=\"border: 1px solid #b3b3b3; width: 595.066px;\"><span style=\"font-family: arial, helvetica, sans-serif; font-size: 14px;\"><span style=\"text-decoration: underline;\">Grandes dalles disponibles<\/span>\u00a0 \u00a0 \u00a0 \u00a0 \u00a0 \u00a0 \u00a0 \u00a0 \u00a0 \u00a0 \u00a0 \u00a0 \u00a0 \u00a0 \u00a0 \u00a0 \u00a0 \u00a0 \u00a0 \u00a0 \u00a0 \u00a0 \u00a0 \u00a0 \u00a0 \u00a0 \u00a0 \u00a0 \u00a0 \u00a0 \u00a0 \u00a0 \u00a0 \u00a0 \u00a0 \u00a0 \u00a0 \u00a0 \u00a0 \u00a0 \u00a0 \u00a0 \u00a0 \u00a0 \u00a0 \u00a0 \u00a0 \u00a0 \u00a0 \u00a0 \u00a0 \u00a0 \u00a0 240cmUpx120UP<\/span><\/td>\n<\/tr>\n<tr style=\"height: 21px;\">\n<td style=\"border: 1px solid #b3b3b3; width: 595.066px;\"><span style=\"font-family: arial, helvetica, sans-serif; font-size: 14px;\">Des sp\u00e9cifications personnalis\u00e9es sont disponibles<\/span><\/td>\n<\/tr>\n<tr style=\"height: 21px;\">\n<td style=\"border: 1px solid #b3b3b3; width: 162px;\"><strong><span style=\"font-family: arial, helvetica, sans-serif; font-size: 14px;\">Tol\u00e9rance d'\u00e9paisseur :<\/span><\/strong><\/td>\n<td style=\"border: 1px solid #b3b3b3; width: 595.066px;\"><span style=\"font-size: 14px; font-family: arial, helvetica, sans-serif;\">\u00b10,05mm, \u00b11mm, \u00b11,5mm, \u00b12mm, selon les exigences de qualit\u00e9 du client<\/span><\/td>\n<\/tr>\n<tr style=\"height: 21px;\">\n<td style=\"border: 1px solid #b3b3b3; width: 162px;\"><strong><span style=\"font-family: arial, helvetica, sans-serif; font-size: 14px;\">Surface :<\/span><\/strong><\/td>\n<td style=\"border: 1px solid #b3b3b3; width: 595.066px;\"><span style=\"font-size: 14px; font-family: arial, helvetica, sans-serif;\">Poli, adouci, assorti au livre, antique, rainur\u00e9, bross\u00e9, d\u00e9cap\u00e9, sabl\u00e9, jet d'eau, etc.<\/span><\/td>\n<\/tr>\n<tr style=\"height: auto;\">\n<td style=\"border: 1px solid #b3b3b3; width: 162px;\"><strong><span style=\"font-family: arial, helvetica, sans-serif; font-size: 14px;\">Emballage :<\/span><\/strong><\/td>\n<td style=\"border: 1px solid #b3b3b3; width: 595.066px;\"><span style=\"font-family: arial, helvetica, sans-serif; font-size: 14px;\"> Fardeaux et caisses en bois en \u00e9tat de navigabilit\u00e9<\/span><\/td>\n<\/tr>\n<tr style=\"height: 21px;\">\n<td style=\"border: 1px solid #b3b3b3; width: 162px;\"><strong><span style=\"font-family: arial, helvetica, sans-serif; font-size: 14px;\">Application :<\/span><\/strong><\/td>\n<td style=\"border: 1px solid #b3b3b3; width: 595.066px;\"><span style=\"font-family: arial, helvetica, sans-serif; font-size: 14px;\">Mur int\u00e9rieur, sol, plinthe, mur de fond, comptoir, escalier, etc.<\/span><\/td>\n<\/tr>\n<tr style=\"height: 21px;\">\n<td style=\"border: 1px solid #b3b3b3; width: 162px;\"><strong><span style=\"font-family: arial, helvetica, sans-serif; font-size: 14px;\">D\u00e9lai de livraison :<\/span><\/strong><\/td>\n<td style=\"border: 1px solid #b3b3b3; width: 595.066px;\"><span style=\"font-family: arial, helvetica, sans-serif; font-size: 14px;\"> 15-20 jours pour les tailles normales<\/span><\/td>\n<\/tr>\n<tr style=\"height: 21px;\">\n<td style=\"border: 1px solid #b3b3b3; width: 162px;\"><strong><span style=\"font-family: arial, helvetica, sans-serif; font-size: 14px;\">Certificat :<\/span><\/strong><\/td>\n<td style=\"border: 1px solid #b3b3b3; width: 595.066px;\"><span style=\"font-family: arial, helvetica, sans-serif; font-size: 14px;\">CE, SGS<\/span><\/td>\n<\/tr>\n<tr style=\"height: 21px;\">\n<td style=\"border: 1px solid #b3b3b3; width: 162px;\"><strong><span style=\"font-family: arial, helvetica, sans-serif; font-size: 14px;\">Conditions de paiement :<\/span><\/strong><\/td>\n<td style=\"border: 1px solid #b3b3b3; width: 595.066px;\"><span style=\"font-family: arial, helvetica, sans-serif; font-size: 14px;\">T\/T, L\/C, D\/P<\/span><\/td>\n<\/tr>\n<tr style=\"height: 42px;\">\n<td style=\"border: 1px solid #b3b3b3; width: 162px;\"><strong><span style=\"font-family: arial, helvetica, sans-serif; font-size: 14px;\">Avantage :<\/span><\/strong><\/td>\n<td style=\"border: 1px solid #b3b3b3; width: 595.066px;\"><span style=\"font-family: arial, helvetica, sans-serif; font-size: 14px;\">1) Service unique pour la pierre ;<\/span><\/p>\n<p><span style=\"font-family: arial, helvetica, sans-serif; font-size: 14px;\">2) Poss\u00e9der 3 carri\u00e8res et 9 usines ;<\/span><\/p>\n<p><span style=\"font-family: arial, helvetica, sans-serif; font-size: 14px;\">3) Des supports technologiques de pointe.<\/span><\/td>\n<\/tr>\n<tr style=\"height: 42px;\">\n<td style=\"border: 1px solid #b3b3b3; width: 162px;\"><strong><span style=\"font-family: arial, helvetica, sans-serif; font-size: 14px;\">Assurance de la qualit\u00e9 et de la livraison :\u00a0<\/span><\/strong><\/td>\n<td style=\"border: 1px solid #b3b3b3; width: 595.066px;\"><span style=\"font-family: arial, helvetica, sans-serif; font-size: 14px;\">Tout au long du processus de production, du choix des mat\u00e9riaux \u00e0 l'emballage en passant par la fabrication, notre service de contr\u00f4le de la qualit\u00e9 contr\u00f4le rigoureusement chaque pi\u00e8ce et chaque processus afin de garantir le respect des normes de qualit\u00e9 et le respect des d\u00e9lais de livraison.<\/span><\/td>\n<\/tr>\n<\/tbody>\n<\/table>\n<p><img loading=\"lazy\" decoding=\"async\" class=\"alignnone wp-image-25937\" src=\"http:\/\/stone-phoenix.com\/wp-content\/uploads\/2023\/12\/Golden-Wooden-Marble-China-Hot-Sale-2.jpg\" alt=\"\" width=\"849\" height=\"615\" srcset=\"https:\/\/stone-phoenix.com\/wp-content\/uploads\/2023\/12\/Golden-Wooden-Marble-China-Hot-Sale-2.jpg 1123w, https:\/\/stone-phoenix.com\/wp-content\/uploads\/2023\/12\/Golden-Wooden-Marble-China-Hot-Sale-2-300x217.jpg 300w, https:\/\/stone-phoenix.com\/wp-content\/uploads\/2023\/12\/Golden-Wooden-Marble-China-Hot-Sale-2-1024x741.jpg 1024w, https:\/\/stone-phoenix.com\/wp-content\/uploads\/2023\/12\/Golden-Wooden-Marble-China-Hot-Sale-2-768x556.jpg 768w, https:\/\/stone-phoenix.com\/wp-content\/uploads\/2023\/12\/Golden-Wooden-Marble-China-Hot-Sale-2-18x12.jpg 18w, https:\/\/stone-phoenix.com\/wp-content\/uploads\/2023\/12\/Golden-Wooden-Marble-China-Hot-Sale-2-600x434.jpg 600w, https:\/\/stone-phoenix.com\/wp-content\/uploads\/2023\/12\/Golden-Wooden-Marble-China-Hot-Sale-2-150x109.jpg 150w\" sizes=\"(max-width: 849px) 100vw, 849px\" \/><\/p>\n<\/div>\n<\/div>\n<div id=\"ali-anchor-AliPostDhMb-hwase\" style=\"padding-top: 8px;\" data-section=\"AliPostDhMb-hwase\" data-section-title=\"Related Products\">\n<div id=\"ali-title-AliPostDhMb-hwase\" style=\"padding: 8px 0; border-bottom: 1px solid #ddd;\"><span style=\"background-color: #ddd; color: #333; font-weight: bold; padding: 8px 10px; line-height: 12px;\">Produits apparent\u00e9s<\/span><\/div>\n<div style=\"padding: 10px 0;\">\n<p><img loading=\"lazy\" decoding=\"async\" class=\"alignnone size-full wp-image-21677\" src=\"http:\/\/stone-phoenix.com\/wp-content\/uploads\/2023\/12\/1703885162.jpg\" width=\"750\" height=\"737\" srcset=\"https:\/\/stone-phoenix.com\/wp-content\/uploads\/2023\/12\/1703885162.jpg 750w, https:\/\/stone-phoenix.com\/wp-content\/uploads\/2023\/12\/1703885162-300x295.jpg 300w, https:\/\/stone-phoenix.com\/wp-content\/uploads\/2023\/12\/1703885162-12x12.jpg 12w, https:\/\/stone-phoenix.com\/wp-content\/uploads\/2023\/12\/1703885162-600x590.jpg 600w, https:\/\/stone-phoenix.com\/wp-content\/uploads\/2023\/12\/1703885162-150x147.jpg 150w\" sizes=\"(max-width: 750px) 100vw, 750px\" \/><\/p>\n<map name=\"jp0hoi2c\">\n<area coords=\"21,98,245,360\" shape=\"rect\" href=\"https:\/\/longtops.en.alibaba.com\/productgrouplist-807708453\/Black_Marble.html?spm=a2700.icbuShop.prup15aafb.5.5754158bA1wkpf\" target=\"_blank\" \/>\n<area coords=\"10,979,368,1213\" shape=\"rect\" href=\"https:\/\/longtops.en.alibaba.com\/productgrouplist-807797657\/Working_Drawing_and_Detail_Drawing.html?spm=a2700.icbuShop.prup15aafb.31.346257c6h5J2PJ\" target=\"_blank\" \/>\n<area coords=\"503,98,728,360\" shape=\"rect\" href=\"https:\/\/longtops.en.alibaba.com\/productgrouplist-807681422\/Grey_Marble.html?spm=a2700.icbuShop.prup15aafb.4.7cbc3126Hq1cRv\" target=\"_blank\" \/>\n<area coords=\"21,375,247,641\" shape=\"rect\" href=\"https:\/\/longtops.en.alibaba.com\/productgrouplist-807679027\/Beige_Marble.html?spm=a2700.icbuShop.prup15aafb.3.d4c773acipHUZl\" target=\"_blank\" \/>\n<area coords=\"263,376,487,640\" shape=\"rect\" href=\"https:\/\/longtops.en.alibaba.com\/productgrouplist-807787231\/Wooden_Marble.html?spm=a2700.icbuShop.prup15aafb.7.743d5668QxADhi\" target=\"_blank\" \/>\n<area coords=\"501,376,725,640\" shape=\"rect\" href=\"https:\/\/longtops.en.alibaba.com\/productgrouplist-805159428\/Onyx.html?spm=a2700.icbuShop.prup15aafb.9.6b075b78uJgOyH\" target=\"_blank\" \/>\n<area coords=\"264,96,487,359\" shape=\"rect\" href=\"https:\/\/longtops.en.alibaba.com\/productgrouplist-807681423\/White_Marble.html?spm=a2700.icbuShop.prup15aafb.2.41bf7fb9AV6ZkI\" target=\"_blank\" \/>\n<area coords=\"294,666,452,705\" shape=\"rect\" href=\"https:\/\/longtops.en.alibaba.com\/productgrouplist-805281181\/Interior_Material.html?spm=a2700.icbuShop.prup15aafb.1.29f87eefxGBxpC\" target=\"_blank\" \/> <\/map>\n<p><img loading=\"lazy\" decoding=\"async\" class=\"alignnone size-full wp-image-21678\" src=\"http:\/\/stone-phoenix.com\/wp-content\/uploads\/2023\/12\/1703885163.jpg\" width=\"750\" height=\"451\" srcset=\"https:\/\/stone-phoenix.com\/wp-content\/uploads\/2023\/12\/1703885163.jpg 750w, https:\/\/stone-phoenix.com\/wp-content\/uploads\/2023\/12\/1703885163-300x180.jpg 300w, https:\/\/stone-phoenix.com\/wp-content\/uploads\/2023\/12\/1703885163-18x12.jpg 18w, https:\/\/stone-phoenix.com\/wp-content\/uploads\/2023\/12\/1703885163-600x361.jpg 600w, https:\/\/stone-phoenix.com\/wp-content\/uploads\/2023\/12\/1703885163-150x90.jpg 150w\" sizes=\"(max-width: 750px) 100vw, 750px\" \/><\/p>\n<map name=\"jop1vy1l\">\n<area coords=\"11,143,187,403\" shape=\"rect\" href=\"https:\/\/longtops.en.alibaba.com\/productgrouplist-805281181\/Interior_Material.html?spm=a2700.icbuShop.prup15aafb.1.102c72f4r9xS94\" target=\"_blank\" \/>\n<area coords=\"194,142,373,405\" shape=\"rect\" href=\"https:\/\/longtops.en.alibaba.com\/productgrouplist-805261574\/Exterior_Material.html?spm=a2700.icbuShop.prup15aafb.10.1bd566f5fx5hr8\" target=\"_blank\" \/>\n<area coords=\"378,142,557,404\" shape=\"rect\" href=\"https:\/\/longtops.en.alibaba.com\/productgrouplist-805343849\/Customized_Material.html?spm=a2700.icbuShop.prup15aafb.21.424e71fe2JWtea\" target=\"_blank\" \/>\n<area coords=\"562,140,739,403\" shape=\"rect\" href=\"https:\/\/longtops.en.alibaba.com\/productgrouplist-807693332\/Design_and_Technology.html?spm=a2700.icbuShop.prup15aafb.29.5bf342c4ATPm7j\" target=\"_blank\" \/> <\/map>\n<\/div>\n<\/div>\n<div id=\"ali-anchor-AliPostDhMb-5273d\" style=\"padding-top: 8px;\" data-section=\"AliPostDhMb-5273d\" data-section-title=\"Project Display\">\n<div id=\"ali-title-AliPostDhMb-5273d\" style=\"padding: 8px 0; border-bottom: 1px solid #ddd;\"><span style=\"background-color: #ddd; color: #333; font-weight: bold; padding: 8px 10px; line-height: 12px;\">Affichage du projet<\/span><\/div>\n<div style=\"padding: 10px 0;\">\n<p><img loading=\"lazy\" decoding=\"async\" class=\"alignnone size-full wp-image-21679\" src=\"http:\/\/stone-phoenix.com\/wp-content\/uploads\/2023\/12\/1703885163-1.jpg\" width=\"750\" height=\"772\" srcset=\"https:\/\/stone-phoenix.com\/wp-content\/uploads\/2023\/12\/1703885163-1.jpg 750w, https:\/\/stone-phoenix.com\/wp-content\/uploads\/2023\/12\/1703885163-1-291x300.jpg 291w, https:\/\/stone-phoenix.com\/wp-content\/uploads\/2023\/12\/1703885163-1-12x12.jpg 12w, https:\/\/stone-phoenix.com\/wp-content\/uploads\/2023\/12\/1703885163-1-600x618.jpg 600w, https:\/\/stone-phoenix.com\/wp-content\/uploads\/2023\/12\/1703885163-1-150x154.jpg 150w\" sizes=\"(max-width: 750px) 100vw, 750px\" \/><\/p>\n<\/div>\n<\/div>\n<\/div>","protected":false},"excerpt":{"rendered":"<p>Golden Wooden Marble China Hot Sale \u00a0The Golden Wooden Marble is made of a high quality marble material that won\u2019t<\/p>","protected":false},"featured_media":25936,"template":"","meta":[],"product_cat":[113],"product_tag":[],"_links":{"self":[{"href":"https:\/\/stone-phoenix.com\/fr\/wp-json\/wp\/v2\/product\/21674"}],"collection":[{"href":"https:\/\/stone-phoenix.com\/fr\/wp-json\/wp\/v2\/product"}],"about":[{"href":"https:\/\/stone-phoenix.com\/fr\/wp-json\/wp\/v2\/types\/product"}],"wp:featuredmedia":[{"embeddable":true,"href":"https:\/\/stone-phoenix.com\/fr\/wp-json\/wp\/v2\/media\/25936"}],"wp:attachment":[{"href":"https:\/\/stone-phoenix.com\/fr\/wp-json\/wp\/v2\/media?parent=21674"}],"wp:term":[{"taxonomy":"product_cat","embeddable":true,"href":"https:\/\/stone-phoenix.com\/fr\/wp-json\/wp\/v2\/product_cat?post=21674"},{"taxonomy":"product_tag","embeddable":true,"href":"https:\/\/stone-phoenix.com\/fr\/wp-json\/wp\/v2\/product_tag?post=21674"}],"curies":[{"name":"wp","href":"https:\/\/api.w.org\/{rel}","templated":true}]}}